{"id":29,"date":"2022-06-14T08:02:43","date_gmt":"2022-06-14T08:02:43","guid":{"rendered":"https:\/\/modernteh.md\/?page_id=29"},"modified":"2025-05-14T09:10:51","modified_gmt":"2025-05-14T09:10:51","slug":"despre-noi","status":"publish","type":"page","link":"https:\/\/modernteh.md\/ru\/despre-noi\/","title":{"rendered":"\u041e \u043d\u0430\u0441"},"content":{"rendered":"<div class=\"vc_row wpb_row vc_row-fluid\"><div class=\"wpb_column vc_column_container vc_col-sm-12\"><div class=\"vc_column-inner\"><div class=\"wpb_wrapper\"><div class=\"vc_row wpb_row vc_inner vc_row-fluid\"><div class=\"wpb_column vc_column_container vc_col-sm-12\"><div class=\"vc_column-inner\"><div class=\"wpb_wrapper\">\n\t<div  class=\"wpb_single_image wpb_content_element vc_align_center\">\n\t\t\n\t\t<figure class=\"wpb_wrapper vc_figure\">\n\t\t\t<div class=\"vc_single_image-wrapper   vc_box_border_grey\"><img loading=\"lazy\" decoding=\"async\" width=\"150\" height=\"150\" src=\"https:\/\/modernteh.md\/wp-content\/uploads\/2022\/06\/Logo_site-1-150x150.png\" class=\"vc_single_image-img attachment-thumbnail\" alt=\"\" title=\"Logo_site\" srcset=\"https:\/\/modernteh.md\/wp-content\/uploads\/2022\/06\/Logo_site-1-150x150.png 150w, https:\/\/modernteh.md\/wp-content\/uploads\/2022\/06\/Logo_site-1-300x300.png 300w, https:\/\/modernteh.md\/wp-content\/uploads\/2022\/06\/Logo_site-1-100x100.png 100w\" sizes=\"auto, (max-width: 150px) 100vw, 150px\" \/><\/div>\n\t\t<\/figure>\n\t<\/div>\n<\/div><\/div><\/div><\/div><\/div><\/div><\/div><\/div><div class=\"vc_row wpb_row vc_row-fluid\"><div class=\"wpb_column vc_column_container vc_col-sm-12\"><div class=\"vc_column-inner\"><div class=\"wpb_wrapper\">\n\t<div class=\"wpb_text_column wpb_content_element text-larger\" >\n\t\t<div class=\"wpb_wrapper\">\n\t\t\t<h4 style=\"text-align: center;\">\u00a0www.modernteh.md este o platform\u0103 online specializat\u0103 \u00een v\u00e2nzarea utilajelor agricole, echipamentelor\u00a0 \u0219i pieselor de schimb<\/h4>\n<p style=\"text-align: left;\">Misiunea www.modernteh.md a fost aceea de a construi un portofoliu de branduri foarte bine cotate , pentru a configura fermierului din Republica Moldova o solu\u021bie complet\u0103 \u0219i optim\u0103, adaptat\u0103 la nevoile pe care le are.<\/p>\n<p style=\"text-align: left;\">Noi \u201cHit Service SRL \u201c suntem\u00a0 unul din principalii\u00a0 vinzatori de utilaje agricole din Republica Moldova. Suntem specializati in vanzarea\u00a0 utilajelor\u00a0 agricole cit si a pieselor de schimb. Oferim \u00a0utilaje performante si fiabile cu \u00a0cel mai bun raport pret\/calitate. Gama noastra de\u00a0 utilaje este foarte diversificata, cuprinzand:Aparate de muls,Sali de muls vaci\/capre\/oi,Garduri electrice animale,Stropitori,Atomizoare,Pompe,Motopome,Motoare,Generatoare,Compresoare,Boteze de porumb,Granulatoare Furaje,Tocatoare furaje si cereale,Motocultoare,Masine de peletat,Masini de tuns iarba,Aspiratoare,Suflate si multe echipamente pentru ferma si gradina etc.<\/p>\n<p style=\"text-align: left;\">\u041d\u0430\u0448\u0430 \u0446\u0435\u043b\u044c \u2013 \u043e\u0431\u044a\u0435\u0434\u0438\u043d\u0438\u0442\u044c \u043f\u0440\u043e\u0434\u0430\u0432\u0446\u043e\u0432 \u0438 \u043f\u043e\u043a\u0443\u043f\u0430\u0442\u0435\u043b\u0435\u0439 \u0441\u043e \u0432\u0441\u0435\u0439 \u0441\u0442\u0440\u0430\u043d\u044b \u0434\u043b\u044f \u043f\u0440\u0438\u044f\u0442\u043d\u043e\u0433\u043e, \u043f\u0440\u043e\u0434\u0443\u043a\u0442\u0438\u0432\u043d\u043e\u0433\u043e \u0438 \u0431\u0435\u0437\u043e\u043f\u0430\u0441\u043d\u043e\u0433\u043e \u0441\u043e\u0442\u0440\u0443\u0434\u043d\u0438\u0447\u0435\u0441\u0442\u0432\u0430.<\/p>\n<p style=\"text-align: left;\">\u041d\u0430\u0448\u0438 \u0446\u0435\u043d\u043d\u043e\u0441\u0442\u0438<\/p>\n<ol style=\"text-align: left;\">\n<li><strong>\u041f\u0440\u043e\u0437\u0440\u0430\u0447\u043d\u043e\u0441\u0442\u044c \u2013<\/strong>\u041c\u044b \u0432\u0441\u0435\u0433\u0434\u0430 \u0441\u043e\u0431\u043b\u044e\u0434\u0430\u0435\u043c \u043f\u0440\u0438\u043d\u0446\u0438\u043f\u044b \u043f\u0440\u043e\u0437\u0440\u0430\u0447\u043d\u043e\u0441\u0442\u0438 \u0438 \u0441\u043f\u0440\u0430\u0432\u0435\u0434\u043b\u0438\u0432\u043e\u0441\u0442\u0438 \u0432 \u0440\u0430\u0431\u043e\u0442\u0435 \u0441 \u043d\u0430\u0448\u0438\u043c\u0438 \u043a\u043b\u0438\u0435\u043d\u0442\u0430\u043c\u0438, \u043f\u0430\u0440\u0442\u043d\u0435\u0440\u0430\u043c\u0438 \u0438 \u0441\u043e\u0442\u0440\u0443\u0434\u043d\u0438\u043a\u0430\u043c\u0438. \u0420\u0435\u043f\u0443\u0442\u0430\u0446\u0438\u044f \u0432\u0430\u0436\u043d\u0435\u0435 \u0434\u0435\u043d\u0435\u0433.<\/li>\n<li><strong>\u0411\u0435\u0437\u043e\u043f\u0430\u0441\u043d\u043e\u0441\u0442\u044c - <\/strong>Investim mult timp \u0219i multe resurse pentru a garanta c\u0103 www.modernteh.md este un site sigur at\u00e2t pentru v\u00e2nz\u0103tori, c\u00e2t \u0219i pentru cump\u0103r\u0103tori.<\/li>\n<li><strong>\u041a\u0430\u0447\u0435\u0441\u0442\u0432\u043e<\/strong> \u2013 \u041c\u044b \u0443\u0434\u0435\u043b\u044f\u0435\u043c \u0431\u043e\u043b\u044c\u0448\u043e\u0435 \u0432\u043d\u0438\u043c\u0430\u043d\u0438\u0435 \u0433\u0430\u0440\u0430\u043d\u0442\u0438\u0438 \u043d\u0430 \u043d\u0430\u0448\u0443 \u043f\u0440\u043e\u0434\u0443\u043a\u0446\u0438\u044e.<\/li>\n<li><strong>\u042d\u0444\u0444\u0435\u043a\u0442\u0438\u0432\u043d\u043e\u0441\u0442\u044c \u2013 <\/strong>\u041d\u0430\u0448\u0430 \u043a\u043e\u043c\u0430\u043d\u0434\u0430 \u043a\u0430\u0436\u0434\u044b\u0439 \u0434\u0435\u043d\u044c \u0440\u0430\u0431\u043e\u0442\u0430\u0435\u0442 \u043d\u0430\u0434 \u0443\u043b\u0443\u0447\u0448\u0435\u043d\u0438\u0435\u043c \u043f\u0440\u0435\u0434\u043b\u0430\u0433\u0430\u0435\u043c\u044b\u0445 \u0443\u0441\u043b\u0443\u0433, \u0447\u0442\u043e\u0431\u044b \u043e\u0431\u0435\u0441\u043f\u0435\u0447\u0438\u0442\u044c \u043c\u0430\u043a\u0441\u0438\u043c\u0430\u043b\u044c\u043d\u043e \u043f\u0440\u043e\u0441\u0442\u0443\u044e \u0438 \u0443\u0434\u043e\u0431\u043d\u0443\u044e \u043a\u043e\u043c\u043c\u0443\u043d\u0438\u043a\u0430\u0446\u0438\u044e \u043c\u0435\u0436\u0434\u0443 \u043f\u0440\u043e\u0434\u0430\u0432\u0446\u043e\u043c \u0438 \u043f\u043e\u043a\u0443\u043f\u0430\u0442\u0435\u043b\u0435\u043c.<\/li>\n<\/ol>\n\n\t\t<\/div>\n\t<\/div>\n<\/div><\/div><\/div><\/div>","protected":false},"excerpt":{"rendered":"\u00a0www.modernteh.md este o platform\u0103 online specializat\u0103 \u00een v\u00e2nzarea utilajelor agricole, echipamentelor\u00a0 \u0219i pieselor de schimb Misiunea www.modernteh.md a fost aceea","protected":false},"author":1,"featured_media":0,"parent":0,"menu_order":0,"comment_status":"closed","ping_status":"closed","template":"","meta":{"footnotes":""},"class_list":["post-29","page","type-page","status-publish","hentry"],"yoast_head":"<!-- This site is optimized with the Yoast SEO plugin v20.12 - https:\/\/yoast.com\/wordpress\/plugins\/seo\/ -->\n<title>Despre noi - Modernteh<\/title>\n<meta name=\"robots\" content=\"index, follow, max-snippet:-1, max-image-preview:large, max-video-preview:-1\" \/>\n<link rel=\"canonical\" href=\"https:\/\/modernteh.md\/ru\/despre-noi\/\" \/>\n<meta property=\"og:locale\" content=\"ru_RU\" \/>\n<meta property=\"og:type\" content=\"article\" \/>\n<meta property=\"og:title\" content=\"Despre noi - Modernteh\" \/>\n<meta property=\"og:url\" content=\"https:\/\/modernteh.md\/ru\/despre-noi\/\" \/>\n<meta property=\"og:site_name\" content=\"Modernteh\" \/>\n<meta property=\"article:publisher\" content=\"https:\/\/www.facebook.com\/profile.php?id=100082695620019\" \/>\n<meta property=\"article:modified_time\" content=\"2025-05-14T09:10:51+00:00\" \/>\n<meta name=\"twitter:card\" content=\"summary_large_image\" \/>\n<meta name=\"twitter:label1\" content=\"\u041f\u0440\u0438\u043c\u0435\u0440\u043d\u043e\u0435 \u0432\u0440\u0435\u043c\u044f \u0434\u043b\u044f \u0447\u0442\u0435\u043d\u0438\u044f\" \/>\n\t<meta name=\"twitter:data1\" content=\"2 \u043c\u0438\u043d\u0443\u0442\u044b\" \/>\n<script type=\"application\/ld+json\" class=\"yoast-schema-graph\">{\"@context\":\"https:\/\/schema.org\",\"@graph\":[{\"@type\":\"WebPage\",\"@id\":\"https:\/\/modernteh.md\/despre-noi\/\",\"url\":\"https:\/\/modernteh.md\/despre-noi\/\",\"name\":\"Despre noi - Modernteh\",\"isPartOf\":{\"@id\":\"https:\/\/modernteh.md\/#website\"},\"datePublished\":\"2022-06-14T08:02:43+00:00\",\"dateModified\":\"2025-05-14T09:10:51+00:00\",\"breadcrumb\":{\"@id\":\"https:\/\/modernteh.md\/despre-noi\/#breadcrumb\"},\"inLanguage\":\"ru-RU\",\"potentialAction\":[{\"@type\":\"ReadAction\",\"target\":[\"https:\/\/modernteh.md\/despre-noi\/\"]}]},{\"@type\":\"BreadcrumbList\",\"@id\":\"https:\/\/modernteh.md\/despre-noi\/#breadcrumb\",\"itemListElement\":[{\"@type\":\"ListItem\",\"position\":1,\"name\":\"Prima pagin\u0103\",\"item\":\"https:\/\/modernteh.md\/\"},{\"@type\":\"ListItem\",\"position\":2,\"name\":\"Despre noi\"}]},{\"@type\":\"WebSite\",\"@id\":\"https:\/\/modernteh.md\/#website\",\"url\":\"https:\/\/modernteh.md\/\",\"name\":\"Modernteh\",\"description\":\"Modernteh\",\"publisher\":{\"@id\":\"https:\/\/modernteh.md\/#organization\"},\"potentialAction\":[{\"@type\":\"SearchAction\",\"target\":{\"@type\":\"EntryPoint\",\"urlTemplate\":\"https:\/\/modernteh.md\/?s={search_term_string}\"},\"query-input\":\"required name=search_term_string\"}],\"inLanguage\":\"ru-RU\"},{\"@type\":\"Organization\",\"@id\":\"https:\/\/modernteh.md\/#organization\",\"name\":\"Modernteh\",\"url\":\"https:\/\/modernteh.md\/\",\"logo\":{\"@type\":\"ImageObject\",\"inLanguage\":\"ru-RU\",\"@id\":\"https:\/\/modernteh.md\/#\/schema\/logo\/image\/\",\"url\":\"https:\/\/modernteh.md\/wp-content\/uploads\/2022\/06\/Logo_site-2.png\",\"contentUrl\":\"https:\/\/modernteh.md\/wp-content\/uploads\/2022\/06\/Logo_site-2.png\",\"width\":500,\"height\":487,\"caption\":\"Modernteh\"},\"image\":{\"@id\":\"https:\/\/modernteh.md\/#\/schema\/logo\/image\/\"},\"sameAs\":[\"https:\/\/www.facebook.com\/profile.php?id=100082695620019\"]}]}<\/script>\n<!-- \/ Yoast SEO plugin. -->","yoast_head_json":{"title":"Despre noi - Modernteh","robots":{"index":"index","follow":"follow","max-snippet":"max-snippet:-1","max-image-preview":"max-image-preview:large","max-video-preview":"max-video-preview:-1"},"canonical":"https:\/\/modernteh.md\/ru\/despre-noi\/","og_locale":"ru_RU","og_type":"article","og_title":"Despre noi - Modernteh","og_url":"https:\/\/modernteh.md\/ru\/despre-noi\/","og_site_name":"Modernteh","article_publisher":"https:\/\/www.facebook.com\/profile.php?id=100082695620019","article_modified_time":"2025-05-14T09:10:51+00:00","twitter_card":"summary_large_image","twitter_misc":{"\u041f\u0440\u0438\u043c\u0435\u0440\u043d\u043e\u0435 \u0432\u0440\u0435\u043c\u044f \u0434\u043b\u044f \u0447\u0442\u0435\u043d\u0438\u044f":"2 \u043c\u0438\u043d\u0443\u0442\u044b"},"schema":{"@context":"https:\/\/schema.org","@graph":[{"@type":"WebPage","@id":"https:\/\/modernteh.md\/despre-noi\/","url":"https:\/\/modernteh.md\/despre-noi\/","name":"Despre noi - Modernteh","isPartOf":{"@id":"https:\/\/modernteh.md\/#website"},"datePublished":"2022-06-14T08:02:43+00:00","dateModified":"2025-05-14T09:10:51+00:00","breadcrumb":{"@id":"https:\/\/modernteh.md\/despre-noi\/#breadcrumb"},"inLanguage":"ru-RU","potentialAction":[{"@type":"ReadAction","target":["https:\/\/modernteh.md\/despre-noi\/"]}]},{"@type":"BreadcrumbList","@id":"https:\/\/modernteh.md\/despre-noi\/#breadcrumb","itemListElement":[{"@type":"ListItem","position":1,"name":"Prima pagin\u0103","item":"https:\/\/modernteh.md\/"},{"@type":"ListItem","position":2,"name":"Despre noi"}]},{"@type":"WebSite","@id":"https:\/\/modernteh.md\/#website","url":"https:\/\/modernteh.md\/","name":"Modernteh","description":"Modernteh","publisher":{"@id":"https:\/\/modernteh.md\/#organization"},"potentialAction":[{"@type":"SearchAction","target":{"@type":"EntryPoint","urlTemplate":"https:\/\/modernteh.md\/?s={search_term_string}"},"query-input":"required name=search_term_string"}],"inLanguage":"ru-RU"},{"@type":"Organization","@id":"https:\/\/modernteh.md\/#organization","name":"Modernteh","url":"https:\/\/modernteh.md\/","logo":{"@type":"ImageObject","inLanguage":"ru-RU","@id":"https:\/\/modernteh.md\/#\/schema\/logo\/image\/","url":"https:\/\/modernteh.md\/wp-content\/uploads\/2022\/06\/Logo_site-2.png","contentUrl":"https:\/\/modernteh.md\/wp-content\/uploads\/2022\/06\/Logo_site-2.png","width":500,"height":487,"caption":"Modernteh"},"image":{"@id":"https:\/\/modernteh.md\/#\/schema\/logo\/image\/"},"sameAs":["https:\/\/www.facebook.com\/profile.php?id=100082695620019"]}]}},"_links":{"self":[{"href":"https:\/\/modernteh.md\/ru\/wp-json\/wp\/v2\/pages\/29","targetHints":{"allow":["GET"]}}],"collection":[{"href":"https:\/\/modernteh.md\/ru\/wp-json\/wp\/v2\/pages"}],"about":[{"href":"https:\/\/modernteh.md\/ru\/wp-json\/wp\/v2\/types\/page"}],"author":[{"embeddable":true,"href":"https:\/\/modernteh.md\/ru\/wp-json\/wp\/v2\/users\/1"}],"replies":[{"embeddable":true,"href":"https:\/\/modernteh.md\/ru\/wp-json\/wp\/v2\/comments?post=29"}],"version-history":[{"count":1,"href":"https:\/\/modernteh.md\/ru\/wp-json\/wp\/v2\/pages\/29\/revisions"}],"predecessor-version":[{"id":4412,"href":"https:\/\/modernteh.md\/ru\/wp-json\/wp\/v2\/pages\/29\/revisions\/4412"}],"wp:attachment":[{"href":"https:\/\/modernteh.md\/ru\/wp-json\/wp\/v2\/media?parent=29"}],"curies":[{"name":"wp","href":"https:\/\/api.w.org\/{rel}","templated":true}]}}