{"id":930,"date":"2022-06-23T07:24:48","date_gmt":"2022-06-23T07:24:48","guid":{"rendered":"https:\/\/modernteh.md\/?page_id=930"},"modified":"2022-06-23T08:44:46","modified_gmt":"2022-06-23T08:44:46","slug":"echipament-garduri-electrice","status":"publish","type":"page","link":"https:\/\/modernteh.md\/ru\/echipament-garduri-electrice\/","title":{"rendered":"\u041e\u0431\u043e\u0440\u0443\u0434\u043e\u0432\u0430\u043d\u0438\u0435 \u0434\u043b\u044f \u044d\u043b\u0435\u043a\u0442\u0440\u043e\u0438\u0437\u0433\u043e\u0440\u043e\u0434\u0438"},"content":{"rendered":"<div class=\"vc_row wpb_row vc_row-fluid\"><div class=\"wpb_column vc_column_container vc_col-sm-12\"><div class=\"vc_column-inner\"><div class=\"wpb_wrapper\"><div class=\"products woocommerce row categories-style-default  woodmart-spacing-30 columns-4\"><div class=\"col-md-3 col-sm-4 col-6 first  category-grid-item cat-design-default categories-with-shadow without-product-count product-category product first\" data-loop=\"1\">\n\t<div class=\"wrapp-category\">\n\t\t<div class=\"category-image-wrapp\">\n\t\t\t<a href=\"https:\/\/modernteh.md\/ru\/product-category\/gard-electric-animale\/echipament-gard-electric-animale\/sisteme-fotovoltaice\/\" class=\"category-image\">\n\t\t\t\t\n\t\t\t\t<img decoding=\"async\" src=\"https:\/\/modernteh.md\/wp-content\/uploads\/2022\/06\/1-10-300x300.jpg\" alt=\"Sisteme fotovoltaice\" width=\"300\"  \/>\t\t\t<\/a>\n\t\t<\/div>\n\t\t<div class=\"hover-mask\">\n\t\t\t<h3 class=\"category-title\">\n\t\t\t\t\u0423\u0441\u0442\u0440\u043e\u0439\u0441\u0442\u0432\u043e \u044d\u043b\u0435\u043a\u0442\u0440\u0438\u0447\u0435\u0441\u043a\u043e\u0433\u043e \u0437\u0430\u0431\u043e\u0440\u0430 \u0441 \u0441\u043e\u043b\u043d\u0435\u0447\u043d\u043e\u0439 \u0441\u0438\u0441\u0442\u0435\u043c\u043e\u0439 <mark class=\"count\">(6)<\/mark>\t\t\t<\/h3>\n\n\t\t\t\n\t\t\t\t\t<\/div>\n\t\t<a href=\"https:\/\/modernteh.md\/ru\/product-category\/gard-electric-animale\/echipament-gard-electric-animale\/sisteme-fotovoltaice\/\" class=\"category-link\"><\/a>\n\t\t\t<\/div>\n<\/div><div class=\"col-md-3 col-sm-4 col-6 category-grid-item cat-design-default categories-with-shadow without-product-count product-category product\" data-loop=\"2\">\n\t<div class=\"wrapp-category\">\n\t\t<div class=\"category-image-wrapp\">\n\t\t\t<a href=\"https:\/\/modernteh.md\/ru\/product-category\/gard-electric-animale\/echipament-gard-electric-animale\/maner-poarta\/\" class=\"category-image\">\n\t\t\t\t\n\t\t\t\t<img decoding=\"async\" src=\"https:\/\/modernteh.md\/wp-content\/uploads\/2022\/06\/3-7-300x300.jpg\" alt=\"M\u00e2ner poart\u0103\" width=\"300\"  \/>\t\t\t<\/a>\n\t\t<\/div>\n\t\t<div class=\"hover-mask\">\n\t\t\t<h3 class=\"category-title\">\n\t\t\t\t\u0414\u0432\u0435\u0440\u043d\u0430\u044f \u0440\u0443\u0447\u043a\u0430 <mark class=\"count\">(7)<\/mark>\t\t\t<\/h3>\n\n\t\t\t\n\t\t\t\t\t<\/div>\n\t\t<a href=\"https:\/\/modernteh.md\/ru\/product-category\/gard-electric-animale\/echipament-gard-electric-animale\/maner-poarta\/\" class=\"category-link\"><\/a>\n\t\t\t<\/div>\n<\/div><div class=\"col-md-3 col-sm-4 col-6 category-grid-item cat-design-default categories-with-shadow without-product-count product-category product\" data-loop=\"3\">\n\t<div class=\"wrapp-category\">\n\t\t<div class=\"category-image-wrapp\">\n\t\t\t<a href=\"https:\/\/modernteh.md\/ru\/product-category\/gard-electric-animale\/echipament-gard-electric-animale\/izolatori\/\" class=\"category-image\">\n\t\t\t\t\n\t\t\t\t<img decoding=\"async\" src=\"https:\/\/modernteh.md\/wp-content\/uploads\/2022\/06\/4-6-300x300.jpg\" alt=\"Izolatori\" width=\"300\"  \/>\t\t\t<\/a>\n\t\t<\/div>\n\t\t<div class=\"hover-mask\">\n\t\t\t<h3 class=\"category-title\">\n\t\t\t\t\u0418\u0437\u043e\u043b\u044f\u0442\u043e\u0440\u044b <mark class=\"count\">(27)<\/mark>\t\t\t<\/h3>\n\n\t\t\t\n\t\t\t\t\t<\/div>\n\t\t<a href=\"https:\/\/modernteh.md\/ru\/product-category\/gard-electric-animale\/echipament-gard-electric-animale\/izolatori\/\" class=\"category-link\"><\/a>\n\t\t\t<\/div>\n<\/div><div class=\"col-md-3 col-sm-4 col-6 last  category-grid-item cat-design-default categories-with-shadow without-product-count product-category product last\" data-loop=\"4\">\n\t<div class=\"wrapp-category\">\n\t\t<div class=\"category-image-wrapp\">\n\t\t\t<a href=\"https:\/\/modernteh.md\/ru\/product-category\/gard-electric-animale\/echipament-gard-electric-animale\/generatoare-de-impulsuri\/\" class=\"category-image\">\n\t\t\t\t\n\t\t\t\t<img decoding=\"async\" src=\"https:\/\/modernteh.md\/wp-content\/uploads\/2022\/06\/5-6-300x300.jpg\" alt=\"Generatoare de impulsuri\" width=\"300\"  \/>\t\t\t<\/a>\n\t\t<\/div>\n\t\t<div class=\"hover-mask\">\n\t\t\t<h3 class=\"category-title\">\n\t\t\t\t\u0413\u0435\u043d\u0435\u0440\u0430\u0442\u043e\u0440\u044b \u0438\u043c\u043f\u0443\u043b\u044c\u0441\u043e\u0432 <mark class=\"count\">(9)<\/mark>\t\t\t<\/h3>\n\n\t\t\t\n\t\t\t\t\t<\/div>\n\t\t<a href=\"https:\/\/modernteh.md\/ru\/product-category\/gard-electric-animale\/echipament-gard-electric-animale\/generatoare-de-impulsuri\/\" class=\"category-link\"><\/a>\n\t\t\t<\/div>\n<\/div><div class=\"col-md-3 col-sm-4 col-6 first  category-grid-item cat-design-default categories-with-shadow without-product-count product-category product first\" data-loop=\"5\">\n\t<div class=\"wrapp-category\">\n\t\t<div class=\"category-image-wrapp\">\n\t\t\t<a href=\"https:\/\/modernteh.md\/ru\/product-category\/gard-electric-animale\/echipament-gard-electric-animale\/franghie-gard-electric\/\" class=\"category-image\">\n\t\t\t\t\n\t\t\t\t<img decoding=\"async\" src=\"https:\/\/modernteh.md\/wp-content\/uploads\/2022\/06\/6-4-300x300.jpg\" alt=\"Fr\u00e2nghie gard electric\" width=\"300\"  \/>\t\t\t<\/a>\n\t\t<\/div>\n\t\t<div class=\"hover-mask\">\n\t\t\t<h3 class=\"category-title\">\n\t\t\t\t\u0412\u0435\u0440\u0435\u0432\u043a\u0430 \u0434\u043b\u044f \u044d\u043b\u0435\u043a\u0442\u0440\u0438\u0447\u0435\u0441\u043a\u043e\u0433\u043e \u0437\u0430\u0431\u043e\u0440\u0430 <mark class=\"count\">(4)<\/mark>\t\t\t<\/h3>\n\n\t\t\t\n\t\t\t\t\t<\/div>\n\t\t<a href=\"https:\/\/modernteh.md\/ru\/product-category\/gard-electric-animale\/echipament-gard-electric-animale\/franghie-gard-electric\/\" class=\"category-link\"><\/a>\n\t\t\t<\/div>\n<\/div><div class=\"col-md-3 col-sm-4 col-6 category-grid-item cat-design-default categories-with-shadow without-product-count product-category product\" data-loop=\"6\">\n\t<div class=\"wrapp-category\">\n\t\t<div class=\"category-image-wrapp\">\n\t\t\t<a href=\"https:\/\/modernteh.md\/ru\/product-category\/gard-electric-animale\/echipament-gard-electric-animale\/fir-gard\/\" class=\"category-image\">\n\t\t\t\t\n\t\t\t\t<img decoding=\"async\" src=\"https:\/\/modernteh.md\/wp-content\/uploads\/2022\/06\/7-6-300x300.jpg\" alt=\"Fir gard\" width=\"300\"  \/>\t\t\t<\/a>\n\t\t<\/div>\n\t\t<div class=\"hover-mask\">\n\t\t\t<h3 class=\"category-title\">\n\t\t\t\t\u041f\u0440\u043e\u0432\u043e\u043b\u043e\u043a\u0430 \u0434\u043b\u044f \u0437\u0430\u0431\u043e\u0440\u0430 <mark class=\"count\">(19)<\/mark>\t\t\t<\/h3>\n\n\t\t\t\n\t\t\t\t\t<\/div>\n\t\t<a href=\"https:\/\/modernteh.md\/ru\/product-category\/gard-electric-animale\/echipament-gard-electric-animale\/fir-gard\/\" class=\"category-link\"><\/a>\n\t\t\t<\/div>\n<\/div><div class=\"col-md-3 col-sm-4 col-6 category-grid-item cat-design-default categories-with-shadow without-product-count product-category product\" data-loop=\"7\">\n\t<div class=\"wrapp-category\">\n\t\t<div class=\"category-image-wrapp\">\n\t\t\t<a href=\"https:\/\/modernteh.md\/ru\/product-category\/gard-electric-animale\/echipament-gard-electric-animale\/conectori\/\" class=\"category-image\">\n\t\t\t\t\n\t\t\t\t<img decoding=\"async\" src=\"https:\/\/modernteh.md\/wp-content\/uploads\/2022\/06\/8new-300x300.jpg\" alt=\"Conectori\" width=\"300\"  \/>\t\t\t<\/a>\n\t\t<\/div>\n\t\t<div class=\"hover-mask\">\n\t\t\t<h3 class=\"category-title\">\n\t\t\t\t\u0421\u043e\u0435\u0434\u0438\u043d\u0438\u0442\u0435\u043b\u0438 <mark class=\"count\">(9)<\/mark>\t\t\t<\/h3>\n\n\t\t\t\n\t\t\t\t\t<\/div>\n\t\t<a href=\"https:\/\/modernteh.md\/ru\/product-category\/gard-electric-animale\/echipament-gard-electric-animale\/conectori\/\" class=\"category-link\"><\/a>\n\t\t\t<\/div>\n<\/div><div class=\"col-md-3 col-sm-4 col-6 last  category-grid-item cat-design-default categories-with-shadow without-product-count product-category product last\" data-loop=\"8\">\n\t<div class=\"wrapp-category\">\n\t\t<div class=\"category-image-wrapp\">\n\t\t\t<a href=\"https:\/\/modernteh.md\/ru\/product-category\/gard-electric-animale\/echipament-gard-electric-animale\/banda-gard\/\" class=\"category-image\">\n\t\t\t\t\n\t\t\t\t<img decoding=\"async\" src=\"https:\/\/modernteh.md\/wp-content\/uploads\/2022\/06\/9-3-300x300.jpg\" alt=\"Band\u0103 gard\" width=\"300\"  \/>\t\t\t<\/a>\n\t\t<\/div>\n\t\t<div class=\"hover-mask\">\n\t\t\t<h3 class=\"category-title\">\n\t\t\t\tBand\u0103 gard <mark class=\"count\">(10)<\/mark>\t\t\t<\/h3>\n\n\t\t\t\n\t\t\t\t\t<\/div>\n\t\t<a href=\"https:\/\/modernteh.md\/ru\/product-category\/gard-electric-animale\/echipament-gard-electric-animale\/banda-gard\/\" class=\"category-link\"><\/a>\n\t\t\t<\/div>\n<\/div><div class=\"col-md-3 col-sm-4 col-6 first  category-grid-item cat-design-default categories-with-shadow without-product-count product-category product first\" data-loop=\"9\">\n\t<div class=\"wrapp-category\">\n\t\t<div class=\"category-image-wrapp\">\n\t\t\t<a href=\"https:\/\/modernteh.md\/ru\/product-category\/gard-electric-animale\/echipament-gard-electric-animale\/accesorii-gard-electric\/\" class=\"category-image\">\n\t\t\t\t\n\t\t\t\t<img decoding=\"async\" src=\"https:\/\/modernteh.md\/wp-content\/uploads\/2022\/06\/2-8-300x300.jpg\" alt=\"Accesorii gard electric\" width=\"300\"  \/>\t\t\t<\/a>\n\t\t<\/div>\n\t\t<div class=\"hover-mask\">\n\t\t\t<h3 class=\"category-title\">\n\t\t\t\tAccesorii gard electric <mark class=\"count\">(9)<\/mark>\t\t\t<\/h3>\n\n\t\t\t\n\t\t\t\t\t<\/div>\n\t\t<a href=\"https:\/\/modernteh.md\/ru\/product-category\/gard-electric-animale\/echipament-gard-electric-animale\/accesorii-gard-electric\/\" class=\"category-link\"><\/a>\n\t\t\t<\/div>\n<\/div><\/div><\/div><\/div><\/div><\/div>","protected":false},"excerpt":{"rendered":"Sisteme fotovoltaice (6) M\u00e2ner poart\u0103 (7) Izolatori (27) Generatoare de impulsuri (9) Fr\u00e2nghie gard electric (4) Fir gard (19) Conectori","protected":false},"author":1,"featured_media":0,"parent":0,"menu_order":0,"comment_status":"closed","ping_status":"closed","template":"","meta":{"footnotes":""},"class_list":["post-930","page","type-page","status-publish","hentry"],"yoast_head":"<!-- This site is optimized with the Yoast SEO plugin v20.12 - https:\/\/yoast.com\/wordpress\/plugins\/seo\/ -->\n<title>Echipament garduri electrice - Modernteh<\/title>\n<meta name=\"robots\" content=\"index, follow, max-snippet:-1, max-image-preview:large, max-video-preview:-1\" \/>\n<link rel=\"canonical\" href=\"https:\/\/modernteh.md\/ru\/echipament-garduri-electrice\/\" \/>\n<meta property=\"og:locale\" content=\"ru_RU\" \/>\n<meta property=\"og:type\" content=\"article\" \/>\n<meta property=\"og:title\" content=\"Echipament garduri electrice - Modernteh\" \/>\n<meta property=\"og:url\" content=\"https:\/\/modernteh.md\/ru\/echipament-garduri-electrice\/\" \/>\n<meta property=\"og:site_name\" content=\"Modernteh\" \/>\n<meta property=\"article:publisher\" content=\"https:\/\/www.facebook.com\/profile.php?id=100082695620019\" \/>\n<meta property=\"article:modified_time\" content=\"2022-06-23T08:44:46+00:00\" \/>\n<meta name=\"twitter:card\" content=\"summary_large_image\" \/>\n<script type=\"application\/ld+json\" class=\"yoast-schema-graph\">{\"@context\":\"https:\/\/schema.org\",\"@graph\":[{\"@type\":\"WebPage\",\"@id\":\"https:\/\/modernteh.md\/echipament-garduri-electrice\/\",\"url\":\"https:\/\/modernteh.md\/echipament-garduri-electrice\/\",\"name\":\"Echipament garduri electrice - Modernteh\",\"isPartOf\":{\"@id\":\"https:\/\/modernteh.md\/#website\"},\"datePublished\":\"2022-06-23T07:24:48+00:00\",\"dateModified\":\"2022-06-23T08:44:46+00:00\",\"breadcrumb\":{\"@id\":\"https:\/\/modernteh.md\/echipament-garduri-electrice\/#breadcrumb\"},\"inLanguage\":\"ru-RU\",\"potentialAction\":[{\"@type\":\"ReadAction\",\"target\":[\"https:\/\/modernteh.md\/echipament-garduri-electrice\/\"]}]},{\"@type\":\"BreadcrumbList\",\"@id\":\"https:\/\/modernteh.md\/echipament-garduri-electrice\/#breadcrumb\",\"itemListElement\":[{\"@type\":\"ListItem\",\"position\":1,\"name\":\"Prima pagin\u0103\",\"item\":\"https:\/\/modernteh.md\/\"},{\"@type\":\"ListItem\",\"position\":2,\"name\":\"Echipament garduri electrice\"}]},{\"@type\":\"WebSite\",\"@id\":\"https:\/\/modernteh.md\/#website\",\"url\":\"https:\/\/modernteh.md\/\",\"name\":\"Modernteh\",\"description\":\"Modernteh\",\"publisher\":{\"@id\":\"https:\/\/modernteh.md\/#organization\"},\"potentialAction\":[{\"@type\":\"SearchAction\",\"target\":{\"@type\":\"EntryPoint\",\"urlTemplate\":\"https:\/\/modernteh.md\/?s={search_term_string}\"},\"query-input\":\"required name=search_term_string\"}],\"inLanguage\":\"ru-RU\"},{\"@type\":\"Organization\",\"@id\":\"https:\/\/modernteh.md\/#organization\",\"name\":\"Modernteh\",\"url\":\"https:\/\/modernteh.md\/\",\"logo\":{\"@type\":\"ImageObject\",\"inLanguage\":\"ru-RU\",\"@id\":\"https:\/\/modernteh.md\/#\/schema\/logo\/image\/\",\"url\":\"https:\/\/modernteh.md\/wp-content\/uploads\/2022\/06\/Logo_site-2.png\",\"contentUrl\":\"https:\/\/modernteh.md\/wp-content\/uploads\/2022\/06\/Logo_site-2.png\",\"width\":500,\"height\":487,\"caption\":\"Modernteh\"},\"image\":{\"@id\":\"https:\/\/modernteh.md\/#\/schema\/logo\/image\/\"},\"sameAs\":[\"https:\/\/www.facebook.com\/profile.php?id=100082695620019\"]}]}<\/script>\n<!-- \/ Yoast SEO plugin. -->","yoast_head_json":{"title":"Echipament garduri electrice - Modernteh","robots":{"index":"index","follow":"follow","max-snippet":"max-snippet:-1","max-image-preview":"max-image-preview:large","max-video-preview":"max-video-preview:-1"},"canonical":"https:\/\/modernteh.md\/ru\/echipament-garduri-electrice\/","og_locale":"ru_RU","og_type":"article","og_title":"Echipament garduri electrice - Modernteh","og_url":"https:\/\/modernteh.md\/ru\/echipament-garduri-electrice\/","og_site_name":"Modernteh","article_publisher":"https:\/\/www.facebook.com\/profile.php?id=100082695620019","article_modified_time":"2022-06-23T08:44:46+00:00","twitter_card":"summary_large_image","schema":{"@context":"https:\/\/schema.org","@graph":[{"@type":"WebPage","@id":"https:\/\/modernteh.md\/echipament-garduri-electrice\/","url":"https:\/\/modernteh.md\/echipament-garduri-electrice\/","name":"Echipament garduri electrice - Modernteh","isPartOf":{"@id":"https:\/\/modernteh.md\/#website"},"datePublished":"2022-06-23T07:24:48+00:00","dateModified":"2022-06-23T08:44:46+00:00","breadcrumb":{"@id":"https:\/\/modernteh.md\/echipament-garduri-electrice\/#breadcrumb"},"inLanguage":"ru-RU","potentialAction":[{"@type":"ReadAction","target":["https:\/\/modernteh.md\/echipament-garduri-electrice\/"]}]},{"@type":"BreadcrumbList","@id":"https:\/\/modernteh.md\/echipament-garduri-electrice\/#breadcrumb","itemListElement":[{"@type":"ListItem","position":1,"name":"Prima pagin\u0103","item":"https:\/\/modernteh.md\/"},{"@type":"ListItem","position":2,"name":"Echipament garduri electrice"}]},{"@type":"WebSite","@id":"https:\/\/modernteh.md\/#website","url":"https:\/\/modernteh.md\/","name":"Modernteh","description":"Modernteh","publisher":{"@id":"https:\/\/modernteh.md\/#organization"},"potentialAction":[{"@type":"SearchAction","target":{"@type":"EntryPoint","urlTemplate":"https:\/\/modernteh.md\/?s={search_term_string}"},"query-input":"required name=search_term_string"}],"inLanguage":"ru-RU"},{"@type":"Organization","@id":"https:\/\/modernteh.md\/#organization","name":"Modernteh","url":"https:\/\/modernteh.md\/","logo":{"@type":"ImageObject","inLanguage":"ru-RU","@id":"https:\/\/modernteh.md\/#\/schema\/logo\/image\/","url":"https:\/\/modernteh.md\/wp-content\/uploads\/2022\/06\/Logo_site-2.png","contentUrl":"https:\/\/modernteh.md\/wp-content\/uploads\/2022\/06\/Logo_site-2.png","width":500,"height":487,"caption":"Modernteh"},"image":{"@id":"https:\/\/modernteh.md\/#\/schema\/logo\/image\/"},"sameAs":["https:\/\/www.facebook.com\/profile.php?id=100082695620019"]}]}},"_links":{"self":[{"href":"https:\/\/modernteh.md\/ru\/wp-json\/wp\/v2\/pages\/930","targetHints":{"allow":["GET"]}}],"collection":[{"href":"https:\/\/modernteh.md\/ru\/wp-json\/wp\/v2\/pages"}],"about":[{"href":"https:\/\/modernteh.md\/ru\/wp-json\/wp\/v2\/types\/page"}],"author":[{"embeddable":true,"href":"https:\/\/modernteh.md\/ru\/wp-json\/wp\/v2\/users\/1"}],"replies":[{"embeddable":true,"href":"https:\/\/modernteh.md\/ru\/wp-json\/wp\/v2\/comments?post=930"}],"version-history":[{"count":0,"href":"https:\/\/modernteh.md\/ru\/wp-json\/wp\/v2\/pages\/930\/revisions"}],"wp:attachment":[{"href":"https:\/\/modernteh.md\/ru\/wp-json\/wp\/v2\/media?parent=930"}],"curies":[{"name":"wp","href":"https:\/\/api.w.org\/{rel}","templated":true}]}}