{"id":1002,"date":"2022-06-23T11:19:47","date_gmt":"2022-06-23T11:19:47","guid":{"rendered":"https:\/\/modernteh.md\/?post_type=product&#038;p=1002"},"modified":"2023-09-06T09:32:18","modified_gmt":"2023-09-06T09:32:18","slug":"franghie-gard-electric-200-m-590-kg-04-%cf%89-m","status":"publish","type":"product","link":"https:\/\/modernteh.md\/ru\/catalog\/franghie-gard-electric-200-m-590-kg-04-%cf%89-m\/","title":{"rendered":"\u041a\u0430\u043d\u0430\u0442 \u044d\u043b\u0435\u043a\u0442\u0440\u0438\u0447\u0435\u0441\u043a\u043e\u0433\u043e \u0437\u0430\u0431\u043e\u0440\u0430 \u2013 200 \u043c \u2013 590 \u043a\u0433 \u2013 0,4 \u041e\u043c\/\u043c"},"content":{"rendered":"<h2>\u041e\u043f\u0438\u0441\u0430\u043d\u0438\u0435<\/h2>\n<h2>\u0414\u0435\u0442\u0430\u043b\u0438<\/h2>\n<div class=\"pp-content\">\n<p>Fr\u00e2nghia este potrivit\u0103 pentru \u00eemprejmuiri mici \u0219i medii, de asemenea pentru animale domestice sau s\u0103lbatice.<\/p>\n<p>Materialul principal al fr\u00e2nghiei este plastic care asigur\u0103 o rezisten\u021b\u0103 ridicat\u0103 la rupere, de asemenea con\u021bine fire metalice galvanizate. Caracteristic\u0103 important\u0103 a fr\u00e2nghiei este elasticitatea, astfel nu se rupe u\u0219or dac\u0103 un animal atinge cu for\u021b\u0103. Fr\u00e2nghia este rezistent\u0103 la radia\u021bii UV, se poate folosi mai mul\u021bi ani consecutiv. Culoarea sa asigur\u0103 doar o vizibilitate bun\u0103.<\/p>\n<p>Fr\u00e2nghia este potrivit\u0103 at\u00e2t pentru garduri permanente c\u00e2t \u0219i pentru cele temporare.<\/p>\n<p>La alegerea fr\u00e2nghiei pentru gard electric trebuie \u021binut cont de urm\u0103toarele parametrii:<\/p>\n<ol>\n<li><em>Rezisten\u021b\u0103 la rupere<\/em>\u00a0\u2013 este exprimat \u00een kg, reprezint\u0103 for\u021ba maxim\u0103 de tensionare a fr\u00e2nghiei. Pentru animale domestice este suficient\u0103 valoarea de 80\u00a0kg, pentru animale s\u0103lbatice este indicat alegerea unei fr\u00e2nghii mai puternice.<\/li>\n<li><em>Rezisten\u021b\u0103 electric\u0103<\/em>\u00a0\u2013 este exprimat \u00een \u03a9\/m. Cu c\u00e2t este mai mare rezisten\u021ba cu at\u00e2t este mai mare pierderea tensiunii pe fr\u00e2nghie. Cap\u0103tul unui gard construit cu o fr\u00e2nghie cu rezisten\u021b\u0103 ridicat\u0103 va avea o tensiune at\u00e2t de mic\u0103 \u00eenc\u00e2t nu va func\u021biona adecvat. De exemplu o fr\u00e2nghie de 0,4\u00a0\u03a9\/m poate fi folosit la un gard av\u00e2nd lungimea maxim\u0103 de 13.000\u00a0m, iar \u00een fr\u00e2nghie de 7\u00a0\u03a9\/m poate fi folosit numai p\u00e2n\u0103 la 250\u00a0m.<\/li>\n<\/ol>\n<h3>\u0425\u0430\u0440\u0430\u043a\u0442\u0435\u0440\u0438\u0441\u0442\u0438\u043a\u0438<\/h3>\n<table class=\"table table-condensed table-striped\" style=\"height: 205px;\" width=\"627\">\n<tbody>\n<tr>\n<td>Lungime max. \u00eemprejmuire<\/td>\n<td>10000 m<\/td>\n<\/tr>\n<tr>\n<td>Lungime<\/td>\n<td>200 m<\/td>\n<\/tr>\n<tr>\n<td>Rezisten\u021b\u0103 la rupere<\/td>\n<td>590 kg<\/td>\n<\/tr>\n<tr>\n<td>Rezisten\u021b\u0103 electric\u0103<\/td>\n<td>0,4 \u03a9\/m<\/td>\n<\/tr>\n<tr>\n<td>Diametru<\/td>\n<td>6 mm<\/td>\n<\/tr>\n<tr>\n<td>Inser\u021bii metalice<\/td>\n<td>5 \u00d7 0,2\u00a0mm inox<br \/>\n1 \u00d7 0,25\u00a0mm cupru<\/td>\n<\/tr>\n<\/tbody>\n<\/table>\n<\/div>","protected":false},"excerpt":{"rendered":"<p>Descriere Detalii Fr\u00e2nghia este potrivit\u0103 pentru \u00eemprejmuiri mici \u0219i medii, de asemenea pentru animale domestice sau s\u0103lbatice. Materialul principal al<\/p>","protected":false},"featured_media":1003,"template":"","meta":[],"product_cat":[164],"product_tag":[],"class_list":{"0":"post-1002","1":"product","2":"type-product","3":"status-publish","4":"has-post-thumbnail","6":"product_cat-franghie-gard-electric","8":"first","9":"instock","10":"shipping-taxable","11":"purchasable","12":"product-type-simple"},"yoast_head":"<!-- This site is optimized with the Yoast SEO plugin v20.12 - https:\/\/yoast.com\/wordpress\/plugins\/seo\/ -->\n<title>Fr\u00e2nghie gard electric \u2013 200 m \u2013 590 kg \u2013 0,4 \u03a9\/m - Modernteh<\/title>\n<meta name=\"robots\" content=\"index, follow, max-snippet:-1, max-image-preview:large, max-video-preview:-1\" \/>\n<link rel=\"canonical\" href=\"https:\/\/modernteh.md\/ru\/catalog\/franghie-gard-electric-200-m-590-kg-04-\u03c9-m\/\" \/>\n<meta property=\"og:locale\" content=\"ru_RU\" \/>\n<meta property=\"og:type\" content=\"article\" \/>\n<meta property=\"og:title\" content=\"Fr\u00e2nghie gard electric \u2013 200 m \u2013 590 kg \u2013 0,4 \u03a9\/m - Modernteh\" \/>\n<meta property=\"og:description\" content=\"Descriere Detalii Fr\u00e2nghia este potrivit\u0103 pentru \u00eemprejmuiri mici \u0219i medii, de asemenea pentru animale domestice sau s\u0103lbatice. Materialul principal al\" \/>\n<meta property=\"og:url\" content=\"https:\/\/modernteh.md\/ru\/catalog\/franghie-gard-electric-200-m-590-kg-04-\u03c9-m\/\" \/>\n<meta property=\"og:site_name\" content=\"Modernteh\" \/>\n<meta property=\"article:publisher\" content=\"https:\/\/www.facebook.com\/profile.php?id=100082695620019\" \/>\n<meta property=\"article:modified_time\" content=\"2023-09-06T09:32:18+00:00\" \/>\n<meta property=\"og:image\" content=\"https:\/\/modernteh.md\/wp-content\/uploads\/2022\/06\/3-9.jpg\" \/>\n\t<meta property=\"og:image:width\" content=\"1200\" \/>\n\t<meta property=\"og:image:height\" content=\"1200\" \/>\n\t<meta property=\"og:image:type\" content=\"image\/jpeg\" \/>\n<meta name=\"twitter:card\" content=\"summary_large_image\" \/>\n<meta name=\"twitter:label1\" content=\"\u041f\u0440\u0438\u043c\u0435\u0440\u043d\u043e\u0435 \u0432\u0440\u0435\u043c\u044f \u0434\u043b\u044f \u0447\u0442\u0435\u043d\u0438\u044f\" \/>\n\t<meta name=\"twitter:data1\" content=\"1 \u043c\u0438\u043d\u0443\u0442\u0430\" \/>\n<script type=\"application\/ld+json\" class=\"yoast-schema-graph\">{\"@context\":\"https:\/\/schema.org\",\"@graph\":[{\"@type\":\"WebPage\",\"@id\":\"https:\/\/modernteh.md\/catalog\/franghie-gard-electric-200-m-590-kg-04-%cf%89-m\/\",\"url\":\"https:\/\/modernteh.md\/catalog\/franghie-gard-electric-200-m-590-kg-04-%cf%89-m\/\",\"name\":\"Fr\u00e2nghie gard electric \u2013 200 m \u2013 590 kg \u2013 0,4 \u03a9\/m - Modernteh\",\"isPartOf\":{\"@id\":\"https:\/\/modernteh.md\/#website\"},\"datePublished\":\"2022-06-23T11:19:47+00:00\",\"dateModified\":\"2023-09-06T09:32:18+00:00\",\"breadcrumb\":{\"@id\":\"https:\/\/modernteh.md\/catalog\/franghie-gard-electric-200-m-590-kg-04-%cf%89-m\/#breadcrumb\"},\"inLanguage\":\"ru-RU\",\"potentialAction\":[{\"@type\":\"ReadAction\",\"target\":[\"https:\/\/modernteh.md\/catalog\/franghie-gard-electric-200-m-590-kg-04-%cf%89-m\/\"]}]},{\"@type\":\"BreadcrumbList\",\"@id\":\"https:\/\/modernteh.md\/catalog\/franghie-gard-electric-200-m-590-kg-04-%cf%89-m\/#breadcrumb\",\"itemListElement\":[{\"@type\":\"ListItem\",\"position\":1,\"name\":\"Prima pagin\u0103\",\"item\":\"https:\/\/modernteh.md\/\"},{\"@type\":\"ListItem\",\"position\":2,\"name\":\"Catalog\",\"item\":\"https:\/\/modernteh.md\/catalog\/\"},{\"@type\":\"ListItem\",\"position\":3,\"name\":\"Fr\u00e2nghie gard electric \u2013 200 m \u2013 590 kg \u2013 0,4 \u03a9\/m\"}]},{\"@type\":\"WebSite\",\"@id\":\"https:\/\/modernteh.md\/#website\",\"url\":\"https:\/\/modernteh.md\/\",\"name\":\"Modernteh\",\"description\":\"Modernteh\",\"publisher\":{\"@id\":\"https:\/\/modernteh.md\/#organization\"},\"potentialAction\":[{\"@type\":\"SearchAction\",\"target\":{\"@type\":\"EntryPoint\",\"urlTemplate\":\"https:\/\/modernteh.md\/?s={search_term_string}\"},\"query-input\":\"required name=search_term_string\"}],\"inLanguage\":\"ru-RU\"},{\"@type\":\"Organization\",\"@id\":\"https:\/\/modernteh.md\/#organization\",\"name\":\"Modernteh\",\"url\":\"https:\/\/modernteh.md\/\",\"logo\":{\"@type\":\"ImageObject\",\"inLanguage\":\"ru-RU\",\"@id\":\"https:\/\/modernteh.md\/#\/schema\/logo\/image\/\",\"url\":\"https:\/\/modernteh.md\/wp-content\/uploads\/2022\/06\/Logo_site-2.png\",\"contentUrl\":\"https:\/\/modernteh.md\/wp-content\/uploads\/2022\/06\/Logo_site-2.png\",\"width\":500,\"height\":487,\"caption\":\"Modernteh\"},\"image\":{\"@id\":\"https:\/\/modernteh.md\/#\/schema\/logo\/image\/\"},\"sameAs\":[\"https:\/\/www.facebook.com\/profile.php?id=100082695620019\"]}]}<\/script>\n<!-- \/ Yoast SEO plugin. -->","yoast_head_json":{"title":"Fr\u00e2nghie gard electric \u2013 200 m \u2013 590 kg \u2013 0,4 \u03a9\/m - Modernteh","robots":{"index":"index","follow":"follow","max-snippet":"max-snippet:-1","max-image-preview":"max-image-preview:large","max-video-preview":"max-video-preview:-1"},"canonical":"https:\/\/modernteh.md\/ru\/catalog\/franghie-gard-electric-200-m-590-kg-04-\u03c9-m\/","og_locale":"ru_RU","og_type":"article","og_title":"Fr\u00e2nghie gard electric \u2013 200 m \u2013 590 kg \u2013 0,4 \u03a9\/m - Modernteh","og_description":"Descriere Detalii Fr\u00e2nghia este potrivit\u0103 pentru \u00eemprejmuiri mici \u0219i medii, de asemenea pentru animale domestice sau s\u0103lbatice. Materialul principal al","og_url":"https:\/\/modernteh.md\/ru\/catalog\/franghie-gard-electric-200-m-590-kg-04-\u03c9-m\/","og_site_name":"Modernteh","article_publisher":"https:\/\/www.facebook.com\/profile.php?id=100082695620019","article_modified_time":"2023-09-06T09:32:18+00:00","og_image":[{"width":1200,"height":1200,"url":"https:\/\/modernteh.md\/wp-content\/uploads\/2022\/06\/3-9.jpg","type":"image\/jpeg"}],"twitter_card":"summary_large_image","twitter_misc":{"\u041f\u0440\u0438\u043c\u0435\u0440\u043d\u043e\u0435 \u0432\u0440\u0435\u043c\u044f \u0434\u043b\u044f \u0447\u0442\u0435\u043d\u0438\u044f":"1 \u043c\u0438\u043d\u0443\u0442\u0430"},"schema":{"@context":"https:\/\/schema.org","@graph":[{"@type":"WebPage","@id":"https:\/\/modernteh.md\/catalog\/franghie-gard-electric-200-m-590-kg-04-%cf%89-m\/","url":"https:\/\/modernteh.md\/catalog\/franghie-gard-electric-200-m-590-kg-04-%cf%89-m\/","name":"Fr\u00e2nghie gard electric \u2013 200 m \u2013 590 kg \u2013 0,4 \u03a9\/m - Modernteh","isPartOf":{"@id":"https:\/\/modernteh.md\/#website"},"datePublished":"2022-06-23T11:19:47+00:00","dateModified":"2023-09-06T09:32:18+00:00","breadcrumb":{"@id":"https:\/\/modernteh.md\/catalog\/franghie-gard-electric-200-m-590-kg-04-%cf%89-m\/#breadcrumb"},"inLanguage":"ru-RU","potentialAction":[{"@type":"ReadAction","target":["https:\/\/modernteh.md\/catalog\/franghie-gard-electric-200-m-590-kg-04-%cf%89-m\/"]}]},{"@type":"BreadcrumbList","@id":"https:\/\/modernteh.md\/catalog\/franghie-gard-electric-200-m-590-kg-04-%cf%89-m\/#breadcrumb","itemListElement":[{"@type":"ListItem","position":1,"name":"Prima pagin\u0103","item":"https:\/\/modernteh.md\/"},{"@type":"ListItem","position":2,"name":"Catalog","item":"https:\/\/modernteh.md\/catalog\/"},{"@type":"ListItem","position":3,"name":"Fr\u00e2nghie gard electric \u2013 200 m \u2013 590 kg \u2013 0,4 \u03a9\/m"}]},{"@type":"WebSite","@id":"https:\/\/modernteh.md\/#website","url":"https:\/\/modernteh.md\/","name":"Modernteh","description":"Modernteh","publisher":{"@id":"https:\/\/modernteh.md\/#organization"},"potentialAction":[{"@type":"SearchAction","target":{"@type":"EntryPoint","urlTemplate":"https:\/\/modernteh.md\/?s={search_term_string}"},"query-input":"required name=search_term_string"}],"inLanguage":"ru-RU"},{"@type":"Organization","@id":"https:\/\/modernteh.md\/#organization","name":"Modernteh","url":"https:\/\/modernteh.md\/","logo":{"@type":"ImageObject","inLanguage":"ru-RU","@id":"https:\/\/modernteh.md\/#\/schema\/logo\/image\/","url":"https:\/\/modernteh.md\/wp-content\/uploads\/2022\/06\/Logo_site-2.png","contentUrl":"https:\/\/modernteh.md\/wp-content\/uploads\/2022\/06\/Logo_site-2.png","width":500,"height":487,"caption":"Modernteh"},"image":{"@id":"https:\/\/modernteh.md\/#\/schema\/logo\/image\/"},"sameAs":["https:\/\/www.facebook.com\/profile.php?id=100082695620019"]}]}},"_links":{"self":[{"href":"https:\/\/modernteh.md\/ru\/wp-json\/wp\/v2\/product\/1002","targetHints":{"allow":["GET"]}}],"collection":[{"href":"https:\/\/modernteh.md\/ru\/wp-json\/wp\/v2\/product"}],"about":[{"href":"https:\/\/modernteh.md\/ru\/wp-json\/wp\/v2\/types\/product"}],"wp:featuredmedia":[{"embeddable":true,"href":"https:\/\/modernteh.md\/ru\/wp-json\/wp\/v2\/media\/1003"}],"wp:attachment":[{"href":"https:\/\/modernteh.md\/ru\/wp-json\/wp\/v2\/media?parent=1002"}],"wp:term":[{"taxonomy":"product_cat","embeddable":true,"href":"https:\/\/modernteh.md\/ru\/wp-json\/wp\/v2\/product_cat?post=1002"},{"taxonomy":"product_tag","embeddable":true,"href":"https:\/\/modernteh.md\/ru\/wp-json\/wp\/v2\/product_tag?post=1002"}],"curies":[{"name":"wp","href":"https:\/\/api.w.org\/{rel}","templated":true}]}}