{"id":1113,"date":"2022-06-23T16:59:41","date_gmt":"2022-06-23T16:59:41","guid":{"rendered":"https:\/\/modernteh.md\/?post_type=product&#038;p=1113"},"modified":"2023-09-06T09:26:12","modified_gmt":"2023-09-06T09:26:12","slug":"plasa-gard-electric-50-m-x-108-cm","status":"publish","type":"product","link":"https:\/\/modernteh.md\/ru\/catalog\/plasa-gard-electric-50-m-x-108-cm\/","title":{"rendered":"\u0421\u0435\u0442\u043a\u0430 \u0434\u043b\u044f \u044d\u043b\u0435\u043a\u0442\u0440\u043e\u0437\u0430\u0431\u043e\u0440\u0430 50 \u043c \u00d7 108 \u0441\u043c"},"content":{"rendered":"<p>\u041e\u043f\u0438\u0441\u0430\u043d\u0438\u0435<br \/>\n\u0414\u0435\u0442\u0430\u043b\u0438<br \/>\nGardul electric de tip plas\u0103 este ideal pentru animale de talie mic\u0103 \u2013 oi, c\u00e2ini, porci, g\u0103ini, etc. Plasa se poate utiliza \u00een special pentru garduri electrice temporare, deoarece se poate muta u\u0219or. Ansamblul con\u021bine st\u00e2lpii din plastic. Generatorul de impulsuri trebuie procurat separat.<\/p>\n<p>ATEN\u021aIE: plasa nu este potrivit\u0103 pentru pui sau animale mai mici, deoarece fanta \u00een r\u00e2ndul inferior al plasei este de 18 \u00d7 13 cm.<\/p>\n<p>\u0425\u0430\u0440\u0430\u043a\u0442\u0435\u0440\u0438\u0441\u0442\u0438\u043a\u0438<br \/>\nLungime\t50 m<br \/>\n\u00cen\u0103l\u021bime\t108 cm<br \/>\nRezisten\u021b\u0103 electric\u0103\t0,27 \u03a9\/m<br \/>\nInser\u021bii metalice\tFirul de sus \u2013 5<br \/>\nFirele intermediare \u2013 3<br \/>\nMaterial inser\u021bii\tO\u021bel inoxidabil<br \/>\nDiametru inser\u021bii\t0,2 mm<\/p>","protected":false},"excerpt":{"rendered":"<p>Descriere Detalii Gardul electric de tip plas\u0103 este ideal pentru animale de talie mic\u0103 \u2013 oi, c\u00e2ini, porci, g\u0103ini, etc.<\/p>","protected":false},"featured_media":1114,"template":"","meta":[],"product_cat":[166],"product_tag":[],"class_list":{"0":"post-1113","1":"product","2":"type-product","3":"status-publish","4":"has-post-thumbnail","6":"product_cat-banda-gard","8":"first","9":"instock","10":"shipping-taxable","11":"purchasable","12":"product-type-simple"},"yoast_head":"<!-- This site is optimized with the Yoast SEO plugin v20.12 - https:\/\/yoast.com\/wordpress\/plugins\/seo\/ -->\n<title>Plas\u0103 gard electric 50 m \u00d7 108 cm - Modernteh<\/title>\n<meta name=\"robots\" content=\"index, follow, max-snippet:-1, max-image-preview:large, max-video-preview:-1\" \/>\n<link rel=\"canonical\" href=\"https:\/\/modernteh.md\/ru\/catalog\/plasa-gard-electric-50-m-x-108-cm\/\" \/>\n<meta property=\"og:locale\" content=\"ru_RU\" \/>\n<meta property=\"og:type\" content=\"article\" \/>\n<meta property=\"og:title\" content=\"Plas\u0103 gard electric 50 m \u00d7 108 cm - Modernteh\" \/>\n<meta property=\"og:description\" content=\"Descriere Detalii Gardul electric de tip plas\u0103 este ideal pentru animale de talie mic\u0103 \u2013 oi, c\u00e2ini, porci, g\u0103ini, etc.\" \/>\n<meta property=\"og:url\" content=\"https:\/\/modernteh.md\/ru\/catalog\/plasa-gard-electric-50-m-x-108-cm\/\" \/>\n<meta property=\"og:site_name\" content=\"Modernteh\" \/>\n<meta property=\"article:publisher\" content=\"https:\/\/www.facebook.com\/profile.php?id=100082695620019\" \/>\n<meta property=\"article:modified_time\" content=\"2023-09-06T09:26:12+00:00\" \/>\n<meta property=\"og:image\" content=\"https:\/\/modernteh.md\/wp-content\/uploads\/2022\/06\/9-5.jpg\" \/>\n\t<meta property=\"og:image:width\" content=\"1200\" \/>\n\t<meta property=\"og:image:height\" content=\"1200\" \/>\n\t<meta property=\"og:image:type\" content=\"image\/jpeg\" \/>\n<meta name=\"twitter:card\" content=\"summary_large_image\" \/>\n<meta name=\"twitter:label1\" content=\"\u041f\u0440\u0438\u043c\u0435\u0440\u043d\u043e\u0435 \u0432\u0440\u0435\u043c\u044f \u0434\u043b\u044f \u0447\u0442\u0435\u043d\u0438\u044f\" \/>\n\t<meta name=\"twitter:data1\" content=\"1 \u043c\u0438\u043d\u0443\u0442\u0430\" \/>\n<script type=\"application\/ld+json\" class=\"yoast-schema-graph\">{\"@context\":\"https:\/\/schema.org\",\"@graph\":[{\"@type\":\"WebPage\",\"@id\":\"https:\/\/modernteh.md\/catalog\/plasa-gard-electric-50-m-x-108-cm\/\",\"url\":\"https:\/\/modernteh.md\/catalog\/plasa-gard-electric-50-m-x-108-cm\/\",\"name\":\"Plas\u0103 gard electric 50 m \u00d7 108 cm - Modernteh\",\"isPartOf\":{\"@id\":\"https:\/\/modernteh.md\/#website\"},\"datePublished\":\"2022-06-23T16:59:41+00:00\",\"dateModified\":\"2023-09-06T09:26:12+00:00\",\"breadcrumb\":{\"@id\":\"https:\/\/modernteh.md\/catalog\/plasa-gard-electric-50-m-x-108-cm\/#breadcrumb\"},\"inLanguage\":\"ru-RU\",\"potentialAction\":[{\"@type\":\"ReadAction\",\"target\":[\"https:\/\/modernteh.md\/catalog\/plasa-gard-electric-50-m-x-108-cm\/\"]}]},{\"@type\":\"BreadcrumbList\",\"@id\":\"https:\/\/modernteh.md\/catalog\/plasa-gard-electric-50-m-x-108-cm\/#breadcrumb\",\"itemListElement\":[{\"@type\":\"ListItem\",\"position\":1,\"name\":\"Prima pagin\u0103\",\"item\":\"https:\/\/modernteh.md\/\"},{\"@type\":\"ListItem\",\"position\":2,\"name\":\"Catalog\",\"item\":\"https:\/\/modernteh.md\/catalog\/\"},{\"@type\":\"ListItem\",\"position\":3,\"name\":\"Plas\u0103 gard electric 50 m \u00d7 108 cm\"}]},{\"@type\":\"WebSite\",\"@id\":\"https:\/\/modernteh.md\/#website\",\"url\":\"https:\/\/modernteh.md\/\",\"name\":\"Modernteh\",\"description\":\"Modernteh\",\"publisher\":{\"@id\":\"https:\/\/modernteh.md\/#organization\"},\"potentialAction\":[{\"@type\":\"SearchAction\",\"target\":{\"@type\":\"EntryPoint\",\"urlTemplate\":\"https:\/\/modernteh.md\/?s={search_term_string}\"},\"query-input\":\"required name=search_term_string\"}],\"inLanguage\":\"ru-RU\"},{\"@type\":\"Organization\",\"@id\":\"https:\/\/modernteh.md\/#organization\",\"name\":\"Modernteh\",\"url\":\"https:\/\/modernteh.md\/\",\"logo\":{\"@type\":\"ImageObject\",\"inLanguage\":\"ru-RU\",\"@id\":\"https:\/\/modernteh.md\/#\/schema\/logo\/image\/\",\"url\":\"https:\/\/modernteh.md\/wp-content\/uploads\/2022\/06\/Logo_site-2.png\",\"contentUrl\":\"https:\/\/modernteh.md\/wp-content\/uploads\/2022\/06\/Logo_site-2.png\",\"width\":500,\"height\":487,\"caption\":\"Modernteh\"},\"image\":{\"@id\":\"https:\/\/modernteh.md\/#\/schema\/logo\/image\/\"},\"sameAs\":[\"https:\/\/www.facebook.com\/profile.php?id=100082695620019\"]}]}<\/script>\n<!-- \/ Yoast SEO plugin. -->","yoast_head_json":{"title":"Plas\u0103 gard electric 50 m \u00d7 108 cm - Modernteh","robots":{"index":"index","follow":"follow","max-snippet":"max-snippet:-1","max-image-preview":"max-image-preview:large","max-video-preview":"max-video-preview:-1"},"canonical":"https:\/\/modernteh.md\/ru\/catalog\/plasa-gard-electric-50-m-x-108-cm\/","og_locale":"ru_RU","og_type":"article","og_title":"Plas\u0103 gard electric 50 m \u00d7 108 cm - Modernteh","og_description":"Descriere Detalii Gardul electric de tip plas\u0103 este ideal pentru animale de talie mic\u0103 \u2013 oi, c\u00e2ini, porci, g\u0103ini, etc.","og_url":"https:\/\/modernteh.md\/ru\/catalog\/plasa-gard-electric-50-m-x-108-cm\/","og_site_name":"Modernteh","article_publisher":"https:\/\/www.facebook.com\/profile.php?id=100082695620019","article_modified_time":"2023-09-06T09:26:12+00:00","og_image":[{"width":1200,"height":1200,"url":"https:\/\/modernteh.md\/wp-content\/uploads\/2022\/06\/9-5.jpg","type":"image\/jpeg"}],"twitter_card":"summary_large_image","twitter_misc":{"\u041f\u0440\u0438\u043c\u0435\u0440\u043d\u043e\u0435 \u0432\u0440\u0435\u043c\u044f \u0434\u043b\u044f \u0447\u0442\u0435\u043d\u0438\u044f":"1 \u043c\u0438\u043d\u0443\u0442\u0430"},"schema":{"@context":"https:\/\/schema.org","@graph":[{"@type":"WebPage","@id":"https:\/\/modernteh.md\/catalog\/plasa-gard-electric-50-m-x-108-cm\/","url":"https:\/\/modernteh.md\/catalog\/plasa-gard-electric-50-m-x-108-cm\/","name":"Plas\u0103 gard electric 50 m \u00d7 108 cm - Modernteh","isPartOf":{"@id":"https:\/\/modernteh.md\/#website"},"datePublished":"2022-06-23T16:59:41+00:00","dateModified":"2023-09-06T09:26:12+00:00","breadcrumb":{"@id":"https:\/\/modernteh.md\/catalog\/plasa-gard-electric-50-m-x-108-cm\/#breadcrumb"},"inLanguage":"ru-RU","potentialAction":[{"@type":"ReadAction","target":["https:\/\/modernteh.md\/catalog\/plasa-gard-electric-50-m-x-108-cm\/"]}]},{"@type":"BreadcrumbList","@id":"https:\/\/modernteh.md\/catalog\/plasa-gard-electric-50-m-x-108-cm\/#breadcrumb","itemListElement":[{"@type":"ListItem","position":1,"name":"Prima pagin\u0103","item":"https:\/\/modernteh.md\/"},{"@type":"ListItem","position":2,"name":"Catalog","item":"https:\/\/modernteh.md\/catalog\/"},{"@type":"ListItem","position":3,"name":"Plas\u0103 gard electric 50 m \u00d7 108 cm"}]},{"@type":"WebSite","@id":"https:\/\/modernteh.md\/#website","url":"https:\/\/modernteh.md\/","name":"Modernteh","description":"Modernteh","publisher":{"@id":"https:\/\/modernteh.md\/#organization"},"potentialAction":[{"@type":"SearchAction","target":{"@type":"EntryPoint","urlTemplate":"https:\/\/modernteh.md\/?s={search_term_string}"},"query-input":"required name=search_term_string"}],"inLanguage":"ru-RU"},{"@type":"Organization","@id":"https:\/\/modernteh.md\/#organization","name":"Modernteh","url":"https:\/\/modernteh.md\/","logo":{"@type":"ImageObject","inLanguage":"ru-RU","@id":"https:\/\/modernteh.md\/#\/schema\/logo\/image\/","url":"https:\/\/modernteh.md\/wp-content\/uploads\/2022\/06\/Logo_site-2.png","contentUrl":"https:\/\/modernteh.md\/wp-content\/uploads\/2022\/06\/Logo_site-2.png","width":500,"height":487,"caption":"Modernteh"},"image":{"@id":"https:\/\/modernteh.md\/#\/schema\/logo\/image\/"},"sameAs":["https:\/\/www.facebook.com\/profile.php?id=100082695620019"]}]}},"_links":{"self":[{"href":"https:\/\/modernteh.md\/ru\/wp-json\/wp\/v2\/product\/1113","targetHints":{"allow":["GET"]}}],"collection":[{"href":"https:\/\/modernteh.md\/ru\/wp-json\/wp\/v2\/product"}],"about":[{"href":"https:\/\/modernteh.md\/ru\/wp-json\/wp\/v2\/types\/product"}],"wp:featuredmedia":[{"embeddable":true,"href":"https:\/\/modernteh.md\/ru\/wp-json\/wp\/v2\/media\/1114"}],"wp:attachment":[{"href":"https:\/\/modernteh.md\/ru\/wp-json\/wp\/v2\/media?parent=1113"}],"wp:term":[{"taxonomy":"product_cat","embeddable":true,"href":"https:\/\/modernteh.md\/ru\/wp-json\/wp\/v2\/product_cat?post=1113"},{"taxonomy":"product_tag","embeddable":true,"href":"https:\/\/modernteh.md\/ru\/wp-json\/wp\/v2\/product_tag?post=1113"}],"curies":[{"name":"wp","href":"https:\/\/api.w.org\/{rel}","templated":true}]}}