{"id":1286,"date":"2022-06-23T18:38:35","date_gmt":"2022-06-23T18:38:35","guid":{"rendered":"https:\/\/modernteh.md\/?post_type=product&#038;p=1286"},"modified":"2025-05-08T08:15:51","modified_gmt":"2025-05-08T08:15:51","slug":"aparat-gard-electric-dl-4500-45-joule-cu-sistem-solar-50-w-2","status":"publish","type":"product","link":"https:\/\/modernteh.md\/ru\/catalog\/aparat-gard-electric-dl-4500-45-joule-cu-sistem-solar-50-w-2\/","title":{"rendered":"\u0423\u0441\u0442\u0440\u043e\u0439\u0441\u0442\u0432\u043e \u044d\u043b\u0435\u043a\u0442\u0440\u0438\u0447\u0435\u0441\u043a\u043e\u0433\u043e \u0437\u0430\u0431\u043e\u0440\u0430 DL 4500, 4,5 \u0414\u0436, \u0441 \u0441\u043e\u043b\u043d\u0435\u0447\u043d\u043e\u0439 \u0441\u0438\u0441\u0442\u0435\u043c\u043e\u0439 50 \u0412\u0442"},"content":{"rendered":"<h2>\u041e\u043f\u0438\u0441\u0430\u043d\u0438\u0435<\/h2>\n<h2>\u0414\u0435\u0442\u0430\u043b\u0438<\/h2>\n<div class=\"pp-content\">\n<p>\u0423\u0441\u0442\u0440\u043e\u0439\u0441\u0442\u0432\u043e DL 4500 \u2014 \u0438\u0434\u0435\u0430\u043b\u044c\u043d\u044b\u0439 \u0432\u044b\u0431\u043e\u0440 \u0434\u043b\u044f \u043e\u0433\u0440\u0430\u0436\u0434\u0435\u043d\u0438\u044f \u0438\u043b\u0438 \u043e\u0442\u043f\u0443\u0433\u0438\u0432\u0430\u043d\u0438\u044f \u0434\u043e\u043c\u0430\u0448\u043d\u0438\u0445 \u0438\u043b\u0438 \u0434\u0438\u043a\u0438\u0445 \u0436\u0438\u0432\u043e\u0442\u043d\u044b\u0445 \u2014 \u0441\u043e\u0431\u0430\u043a, \u043e\u0432\u0435\u0446, \u043a\u043e\u0437, \u0441\u0432\u0438\u043d\u0435\u0439, \u043b\u043e\u0448\u0430\u0434\u0435\u0439, \u043a\u043e\u0440\u043e\u0432, \u043a\u0430\u0431\u0430\u043d\u043e\u0432, \u043e\u043b\u0435\u043d\u0435\u0439, \u0432\u043e\u043b\u043a\u043e\u0432, \u043b\u0438\u0441\u0438\u0446, \u043c\u0435\u0434\u0432\u0435\u0434\u0435\u0439 \u0438 \u0442. \u0434.<\/p>\n<p>\u0423\u0441\u0442\u0440\u043e\u0439\u0441\u0442\u0432\u043e DL 4500 \u043f\u0440\u0435\u0434\u043d\u0430\u0437\u043d\u0430\u0447\u0435\u043d\u043e \u0434\u043b\u044f \u043e\u0433\u0440\u0430\u0436\u0434\u0435\u043d\u0438\u0439 \u043c\u0430\u043a\u0441\u0438\u043c\u0430\u043b\u044c\u043d\u043e\u0439 \u0434\u043b\u0438\u043d\u043e\u0439 12000 \u043c.<\/p>\n<p>\u0423\u0441\u0442\u0440\u043e\u0439\u0441\u0442\u0432\u043e \u043c\u043e\u0436\u0435\u0442 \u043f\u0438\u0442\u0430\u0442\u044c\u0441\u044f \u043e\u0442 \u0430\u0432\u0442\u043e\u043c\u043e\u0431\u0438\u043b\u044c\u043d\u043e\u0433\u043e \u0430\u043a\u043a\u0443\u043c\u0443\u043b\u044f\u0442\u043e\u0440\u0430 12 \u0412 (\u043c\u0430\u043a\u0441. 70 \u0410\u0447, \u0432 \u043a\u043e\u043c\u043f\u043b\u0435\u043a\u0442 \u043d\u0435 \u0432\u0445\u043e\u0434\u0438\u0442). \u0410\u043a\u043a\u0443\u043c\u0443\u043b\u044f\u0442\u043e\u0440 \u0430\u0432\u0442\u043e\u043c\u0430\u0442\u0438\u0447\u0435\u0441\u043a\u0438 \u0437\u0430\u0440\u044f\u0436\u0430\u0435\u0442\u0441\u044f \u0447\u0435\u0440\u0435\u0437 \u0432\u0445\u043e\u0434\u044f\u0449\u0443\u044e \u0432 \u043a\u043e\u043c\u043f\u043b\u0435\u043a\u0442 \u0441\u043e\u043b\u043d\u0435\u0447\u043d\u0443\u044e \u0441\u0438\u0441\u0442\u0435\u043c\u0443, \u043f\u043e\u044d\u0442\u043e\u043c\u0443 \u0432\u0430\u043c \u043d\u0435 \u043d\u0443\u0436\u043d\u043e \u0437\u0430\u0440\u044f\u0436\u0430\u0442\u044c \u0430\u043a\u043a\u0443\u043c\u0443\u043b\u044f\u0442\u043e\u0440 \u043e\u0442\u0434\u0435\u043b\u044c\u043d\u043e. \u042d\u043d\u0435\u0440\u0433\u0438\u044f, \u0432\u044b\u0434\u0430\u0432\u0430\u0435\u043c\u0430\u044f \u0441\u043e\u043b\u043d\u0435\u0447\u043d\u043e\u0439 \u043f\u0430\u043d\u0435\u043b\u044c\u044e, \u043e\u0431\u0435\u0441\u043f\u0435\u0447\u0438\u0432\u0430\u0435\u0442 \u0431\u0435\u0441\u043f\u0435\u0440\u0435\u0431\u043e\u0439\u043d\u0443\u044e \u0440\u0430\u0431\u043e\u0442\u0443 \u0441\u0438\u0441\u0442\u0435\u043c\u044b \u0432 \u043b\u044e\u0431\u043e\u0435 \u0432\u0440\u0435\u043c\u044f \u0433\u043e\u0434\u0430.<\/p>\n<p>\u0421\u043e\u043b\u043d\u0435\u0447\u043d\u0430\u044f \u0441\u0438\u0441\u0442\u0435\u043c\u0430 \u043f\u043e\u0441\u0442\u0430\u0432\u043b\u044f\u0435\u0442\u0441\u044f \u0447\u0430\u0441\u0442\u0438\u0447\u043d\u043e \u0441\u043e\u0431\u0440\u0430\u043d\u043d\u043e\u0439. \u0412\u0432\u043e\u0434 \u0432 \u044d\u043a\u0441\u043f\u043b\u0443\u0430\u0442\u0430\u0446\u0438\u044e \u0434\u043e\u0432\u043e\u043b\u044c\u043d\u043e \u043f\u0440\u043e\u0441\u0442: \u0441\u043e\u043b\u043d\u0435\u0447\u043d\u0430\u044f \u043f\u0430\u043d\u0435\u043b\u044c \u043e\u0431\u0440\u0430\u0449\u0435\u043d\u0430 \u043d\u0430 \u044e\u0433 \u043f\u043e\u0434 \u0443\u0433\u043b\u043e\u043c 45 \u0433\u0440\u0430\u0434\u0443\u0441\u043e\u0432. \u0415\u0433\u043e \u043c\u043e\u0436\u043d\u043e \u0437\u0430\u043a\u0440\u0435\u043f\u0438\u0442\u044c \u0447\u0435\u0440\u0435\u0437 \u043e\u0442\u0432\u0435\u0440\u0441\u0442\u0438\u044f \u043d\u0430 \u0430\u043b\u044e\u043c\u0438\u043d\u0438\u0435\u0432\u043e\u0439 \u0440\u0430\u043c\u0435. \u0421\u043e\u043b\u043d\u0435\u0447\u043d\u0430\u044f \u043f\u0430\u043d\u0435\u043b\u044c \u043c\u043e\u0436\u0435\u0442 \u0438\u0441\u043f\u043e\u043b\u044c\u0437\u043e\u0432\u0430\u0442\u044c\u0441\u044f \u043a\u0430\u043a \u043a\u0440\u044b\u0448\u0430 \u0434\u043b\u044f \u0443\u0441\u0442\u0440\u043e\u0439\u0441\u0442\u0432\u0430 \u044d\u043b\u0435\u043a\u0442\u0440\u043e\u0438\u0437\u0433\u043e\u0440\u043e\u0434\u0438 \u0438 \u043a\u043e\u043d\u0442\u0440\u043e\u043b\u043b\u0435\u0440\u0430 \u0437\u0430\u0440\u044f\u0434\u0430.<\/p>\n<p>\u0413\u0430\u0440\u0430\u043d\u0442\u0438\u044f: \u043d\u0430 \u0443\u0441\u0442\u0440\u043e\u0439\u0441\u0442\u0432\u043e \u044d\u043b\u0435\u043a\u0442\u0440\u043e\u0438\u0437\u0433\u043e\u0440\u043e\u0434\u0438 2 \u0433\u043e\u0434\u0430, \u043d\u0430 \u0441\u043e\u043b\u043d\u0435\u0447\u043d\u0443\u044e \u0441\u0438\u0441\u0442\u0435\u043c\u0443: 1 \u0433\u043e\u0434.<\/p>\n<p>\u0412\u041d\u0418\u041c\u0410\u041d\u0418\u0415!<\/p>\n<ul>\n<li>\u0413\u0435\u043d\u0435\u0440\u0430\u0442\u043e\u0440 \u0438\u043c\u043f\u0443\u043b\u044c\u0441\u043e\u0432 \u0438 \u0440\u0435\u0433\u0443\u043b\u044f\u0442\u043e\u0440 \u0437\u0430\u0440\u044f\u0434\u0430 \u043c\u043e\u043d\u0442\u0438\u0440\u0443\u044e\u0442\u0441\u044f \u0432 \u0437\u0430\u0449\u0438\u0449\u0435\u043d\u043d\u043e\u043c \u043e\u0442 \u0432\u043b\u0430\u0433\u0438 (\u0434\u043e\u0436\u0434\u044f, \u0441\u043d\u0435\u0433\u0430) \u043c\u0435\u0441\u0442\u0435!<\/li>\n<li>\u041d\u0435 \u0437\u0430\u043f\u0443\u0441\u043a\u0430\u0439\u0442\u0435 \u0441\u0438\u0441\u0442\u0435\u043c\u0443 \u0431\u0435\u0437 \u043f\u043e\u0434\u043a\u043b\u044e\u0447\u0435\u043d\u043d\u043e\u0433\u043e \u0430\u043a\u043a\u0443\u043c\u0443\u043b\u044f\u0442\u043e\u0440\u0430!<\/li>\n<li>\u0427\u0442\u043e\u0431\u044b \u0432\u044b\u043a\u043b\u044e\u0447\u0438\u0442\u044c \u0441\u0438\u0441\u0442\u0435\u043c\u0443, \u0437\u0430\u043a\u0440\u043e\u0439\u0442\u0435 \u0441\u043e\u043b\u043d\u0435\u0447\u043d\u0443\u044e \u043f\u0430\u043d\u0435\u043b\u044c, \u0437\u0430\u0442\u0435\u043c \u043e\u0442\u0441\u043e\u0435\u0434\u0438\u043d\u0438\u0442\u0435 \u0443\u0441\u0442\u0440\u043e\u0439\u0441\u0442\u0432\u043e \u043e\u0442 \u0430\u043a\u043a\u0443\u043c\u0443\u043b\u044f\u0442\u043e\u0440\u0430.<\/li>\n<\/ul>\n<h3>\u0418\u043d\u0434\u0438\u043a\u0430\u0442\u043e\u0440 \u0441\u0432\u0435\u0442\u0430<\/h3>\n<div class=\"float-right maxw200 pl15\"><img decoding=\"async\" class=\"img-fit\" src=\"https:\/\/www.agroelectro.ro\/data\/files\/00\/000\/039\/00000039.png?1617041737\" alt=\"leds\" \/><\/div>\n<p>\u0423\u0441\u0442\u0440\u043e\u0439\u0441\u0442\u0432\u043e \u043e\u0441\u043d\u0430\u0449\u0435\u043d\u043e \u0441\u0432\u0435\u0442\u043e\u0434\u0438\u043e\u0434\u0430\u043c\u0438 \u0434\u043b\u044f \u043f\u0440\u043e\u0432\u0435\u0440\u043a\u0438 \u043d\u0430\u043b\u0438\u0447\u0438\u044f \u043f\u0438\u0442\u0430\u043d\u0438\u044f. \u0417\u0435\u043b\u0435\u043d\u044b\u0439 \u0441\u0432\u0435\u0442\u043e\u0434\u0438\u043e\u0434 \u043f\u043e\u0434\u0442\u0432\u0435\u0440\u0436\u0434\u0430\u0435\u0442 \u043d\u0430\u043b\u0438\u0447\u0438\u0435 \u043d\u0430\u043f\u0440\u044f\u0436\u0435\u043d\u0438\u044f. \u041f\u0440\u0438 \u0441\u043d\u0438\u0436\u0435\u043d\u0438\u0438 \u043d\u0430\u043f\u0440\u044f\u0436\u0435\u043d\u0438\u044f \u043f\u0438\u0442\u0430\u043d\u0438\u044f \u043d\u0438\u0436\u0435 10,5 \u0412 (\u043f\u0440\u0438 \u0440\u0430\u0437\u0440\u044f\u0434\u043a\u0435 \u0430\u043a\u043a\u0443\u043c\u0443\u043b\u044f\u0442\u043e\u0440\u0430) \u0437\u0430\u0433\u043e\u0440\u0430\u0435\u0442\u0441\u044f \u043a\u0440\u0430\u0441\u043d\u044b\u0439 \u0441\u0432\u0435\u0442\u043e\u0434\u0438\u043e\u0434.<\/p>\n<div class=\"clearfix\"><\/div>\n<h3>\u0421\u043e\u0434\u0435\u0440\u0436\u0438\u043c\u043e\u0435 \u0443\u043f\u0430\u043a\u043e\u0432\u043a\u0438<\/h3>\n<ul>\n<li><a href=\"https:\/\/www.agroelectro.ro\/ro\/produs\/aparat-gard-electric-dl-4500-12-v-4-5-joule\">Aparat gard electric DL\u00a04500, 12\u00a0V, 4,5\u00a0Joule<\/a>\u00a0\u2013 1\u00a0buc.<\/li>\n<li><a href=\"https:\/\/www.agroelectro.ro\/ro\/produs\/cablu-conexiune-aparat-gard-electric-acumulator-2\">Set cablu de alimentare<\/a>\u00a0(conexiune acumulator \u2013 aparat gard electric) \u2013 1 set.<\/li>\n<li><a href=\"https:\/\/www.agroelectro.ro\/ro\/produs\/cablu-conexiune-aparat-gard-electric-gard-impamantare\">Set cablu de conexiune aparat \u2013 gard electric + aparat \u2013 \u00eemp\u0103m\u00e2ntare<\/a>\u00a0\u2013 1 set.<\/li>\n<li>Set\u00a0<a href=\"https:\/\/www.agroelectro.ro\/ro\/produs\/panou-solar-monocristalin-30-w-cu-regulator-de-reincarcare\">Panou solar 50 W + regulator de \u00eenc\u0103rcare PWM 10 A<\/a>\u00a0\u2013 1\u00a0set, par\u021bial asamblat. Lungime cabluri: regulator\u2013acumulator: 1\u00a0m, regulator\u2013panou solar: 5\u00a0m).<\/li>\n<\/ul>\n<p>\u0412\u043d\u0438\u043c\u0430\u043d\u0438\u0435: \u043f\u0430\u043a\u0435\u0442 \u041d\u0415 \u200b\u200b\u0441\u043e\u0434\u0435\u0440\u0436\u0438\u0442:<\/p>\n<ul>\n<li>\u0410\u0432\u0442\u043e\u043c\u043e\u0431\u0438\u043b\u044c\u043d\u044b\u0439 \u0430\u043a\u043a\u0443\u043c\u0443\u043b\u044f\u0442\u043e\u0440;<\/li>\n<li>C\u0442\u0435\u0440\u0436\u0435\u043d\u044c \u0434\u043b\u044f \u0437\u0430\u0437\u0435\u043c\u043b\u0435\u043d\u0438\u044f<\/li>\n<li>\u041d\u0435\u043e\u0431\u0445\u043e\u0434\u0438\u043c\u044b\u0435 \u0430\u043a\u0441\u0435\u0441\u0441\u0443\u0430\u0440\u044b \u0434\u043b\u044f \u043a\u043e\u043c\u043f\u043b\u0435\u043a\u0442\u043d\u043e\u0433\u043e \u044d\u043b\u0435\u043a\u0442\u0440\u043e\u0437\u0430\u0431\u043e\u0440\u0430 (\u043f\u0440\u043e\u0432\u043e\u0434\u0430, \u0438\u0437\u043e\u043b\u044f\u0442\u043e\u0440\u044b, \u0432\u043e\u0440\u043e\u0442\u0430, \u0441\u0442\u043e\u043b\u0431\u044b \u0438 \u0442.\u0434.).<\/li>\n<\/ul>\n<h3>\u0422\u0435\u0445\u043d\u0438\u0447\u0435\u0441\u043a\u0438\u0435 \u0445\u0430\u0440\u0430\u043a\u0442\u0435\u0440\u0438\u0441\u0442\u0438\u043a\u0438 \u0433\u0435\u043d\u0435\u0440\u0430\u0442\u043e\u0440\u0430 \u0438\u043c\u043f\u0443\u043b\u044c\u0441\u043e\u0432<\/h3>\n<table class=\"table table-condensed table-striped\" style=\"height: 353px;\" width=\"762\">\n<tbody>\n<tr>\n<td>\u041d\u0430\u043f\u0440\u044f\u0436\u0435\u043d\u0438\u0435 \u043f\u0438\u0442\u0430\u043d\u0438\u044f<\/td>\n<td>12 V<\/td>\n<\/tr>\n<tr>\n<td>\u041f\u043e\u0442\u0440\u0435\u0431\u043b\u0435\u043d\u0438\u0435<\/td>\n<td>170\u00a0mA<\/td>\n<\/tr>\n<tr>\n<td>\u041c\u0430\u043a\u0441\u0438\u043c\u0430\u043b\u044c\u043d\u043e\u0435 \u0432\u044b\u0445\u043e\u0434\u043d\u043e\u0435 \u043d\u0430\u043f\u0440\u044f\u0436\u0435\u043d\u0438\u0435<\/td>\n<td>12000\u00a0V<\/td>\n<\/tr>\n<tr>\n<td>Tensiune maxim\u0103 de ie\u0219ire pe o sarcin\u0103 de 500 \u03a9<\/td>\n<td>8900 V<\/td>\n<\/tr>\n<tr>\n<td>\u041c\u0430\u043a\u0441\u0438\u043c\u0430\u043b\u044c\u043d\u0430\u044f \u0434\u043b\u0438\u043d\u0430 \u043f\u0440\u0430\u043a\u0442\u0438\u0447\u043d\u043e\u0433\u043e \u043e\u0433\u0440\u0430\u0436\u0434\u0435\u043d\u0438\u044f<\/td>\n<td>12000 m<\/td>\n<\/tr>\n<tr>\n<td>\u041c\u0430\u043a\u0441\u0438\u043c\u0430\u043b\u044c\u043d\u0430\u044f \u0441\u043e\u0445\u0440\u0430\u043d\u0435\u043d\u043d\u0430\u044f \u044d\u043d\u0435\u0440\u0433\u0438\u044f<\/td>\n<td>5,85\u00a0Joule<\/td>\n<\/tr>\n<tr>\n<td>\u041c\u0430\u043a\u0441\u0438\u043c\u0430\u043b\u044c\u043d\u0430\u044f \u044d\u043d\u0435\u0440\u0433\u0438\u044f \u0438\u043c\u043f\u0443\u043b\u044c\u0441\u0430<\/td>\n<td>4,5\u00a0Joule<\/td>\n<\/tr>\n<tr>\n<td>\u041a\u043b\u0430\u0441\u0441 \u0437\u0430\u0449\u0438\u0442\u044b<\/td>\n<td>II<\/td>\n<\/tr>\n<tr>\n<td>\u0421\u0442\u0435\u043f\u0435\u043d\u044c \u0437\u0430\u0449\u0438\u0442\u044b<\/td>\n<td>IPX4<\/td>\n<\/tr>\n<tr>\n<td>\u041c\u0430\u0442\u0435\u0440\u0438\u0430\u043b \u043a\u043e\u0440\u043e\u0431\u043a\u0438<\/td>\n<td>Plastic<\/td>\n<\/tr>\n<tr>\n<td>\u0420\u0430\u0437\u043c\u0435\u0440<\/td>\n<td>210\u00a0\u00d7\u00a0267\u00a0\u00d7\u00a0100 mm<\/td>\n<\/tr>\n<tr>\n<td>\u0412\u0435\u0441 \u2013 45 \u043a\u0433<\/td>\n<td>1,95 kg<\/td>\n<\/tr>\n<\/tbody>\n<\/table>\n<h3>\u0422\u0435\u0445\u043d\u0438\u0447\u0435\u0441\u043a\u0438\u0435 \u0445\u0430\u0440\u0430\u043a\u0442\u0435\u0440\u0438\u0441\u0442\u0438\u043a\u0438 \u0441\u043e\u043b\u043d\u0435\u0447\u043d\u043e\u0439 \u043f\u0430\u043d\u0435\u043b\u0438 \u043c\u043e\u0449\u043d\u043e\u0441\u0442\u044c\u044e 30 \u0412\u0442<\/h3>\n<table class=\"table table-condensed table-striped\" style=\"height: 197px;\" width=\"669\">\n<tbody>\n<tr>\n<td>\u0422\u0438\u043f \u044f\u0447\u0435\u0439\u043a\u0438<\/td>\n<td>Monocristalin<\/td>\n<\/tr>\n<tr>\n<td>\u041c\u0430\u043a\u0441\u0438\u043c\u0430\u043b\u044c\u043d\u044b\u0439 \u0442\u043e\u043a<\/td>\n<td>2,77 A<\/td>\n<\/tr>\n<tr>\n<td>\u041c\u0430\u043a\u0441\u0438\u043c\u0430\u043b\u044c\u043d\u0430\u044f \u043c\u043e\u0449\u043d\u043e\u0441\u0442\u044c<\/td>\n<td>50 W<\/td>\n<\/tr>\n<tr>\n<td>\u0420\u0430\u0437\u043c\u0435\u0440<\/td>\n<td>520\u00a0\u00d7\u00a0700\u00a0\u00d7\u00a030\u00a0mm<\/td>\n<\/tr>\n<tr>\n<td>I<sub>SC<\/sub><\/td>\n<td>2,99\u00a0A<\/td>\n<\/tr>\n<tr>\n<td>V<sub>OC<\/sub><\/td>\n<td>22,1\u00a0V<\/td>\n<\/tr>\n<tr>\n<td>V<sub>MP<\/sub><\/td>\n<td>18\u00a0V<\/td>\n<\/tr>\n<\/tbody>\n<\/table>\n<h3>\u0422\u0435\u0445\u043d\u0438\u0447\u0435\u0441\u043a\u0438\u0435 \u0445\u0430\u0440\u0430\u043a\u0442\u0435\u0440\u0438\u0441\u0442\u0438\u043a\u0438 \u043a\u043e\u043d\u0442\u0440\u043e\u043b\u043b\u0435\u0440\u0430 \u0437\u0430\u0440\u044f\u0434\u0430 PWM 10A<\/h3>\n<table class=\"table table-condensed table-striped\" style=\"height: 282px;\" width=\"762\">\n<tbody>\n<tr>\n<td>\u0421\u0438\u043b\u0430<\/td>\n<td>10 A<\/td>\n<\/tr>\n<tr>\n<td>\u0410\u0432\u0442\u043e\u043c\u0430\u0442\u0438\u0447\u0435\u0441\u043a\u0438 \u043e\u043f\u0440\u0435\u0434\u0435\u043b\u044f\u0435\u0442 \u0440\u0430\u0431\u043e\u0447\u0435\u0435 \u043d\u0430\u043f\u0440\u044f\u0436\u0435\u043d\u0438\u0435<\/td>\n<td>12\/24 V<\/td>\n<\/tr>\n<tr>\n<td>\u0412\u044b\u0440\u0430\u0432\u043d\u0438\u0432\u0430\u043d\u0438\u0435 \u043d\u0430\u043f\u0440\u044f\u0436\u0435\u043d\u0438\u044f \u043d\u0430\u0433\u0440\u0443\u0437\u043a\u0438<\/td>\n<td>12\/24 V<\/td>\n<\/tr>\n<tr>\n<td>\u041f\u043e\u0432\u044b\u0448\u0435\u043d\u043d\u043e\u0435 \u043d\u0430\u043f\u0440\u044f\u0436\u0435\u043d\u0438\u0435 \u0437\u0430\u0440\u044f\u0434\u0430<\/td>\n<td>14,4 V<\/td>\n<\/tr>\n<tr>\n<td>\u041f\u043b\u0430\u0432\u0430\u044e\u0449\u0430\u044f \u043d\u0430\u0433\u0440\u0443\u0437\u043a\u0430<\/td>\n<td>13,6 V<\/td>\n<\/tr>\n<tr>\n<td>\u041f\u043e\u0434\u0434\u0435\u0440\u0436\u0438\u0432\u0430\u0435\u0442 \u0441\u043e\u0435\u0434\u0438\u043d\u0438\u0442\u0435\u043b\u044c\u043d\u044b\u0435 \u043a\u0430\u0431\u0435\u043b\u0438<\/td>\n<td>2,5 mm<\/td>\n<\/tr>\n<tr>\n<td>\u0412\u0435\u0441 \u2013 45 \u043a\u0433<\/td>\n<td>0,25 kg<\/td>\n<\/tr>\n<tr>\n<td>\u0420\u0430\u0437\u043c\u0435\u0440<\/td>\n<td>14 \u00d7 9 \u00d7 3 cm<\/td>\n<\/tr>\n<tr>\n<td>\u0420\u0430\u0431\u043e\u0447\u0430\u044f \u0422\u0435\u043c\u043f\u0435\u0440\u0430\u0442\u0443\u0440\u0430<\/td>\n<td>\u201320\u2026+60 C \u00b0<\/td>\n<\/tr>\n<\/tbody>\n<\/table>\n<\/div>","protected":false},"excerpt":{"rendered":"<p>Descriere Detalii Aparatul DL 4500 este alegerea perfect\u0103 pentru \u00eemprejmuirea sau \u021binerea la distan\u021b\u0103 a animalelor domestice sau s\u0103lbatice \u2013<\/p>","protected":false},"featured_media":1288,"template":"","meta":[],"product_cat":[170],"product_tag":[],"class_list":{"0":"post-1286","1":"product","2":"type-product","3":"status-publish","4":"has-post-thumbnail","6":"product_cat-sisteme-fotovoltaice","8":"first","9":"instock","10":"sale","11":"shipping-taxable","12":"purchasable","13":"product-type-simple"},"yoast_head":"<!-- This site is optimized with the Yoast SEO plugin v20.12 - https:\/\/yoast.com\/wordpress\/plugins\/seo\/ -->\n<title>Aparat gard electric DL 4500, 4,5 Joule, cu sistem solar 50 W - Modernteh<\/title>\n<meta name=\"robots\" content=\"index, follow, max-snippet:-1, max-image-preview:large, max-video-preview:-1\" \/>\n<link rel=\"canonical\" href=\"https:\/\/modernteh.md\/ru\/catalog\/aparat-gard-electric-dl-4500-45-joule-cu-sistem-solar-50-w-2\/\" \/>\n<meta property=\"og:locale\" content=\"ru_RU\" \/>\n<meta property=\"og:type\" content=\"article\" \/>\n<meta property=\"og:title\" content=\"Aparat gard electric DL 4500, 4,5 Joule, cu sistem solar 50 W - Modernteh\" \/>\n<meta property=\"og:description\" content=\"Descriere Detalii Aparatul DL 4500 este alegerea perfect\u0103 pentru \u00eemprejmuirea sau \u021binerea la distan\u021b\u0103 a animalelor domestice sau s\u0103lbatice \u2013\" \/>\n<meta property=\"og:url\" content=\"https:\/\/modernteh.md\/ru\/catalog\/aparat-gard-electric-dl-4500-45-joule-cu-sistem-solar-50-w-2\/\" \/>\n<meta property=\"og:site_name\" content=\"Modernteh\" \/>\n<meta property=\"article:publisher\" content=\"https:\/\/www.facebook.com\/profile.php?id=100082695620019\" \/>\n<meta property=\"article:modified_time\" content=\"2025-05-08T08:15:51+00:00\" \/>\n<meta property=\"og:image\" content=\"https:\/\/modernteh.md\/wp-content\/uploads\/2022\/06\/5-15.jpg\" \/>\n\t<meta property=\"og:image:width\" content=\"1200\" \/>\n\t<meta property=\"og:image:height\" content=\"1200\" \/>\n\t<meta property=\"og:image:type\" content=\"image\/jpeg\" \/>\n<meta name=\"twitter:card\" content=\"summary_large_image\" \/>\n<meta name=\"twitter:label1\" content=\"\u041f\u0440\u0438\u043c\u0435\u0440\u043d\u043e\u0435 \u0432\u0440\u0435\u043c\u044f \u0434\u043b\u044f \u0447\u0442\u0435\u043d\u0438\u044f\" \/>\n\t<meta name=\"twitter:data1\" content=\"3 \u043c\u0438\u043d\u0443\u0442\u044b\" \/>\n<script type=\"application\/ld+json\" class=\"yoast-schema-graph\">{\"@context\":\"https:\/\/schema.org\",\"@graph\":[{\"@type\":\"WebPage\",\"@id\":\"https:\/\/modernteh.md\/catalog\/aparat-gard-electric-dl-4500-45-joule-cu-sistem-solar-50-w-2\/\",\"url\":\"https:\/\/modernteh.md\/catalog\/aparat-gard-electric-dl-4500-45-joule-cu-sistem-solar-50-w-2\/\",\"name\":\"Aparat gard electric DL 4500, 4,5 Joule, cu sistem solar 50 W - Modernteh\",\"isPartOf\":{\"@id\":\"https:\/\/modernteh.md\/#website\"},\"datePublished\":\"2022-06-23T18:38:35+00:00\",\"dateModified\":\"2025-05-08T08:15:51+00:00\",\"breadcrumb\":{\"@id\":\"https:\/\/modernteh.md\/catalog\/aparat-gard-electric-dl-4500-45-joule-cu-sistem-solar-50-w-2\/#breadcrumb\"},\"inLanguage\":\"ru-RU\",\"potentialAction\":[{\"@type\":\"ReadAction\",\"target\":[\"https:\/\/modernteh.md\/catalog\/aparat-gard-electric-dl-4500-45-joule-cu-sistem-solar-50-w-2\/\"]}]},{\"@type\":\"BreadcrumbList\",\"@id\":\"https:\/\/modernteh.md\/catalog\/aparat-gard-electric-dl-4500-45-joule-cu-sistem-solar-50-w-2\/#breadcrumb\",\"itemListElement\":[{\"@type\":\"ListItem\",\"position\":1,\"name\":\"Prima pagin\u0103\",\"item\":\"https:\/\/modernteh.md\/\"},{\"@type\":\"ListItem\",\"position\":2,\"name\":\"Catalog\",\"item\":\"https:\/\/modernteh.md\/catalog\/\"},{\"@type\":\"ListItem\",\"position\":3,\"name\":\"Aparat gard electric DL 4500, 4,5 Joule, cu sistem solar 50 W\"}]},{\"@type\":\"WebSite\",\"@id\":\"https:\/\/modernteh.md\/#website\",\"url\":\"https:\/\/modernteh.md\/\",\"name\":\"Modernteh\",\"description\":\"Modernteh\",\"publisher\":{\"@id\":\"https:\/\/modernteh.md\/#organization\"},\"potentialAction\":[{\"@type\":\"SearchAction\",\"target\":{\"@type\":\"EntryPoint\",\"urlTemplate\":\"https:\/\/modernteh.md\/?s={search_term_string}\"},\"query-input\":\"required name=search_term_string\"}],\"inLanguage\":\"ru-RU\"},{\"@type\":\"Organization\",\"@id\":\"https:\/\/modernteh.md\/#organization\",\"name\":\"Modernteh\",\"url\":\"https:\/\/modernteh.md\/\",\"logo\":{\"@type\":\"ImageObject\",\"inLanguage\":\"ru-RU\",\"@id\":\"https:\/\/modernteh.md\/#\/schema\/logo\/image\/\",\"url\":\"https:\/\/modernteh.md\/wp-content\/uploads\/2022\/06\/Logo_site-2.png\",\"contentUrl\":\"https:\/\/modernteh.md\/wp-content\/uploads\/2022\/06\/Logo_site-2.png\",\"width\":500,\"height\":487,\"caption\":\"Modernteh\"},\"image\":{\"@id\":\"https:\/\/modernteh.md\/#\/schema\/logo\/image\/\"},\"sameAs\":[\"https:\/\/www.facebook.com\/profile.php?id=100082695620019\"]}]}<\/script>\n<!-- \/ Yoast SEO plugin. -->","yoast_head_json":{"title":"Aparat gard electric DL 4500, 4,5 Joule, cu sistem solar 50 W - Modernteh","robots":{"index":"index","follow":"follow","max-snippet":"max-snippet:-1","max-image-preview":"max-image-preview:large","max-video-preview":"max-video-preview:-1"},"canonical":"https:\/\/modernteh.md\/ru\/catalog\/aparat-gard-electric-dl-4500-45-joule-cu-sistem-solar-50-w-2\/","og_locale":"ru_RU","og_type":"article","og_title":"Aparat gard electric DL 4500, 4,5 Joule, cu sistem solar 50 W - Modernteh","og_description":"Descriere Detalii Aparatul DL 4500 este alegerea perfect\u0103 pentru \u00eemprejmuirea sau \u021binerea la distan\u021b\u0103 a animalelor domestice sau s\u0103lbatice \u2013","og_url":"https:\/\/modernteh.md\/ru\/catalog\/aparat-gard-electric-dl-4500-45-joule-cu-sistem-solar-50-w-2\/","og_site_name":"Modernteh","article_publisher":"https:\/\/www.facebook.com\/profile.php?id=100082695620019","article_modified_time":"2025-05-08T08:15:51+00:00","og_image":[{"width":1200,"height":1200,"url":"https:\/\/modernteh.md\/wp-content\/uploads\/2022\/06\/5-15.jpg","type":"image\/jpeg"}],"twitter_card":"summary_large_image","twitter_misc":{"\u041f\u0440\u0438\u043c\u0435\u0440\u043d\u043e\u0435 \u0432\u0440\u0435\u043c\u044f \u0434\u043b\u044f \u0447\u0442\u0435\u043d\u0438\u044f":"3 \u043c\u0438\u043d\u0443\u0442\u044b"},"schema":{"@context":"https:\/\/schema.org","@graph":[{"@type":"WebPage","@id":"https:\/\/modernteh.md\/catalog\/aparat-gard-electric-dl-4500-45-joule-cu-sistem-solar-50-w-2\/","url":"https:\/\/modernteh.md\/catalog\/aparat-gard-electric-dl-4500-45-joule-cu-sistem-solar-50-w-2\/","name":"Aparat gard electric DL 4500, 4,5 Joule, cu sistem solar 50 W - Modernteh","isPartOf":{"@id":"https:\/\/modernteh.md\/#website"},"datePublished":"2022-06-23T18:38:35+00:00","dateModified":"2025-05-08T08:15:51+00:00","breadcrumb":{"@id":"https:\/\/modernteh.md\/catalog\/aparat-gard-electric-dl-4500-45-joule-cu-sistem-solar-50-w-2\/#breadcrumb"},"inLanguage":"ru-RU","potentialAction":[{"@type":"ReadAction","target":["https:\/\/modernteh.md\/catalog\/aparat-gard-electric-dl-4500-45-joule-cu-sistem-solar-50-w-2\/"]}]},{"@type":"BreadcrumbList","@id":"https:\/\/modernteh.md\/catalog\/aparat-gard-electric-dl-4500-45-joule-cu-sistem-solar-50-w-2\/#breadcrumb","itemListElement":[{"@type":"ListItem","position":1,"name":"Prima pagin\u0103","item":"https:\/\/modernteh.md\/"},{"@type":"ListItem","position":2,"name":"Catalog","item":"https:\/\/modernteh.md\/catalog\/"},{"@type":"ListItem","position":3,"name":"Aparat gard electric DL 4500, 4,5 Joule, cu sistem solar 50 W"}]},{"@type":"WebSite","@id":"https:\/\/modernteh.md\/#website","url":"https:\/\/modernteh.md\/","name":"Modernteh","description":"Modernteh","publisher":{"@id":"https:\/\/modernteh.md\/#organization"},"potentialAction":[{"@type":"SearchAction","target":{"@type":"EntryPoint","urlTemplate":"https:\/\/modernteh.md\/?s={search_term_string}"},"query-input":"required name=search_term_string"}],"inLanguage":"ru-RU"},{"@type":"Organization","@id":"https:\/\/modernteh.md\/#organization","name":"Modernteh","url":"https:\/\/modernteh.md\/","logo":{"@type":"ImageObject","inLanguage":"ru-RU","@id":"https:\/\/modernteh.md\/#\/schema\/logo\/image\/","url":"https:\/\/modernteh.md\/wp-content\/uploads\/2022\/06\/Logo_site-2.png","contentUrl":"https:\/\/modernteh.md\/wp-content\/uploads\/2022\/06\/Logo_site-2.png","width":500,"height":487,"caption":"Modernteh"},"image":{"@id":"https:\/\/modernteh.md\/#\/schema\/logo\/image\/"},"sameAs":["https:\/\/www.facebook.com\/profile.php?id=100082695620019"]}]}},"_links":{"self":[{"href":"https:\/\/modernteh.md\/ru\/wp-json\/wp\/v2\/product\/1286","targetHints":{"allow":["GET"]}}],"collection":[{"href":"https:\/\/modernteh.md\/ru\/wp-json\/wp\/v2\/product"}],"about":[{"href":"https:\/\/modernteh.md\/ru\/wp-json\/wp\/v2\/types\/product"}],"wp:featuredmedia":[{"embeddable":true,"href":"https:\/\/modernteh.md\/ru\/wp-json\/wp\/v2\/media\/1288"}],"wp:attachment":[{"href":"https:\/\/modernteh.md\/ru\/wp-json\/wp\/v2\/media?parent=1286"}],"wp:term":[{"taxonomy":"product_cat","embeddable":true,"href":"https:\/\/modernteh.md\/ru\/wp-json\/wp\/v2\/product_cat?post=1286"},{"taxonomy":"product_tag","embeddable":true,"href":"https:\/\/modernteh.md\/ru\/wp-json\/wp\/v2\/product_tag?post=1286"}],"curies":[{"name":"wp","href":"https:\/\/api.w.org\/{rel}","templated":true}]}}