{"id":1333,"date":"2022-06-24T09:51:20","date_gmt":"2022-06-24T09:51:20","guid":{"rendered":"https:\/\/modernteh.md\/?post_type=product&#038;p=1333"},"modified":"2025-09-26T09:27:05","modified_gmt":"2025-09-26T09:27:05","slug":"dezinfectant-pentru-uger-dupa-mulgere-20-l","status":"publish","type":"product","link":"https:\/\/modernteh.md\/ru\/catalog\/dezinfectant-pentru-uger-dupa-mulgere-20-l\/","title":{"rendered":"Dezinfectant pentru uger dupa mulgere Avitaiod 20 L"},"content":{"rendered":"<p>\u042d\u0442\u043e \u0434\u0435\u0437\u0438\u043d\u0444\u0438\u0446\u0438\u0440\u0443\u044e\u0449\u0435\u0435 \u0441\u0440\u0435\u0434\u0441\u0442\u0432\u043e \u0434\u043b\u044f \u0432\u044b\u043c\u0435\u043d\u0438, \u043a\u043e\u0442\u043e\u0440\u043e\u0435 \u0438\u0441\u043f\u043e\u043b\u044c\u0437\u0443\u0435\u0442\u0441\u044f \u043f\u043e\u0441\u043b\u0435 \u0434\u043e\u0435\u043d\u0438\u044f \u0438 \u043e\u0431\u0440\u0430\u0437\u0443\u0435\u0442 \u043d\u0430 \u0432\u044b\u043c\u0435\u043d\u0438 \u0442\u043e\u043b\u0441\u0442\u0443\u044e \u044d\u043b\u0430\u0441\u0442\u0438\u0447\u043d\u0443\u044e \u0437\u0430\u0449\u0438\u0442\u043d\u0443\u044e \u043f\u043b\u0435\u043d\u043a\u0443, \u043a\u043e\u0442\u043e\u0440\u0443\u044e \u043c\u043e\u0436\u043d\u043e \u0441\u043d\u044f\u0442\u044c.<br \/>\n\u0411\u043b\u0430\u0433\u043e\u0434\u0430\u0440\u044f \u043f\u043b\u0435\u043d\u043a\u0435, \u043a\u043e\u0442\u043e\u0440\u0443\u044e \u043e\u043d \u0441\u043e\u0437\u0434\u0430\u0435\u0442, \u043e\u043d\u0430 \u0434\u0435\u0440\u0436\u0438\u0442\u0441\u044f \u0434\u043e \u0441\u043b\u0435\u0434\u0443\u044e\u0449\u0435\u0433\u043e \u0434\u043e\u0435\u043d\u0438\u044f \u041f\u043e\u0447\u0435\u043c\u0443 \u043c\u044b \u0434\u043e\u043b\u0436\u043d\u044b \u0438\u0441\u043f\u043e\u043b\u044c\u0437\u043e\u0432\u0430\u0442\u044c \u0434\u0435\u0437\u0438\u043d\u0444\u0438\u0446\u0438\u0440\u0443\u044e\u0449\u0435\u0435 \u0441\u0440\u0435\u0434\u0441\u0442\u0432\u043e \u043f\u043e\u0441\u043b\u0435 \u0434\u043e\u0435\u043d\u0438\u044f?<\/p>\n<p>\u041f\u043e\u0441\u043b\u0435 \u0434\u043e\u0435\u043d\u0438\u044f \u0441\u043e\u0441\u043a\u0438 \u043e\u0441\u0442\u0430\u044e\u0442\u0441\u044f \u043e\u0442\u043a\u0440\u044b\u0442\u044b\u043c\u0438 \u0434\u043e \u0434\u0432\u0443\u0445 \u0447\u0430\u0441\u043e\u0432 (\u043e\u043a\u043e\u043b\u043e \u043f\u043e\u043b\u0443\u0447\u0430\u0441\u0430). \u0412 \u044d\u0442\u043e\u0442 \u043f\u0435\u0440\u0438\u043e\u0434 \u0431\u0430\u043a\u0442\u0435\u0440\u0438\u0438 \u043c\u043e\u0433\u0443\u0442 \u043f\u043e\u043f\u0430\u0441\u0442\u044c \u0432 \u043e\u0442\u043a\u0440\u044b\u0442\u043e\u0435 \u043e\u0442\u0432\u0435\u0440\u0441\u0442\u0438\u0435 \u0441\u043e\u0441\u043a\u043e\u0432 \u0438 \u0432\u044b\u0437\u0432\u0430\u0442\u044c \u043c\u0430\u0441\u0442\u0438\u0442.<\/p>\n<p id=\"tw-target-text\" class=\"tw-data-text tw-text-large tw-ta\" dir=\"ltr\" tabindex=\"-1\" role=\"text\" data-placeholder=\"Traducere\" data-ved=\"2ahUKEwiPv8ixjfaPAxUh1AIHHdHDDbwQ3ewLegQICxAV\" aria-label=\"Text tradus: Preparat de \u00eengrijire pe baz\u0103 de iod pentru igiena mameloanelor dup\u0103 muls. AvitaIod este o combina\u021bie de iod activ - 2.500 ppm, acid salicilic \u0219i agen\u021bi hidratan\u021bi pentru uger. Datorit\u0103 compozi\u021biei perfect selectate, produsul r\u0103m\u00e2ne pe uger pentru o perioad\u0103 lung\u0103 de timp, cre\u00e2nd un strat protector pe mameloan\u0103, protej\u00e2ndu-l \u00eempotriva influen\u021belor nefavorabile ale mediului \u0219i usc\u00e2ndu-l, oferind \u00een acela\u0219i timp pielii elasticitate. Produsul este gata de utilizare.\"><span class=\"Y2IQFc\" lang=\"ro\">Preparat de \u00eengrijire pe baz\u0103 de iod pentru igiena mameloanelor dup\u0103 muls. AvitaIod este o combina\u021bie de iod activ &#8211; 2.500 ppm, acid salicilic \u0219i agen\u021bi hidratan\u021bi pentru uger. Datorit\u0103 compozi\u021biei perfect selectate, produsul r\u0103m\u00e2ne pe uger pentru o perioad\u0103 lung\u0103 de timp, cre\u00e2nd un strat protector pe mameloan\u0103, protej\u00e2ndu-l \u00eempotriva influen\u021belor nefavorabile ale mediului \u0219i usc\u00e2ndu-l, oferind \u00een acela\u0219i timp pielii elasticitate. Produsul este gata de utilizare.<\/span><\/p>","protected":false},"excerpt":{"rendered":"<p>Este un dezinfectant pentru uger care se folose\u0219te dup\u0103 muls \u0219i formeaz\u0103 pe uger o pelicul\u0103 de barier\u0103 groas\u0103 \u0219i<\/p>","protected":false},"featured_media":4863,"template":"","meta":[],"product_cat":[103],"product_tag":[],"class_list":{"0":"post-1333","1":"product","2":"type-product","3":"status-publish","4":"has-post-thumbnail","6":"product_cat-curatarea-si-igiena-in-ferma","8":"first","9":"instock","10":"shipping-taxable","11":"purchasable","12":"product-type-simple"},"yoast_head":"<!-- This site is optimized with the Yoast SEO plugin v20.12 - https:\/\/yoast.com\/wordpress\/plugins\/seo\/ -->\n<title>Dezinfectant pentru uger dupa mulgere Avitaiod 20 L - Modernteh<\/title>\n<meta name=\"description\" content=\"Dezinfectant pentru uger dupa mulgere Avitaiod 20 L\" \/>\n<meta name=\"robots\" content=\"index, follow, max-snippet:-1, max-image-preview:large, max-video-preview:-1\" \/>\n<link rel=\"canonical\" href=\"https:\/\/modernteh.md\/ru\/catalog\/dezinfectant-pentru-uger-dupa-mulgere-20-l\/\" \/>\n<meta property=\"og:locale\" content=\"ru_RU\" \/>\n<meta property=\"og:type\" content=\"article\" \/>\n<meta property=\"og:title\" content=\"Dezinfectant pentru uger dupa mulgere Avitaiod 20 L - Modernteh\" \/>\n<meta property=\"og:description\" content=\"Dezinfectant pentru uger dupa mulgere Avitaiod 20 L\" \/>\n<meta property=\"og:url\" content=\"https:\/\/modernteh.md\/ru\/catalog\/dezinfectant-pentru-uger-dupa-mulgere-20-l\/\" \/>\n<meta property=\"og:site_name\" content=\"Modernteh\" \/>\n<meta property=\"article:publisher\" content=\"https:\/\/www.facebook.com\/profile.php?id=100082695620019\" \/>\n<meta property=\"article:modified_time\" content=\"2025-09-26T09:27:05+00:00\" \/>\n<meta property=\"og:image\" content=\"https:\/\/modernteh.md\/wp-content\/uploads\/2022\/06\/avitaiod-20-kg.jpg\" \/>\n\t<meta property=\"og:image:width\" content=\"800\" \/>\n\t<meta property=\"og:image:height\" content=\"800\" \/>\n\t<meta property=\"og:image:type\" content=\"image\/jpeg\" \/>\n<meta name=\"twitter:card\" content=\"summary_large_image\" \/>\n<meta name=\"twitter:label1\" content=\"\u041f\u0440\u0438\u043c\u0435\u0440\u043d\u043e\u0435 \u0432\u0440\u0435\u043c\u044f \u0434\u043b\u044f \u0447\u0442\u0435\u043d\u0438\u044f\" \/>\n\t<meta name=\"twitter:data1\" content=\"1 \u043c\u0438\u043d\u0443\u0442\u0430\" \/>\n<script type=\"application\/ld+json\" class=\"yoast-schema-graph\">{\"@context\":\"https:\/\/schema.org\",\"@graph\":[{\"@type\":\"WebPage\",\"@id\":\"https:\/\/modernteh.md\/catalog\/dezinfectant-pentru-uger-dupa-mulgere-20-l\/\",\"url\":\"https:\/\/modernteh.md\/catalog\/dezinfectant-pentru-uger-dupa-mulgere-20-l\/\",\"name\":\"Dezinfectant pentru uger dupa mulgere Avitaiod 20 L - Modernteh\",\"isPartOf\":{\"@id\":\"https:\/\/modernteh.md\/#website\"},\"datePublished\":\"2022-06-24T09:51:20+00:00\",\"dateModified\":\"2025-09-26T09:27:05+00:00\",\"description\":\"Dezinfectant pentru uger dupa mulgere Avitaiod 20 L\",\"breadcrumb\":{\"@id\":\"https:\/\/modernteh.md\/catalog\/dezinfectant-pentru-uger-dupa-mulgere-20-l\/#breadcrumb\"},\"inLanguage\":\"ru-RU\",\"potentialAction\":[{\"@type\":\"ReadAction\",\"target\":[\"https:\/\/modernteh.md\/catalog\/dezinfectant-pentru-uger-dupa-mulgere-20-l\/\"]}]},{\"@type\":\"BreadcrumbList\",\"@id\":\"https:\/\/modernteh.md\/catalog\/dezinfectant-pentru-uger-dupa-mulgere-20-l\/#breadcrumb\",\"itemListElement\":[{\"@type\":\"ListItem\",\"position\":1,\"name\":\"Prima pagin\u0103\",\"item\":\"https:\/\/modernteh.md\/\"},{\"@type\":\"ListItem\",\"position\":2,\"name\":\"Catalog\",\"item\":\"https:\/\/modernteh.md\/catalog\/\"},{\"@type\":\"ListItem\",\"position\":3,\"name\":\"Dezinfectant pentru uger dupa mulgere Avitaiod 20 L\"}]},{\"@type\":\"WebSite\",\"@id\":\"https:\/\/modernteh.md\/#website\",\"url\":\"https:\/\/modernteh.md\/\",\"name\":\"Modernteh\",\"description\":\"Modernteh\",\"publisher\":{\"@id\":\"https:\/\/modernteh.md\/#organization\"},\"potentialAction\":[{\"@type\":\"SearchAction\",\"target\":{\"@type\":\"EntryPoint\",\"urlTemplate\":\"https:\/\/modernteh.md\/?s={search_term_string}\"},\"query-input\":\"required name=search_term_string\"}],\"inLanguage\":\"ru-RU\"},{\"@type\":\"Organization\",\"@id\":\"https:\/\/modernteh.md\/#organization\",\"name\":\"Modernteh\",\"url\":\"https:\/\/modernteh.md\/\",\"logo\":{\"@type\":\"ImageObject\",\"inLanguage\":\"ru-RU\",\"@id\":\"https:\/\/modernteh.md\/#\/schema\/logo\/image\/\",\"url\":\"https:\/\/modernteh.md\/wp-content\/uploads\/2022\/06\/Logo_site-2.png\",\"contentUrl\":\"https:\/\/modernteh.md\/wp-content\/uploads\/2022\/06\/Logo_site-2.png\",\"width\":500,\"height\":487,\"caption\":\"Modernteh\"},\"image\":{\"@id\":\"https:\/\/modernteh.md\/#\/schema\/logo\/image\/\"},\"sameAs\":[\"https:\/\/www.facebook.com\/profile.php?id=100082695620019\"]}]}<\/script>\n<!-- \/ Yoast SEO plugin. -->","yoast_head_json":{"title":"Dezinfectant pentru uger dupa mulgere Avitaiod 20 L - Modernteh","description":"Dezinfectant pentru uger dupa mulgere Avitaiod 20 L","robots":{"index":"index","follow":"follow","max-snippet":"max-snippet:-1","max-image-preview":"max-image-preview:large","max-video-preview":"max-video-preview:-1"},"canonical":"https:\/\/modernteh.md\/ru\/catalog\/dezinfectant-pentru-uger-dupa-mulgere-20-l\/","og_locale":"ru_RU","og_type":"article","og_title":"Dezinfectant pentru uger dupa mulgere Avitaiod 20 L - Modernteh","og_description":"Dezinfectant pentru uger dupa mulgere Avitaiod 20 L","og_url":"https:\/\/modernteh.md\/ru\/catalog\/dezinfectant-pentru-uger-dupa-mulgere-20-l\/","og_site_name":"Modernteh","article_publisher":"https:\/\/www.facebook.com\/profile.php?id=100082695620019","article_modified_time":"2025-09-26T09:27:05+00:00","og_image":[{"width":800,"height":800,"url":"https:\/\/modernteh.md\/wp-content\/uploads\/2022\/06\/avitaiod-20-kg.jpg","type":"image\/jpeg"}],"twitter_card":"summary_large_image","twitter_misc":{"\u041f\u0440\u0438\u043c\u0435\u0440\u043d\u043e\u0435 \u0432\u0440\u0435\u043c\u044f \u0434\u043b\u044f \u0447\u0442\u0435\u043d\u0438\u044f":"1 \u043c\u0438\u043d\u0443\u0442\u0430"},"schema":{"@context":"https:\/\/schema.org","@graph":[{"@type":"WebPage","@id":"https:\/\/modernteh.md\/catalog\/dezinfectant-pentru-uger-dupa-mulgere-20-l\/","url":"https:\/\/modernteh.md\/catalog\/dezinfectant-pentru-uger-dupa-mulgere-20-l\/","name":"Dezinfectant pentru uger dupa mulgere Avitaiod 20 L - Modernteh","isPartOf":{"@id":"https:\/\/modernteh.md\/#website"},"datePublished":"2022-06-24T09:51:20+00:00","dateModified":"2025-09-26T09:27:05+00:00","description":"Dezinfectant pentru uger dupa mulgere Avitaiod 20 L","breadcrumb":{"@id":"https:\/\/modernteh.md\/catalog\/dezinfectant-pentru-uger-dupa-mulgere-20-l\/#breadcrumb"},"inLanguage":"ru-RU","potentialAction":[{"@type":"ReadAction","target":["https:\/\/modernteh.md\/catalog\/dezinfectant-pentru-uger-dupa-mulgere-20-l\/"]}]},{"@type":"BreadcrumbList","@id":"https:\/\/modernteh.md\/catalog\/dezinfectant-pentru-uger-dupa-mulgere-20-l\/#breadcrumb","itemListElement":[{"@type":"ListItem","position":1,"name":"Prima pagin\u0103","item":"https:\/\/modernteh.md\/"},{"@type":"ListItem","position":2,"name":"Catalog","item":"https:\/\/modernteh.md\/catalog\/"},{"@type":"ListItem","position":3,"name":"Dezinfectant pentru uger dupa mulgere Avitaiod 20 L"}]},{"@type":"WebSite","@id":"https:\/\/modernteh.md\/#website","url":"https:\/\/modernteh.md\/","name":"Modernteh","description":"Modernteh","publisher":{"@id":"https:\/\/modernteh.md\/#organization"},"potentialAction":[{"@type":"SearchAction","target":{"@type":"EntryPoint","urlTemplate":"https:\/\/modernteh.md\/?s={search_term_string}"},"query-input":"required name=search_term_string"}],"inLanguage":"ru-RU"},{"@type":"Organization","@id":"https:\/\/modernteh.md\/#organization","name":"Modernteh","url":"https:\/\/modernteh.md\/","logo":{"@type":"ImageObject","inLanguage":"ru-RU","@id":"https:\/\/modernteh.md\/#\/schema\/logo\/image\/","url":"https:\/\/modernteh.md\/wp-content\/uploads\/2022\/06\/Logo_site-2.png","contentUrl":"https:\/\/modernteh.md\/wp-content\/uploads\/2022\/06\/Logo_site-2.png","width":500,"height":487,"caption":"Modernteh"},"image":{"@id":"https:\/\/modernteh.md\/#\/schema\/logo\/image\/"},"sameAs":["https:\/\/www.facebook.com\/profile.php?id=100082695620019"]}]}},"_links":{"self":[{"href":"https:\/\/modernteh.md\/ru\/wp-json\/wp\/v2\/product\/1333","targetHints":{"allow":["GET"]}}],"collection":[{"href":"https:\/\/modernteh.md\/ru\/wp-json\/wp\/v2\/product"}],"about":[{"href":"https:\/\/modernteh.md\/ru\/wp-json\/wp\/v2\/types\/product"}],"wp:featuredmedia":[{"embeddable":true,"href":"https:\/\/modernteh.md\/ru\/wp-json\/wp\/v2\/media\/4863"}],"wp:attachment":[{"href":"https:\/\/modernteh.md\/ru\/wp-json\/wp\/v2\/media?parent=1333"}],"wp:term":[{"taxonomy":"product_cat","embeddable":true,"href":"https:\/\/modernteh.md\/ru\/wp-json\/wp\/v2\/product_cat?post=1333"},{"taxonomy":"product_tag","embeddable":true,"href":"https:\/\/modernteh.md\/ru\/wp-json\/wp\/v2\/product_tag?post=1333"}],"curies":[{"name":"wp","href":"https:\/\/api.w.org\/{rel}","templated":true}]}}