{"id":1398,"date":"2022-06-24T11:21:10","date_gmt":"2022-06-24T11:21:10","guid":{"rendered":"https:\/\/modernteh.md\/?post_type=product&#038;p=1398"},"modified":"2025-06-30T10:49:54","modified_gmt":"2025-06-30T10:49:54","slug":"granulator-dm-120s","status":"publish","type":"product","link":"https:\/\/modernteh.md\/ru\/catalog\/granulator-dm-120s\/","title":{"rendered":"Granulator DM-120S"},"content":{"rendered":"<p>Granulator DM-120S<\/p>\n<table>\n<tbody>\n<tr>\n<th>Producator:<\/th>\n<td>Demetra<\/td>\n<\/tr>\n<tr>\n<th>Model:<\/th>\n<td>DM-120S<\/td>\n<\/tr>\n<tr>\n<th>Retea:<\/th>\n<td>220 V | 50 Hz<\/td>\n<\/tr>\n<tr>\n<th>Putere:<\/th>\n<td>3 kW<\/td>\n<\/tr>\n<tr>\n<th>Motor:<\/th>\n<td>Inclus<\/td>\n<\/tr>\n<tr>\n<th>Bobinaj motor:<\/th>\n<td>Cupru<\/td>\n<\/tr>\n<tr>\n<th>Transmisie:<\/th>\n<td>Reductor<\/td>\n<\/tr>\n<tr>\n<th>Turatii maxime motor:<\/th>\n<td>1680 rpm<\/td>\n<\/tr>\n<tr>\n<th>Diametru matrice:<\/th>\n<td>125 mm<\/td>\n<\/tr>\n<tr>\n<th>Productivitate:<\/th>\n<td>60 &#8211; 80 kg\/ora<\/td>\n<\/tr>\n<tr>\n<th>Ulei reductor:<\/th>\n<td>Nu<\/td>\n<\/tr>\n<tr>\n<th>Afisaj tensiune:<\/th>\n<td>Da<\/td>\n<\/tr>\n<tr>\n<th>Diametru gauri matrice:<\/th>\n<td>4 mm &#8211; forma de con pe ambele parti<\/td>\n<\/tr>\n<tr>\n<th>Dimensiuni:<\/th>\n<td>95 x 28 x 72 cm<\/td>\n<\/tr>\n<tr>\n<th>Greutate:<\/th>\n<td>75 kg<\/td>\n<\/tr>\n<\/tbody>\n<\/table>\n<p>Granulatoarele Demetra sunt concepute pentru transformarea cerealelor \u0219i furajelor \u00een granule, care ulterior servesc drept hran\u0103 p\u0103s\u0103rile \u0219i animalele domestice.<\/p>\n<p><b>Cum func\u021bioneaz\u0103 Granulatorul Demetra DM-120S?<\/b><\/p>\n<p>Modul de func\u021bionare a\u00a0<b>Granulatorului Demetra DM-120S<\/b>\u00a0este unul simplu, iar productivitatea acestuia este \u00een func\u021bie de dimensiunea matricei \u0219i m\u0103rimea g\u0103uri. Astfel, \u00een urma rotirii rolelor \u0219i matricei are loc presarea materiei prime m\u0103run\u021bite (f\u00e2n, cereale, vitamine, lucern\u0103, etc) \u00een g\u0103urile matricei.<\/p>\n<p>Cu ajutorul for\u021bei de frecare se ridic\u0103 o temperatur\u0103 de 30-60 grade Celsius la care sunt presate granulele, acestea ie\u0219ind fierbin\u021bi din granulator.<\/p>\n<p>Dup\u0103 ce sunt r\u0103cite, granulele devin tari \u0219i pot fi depozitate la loc uscat \u0219i r\u0103coros pentru o perioad\u0103 lung\u0103 de timp.<br \/>\nDiametrul granulelor este diferit \u00een func\u021bie de matricea folosit\u0103 (2,5 mm, 4 mm, 6 mm)<br \/>\nProductivitatea este de max. 80 kg\/or\u0103.<\/p>\n<p>Granulele pot fi consumate de urm\u0103toarele animale \u0219i p\u0103s\u0103ri: g\u0103ini ouatoare, prepelite, gaste, rate, broileri, porci, oi, iepuri, etc.<\/p>\n<p><b>De ce s\u0103 folose\u0219ti hrana granulat\u0103?<\/b><\/p>\n<p>\u25cf Cre\u0219te durata de conservare a furajelor.<\/p>\n<p>\u25cf Comprimarea mai multor tipuri de hran\u0103, sporind aportul nutritiv pentru p\u0103s\u0103ri \u0219i animalele din gospod\u0103rie.<\/p>\n<p>\u25cf Posibilitatea de a ad\u0103uga antibiotice, vitamine, la necesitate, \u00een componen\u021ba granulelor.<\/p>\n<p>\u25cf Aproximativ 95% din coloniile de mucegaiuri din materiile prime furajere vor fi distruse, substan\u021be toxice care afecteaz\u0103 negativ cre\u0219terea \u0219i s\u0103n\u0103tatea a animalelor \u0219i calitatea c\u0103rnii.<\/p>","protected":false},"excerpt":{"rendered":"<p>Granulator DM-120S Producator: Demetra Model: DM-120S Retea: 220 V | 50 Hz Putere: 3 kW Motor: Inclus Bobinaj motor: Cupru<\/p>","protected":false},"featured_media":4396,"template":"","meta":[],"product_cat":[133],"product_tag":[],"class_list":{"0":"post-1398","1":"product","2":"type-product","3":"status-publish","4":"has-post-thumbnail","6":"product_cat-granulatoare-furaje","8":"first","9":"instock","10":"sale","11":"shipping-taxable","12":"purchasable","13":"product-type-simple"},"yoast_head":"<!-- This site is optimized with the Yoast SEO plugin v20.12 - https:\/\/yoast.com\/wordpress\/plugins\/seo\/ -->\n<title>Granulator DM-120S - Modernteh<\/title>\n<meta name=\"description\" content=\"Granulator DM-120S\" \/>\n<meta name=\"robots\" content=\"index, follow, max-snippet:-1, max-image-preview:large, max-video-preview:-1\" \/>\n<link rel=\"canonical\" href=\"https:\/\/modernteh.md\/ru\/catalog\/granulator-dm-120s\/\" \/>\n<meta property=\"og:locale\" content=\"ru_RU\" \/>\n<meta property=\"og:type\" content=\"article\" \/>\n<meta property=\"og:title\" content=\"Granulator DM-120S - Modernteh\" \/>\n<meta property=\"og:description\" content=\"Granulator DM-120S\" \/>\n<meta property=\"og:url\" content=\"https:\/\/modernteh.md\/ru\/catalog\/granulator-dm-120s\/\" \/>\n<meta property=\"og:site_name\" content=\"Modernteh\" \/>\n<meta property=\"article:publisher\" content=\"https:\/\/www.facebook.com\/profile.php?id=100082695620019\" \/>\n<meta property=\"article:modified_time\" content=\"2025-06-30T10:49:54+00:00\" \/>\n<meta property=\"og:image\" content=\"https:\/\/modernteh.md\/wp-content\/uploads\/2022\/06\/Granulator-Demetra-DM-120S-motor-inclus_real_new.png\" \/>\n\t<meta property=\"og:image:width\" content=\"1150\" \/>\n\t<meta property=\"og:image:height\" content=\"1150\" \/>\n\t<meta property=\"og:image:type\" content=\"image\/png\" \/>\n<meta name=\"twitter:card\" content=\"summary_large_image\" \/>\n<meta name=\"twitter:label1\" content=\"\u041f\u0440\u0438\u043c\u0435\u0440\u043d\u043e\u0435 \u0432\u0440\u0435\u043c\u044f \u0434\u043b\u044f \u0447\u0442\u0435\u043d\u0438\u044f\" \/>\n\t<meta name=\"twitter:data1\" content=\"2 \u043c\u0438\u043d\u0443\u0442\u044b\" \/>\n<script type=\"application\/ld+json\" class=\"yoast-schema-graph\">{\"@context\":\"https:\/\/schema.org\",\"@graph\":[{\"@type\":\"WebPage\",\"@id\":\"https:\/\/modernteh.md\/catalog\/granulator-dm-120s\/\",\"url\":\"https:\/\/modernteh.md\/catalog\/granulator-dm-120s\/\",\"name\":\"Granulator DM-120S - Modernteh\",\"isPartOf\":{\"@id\":\"https:\/\/modernteh.md\/#website\"},\"datePublished\":\"2022-06-24T11:21:10+00:00\",\"dateModified\":\"2025-06-30T10:49:54+00:00\",\"description\":\"Granulator DM-120S\",\"breadcrumb\":{\"@id\":\"https:\/\/modernteh.md\/catalog\/granulator-dm-120s\/#breadcrumb\"},\"inLanguage\":\"ru-RU\",\"potentialAction\":[{\"@type\":\"ReadAction\",\"target\":[\"https:\/\/modernteh.md\/catalog\/granulator-dm-120s\/\"]}]},{\"@type\":\"BreadcrumbList\",\"@id\":\"https:\/\/modernteh.md\/catalog\/granulator-dm-120s\/#breadcrumb\",\"itemListElement\":[{\"@type\":\"ListItem\",\"position\":1,\"name\":\"Prima pagin\u0103\",\"item\":\"https:\/\/modernteh.md\/\"},{\"@type\":\"ListItem\",\"position\":2,\"name\":\"Catalog\",\"item\":\"https:\/\/modernteh.md\/catalog\/\"},{\"@type\":\"ListItem\",\"position\":3,\"name\":\"Granulator DM-120S\"}]},{\"@type\":\"WebSite\",\"@id\":\"https:\/\/modernteh.md\/#website\",\"url\":\"https:\/\/modernteh.md\/\",\"name\":\"Modernteh\",\"description\":\"Modernteh\",\"publisher\":{\"@id\":\"https:\/\/modernteh.md\/#organization\"},\"potentialAction\":[{\"@type\":\"SearchAction\",\"target\":{\"@type\":\"EntryPoint\",\"urlTemplate\":\"https:\/\/modernteh.md\/?s={search_term_string}\"},\"query-input\":\"required name=search_term_string\"}],\"inLanguage\":\"ru-RU\"},{\"@type\":\"Organization\",\"@id\":\"https:\/\/modernteh.md\/#organization\",\"name\":\"Modernteh\",\"url\":\"https:\/\/modernteh.md\/\",\"logo\":{\"@type\":\"ImageObject\",\"inLanguage\":\"ru-RU\",\"@id\":\"https:\/\/modernteh.md\/#\/schema\/logo\/image\/\",\"url\":\"https:\/\/modernteh.md\/wp-content\/uploads\/2022\/06\/Logo_site-2.png\",\"contentUrl\":\"https:\/\/modernteh.md\/wp-content\/uploads\/2022\/06\/Logo_site-2.png\",\"width\":500,\"height\":487,\"caption\":\"Modernteh\"},\"image\":{\"@id\":\"https:\/\/modernteh.md\/#\/schema\/logo\/image\/\"},\"sameAs\":[\"https:\/\/www.facebook.com\/profile.php?id=100082695620019\"]}]}<\/script>\n<!-- \/ Yoast SEO plugin. -->","yoast_head_json":{"title":"Granulator DM-120S - Modernteh","description":"Granulator DM-120S","robots":{"index":"index","follow":"follow","max-snippet":"max-snippet:-1","max-image-preview":"max-image-preview:large","max-video-preview":"max-video-preview:-1"},"canonical":"https:\/\/modernteh.md\/ru\/catalog\/granulator-dm-120s\/","og_locale":"ru_RU","og_type":"article","og_title":"Granulator DM-120S - Modernteh","og_description":"Granulator DM-120S","og_url":"https:\/\/modernteh.md\/ru\/catalog\/granulator-dm-120s\/","og_site_name":"Modernteh","article_publisher":"https:\/\/www.facebook.com\/profile.php?id=100082695620019","article_modified_time":"2025-06-30T10:49:54+00:00","og_image":[{"width":1150,"height":1150,"url":"https:\/\/modernteh.md\/wp-content\/uploads\/2022\/06\/Granulator-Demetra-DM-120S-motor-inclus_real_new.png","type":"image\/png"}],"twitter_card":"summary_large_image","twitter_misc":{"\u041f\u0440\u0438\u043c\u0435\u0440\u043d\u043e\u0435 \u0432\u0440\u0435\u043c\u044f \u0434\u043b\u044f \u0447\u0442\u0435\u043d\u0438\u044f":"2 \u043c\u0438\u043d\u0443\u0442\u044b"},"schema":{"@context":"https:\/\/schema.org","@graph":[{"@type":"WebPage","@id":"https:\/\/modernteh.md\/catalog\/granulator-dm-120s\/","url":"https:\/\/modernteh.md\/catalog\/granulator-dm-120s\/","name":"Granulator DM-120S - Modernteh","isPartOf":{"@id":"https:\/\/modernteh.md\/#website"},"datePublished":"2022-06-24T11:21:10+00:00","dateModified":"2025-06-30T10:49:54+00:00","description":"Granulator DM-120S","breadcrumb":{"@id":"https:\/\/modernteh.md\/catalog\/granulator-dm-120s\/#breadcrumb"},"inLanguage":"ru-RU","potentialAction":[{"@type":"ReadAction","target":["https:\/\/modernteh.md\/catalog\/granulator-dm-120s\/"]}]},{"@type":"BreadcrumbList","@id":"https:\/\/modernteh.md\/catalog\/granulator-dm-120s\/#breadcrumb","itemListElement":[{"@type":"ListItem","position":1,"name":"Prima pagin\u0103","item":"https:\/\/modernteh.md\/"},{"@type":"ListItem","position":2,"name":"Catalog","item":"https:\/\/modernteh.md\/catalog\/"},{"@type":"ListItem","position":3,"name":"Granulator DM-120S"}]},{"@type":"WebSite","@id":"https:\/\/modernteh.md\/#website","url":"https:\/\/modernteh.md\/","name":"Modernteh","description":"Modernteh","publisher":{"@id":"https:\/\/modernteh.md\/#organization"},"potentialAction":[{"@type":"SearchAction","target":{"@type":"EntryPoint","urlTemplate":"https:\/\/modernteh.md\/?s={search_term_string}"},"query-input":"required name=search_term_string"}],"inLanguage":"ru-RU"},{"@type":"Organization","@id":"https:\/\/modernteh.md\/#organization","name":"Modernteh","url":"https:\/\/modernteh.md\/","logo":{"@type":"ImageObject","inLanguage":"ru-RU","@id":"https:\/\/modernteh.md\/#\/schema\/logo\/image\/","url":"https:\/\/modernteh.md\/wp-content\/uploads\/2022\/06\/Logo_site-2.png","contentUrl":"https:\/\/modernteh.md\/wp-content\/uploads\/2022\/06\/Logo_site-2.png","width":500,"height":487,"caption":"Modernteh"},"image":{"@id":"https:\/\/modernteh.md\/#\/schema\/logo\/image\/"},"sameAs":["https:\/\/www.facebook.com\/profile.php?id=100082695620019"]}]}},"_links":{"self":[{"href":"https:\/\/modernteh.md\/ru\/wp-json\/wp\/v2\/product\/1398","targetHints":{"allow":["GET"]}}],"collection":[{"href":"https:\/\/modernteh.md\/ru\/wp-json\/wp\/v2\/product"}],"about":[{"href":"https:\/\/modernteh.md\/ru\/wp-json\/wp\/v2\/types\/product"}],"wp:featuredmedia":[{"embeddable":true,"href":"https:\/\/modernteh.md\/ru\/wp-json\/wp\/v2\/media\/4396"}],"wp:attachment":[{"href":"https:\/\/modernteh.md\/ru\/wp-json\/wp\/v2\/media?parent=1398"}],"wp:term":[{"taxonomy":"product_cat","embeddable":true,"href":"https:\/\/modernteh.md\/ru\/wp-json\/wp\/v2\/product_cat?post=1398"},{"taxonomy":"product_tag","embeddable":true,"href":"https:\/\/modernteh.md\/ru\/wp-json\/wp\/v2\/product_tag?post=1398"}],"curies":[{"name":"wp","href":"https:\/\/api.w.org\/{rel}","templated":true}]}}