{"id":1428,"date":"2022-06-24T11:56:43","date_gmt":"2022-06-24T11:56:43","guid":{"rendered":"https:\/\/modernteh.md\/?post_type=product&#038;p=1428"},"modified":"2022-06-24T11:56:43","modified_gmt":"2022-06-24T11:56:43","slug":"motor-briggs-stratton-xr-1450","status":"publish","type":"product","link":"https:\/\/modernteh.md\/ru\/catalog\/motor-briggs-stratton-xr-1450\/","title":{"rendered":"Motor Briggs &#038; Stratton XR 1450"},"content":{"rendered":"<p>Putere-10.5 C.P la 3600 RPM<br \/>\nCapacitate cilindrica 306 CC<br \/>\n Pornire- Manuala<br \/>\nFiltru- cartus<br \/>\nAx pina la &#8211; 25.4 mm<br \/>\nTehnologia motorului Monocilindru, \u00een 4 timpi, r\u0103cit cu aer, OHV (Supap\u0103 aerian\u0103) Cuplu brut * (Nm)2&#8217;600 rpm<br \/>\n Capacitatea rezervorului de combustibil (l) 6,6<br \/>\n Capacitate ulei (l) 1,1<br \/>\n Greutate (kg) 31,0<br \/>\nDimensiuni Lungime (mm) 499  Dimensiuni L\u0103\u021bime (mm) 370  Dimensiuni \u00cen\u0103l\u021bime (mm) 443<\/p>","protected":false},"excerpt":{"rendered":"<p>Putere-10.5 C.P la 3600 RPM Capacitate cilindrica 306 CC Pornire- Manuala Filtru- cartus Ax pina la &#8211; 25.4 mm Tehnologia<\/p>","protected":false},"featured_media":1429,"template":"","meta":[],"product_cat":[121],"product_tag":[],"class_list":{"0":"post-1428","1":"product","2":"type-product","3":"status-publish","4":"has-post-thumbnail","6":"product_cat-motoare-benzina-diesel","8":"first","9":"instock","10":"shipping-taxable","11":"purchasable","12":"product-type-simple"},"yoast_head":"<!-- This site is optimized with the Yoast SEO plugin v20.12 - https:\/\/yoast.com\/wordpress\/plugins\/seo\/ -->\n<title>Motor Briggs &amp; Stratton XR 1450 - Modernteh<\/title>\n<meta name=\"robots\" content=\"index, follow, max-snippet:-1, max-image-preview:large, max-video-preview:-1\" \/>\n<link rel=\"canonical\" href=\"https:\/\/modernteh.md\/ru\/catalog\/motor-briggs-stratton-xr-1450\/\" \/>\n<meta property=\"og:locale\" content=\"ru_RU\" \/>\n<meta property=\"og:type\" content=\"article\" \/>\n<meta property=\"og:title\" content=\"Motor Briggs &amp; Stratton XR 1450 - Modernteh\" \/>\n<meta property=\"og:description\" content=\"Putere-10.5 C.P la 3600 RPM Capacitate cilindrica 306 CC Pornire- Manuala Filtru- cartus Ax pina la &#8211; 25.4 mm Tehnologia\" \/>\n<meta property=\"og:url\" content=\"https:\/\/modernteh.md\/ru\/catalog\/motor-briggs-stratton-xr-1450\/\" \/>\n<meta property=\"og:site_name\" content=\"Modernteh\" \/>\n<meta property=\"article:publisher\" content=\"https:\/\/www.facebook.com\/profile.php?id=100082695620019\" \/>\n<meta property=\"og:image\" content=\"https:\/\/modernteh.md\/wp-content\/uploads\/2022\/06\/9d6ea48ea29d3cea8b47bf97fa56434b.jpg\" \/>\n\t<meta property=\"og:image:width\" content=\"647\" \/>\n\t<meta property=\"og:image:height\" content=\"582\" \/>\n\t<meta property=\"og:image:type\" content=\"image\/jpeg\" \/>\n<meta name=\"twitter:card\" content=\"summary_large_image\" \/>\n<script type=\"application\/ld+json\" class=\"yoast-schema-graph\">{\"@context\":\"https:\/\/schema.org\",\"@graph\":[{\"@type\":\"WebPage\",\"@id\":\"https:\/\/modernteh.md\/catalog\/motor-briggs-stratton-xr-1450\/\",\"url\":\"https:\/\/modernteh.md\/catalog\/motor-briggs-stratton-xr-1450\/\",\"name\":\"Motor Briggs & Stratton XR 1450 - Modernteh\",\"isPartOf\":{\"@id\":\"https:\/\/modernteh.md\/#website\"},\"datePublished\":\"2022-06-24T11:56:43+00:00\",\"dateModified\":\"2022-06-24T11:56:43+00:00\",\"breadcrumb\":{\"@id\":\"https:\/\/modernteh.md\/catalog\/motor-briggs-stratton-xr-1450\/#breadcrumb\"},\"inLanguage\":\"ru-RU\",\"potentialAction\":[{\"@type\":\"ReadAction\",\"target\":[\"https:\/\/modernteh.md\/catalog\/motor-briggs-stratton-xr-1450\/\"]}]},{\"@type\":\"BreadcrumbList\",\"@id\":\"https:\/\/modernteh.md\/catalog\/motor-briggs-stratton-xr-1450\/#breadcrumb\",\"itemListElement\":[{\"@type\":\"ListItem\",\"position\":1,\"name\":\"Prima pagin\u0103\",\"item\":\"https:\/\/modernteh.md\/\"},{\"@type\":\"ListItem\",\"position\":2,\"name\":\"Catalog\",\"item\":\"https:\/\/modernteh.md\/catalog\/\"},{\"@type\":\"ListItem\",\"position\":3,\"name\":\"Motor Briggs &#038; Stratton XR 1450\"}]},{\"@type\":\"WebSite\",\"@id\":\"https:\/\/modernteh.md\/#website\",\"url\":\"https:\/\/modernteh.md\/\",\"name\":\"Modernteh\",\"description\":\"Modernteh\",\"publisher\":{\"@id\":\"https:\/\/modernteh.md\/#organization\"},\"potentialAction\":[{\"@type\":\"SearchAction\",\"target\":{\"@type\":\"EntryPoint\",\"urlTemplate\":\"https:\/\/modernteh.md\/?s={search_term_string}\"},\"query-input\":\"required name=search_term_string\"}],\"inLanguage\":\"ru-RU\"},{\"@type\":\"Organization\",\"@id\":\"https:\/\/modernteh.md\/#organization\",\"name\":\"Modernteh\",\"url\":\"https:\/\/modernteh.md\/\",\"logo\":{\"@type\":\"ImageObject\",\"inLanguage\":\"ru-RU\",\"@id\":\"https:\/\/modernteh.md\/#\/schema\/logo\/image\/\",\"url\":\"https:\/\/modernteh.md\/wp-content\/uploads\/2022\/06\/Logo_site-2.png\",\"contentUrl\":\"https:\/\/modernteh.md\/wp-content\/uploads\/2022\/06\/Logo_site-2.png\",\"width\":500,\"height\":487,\"caption\":\"Modernteh\"},\"image\":{\"@id\":\"https:\/\/modernteh.md\/#\/schema\/logo\/image\/\"},\"sameAs\":[\"https:\/\/www.facebook.com\/profile.php?id=100082695620019\"]}]}<\/script>\n<!-- \/ Yoast SEO plugin. -->","yoast_head_json":{"title":"Motor Briggs & Stratton XR 1450 - Modernteh","robots":{"index":"index","follow":"follow","max-snippet":"max-snippet:-1","max-image-preview":"max-image-preview:large","max-video-preview":"max-video-preview:-1"},"canonical":"https:\/\/modernteh.md\/ru\/catalog\/motor-briggs-stratton-xr-1450\/","og_locale":"ru_RU","og_type":"article","og_title":"Motor Briggs & Stratton XR 1450 - Modernteh","og_description":"Putere-10.5 C.P la 3600 RPM Capacitate cilindrica 306 CC Pornire- Manuala Filtru- cartus Ax pina la &#8211; 25.4 mm Tehnologia","og_url":"https:\/\/modernteh.md\/ru\/catalog\/motor-briggs-stratton-xr-1450\/","og_site_name":"Modernteh","article_publisher":"https:\/\/www.facebook.com\/profile.php?id=100082695620019","og_image":[{"width":647,"height":582,"url":"https:\/\/modernteh.md\/wp-content\/uploads\/2022\/06\/9d6ea48ea29d3cea8b47bf97fa56434b.jpg","type":"image\/jpeg"}],"twitter_card":"summary_large_image","schema":{"@context":"https:\/\/schema.org","@graph":[{"@type":"WebPage","@id":"https:\/\/modernteh.md\/catalog\/motor-briggs-stratton-xr-1450\/","url":"https:\/\/modernteh.md\/catalog\/motor-briggs-stratton-xr-1450\/","name":"Motor Briggs & Stratton XR 1450 - Modernteh","isPartOf":{"@id":"https:\/\/modernteh.md\/#website"},"datePublished":"2022-06-24T11:56:43+00:00","dateModified":"2022-06-24T11:56:43+00:00","breadcrumb":{"@id":"https:\/\/modernteh.md\/catalog\/motor-briggs-stratton-xr-1450\/#breadcrumb"},"inLanguage":"ru-RU","potentialAction":[{"@type":"ReadAction","target":["https:\/\/modernteh.md\/catalog\/motor-briggs-stratton-xr-1450\/"]}]},{"@type":"BreadcrumbList","@id":"https:\/\/modernteh.md\/catalog\/motor-briggs-stratton-xr-1450\/#breadcrumb","itemListElement":[{"@type":"ListItem","position":1,"name":"Prima pagin\u0103","item":"https:\/\/modernteh.md\/"},{"@type":"ListItem","position":2,"name":"Catalog","item":"https:\/\/modernteh.md\/catalog\/"},{"@type":"ListItem","position":3,"name":"Motor Briggs &#038; Stratton XR 1450"}]},{"@type":"WebSite","@id":"https:\/\/modernteh.md\/#website","url":"https:\/\/modernteh.md\/","name":"Modernteh","description":"Modernteh","publisher":{"@id":"https:\/\/modernteh.md\/#organization"},"potentialAction":[{"@type":"SearchAction","target":{"@type":"EntryPoint","urlTemplate":"https:\/\/modernteh.md\/?s={search_term_string}"},"query-input":"required name=search_term_string"}],"inLanguage":"ru-RU"},{"@type":"Organization","@id":"https:\/\/modernteh.md\/#organization","name":"Modernteh","url":"https:\/\/modernteh.md\/","logo":{"@type":"ImageObject","inLanguage":"ru-RU","@id":"https:\/\/modernteh.md\/#\/schema\/logo\/image\/","url":"https:\/\/modernteh.md\/wp-content\/uploads\/2022\/06\/Logo_site-2.png","contentUrl":"https:\/\/modernteh.md\/wp-content\/uploads\/2022\/06\/Logo_site-2.png","width":500,"height":487,"caption":"Modernteh"},"image":{"@id":"https:\/\/modernteh.md\/#\/schema\/logo\/image\/"},"sameAs":["https:\/\/www.facebook.com\/profile.php?id=100082695620019"]}]}},"_links":{"self":[{"href":"https:\/\/modernteh.md\/ru\/wp-json\/wp\/v2\/product\/1428","targetHints":{"allow":["GET"]}}],"collection":[{"href":"https:\/\/modernteh.md\/ru\/wp-json\/wp\/v2\/product"}],"about":[{"href":"https:\/\/modernteh.md\/ru\/wp-json\/wp\/v2\/types\/product"}],"wp:featuredmedia":[{"embeddable":true,"href":"https:\/\/modernteh.md\/ru\/wp-json\/wp\/v2\/media\/1429"}],"wp:attachment":[{"href":"https:\/\/modernteh.md\/ru\/wp-json\/wp\/v2\/media?parent=1428"}],"wp:term":[{"taxonomy":"product_cat","embeddable":true,"href":"https:\/\/modernteh.md\/ru\/wp-json\/wp\/v2\/product_cat?post=1428"},{"taxonomy":"product_tag","embeddable":true,"href":"https:\/\/modernteh.md\/ru\/wp-json\/wp\/v2\/product_tag?post=1428"}],"curies":[{"name":"wp","href":"https:\/\/api.w.org\/{rel}","templated":true}]}}