{"id":1430,"date":"2022-06-24T12:00:16","date_gmt":"2022-06-24T12:00:16","guid":{"rendered":"https:\/\/modernteh.md\/?post_type=product&#038;p=1430"},"modified":"2024-06-10T08:57:48","modified_gmt":"2024-06-10T08:57:48","slug":"motor-briggs-stratton-xr-2100-electric-start","status":"publish","type":"product","link":"https:\/\/modernteh.md\/ru\/catalog\/motor-briggs-stratton-xr-2100-electric-start\/","title":{"rendered":"Motor Briggs &#038; Stratton XR 2100 ELECTRIC START"},"content":{"rendered":"<p>Putere-13.5 C.P<br \/>\nPornire- Electrica\/Manuala<br \/>\nAx pina &#8211; 25.4 mm pana\/conic<br \/>\nAx conic lung pentru generator<\/p>\n<p>Tehnologia motorului<br \/>\nMonocilindru, \u00een 4 timpi, r\u0103cit cu aer, OHV (Supap\u0103 aerian\u0103)<br \/>\nCuplu brut * (Nm)2&#8217;600 rpm<br \/>\nCapacitatea rezervorului de combustibil (l) 6,6<br \/>\nCapacitate ulei (l) 1,1<br \/>\nGreutate (kg) 31,0<br \/>\nDimensiuni Lungime (mm) 499<br \/>\nDimensiuni L\u0103\u021bime (mm) 370<br \/>\nDimensiuni \u00cen\u0103l\u021bime (mm) 443<br \/>\nMotorul este potrivit pentru o gam\u0103 larg\u0103 de aplica\u021bii grele, cum ar fi echipamente de construc\u021bii, motocultoare, generatoare, sudori, pompe \u0219i alte aplica\u021bii industriale.<\/p>","protected":false},"excerpt":{"rendered":"<p>Putere-13.5 C.P Pornire- Electrica\/Manuala Ax pina &#8211; 25.4 mm pana\/conic Ax conic lung pentru generator Tehnologia motorului Monocilindru, \u00een 4<\/p>","protected":false},"featured_media":2907,"template":"","meta":[],"product_cat":[121],"product_tag":[],"class_list":{"0":"post-1430","1":"product","2":"type-product","3":"status-publish","4":"has-post-thumbnail","6":"product_cat-motoare-benzina-diesel","8":"first","9":"instock","10":"shipping-taxable","11":"purchasable","12":"product-type-simple"},"yoast_head":"<!-- This site is optimized with the Yoast SEO plugin v20.12 - https:\/\/yoast.com\/wordpress\/plugins\/seo\/ -->\n<title>Motor Briggs &amp; Stratton XR 2100 ELECTRIC START - Modernteh<\/title>\n<meta name=\"robots\" content=\"index, follow, max-snippet:-1, max-image-preview:large, max-video-preview:-1\" \/>\n<link rel=\"canonical\" href=\"https:\/\/modernteh.md\/ru\/catalog\/motor-briggs-stratton-xr-2100-electric-start\/\" \/>\n<meta property=\"og:locale\" content=\"ru_RU\" \/>\n<meta property=\"og:type\" content=\"article\" \/>\n<meta property=\"og:title\" content=\"Motor Briggs &amp; Stratton XR 2100 ELECTRIC START - Modernteh\" \/>\n<meta property=\"og:description\" content=\"Putere-13.5 C.P Pornire- Electrica\/Manuala Ax pina &#8211; 25.4 mm pana\/conic Ax conic lung pentru generator Tehnologia motorului Monocilindru, \u00een 4\" \/>\n<meta property=\"og:url\" content=\"https:\/\/modernteh.md\/ru\/catalog\/motor-briggs-stratton-xr-2100-electric-start\/\" \/>\n<meta property=\"og:site_name\" content=\"Modernteh\" \/>\n<meta property=\"article:publisher\" content=\"https:\/\/www.facebook.com\/profile.php?id=100082695620019\" \/>\n<meta property=\"article:modified_time\" content=\"2024-06-10T08:57:48+00:00\" \/>\n<meta property=\"og:image\" content=\"https:\/\/modernteh.md\/wp-content\/uploads\/2022\/06\/xr2100.jpg\" \/>\n\t<meta property=\"og:image:width\" content=\"300\" \/>\n\t<meta property=\"og:image:height\" content=\"300\" \/>\n\t<meta property=\"og:image:type\" content=\"image\/jpeg\" \/>\n<meta name=\"twitter:card\" content=\"summary_large_image\" \/>\n<meta name=\"twitter:label1\" content=\"\u041f\u0440\u0438\u043c\u0435\u0440\u043d\u043e\u0435 \u0432\u0440\u0435\u043c\u044f \u0434\u043b\u044f \u0447\u0442\u0435\u043d\u0438\u044f\" \/>\n\t<meta name=\"twitter:data1\" content=\"1 \u043c\u0438\u043d\u0443\u0442\u0430\" \/>\n<script type=\"application\/ld+json\" class=\"yoast-schema-graph\">{\"@context\":\"https:\/\/schema.org\",\"@graph\":[{\"@type\":\"WebPage\",\"@id\":\"https:\/\/modernteh.md\/catalog\/motor-briggs-stratton-xr-2100-electric-start\/\",\"url\":\"https:\/\/modernteh.md\/catalog\/motor-briggs-stratton-xr-2100-electric-start\/\",\"name\":\"Motor Briggs & Stratton XR 2100 ELECTRIC START - Modernteh\",\"isPartOf\":{\"@id\":\"https:\/\/modernteh.md\/#website\"},\"datePublished\":\"2022-06-24T12:00:16+00:00\",\"dateModified\":\"2024-06-10T08:57:48+00:00\",\"breadcrumb\":{\"@id\":\"https:\/\/modernteh.md\/catalog\/motor-briggs-stratton-xr-2100-electric-start\/#breadcrumb\"},\"inLanguage\":\"ru-RU\",\"potentialAction\":[{\"@type\":\"ReadAction\",\"target\":[\"https:\/\/modernteh.md\/catalog\/motor-briggs-stratton-xr-2100-electric-start\/\"]}]},{\"@type\":\"BreadcrumbList\",\"@id\":\"https:\/\/modernteh.md\/catalog\/motor-briggs-stratton-xr-2100-electric-start\/#breadcrumb\",\"itemListElement\":[{\"@type\":\"ListItem\",\"position\":1,\"name\":\"Prima pagin\u0103\",\"item\":\"https:\/\/modernteh.md\/\"},{\"@type\":\"ListItem\",\"position\":2,\"name\":\"Catalog\",\"item\":\"https:\/\/modernteh.md\/catalog\/\"},{\"@type\":\"ListItem\",\"position\":3,\"name\":\"Motor Briggs &#038; Stratton XR 2100 ELECTRIC START\"}]},{\"@type\":\"WebSite\",\"@id\":\"https:\/\/modernteh.md\/#website\",\"url\":\"https:\/\/modernteh.md\/\",\"name\":\"Modernteh\",\"description\":\"Modernteh\",\"publisher\":{\"@id\":\"https:\/\/modernteh.md\/#organization\"},\"potentialAction\":[{\"@type\":\"SearchAction\",\"target\":{\"@type\":\"EntryPoint\",\"urlTemplate\":\"https:\/\/modernteh.md\/?s={search_term_string}\"},\"query-input\":\"required name=search_term_string\"}],\"inLanguage\":\"ru-RU\"},{\"@type\":\"Organization\",\"@id\":\"https:\/\/modernteh.md\/#organization\",\"name\":\"Modernteh\",\"url\":\"https:\/\/modernteh.md\/\",\"logo\":{\"@type\":\"ImageObject\",\"inLanguage\":\"ru-RU\",\"@id\":\"https:\/\/modernteh.md\/#\/schema\/logo\/image\/\",\"url\":\"https:\/\/modernteh.md\/wp-content\/uploads\/2022\/06\/Logo_site-2.png\",\"contentUrl\":\"https:\/\/modernteh.md\/wp-content\/uploads\/2022\/06\/Logo_site-2.png\",\"width\":500,\"height\":487,\"caption\":\"Modernteh\"},\"image\":{\"@id\":\"https:\/\/modernteh.md\/#\/schema\/logo\/image\/\"},\"sameAs\":[\"https:\/\/www.facebook.com\/profile.php?id=100082695620019\"]}]}<\/script>\n<!-- \/ Yoast SEO plugin. -->","yoast_head_json":{"title":"Motor Briggs & Stratton XR 2100 ELECTRIC START - Modernteh","robots":{"index":"index","follow":"follow","max-snippet":"max-snippet:-1","max-image-preview":"max-image-preview:large","max-video-preview":"max-video-preview:-1"},"canonical":"https:\/\/modernteh.md\/ru\/catalog\/motor-briggs-stratton-xr-2100-electric-start\/","og_locale":"ru_RU","og_type":"article","og_title":"Motor Briggs & Stratton XR 2100 ELECTRIC START - Modernteh","og_description":"Putere-13.5 C.P Pornire- Electrica\/Manuala Ax pina &#8211; 25.4 mm pana\/conic Ax conic lung pentru generator Tehnologia motorului Monocilindru, \u00een 4","og_url":"https:\/\/modernteh.md\/ru\/catalog\/motor-briggs-stratton-xr-2100-electric-start\/","og_site_name":"Modernteh","article_publisher":"https:\/\/www.facebook.com\/profile.php?id=100082695620019","article_modified_time":"2024-06-10T08:57:48+00:00","og_image":[{"width":300,"height":300,"url":"https:\/\/modernteh.md\/wp-content\/uploads\/2022\/06\/xr2100.jpg","type":"image\/jpeg"}],"twitter_card":"summary_large_image","twitter_misc":{"\u041f\u0440\u0438\u043c\u0435\u0440\u043d\u043e\u0435 \u0432\u0440\u0435\u043c\u044f \u0434\u043b\u044f \u0447\u0442\u0435\u043d\u0438\u044f":"1 \u043c\u0438\u043d\u0443\u0442\u0430"},"schema":{"@context":"https:\/\/schema.org","@graph":[{"@type":"WebPage","@id":"https:\/\/modernteh.md\/catalog\/motor-briggs-stratton-xr-2100-electric-start\/","url":"https:\/\/modernteh.md\/catalog\/motor-briggs-stratton-xr-2100-electric-start\/","name":"Motor Briggs & Stratton XR 2100 ELECTRIC START - Modernteh","isPartOf":{"@id":"https:\/\/modernteh.md\/#website"},"datePublished":"2022-06-24T12:00:16+00:00","dateModified":"2024-06-10T08:57:48+00:00","breadcrumb":{"@id":"https:\/\/modernteh.md\/catalog\/motor-briggs-stratton-xr-2100-electric-start\/#breadcrumb"},"inLanguage":"ru-RU","potentialAction":[{"@type":"ReadAction","target":["https:\/\/modernteh.md\/catalog\/motor-briggs-stratton-xr-2100-electric-start\/"]}]},{"@type":"BreadcrumbList","@id":"https:\/\/modernteh.md\/catalog\/motor-briggs-stratton-xr-2100-electric-start\/#breadcrumb","itemListElement":[{"@type":"ListItem","position":1,"name":"Prima pagin\u0103","item":"https:\/\/modernteh.md\/"},{"@type":"ListItem","position":2,"name":"Catalog","item":"https:\/\/modernteh.md\/catalog\/"},{"@type":"ListItem","position":3,"name":"Motor Briggs &#038; Stratton XR 2100 ELECTRIC START"}]},{"@type":"WebSite","@id":"https:\/\/modernteh.md\/#website","url":"https:\/\/modernteh.md\/","name":"Modernteh","description":"Modernteh","publisher":{"@id":"https:\/\/modernteh.md\/#organization"},"potentialAction":[{"@type":"SearchAction","target":{"@type":"EntryPoint","urlTemplate":"https:\/\/modernteh.md\/?s={search_term_string}"},"query-input":"required name=search_term_string"}],"inLanguage":"ru-RU"},{"@type":"Organization","@id":"https:\/\/modernteh.md\/#organization","name":"Modernteh","url":"https:\/\/modernteh.md\/","logo":{"@type":"ImageObject","inLanguage":"ru-RU","@id":"https:\/\/modernteh.md\/#\/schema\/logo\/image\/","url":"https:\/\/modernteh.md\/wp-content\/uploads\/2022\/06\/Logo_site-2.png","contentUrl":"https:\/\/modernteh.md\/wp-content\/uploads\/2022\/06\/Logo_site-2.png","width":500,"height":487,"caption":"Modernteh"},"image":{"@id":"https:\/\/modernteh.md\/#\/schema\/logo\/image\/"},"sameAs":["https:\/\/www.facebook.com\/profile.php?id=100082695620019"]}]}},"_links":{"self":[{"href":"https:\/\/modernteh.md\/ru\/wp-json\/wp\/v2\/product\/1430","targetHints":{"allow":["GET"]}}],"collection":[{"href":"https:\/\/modernteh.md\/ru\/wp-json\/wp\/v2\/product"}],"about":[{"href":"https:\/\/modernteh.md\/ru\/wp-json\/wp\/v2\/types\/product"}],"wp:featuredmedia":[{"embeddable":true,"href":"https:\/\/modernteh.md\/ru\/wp-json\/wp\/v2\/media\/2907"}],"wp:attachment":[{"href":"https:\/\/modernteh.md\/ru\/wp-json\/wp\/v2\/media?parent=1430"}],"wp:term":[{"taxonomy":"product_cat","embeddable":true,"href":"https:\/\/modernteh.md\/ru\/wp-json\/wp\/v2\/product_cat?post=1430"},{"taxonomy":"product_tag","embeddable":true,"href":"https:\/\/modernteh.md\/ru\/wp-json\/wp\/v2\/product_tag?post=1430"}],"curies":[{"name":"wp","href":"https:\/\/api.w.org\/{rel}","templated":true}]}}