{"id":1548,"date":"2022-06-24T19:48:53","date_gmt":"2022-06-24T19:48:53","guid":{"rendered":"https:\/\/modernteh.md\/?post_type=product&#038;p=1548"},"modified":"2026-01-08T09:53:21","modified_gmt":"2026-01-08T09:53:21","slug":"incubator-pentru-oua-demetra-dm-500","status":"publish","type":"product","link":"https:\/\/modernteh.md\/ru\/catalog\/incubator-pentru-oua-demetra-dm-500\/","title":{"rendered":"Incubator pentru oua DM-500"},"content":{"rendered":"<p>Incubator pentru oua DM-500<br \/>\nModel: DM-500<br \/>\nTip alimentare: 220 V \/ 12 V<br \/>\nCapacitate: Oua de gaina: 500<br \/>\nOua de rata: 500<br \/>\nOua de gasca: 240-380<br \/>\nOua de prepelita: 960<br \/>\nRegimuri de incubare: 4<br \/>\nNumarul de intoarceri: 2.5 rpm<br \/>\nPutere motor intoarcere: 4 W<br \/>\nControl de umiditate: Da<br \/>\nTermometru: Da<br \/>\nIncubatorul pentru ou\u0103 DM-500 este conceput pentru incubarea oualor intr-un mediu unde temperatura intern\u0103 este constant\u0103, are alimentare cu curent la priza standard de 220 V \u0219i se poate conecta la un acumulator de 12 V(cablurile de conectare se afl\u0103 \u00een complet), \u00een cazul c\u0103derii curentului, incubatorul se va alimenta automat de la acumulator. Incubatorul are \u0219i invertor ce se conecteaz\u0103 la acumulator, conectarea se face manual.<br \/>\nAcest incubator are 8 gratare, fiind potrivit pentru aproape toate tipurile de ou\u0103, are capacitatea de 500 de ou\u0103 de g\u0103in\u0103, 500 ou\u0103 de ra\u021b\u0103, 256 &#8211; 336 ou\u0103 de g\u00e2sc\u0103 \u0219i 960 ou\u0103 de prepeli\u021be, camera pentru suplimentarea alveolelor pentru apa, tenului \u0219i ventilatorului este separat\u0103 de camera de incubare pentru a asigura o ventilatie optima si un nivel ridicat de oxigen pentru o eclozare la timp si cu un procent cat mai ridicat, este foarte u\u0219or de cur\u0103\u021bat, av\u00e2nd o func\u021bionalitate unic\u0103, care nu produce zgomot, avantajul acestui incubator este c\u0103 se poate seta o temperatur\u0103 corespunz\u0103toare prin ap\u0103sarea butoanelor de control \u0219i afi\u0219area datelor pe ecranul cu LED-uri, controllerul av\u00e2nd 4 regimuri automate, pentru gain\u0103, ra\u021b\u0103, g\u00e2sc\u0103 \u0219i prepeli\u021b\u0103 \u00een care \u00een indepeden\u021b\u0103 de tipul de ou, temperatura \u0219i umiditatea se regleaz\u0103 automat. Iar datorit\u0103 orificiilor e asigurat\u0103 o ventilatie lent\u0103 \u0219i continu\u0103 a aerului din interior, \u00eenlatur\u00e2nd astfel excesul de bioxid de carbon \u0219i alte noxe rezultate in timpul incubarii.<br \/>\nAre ca p\u0103r\u021bi componente:<br \/>\n\u2714\ufe0f Suporturi cu sistem de intoarcere automata a oualor 360\u00b0.<br \/>\n\u2714\ufe0f Lampa LED.<br \/>\n\u2714\ufe0f Senzor care asigura controlul automat al temperaturii si a umiditatii.<br \/>\n\u2714\ufe0f Panou de afisare a temperaturii de incubare si a umiditatii din interiorul incubatorului.<br \/>\n\u2714\ufe0f Sistem de ventila\u021bie optimizat care asigura o temperatura uniforma in interiorul incubatorului.<br \/>\n\u2714\ufe0f Carcasa confectionata dintr-un material termoizolant, care asigura o temperatura optima si constanta in interior.<br \/>\n\u2714\ufe0f Geam ce ofera posibilitatea de a privi in interiorul incubatorului fara a mai deschide u\u0219a acestuia.<br \/>\n\u2714\ufe0f Ovoscop separat care ne ajut\u0103 s\u0103 verific\u0103m fertilitatea oualor puse la incubat, \u00een complet exist\u0103 \u0219i ni\u0219te l\u0103zi pentru fiecare gr\u0103tar, la care \u00een ultimele zile ou\u0103le se pun pe ea, a\u0219tept\u00e2nd eclozarea puilor.<br \/>\n\u2714\ufe0f Ten de c\u0103ldur\u0103 de rezerv\u0103.<\/p>","protected":false},"excerpt":{"rendered":"<p>Incubator pentru oua DM-500 Model: DM-500 Tip alimentare: 220 V \/ 12 V Capacitate: Oua de gaina: 500 Oua de<\/p>","protected":false},"featured_media":1549,"template":"","meta":[],"product_cat":[137],"product_tag":[],"class_list":{"0":"post-1548","1":"product","2":"type-product","3":"status-publish","4":"has-post-thumbnail","6":"product_cat-incubatoare-automate","8":"first","9":"instock","10":"sale","11":"shipping-taxable","12":"purchasable","13":"product-type-simple"},"yoast_head":"<!-- This site is optimized with the Yoast SEO plugin v20.12 - https:\/\/yoast.com\/wordpress\/plugins\/seo\/ -->\n<title>Incubator pentru oua DM-500 - Modernteh<\/title>\n<meta name=\"description\" content=\"Incubator pentru oua Demetra DM-500\" \/>\n<meta name=\"robots\" content=\"index, follow, max-snippet:-1, max-image-preview:large, max-video-preview:-1\" \/>\n<link rel=\"canonical\" href=\"https:\/\/modernteh.md\/ru\/catalog\/incubator-pentru-oua-demetra-dm-500\/\" \/>\n<meta property=\"og:locale\" content=\"ru_RU\" \/>\n<meta property=\"og:type\" content=\"article\" \/>\n<meta property=\"og:title\" content=\"Incubator pentru oua DM-500 - Modernteh\" \/>\n<meta property=\"og:description\" content=\"Incubator pentru oua Demetra DM-500\" \/>\n<meta property=\"og:url\" content=\"https:\/\/modernteh.md\/ru\/catalog\/incubator-pentru-oua-demetra-dm-500\/\" \/>\n<meta property=\"og:site_name\" content=\"Modernteh\" \/>\n<meta property=\"article:publisher\" content=\"https:\/\/www.facebook.com\/profile.php?id=100082695620019\" \/>\n<meta property=\"article:modified_time\" content=\"2026-01-08T09:53:21+00:00\" \/>\n<meta property=\"og:image\" content=\"https:\/\/modernteh.md\/wp-content\/uploads\/2022\/06\/18-3.jpg\" \/>\n\t<meta property=\"og:image:width\" content=\"500\" \/>\n\t<meta property=\"og:image:height\" content=\"500\" \/>\n\t<meta property=\"og:image:type\" content=\"image\/jpeg\" \/>\n<meta name=\"twitter:card\" content=\"summary_large_image\" \/>\n<meta name=\"twitter:label1\" content=\"\u041f\u0440\u0438\u043c\u0435\u0440\u043d\u043e\u0435 \u0432\u0440\u0435\u043c\u044f \u0434\u043b\u044f \u0447\u0442\u0435\u043d\u0438\u044f\" \/>\n\t<meta name=\"twitter:data1\" content=\"3 \u043c\u0438\u043d\u0443\u0442\u044b\" \/>\n<script type=\"application\/ld+json\" class=\"yoast-schema-graph\">{\"@context\":\"https:\/\/schema.org\",\"@graph\":[{\"@type\":\"WebPage\",\"@id\":\"https:\/\/modernteh.md\/catalog\/incubator-pentru-oua-demetra-dm-500\/\",\"url\":\"https:\/\/modernteh.md\/catalog\/incubator-pentru-oua-demetra-dm-500\/\",\"name\":\"Incubator pentru oua DM-500 - Modernteh\",\"isPartOf\":{\"@id\":\"https:\/\/modernteh.md\/#website\"},\"datePublished\":\"2022-06-24T19:48:53+00:00\",\"dateModified\":\"2026-01-08T09:53:21+00:00\",\"description\":\"Incubator pentru oua Demetra DM-500\",\"breadcrumb\":{\"@id\":\"https:\/\/modernteh.md\/catalog\/incubator-pentru-oua-demetra-dm-500\/#breadcrumb\"},\"inLanguage\":\"ru-RU\",\"potentialAction\":[{\"@type\":\"ReadAction\",\"target\":[\"https:\/\/modernteh.md\/catalog\/incubator-pentru-oua-demetra-dm-500\/\"]}]},{\"@type\":\"BreadcrumbList\",\"@id\":\"https:\/\/modernteh.md\/catalog\/incubator-pentru-oua-demetra-dm-500\/#breadcrumb\",\"itemListElement\":[{\"@type\":\"ListItem\",\"position\":1,\"name\":\"Prima pagin\u0103\",\"item\":\"https:\/\/modernteh.md\/\"},{\"@type\":\"ListItem\",\"position\":2,\"name\":\"Catalog\",\"item\":\"https:\/\/modernteh.md\/catalog\/\"},{\"@type\":\"ListItem\",\"position\":3,\"name\":\"Incubator pentru oua DM-500\"}]},{\"@type\":\"WebSite\",\"@id\":\"https:\/\/modernteh.md\/#website\",\"url\":\"https:\/\/modernteh.md\/\",\"name\":\"Modernteh\",\"description\":\"Modernteh\",\"publisher\":{\"@id\":\"https:\/\/modernteh.md\/#organization\"},\"potentialAction\":[{\"@type\":\"SearchAction\",\"target\":{\"@type\":\"EntryPoint\",\"urlTemplate\":\"https:\/\/modernteh.md\/?s={search_term_string}\"},\"query-input\":\"required name=search_term_string\"}],\"inLanguage\":\"ru-RU\"},{\"@type\":\"Organization\",\"@id\":\"https:\/\/modernteh.md\/#organization\",\"name\":\"Modernteh\",\"url\":\"https:\/\/modernteh.md\/\",\"logo\":{\"@type\":\"ImageObject\",\"inLanguage\":\"ru-RU\",\"@id\":\"https:\/\/modernteh.md\/#\/schema\/logo\/image\/\",\"url\":\"https:\/\/modernteh.md\/wp-content\/uploads\/2022\/06\/Logo_site-2.png\",\"contentUrl\":\"https:\/\/modernteh.md\/wp-content\/uploads\/2022\/06\/Logo_site-2.png\",\"width\":500,\"height\":487,\"caption\":\"Modernteh\"},\"image\":{\"@id\":\"https:\/\/modernteh.md\/#\/schema\/logo\/image\/\"},\"sameAs\":[\"https:\/\/www.facebook.com\/profile.php?id=100082695620019\"]}]}<\/script>\n<!-- \/ Yoast SEO plugin. -->","yoast_head_json":{"title":"Incubator pentru oua DM-500 - Modernteh","description":"Incubator pentru oua Demetra DM-500","robots":{"index":"index","follow":"follow","max-snippet":"max-snippet:-1","max-image-preview":"max-image-preview:large","max-video-preview":"max-video-preview:-1"},"canonical":"https:\/\/modernteh.md\/ru\/catalog\/incubator-pentru-oua-demetra-dm-500\/","og_locale":"ru_RU","og_type":"article","og_title":"Incubator pentru oua DM-500 - Modernteh","og_description":"Incubator pentru oua Demetra DM-500","og_url":"https:\/\/modernteh.md\/ru\/catalog\/incubator-pentru-oua-demetra-dm-500\/","og_site_name":"Modernteh","article_publisher":"https:\/\/www.facebook.com\/profile.php?id=100082695620019","article_modified_time":"2026-01-08T09:53:21+00:00","og_image":[{"width":500,"height":500,"url":"https:\/\/modernteh.md\/wp-content\/uploads\/2022\/06\/18-3.jpg","type":"image\/jpeg"}],"twitter_card":"summary_large_image","twitter_misc":{"\u041f\u0440\u0438\u043c\u0435\u0440\u043d\u043e\u0435 \u0432\u0440\u0435\u043c\u044f \u0434\u043b\u044f \u0447\u0442\u0435\u043d\u0438\u044f":"3 \u043c\u0438\u043d\u0443\u0442\u044b"},"schema":{"@context":"https:\/\/schema.org","@graph":[{"@type":"WebPage","@id":"https:\/\/modernteh.md\/catalog\/incubator-pentru-oua-demetra-dm-500\/","url":"https:\/\/modernteh.md\/catalog\/incubator-pentru-oua-demetra-dm-500\/","name":"Incubator pentru oua DM-500 - Modernteh","isPartOf":{"@id":"https:\/\/modernteh.md\/#website"},"datePublished":"2022-06-24T19:48:53+00:00","dateModified":"2026-01-08T09:53:21+00:00","description":"Incubator pentru oua Demetra DM-500","breadcrumb":{"@id":"https:\/\/modernteh.md\/catalog\/incubator-pentru-oua-demetra-dm-500\/#breadcrumb"},"inLanguage":"ru-RU","potentialAction":[{"@type":"ReadAction","target":["https:\/\/modernteh.md\/catalog\/incubator-pentru-oua-demetra-dm-500\/"]}]},{"@type":"BreadcrumbList","@id":"https:\/\/modernteh.md\/catalog\/incubator-pentru-oua-demetra-dm-500\/#breadcrumb","itemListElement":[{"@type":"ListItem","position":1,"name":"Prima pagin\u0103","item":"https:\/\/modernteh.md\/"},{"@type":"ListItem","position":2,"name":"Catalog","item":"https:\/\/modernteh.md\/catalog\/"},{"@type":"ListItem","position":3,"name":"Incubator pentru oua DM-500"}]},{"@type":"WebSite","@id":"https:\/\/modernteh.md\/#website","url":"https:\/\/modernteh.md\/","name":"Modernteh","description":"Modernteh","publisher":{"@id":"https:\/\/modernteh.md\/#organization"},"potentialAction":[{"@type":"SearchAction","target":{"@type":"EntryPoint","urlTemplate":"https:\/\/modernteh.md\/?s={search_term_string}"},"query-input":"required name=search_term_string"}],"inLanguage":"ru-RU"},{"@type":"Organization","@id":"https:\/\/modernteh.md\/#organization","name":"Modernteh","url":"https:\/\/modernteh.md\/","logo":{"@type":"ImageObject","inLanguage":"ru-RU","@id":"https:\/\/modernteh.md\/#\/schema\/logo\/image\/","url":"https:\/\/modernteh.md\/wp-content\/uploads\/2022\/06\/Logo_site-2.png","contentUrl":"https:\/\/modernteh.md\/wp-content\/uploads\/2022\/06\/Logo_site-2.png","width":500,"height":487,"caption":"Modernteh"},"image":{"@id":"https:\/\/modernteh.md\/#\/schema\/logo\/image\/"},"sameAs":["https:\/\/www.facebook.com\/profile.php?id=100082695620019"]}]}},"_links":{"self":[{"href":"https:\/\/modernteh.md\/ru\/wp-json\/wp\/v2\/product\/1548","targetHints":{"allow":["GET"]}}],"collection":[{"href":"https:\/\/modernteh.md\/ru\/wp-json\/wp\/v2\/product"}],"about":[{"href":"https:\/\/modernteh.md\/ru\/wp-json\/wp\/v2\/types\/product"}],"wp:featuredmedia":[{"embeddable":true,"href":"https:\/\/modernteh.md\/ru\/wp-json\/wp\/v2\/media\/1549"}],"wp:attachment":[{"href":"https:\/\/modernteh.md\/ru\/wp-json\/wp\/v2\/media?parent=1548"}],"wp:term":[{"taxonomy":"product_cat","embeddable":true,"href":"https:\/\/modernteh.md\/ru\/wp-json\/wp\/v2\/product_cat?post=1548"},{"taxonomy":"product_tag","embeddable":true,"href":"https:\/\/modernteh.md\/ru\/wp-json\/wp\/v2\/product_tag?post=1548"}],"curies":[{"name":"wp","href":"https:\/\/api.w.org\/{rel}","templated":true}]}}