{"id":1552,"date":"2022-06-24T19:50:27","date_gmt":"2022-06-24T19:50:27","guid":{"rendered":"https:\/\/modernteh.md\/?post_type=product&#038;p=1552"},"modified":"2026-01-03T08:43:47","modified_gmt":"2026-01-03T08:43:47","slug":"incubator-ms-1000","status":"publish","type":"product","link":"https:\/\/modernteh.md\/ru\/catalog\/incubator-ms-1000\/","title":{"rendered":"Incubator pentru oua DM-1000"},"content":{"rendered":"<p>Incubator pentru oua DM-1000<br \/>\nModel: DM-1000<br \/>\nRetea: 220 V | 50 Hz<br \/>\nPutere: 1000 W<br \/>\nCapacitate maxima: Oua de gaina: 1000<br \/>\nOua de rata: 585<br \/>\nOua de gasca: 429<br \/>\nOua de prepelita: 1718<br \/>\nIntoarcere automata a oualor: Da<br \/>\nControl inteligent umiditate: Da<br \/>\nControl inteligent temperatura: Da<br \/>\nVentilatoare de aerisire: Da<br \/>\nNumar tavi: 10<br \/>\nPutere motoare de intoarcere: 4 W<br \/>\nIncubatorul DM-1000, fabricat din inox de calitate superioar\u0103, furnizeaz\u0103 condi\u021bii ideale pentru eclozarea artificial\u0103 a ou\u0103lor. Cu o temperatur\u0103 optim\u0103 \u0219i o umiditate constant\u0103, acesta creeaz\u0103 un mediu propice pentru dezvoltarea embrionilor, facilit\u00e2nd totodat\u0103 cur\u0103\u021barea rapid\u0103 \u0219i u\u0219oar\u0103 datorit\u0103 materialului inoxidabil.<br \/>\nDispozitivul este echipat cu un controler situat \u00een partea superioar\u0103 a carcasei de inox, oferind utilizatorului posibilitatea de a regla toate set\u0103rile necesare pentru procesul de incuba\u021bie. U\u0219a incubatorului dispune de un mic geam din sticl\u0103 termorezistent\u0103, permi\u021b\u00e2nd monitorizarea stadiului ou\u0103lor f\u0103r\u0103 a deschide u\u0219a.<br \/>\nUn aspect distinctiv al acestui incubator este prezen\u021ba unui invertor, un mutator ce transform\u0103 curentul electric continuu \u00een curent electric alternativ. Panoul de afi\u0219are a temperaturii \u0219i umidit\u0103\u021bii, cele 10 t\u0103vi cu motor electric pentru \u00eentoarcerea automat\u0103 a ou\u0103lor, senzorul de control al condi\u021biilor ambientale, sistemul de alarm\u0103 pentru limitele de umiditate \u0219i ventilatorul pentru asigurarea uniformit\u0103\u021bii temperaturii completeaz\u0103 dot\u0103rile acestui model. De asemenea, este prev\u0103zut cu un ovoscop.<br \/>\nCu o putere total\u0103 de 1000W \u0219i 4W pentru motorul de \u00eentoarcere a ou\u0103lor, incubatorul dispune de cinci nivele \u0219i o capacitate de 1000 de ou\u0103 de g\u0103in\u0103, ra\u021b\u0103, g\u00e2sc\u0103 etc.<br \/>\nProcedura de punere \u00een func\u021biune presupune plasarea incubatorului \u00eentr-o \u00eenc\u0103pere cu temperatura cuprins\u0103 \u00eentre 18-20 de grade Celsius. Este recomandat s\u0103 a\u0219tepta\u021bi c\u00e2teva ore pentru ca temperatura incubatorului s\u0103 se stabilizeze la cea a mediului \u00eenconjur\u0103tor. Conecta\u021bi-l la priza de 220V, efectua\u021bi set\u0103rile conform instruc\u021biunilor \u0219i ad\u0103uga\u021bi ou\u0103le.<br \/>\nAcest incubator permite eclozarea diverselor tipuri de ou\u0103 (de g\u0103in\u0103, de ra\u021b\u0103, de g\u00e2sc\u0103, de prepeli\u021b\u0103 etc.). Cu procesul de incuba\u021bie complet automat, produsul garanteaz\u0103 un procent de 98% de pui ecloza\u021bi, cu condi\u021bia respect\u0103rii tuturor instruc\u021biunilor \u0219i a condi\u021biilor de fertilitate ale ou\u0103lor.<\/p>","protected":false},"excerpt":{"rendered":"<p>Incubator pentru oua DM-1000 Model: DM-1000 Retea: 220 V | 50 Hz Putere: 1000 W Capacitate maxima: Oua de gaina:<\/p>","protected":false},"featured_media":3872,"template":"","meta":[],"product_cat":[137],"product_tag":[],"class_list":{"0":"post-1552","1":"product","2":"type-product","3":"status-publish","4":"has-post-thumbnail","6":"product_cat-incubatoare-automate","8":"first","9":"instock","10":"sale","11":"shipping-taxable","12":"purchasable","13":"product-type-simple"},"yoast_head":"<!-- This site is optimized with the Yoast SEO plugin v20.12 - https:\/\/yoast.com\/wordpress\/plugins\/seo\/ -->\n<title>Incubator pentru oua DM-1000 - Modernteh<\/title>\n<meta name=\"description\" content=\"Incubator pentru oua Demetra DM-1000\" \/>\n<meta name=\"robots\" content=\"index, follow, max-snippet:-1, max-image-preview:large, max-video-preview:-1\" \/>\n<link rel=\"canonical\" href=\"https:\/\/modernteh.md\/ru\/catalog\/incubator-ms-1000\/\" \/>\n<meta property=\"og:locale\" content=\"ru_RU\" \/>\n<meta property=\"og:type\" content=\"article\" \/>\n<meta property=\"og:title\" content=\"Incubator pentru oua DM-1000 - Modernteh\" \/>\n<meta property=\"og:description\" content=\"Incubator pentru oua Demetra DM-1000\" \/>\n<meta property=\"og:url\" content=\"https:\/\/modernteh.md\/ru\/catalog\/incubator-ms-1000\/\" \/>\n<meta property=\"og:site_name\" content=\"Modernteh\" \/>\n<meta property=\"article:publisher\" content=\"https:\/\/www.facebook.com\/profile.php?id=100082695620019\" \/>\n<meta property=\"article:modified_time\" content=\"2026-01-03T08:43:47+00:00\" \/>\n<meta property=\"og:image\" content=\"https:\/\/modernteh.md\/wp-content\/uploads\/2022\/06\/Incubator-pentru-oua-Demetra-DM-1000_FlexMag.png\" \/>\n\t<meta property=\"og:image:width\" content=\"600\" \/>\n\t<meta property=\"og:image:height\" content=\"600\" \/>\n\t<meta property=\"og:image:type\" content=\"image\/png\" \/>\n<meta name=\"twitter:card\" content=\"summary_large_image\" \/>\n<meta name=\"twitter:label1\" content=\"\u041f\u0440\u0438\u043c\u0435\u0440\u043d\u043e\u0435 \u0432\u0440\u0435\u043c\u044f \u0434\u043b\u044f \u0447\u0442\u0435\u043d\u0438\u044f\" \/>\n\t<meta name=\"twitter:data1\" content=\"2 \u043c\u0438\u043d\u0443\u0442\u044b\" \/>\n<script type=\"application\/ld+json\" class=\"yoast-schema-graph\">{\"@context\":\"https:\/\/schema.org\",\"@graph\":[{\"@type\":\"WebPage\",\"@id\":\"https:\/\/modernteh.md\/catalog\/incubator-ms-1000\/\",\"url\":\"https:\/\/modernteh.md\/catalog\/incubator-ms-1000\/\",\"name\":\"Incubator pentru oua DM-1000 - Modernteh\",\"isPartOf\":{\"@id\":\"https:\/\/modernteh.md\/#website\"},\"datePublished\":\"2022-06-24T19:50:27+00:00\",\"dateModified\":\"2026-01-03T08:43:47+00:00\",\"description\":\"Incubator pentru oua Demetra DM-1000\",\"breadcrumb\":{\"@id\":\"https:\/\/modernteh.md\/catalog\/incubator-ms-1000\/#breadcrumb\"},\"inLanguage\":\"ru-RU\",\"potentialAction\":[{\"@type\":\"ReadAction\",\"target\":[\"https:\/\/modernteh.md\/catalog\/incubator-ms-1000\/\"]}]},{\"@type\":\"BreadcrumbList\",\"@id\":\"https:\/\/modernteh.md\/catalog\/incubator-ms-1000\/#breadcrumb\",\"itemListElement\":[{\"@type\":\"ListItem\",\"position\":1,\"name\":\"Prima pagin\u0103\",\"item\":\"https:\/\/modernteh.md\/\"},{\"@type\":\"ListItem\",\"position\":2,\"name\":\"Catalog\",\"item\":\"https:\/\/modernteh.md\/catalog\/\"},{\"@type\":\"ListItem\",\"position\":3,\"name\":\"Incubator pentru oua DM-1000\"}]},{\"@type\":\"WebSite\",\"@id\":\"https:\/\/modernteh.md\/#website\",\"url\":\"https:\/\/modernteh.md\/\",\"name\":\"Modernteh\",\"description\":\"Modernteh\",\"publisher\":{\"@id\":\"https:\/\/modernteh.md\/#organization\"},\"potentialAction\":[{\"@type\":\"SearchAction\",\"target\":{\"@type\":\"EntryPoint\",\"urlTemplate\":\"https:\/\/modernteh.md\/?s={search_term_string}\"},\"query-input\":\"required name=search_term_string\"}],\"inLanguage\":\"ru-RU\"},{\"@type\":\"Organization\",\"@id\":\"https:\/\/modernteh.md\/#organization\",\"name\":\"Modernteh\",\"url\":\"https:\/\/modernteh.md\/\",\"logo\":{\"@type\":\"ImageObject\",\"inLanguage\":\"ru-RU\",\"@id\":\"https:\/\/modernteh.md\/#\/schema\/logo\/image\/\",\"url\":\"https:\/\/modernteh.md\/wp-content\/uploads\/2022\/06\/Logo_site-2.png\",\"contentUrl\":\"https:\/\/modernteh.md\/wp-content\/uploads\/2022\/06\/Logo_site-2.png\",\"width\":500,\"height\":487,\"caption\":\"Modernteh\"},\"image\":{\"@id\":\"https:\/\/modernteh.md\/#\/schema\/logo\/image\/\"},\"sameAs\":[\"https:\/\/www.facebook.com\/profile.php?id=100082695620019\"]}]}<\/script>\n<!-- \/ Yoast SEO plugin. -->","yoast_head_json":{"title":"Incubator pentru oua DM-1000 - Modernteh","description":"Incubator pentru oua Demetra DM-1000","robots":{"index":"index","follow":"follow","max-snippet":"max-snippet:-1","max-image-preview":"max-image-preview:large","max-video-preview":"max-video-preview:-1"},"canonical":"https:\/\/modernteh.md\/ru\/catalog\/incubator-ms-1000\/","og_locale":"ru_RU","og_type":"article","og_title":"Incubator pentru oua DM-1000 - Modernteh","og_description":"Incubator pentru oua Demetra DM-1000","og_url":"https:\/\/modernteh.md\/ru\/catalog\/incubator-ms-1000\/","og_site_name":"Modernteh","article_publisher":"https:\/\/www.facebook.com\/profile.php?id=100082695620019","article_modified_time":"2026-01-03T08:43:47+00:00","og_image":[{"width":600,"height":600,"url":"https:\/\/modernteh.md\/wp-content\/uploads\/2022\/06\/Incubator-pentru-oua-Demetra-DM-1000_FlexMag.png","type":"image\/png"}],"twitter_card":"summary_large_image","twitter_misc":{"\u041f\u0440\u0438\u043c\u0435\u0440\u043d\u043e\u0435 \u0432\u0440\u0435\u043c\u044f \u0434\u043b\u044f \u0447\u0442\u0435\u043d\u0438\u044f":"2 \u043c\u0438\u043d\u0443\u0442\u044b"},"schema":{"@context":"https:\/\/schema.org","@graph":[{"@type":"WebPage","@id":"https:\/\/modernteh.md\/catalog\/incubator-ms-1000\/","url":"https:\/\/modernteh.md\/catalog\/incubator-ms-1000\/","name":"Incubator pentru oua DM-1000 - Modernteh","isPartOf":{"@id":"https:\/\/modernteh.md\/#website"},"datePublished":"2022-06-24T19:50:27+00:00","dateModified":"2026-01-03T08:43:47+00:00","description":"Incubator pentru oua Demetra DM-1000","breadcrumb":{"@id":"https:\/\/modernteh.md\/catalog\/incubator-ms-1000\/#breadcrumb"},"inLanguage":"ru-RU","potentialAction":[{"@type":"ReadAction","target":["https:\/\/modernteh.md\/catalog\/incubator-ms-1000\/"]}]},{"@type":"BreadcrumbList","@id":"https:\/\/modernteh.md\/catalog\/incubator-ms-1000\/#breadcrumb","itemListElement":[{"@type":"ListItem","position":1,"name":"Prima pagin\u0103","item":"https:\/\/modernteh.md\/"},{"@type":"ListItem","position":2,"name":"Catalog","item":"https:\/\/modernteh.md\/catalog\/"},{"@type":"ListItem","position":3,"name":"Incubator pentru oua DM-1000"}]},{"@type":"WebSite","@id":"https:\/\/modernteh.md\/#website","url":"https:\/\/modernteh.md\/","name":"Modernteh","description":"Modernteh","publisher":{"@id":"https:\/\/modernteh.md\/#organization"},"potentialAction":[{"@type":"SearchAction","target":{"@type":"EntryPoint","urlTemplate":"https:\/\/modernteh.md\/?s={search_term_string}"},"query-input":"required name=search_term_string"}],"inLanguage":"ru-RU"},{"@type":"Organization","@id":"https:\/\/modernteh.md\/#organization","name":"Modernteh","url":"https:\/\/modernteh.md\/","logo":{"@type":"ImageObject","inLanguage":"ru-RU","@id":"https:\/\/modernteh.md\/#\/schema\/logo\/image\/","url":"https:\/\/modernteh.md\/wp-content\/uploads\/2022\/06\/Logo_site-2.png","contentUrl":"https:\/\/modernteh.md\/wp-content\/uploads\/2022\/06\/Logo_site-2.png","width":500,"height":487,"caption":"Modernteh"},"image":{"@id":"https:\/\/modernteh.md\/#\/schema\/logo\/image\/"},"sameAs":["https:\/\/www.facebook.com\/profile.php?id=100082695620019"]}]}},"_links":{"self":[{"href":"https:\/\/modernteh.md\/ru\/wp-json\/wp\/v2\/product\/1552","targetHints":{"allow":["GET"]}}],"collection":[{"href":"https:\/\/modernteh.md\/ru\/wp-json\/wp\/v2\/product"}],"about":[{"href":"https:\/\/modernteh.md\/ru\/wp-json\/wp\/v2\/types\/product"}],"wp:featuredmedia":[{"embeddable":true,"href":"https:\/\/modernteh.md\/ru\/wp-json\/wp\/v2\/media\/3872"}],"wp:attachment":[{"href":"https:\/\/modernteh.md\/ru\/wp-json\/wp\/v2\/media?parent=1552"}],"wp:term":[{"taxonomy":"product_cat","embeddable":true,"href":"https:\/\/modernteh.md\/ru\/wp-json\/wp\/v2\/product_cat?post=1552"},{"taxonomy":"product_tag","embeddable":true,"href":"https:\/\/modernteh.md\/ru\/wp-json\/wp\/v2\/product_tag?post=1552"}],"curies":[{"name":"wp","href":"https:\/\/api.w.org\/{rel}","templated":true}]}}