{"id":1565,"date":"2022-06-24T20:26:46","date_gmt":"2022-06-24T20:26:46","guid":{"rendered":"https:\/\/modernteh.md\/?post_type=product&#038;p=1565"},"modified":"2025-12-05T15:07:45","modified_gmt":"2025-12-05T15:07:45","slug":"incubator-de-oua-eco-profi-c-70","status":"publish","type":"product","link":"https:\/\/modernteh.md\/ru\/catalog\/incubator-de-oua-eco-profi-c-70\/","title":{"rendered":"Incubator de oua ECO PROFI C-70"},"content":{"rendered":"<p>Incubator de oua ECO PROFI C-70<\/p>\n<div class=\"w-full\">\n<div class=\"w-full mx-auto\" data-v-2b5c147f=\"\">\n<div class=\"rounded-lg mt-3 overflow-hidden\" data-v-2b5c147f=\"\">\n<table class=\"min-w-full\" data-v-2b5c147f=\"\">\n<tbody data-v-2b5c147f=\"\">\n<tr class=\"bg-gray\" data-v-2b5c147f=\"\">\n<td class=\"px-[15px] py-3 text-left text-black md:text-[16px] text-[11px] font-semibold leading-[120%] w-1\/2\" data-v-2b5c147f=\"\">Tip incubator<\/td>\n<td class=\"px-[15px] py-3 text-left text-graySilver md:text-[16px] text-[11px] font-semibold leading-[120%] w-1\/2\" data-v-2b5c147f=\"\">De uz casnic<\/td>\n<\/tr>\n<tr class=\"bg-gray\/40\" data-v-2b5c147f=\"\">\n<td class=\"px-[15px] py-3 text-left text-black md:text-[16px] text-[11px] font-semibold leading-[120%] w-1\/2\" data-v-2b5c147f=\"\">Material<\/td>\n<td class=\"px-[15px] py-3 text-left text-graySilver md:text-[16px] text-[11px] font-semibold leading-[120%] w-1\/2\" data-v-2b5c147f=\"\">Plastic ABS durabil<\/td>\n<\/tr>\n<tr class=\"bg-gray\" data-v-2b5c147f=\"\">\n<td class=\"px-[15px] py-3 text-left text-black md:text-[16px] text-[11px] font-semibold leading-[120%] w-1\/2\" data-v-2b5c147f=\"\">Surse de alimentare<\/td>\n<td class=\"px-[15px] py-3 text-left text-graySilver md:text-[16px] text-[11px] font-semibold leading-[120%] w-1\/2\" data-v-2b5c147f=\"\">220V \/ 12V (dotat cu cleme 12V)<\/td>\n<\/tr>\n<tr class=\"bg-gray\/40\" data-v-2b5c147f=\"\">\n<td class=\"px-[15px] py-3 text-left text-black md:text-[16px] text-[11px] font-semibold leading-[120%] w-1\/2\" data-v-2b5c147f=\"\">Capacitate ou\u0103<\/td>\n<td class=\"px-[15px] py-3 text-left text-graySilver md:text-[16px] text-[11px] font-semibold leading-[120%] w-1\/2\" data-v-2b5c147f=\"\">70 de g\u0103in\u0103, 54-70 de ra\u021b\u0103, 36 de g\u00e2sc\u0103, 81-132 de prepeli\u021b\u0103<\/td>\n<\/tr>\n<tr class=\"bg-gray\" data-v-2b5c147f=\"\">\n<td class=\"px-[15px] py-3 text-left text-black md:text-[16px] text-[11px] font-semibold leading-[120%] w-1\/2\" data-v-2b5c147f=\"\">Rotire ou\u0103<\/td>\n<td class=\"px-[15px] py-3 text-left text-graySilver md:text-[16px] text-[11px] font-semibold leading-[120%] w-1\/2\" data-v-2b5c147f=\"\">Rotire automat\u0103 360\u00b0<\/td>\n<\/tr>\n<tr class=\"bg-gray\/40\" data-v-2b5c147f=\"\">\n<td class=\"px-[15px] py-3 text-left text-black md:text-[16px] text-[11px] font-semibold leading-[120%] w-1\/2\" data-v-2b5c147f=\"\">Moduri de incubare<\/td>\n<td class=\"px-[15px] py-3 text-left text-graySilver md:text-[16px] text-[11px] font-semibold leading-[120%] w-1\/2\" data-v-2b5c147f=\"\">4 (Posibilitate de a creea un program personalizat)<\/td>\n<\/tr>\n<tr class=\"bg-gray\" data-v-2b5c147f=\"\">\n<td class=\"px-[15px] py-3 text-left text-black md:text-[16px] text-[11px] font-semibold leading-[120%] w-1\/2\" data-v-2b5c147f=\"\">Role rotative<\/td>\n<td class=\"px-[15px] py-3 text-left text-graySilver md:text-[16px] text-[11px] font-semibold leading-[120%] w-1\/2\" data-v-2b5c147f=\"\">10 buc.<\/td>\n<\/tr>\n<tr class=\"bg-gray\/40\" data-v-2b5c147f=\"\">\n<td class=\"px-[15px] py-3 text-left text-black md:text-[16px] text-[11px] font-semibold leading-[120%] w-1\/2\" data-v-2b5c147f=\"\">\u00cenc\u0103lzire<\/td>\n<td class=\"px-[15px] py-3 text-left text-graySilver md:text-[16px] text-[11px] font-semibold leading-[120%] w-1\/2\" data-v-2b5c147f=\"\">Fir de \u00eenc\u0103lzire<\/td>\n<\/tr>\n<tr class=\"bg-gray\" data-v-2b5c147f=\"\">\n<td class=\"px-[15px] py-3 text-left text-black md:text-[16px] text-[11px] font-semibold leading-[120%] w-1\/2\" data-v-2b5c147f=\"\">Ventilatoare<\/td>\n<td class=\"px-[15px] py-3 text-left text-graySilver md:text-[16px] text-[11px] font-semibold leading-[120%] w-1\/2\" data-v-2b5c147f=\"\">2 buc.<\/td>\n<\/tr>\n<\/tbody>\n<\/table>\n<\/div>\n<\/div>\n<\/div>\n<div class=\"w-full\">\n<div class=\"w-full mx-auto\" data-v-2b5c147f=\"\">\n<h2 class=\"flex items-center justify-between text-black w-full pb-1.5 text-[16px] font-semibold leading-[120%] text-left transition duration-300 ease-in-out\" data-v-2b5c147f=\"\">Caracteristici Secundare<\/h2>\n<div class=\"rounded-lg mt-3 overflow-hidden\" data-v-2b5c147f=\"\">\n<table class=\"min-w-full\" data-v-2b5c147f=\"\">\n<tbody data-v-2b5c147f=\"\">\n<tr class=\"bg-gray\" data-v-2b5c147f=\"\">\n<td class=\"px-[15px] py-3 text-left text-black md:text-[16px] text-[11px] font-semibold leading-[120%] w-1\/2\" data-v-2b5c147f=\"\">Afi\u0219aj timp de rotire a ou\u0103lor<\/td>\n<td class=\"px-[15px] py-3 text-left text-graySilver md:text-[16px] text-[11px] font-semibold leading-[120%] w-1\/2\" data-v-2b5c147f=\"\">Da<\/td>\n<\/tr>\n<tr class=\"bg-gray\/40\" data-v-2b5c147f=\"\">\n<td class=\"px-[15px] py-3 text-left text-black md:text-[16px] text-[11px] font-semibold leading-[120%] w-1\/2\" data-v-2b5c147f=\"\">Afi\u0219aj pentru temperatur\u0103<\/td>\n<td class=\"px-[15px] py-3 text-left text-graySilver md:text-[16px] text-[11px] font-semibold leading-[120%] w-1\/2\" data-v-2b5c147f=\"\">Da<\/td>\n<\/tr>\n<tr class=\"bg-gray\" data-v-2b5c147f=\"\">\n<td class=\"px-[15px] py-3 text-left text-black md:text-[16px] text-[11px] font-semibold leading-[120%] w-1\/2\" data-v-2b5c147f=\"\">Afi\u0219aj pentru contorul de zile<\/td>\n<td class=\"px-[15px] py-3 text-left text-graySilver md:text-[16px] text-[11px] font-semibold leading-[120%] w-1\/2\" data-v-2b5c147f=\"\">Da<\/td>\n<\/tr>\n<tr class=\"bg-gray\/40\" data-v-2b5c147f=\"\">\n<td class=\"px-[15px] py-3 text-left text-black md:text-[16px] text-[11px] font-semibold leading-[120%] w-1\/2\" data-v-2b5c147f=\"\">Afi\u0219aj pentru umiditate<\/td>\n<td class=\"px-[15px] py-3 text-left text-graySilver md:text-[16px] text-[11px] font-semibold leading-[120%] w-1\/2\" data-v-2b5c147f=\"\">Da<\/td>\n<\/tr>\n<tr class=\"bg-gray\" data-v-2b5c147f=\"\">\n<td class=\"px-[15px] py-3 text-left text-black md:text-[16px] text-[11px] font-semibold leading-[120%] w-1\/2\" data-v-2b5c147f=\"\">Orificii de ventila\u021bie<\/td>\n<td class=\"px-[15px] py-3 text-left text-graySilver md:text-[16px] text-[11px] font-semibold leading-[120%] w-1\/2\" data-v-2b5c147f=\"\">Da (2 buc.)<\/td>\n<\/tr>\n<tr class=\"bg-gray\/40\" data-v-2b5c147f=\"\">\n<td class=\"px-[15px] py-3 text-left text-black md:text-[16px] text-[11px] font-semibold leading-[120%] w-1\/2\" data-v-2b5c147f=\"\">Ovoscop<\/td>\n<td class=\"px-[15px] py-3 text-left text-graySilver md:text-[16px] text-[11px] font-semibold leading-[120%] w-1\/2\" data-v-2b5c147f=\"\">Da (integrat)<\/td>\n<\/tr>\n<tr class=\"bg-gray\" data-v-2b5c147f=\"\">\n<td class=\"px-[15px] py-3 text-left text-black md:text-[16px] text-[11px] font-semibold leading-[120%] w-1\/2\" data-v-2b5c147f=\"\">\u0421\u0438\u043b\u0430<\/td>\n<td class=\"px-[15px] py-3 text-left text-graySilver md:text-[16px] text-[11px] font-semibold leading-[120%] w-1\/2\" data-v-2b5c147f=\"\">80 W<\/td>\n<\/tr>\n<tr class=\"bg-gray\/40\" data-v-2b5c147f=\"\">\n<td class=\"px-[15px] py-3 text-left text-black md:text-[16px] text-[11px] font-semibold leading-[120%] w-1\/2\" data-v-2b5c147f=\"\">\u0420\u0430\u0437\u043c\u0435\u0440<\/td>\n<td class=\"px-[15px] py-3 text-left text-graySilver md:text-[16px] text-[11px] font-semibold leading-[120%] w-1\/2\" data-v-2b5c147f=\"\">543 x 490 x 210 (mm)<\/td>\n<\/tr>\n<tr class=\"bg-gray\" data-v-2b5c147f=\"\">\n<td class=\"px-[15px] py-3 text-left text-black md:text-[16px] text-[11px] font-semibold leading-[120%] w-1\/2\" data-v-2b5c147f=\"\">\u0412\u0435\u0441 \u2013 45 \u043a\u0433<\/td>\n<td class=\"px-[15px] py-3 text-left text-graySilver md:text-[16px] text-[11px] font-semibold leading-[120%] w-1\/2\" data-v-2b5c147f=\"\">5 kg<\/td>\n<\/tr>\n<\/tbody>\n<\/table>\n<\/div>\n<\/div>\n<\/div>","protected":false},"excerpt":{"rendered":"<p>Incubator de oua ECO PROFI C-70 Tip incubator De uz casnic Material Plastic ABS durabil Surse de alimentare 220V \/<\/p>","protected":false},"featured_media":5096,"template":"","meta":[],"product_cat":[137],"product_tag":[],"class_list":{"0":"post-1565","1":"product","2":"type-product","3":"status-publish","4":"has-post-thumbnail","6":"product_cat-incubatoare-automate","8":"first","9":"instock","10":"shipping-taxable","11":"purchasable","12":"product-type-simple"},"yoast_head":"<!-- This site is optimized with the Yoast SEO plugin v20.12 - https:\/\/yoast.com\/wordpress\/plugins\/seo\/ -->\n<title>Incubator de oua ECO PROFI C-70 - Modernteh<\/title>\n<meta name=\"description\" content=\"Incubator de oua ECO PROFI C-70\" \/>\n<meta name=\"robots\" content=\"index, follow, max-snippet:-1, max-image-preview:large, max-video-preview:-1\" \/>\n<link rel=\"canonical\" href=\"https:\/\/modernteh.md\/ru\/catalog\/incubator-de-oua-eco-profi-c-70\/\" \/>\n<meta property=\"og:locale\" content=\"ru_RU\" \/>\n<meta property=\"og:type\" content=\"article\" \/>\n<meta property=\"og:title\" content=\"Incubator de oua ECO PROFI C-70 - Modernteh\" \/>\n<meta property=\"og:description\" content=\"Incubator de oua ECO PROFI C-70\" \/>\n<meta property=\"og:url\" content=\"https:\/\/modernteh.md\/ru\/catalog\/incubator-de-oua-eco-profi-c-70\/\" \/>\n<meta property=\"og:site_name\" content=\"Modernteh\" \/>\n<meta property=\"article:publisher\" content=\"https:\/\/www.facebook.com\/profile.php?id=100082695620019\" \/>\n<meta property=\"article:modified_time\" content=\"2025-12-05T15:07:45+00:00\" \/>\n<meta property=\"og:image\" content=\"https:\/\/modernteh.md\/wp-content\/uploads\/2022\/06\/incubator-de-oua-eco-profi-c-70-sec-1-673ddfa1b9a8f.webp\" \/>\n\t<meta property=\"og:image:width\" content=\"1500\" \/>\n\t<meta property=\"og:image:height\" content=\"1500\" \/>\n\t<meta property=\"og:image:type\" content=\"image\/webp\" \/>\n<meta name=\"twitter:card\" content=\"summary_large_image\" \/>\n<meta name=\"twitter:label1\" content=\"\u041f\u0440\u0438\u043c\u0435\u0440\u043d\u043e\u0435 \u0432\u0440\u0435\u043c\u044f \u0434\u043b\u044f \u0447\u0442\u0435\u043d\u0438\u044f\" \/>\n\t<meta name=\"twitter:data1\" content=\"1 \u043c\u0438\u043d\u0443\u0442\u0430\" \/>\n<script type=\"application\/ld+json\" class=\"yoast-schema-graph\">{\"@context\":\"https:\/\/schema.org\",\"@graph\":[{\"@type\":\"WebPage\",\"@id\":\"https:\/\/modernteh.md\/catalog\/incubator-de-oua-eco-profi-c-70\/\",\"url\":\"https:\/\/modernteh.md\/catalog\/incubator-de-oua-eco-profi-c-70\/\",\"name\":\"Incubator de oua ECO PROFI C-70 - Modernteh\",\"isPartOf\":{\"@id\":\"https:\/\/modernteh.md\/#website\"},\"datePublished\":\"2022-06-24T20:26:46+00:00\",\"dateModified\":\"2025-12-05T15:07:45+00:00\",\"description\":\"Incubator de oua ECO PROFI C-70\",\"breadcrumb\":{\"@id\":\"https:\/\/modernteh.md\/catalog\/incubator-de-oua-eco-profi-c-70\/#breadcrumb\"},\"inLanguage\":\"ru-RU\",\"potentialAction\":[{\"@type\":\"ReadAction\",\"target\":[\"https:\/\/modernteh.md\/catalog\/incubator-de-oua-eco-profi-c-70\/\"]}]},{\"@type\":\"BreadcrumbList\",\"@id\":\"https:\/\/modernteh.md\/catalog\/incubator-de-oua-eco-profi-c-70\/#breadcrumb\",\"itemListElement\":[{\"@type\":\"ListItem\",\"position\":1,\"name\":\"Prima pagin\u0103\",\"item\":\"https:\/\/modernteh.md\/\"},{\"@type\":\"ListItem\",\"position\":2,\"name\":\"Catalog\",\"item\":\"https:\/\/modernteh.md\/catalog\/\"},{\"@type\":\"ListItem\",\"position\":3,\"name\":\"Incubator de oua ECO PROFI C-70\"}]},{\"@type\":\"WebSite\",\"@id\":\"https:\/\/modernteh.md\/#website\",\"url\":\"https:\/\/modernteh.md\/\",\"name\":\"Modernteh\",\"description\":\"Modernteh\",\"publisher\":{\"@id\":\"https:\/\/modernteh.md\/#organization\"},\"potentialAction\":[{\"@type\":\"SearchAction\",\"target\":{\"@type\":\"EntryPoint\",\"urlTemplate\":\"https:\/\/modernteh.md\/?s={search_term_string}\"},\"query-input\":\"required name=search_term_string\"}],\"inLanguage\":\"ru-RU\"},{\"@type\":\"Organization\",\"@id\":\"https:\/\/modernteh.md\/#organization\",\"name\":\"Modernteh\",\"url\":\"https:\/\/modernteh.md\/\",\"logo\":{\"@type\":\"ImageObject\",\"inLanguage\":\"ru-RU\",\"@id\":\"https:\/\/modernteh.md\/#\/schema\/logo\/image\/\",\"url\":\"https:\/\/modernteh.md\/wp-content\/uploads\/2022\/06\/Logo_site-2.png\",\"contentUrl\":\"https:\/\/modernteh.md\/wp-content\/uploads\/2022\/06\/Logo_site-2.png\",\"width\":500,\"height\":487,\"caption\":\"Modernteh\"},\"image\":{\"@id\":\"https:\/\/modernteh.md\/#\/schema\/logo\/image\/\"},\"sameAs\":[\"https:\/\/www.facebook.com\/profile.php?id=100082695620019\"]}]}<\/script>\n<!-- \/ Yoast SEO plugin. -->","yoast_head_json":{"title":"Incubator de oua ECO PROFI C-70 - Modernteh","description":"Incubator de oua ECO PROFI C-70","robots":{"index":"index","follow":"follow","max-snippet":"max-snippet:-1","max-image-preview":"max-image-preview:large","max-video-preview":"max-video-preview:-1"},"canonical":"https:\/\/modernteh.md\/ru\/catalog\/incubator-de-oua-eco-profi-c-70\/","og_locale":"ru_RU","og_type":"article","og_title":"Incubator de oua ECO PROFI C-70 - Modernteh","og_description":"Incubator de oua ECO PROFI C-70","og_url":"https:\/\/modernteh.md\/ru\/catalog\/incubator-de-oua-eco-profi-c-70\/","og_site_name":"Modernteh","article_publisher":"https:\/\/www.facebook.com\/profile.php?id=100082695620019","article_modified_time":"2025-12-05T15:07:45+00:00","og_image":[{"width":1500,"height":1500,"url":"https:\/\/modernteh.md\/wp-content\/uploads\/2022\/06\/incubator-de-oua-eco-profi-c-70-sec-1-673ddfa1b9a8f.webp","type":"image\/webp"}],"twitter_card":"summary_large_image","twitter_misc":{"\u041f\u0440\u0438\u043c\u0435\u0440\u043d\u043e\u0435 \u0432\u0440\u0435\u043c\u044f \u0434\u043b\u044f \u0447\u0442\u0435\u043d\u0438\u044f":"1 \u043c\u0438\u043d\u0443\u0442\u0430"},"schema":{"@context":"https:\/\/schema.org","@graph":[{"@type":"WebPage","@id":"https:\/\/modernteh.md\/catalog\/incubator-de-oua-eco-profi-c-70\/","url":"https:\/\/modernteh.md\/catalog\/incubator-de-oua-eco-profi-c-70\/","name":"Incubator de oua ECO PROFI C-70 - Modernteh","isPartOf":{"@id":"https:\/\/modernteh.md\/#website"},"datePublished":"2022-06-24T20:26:46+00:00","dateModified":"2025-12-05T15:07:45+00:00","description":"Incubator de oua ECO PROFI C-70","breadcrumb":{"@id":"https:\/\/modernteh.md\/catalog\/incubator-de-oua-eco-profi-c-70\/#breadcrumb"},"inLanguage":"ru-RU","potentialAction":[{"@type":"ReadAction","target":["https:\/\/modernteh.md\/catalog\/incubator-de-oua-eco-profi-c-70\/"]}]},{"@type":"BreadcrumbList","@id":"https:\/\/modernteh.md\/catalog\/incubator-de-oua-eco-profi-c-70\/#breadcrumb","itemListElement":[{"@type":"ListItem","position":1,"name":"Prima pagin\u0103","item":"https:\/\/modernteh.md\/"},{"@type":"ListItem","position":2,"name":"Catalog","item":"https:\/\/modernteh.md\/catalog\/"},{"@type":"ListItem","position":3,"name":"Incubator de oua ECO PROFI C-70"}]},{"@type":"WebSite","@id":"https:\/\/modernteh.md\/#website","url":"https:\/\/modernteh.md\/","name":"Modernteh","description":"Modernteh","publisher":{"@id":"https:\/\/modernteh.md\/#organization"},"potentialAction":[{"@type":"SearchAction","target":{"@type":"EntryPoint","urlTemplate":"https:\/\/modernteh.md\/?s={search_term_string}"},"query-input":"required name=search_term_string"}],"inLanguage":"ru-RU"},{"@type":"Organization","@id":"https:\/\/modernteh.md\/#organization","name":"Modernteh","url":"https:\/\/modernteh.md\/","logo":{"@type":"ImageObject","inLanguage":"ru-RU","@id":"https:\/\/modernteh.md\/#\/schema\/logo\/image\/","url":"https:\/\/modernteh.md\/wp-content\/uploads\/2022\/06\/Logo_site-2.png","contentUrl":"https:\/\/modernteh.md\/wp-content\/uploads\/2022\/06\/Logo_site-2.png","width":500,"height":487,"caption":"Modernteh"},"image":{"@id":"https:\/\/modernteh.md\/#\/schema\/logo\/image\/"},"sameAs":["https:\/\/www.facebook.com\/profile.php?id=100082695620019"]}]}},"_links":{"self":[{"href":"https:\/\/modernteh.md\/ru\/wp-json\/wp\/v2\/product\/1565","targetHints":{"allow":["GET"]}}],"collection":[{"href":"https:\/\/modernteh.md\/ru\/wp-json\/wp\/v2\/product"}],"about":[{"href":"https:\/\/modernteh.md\/ru\/wp-json\/wp\/v2\/types\/product"}],"wp:featuredmedia":[{"embeddable":true,"href":"https:\/\/modernteh.md\/ru\/wp-json\/wp\/v2\/media\/5096"}],"wp:attachment":[{"href":"https:\/\/modernteh.md\/ru\/wp-json\/wp\/v2\/media?parent=1565"}],"wp:term":[{"taxonomy":"product_cat","embeddable":true,"href":"https:\/\/modernteh.md\/ru\/wp-json\/wp\/v2\/product_cat?post=1565"},{"taxonomy":"product_tag","embeddable":true,"href":"https:\/\/modernteh.md\/ru\/wp-json\/wp\/v2\/product_tag?post=1565"}],"curies":[{"name":"wp","href":"https:\/\/api.w.org\/{rel}","templated":true}]}}