{"id":1633,"date":"2022-06-25T12:02:30","date_gmt":"2022-06-25T12:02:30","guid":{"rendered":"https:\/\/modernteh.md\/?post_type=product&#038;p=1633"},"modified":"2024-02-16T10:07:55","modified_gmt":"2024-02-16T10:07:55","slug":"tocator-de-crengi-am-120tr-k","status":"publish","type":"product","link":"https:\/\/modernteh.md\/ru\/catalog\/tocator-de-crengi-am-120tr-k\/","title":{"rendered":"\u0418\u0437\u043c\u0435\u043b\u044c\u0447\u0438\u0442\u0435\u043b\u044c \u0432\u0435\u0442\u043e\u043a \u0410\u041c-120\u0422\u0420-\u041a"},"content":{"rendered":"<p>Tocator de crengi AM-120TR-K PRO taie ramuri, sipci, sipci si alte deseuri de lemn in bucati de 90\u2026180 mm lungime. Diametrul maxim al ramurilor este de 120 mm, \u00een func\u021bie de specia \u0219i con\u021binutul de umiditate al arborelui. Chopperul este antrenat de priza de putere a unui tractor cu o putere minim\u0103 de 24 CP \u0219i este montat pe un cuplaj \u00een trei puncte. Tocatorul de lemn este echipat cu un transportor rotativ pentru alimentarea produsului finit.<\/p>\n<p>\u0413\u0410\u0411\u0410\u0420\u0418\u0422\u041d\u042b\u0415 \u0420\u0410\u0417\u041c\u0415\u0420\u042b \u0418 \u0425\u0410\u0420\u0410\u041a\u0422\u0415\u0420\u0418\u0421\u0422\u0418\u041a\u0418 \u0412\u0415\u0421<br \/>\n\u0418\u0437\u043c\u0435\u043b\u044c\u0447\u0438\u0442\u0435\u043b\u044c \u0432\u0435\u0442\u043e\u043a \u0410\u041c-120\u0422\u0420-\u041a<br \/>\nLungime:\t1000 mm<br \/>\nL\u0103\u0163ime:\t1650 mm<br \/>\n\u00cen\u0103l\u0163ime:\t2030 mm<br \/>\nGreutate:\t440 kg<br \/>\nDimensiuni admisie:\t160\u0445180 mm<br \/>\nDiametrul axei tractorului:\t28 mm<br \/>\n\u041e\u0421\u041d\u041e\u0412\u041d\u042b\u0415 \u0425\u0410\u0420\u0410\u041a\u0422\u0415\u0420\u0418\u0421\u0422\u0418\u041a\u0418<br \/>\n\u00cen\u0103l\u021bimea de \u00eenc\u0103rcare a benzii transportoare:\t3,5 m<br \/>\nMax. performan\u0163\u0103:\t10 m3\/ora<br \/>\nMax. diametru lemn moale:\t120 mm<br \/>\nMax. diametrul lemnului tare:\t100 mm<br \/>\nLungimea piesei de prelucrat primite:\t90\u2026180 mm<br \/>\n\u041a\u043e\u043b\u0438\u0447\u0435\u0441\u0442\u0432\u043e \u043d\u043e\u0436\u0435\u0439: 6 \u0448\u0442.<br \/>\nMax. revolu\u021bii ale cu\u021bitelor de lucru:\t220 rota\u021bii\/min<br \/>\n\u0425\u0410\u0420\u0410\u041a\u0422\u0415\u0420\u0418\u0421\u0422\u0418\u041a\u0418 \u0422\u0420\u0410\u041a\u0422\u041e\u0420\u0410<br \/>\n\u0420\u0435\u043a. \u043c\u043e\u0449\u043d\u043e\u0441\u0442\u044c \u0434\u0432\u0438\u0433\u0430\u0442\u0435\u043b\u044f: 30 \u043b.\u0441.<br \/>\nMotor min. putere:\t25 c.p.<br \/>\nMax. porne\u0219te PTO:\t540 rota\u021bii\/min<\/p>","protected":false},"excerpt":{"rendered":"<p>Tocator de crengi AM-120TR-K PRO taie ramuri, sipci, sipci si alte deseuri de lemn in bucati de 90\u2026180 mm lungime.<\/p>","protected":false},"featured_media":3142,"template":"","meta":[],"product_cat":[135],"product_tag":[],"class_list":{"0":"post-1633","1":"product","2":"type-product","3":"status-publish","4":"has-post-thumbnail","6":"product_cat-tocatoare-de-crengi","8":"first","9":"onbackorder","10":"shipping-taxable","11":"purchasable","12":"product-type-simple"},"yoast_head":"<!-- This site is optimized with the Yoast SEO plugin v20.12 - https:\/\/yoast.com\/wordpress\/plugins\/seo\/ -->\n<title>Toc\u0103tor de crengi AM-120TR-K - Modernteh<\/title>\n<meta name=\"description\" content=\"Toc\u0103tor de crengi AM-120TR-K taie ramuri, sipci, sipci si alte deseuri de lemn in bucati de 90\u2026180 mm lungime.Diametrul maxim 120mm.\" \/>\n<meta name=\"robots\" content=\"index, follow, max-snippet:-1, max-image-preview:large, max-video-preview:-1\" \/>\n<link rel=\"canonical\" href=\"https:\/\/modernteh.md\/ru\/catalog\/tocator-de-crengi-am-120tr-k\/\" \/>\n<meta property=\"og:locale\" content=\"ru_RU\" \/>\n<meta property=\"og:type\" content=\"article\" \/>\n<meta property=\"og:title\" content=\"Toc\u0103tor de crengi AM-120TR-K - Modernteh\" \/>\n<meta property=\"og:description\" content=\"Toc\u0103tor de crengi AM-120TR-K taie ramuri, sipci, sipci si alte deseuri de lemn in bucati de 90\u2026180 mm lungime.Diametrul maxim 120mm.\" \/>\n<meta property=\"og:url\" content=\"https:\/\/modernteh.md\/ru\/catalog\/tocator-de-crengi-am-120tr-k\/\" \/>\n<meta property=\"og:site_name\" content=\"Modernteh\" \/>\n<meta property=\"article:publisher\" content=\"https:\/\/www.facebook.com\/profile.php?id=100082695620019\" \/>\n<meta property=\"article:modified_time\" content=\"2024-02-16T10:07:55+00:00\" \/>\n<meta property=\"og:image\" content=\"https:\/\/modernteh.md\/wp-content\/uploads\/2022\/06\/Tocator-de-crengi-AM-120TR-K.png\" \/>\n\t<meta property=\"og:image:width\" content=\"884\" \/>\n\t<meta property=\"og:image:height\" content=\"737\" \/>\n\t<meta property=\"og:image:type\" content=\"image\/png\" \/>\n<meta name=\"twitter:card\" content=\"summary_large_image\" \/>\n<meta name=\"twitter:label1\" content=\"\u041f\u0440\u0438\u043c\u0435\u0440\u043d\u043e\u0435 \u0432\u0440\u0435\u043c\u044f \u0434\u043b\u044f \u0447\u0442\u0435\u043d\u0438\u044f\" \/>\n\t<meta name=\"twitter:data1\" content=\"1 \u043c\u0438\u043d\u0443\u0442\u0430\" \/>\n<script type=\"application\/ld+json\" class=\"yoast-schema-graph\">{\"@context\":\"https:\/\/schema.org\",\"@graph\":[{\"@type\":\"WebPage\",\"@id\":\"https:\/\/modernteh.md\/catalog\/tocator-de-crengi-am-120tr-k\/\",\"url\":\"https:\/\/modernteh.md\/catalog\/tocator-de-crengi-am-120tr-k\/\",\"name\":\"Toc\u0103tor de crengi AM-120TR-K - Modernteh\",\"isPartOf\":{\"@id\":\"https:\/\/modernteh.md\/#website\"},\"datePublished\":\"2022-06-25T12:02:30+00:00\",\"dateModified\":\"2024-02-16T10:07:55+00:00\",\"description\":\"Toc\u0103tor de crengi AM-120TR-K taie ramuri, sipci, sipci si alte deseuri de lemn in bucati de 90\u2026180 mm lungime.Diametrul maxim 120mm.\",\"breadcrumb\":{\"@id\":\"https:\/\/modernteh.md\/catalog\/tocator-de-crengi-am-120tr-k\/#breadcrumb\"},\"inLanguage\":\"ru-RU\",\"potentialAction\":[{\"@type\":\"ReadAction\",\"target\":[\"https:\/\/modernteh.md\/catalog\/tocator-de-crengi-am-120tr-k\/\"]}]},{\"@type\":\"BreadcrumbList\",\"@id\":\"https:\/\/modernteh.md\/catalog\/tocator-de-crengi-am-120tr-k\/#breadcrumb\",\"itemListElement\":[{\"@type\":\"ListItem\",\"position\":1,\"name\":\"Prima pagin\u0103\",\"item\":\"https:\/\/modernteh.md\/\"},{\"@type\":\"ListItem\",\"position\":2,\"name\":\"Catalog\",\"item\":\"https:\/\/modernteh.md\/catalog\/\"},{\"@type\":\"ListItem\",\"position\":3,\"name\":\"Toc\u0103tor de crengi AM-120TR-K\"}]},{\"@type\":\"WebSite\",\"@id\":\"https:\/\/modernteh.md\/#website\",\"url\":\"https:\/\/modernteh.md\/\",\"name\":\"Modernteh\",\"description\":\"Modernteh\",\"publisher\":{\"@id\":\"https:\/\/modernteh.md\/#organization\"},\"potentialAction\":[{\"@type\":\"SearchAction\",\"target\":{\"@type\":\"EntryPoint\",\"urlTemplate\":\"https:\/\/modernteh.md\/?s={search_term_string}\"},\"query-input\":\"required name=search_term_string\"}],\"inLanguage\":\"ru-RU\"},{\"@type\":\"Organization\",\"@id\":\"https:\/\/modernteh.md\/#organization\",\"name\":\"Modernteh\",\"url\":\"https:\/\/modernteh.md\/\",\"logo\":{\"@type\":\"ImageObject\",\"inLanguage\":\"ru-RU\",\"@id\":\"https:\/\/modernteh.md\/#\/schema\/logo\/image\/\",\"url\":\"https:\/\/modernteh.md\/wp-content\/uploads\/2022\/06\/Logo_site-2.png\",\"contentUrl\":\"https:\/\/modernteh.md\/wp-content\/uploads\/2022\/06\/Logo_site-2.png\",\"width\":500,\"height\":487,\"caption\":\"Modernteh\"},\"image\":{\"@id\":\"https:\/\/modernteh.md\/#\/schema\/logo\/image\/\"},\"sameAs\":[\"https:\/\/www.facebook.com\/profile.php?id=100082695620019\"]}]}<\/script>\n<!-- \/ Yoast SEO plugin. -->","yoast_head_json":{"title":"Toc\u0103tor de crengi AM-120TR-K - Modernteh","description":"Toc\u0103tor de crengi AM-120TR-K taie ramuri, sipci, sipci si alte deseuri de lemn in bucati de 90\u2026180 mm lungime.Diametrul maxim 120mm.","robots":{"index":"index","follow":"follow","max-snippet":"max-snippet:-1","max-image-preview":"max-image-preview:large","max-video-preview":"max-video-preview:-1"},"canonical":"https:\/\/modernteh.md\/ru\/catalog\/tocator-de-crengi-am-120tr-k\/","og_locale":"ru_RU","og_type":"article","og_title":"Toc\u0103tor de crengi AM-120TR-K - Modernteh","og_description":"Toc\u0103tor de crengi AM-120TR-K taie ramuri, sipci, sipci si alte deseuri de lemn in bucati de 90\u2026180 mm lungime.Diametrul maxim 120mm.","og_url":"https:\/\/modernteh.md\/ru\/catalog\/tocator-de-crengi-am-120tr-k\/","og_site_name":"Modernteh","article_publisher":"https:\/\/www.facebook.com\/profile.php?id=100082695620019","article_modified_time":"2024-02-16T10:07:55+00:00","og_image":[{"width":884,"height":737,"url":"https:\/\/modernteh.md\/wp-content\/uploads\/2022\/06\/Tocator-de-crengi-AM-120TR-K.png","type":"image\/png"}],"twitter_card":"summary_large_image","twitter_misc":{"\u041f\u0440\u0438\u043c\u0435\u0440\u043d\u043e\u0435 \u0432\u0440\u0435\u043c\u044f \u0434\u043b\u044f \u0447\u0442\u0435\u043d\u0438\u044f":"1 \u043c\u0438\u043d\u0443\u0442\u0430"},"schema":{"@context":"https:\/\/schema.org","@graph":[{"@type":"WebPage","@id":"https:\/\/modernteh.md\/catalog\/tocator-de-crengi-am-120tr-k\/","url":"https:\/\/modernteh.md\/catalog\/tocator-de-crengi-am-120tr-k\/","name":"Toc\u0103tor de crengi AM-120TR-K - Modernteh","isPartOf":{"@id":"https:\/\/modernteh.md\/#website"},"datePublished":"2022-06-25T12:02:30+00:00","dateModified":"2024-02-16T10:07:55+00:00","description":"Toc\u0103tor de crengi AM-120TR-K taie ramuri, sipci, sipci si alte deseuri de lemn in bucati de 90\u2026180 mm lungime.Diametrul maxim 120mm.","breadcrumb":{"@id":"https:\/\/modernteh.md\/catalog\/tocator-de-crengi-am-120tr-k\/#breadcrumb"},"inLanguage":"ru-RU","potentialAction":[{"@type":"ReadAction","target":["https:\/\/modernteh.md\/catalog\/tocator-de-crengi-am-120tr-k\/"]}]},{"@type":"BreadcrumbList","@id":"https:\/\/modernteh.md\/catalog\/tocator-de-crengi-am-120tr-k\/#breadcrumb","itemListElement":[{"@type":"ListItem","position":1,"name":"Prima pagin\u0103","item":"https:\/\/modernteh.md\/"},{"@type":"ListItem","position":2,"name":"Catalog","item":"https:\/\/modernteh.md\/catalog\/"},{"@type":"ListItem","position":3,"name":"Toc\u0103tor de crengi AM-120TR-K"}]},{"@type":"WebSite","@id":"https:\/\/modernteh.md\/#website","url":"https:\/\/modernteh.md\/","name":"Modernteh","description":"Modernteh","publisher":{"@id":"https:\/\/modernteh.md\/#organization"},"potentialAction":[{"@type":"SearchAction","target":{"@type":"EntryPoint","urlTemplate":"https:\/\/modernteh.md\/?s={search_term_string}"},"query-input":"required name=search_term_string"}],"inLanguage":"ru-RU"},{"@type":"Organization","@id":"https:\/\/modernteh.md\/#organization","name":"Modernteh","url":"https:\/\/modernteh.md\/","logo":{"@type":"ImageObject","inLanguage":"ru-RU","@id":"https:\/\/modernteh.md\/#\/schema\/logo\/image\/","url":"https:\/\/modernteh.md\/wp-content\/uploads\/2022\/06\/Logo_site-2.png","contentUrl":"https:\/\/modernteh.md\/wp-content\/uploads\/2022\/06\/Logo_site-2.png","width":500,"height":487,"caption":"Modernteh"},"image":{"@id":"https:\/\/modernteh.md\/#\/schema\/logo\/image\/"},"sameAs":["https:\/\/www.facebook.com\/profile.php?id=100082695620019"]}]}},"_links":{"self":[{"href":"https:\/\/modernteh.md\/ru\/wp-json\/wp\/v2\/product\/1633","targetHints":{"allow":["GET"]}}],"collection":[{"href":"https:\/\/modernteh.md\/ru\/wp-json\/wp\/v2\/product"}],"about":[{"href":"https:\/\/modernteh.md\/ru\/wp-json\/wp\/v2\/types\/product"}],"wp:featuredmedia":[{"embeddable":true,"href":"https:\/\/modernteh.md\/ru\/wp-json\/wp\/v2\/media\/3142"}],"wp:attachment":[{"href":"https:\/\/modernteh.md\/ru\/wp-json\/wp\/v2\/media?parent=1633"}],"wp:term":[{"taxonomy":"product_cat","embeddable":true,"href":"https:\/\/modernteh.md\/ru\/wp-json\/wp\/v2\/product_cat?post=1633"},{"taxonomy":"product_tag","embeddable":true,"href":"https:\/\/modernteh.md\/ru\/wp-json\/wp\/v2\/product_tag?post=1633"}],"curies":[{"name":"wp","href":"https:\/\/api.w.org\/{rel}","templated":true}]}}