{"id":1657,"date":"2022-06-25T12:47:41","date_gmt":"2022-06-25T12:47:41","guid":{"rendered":"https:\/\/modernteh.md\/?post_type=product&#038;p=1657"},"modified":"2023-11-27T09:00:54","modified_gmt":"2023-11-27T09:00:54","slug":"tocator-de-crengi-am-80","status":"publish","type":"product","link":"https:\/\/modernteh.md\/ru\/catalog\/tocator-de-crengi-am-80\/","title":{"rendered":"\u0418\u0437\u043c\u0435\u043b\u044c\u0447\u0438\u0442\u0435\u043b\u044c \u0432\u0435\u0442\u043e\u043a \u0410\u041c-80 \u0420\u0435\u0436\u0443\u0449\u0438\u0439 \u043c\u043e\u0434\u0443\u043b\u044c"},"content":{"rendered":"<p>Tocator de crengi AM-80 Modul de Taiere\u00a0are capacitatea de a t\u0103ia crengi cu un diametru de p\u00e2n\u0103 la 80 mm \u00een buc\u0103\u021bi de 60-120 mm lungime. Diametrul maxim al crengilor depinde de taria \u0219i umiditatea lemnului. Modulul de t\u0103iere al toc\u0103torului AM-80 poate fi alimentat de la o priz\u0103 de putere a tractorului. Axul modulului de t\u0103iere este realizat pentru priza tractorului cu 6 dinti.<\/p>\n<p>&nbsp;<\/p>\n<h2><strong>Tocator de crengi AM-80 Modul de Taiere- Dimensiuni<\/strong><\/h2>\n<p>Lungime:\u00a0 \u00a0 \u00a0 \u00a0 \u00a0 \u00a0 \u00a0 \u00a0 \u00a0 \u00a0 \u00a0 \u00a0 \u00a0 \u00a0 \u00a0 \u00a0 \u00a0 \u00a0 \u00a0 \u00a0 \u00a0 \u00a0 \u00a0 \u00a0 \u00a0 \u00a0 \u00a0235mm<\/p>\n<p>L\u0103\u021bime:\u00a0 \u00a0 \u00a0 \u00a0 \u00a0 \u00a0 \u00a0 \u00a0 \u00a0 \u00a0 \u00a0 \u00a0 \u00a0 \u00a0 \u00a0 \u00a0 \u00a0 \u00a0 \u00a0 \u00a0 \u00a0 \u00a0 \u00a0 \u00a0 \u00a0 \u00a0 \u00a0 \u00a0 340mm<\/p>\n<p>\u00cen\u0103l\u021bime:\u00a0 \u00a0 \u00a0 \u00a0 \u00a0 \u00a0 \u00a0 \u00a0 \u00a0 \u00a0 \u00a0 \u00a0 \u00a0 \u00a0 \u00a0 \u00a0 \u00a0 \u00a0 \u00a0 \u00a0 \u00a0 \u00a0 \u00a0 \u00a0 \u00a0 \u00a0 \u00a0 490 mm<\/p>\n<p>Greutate:\u00a0 \u00a0 \u00a0 \u00a0 \u00a0 \u00a0 \u00a0 \u00a0 \u00a0 \u00a0 \u00a0 \u00a0 \u00a0 \u00a0 \u00a0 \u00a0 \u00a0 \u00a0 \u00a0 \u00a0 \u00a0 \u00a0 \u00a0 \u00a0 \u00a0 \u00a0 \u00a065 kg<\/p>\n<p>&nbsp;<\/p>\n<h3><strong>\u0422\u0415\u0425\u041d\u0418\u0427\u0415\u0421\u041a\u0418\u0415 \u0425\u0410\u0420\u0410\u041a\u0422\u0415\u0420\u0418\u0421\u0422\u0418\u041a\u0418:<\/strong><\/h3>\n<p>Max. capacitate:\u00a0 \u00a0 \u00a0 \u00a0 \u00a0 \u00a0 \u00a0 \u00a0 \u00a0 \u00a0 \u00a0 \u00a0 \u00a0 \u00a0 \u00a0 \u00a0 \u00a0 \u00a0 \u00a0 \u00a0 \u00a0 \u00a0 \u00a0 \u00a0 \u00a0 \u00a0 \u00a0 \u00a0 \u00a0 \u00a04 m3\/or\u0103<\/p>\n<p>Max. diametrul lemnului moale:\u00a0 \u00a0 \u00a0 \u00a0 \u00a0 \u00a0 \u00a0 \u00a0 \u00a0 \u00a0 \u00a0 \u00a0 \u00a0 \u00a0 \u00a0 \u00a0 \u00a0 80 mm<\/p>\n<p>Max. diametrul lemnului tare:\u00a0 \u00a0 \u00a0 \u00a0 \u00a0 \u00a0 \u00a0 \u00a0 \u00a0 \u00a0 \u00a0 \u00a0 \u00a0 \u00a0 \u00a0 \u00a0 \u00a0 \u00a0 \u00a0 60 mm<\/p>\n<p>Lungimea buc\u0103\u021bilor de crengi tocate:\u00a0 \u00a0 \u00a0 \u00a0 \u00a0 \u00a0 \u00a0 \u00a0 \u00a0 \u00a0 \u00a0 \u00a0 \u00a0 60-120 mm<\/p>\n<p>Num\u0103r de cu\u021bite:\u00a0 \u00a0 \u00a0 \u00a0 \u00a0 \u00a0 \u00a0 \u00a0 \u00a0 \u00a0 \u00a0 \u00a0 \u00a0 \u00a0 \u00a0 \u00a0 \u00a0 \u00a0 \u00a0 \u00a0 \u00a0 \u00a0 \u00a0 \u00a0 \u00a0 \u00a0 \u00a0 \u00a0 \u00a0 6 buc<\/p>\n<p>Max. turatii ale cu\u021bitelor de lucru:\u00a0 \u00a0 \u00a0 \u00a0 \u00a0 \u00a0 \u00a0 \u00a0 \u00a0 \u00a0 \u00a0 \u00a0 \u00a0 \u00a0 \u00a0 \u00a0 220 rpm<\/p>\n<p>&nbsp;<\/p>\n<h3 dir=\"ltr\"><strong><span lang=\"ro\">CARACTERISTICI:<\/span><\/strong><\/h3>\n<p dir=\"ltr\"><span lang=\"ro\">Min. puterea motorului:\u00a0 \u00a0 \u00a0 \u00a0 \u00a0 \u00a0 \u00a0 \u00a0 \u00a0 \u00a0 \u00a0 \u00a0 \u00a0 \u00a0 \u00a0 \u00a0 \u00a0 \u00a0 \u00a0 16 CP<\/span><\/p>\n<p dir=\"ltr\"><span lang=\"ro\">Max. tura\u021bii la priza de putere:\u00a0 \u00a0 \u00a0 \u00a0 \u00a0 \u00a0 \u00a0 \u00a0 \u00a0 \u00a0 \u00a0 \u00a0 \u00a0 \u00a0 540 rpm<\/span><\/p>","protected":false},"excerpt":{"rendered":"<p>Tocator de crengi AM-80 Modul de Taiere\u00a0are capacitatea de a t\u0103ia crengi cu un diametru de p\u00e2n\u0103 la 80 mm<\/p>","protected":false},"featured_media":1653,"template":"","meta":[],"product_cat":[135],"product_tag":[],"class_list":{"0":"post-1657","1":"product","2":"type-product","3":"status-publish","4":"has-post-thumbnail","6":"product_cat-tocatoare-de-crengi","8":"first","9":"instock","10":"sale","11":"shipping-taxable","12":"purchasable","13":"product-type-simple"},"yoast_head":"<!-- This site is optimized with the Yoast SEO plugin v20.12 - https:\/\/yoast.com\/wordpress\/plugins\/seo\/ -->\n<title>Tocator de crengi AM-80 Modul de Taiere - Modernteh<\/title>\n<meta name=\"description\" content=\"Tocator de crengi AM-80 Modul de Taiere are capacitatea de a t\u0103ia crengi cu un diametru de p\u00e2n\u0103 la 80 mm \u00een buc\u0103\u021bi de 60-120 mm lungime\" \/>\n<meta name=\"robots\" content=\"index, follow, max-snippet:-1, max-image-preview:large, max-video-preview:-1\" \/>\n<link rel=\"canonical\" href=\"https:\/\/modernteh.md\/ru\/catalog\/tocator-de-crengi-am-80\/\" \/>\n<meta property=\"og:locale\" content=\"ru_RU\" \/>\n<meta property=\"og:type\" content=\"article\" \/>\n<meta property=\"og:title\" content=\"Tocator de crengi AM-80 Modul de Taiere - Modernteh\" \/>\n<meta property=\"og:description\" content=\"Tocator de crengi AM-80 Modul de Taiere are capacitatea de a t\u0103ia crengi cu un diametru de p\u00e2n\u0103 la 80 mm \u00een buc\u0103\u021bi de 60-120 mm lungime\" \/>\n<meta property=\"og:url\" content=\"https:\/\/modernteh.md\/ru\/catalog\/tocator-de-crengi-am-80\/\" \/>\n<meta property=\"og:site_name\" content=\"Modernteh\" \/>\n<meta property=\"article:publisher\" content=\"https:\/\/www.facebook.com\/profile.php?id=100082695620019\" \/>\n<meta property=\"article:modified_time\" content=\"2023-11-27T09:00:54+00:00\" \/>\n<meta property=\"og:image\" content=\"https:\/\/modernteh.md\/wp-content\/uploads\/2022\/06\/25.jpg\" \/>\n\t<meta property=\"og:image:width\" content=\"500\" \/>\n\t<meta property=\"og:image:height\" content=\"500\" \/>\n\t<meta property=\"og:image:type\" content=\"image\/jpeg\" \/>\n<meta name=\"twitter:card\" content=\"summary_large_image\" \/>\n<meta name=\"twitter:label1\" content=\"\u041f\u0440\u0438\u043c\u0435\u0440\u043d\u043e\u0435 \u0432\u0440\u0435\u043c\u044f \u0434\u043b\u044f \u0447\u0442\u0435\u043d\u0438\u044f\" \/>\n\t<meta name=\"twitter:data1\" content=\"1 \u043c\u0438\u043d\u0443\u0442\u0430\" \/>\n<script type=\"application\/ld+json\" class=\"yoast-schema-graph\">{\"@context\":\"https:\/\/schema.org\",\"@graph\":[{\"@type\":\"WebPage\",\"@id\":\"https:\/\/modernteh.md\/catalog\/tocator-de-crengi-am-80\/\",\"url\":\"https:\/\/modernteh.md\/catalog\/tocator-de-crengi-am-80\/\",\"name\":\"Tocator de crengi AM-80 Modul de Taiere - Modernteh\",\"isPartOf\":{\"@id\":\"https:\/\/modernteh.md\/#website\"},\"datePublished\":\"2022-06-25T12:47:41+00:00\",\"dateModified\":\"2023-11-27T09:00:54+00:00\",\"description\":\"Tocator de crengi AM-80 Modul de Taiere are capacitatea de a t\u0103ia crengi cu un diametru de p\u00e2n\u0103 la 80 mm \u00een buc\u0103\u021bi de 60-120 mm lungime\",\"breadcrumb\":{\"@id\":\"https:\/\/modernteh.md\/catalog\/tocator-de-crengi-am-80\/#breadcrumb\"},\"inLanguage\":\"ru-RU\",\"potentialAction\":[{\"@type\":\"ReadAction\",\"target\":[\"https:\/\/modernteh.md\/catalog\/tocator-de-crengi-am-80\/\"]}]},{\"@type\":\"BreadcrumbList\",\"@id\":\"https:\/\/modernteh.md\/catalog\/tocator-de-crengi-am-80\/#breadcrumb\",\"itemListElement\":[{\"@type\":\"ListItem\",\"position\":1,\"name\":\"Prima pagin\u0103\",\"item\":\"https:\/\/modernteh.md\/\"},{\"@type\":\"ListItem\",\"position\":2,\"name\":\"Catalog\",\"item\":\"https:\/\/modernteh.md\/catalog\/\"},{\"@type\":\"ListItem\",\"position\":3,\"name\":\"Tocator de crengi AM-80 Modul de Taiere\"}]},{\"@type\":\"WebSite\",\"@id\":\"https:\/\/modernteh.md\/#website\",\"url\":\"https:\/\/modernteh.md\/\",\"name\":\"Modernteh\",\"description\":\"Modernteh\",\"publisher\":{\"@id\":\"https:\/\/modernteh.md\/#organization\"},\"potentialAction\":[{\"@type\":\"SearchAction\",\"target\":{\"@type\":\"EntryPoint\",\"urlTemplate\":\"https:\/\/modernteh.md\/?s={search_term_string}\"},\"query-input\":\"required name=search_term_string\"}],\"inLanguage\":\"ru-RU\"},{\"@type\":\"Organization\",\"@id\":\"https:\/\/modernteh.md\/#organization\",\"name\":\"Modernteh\",\"url\":\"https:\/\/modernteh.md\/\",\"logo\":{\"@type\":\"ImageObject\",\"inLanguage\":\"ru-RU\",\"@id\":\"https:\/\/modernteh.md\/#\/schema\/logo\/image\/\",\"url\":\"https:\/\/modernteh.md\/wp-content\/uploads\/2022\/06\/Logo_site-2.png\",\"contentUrl\":\"https:\/\/modernteh.md\/wp-content\/uploads\/2022\/06\/Logo_site-2.png\",\"width\":500,\"height\":487,\"caption\":\"Modernteh\"},\"image\":{\"@id\":\"https:\/\/modernteh.md\/#\/schema\/logo\/image\/\"},\"sameAs\":[\"https:\/\/www.facebook.com\/profile.php?id=100082695620019\"]}]}<\/script>\n<!-- \/ Yoast SEO plugin. -->","yoast_head_json":{"title":"Tocator de crengi AM-80 Modul de Taiere - Modernteh","description":"Tocator de crengi AM-80 Modul de Taiere are capacitatea de a t\u0103ia crengi cu un diametru de p\u00e2n\u0103 la 80 mm \u00een buc\u0103\u021bi de 60-120 mm lungime","robots":{"index":"index","follow":"follow","max-snippet":"max-snippet:-1","max-image-preview":"max-image-preview:large","max-video-preview":"max-video-preview:-1"},"canonical":"https:\/\/modernteh.md\/ru\/catalog\/tocator-de-crengi-am-80\/","og_locale":"ru_RU","og_type":"article","og_title":"Tocator de crengi AM-80 Modul de Taiere - Modernteh","og_description":"Tocator de crengi AM-80 Modul de Taiere are capacitatea de a t\u0103ia crengi cu un diametru de p\u00e2n\u0103 la 80 mm \u00een buc\u0103\u021bi de 60-120 mm lungime","og_url":"https:\/\/modernteh.md\/ru\/catalog\/tocator-de-crengi-am-80\/","og_site_name":"Modernteh","article_publisher":"https:\/\/www.facebook.com\/profile.php?id=100082695620019","article_modified_time":"2023-11-27T09:00:54+00:00","og_image":[{"width":500,"height":500,"url":"https:\/\/modernteh.md\/wp-content\/uploads\/2022\/06\/25.jpg","type":"image\/jpeg"}],"twitter_card":"summary_large_image","twitter_misc":{"\u041f\u0440\u0438\u043c\u0435\u0440\u043d\u043e\u0435 \u0432\u0440\u0435\u043c\u044f \u0434\u043b\u044f \u0447\u0442\u0435\u043d\u0438\u044f":"1 \u043c\u0438\u043d\u0443\u0442\u0430"},"schema":{"@context":"https:\/\/schema.org","@graph":[{"@type":"WebPage","@id":"https:\/\/modernteh.md\/catalog\/tocator-de-crengi-am-80\/","url":"https:\/\/modernteh.md\/catalog\/tocator-de-crengi-am-80\/","name":"Tocator de crengi AM-80 Modul de Taiere - Modernteh","isPartOf":{"@id":"https:\/\/modernteh.md\/#website"},"datePublished":"2022-06-25T12:47:41+00:00","dateModified":"2023-11-27T09:00:54+00:00","description":"Tocator de crengi AM-80 Modul de Taiere are capacitatea de a t\u0103ia crengi cu un diametru de p\u00e2n\u0103 la 80 mm \u00een buc\u0103\u021bi de 60-120 mm lungime","breadcrumb":{"@id":"https:\/\/modernteh.md\/catalog\/tocator-de-crengi-am-80\/#breadcrumb"},"inLanguage":"ru-RU","potentialAction":[{"@type":"ReadAction","target":["https:\/\/modernteh.md\/catalog\/tocator-de-crengi-am-80\/"]}]},{"@type":"BreadcrumbList","@id":"https:\/\/modernteh.md\/catalog\/tocator-de-crengi-am-80\/#breadcrumb","itemListElement":[{"@type":"ListItem","position":1,"name":"Prima pagin\u0103","item":"https:\/\/modernteh.md\/"},{"@type":"ListItem","position":2,"name":"Catalog","item":"https:\/\/modernteh.md\/catalog\/"},{"@type":"ListItem","position":3,"name":"Tocator de crengi AM-80 Modul de Taiere"}]},{"@type":"WebSite","@id":"https:\/\/modernteh.md\/#website","url":"https:\/\/modernteh.md\/","name":"Modernteh","description":"Modernteh","publisher":{"@id":"https:\/\/modernteh.md\/#organization"},"potentialAction":[{"@type":"SearchAction","target":{"@type":"EntryPoint","urlTemplate":"https:\/\/modernteh.md\/?s={search_term_string}"},"query-input":"required name=search_term_string"}],"inLanguage":"ru-RU"},{"@type":"Organization","@id":"https:\/\/modernteh.md\/#organization","name":"Modernteh","url":"https:\/\/modernteh.md\/","logo":{"@type":"ImageObject","inLanguage":"ru-RU","@id":"https:\/\/modernteh.md\/#\/schema\/logo\/image\/","url":"https:\/\/modernteh.md\/wp-content\/uploads\/2022\/06\/Logo_site-2.png","contentUrl":"https:\/\/modernteh.md\/wp-content\/uploads\/2022\/06\/Logo_site-2.png","width":500,"height":487,"caption":"Modernteh"},"image":{"@id":"https:\/\/modernteh.md\/#\/schema\/logo\/image\/"},"sameAs":["https:\/\/www.facebook.com\/profile.php?id=100082695620019"]}]}},"_links":{"self":[{"href":"https:\/\/modernteh.md\/ru\/wp-json\/wp\/v2\/product\/1657","targetHints":{"allow":["GET"]}}],"collection":[{"href":"https:\/\/modernteh.md\/ru\/wp-json\/wp\/v2\/product"}],"about":[{"href":"https:\/\/modernteh.md\/ru\/wp-json\/wp\/v2\/types\/product"}],"wp:featuredmedia":[{"embeddable":true,"href":"https:\/\/modernteh.md\/ru\/wp-json\/wp\/v2\/media\/1653"}],"wp:attachment":[{"href":"https:\/\/modernteh.md\/ru\/wp-json\/wp\/v2\/media?parent=1657"}],"wp:term":[{"taxonomy":"product_cat","embeddable":true,"href":"https:\/\/modernteh.md\/ru\/wp-json\/wp\/v2\/product_cat?post=1657"},{"taxonomy":"product_tag","embeddable":true,"href":"https:\/\/modernteh.md\/ru\/wp-json\/wp\/v2\/product_tag?post=1657"}],"curies":[{"name":"wp","href":"https:\/\/api.w.org\/{rel}","templated":true}]}}