{"id":1682,"date":"2022-06-25T13:19:44","date_gmt":"2022-06-25T13:19:44","guid":{"rendered":"https:\/\/modernteh.md\/?post_type=product&#038;p=1682"},"modified":"2025-11-26T08:24:52","modified_gmt":"2025-11-26T08:24:52","slug":"tocator-ms-400-24","status":"publish","type":"product","link":"https:\/\/modernteh.md\/ru\/catalog\/tocator-ms-400-24\/","title":{"rendered":"Tocator de furaje Demetra DM-400-24 PRO"},"content":{"rendered":"<p>Tocatorul de furaje\u00a0<strong>Demetra DM-400-24 PRO<\/strong>\u00a0este un echipament robust \u0219i eficient, ideal pentru prelucrarea furajelor \u00een ferme. Fabricat de\u00a0<strong>Demetra<\/strong>, acest model ofer\u0103 performan\u021b\u0103 excelent\u0103 \u0219i fiabilitate, fiind conceput pentru a r\u0103spunde nevoilor celor care doresc un proces de m\u0103run\u021bire rapid \u0219i de calitate.<\/p>\n<p><strong>Caracteristici tehnice:<\/strong><\/p>\n<ol>\n<li><strong>Putere motor:<\/strong>\u00a03.7 kW<\/li>\n<li><strong>Vitez\u0103 motor:<\/strong>\u00a02800 rpm<\/li>\n<li><strong>Capacitate de m\u0103run\u021bire:<\/strong>\u00a0500-1000 kg\/or\u0103<\/li>\n<li><strong>Set site:<\/strong>\u00a05 mm (montat), 5 mm, 4 mm, 20 mm<\/li>\n<li><strong>Tip \u00eenc\u0103rcare:<\/strong>\u00a0Manual\u0103<\/li>\n<li><strong>Tip desc\u0103rcare:<\/strong>\u00a0Centrifugat\u0103<\/li>\n<li><strong>Num\u0103r ciocanele de m\u0103cinare:<\/strong>\u00a024 buc\u0103\u021bi<\/li>\n<li><strong>Num\u0103r cu\u021bite segment:<\/strong>\u00a06 buc\u0103\u021bi<\/li>\n<li><strong>Num\u0103r cu\u021bite lamelare:<\/strong>\u00a03 buc\u0103\u021bi<\/li>\n<li><strong>Greutate:<\/strong>\u00a090 kg<\/li>\n<li><strong>Alimentare:<\/strong>\u00a0220 V ~ 50 Hz<\/li>\n<li><strong>Motor inclus:<\/strong>\u00a0Da<\/li>\n<\/ol>\n<p><i><strong>Demetra DM-400-24 PRO<\/strong>\u00a0este toc\u0103torul ideal pentru fermierii care doresc s\u0103 eficientizeze procesul de preg\u0103tire a furajelor, economisind timp \u0219i resurse, \u00een timp ce asigur\u0103 o calitate excelent\u0103 a acestora.<\/i><\/p>","protected":false},"excerpt":{"rendered":"<p>Tocatorul de furaje\u00a0Demetra DM-400-24 PRO\u00a0este un echipament robust \u0219i eficient, ideal pentru prelucrarea furajelor \u00een ferme. Fabricat de\u00a0Demetra, acest model<\/p>","protected":false},"featured_media":4643,"template":"","meta":[],"product_cat":[134],"product_tag":[],"class_list":{"0":"post-1682","1":"product","2":"type-product","3":"status-publish","4":"has-post-thumbnail","6":"product_cat-tocatoare-de-furaje-si-cereale","8":"first","9":"instock","10":"sale","11":"shipping-taxable","12":"purchasable","13":"product-type-simple"},"yoast_head":"<!-- This site is optimized with the Yoast SEO plugin v20.12 - https:\/\/yoast.com\/wordpress\/plugins\/seo\/ -->\n<title>Tocator de furaje Demetra DM-400-24 PRO - Modernteh<\/title>\n<meta name=\"description\" content=\"Tocator de furaje Demetra DM-400-24 PRO\" \/>\n<meta name=\"robots\" content=\"index, follow, max-snippet:-1, max-image-preview:large, max-video-preview:-1\" \/>\n<link rel=\"canonical\" href=\"https:\/\/modernteh.md\/ru\/catalog\/tocator-ms-400-24\/\" \/>\n<meta property=\"og:locale\" content=\"ru_RU\" \/>\n<meta property=\"og:type\" content=\"article\" \/>\n<meta property=\"og:title\" content=\"Tocator de furaje Demetra DM-400-24 PRO - Modernteh\" \/>\n<meta property=\"og:description\" content=\"Tocator de furaje Demetra DM-400-24 PRO\" \/>\n<meta property=\"og:url\" content=\"https:\/\/modernteh.md\/ru\/catalog\/tocator-ms-400-24\/\" \/>\n<meta property=\"og:site_name\" content=\"Modernteh\" \/>\n<meta property=\"article:publisher\" content=\"https:\/\/www.facebook.com\/profile.php?id=100082695620019\" \/>\n<meta property=\"article:modified_time\" content=\"2025-11-26T08:24:52+00:00\" \/>\n<meta property=\"og:image\" content=\"https:\/\/modernteh.md\/wp-content\/uploads\/2022\/06\/Tocator-de-furaje-Demetra-DM-400-24-PRO-new_3.png\" \/>\n\t<meta property=\"og:image:width\" content=\"800\" \/>\n\t<meta property=\"og:image:height\" content=\"800\" \/>\n\t<meta property=\"og:image:type\" content=\"image\/png\" \/>\n<meta name=\"twitter:card\" content=\"summary_large_image\" \/>\n<meta name=\"twitter:label1\" content=\"\u041f\u0440\u0438\u043c\u0435\u0440\u043d\u043e\u0435 \u0432\u0440\u0435\u043c\u044f \u0434\u043b\u044f \u0447\u0442\u0435\u043d\u0438\u044f\" \/>\n\t<meta name=\"twitter:data1\" content=\"1 \u043c\u0438\u043d\u0443\u0442\u0430\" \/>\n<script type=\"application\/ld+json\" class=\"yoast-schema-graph\">{\"@context\":\"https:\/\/schema.org\",\"@graph\":[{\"@type\":\"WebPage\",\"@id\":\"https:\/\/modernteh.md\/catalog\/tocator-ms-400-24\/\",\"url\":\"https:\/\/modernteh.md\/catalog\/tocator-ms-400-24\/\",\"name\":\"Tocator de furaje Demetra DM-400-24 PRO - Modernteh\",\"isPartOf\":{\"@id\":\"https:\/\/modernteh.md\/#website\"},\"datePublished\":\"2022-06-25T13:19:44+00:00\",\"dateModified\":\"2025-11-26T08:24:52+00:00\",\"description\":\"Tocator de furaje Demetra DM-400-24 PRO\",\"breadcrumb\":{\"@id\":\"https:\/\/modernteh.md\/catalog\/tocator-ms-400-24\/#breadcrumb\"},\"inLanguage\":\"ru-RU\",\"potentialAction\":[{\"@type\":\"ReadAction\",\"target\":[\"https:\/\/modernteh.md\/catalog\/tocator-ms-400-24\/\"]}]},{\"@type\":\"BreadcrumbList\",\"@id\":\"https:\/\/modernteh.md\/catalog\/tocator-ms-400-24\/#breadcrumb\",\"itemListElement\":[{\"@type\":\"ListItem\",\"position\":1,\"name\":\"Prima pagin\u0103\",\"item\":\"https:\/\/modernteh.md\/\"},{\"@type\":\"ListItem\",\"position\":2,\"name\":\"Catalog\",\"item\":\"https:\/\/modernteh.md\/catalog\/\"},{\"@type\":\"ListItem\",\"position\":3,\"name\":\"Tocator de furaje Demetra DM-400-24 PRO\"}]},{\"@type\":\"WebSite\",\"@id\":\"https:\/\/modernteh.md\/#website\",\"url\":\"https:\/\/modernteh.md\/\",\"name\":\"Modernteh\",\"description\":\"Modernteh\",\"publisher\":{\"@id\":\"https:\/\/modernteh.md\/#organization\"},\"potentialAction\":[{\"@type\":\"SearchAction\",\"target\":{\"@type\":\"EntryPoint\",\"urlTemplate\":\"https:\/\/modernteh.md\/?s={search_term_string}\"},\"query-input\":\"required name=search_term_string\"}],\"inLanguage\":\"ru-RU\"},{\"@type\":\"Organization\",\"@id\":\"https:\/\/modernteh.md\/#organization\",\"name\":\"Modernteh\",\"url\":\"https:\/\/modernteh.md\/\",\"logo\":{\"@type\":\"ImageObject\",\"inLanguage\":\"ru-RU\",\"@id\":\"https:\/\/modernteh.md\/#\/schema\/logo\/image\/\",\"url\":\"https:\/\/modernteh.md\/wp-content\/uploads\/2022\/06\/Logo_site-2.png\",\"contentUrl\":\"https:\/\/modernteh.md\/wp-content\/uploads\/2022\/06\/Logo_site-2.png\",\"width\":500,\"height\":487,\"caption\":\"Modernteh\"},\"image\":{\"@id\":\"https:\/\/modernteh.md\/#\/schema\/logo\/image\/\"},\"sameAs\":[\"https:\/\/www.facebook.com\/profile.php?id=100082695620019\"]}]}<\/script>\n<!-- \/ Yoast SEO plugin. -->","yoast_head_json":{"title":"Tocator de furaje Demetra DM-400-24 PRO - Modernteh","description":"Tocator de furaje Demetra DM-400-24 PRO","robots":{"index":"index","follow":"follow","max-snippet":"max-snippet:-1","max-image-preview":"max-image-preview:large","max-video-preview":"max-video-preview:-1"},"canonical":"https:\/\/modernteh.md\/ru\/catalog\/tocator-ms-400-24\/","og_locale":"ru_RU","og_type":"article","og_title":"Tocator de furaje Demetra DM-400-24 PRO - Modernteh","og_description":"Tocator de furaje Demetra DM-400-24 PRO","og_url":"https:\/\/modernteh.md\/ru\/catalog\/tocator-ms-400-24\/","og_site_name":"Modernteh","article_publisher":"https:\/\/www.facebook.com\/profile.php?id=100082695620019","article_modified_time":"2025-11-26T08:24:52+00:00","og_image":[{"width":800,"height":800,"url":"https:\/\/modernteh.md\/wp-content\/uploads\/2022\/06\/Tocator-de-furaje-Demetra-DM-400-24-PRO-new_3.png","type":"image\/png"}],"twitter_card":"summary_large_image","twitter_misc":{"\u041f\u0440\u0438\u043c\u0435\u0440\u043d\u043e\u0435 \u0432\u0440\u0435\u043c\u044f \u0434\u043b\u044f \u0447\u0442\u0435\u043d\u0438\u044f":"1 \u043c\u0438\u043d\u0443\u0442\u0430"},"schema":{"@context":"https:\/\/schema.org","@graph":[{"@type":"WebPage","@id":"https:\/\/modernteh.md\/catalog\/tocator-ms-400-24\/","url":"https:\/\/modernteh.md\/catalog\/tocator-ms-400-24\/","name":"Tocator de furaje Demetra DM-400-24 PRO - Modernteh","isPartOf":{"@id":"https:\/\/modernteh.md\/#website"},"datePublished":"2022-06-25T13:19:44+00:00","dateModified":"2025-11-26T08:24:52+00:00","description":"Tocator de furaje Demetra DM-400-24 PRO","breadcrumb":{"@id":"https:\/\/modernteh.md\/catalog\/tocator-ms-400-24\/#breadcrumb"},"inLanguage":"ru-RU","potentialAction":[{"@type":"ReadAction","target":["https:\/\/modernteh.md\/catalog\/tocator-ms-400-24\/"]}]},{"@type":"BreadcrumbList","@id":"https:\/\/modernteh.md\/catalog\/tocator-ms-400-24\/#breadcrumb","itemListElement":[{"@type":"ListItem","position":1,"name":"Prima pagin\u0103","item":"https:\/\/modernteh.md\/"},{"@type":"ListItem","position":2,"name":"Catalog","item":"https:\/\/modernteh.md\/catalog\/"},{"@type":"ListItem","position":3,"name":"Tocator de furaje Demetra DM-400-24 PRO"}]},{"@type":"WebSite","@id":"https:\/\/modernteh.md\/#website","url":"https:\/\/modernteh.md\/","name":"Modernteh","description":"Modernteh","publisher":{"@id":"https:\/\/modernteh.md\/#organization"},"potentialAction":[{"@type":"SearchAction","target":{"@type":"EntryPoint","urlTemplate":"https:\/\/modernteh.md\/?s={search_term_string}"},"query-input":"required name=search_term_string"}],"inLanguage":"ru-RU"},{"@type":"Organization","@id":"https:\/\/modernteh.md\/#organization","name":"Modernteh","url":"https:\/\/modernteh.md\/","logo":{"@type":"ImageObject","inLanguage":"ru-RU","@id":"https:\/\/modernteh.md\/#\/schema\/logo\/image\/","url":"https:\/\/modernteh.md\/wp-content\/uploads\/2022\/06\/Logo_site-2.png","contentUrl":"https:\/\/modernteh.md\/wp-content\/uploads\/2022\/06\/Logo_site-2.png","width":500,"height":487,"caption":"Modernteh"},"image":{"@id":"https:\/\/modernteh.md\/#\/schema\/logo\/image\/"},"sameAs":["https:\/\/www.facebook.com\/profile.php?id=100082695620019"]}]}},"_links":{"self":[{"href":"https:\/\/modernteh.md\/ru\/wp-json\/wp\/v2\/product\/1682","targetHints":{"allow":["GET"]}}],"collection":[{"href":"https:\/\/modernteh.md\/ru\/wp-json\/wp\/v2\/product"}],"about":[{"href":"https:\/\/modernteh.md\/ru\/wp-json\/wp\/v2\/types\/product"}],"wp:featuredmedia":[{"embeddable":true,"href":"https:\/\/modernteh.md\/ru\/wp-json\/wp\/v2\/media\/4643"}],"wp:attachment":[{"href":"https:\/\/modernteh.md\/ru\/wp-json\/wp\/v2\/media?parent=1682"}],"wp:term":[{"taxonomy":"product_cat","embeddable":true,"href":"https:\/\/modernteh.md\/ru\/wp-json\/wp\/v2\/product_cat?post=1682"},{"taxonomy":"product_tag","embeddable":true,"href":"https:\/\/modernteh.md\/ru\/wp-json\/wp\/v2\/product_tag?post=1682"}],"curies":[{"name":"wp","href":"https:\/\/api.w.org\/{rel}","templated":true}]}}