{"id":1786,"date":"2022-06-25T15:23:07","date_gmt":"2022-06-25T15:23:07","guid":{"rendered":"https:\/\/modernteh.md\/?post_type=product&#038;p=1786"},"modified":"2024-08-02T08:18:01","modified_gmt":"2024-08-02T08:18:01","slug":"moara-holz-mill-25l","status":"publish","type":"product","link":"https:\/\/modernteh.md\/ru\/catalog\/moara-holz-mill-25l\/","title":{"rendered":"\u041c\u0435\u043b\u044c\u043d\u0438\u0446\u0430 \u0437\u0435\u0440\u043d\u043e\u0432\u0430\u044f \u0415\u0412\u0420\u041e\u041c\u0415\u041b\u042c\u041d\u0418\u041a-25"},"content":{"rendered":"<p>Buton: pornit \/ oprit<br \/>\nPuterea motorului: 1 kW<br \/>\nViteza de rotatie: 19000 rot \/ min<br \/>\nTensiune: 220 V<br \/>\nProtectie termica pentru motor: da<br \/>\nMarimea gaurilor pentru site: echipata cu doua site cu gauri de 4 si 5 mm (alte dimensiuni la cerere)<br \/>\nMaterial: buncar si carcasa din plastic de inalta calitate \u2013 galeata pentru produsele macinate este din otel (partea interioara galvanizata)<br \/>\nVolum galeata: 25 L<br \/>\nCapacitate: 70-100 kg \/ h (frezare fina), 200-300 kg \/ h (frezare grosiera)<\/p>\n<p>Moara de cereale Euromill-25 se folose\u0219te pentru m\u0103run\u021birea cerealelor: gr\u00e2u, orz, porumb, soia \u0219.a. Este ac\u021bionat\u0103 de un motor electric de putere 1 kW , curent monofazat. Moara de cereale Euromill-25 este dotat\u0103 cu buton de pornire \/ oprire. Cerealele pot fi  m\u0103cinate la diferite frac\u021bii cu sitele ce sunt incluse \u00een set: 2 mm, 4 mm, 6 mm, 8 mm. La solicitare, se poate completa \u0219i cu site de alt\u0103 frac\u021bie: mai mic\u0103 sau mare. <\/p>\n<p>     Carcasa \u0219i co\u0219ul de alimentare este din plastic de \u00eenalt\u0103 calitate. Bunc\u0103rul  \u00een care se depoziteaz\u0103 materia m\u0103cinat\u0103 este din o\u021bel,  iar partea interioar\u0103 este galvanizat\u0103. Acesta are un volum de 25 L. <\/p>\n<p>     Randamentul acestui model de moar\u0103 este \u00eentre 70-300 kg \/or\u0103, \u00een func\u021bie de materialul m\u0103cinat \u0219i frac\u021bia sitei prin care trece acesta.<\/p>","protected":false},"excerpt":{"rendered":"<p>Buton: pornit \/ oprit Puterea motorului: 1 kW Viteza de rotatie: 19000 rot \/ min Tensiune: 220 V Protectie termica<\/p>","protected":false},"featured_media":3548,"template":"","meta":[],"product_cat":[138],"product_tag":[],"class_list":{"0":"post-1786","1":"product","2":"type-product","3":"status-publish","4":"has-post-thumbnail","6":"product_cat-amestecator-si-moara-cereale","8":"first","9":"instock","10":"shipping-taxable","11":"purchasable","12":"product-type-simple"},"yoast_head":"<!-- This site is optimized with the Yoast SEO plugin v20.12 - https:\/\/yoast.com\/wordpress\/plugins\/seo\/ -->\n<title>Moara de cereale EUROMILL-25 - Modernteh<\/title>\n<meta name=\"description\" content=\"Moara de cereale EUROMILL-25\" \/>\n<meta name=\"robots\" content=\"index, follow, max-snippet:-1, max-image-preview:large, max-video-preview:-1\" \/>\n<link rel=\"canonical\" href=\"https:\/\/modernteh.md\/ru\/catalog\/moara-holz-mill-25l\/\" \/>\n<meta property=\"og:locale\" content=\"ru_RU\" \/>\n<meta property=\"og:type\" content=\"article\" \/>\n<meta property=\"og:title\" content=\"Moara de cereale EUROMILL-25 - Modernteh\" \/>\n<meta property=\"og:description\" content=\"Moara de cereale EUROMILL-25\" \/>\n<meta property=\"og:url\" content=\"https:\/\/modernteh.md\/ru\/catalog\/moara-holz-mill-25l\/\" \/>\n<meta property=\"og:site_name\" content=\"Modernteh\" \/>\n<meta property=\"article:publisher\" content=\"https:\/\/www.facebook.com\/profile.php?id=100082695620019\" \/>\n<meta property=\"article:modified_time\" content=\"2024-08-02T08:18:01+00:00\" \/>\n<meta property=\"og:image\" content=\"https:\/\/modernteh.md\/wp-content\/uploads\/2022\/06\/new-feed-crusher-EUROMILL-25-1.jpg\" \/>\n\t<meta property=\"og:image:width\" content=\"2008\" \/>\n\t<meta property=\"og:image:height\" content=\"1900\" \/>\n\t<meta property=\"og:image:type\" content=\"image\/jpeg\" \/>\n<meta name=\"twitter:card\" content=\"summary_large_image\" \/>\n<meta name=\"twitter:label1\" content=\"\u041f\u0440\u0438\u043c\u0435\u0440\u043d\u043e\u0435 \u0432\u0440\u0435\u043c\u044f \u0434\u043b\u044f \u0447\u0442\u0435\u043d\u0438\u044f\" \/>\n\t<meta name=\"twitter:data1\" content=\"2 \u043c\u0438\u043d\u0443\u0442\u044b\" \/>\n<script type=\"application\/ld+json\" class=\"yoast-schema-graph\">{\"@context\":\"https:\/\/schema.org\",\"@graph\":[{\"@type\":\"WebPage\",\"@id\":\"https:\/\/modernteh.md\/catalog\/moara-holz-mill-25l\/\",\"url\":\"https:\/\/modernteh.md\/catalog\/moara-holz-mill-25l\/\",\"name\":\"Moara de cereale EUROMILL-25 - Modernteh\",\"isPartOf\":{\"@id\":\"https:\/\/modernteh.md\/#website\"},\"datePublished\":\"2022-06-25T15:23:07+00:00\",\"dateModified\":\"2024-08-02T08:18:01+00:00\",\"description\":\"Moara de cereale EUROMILL-25\",\"breadcrumb\":{\"@id\":\"https:\/\/modernteh.md\/catalog\/moara-holz-mill-25l\/#breadcrumb\"},\"inLanguage\":\"ru-RU\",\"potentialAction\":[{\"@type\":\"ReadAction\",\"target\":[\"https:\/\/modernteh.md\/catalog\/moara-holz-mill-25l\/\"]}]},{\"@type\":\"BreadcrumbList\",\"@id\":\"https:\/\/modernteh.md\/catalog\/moara-holz-mill-25l\/#breadcrumb\",\"itemListElement\":[{\"@type\":\"ListItem\",\"position\":1,\"name\":\"Prima pagin\u0103\",\"item\":\"https:\/\/modernteh.md\/\"},{\"@type\":\"ListItem\",\"position\":2,\"name\":\"Catalog\",\"item\":\"https:\/\/modernteh.md\/catalog\/\"},{\"@type\":\"ListItem\",\"position\":3,\"name\":\"Moara de cereale EUROMILL-25\"}]},{\"@type\":\"WebSite\",\"@id\":\"https:\/\/modernteh.md\/#website\",\"url\":\"https:\/\/modernteh.md\/\",\"name\":\"Modernteh\",\"description\":\"Modernteh\",\"publisher\":{\"@id\":\"https:\/\/modernteh.md\/#organization\"},\"potentialAction\":[{\"@type\":\"SearchAction\",\"target\":{\"@type\":\"EntryPoint\",\"urlTemplate\":\"https:\/\/modernteh.md\/?s={search_term_string}\"},\"query-input\":\"required name=search_term_string\"}],\"inLanguage\":\"ru-RU\"},{\"@type\":\"Organization\",\"@id\":\"https:\/\/modernteh.md\/#organization\",\"name\":\"Modernteh\",\"url\":\"https:\/\/modernteh.md\/\",\"logo\":{\"@type\":\"ImageObject\",\"inLanguage\":\"ru-RU\",\"@id\":\"https:\/\/modernteh.md\/#\/schema\/logo\/image\/\",\"url\":\"https:\/\/modernteh.md\/wp-content\/uploads\/2022\/06\/Logo_site-2.png\",\"contentUrl\":\"https:\/\/modernteh.md\/wp-content\/uploads\/2022\/06\/Logo_site-2.png\",\"width\":500,\"height\":487,\"caption\":\"Modernteh\"},\"image\":{\"@id\":\"https:\/\/modernteh.md\/#\/schema\/logo\/image\/\"},\"sameAs\":[\"https:\/\/www.facebook.com\/profile.php?id=100082695620019\"]}]}<\/script>\n<!-- \/ Yoast SEO plugin. -->","yoast_head_json":{"title":"Moara de cereale EUROMILL-25 - Modernteh","description":"Moara de cereale EUROMILL-25","robots":{"index":"index","follow":"follow","max-snippet":"max-snippet:-1","max-image-preview":"max-image-preview:large","max-video-preview":"max-video-preview:-1"},"canonical":"https:\/\/modernteh.md\/ru\/catalog\/moara-holz-mill-25l\/","og_locale":"ru_RU","og_type":"article","og_title":"Moara de cereale EUROMILL-25 - Modernteh","og_description":"Moara de cereale EUROMILL-25","og_url":"https:\/\/modernteh.md\/ru\/catalog\/moara-holz-mill-25l\/","og_site_name":"Modernteh","article_publisher":"https:\/\/www.facebook.com\/profile.php?id=100082695620019","article_modified_time":"2024-08-02T08:18:01+00:00","og_image":[{"width":2008,"height":1900,"url":"https:\/\/modernteh.md\/wp-content\/uploads\/2022\/06\/new-feed-crusher-EUROMILL-25-1.jpg","type":"image\/jpeg"}],"twitter_card":"summary_large_image","twitter_misc":{"\u041f\u0440\u0438\u043c\u0435\u0440\u043d\u043e\u0435 \u0432\u0440\u0435\u043c\u044f \u0434\u043b\u044f \u0447\u0442\u0435\u043d\u0438\u044f":"2 \u043c\u0438\u043d\u0443\u0442\u044b"},"schema":{"@context":"https:\/\/schema.org","@graph":[{"@type":"WebPage","@id":"https:\/\/modernteh.md\/catalog\/moara-holz-mill-25l\/","url":"https:\/\/modernteh.md\/catalog\/moara-holz-mill-25l\/","name":"Moara de cereale EUROMILL-25 - Modernteh","isPartOf":{"@id":"https:\/\/modernteh.md\/#website"},"datePublished":"2022-06-25T15:23:07+00:00","dateModified":"2024-08-02T08:18:01+00:00","description":"Moara de cereale EUROMILL-25","breadcrumb":{"@id":"https:\/\/modernteh.md\/catalog\/moara-holz-mill-25l\/#breadcrumb"},"inLanguage":"ru-RU","potentialAction":[{"@type":"ReadAction","target":["https:\/\/modernteh.md\/catalog\/moara-holz-mill-25l\/"]}]},{"@type":"BreadcrumbList","@id":"https:\/\/modernteh.md\/catalog\/moara-holz-mill-25l\/#breadcrumb","itemListElement":[{"@type":"ListItem","position":1,"name":"Prima pagin\u0103","item":"https:\/\/modernteh.md\/"},{"@type":"ListItem","position":2,"name":"Catalog","item":"https:\/\/modernteh.md\/catalog\/"},{"@type":"ListItem","position":3,"name":"Moara de cereale EUROMILL-25"}]},{"@type":"WebSite","@id":"https:\/\/modernteh.md\/#website","url":"https:\/\/modernteh.md\/","name":"Modernteh","description":"Modernteh","publisher":{"@id":"https:\/\/modernteh.md\/#organization"},"potentialAction":[{"@type":"SearchAction","target":{"@type":"EntryPoint","urlTemplate":"https:\/\/modernteh.md\/?s={search_term_string}"},"query-input":"required name=search_term_string"}],"inLanguage":"ru-RU"},{"@type":"Organization","@id":"https:\/\/modernteh.md\/#organization","name":"Modernteh","url":"https:\/\/modernteh.md\/","logo":{"@type":"ImageObject","inLanguage":"ru-RU","@id":"https:\/\/modernteh.md\/#\/schema\/logo\/image\/","url":"https:\/\/modernteh.md\/wp-content\/uploads\/2022\/06\/Logo_site-2.png","contentUrl":"https:\/\/modernteh.md\/wp-content\/uploads\/2022\/06\/Logo_site-2.png","width":500,"height":487,"caption":"Modernteh"},"image":{"@id":"https:\/\/modernteh.md\/#\/schema\/logo\/image\/"},"sameAs":["https:\/\/www.facebook.com\/profile.php?id=100082695620019"]}]}},"_links":{"self":[{"href":"https:\/\/modernteh.md\/ru\/wp-json\/wp\/v2\/product\/1786","targetHints":{"allow":["GET"]}}],"collection":[{"href":"https:\/\/modernteh.md\/ru\/wp-json\/wp\/v2\/product"}],"about":[{"href":"https:\/\/modernteh.md\/ru\/wp-json\/wp\/v2\/types\/product"}],"wp:featuredmedia":[{"embeddable":true,"href":"https:\/\/modernteh.md\/ru\/wp-json\/wp\/v2\/media\/3548"}],"wp:attachment":[{"href":"https:\/\/modernteh.md\/ru\/wp-json\/wp\/v2\/media?parent=1786"}],"wp:term":[{"taxonomy":"product_cat","embeddable":true,"href":"https:\/\/modernteh.md\/ru\/wp-json\/wp\/v2\/product_cat?post=1786"},{"taxonomy":"product_tag","embeddable":true,"href":"https:\/\/modernteh.md\/ru\/wp-json\/wp\/v2\/product_tag?post=1786"}],"curies":[{"name":"wp","href":"https:\/\/api.w.org\/{rel}","templated":true}]}}