{"id":1797,"date":"2022-06-25T15:26:42","date_gmt":"2022-06-25T15:26:42","guid":{"rendered":"https:\/\/modernteh.md\/?post_type=product&#038;p=1797"},"modified":"2022-08-16T08:10:56","modified_gmt":"2022-08-16T08:10:56","slug":"moara-holz-mill-50l-inox","status":"publish","type":"product","link":"https:\/\/modernteh.md\/ru\/catalog\/moara-holz-mill-50l-inox\/","title":{"rendered":"Moara de cereale Holz Mill 50L (INOX)"},"content":{"rendered":"<h1 dir=\"ltr\"><strong>MOARA HOLZ MILL 50L\u00a0(INOX)<\/strong><\/h1>\n<p>Moara de cereale HOLZ MILL-50 (INOX) este pentru m\u0103cinarea unei cantit\u0103\u021bi mici de urluial\u0103 \/ f\u0103in\u0103 (din porumb, gr\u00e2u, alte cereale) pentru hr\u0103nirea puilor, vacilor sau a porcilor.<\/p>\n<p dir=\"ltr\">Datorit\u0103 motorului puternic \u0219i construc\u021biei bune, moara poate fi folosit\u0103 \u00een scopuri alimentare, care poate macina zah\u0103r, sare sau alte produse granulare.<\/p>\n<p dir=\"ltr\"><img loading=\"lazy\" decoding=\"async\" src=\"https:\/\/tehno-ms.md\/storage\/photos\/2\/moara\/Moara-urluiala.jpg\" alt=\"Tipuri de cereale in moara de urluiala\" width=\"370\" height=\"370\" \/><\/p>\n<h2 dir=\"ltr\"><\/h2>\n<h2 dir=\"ltr\"><strong>SPECIFICA\u021aII TEHNICE MOARA ELECTRIC\u0102 DE CEREALE:<\/strong><\/h2>\n<div dir=\"ltr\">&#8211; buton pornit \/ oprit;<\/div>\n<div dir=\"ltr\">&#8211; puterea motorului: 1,4 kW;<\/div>\n<div dir=\"ltr\">&#8211; viteza de rota\u021bie: 19000 rot \/ min;<\/div>\n<div dir=\"ltr\">&#8211; tensiune: 220 V;<\/div>\n<div dir=\"ltr\">&#8211; protec\u021bie termic\u0103 pentru motor;<\/div>\n<div dir=\"ltr\">&#8211; m\u0103rimea g\u0103urilor pentru site: echipat\u0103 cu site cu g\u0103uri 2 &#8211; 4 &#8211; 6 &#8211; 8 mm (alte dimensiuni la cerere);<\/div>\n<div dir=\"ltr\">&#8211; material: bunc\u0103r \u0219i carcas\u0103 din plastic de \u00eenalt\u0103 calitate, g\u0103leata pentru produsele m\u0103cinate este din o\u021bel (partea interioar\u0103 galvanizat\u0103);<\/div>\n<div dir=\"ltr\">&#8211; volum galeata: 50 L;<\/div>\n<div dir=\"ltr\">&#8211; capacitate: p\u00een\u0103 la 300 kg \/ ora.<\/div>","protected":false},"excerpt":{"rendered":"<p>MOARA HOLZ MILL 50L\u00a0(INOX) Moara de cereale HOLZ MILL-50 (INOX) este pentru m\u0103cinarea unei cantit\u0103\u021bi mici de urluial\u0103 \/ f\u0103in\u0103<\/p>","protected":false},"featured_media":1798,"template":"","meta":[],"product_cat":[138],"product_tag":[],"class_list":{"0":"post-1797","1":"product","2":"type-product","3":"status-publish","4":"has-post-thumbnail","6":"product_cat-amestecator-si-moara-cereale","8":"first","9":"instock","10":"shipping-taxable","11":"purchasable","12":"product-type-simple"},"yoast_head":"<!-- This site is optimized with the Yoast SEO plugin v20.12 - https:\/\/yoast.com\/wordpress\/plugins\/seo\/ -->\n<title>Moara de cereale - Modernteh<\/title>\n<meta name=\"description\" content=\"Moara de cereale este pentru m\u0103cinarea unei cantit\u0103\u021bi mici de urluial\u0103 \/ f\u0103in\u0103 (din porumb, gr\u00e2u, alte cereale).Calitate buna la pret accesibil.\" \/>\n<meta name=\"robots\" content=\"index, follow, max-snippet:-1, max-image-preview:large, max-video-preview:-1\" \/>\n<link rel=\"canonical\" href=\"https:\/\/modernteh.md\/ru\/catalog\/moara-holz-mill-50l-inox\/\" \/>\n<meta property=\"og:locale\" content=\"ru_RU\" \/>\n<meta property=\"og:type\" content=\"article\" \/>\n<meta property=\"og:title\" content=\"Moara de cereale - Modernteh\" \/>\n<meta property=\"og:description\" content=\"Moara de cereale este pentru m\u0103cinarea unei cantit\u0103\u021bi mici de urluial\u0103 \/ f\u0103in\u0103 (din porumb, gr\u00e2u, alte cereale).Calitate buna la pret accesibil.\" \/>\n<meta property=\"og:url\" content=\"https:\/\/modernteh.md\/ru\/catalog\/moara-holz-mill-50l-inox\/\" \/>\n<meta property=\"og:site_name\" content=\"Modernteh\" \/>\n<meta property=\"article:publisher\" content=\"https:\/\/www.facebook.com\/profile.php?id=100082695620019\" \/>\n<meta property=\"article:modified_time\" content=\"2022-08-16T08:10:56+00:00\" \/>\n<meta property=\"og:image\" content=\"https:\/\/modernteh.md\/wp-content\/uploads\/2022\/06\/3-20.jpg\" \/>\n\t<meta property=\"og:image:width\" content=\"500\" \/>\n\t<meta property=\"og:image:height\" content=\"500\" \/>\n\t<meta property=\"og:image:type\" content=\"image\/jpeg\" \/>\n<meta name=\"twitter:card\" content=\"summary_large_image\" \/>\n<meta name=\"twitter:label1\" content=\"\u041f\u0440\u0438\u043c\u0435\u0440\u043d\u043e\u0435 \u0432\u0440\u0435\u043c\u044f \u0434\u043b\u044f \u0447\u0442\u0435\u043d\u0438\u044f\" \/>\n\t<meta name=\"twitter:data1\" content=\"1 \u043c\u0438\u043d\u0443\u0442\u0430\" \/>\n<script type=\"application\/ld+json\" class=\"yoast-schema-graph\">{\"@context\":\"https:\/\/schema.org\",\"@graph\":[{\"@type\":\"WebPage\",\"@id\":\"https:\/\/modernteh.md\/catalog\/moara-holz-mill-50l-inox\/\",\"url\":\"https:\/\/modernteh.md\/catalog\/moara-holz-mill-50l-inox\/\",\"name\":\"Moara de cereale - Modernteh\",\"isPartOf\":{\"@id\":\"https:\/\/modernteh.md\/#website\"},\"datePublished\":\"2022-06-25T15:26:42+00:00\",\"dateModified\":\"2022-08-16T08:10:56+00:00\",\"description\":\"Moara de cereale este pentru m\u0103cinarea unei cantit\u0103\u021bi mici de urluial\u0103 \/ f\u0103in\u0103 (din porumb, gr\u00e2u, alte cereale).Calitate buna la pret accesibil.\",\"breadcrumb\":{\"@id\":\"https:\/\/modernteh.md\/catalog\/moara-holz-mill-50l-inox\/#breadcrumb\"},\"inLanguage\":\"ru-RU\",\"potentialAction\":[{\"@type\":\"ReadAction\",\"target\":[\"https:\/\/modernteh.md\/catalog\/moara-holz-mill-50l-inox\/\"]}]},{\"@type\":\"BreadcrumbList\",\"@id\":\"https:\/\/modernteh.md\/catalog\/moara-holz-mill-50l-inox\/#breadcrumb\",\"itemListElement\":[{\"@type\":\"ListItem\",\"position\":1,\"name\":\"Prima pagin\u0103\",\"item\":\"https:\/\/modernteh.md\/\"},{\"@type\":\"ListItem\",\"position\":2,\"name\":\"Catalog\",\"item\":\"https:\/\/modernteh.md\/catalog\/\"},{\"@type\":\"ListItem\",\"position\":3,\"name\":\"Moara de cereale Holz Mill 50L (INOX)\"}]},{\"@type\":\"WebSite\",\"@id\":\"https:\/\/modernteh.md\/#website\",\"url\":\"https:\/\/modernteh.md\/\",\"name\":\"Modernteh\",\"description\":\"Modernteh\",\"publisher\":{\"@id\":\"https:\/\/modernteh.md\/#organization\"},\"potentialAction\":[{\"@type\":\"SearchAction\",\"target\":{\"@type\":\"EntryPoint\",\"urlTemplate\":\"https:\/\/modernteh.md\/?s={search_term_string}\"},\"query-input\":\"required name=search_term_string\"}],\"inLanguage\":\"ru-RU\"},{\"@type\":\"Organization\",\"@id\":\"https:\/\/modernteh.md\/#organization\",\"name\":\"Modernteh\",\"url\":\"https:\/\/modernteh.md\/\",\"logo\":{\"@type\":\"ImageObject\",\"inLanguage\":\"ru-RU\",\"@id\":\"https:\/\/modernteh.md\/#\/schema\/logo\/image\/\",\"url\":\"https:\/\/modernteh.md\/wp-content\/uploads\/2022\/06\/Logo_site-2.png\",\"contentUrl\":\"https:\/\/modernteh.md\/wp-content\/uploads\/2022\/06\/Logo_site-2.png\",\"width\":500,\"height\":487,\"caption\":\"Modernteh\"},\"image\":{\"@id\":\"https:\/\/modernteh.md\/#\/schema\/logo\/image\/\"},\"sameAs\":[\"https:\/\/www.facebook.com\/profile.php?id=100082695620019\"]}]}<\/script>\n<!-- \/ Yoast SEO plugin. -->","yoast_head_json":{"title":"Moara de cereale - Modernteh","description":"Moara de cereale este pentru m\u0103cinarea unei cantit\u0103\u021bi mici de urluial\u0103 \/ f\u0103in\u0103 (din porumb, gr\u00e2u, alte cereale).Calitate buna la pret accesibil.","robots":{"index":"index","follow":"follow","max-snippet":"max-snippet:-1","max-image-preview":"max-image-preview:large","max-video-preview":"max-video-preview:-1"},"canonical":"https:\/\/modernteh.md\/ru\/catalog\/moara-holz-mill-50l-inox\/","og_locale":"ru_RU","og_type":"article","og_title":"Moara de cereale - Modernteh","og_description":"Moara de cereale este pentru m\u0103cinarea unei cantit\u0103\u021bi mici de urluial\u0103 \/ f\u0103in\u0103 (din porumb, gr\u00e2u, alte cereale).Calitate buna la pret accesibil.","og_url":"https:\/\/modernteh.md\/ru\/catalog\/moara-holz-mill-50l-inox\/","og_site_name":"Modernteh","article_publisher":"https:\/\/www.facebook.com\/profile.php?id=100082695620019","article_modified_time":"2022-08-16T08:10:56+00:00","og_image":[{"width":500,"height":500,"url":"https:\/\/modernteh.md\/wp-content\/uploads\/2022\/06\/3-20.jpg","type":"image\/jpeg"}],"twitter_card":"summary_large_image","twitter_misc":{"\u041f\u0440\u0438\u043c\u0435\u0440\u043d\u043e\u0435 \u0432\u0440\u0435\u043c\u044f \u0434\u043b\u044f \u0447\u0442\u0435\u043d\u0438\u044f":"1 \u043c\u0438\u043d\u0443\u0442\u0430"},"schema":{"@context":"https:\/\/schema.org","@graph":[{"@type":"WebPage","@id":"https:\/\/modernteh.md\/catalog\/moara-holz-mill-50l-inox\/","url":"https:\/\/modernteh.md\/catalog\/moara-holz-mill-50l-inox\/","name":"Moara de cereale - Modernteh","isPartOf":{"@id":"https:\/\/modernteh.md\/#website"},"datePublished":"2022-06-25T15:26:42+00:00","dateModified":"2022-08-16T08:10:56+00:00","description":"Moara de cereale este pentru m\u0103cinarea unei cantit\u0103\u021bi mici de urluial\u0103 \/ f\u0103in\u0103 (din porumb, gr\u00e2u, alte cereale).Calitate buna la pret accesibil.","breadcrumb":{"@id":"https:\/\/modernteh.md\/catalog\/moara-holz-mill-50l-inox\/#breadcrumb"},"inLanguage":"ru-RU","potentialAction":[{"@type":"ReadAction","target":["https:\/\/modernteh.md\/catalog\/moara-holz-mill-50l-inox\/"]}]},{"@type":"BreadcrumbList","@id":"https:\/\/modernteh.md\/catalog\/moara-holz-mill-50l-inox\/#breadcrumb","itemListElement":[{"@type":"ListItem","position":1,"name":"Prima pagin\u0103","item":"https:\/\/modernteh.md\/"},{"@type":"ListItem","position":2,"name":"Catalog","item":"https:\/\/modernteh.md\/catalog\/"},{"@type":"ListItem","position":3,"name":"Moara de cereale Holz Mill 50L (INOX)"}]},{"@type":"WebSite","@id":"https:\/\/modernteh.md\/#website","url":"https:\/\/modernteh.md\/","name":"Modernteh","description":"Modernteh","publisher":{"@id":"https:\/\/modernteh.md\/#organization"},"potentialAction":[{"@type":"SearchAction","target":{"@type":"EntryPoint","urlTemplate":"https:\/\/modernteh.md\/?s={search_term_string}"},"query-input":"required name=search_term_string"}],"inLanguage":"ru-RU"},{"@type":"Organization","@id":"https:\/\/modernteh.md\/#organization","name":"Modernteh","url":"https:\/\/modernteh.md\/","logo":{"@type":"ImageObject","inLanguage":"ru-RU","@id":"https:\/\/modernteh.md\/#\/schema\/logo\/image\/","url":"https:\/\/modernteh.md\/wp-content\/uploads\/2022\/06\/Logo_site-2.png","contentUrl":"https:\/\/modernteh.md\/wp-content\/uploads\/2022\/06\/Logo_site-2.png","width":500,"height":487,"caption":"Modernteh"},"image":{"@id":"https:\/\/modernteh.md\/#\/schema\/logo\/image\/"},"sameAs":["https:\/\/www.facebook.com\/profile.php?id=100082695620019"]}]}},"_links":{"self":[{"href":"https:\/\/modernteh.md\/ru\/wp-json\/wp\/v2\/product\/1797","targetHints":{"allow":["GET"]}}],"collection":[{"href":"https:\/\/modernteh.md\/ru\/wp-json\/wp\/v2\/product"}],"about":[{"href":"https:\/\/modernteh.md\/ru\/wp-json\/wp\/v2\/types\/product"}],"wp:featuredmedia":[{"embeddable":true,"href":"https:\/\/modernteh.md\/ru\/wp-json\/wp\/v2\/media\/1798"}],"wp:attachment":[{"href":"https:\/\/modernteh.md\/ru\/wp-json\/wp\/v2\/media?parent=1797"}],"wp:term":[{"taxonomy":"product_cat","embeddable":true,"href":"https:\/\/modernteh.md\/ru\/wp-json\/wp\/v2\/product_cat?post=1797"},{"taxonomy":"product_tag","embeddable":true,"href":"https:\/\/modernteh.md\/ru\/wp-json\/wp\/v2\/product_tag?post=1797"}],"curies":[{"name":"wp","href":"https:\/\/api.w.org\/{rel}","templated":true}]}}