{"id":1811,"date":"2022-06-25T15:33:32","date_gmt":"2022-06-25T15:33:32","guid":{"rendered":"https:\/\/modernteh.md\/?post_type=product&#038;p=1811"},"modified":"2025-03-27T09:18:44","modified_gmt":"2025-03-27T09:18:44","slug":"moara-cu-aspiratie-15kw","status":"publish","type":"product","link":"https:\/\/modernteh.md\/ru\/catalog\/moara-cu-aspiratie-15kw\/","title":{"rendered":"Moara cu aspira\u021bie 15kw"},"content":{"rendered":"<h1 style=\"font-weight: 600;\"><b><strong>MOARA CU ASPIRA\u021aIE 15 KW<\/strong><\/b><\/h1>\n<p style=\"font-weight: 400;\">-puterea motorului: 15kw;<br \/>\n-capacitate: 1300kg\/or\u0103;<br \/>\n-m\u0103cinarea se face la rece datorit\u0103 utiliz\u0103rii sitei ambutisate \u0219i datorit\u0103 camerei de ventila\u021bie;<br \/>\n-asigur\u0103 o u\u0219urin\u021b\u0103 maxim\u0103 la alimentarea cu cereale a morii;<br \/>\n-este echipat\u0103 cu:<br \/>\n&#8211; dispozitiv de captare a mici p\u0103r\u021bi metalice sau pietre;<br \/>\n-picior de captare a impurit\u0103\u021bilor;<br \/>\n-camer\u0103 de ventila\u021bie care este separat\u0103 de camera de m\u0103cinare;<br \/>\n-furtun de 8m cu diametru de 80mm;<br \/>\n-furtun de 3m cu diametru de 100mm;<br \/>\n-duz\u0103 de aspira\u021bie;<br \/>\n-furtun de aspira\u021bie;<br \/>\n-conduct\u0103 de presiune;<br \/>\n-ampermetru \u0219i \u00eentrerup\u0103tor termic care protejeaz\u0103 motorul \u00eempotriva deterior\u0103rii;<br \/>\n-sit\u0103 de m\u0103cinare cu g\u0103uri de 3mm (se pot achizi\u021biona separate site cu g\u0103uri de 2mm \u0219i 2,5mm);<br \/>\n-moara industrial\u0103 este proiectat\u0103 pentru a lucra \u00een tandem cu un amestec\u0103tor de furaje;<br \/>\n-\u00een combina\u021bie cu amestec\u0103tor, c\u00e2ntar electronic \u0219i granulator formeaz\u0103 o linie complet\u0103 pentru produc\u021bia furajelor.<\/p>","protected":false},"excerpt":{"rendered":"<p>MOARA CU ASPIRA\u021aIE 15 KW -puterea motorului: 15kw; -capacitate: 1300kg\/or\u0103; -m\u0103cinarea se face la rece datorit\u0103 utiliz\u0103rii sitei ambutisate \u0219i<\/p>","protected":false},"featured_media":1812,"template":"","meta":[],"product_cat":[138],"product_tag":[],"class_list":{"0":"post-1811","1":"product","2":"type-product","3":"status-publish","4":"has-post-thumbnail","6":"product_cat-amestecator-si-moara-cereale","8":"first","9":"onbackorder","10":"shipping-taxable","11":"purchasable","12":"product-type-simple"},"yoast_head":"<!-- This site is optimized with the Yoast SEO plugin v20.12 - https:\/\/yoast.com\/wordpress\/plugins\/seo\/ -->\n<title>Moara cu aspira\u021bie 15kw - Modernteh<\/title>\n<meta name=\"robots\" content=\"index, follow, max-snippet:-1, max-image-preview:large, max-video-preview:-1\" \/>\n<link rel=\"canonical\" href=\"https:\/\/modernteh.md\/ru\/catalog\/moara-cu-aspiratie-15kw\/\" \/>\n<meta property=\"og:locale\" content=\"ru_RU\" \/>\n<meta property=\"og:type\" content=\"article\" \/>\n<meta property=\"og:title\" content=\"Moara cu aspira\u021bie 15kw - Modernteh\" \/>\n<meta property=\"og:description\" content=\"MOARA CU ASPIRA\u021aIE 15 KW -puterea motorului: 15kw; -capacitate: 1300kg\/or\u0103; -m\u0103cinarea se face la rece datorit\u0103 utiliz\u0103rii sitei ambutisate \u0219i\" \/>\n<meta property=\"og:url\" content=\"https:\/\/modernteh.md\/ru\/catalog\/moara-cu-aspiratie-15kw\/\" \/>\n<meta property=\"og:site_name\" content=\"Modernteh\" \/>\n<meta property=\"article:publisher\" content=\"https:\/\/www.facebook.com\/profile.php?id=100082695620019\" \/>\n<meta property=\"article:modified_time\" content=\"2025-03-27T09:18:44+00:00\" \/>\n<meta property=\"og:image\" content=\"https:\/\/modernteh.md\/wp-content\/uploads\/2022\/06\/3-21.jpg\" \/>\n\t<meta property=\"og:image:width\" content=\"500\" \/>\n\t<meta property=\"og:image:height\" content=\"500\" \/>\n\t<meta property=\"og:image:type\" content=\"image\/jpeg\" \/>\n<meta name=\"twitter:card\" content=\"summary_large_image\" \/>\n<meta name=\"twitter:label1\" content=\"\u041f\u0440\u0438\u043c\u0435\u0440\u043d\u043e\u0435 \u0432\u0440\u0435\u043c\u044f \u0434\u043b\u044f \u0447\u0442\u0435\u043d\u0438\u044f\" \/>\n\t<meta name=\"twitter:data1\" content=\"1 \u043c\u0438\u043d\u0443\u0442\u0430\" \/>\n<script type=\"application\/ld+json\" class=\"yoast-schema-graph\">{\"@context\":\"https:\/\/schema.org\",\"@graph\":[{\"@type\":\"WebPage\",\"@id\":\"https:\/\/modernteh.md\/catalog\/moara-cu-aspiratie-15kw\/\",\"url\":\"https:\/\/modernteh.md\/catalog\/moara-cu-aspiratie-15kw\/\",\"name\":\"Moara cu aspira\u021bie 15kw - Modernteh\",\"isPartOf\":{\"@id\":\"https:\/\/modernteh.md\/#website\"},\"datePublished\":\"2022-06-25T15:33:32+00:00\",\"dateModified\":\"2025-03-27T09:18:44+00:00\",\"breadcrumb\":{\"@id\":\"https:\/\/modernteh.md\/catalog\/moara-cu-aspiratie-15kw\/#breadcrumb\"},\"inLanguage\":\"ru-RU\",\"potentialAction\":[{\"@type\":\"ReadAction\",\"target\":[\"https:\/\/modernteh.md\/catalog\/moara-cu-aspiratie-15kw\/\"]}]},{\"@type\":\"BreadcrumbList\",\"@id\":\"https:\/\/modernteh.md\/catalog\/moara-cu-aspiratie-15kw\/#breadcrumb\",\"itemListElement\":[{\"@type\":\"ListItem\",\"position\":1,\"name\":\"Prima pagin\u0103\",\"item\":\"https:\/\/modernteh.md\/\"},{\"@type\":\"ListItem\",\"position\":2,\"name\":\"Catalog\",\"item\":\"https:\/\/modernteh.md\/catalog\/\"},{\"@type\":\"ListItem\",\"position\":3,\"name\":\"Moara cu aspira\u021bie 15kw\"}]},{\"@type\":\"WebSite\",\"@id\":\"https:\/\/modernteh.md\/#website\",\"url\":\"https:\/\/modernteh.md\/\",\"name\":\"Modernteh\",\"description\":\"Modernteh\",\"publisher\":{\"@id\":\"https:\/\/modernteh.md\/#organization\"},\"potentialAction\":[{\"@type\":\"SearchAction\",\"target\":{\"@type\":\"EntryPoint\",\"urlTemplate\":\"https:\/\/modernteh.md\/?s={search_term_string}\"},\"query-input\":\"required name=search_term_string\"}],\"inLanguage\":\"ru-RU\"},{\"@type\":\"Organization\",\"@id\":\"https:\/\/modernteh.md\/#organization\",\"name\":\"Modernteh\",\"url\":\"https:\/\/modernteh.md\/\",\"logo\":{\"@type\":\"ImageObject\",\"inLanguage\":\"ru-RU\",\"@id\":\"https:\/\/modernteh.md\/#\/schema\/logo\/image\/\",\"url\":\"https:\/\/modernteh.md\/wp-content\/uploads\/2022\/06\/Logo_site-2.png\",\"contentUrl\":\"https:\/\/modernteh.md\/wp-content\/uploads\/2022\/06\/Logo_site-2.png\",\"width\":500,\"height\":487,\"caption\":\"Modernteh\"},\"image\":{\"@id\":\"https:\/\/modernteh.md\/#\/schema\/logo\/image\/\"},\"sameAs\":[\"https:\/\/www.facebook.com\/profile.php?id=100082695620019\"]}]}<\/script>\n<!-- \/ Yoast SEO plugin. -->","yoast_head_json":{"title":"Moara cu aspira\u021bie 15kw - Modernteh","robots":{"index":"index","follow":"follow","max-snippet":"max-snippet:-1","max-image-preview":"max-image-preview:large","max-video-preview":"max-video-preview:-1"},"canonical":"https:\/\/modernteh.md\/ru\/catalog\/moara-cu-aspiratie-15kw\/","og_locale":"ru_RU","og_type":"article","og_title":"Moara cu aspira\u021bie 15kw - Modernteh","og_description":"MOARA CU ASPIRA\u021aIE 15 KW -puterea motorului: 15kw; -capacitate: 1300kg\/or\u0103; -m\u0103cinarea se face la rece datorit\u0103 utiliz\u0103rii sitei ambutisate \u0219i","og_url":"https:\/\/modernteh.md\/ru\/catalog\/moara-cu-aspiratie-15kw\/","og_site_name":"Modernteh","article_publisher":"https:\/\/www.facebook.com\/profile.php?id=100082695620019","article_modified_time":"2025-03-27T09:18:44+00:00","og_image":[{"width":500,"height":500,"url":"https:\/\/modernteh.md\/wp-content\/uploads\/2022\/06\/3-21.jpg","type":"image\/jpeg"}],"twitter_card":"summary_large_image","twitter_misc":{"\u041f\u0440\u0438\u043c\u0435\u0440\u043d\u043e\u0435 \u0432\u0440\u0435\u043c\u044f \u0434\u043b\u044f \u0447\u0442\u0435\u043d\u0438\u044f":"1 \u043c\u0438\u043d\u0443\u0442\u0430"},"schema":{"@context":"https:\/\/schema.org","@graph":[{"@type":"WebPage","@id":"https:\/\/modernteh.md\/catalog\/moara-cu-aspiratie-15kw\/","url":"https:\/\/modernteh.md\/catalog\/moara-cu-aspiratie-15kw\/","name":"Moara cu aspira\u021bie 15kw - Modernteh","isPartOf":{"@id":"https:\/\/modernteh.md\/#website"},"datePublished":"2022-06-25T15:33:32+00:00","dateModified":"2025-03-27T09:18:44+00:00","breadcrumb":{"@id":"https:\/\/modernteh.md\/catalog\/moara-cu-aspiratie-15kw\/#breadcrumb"},"inLanguage":"ru-RU","potentialAction":[{"@type":"ReadAction","target":["https:\/\/modernteh.md\/catalog\/moara-cu-aspiratie-15kw\/"]}]},{"@type":"BreadcrumbList","@id":"https:\/\/modernteh.md\/catalog\/moara-cu-aspiratie-15kw\/#breadcrumb","itemListElement":[{"@type":"ListItem","position":1,"name":"Prima pagin\u0103","item":"https:\/\/modernteh.md\/"},{"@type":"ListItem","position":2,"name":"Catalog","item":"https:\/\/modernteh.md\/catalog\/"},{"@type":"ListItem","position":3,"name":"Moara cu aspira\u021bie 15kw"}]},{"@type":"WebSite","@id":"https:\/\/modernteh.md\/#website","url":"https:\/\/modernteh.md\/","name":"Modernteh","description":"Modernteh","publisher":{"@id":"https:\/\/modernteh.md\/#organization"},"potentialAction":[{"@type":"SearchAction","target":{"@type":"EntryPoint","urlTemplate":"https:\/\/modernteh.md\/?s={search_term_string}"},"query-input":"required name=search_term_string"}],"inLanguage":"ru-RU"},{"@type":"Organization","@id":"https:\/\/modernteh.md\/#organization","name":"Modernteh","url":"https:\/\/modernteh.md\/","logo":{"@type":"ImageObject","inLanguage":"ru-RU","@id":"https:\/\/modernteh.md\/#\/schema\/logo\/image\/","url":"https:\/\/modernteh.md\/wp-content\/uploads\/2022\/06\/Logo_site-2.png","contentUrl":"https:\/\/modernteh.md\/wp-content\/uploads\/2022\/06\/Logo_site-2.png","width":500,"height":487,"caption":"Modernteh"},"image":{"@id":"https:\/\/modernteh.md\/#\/schema\/logo\/image\/"},"sameAs":["https:\/\/www.facebook.com\/profile.php?id=100082695620019"]}]}},"_links":{"self":[{"href":"https:\/\/modernteh.md\/ru\/wp-json\/wp\/v2\/product\/1811","targetHints":{"allow":["GET"]}}],"collection":[{"href":"https:\/\/modernteh.md\/ru\/wp-json\/wp\/v2\/product"}],"about":[{"href":"https:\/\/modernteh.md\/ru\/wp-json\/wp\/v2\/types\/product"}],"wp:featuredmedia":[{"embeddable":true,"href":"https:\/\/modernteh.md\/ru\/wp-json\/wp\/v2\/media\/1812"}],"wp:attachment":[{"href":"https:\/\/modernteh.md\/ru\/wp-json\/wp\/v2\/media?parent=1811"}],"wp:term":[{"taxonomy":"product_cat","embeddable":true,"href":"https:\/\/modernteh.md\/ru\/wp-json\/wp\/v2\/product_cat?post=1811"},{"taxonomy":"product_tag","embeddable":true,"href":"https:\/\/modernteh.md\/ru\/wp-json\/wp\/v2\/product_tag?post=1811"}],"curies":[{"name":"wp","href":"https:\/\/api.w.org\/{rel}","templated":true}]}}