{"id":1813,"date":"2022-06-25T15:34:31","date_gmt":"2022-06-25T15:34:31","guid":{"rendered":"https:\/\/modernteh.md\/?post_type=product&#038;p=1813"},"modified":"2025-06-06T08:26:43","modified_gmt":"2025-06-06T08:26:43","slug":"moara-cu-aspiratie-22kw","status":"publish","type":"product","link":"https:\/\/modernteh.md\/ru\/catalog\/moara-cu-aspiratie-22kw\/","title":{"rendered":"Moara cu aspira\u021bie 22kw Kraft"},"content":{"rendered":"<p><strong>Specificatii tehnice moara cu aspiratie KRAFT-22:<\/strong><\/p>\n<ul>\n<li><strong>Producator: TMC<\/strong><\/li>\n<li><strong>Tara origine: Ucraina<\/strong><\/li>\n<li><strong>Putere motor: 22kW \/ 380V<br \/>\n<\/strong><\/li>\n<li><strong>Productivitate: 2000kg\/h<\/strong><\/li>\n<li><strong>Racleta aspiratie reglabila: Da<\/strong><\/li>\n<li><strong>Lungime furtun aspiratie: 5m<\/strong><\/li>\n<\/ul>\n<p><strong>Setul include:<\/strong><br \/>\n<strong>1 buc. moara aspiratie KRAFT-22,<\/strong><br \/>\n<strong>1 buc. panou Start | Stop cu protectie la suprasarcina,<\/strong><br \/>\n<strong>1 buc. motor electric 22 kW 380V,<\/strong><br \/>\n<strong>1 buc. furtun aspiratie 5m,<\/strong><br \/>\n<strong>1 buc. furtun exhaustare 3m,<\/strong><br \/>\n<strong>1 buc racleta metalica reglabila,<br \/>\n1 buc. magnet pentru captarea metalelor,<\/strong><br \/>\n<strong>2 buc. coliere 90-95mm,<\/strong><br \/>\n<strong>2 buc. coliere 131-139mm.<\/strong><\/p>\n<p><span class=\"jCAhz JxVs2d ChMk0b\"><span class=\"ryNqvb\">Moara cu aspiratie KRAFT-22 este utilizat\u0103 pentru m\u0103cinarea cerealelor.<br \/>\n<\/span><\/span><span class=\"jCAhz JxVs2d ChMk0b\"><span class=\"ryNqvb\">Moara aspir\u0103 automat boabele destinate m\u0103cin\u0103rii \u0219i le introduce \u00een amestecatorul de furaje, cu care formeaz\u0103 o linie pentru prepararea furajelor.<\/span><\/span><\/p>\n<p><span class=\"jCAhz JxVs2d ChMk0b\"><span class=\"ryNqvb\">Moara cu aspiratie va fi la \u00eendem\u00e2n\u0103 atunci c\u00e2nd este utilizat\u0103 \u00een ferme personale auxiliare \u0219i mici pentru produc\u021bia de hran\u0103 pentru animale domestice \u0219i p\u0103s\u0103ri.<\/span><\/span><span class=\"jCAhz JxVs2d ChMk0b\"><span class=\"ryNqvb\"><br \/>\n<\/span><\/span><span class=\"jCAhz JxVs2d\"><span class=\"ryNqvb\">Moara asigur\u0103 m\u0103cinarea uniform\u0103 a boabelor de cereale, \u00een acela\u0219i timp cu formare redus\u0103 de praf, \u0219i de asemenea, capacitatea de a regla gradul de m\u0103cinare.<br \/>\n<\/span><\/span><span class=\"jCAhz JxVs2d\"><span class=\"ryNqvb\">Echipamentul reduce semnificativ costurile asociate cu \u00eengrijirea animalelor \u0219i p\u0103s\u0103rilor.<br \/>\n<\/span><\/span><span class=\"jCAhz JxVs2d\"><span class=\"ryNqvb\">Partea de putere a utilajului este construit\u0103 pe baza unui motor electric de \u00eencredere, care asigur\u0103 rezerva necesar\u0103 de putere.<br \/>\n<\/span><\/span><span class=\"jCAhz JxVs2d\"><span class=\"ryNqvb\">Moara cu aspiratie KRAFT-22 are greutate redus\u0103, dimensiuni de gabarit mici \u0219i, prin urmare, nu exist\u0103 probleme cu transportul \u0219i depozitarea.<\/span><\/span><\/p>\n<p><span class=\"jCAhz JxVs2d ChMk0b\"><span class=\"ryNqvb\">Caracteristici moara cu aspiratie KRAFT:<br \/>\n<\/span><\/span><span class=\"jCAhz JxVs2d ChMk0b\"><span class=\"ryNqvb\">Constructie fiabila,<br \/>\n<\/span><\/span><span class=\"jCAhz JxVs2d ChMk0b\"><span class=\"ryNqvb\">Productivitate ridicata,<br \/>\n<\/span><\/span><span class=\"jCAhz JxVs2d ChMk0b\"><span class=\"ryNqvb\">Bunc\u0103r metalic de capacitate pentru \u00eenc\u0103rcarea cerealelor,<br \/>\n<\/span><\/span><span class=\"jCAhz JxVs2d ChMk0b\"><span class=\"ryNqvb\">Potrivit pentru m\u0103cinarea cerealelor,<br \/>\n<\/span><\/span><span class=\"jCAhz JxVs2d ChMk0b\"><span class=\"ryNqvb\">Protectie la suprasarcina.<\/span><\/span><\/p>","protected":false},"excerpt":{"rendered":"<p>Specificatii tehnice moara cu aspiratie KRAFT-22: Producator: TMC Tara origine: Ucraina Putere motor: 22kW \/ 380V Productivitate: 2000kg\/h Racleta aspiratie<\/p>","protected":false},"featured_media":4383,"template":"","meta":[],"product_cat":[138],"product_tag":[],"class_list":{"0":"post-1813","1":"product","2":"type-product","3":"status-publish","4":"has-post-thumbnail","6":"product_cat-amestecator-si-moara-cereale","8":"first","9":"instock","10":"shipping-taxable","11":"purchasable","12":"product-type-simple"},"yoast_head":"<!-- This site is optimized with the Yoast SEO plugin v20.12 - https:\/\/yoast.com\/wordpress\/plugins\/seo\/ -->\n<title>Moara cu aspira\u021bie 22kw Kraft - Modernteh<\/title>\n<meta name=\"description\" content=\"Moara cu aspira\u021bie 22kw Kraft\" \/>\n<meta name=\"robots\" content=\"index, follow, max-snippet:-1, max-image-preview:large, max-video-preview:-1\" \/>\n<link rel=\"canonical\" href=\"https:\/\/modernteh.md\/ru\/catalog\/moara-cu-aspiratie-22kw\/\" \/>\n<meta property=\"og:locale\" content=\"ru_RU\" \/>\n<meta property=\"og:type\" content=\"article\" \/>\n<meta property=\"og:title\" content=\"Moara cu aspira\u021bie 22kw Kraft - Modernteh\" \/>\n<meta property=\"og:description\" content=\"Moara cu aspira\u021bie 22kw Kraft\" \/>\n<meta property=\"og:url\" content=\"https:\/\/modernteh.md\/ru\/catalog\/moara-cu-aspiratie-22kw\/\" \/>\n<meta property=\"og:site_name\" content=\"Modernteh\" \/>\n<meta property=\"article:publisher\" content=\"https:\/\/www.facebook.com\/profile.php?id=100082695620019\" \/>\n<meta property=\"article:modified_time\" content=\"2025-06-06T08:26:43+00:00\" \/>\n<meta property=\"og:image\" content=\"https:\/\/modernteh.md\/wp-content\/uploads\/2022\/06\/\u041a\u0440\u0430\u0444\u0442-1.jpg\" \/>\n\t<meta property=\"og:image:width\" content=\"900\" \/>\n\t<meta property=\"og:image:height\" content=\"900\" \/>\n\t<meta property=\"og:image:type\" content=\"image\/jpeg\" \/>\n<meta name=\"twitter:card\" content=\"summary_large_image\" \/>\n<meta name=\"twitter:label1\" content=\"\u041f\u0440\u0438\u043c\u0435\u0440\u043d\u043e\u0435 \u0432\u0440\u0435\u043c\u044f \u0434\u043b\u044f \u0447\u0442\u0435\u043d\u0438\u044f\" \/>\n\t<meta name=\"twitter:data1\" content=\"2 \u043c\u0438\u043d\u0443\u0442\u044b\" \/>\n<script type=\"application\/ld+json\" class=\"yoast-schema-graph\">{\"@context\":\"https:\/\/schema.org\",\"@graph\":[{\"@type\":\"WebPage\",\"@id\":\"https:\/\/modernteh.md\/catalog\/moara-cu-aspiratie-22kw\/\",\"url\":\"https:\/\/modernteh.md\/catalog\/moara-cu-aspiratie-22kw\/\",\"name\":\"Moara cu aspira\u021bie 22kw Kraft - Modernteh\",\"isPartOf\":{\"@id\":\"https:\/\/modernteh.md\/#website\"},\"datePublished\":\"2022-06-25T15:34:31+00:00\",\"dateModified\":\"2025-06-06T08:26:43+00:00\",\"description\":\"Moara cu aspira\u021bie 22kw Kraft\",\"breadcrumb\":{\"@id\":\"https:\/\/modernteh.md\/catalog\/moara-cu-aspiratie-22kw\/#breadcrumb\"},\"inLanguage\":\"ru-RU\",\"potentialAction\":[{\"@type\":\"ReadAction\",\"target\":[\"https:\/\/modernteh.md\/catalog\/moara-cu-aspiratie-22kw\/\"]}]},{\"@type\":\"BreadcrumbList\",\"@id\":\"https:\/\/modernteh.md\/catalog\/moara-cu-aspiratie-22kw\/#breadcrumb\",\"itemListElement\":[{\"@type\":\"ListItem\",\"position\":1,\"name\":\"Prima pagin\u0103\",\"item\":\"https:\/\/modernteh.md\/\"},{\"@type\":\"ListItem\",\"position\":2,\"name\":\"Catalog\",\"item\":\"https:\/\/modernteh.md\/catalog\/\"},{\"@type\":\"ListItem\",\"position\":3,\"name\":\"Moara cu aspira\u021bie 22kw Kraft\"}]},{\"@type\":\"WebSite\",\"@id\":\"https:\/\/modernteh.md\/#website\",\"url\":\"https:\/\/modernteh.md\/\",\"name\":\"Modernteh\",\"description\":\"Modernteh\",\"publisher\":{\"@id\":\"https:\/\/modernteh.md\/#organization\"},\"potentialAction\":[{\"@type\":\"SearchAction\",\"target\":{\"@type\":\"EntryPoint\",\"urlTemplate\":\"https:\/\/modernteh.md\/?s={search_term_string}\"},\"query-input\":\"required name=search_term_string\"}],\"inLanguage\":\"ru-RU\"},{\"@type\":\"Organization\",\"@id\":\"https:\/\/modernteh.md\/#organization\",\"name\":\"Modernteh\",\"url\":\"https:\/\/modernteh.md\/\",\"logo\":{\"@type\":\"ImageObject\",\"inLanguage\":\"ru-RU\",\"@id\":\"https:\/\/modernteh.md\/#\/schema\/logo\/image\/\",\"url\":\"https:\/\/modernteh.md\/wp-content\/uploads\/2022\/06\/Logo_site-2.png\",\"contentUrl\":\"https:\/\/modernteh.md\/wp-content\/uploads\/2022\/06\/Logo_site-2.png\",\"width\":500,\"height\":487,\"caption\":\"Modernteh\"},\"image\":{\"@id\":\"https:\/\/modernteh.md\/#\/schema\/logo\/image\/\"},\"sameAs\":[\"https:\/\/www.facebook.com\/profile.php?id=100082695620019\"]}]}<\/script>\n<!-- \/ Yoast SEO plugin. -->","yoast_head_json":{"title":"Moara cu aspira\u021bie 22kw Kraft - Modernteh","description":"Moara cu aspira\u021bie 22kw Kraft","robots":{"index":"index","follow":"follow","max-snippet":"max-snippet:-1","max-image-preview":"max-image-preview:large","max-video-preview":"max-video-preview:-1"},"canonical":"https:\/\/modernteh.md\/ru\/catalog\/moara-cu-aspiratie-22kw\/","og_locale":"ru_RU","og_type":"article","og_title":"Moara cu aspira\u021bie 22kw Kraft - Modernteh","og_description":"Moara cu aspira\u021bie 22kw Kraft","og_url":"https:\/\/modernteh.md\/ru\/catalog\/moara-cu-aspiratie-22kw\/","og_site_name":"Modernteh","article_publisher":"https:\/\/www.facebook.com\/profile.php?id=100082695620019","article_modified_time":"2025-06-06T08:26:43+00:00","og_image":[{"width":900,"height":900,"url":"https:\/\/modernteh.md\/wp-content\/uploads\/2022\/06\/\u041a\u0440\u0430\u0444\u0442-1.jpg","type":"image\/jpeg"}],"twitter_card":"summary_large_image","twitter_misc":{"\u041f\u0440\u0438\u043c\u0435\u0440\u043d\u043e\u0435 \u0432\u0440\u0435\u043c\u044f \u0434\u043b\u044f \u0447\u0442\u0435\u043d\u0438\u044f":"2 \u043c\u0438\u043d\u0443\u0442\u044b"},"schema":{"@context":"https:\/\/schema.org","@graph":[{"@type":"WebPage","@id":"https:\/\/modernteh.md\/catalog\/moara-cu-aspiratie-22kw\/","url":"https:\/\/modernteh.md\/catalog\/moara-cu-aspiratie-22kw\/","name":"Moara cu aspira\u021bie 22kw Kraft - Modernteh","isPartOf":{"@id":"https:\/\/modernteh.md\/#website"},"datePublished":"2022-06-25T15:34:31+00:00","dateModified":"2025-06-06T08:26:43+00:00","description":"Moara cu aspira\u021bie 22kw Kraft","breadcrumb":{"@id":"https:\/\/modernteh.md\/catalog\/moara-cu-aspiratie-22kw\/#breadcrumb"},"inLanguage":"ru-RU","potentialAction":[{"@type":"ReadAction","target":["https:\/\/modernteh.md\/catalog\/moara-cu-aspiratie-22kw\/"]}]},{"@type":"BreadcrumbList","@id":"https:\/\/modernteh.md\/catalog\/moara-cu-aspiratie-22kw\/#breadcrumb","itemListElement":[{"@type":"ListItem","position":1,"name":"Prima pagin\u0103","item":"https:\/\/modernteh.md\/"},{"@type":"ListItem","position":2,"name":"Catalog","item":"https:\/\/modernteh.md\/catalog\/"},{"@type":"ListItem","position":3,"name":"Moara cu aspira\u021bie 22kw Kraft"}]},{"@type":"WebSite","@id":"https:\/\/modernteh.md\/#website","url":"https:\/\/modernteh.md\/","name":"Modernteh","description":"Modernteh","publisher":{"@id":"https:\/\/modernteh.md\/#organization"},"potentialAction":[{"@type":"SearchAction","target":{"@type":"EntryPoint","urlTemplate":"https:\/\/modernteh.md\/?s={search_term_string}"},"query-input":"required name=search_term_string"}],"inLanguage":"ru-RU"},{"@type":"Organization","@id":"https:\/\/modernteh.md\/#organization","name":"Modernteh","url":"https:\/\/modernteh.md\/","logo":{"@type":"ImageObject","inLanguage":"ru-RU","@id":"https:\/\/modernteh.md\/#\/schema\/logo\/image\/","url":"https:\/\/modernteh.md\/wp-content\/uploads\/2022\/06\/Logo_site-2.png","contentUrl":"https:\/\/modernteh.md\/wp-content\/uploads\/2022\/06\/Logo_site-2.png","width":500,"height":487,"caption":"Modernteh"},"image":{"@id":"https:\/\/modernteh.md\/#\/schema\/logo\/image\/"},"sameAs":["https:\/\/www.facebook.com\/profile.php?id=100082695620019"]}]}},"_links":{"self":[{"href":"https:\/\/modernteh.md\/ru\/wp-json\/wp\/v2\/product\/1813","targetHints":{"allow":["GET"]}}],"collection":[{"href":"https:\/\/modernteh.md\/ru\/wp-json\/wp\/v2\/product"}],"about":[{"href":"https:\/\/modernteh.md\/ru\/wp-json\/wp\/v2\/types\/product"}],"wp:featuredmedia":[{"embeddable":true,"href":"https:\/\/modernteh.md\/ru\/wp-json\/wp\/v2\/media\/4383"}],"wp:attachment":[{"href":"https:\/\/modernteh.md\/ru\/wp-json\/wp\/v2\/media?parent=1813"}],"wp:term":[{"taxonomy":"product_cat","embeddable":true,"href":"https:\/\/modernteh.md\/ru\/wp-json\/wp\/v2\/product_cat?post=1813"},{"taxonomy":"product_tag","embeddable":true,"href":"https:\/\/modernteh.md\/ru\/wp-json\/wp\/v2\/product_tag?post=1813"}],"curies":[{"name":"wp","href":"https:\/\/api.w.org\/{rel}","templated":true}]}}