{"id":1817,"date":"2022-06-25T15:39:03","date_gmt":"2022-06-25T15:39:03","guid":{"rendered":"https:\/\/modernteh.md\/?post_type=product&#038;p=1817"},"modified":"2025-11-05T08:39:15","modified_gmt":"2025-11-05T08:39:15","slug":"amestecator-furaje-1500kg","status":"publish","type":"product","link":"https:\/\/modernteh.md\/ru\/catalog\/amestecator-furaje-1500kg\/","title":{"rendered":"Amestec\u0103tor furaje 1500kg"},"content":{"rendered":"<h1 style=\"font-weight: 600;\"><b><strong>AMESTEC\u0102TOR FURAJE 1500KG<\/strong><\/b><\/h1>\n<p style=\"font-weight: 400;\">\u00a0 \u00a0 \u00a0 \u00a0 \u00a0\u00a0<span style=\"font-weight: 400;\">\u2713<\/span>capacitate omogenizare: 1500 kg \u00een 40 minute<br \/>\n<span style=\"font-weight: 400;\">\u2713<\/span>volum: 2634 l<br \/>\n<span style=\"font-weight: 400;\">\u2713<\/span>\u00een\u0103l\u021bime: 2.85 m<br \/>\n<span style=\"font-weight: 400;\">\u2713<\/span>l\u0103\u021bime: 1.50 m<br \/>\n<span style=\"font-weight: 400;\">\u2713<\/span>putere motor: 2.2 kW<br \/>\n<span style=\"font-weight: 400;\">\u2713<\/span>greutate: 370 kg<\/p>\n<h2 style=\"font-weight: 600;\"><b><strong>Malaxorul de furaje\u00a0este echipat cu:<\/strong><\/b><\/h2>\n<ul style=\"font-weight: 400;\">\n<li style=\"font-weight: 400;\">sistem de prevenire \u00eempotriva suspend\u0103rii furajului \u00een malaxor;<\/li>\n<li style=\"font-weight: 400;\">ie\u0219ire principal\u0103 a furajului cu dublu sistem de \u00eenchidere;<\/li>\n<li style=\"font-weight: 400;\">sibar de golire pentru \u0219nec, amplasat pe partea conic\u0103 a mixerului;<\/li>\n<li style=\"font-weight: 400;\">co\u0219 cu grilaj pentru ad\u0103ugarea aditivilor;<\/li>\n<li style=\"font-weight: 400;\">sibar pentru golirea total\u0103 a malaxorului;<\/li>\n<li style=\"font-weight: 400;\">orificii pentru prinderea sistemului de filtrare;<\/li>\n<li style=\"font-weight: 400;\">cadru pentru fixarea sacilor de filtrare;<\/li>\n<li style=\"font-weight: 400;\">cablu electric cu muf\u0103 cu 5 pinuri;<\/li>\n<li style=\"font-weight: 400;\">poate fi dotat op\u021bional cu urm\u0103toarele componente, care nu sunt incluse \u00een pre\u021bul de baz\u0103 \u0219i care se pot comanda adi\u021bional:<\/li>\n<li style=\"font-weight: 400;\">\u0219nec cu cuv\u0103 pentru alimentarea malaxorului, cu sistem vertical de filtrare;<\/li>\n<li style=\"font-weight: 400;\">\u0219nec conector la motor cu co\u0219 pentru aditivi \u0219i sistem de filtrare, motor de 1,1kW;<\/li>\n<li style=\"font-weight: 400;\">c\u00e2ntar electronic cu 3 celule de cantarire, memorie pentru 6 re\u021bete cu 6 ingrediente \u0219i alarm\u0103;<\/li>\n<li style=\"font-weight: 400;\">sistem de oprire a malaxorului(permite oprirea malaxorului dup\u0103 o perioad\u0103 de timp selectat\u0103)<\/li>\n<li style=\"font-weight: 400;\">sistem lateral de filtrare cu 6 saci (pentru mori de 7,5 kW);<\/li>\n<li style=\"font-weight: 400;\">sistem lateral de filtrare cu 8 saci (pentru mori de 15kW);<\/li>\n<li style=\"font-weight: 400;\">sistem de \u00eens\u0103cuire cu 2 filtre;<\/li>\n<li style=\"font-weight: 400;\">sibar pentru reciclare pozitionat deasupra co\u0219ului;<\/li>\n<li style=\"font-weight: 400;\">filtru suplimentar cu \u00een\u0103\u021btimea de 1m;<\/li>\n<li style=\"font-weight: 400;\">moar\u0103 cu aspira\u021bie<\/li>\n<\/ul>\n<p style=\"font-weight: 400;\">\n<p style=\"font-weight: 400;\">\n<b><strong>Pentru acest model pre\u021bul este indicat doar pentru Amestec\u0103tor. C\u00e2ntarul electronic \u0219i<\/strong><\/b><br \/>\n<b><strong>moara cu aspira\u021bie nu sunt incluse \u00een pre\u021b.<\/strong><\/b><\/p>\n<p><iframe loading=\"lazy\" title=\"Linie de producere a hranei animalelor\" width=\"500\" height=\"281\" src=\"https:\/\/www.youtube.com\/embed\/HRr1BuH7B6U?feature=oembed\" frameborder=\"0\" allow=\"accelerometer; autoplay; clipboard-write; encrypted-media; gyroscope; picture-in-picture; web-share\" referrerpolicy=\"strict-origin-when-cross-origin\" allowfullscreen><\/iframe><\/p>","protected":false},"excerpt":{"rendered":"<p>AMESTEC\u0102TOR FURAJE 1500KG \u00a0 \u00a0 \u00a0 \u00a0 \u00a0\u00a0\u2713capacitate omogenizare: 1500 kg \u00een 40 minute \u2713volum: 2634 l \u2713\u00een\u0103l\u021bime: 2.85 m<\/p>","protected":false},"featured_media":1818,"template":"","meta":[],"product_cat":[138],"product_tag":[],"class_list":{"0":"post-1817","1":"product","2":"type-product","3":"status-publish","4":"has-post-thumbnail","6":"product_cat-amestecator-si-moara-cereale","8":"first","9":"onbackorder","10":"shipping-taxable","11":"purchasable","12":"product-type-simple"},"yoast_head":"<!-- This site is optimized with the Yoast SEO plugin v20.12 - https:\/\/yoast.com\/wordpress\/plugins\/seo\/ -->\n<title>Amestec\u0103tor furaje 1500kg - Modernteh<\/title>\n<meta name=\"robots\" content=\"index, follow, max-snippet:-1, max-image-preview:large, max-video-preview:-1\" \/>\n<link rel=\"canonical\" href=\"https:\/\/modernteh.md\/ru\/catalog\/amestecator-furaje-1500kg\/\" \/>\n<meta property=\"og:locale\" content=\"ru_RU\" \/>\n<meta property=\"og:type\" content=\"article\" \/>\n<meta property=\"og:title\" content=\"Amestec\u0103tor furaje 1500kg - Modernteh\" \/>\n<meta property=\"og:description\" content=\"AMESTEC\u0102TOR FURAJE 1500KG \u00a0 \u00a0 \u00a0 \u00a0 \u00a0\u00a0\u2713capacitate omogenizare: 1500 kg \u00een 40 minute \u2713volum: 2634 l \u2713\u00een\u0103l\u021bime: 2.85 m\" \/>\n<meta property=\"og:url\" content=\"https:\/\/modernteh.md\/ru\/catalog\/amestecator-furaje-1500kg\/\" \/>\n<meta property=\"og:site_name\" content=\"Modernteh\" \/>\n<meta property=\"article:publisher\" content=\"https:\/\/www.facebook.com\/profile.php?id=100082695620019\" \/>\n<meta property=\"article:modified_time\" content=\"2025-11-05T08:39:15+00:00\" \/>\n<meta property=\"og:image\" content=\"https:\/\/modernteh.md\/wp-content\/uploads\/2022\/06\/2-23.jpg\" \/>\n\t<meta property=\"og:image:width\" content=\"500\" \/>\n\t<meta property=\"og:image:height\" content=\"500\" \/>\n\t<meta property=\"og:image:type\" content=\"image\/jpeg\" \/>\n<meta name=\"twitter:card\" content=\"summary_large_image\" \/>\n<meta name=\"twitter:label1\" content=\"\u041f\u0440\u0438\u043c\u0435\u0440\u043d\u043e\u0435 \u0432\u0440\u0435\u043c\u044f \u0434\u043b\u044f \u0447\u0442\u0435\u043d\u0438\u044f\" \/>\n\t<meta name=\"twitter:data1\" content=\"1 \u043c\u0438\u043d\u0443\u0442\u0430\" \/>\n<script type=\"application\/ld+json\" class=\"yoast-schema-graph\">{\"@context\":\"https:\/\/schema.org\",\"@graph\":[{\"@type\":\"WebPage\",\"@id\":\"https:\/\/modernteh.md\/catalog\/amestecator-furaje-1500kg\/\",\"url\":\"https:\/\/modernteh.md\/catalog\/amestecator-furaje-1500kg\/\",\"name\":\"Amestec\u0103tor furaje 1500kg - Modernteh\",\"isPartOf\":{\"@id\":\"https:\/\/modernteh.md\/#website\"},\"datePublished\":\"2022-06-25T15:39:03+00:00\",\"dateModified\":\"2025-11-05T08:39:15+00:00\",\"breadcrumb\":{\"@id\":\"https:\/\/modernteh.md\/catalog\/amestecator-furaje-1500kg\/#breadcrumb\"},\"inLanguage\":\"ru-RU\",\"potentialAction\":[{\"@type\":\"ReadAction\",\"target\":[\"https:\/\/modernteh.md\/catalog\/amestecator-furaje-1500kg\/\"]}]},{\"@type\":\"BreadcrumbList\",\"@id\":\"https:\/\/modernteh.md\/catalog\/amestecator-furaje-1500kg\/#breadcrumb\",\"itemListElement\":[{\"@type\":\"ListItem\",\"position\":1,\"name\":\"Prima pagin\u0103\",\"item\":\"https:\/\/modernteh.md\/\"},{\"@type\":\"ListItem\",\"position\":2,\"name\":\"Catalog\",\"item\":\"https:\/\/modernteh.md\/catalog\/\"},{\"@type\":\"ListItem\",\"position\":3,\"name\":\"Amestec\u0103tor furaje 1500kg\"}]},{\"@type\":\"WebSite\",\"@id\":\"https:\/\/modernteh.md\/#website\",\"url\":\"https:\/\/modernteh.md\/\",\"name\":\"Modernteh\",\"description\":\"Modernteh\",\"publisher\":{\"@id\":\"https:\/\/modernteh.md\/#organization\"},\"potentialAction\":[{\"@type\":\"SearchAction\",\"target\":{\"@type\":\"EntryPoint\",\"urlTemplate\":\"https:\/\/modernteh.md\/?s={search_term_string}\"},\"query-input\":\"required name=search_term_string\"}],\"inLanguage\":\"ru-RU\"},{\"@type\":\"Organization\",\"@id\":\"https:\/\/modernteh.md\/#organization\",\"name\":\"Modernteh\",\"url\":\"https:\/\/modernteh.md\/\",\"logo\":{\"@type\":\"ImageObject\",\"inLanguage\":\"ru-RU\",\"@id\":\"https:\/\/modernteh.md\/#\/schema\/logo\/image\/\",\"url\":\"https:\/\/modernteh.md\/wp-content\/uploads\/2022\/06\/Logo_site-2.png\",\"contentUrl\":\"https:\/\/modernteh.md\/wp-content\/uploads\/2022\/06\/Logo_site-2.png\",\"width\":500,\"height\":487,\"caption\":\"Modernteh\"},\"image\":{\"@id\":\"https:\/\/modernteh.md\/#\/schema\/logo\/image\/\"},\"sameAs\":[\"https:\/\/www.facebook.com\/profile.php?id=100082695620019\"]}]}<\/script>\n<!-- \/ Yoast SEO plugin. -->","yoast_head_json":{"title":"Amestec\u0103tor furaje 1500kg - Modernteh","robots":{"index":"index","follow":"follow","max-snippet":"max-snippet:-1","max-image-preview":"max-image-preview:large","max-video-preview":"max-video-preview:-1"},"canonical":"https:\/\/modernteh.md\/ru\/catalog\/amestecator-furaje-1500kg\/","og_locale":"ru_RU","og_type":"article","og_title":"Amestec\u0103tor furaje 1500kg - Modernteh","og_description":"AMESTEC\u0102TOR FURAJE 1500KG \u00a0 \u00a0 \u00a0 \u00a0 \u00a0\u00a0\u2713capacitate omogenizare: 1500 kg \u00een 40 minute \u2713volum: 2634 l \u2713\u00een\u0103l\u021bime: 2.85 m","og_url":"https:\/\/modernteh.md\/ru\/catalog\/amestecator-furaje-1500kg\/","og_site_name":"Modernteh","article_publisher":"https:\/\/www.facebook.com\/profile.php?id=100082695620019","article_modified_time":"2025-11-05T08:39:15+00:00","og_image":[{"width":500,"height":500,"url":"https:\/\/modernteh.md\/wp-content\/uploads\/2022\/06\/2-23.jpg","type":"image\/jpeg"}],"twitter_card":"summary_large_image","twitter_misc":{"\u041f\u0440\u0438\u043c\u0435\u0440\u043d\u043e\u0435 \u0432\u0440\u0435\u043c\u044f \u0434\u043b\u044f \u0447\u0442\u0435\u043d\u0438\u044f":"1 \u043c\u0438\u043d\u0443\u0442\u0430"},"schema":{"@context":"https:\/\/schema.org","@graph":[{"@type":"WebPage","@id":"https:\/\/modernteh.md\/catalog\/amestecator-furaje-1500kg\/","url":"https:\/\/modernteh.md\/catalog\/amestecator-furaje-1500kg\/","name":"Amestec\u0103tor furaje 1500kg - Modernteh","isPartOf":{"@id":"https:\/\/modernteh.md\/#website"},"datePublished":"2022-06-25T15:39:03+00:00","dateModified":"2025-11-05T08:39:15+00:00","breadcrumb":{"@id":"https:\/\/modernteh.md\/catalog\/amestecator-furaje-1500kg\/#breadcrumb"},"inLanguage":"ru-RU","potentialAction":[{"@type":"ReadAction","target":["https:\/\/modernteh.md\/catalog\/amestecator-furaje-1500kg\/"]}]},{"@type":"BreadcrumbList","@id":"https:\/\/modernteh.md\/catalog\/amestecator-furaje-1500kg\/#breadcrumb","itemListElement":[{"@type":"ListItem","position":1,"name":"Prima pagin\u0103","item":"https:\/\/modernteh.md\/"},{"@type":"ListItem","position":2,"name":"Catalog","item":"https:\/\/modernteh.md\/catalog\/"},{"@type":"ListItem","position":3,"name":"Amestec\u0103tor furaje 1500kg"}]},{"@type":"WebSite","@id":"https:\/\/modernteh.md\/#website","url":"https:\/\/modernteh.md\/","name":"Modernteh","description":"Modernteh","publisher":{"@id":"https:\/\/modernteh.md\/#organization"},"potentialAction":[{"@type":"SearchAction","target":{"@type":"EntryPoint","urlTemplate":"https:\/\/modernteh.md\/?s={search_term_string}"},"query-input":"required name=search_term_string"}],"inLanguage":"ru-RU"},{"@type":"Organization","@id":"https:\/\/modernteh.md\/#organization","name":"Modernteh","url":"https:\/\/modernteh.md\/","logo":{"@type":"ImageObject","inLanguage":"ru-RU","@id":"https:\/\/modernteh.md\/#\/schema\/logo\/image\/","url":"https:\/\/modernteh.md\/wp-content\/uploads\/2022\/06\/Logo_site-2.png","contentUrl":"https:\/\/modernteh.md\/wp-content\/uploads\/2022\/06\/Logo_site-2.png","width":500,"height":487,"caption":"Modernteh"},"image":{"@id":"https:\/\/modernteh.md\/#\/schema\/logo\/image\/"},"sameAs":["https:\/\/www.facebook.com\/profile.php?id=100082695620019"]}]}},"_links":{"self":[{"href":"https:\/\/modernteh.md\/ru\/wp-json\/wp\/v2\/product\/1817","targetHints":{"allow":["GET"]}}],"collection":[{"href":"https:\/\/modernteh.md\/ru\/wp-json\/wp\/v2\/product"}],"about":[{"href":"https:\/\/modernteh.md\/ru\/wp-json\/wp\/v2\/types\/product"}],"wp:featuredmedia":[{"embeddable":true,"href":"https:\/\/modernteh.md\/ru\/wp-json\/wp\/v2\/media\/1818"}],"wp:attachment":[{"href":"https:\/\/modernteh.md\/ru\/wp-json\/wp\/v2\/media?parent=1817"}],"wp:term":[{"taxonomy":"product_cat","embeddable":true,"href":"https:\/\/modernteh.md\/ru\/wp-json\/wp\/v2\/product_cat?post=1817"},{"taxonomy":"product_tag","embeddable":true,"href":"https:\/\/modernteh.md\/ru\/wp-json\/wp\/v2\/product_tag?post=1817"}],"curies":[{"name":"wp","href":"https:\/\/api.w.org\/{rel}","templated":true}]}}