{"id":1857,"date":"2022-06-25T17:07:33","date_gmt":"2022-06-25T17:07:33","guid":{"rendered":"https:\/\/modernteh.md\/?post_type=product&#038;p=1857"},"modified":"2023-12-14T14:17:41","modified_gmt":"2023-12-14T14:17:41","slug":"adapatoare-cu-niplu-a101","status":"publish","type":"product","link":"https:\/\/modernteh.md\/ru\/catalog\/adapatoare-cu-niplu-a101\/","title":{"rendered":"Ad\u0103p\u0103toare cu niplu A101"},"content":{"rendered":"<h1 style=\"font-weight: 600;\"><b><strong>Ad\u0103p\u0103tori cu niplu A101<\/strong><\/b><\/h1>\n<p style=\"font-weight: 400;\">\n<p style=\"font-weight: 400;\">Ad\u0103p\u0103torile automate cu niplu (&#8222;suzet\u0103&#8221;) \u00a0se pot utiliza pentru toate speciile de p\u0103s\u0103ri de gospod\u0103rie, cu foarte pu\u0163ine excep\u0163ii &#8211; palmipedele (pentru c\u0103 ra\u0163ele \u015fi g\u00e2\u015ftele se joac\u0103 cu orice fel de ad\u0103p\u0103tori automate p\u00e2n\u0103 termin\u0103 toat\u0103 apa) \u015fi puii de prepeli\u0163\u0103 cu v\u00e2rste \u00eentre 0-2 s\u0103pt\u0103m\u00e2ni.\u00a0 La fel sunt potrivite \u0219i pentru iepuri.<\/p>\n<p style=\"font-weight: 400;\">\n<p style=\"font-weight: 400;\">Ad\u0103p\u0103toarea automat\u0103 cu niplu picur\u0103tor se adreseaz\u0103 tuturor raselor de g\u0103ini \u015fi pui de carne, de la pui de o zi p\u00e2n\u0103 la adulte, de asemenea \u015fi la curci \/ curcani (de\u00a0orice v\u00e2rst\u0103), fazani, p\u0103uni, bibilici (pichire, pichiri\u0163e, \u0163\u0103\u0163\u0103rci), porumbei, pot\u00e2rnichi, prepeli\u0163e (tineret \u015fi adulte) etc.<\/p>\n<p style=\"font-weight: 400;\">\n<p style=\"font-weight: 400;\">Acest model de ad\u0103p\u0103tori\u00a0se preteaz\u0103 \u00een special la cre\u015fterea p\u0103s\u0103rilor la sol &#8211; fie afar\u0103, \u00een curte sau spa\u0163ii deschise, fie \u00een hale, grajduri sau cote\u0163e. Se pot utiliza \u015fi cu montaj \u00een cu\u015fti (de exemplu la prepeli\u0163e).<\/p>","protected":false},"excerpt":{"rendered":"<p>Ad\u0103p\u0103tori cu niplu A101 Ad\u0103p\u0103torile automate cu niplu (&#8222;suzet\u0103&#8221;) \u00a0se pot utiliza pentru toate speciile de p\u0103s\u0103ri de gospod\u0103rie, cu<\/p>","protected":false},"featured_media":1858,"template":"","meta":[],"product_cat":[126],"product_tag":[],"class_list":{"0":"post-1857","1":"product","2":"type-product","3":"status-publish","4":"has-post-thumbnail","6":"product_cat-adapatori-si-hranitori-pasari","8":"first","9":"outofstock","10":"shipping-taxable","11":"purchasable","12":"product-type-simple"},"yoast_head":"<!-- This site is optimized with the Yoast SEO plugin v20.12 - https:\/\/yoast.com\/wordpress\/plugins\/seo\/ -->\n<title>Ad\u0103p\u0103toare cu niplu A101 - Modernteh<\/title>\n<meta name=\"robots\" content=\"index, follow, max-snippet:-1, max-image-preview:large, max-video-preview:-1\" \/>\n<link rel=\"canonical\" href=\"https:\/\/modernteh.md\/ru\/catalog\/adapatoare-cu-niplu-a101\/\" \/>\n<meta property=\"og:locale\" content=\"ru_RU\" \/>\n<meta property=\"og:type\" content=\"article\" \/>\n<meta property=\"og:title\" content=\"Ad\u0103p\u0103toare cu niplu A101 - Modernteh\" \/>\n<meta property=\"og:description\" content=\"Ad\u0103p\u0103tori cu niplu A101 Ad\u0103p\u0103torile automate cu niplu (&#8222;suzet\u0103&#8221;) \u00a0se pot utiliza pentru toate speciile de p\u0103s\u0103ri de gospod\u0103rie, cu\" \/>\n<meta property=\"og:url\" content=\"https:\/\/modernteh.md\/ru\/catalog\/adapatoare-cu-niplu-a101\/\" \/>\n<meta property=\"og:site_name\" content=\"Modernteh\" \/>\n<meta property=\"article:publisher\" content=\"https:\/\/www.facebook.com\/profile.php?id=100082695620019\" \/>\n<meta property=\"article:modified_time\" content=\"2023-12-14T14:17:41+00:00\" \/>\n<meta property=\"og:image\" content=\"https:\/\/modernteh.md\/wp-content\/uploads\/2022\/06\/5-19.jpg\" \/>\n\t<meta property=\"og:image:width\" content=\"500\" \/>\n\t<meta property=\"og:image:height\" content=\"500\" \/>\n\t<meta property=\"og:image:type\" content=\"image\/jpeg\" \/>\n<meta name=\"twitter:card\" content=\"summary_large_image\" \/>\n<meta name=\"twitter:label1\" content=\"\u041f\u0440\u0438\u043c\u0435\u0440\u043d\u043e\u0435 \u0432\u0440\u0435\u043c\u044f \u0434\u043b\u044f \u0447\u0442\u0435\u043d\u0438\u044f\" \/>\n\t<meta name=\"twitter:data1\" content=\"1 \u043c\u0438\u043d\u0443\u0442\u0430\" \/>\n<script type=\"application\/ld+json\" class=\"yoast-schema-graph\">{\"@context\":\"https:\/\/schema.org\",\"@graph\":[{\"@type\":\"WebPage\",\"@id\":\"https:\/\/modernteh.md\/catalog\/adapatoare-cu-niplu-a101\/\",\"url\":\"https:\/\/modernteh.md\/catalog\/adapatoare-cu-niplu-a101\/\",\"name\":\"Ad\u0103p\u0103toare cu niplu A101 - Modernteh\",\"isPartOf\":{\"@id\":\"https:\/\/modernteh.md\/#website\"},\"datePublished\":\"2022-06-25T17:07:33+00:00\",\"dateModified\":\"2023-12-14T14:17:41+00:00\",\"breadcrumb\":{\"@id\":\"https:\/\/modernteh.md\/catalog\/adapatoare-cu-niplu-a101\/#breadcrumb\"},\"inLanguage\":\"ru-RU\",\"potentialAction\":[{\"@type\":\"ReadAction\",\"target\":[\"https:\/\/modernteh.md\/catalog\/adapatoare-cu-niplu-a101\/\"]}]},{\"@type\":\"BreadcrumbList\",\"@id\":\"https:\/\/modernteh.md\/catalog\/adapatoare-cu-niplu-a101\/#breadcrumb\",\"itemListElement\":[{\"@type\":\"ListItem\",\"position\":1,\"name\":\"Prima pagin\u0103\",\"item\":\"https:\/\/modernteh.md\/\"},{\"@type\":\"ListItem\",\"position\":2,\"name\":\"Catalog\",\"item\":\"https:\/\/modernteh.md\/catalog\/\"},{\"@type\":\"ListItem\",\"position\":3,\"name\":\"Ad\u0103p\u0103toare cu niplu A101\"}]},{\"@type\":\"WebSite\",\"@id\":\"https:\/\/modernteh.md\/#website\",\"url\":\"https:\/\/modernteh.md\/\",\"name\":\"Modernteh\",\"description\":\"Modernteh\",\"publisher\":{\"@id\":\"https:\/\/modernteh.md\/#organization\"},\"potentialAction\":[{\"@type\":\"SearchAction\",\"target\":{\"@type\":\"EntryPoint\",\"urlTemplate\":\"https:\/\/modernteh.md\/?s={search_term_string}\"},\"query-input\":\"required name=search_term_string\"}],\"inLanguage\":\"ru-RU\"},{\"@type\":\"Organization\",\"@id\":\"https:\/\/modernteh.md\/#organization\",\"name\":\"Modernteh\",\"url\":\"https:\/\/modernteh.md\/\",\"logo\":{\"@type\":\"ImageObject\",\"inLanguage\":\"ru-RU\",\"@id\":\"https:\/\/modernteh.md\/#\/schema\/logo\/image\/\",\"url\":\"https:\/\/modernteh.md\/wp-content\/uploads\/2022\/06\/Logo_site-2.png\",\"contentUrl\":\"https:\/\/modernteh.md\/wp-content\/uploads\/2022\/06\/Logo_site-2.png\",\"width\":500,\"height\":487,\"caption\":\"Modernteh\"},\"image\":{\"@id\":\"https:\/\/modernteh.md\/#\/schema\/logo\/image\/\"},\"sameAs\":[\"https:\/\/www.facebook.com\/profile.php?id=100082695620019\"]}]}<\/script>\n<!-- \/ Yoast SEO plugin. -->","yoast_head_json":{"title":"Ad\u0103p\u0103toare cu niplu A101 - Modernteh","robots":{"index":"index","follow":"follow","max-snippet":"max-snippet:-1","max-image-preview":"max-image-preview:large","max-video-preview":"max-video-preview:-1"},"canonical":"https:\/\/modernteh.md\/ru\/catalog\/adapatoare-cu-niplu-a101\/","og_locale":"ru_RU","og_type":"article","og_title":"Ad\u0103p\u0103toare cu niplu A101 - Modernteh","og_description":"Ad\u0103p\u0103tori cu niplu A101 Ad\u0103p\u0103torile automate cu niplu (&#8222;suzet\u0103&#8221;) \u00a0se pot utiliza pentru toate speciile de p\u0103s\u0103ri de gospod\u0103rie, cu","og_url":"https:\/\/modernteh.md\/ru\/catalog\/adapatoare-cu-niplu-a101\/","og_site_name":"Modernteh","article_publisher":"https:\/\/www.facebook.com\/profile.php?id=100082695620019","article_modified_time":"2023-12-14T14:17:41+00:00","og_image":[{"width":500,"height":500,"url":"https:\/\/modernteh.md\/wp-content\/uploads\/2022\/06\/5-19.jpg","type":"image\/jpeg"}],"twitter_card":"summary_large_image","twitter_misc":{"\u041f\u0440\u0438\u043c\u0435\u0440\u043d\u043e\u0435 \u0432\u0440\u0435\u043c\u044f \u0434\u043b\u044f \u0447\u0442\u0435\u043d\u0438\u044f":"1 \u043c\u0438\u043d\u0443\u0442\u0430"},"schema":{"@context":"https:\/\/schema.org","@graph":[{"@type":"WebPage","@id":"https:\/\/modernteh.md\/catalog\/adapatoare-cu-niplu-a101\/","url":"https:\/\/modernteh.md\/catalog\/adapatoare-cu-niplu-a101\/","name":"Ad\u0103p\u0103toare cu niplu A101 - Modernteh","isPartOf":{"@id":"https:\/\/modernteh.md\/#website"},"datePublished":"2022-06-25T17:07:33+00:00","dateModified":"2023-12-14T14:17:41+00:00","breadcrumb":{"@id":"https:\/\/modernteh.md\/catalog\/adapatoare-cu-niplu-a101\/#breadcrumb"},"inLanguage":"ru-RU","potentialAction":[{"@type":"ReadAction","target":["https:\/\/modernteh.md\/catalog\/adapatoare-cu-niplu-a101\/"]}]},{"@type":"BreadcrumbList","@id":"https:\/\/modernteh.md\/catalog\/adapatoare-cu-niplu-a101\/#breadcrumb","itemListElement":[{"@type":"ListItem","position":1,"name":"Prima pagin\u0103","item":"https:\/\/modernteh.md\/"},{"@type":"ListItem","position":2,"name":"Catalog","item":"https:\/\/modernteh.md\/catalog\/"},{"@type":"ListItem","position":3,"name":"Ad\u0103p\u0103toare cu niplu A101"}]},{"@type":"WebSite","@id":"https:\/\/modernteh.md\/#website","url":"https:\/\/modernteh.md\/","name":"Modernteh","description":"Modernteh","publisher":{"@id":"https:\/\/modernteh.md\/#organization"},"potentialAction":[{"@type":"SearchAction","target":{"@type":"EntryPoint","urlTemplate":"https:\/\/modernteh.md\/?s={search_term_string}"},"query-input":"required name=search_term_string"}],"inLanguage":"ru-RU"},{"@type":"Organization","@id":"https:\/\/modernteh.md\/#organization","name":"Modernteh","url":"https:\/\/modernteh.md\/","logo":{"@type":"ImageObject","inLanguage":"ru-RU","@id":"https:\/\/modernteh.md\/#\/schema\/logo\/image\/","url":"https:\/\/modernteh.md\/wp-content\/uploads\/2022\/06\/Logo_site-2.png","contentUrl":"https:\/\/modernteh.md\/wp-content\/uploads\/2022\/06\/Logo_site-2.png","width":500,"height":487,"caption":"Modernteh"},"image":{"@id":"https:\/\/modernteh.md\/#\/schema\/logo\/image\/"},"sameAs":["https:\/\/www.facebook.com\/profile.php?id=100082695620019"]}]}},"_links":{"self":[{"href":"https:\/\/modernteh.md\/ru\/wp-json\/wp\/v2\/product\/1857","targetHints":{"allow":["GET"]}}],"collection":[{"href":"https:\/\/modernteh.md\/ru\/wp-json\/wp\/v2\/product"}],"about":[{"href":"https:\/\/modernteh.md\/ru\/wp-json\/wp\/v2\/types\/product"}],"wp:featuredmedia":[{"embeddable":true,"href":"https:\/\/modernteh.md\/ru\/wp-json\/wp\/v2\/media\/1858"}],"wp:attachment":[{"href":"https:\/\/modernteh.md\/ru\/wp-json\/wp\/v2\/media?parent=1857"}],"wp:term":[{"taxonomy":"product_cat","embeddable":true,"href":"https:\/\/modernteh.md\/ru\/wp-json\/wp\/v2\/product_cat?post=1857"},{"taxonomy":"product_tag","embeddable":true,"href":"https:\/\/modernteh.md\/ru\/wp-json\/wp\/v2\/product_tag?post=1857"}],"curies":[{"name":"wp","href":"https:\/\/api.w.org\/{rel}","templated":true}]}}