{"id":1860,"date":"2022-06-25T17:08:35","date_gmt":"2022-06-25T17:08:35","guid":{"rendered":"https:\/\/modernteh.md\/?post_type=product&#038;p=1860"},"modified":"2023-12-14T14:17:31","modified_gmt":"2023-12-14T14:17:31","slug":"adapatoare-cu-capac-pentru-sticla","status":"publish","type":"product","link":"https:\/\/modernteh.md\/ru\/catalog\/adapatoare-cu-capac-pentru-sticla\/","title":{"rendered":"Ad\u0103p\u0103toare cu capac pentru sticl\u0103"},"content":{"rendered":"<div>\n<h1 lang=\"ro-ro\"><strong><span lang=\"en-us\">Ad\u0103p\u0103toare cu capac pentru sticl\u0103<\/span>\u00a0<\/strong><\/h1>\n<\/div>\n<div>\n<p lang=\"ro-ro\"><span lang=\"ro-ro\">Ad\u0103p\u0103toarea\u00a0pentru pui cu capac pentru sticl\u0103 este ideal\u0103 pentru ad\u0103parea puilor de pas\u0103re, fiind u\u0219or de umplut \u0219i amplasat. Are o form\u0103 rotund\u0103 permi\u021b\u00e2nd astfel ad\u0103parea mai multor capete de p\u0103s\u0103ri \u00een acela\u0219i timp.\u00a0<\/span><\/p>\n<p><span lang=\"ro-ro\">Ad\u0103p\u0103toarea\u00a0cu capac pentru sticl\u0103\u00a0 poate fi utilizt\u0103\u00a0 \u00een locuri \u00eenguste datorit\u0103 conforma\u021biei sale alungite (dimensiuni: H 4 cm, L 10 cm) care permite acest lucru neocup\u00e2nd foarte mult spa\u021biu din locul \u00een care dumneavoastr\u0103 dori\u021bi s\u0103 cre\u0219te\u021bi puii de g\u0103ina, prepeli\u021b\u0103, bibilici etc.<\/span><\/p>\n<p><span lang=\"ro-ro\">Principiul de func\u021bionare al acestei ad\u0103p\u0103tori este bazat pe gravimetricitate, acest lucru \u00eenseamn\u0103 c\u0103 pe masur\u0103 ce puii consum\u0103 apa, dumneavoastr\u0103 va trebui sa realimenta\u021bi ad\u0103p\u0103toarea manual pentru ca ace\u0219tia sa beneficieze \u00een continuare de o ap\u0103 proaspat\u0103 \u0219i curata mai ales \u00een aceasta perioad\u0103 de cre\u0219tere a lor.<\/span><\/p>\n<p><span lang=\"ro-ro\">Ad\u0103p\u0103toarea\u00a0este confec\u021bionata dintr-un plastic de \u00eenalt\u0103 calitate ceea ce v\u0103 garanteaz\u0103 durabilitate \u00een timp, asamplarea celor dou\u0103 p\u0103r\u021bi componente (sticla de o capacitate maxim\u0103 1l \u0219i ad\u0103p\u0103toarea \u00een sine) se face pe baza de filet.<\/span><\/p>\n<\/div>","protected":false},"excerpt":{"rendered":"<p>Ad\u0103p\u0103toare cu capac pentru sticl\u0103\u00a0 Ad\u0103p\u0103toarea\u00a0pentru pui cu capac pentru sticl\u0103 este ideal\u0103 pentru ad\u0103parea puilor de pas\u0103re, fiind u\u0219or<\/p>","protected":false},"featured_media":1861,"template":"","meta":[],"product_cat":[126],"product_tag":[],"class_list":{"0":"post-1860","1":"product","2":"type-product","3":"status-publish","4":"has-post-thumbnail","6":"product_cat-adapatori-si-hranitori-pasari","8":"first","9":"outofstock","10":"shipping-taxable","11":"purchasable","12":"product-type-simple"},"yoast_head":"<!-- This site is optimized with the Yoast SEO plugin v20.12 - https:\/\/yoast.com\/wordpress\/plugins\/seo\/ -->\n<title>Ad\u0103p\u0103toare cu capac pentru sticl\u0103 - Modernteh<\/title>\n<meta name=\"robots\" content=\"index, follow, max-snippet:-1, max-image-preview:large, max-video-preview:-1\" \/>\n<link rel=\"canonical\" href=\"https:\/\/modernteh.md\/ru\/catalog\/adapatoare-cu-capac-pentru-sticla\/\" \/>\n<meta property=\"og:locale\" content=\"ru_RU\" \/>\n<meta property=\"og:type\" content=\"article\" \/>\n<meta property=\"og:title\" content=\"Ad\u0103p\u0103toare cu capac pentru sticl\u0103 - Modernteh\" \/>\n<meta property=\"og:description\" content=\"Ad\u0103p\u0103toare cu capac pentru sticl\u0103\u00a0 Ad\u0103p\u0103toarea\u00a0pentru pui cu capac pentru sticl\u0103 este ideal\u0103 pentru ad\u0103parea puilor de pas\u0103re, fiind u\u0219or\" \/>\n<meta property=\"og:url\" content=\"https:\/\/modernteh.md\/ru\/catalog\/adapatoare-cu-capac-pentru-sticla\/\" \/>\n<meta property=\"og:site_name\" content=\"Modernteh\" \/>\n<meta property=\"article:publisher\" content=\"https:\/\/www.facebook.com\/profile.php?id=100082695620019\" \/>\n<meta property=\"article:modified_time\" content=\"2023-12-14T14:17:31+00:00\" \/>\n<meta property=\"og:image\" content=\"https:\/\/modernteh.md\/wp-content\/uploads\/2022\/06\/6-17.jpg\" \/>\n\t<meta property=\"og:image:width\" content=\"500\" \/>\n\t<meta property=\"og:image:height\" content=\"500\" \/>\n\t<meta property=\"og:image:type\" content=\"image\/jpeg\" \/>\n<meta name=\"twitter:card\" content=\"summary_large_image\" \/>\n<meta name=\"twitter:label1\" content=\"\u041f\u0440\u0438\u043c\u0435\u0440\u043d\u043e\u0435 \u0432\u0440\u0435\u043c\u044f \u0434\u043b\u044f \u0447\u0442\u0435\u043d\u0438\u044f\" \/>\n\t<meta name=\"twitter:data1\" content=\"1 \u043c\u0438\u043d\u0443\u0442\u0430\" \/>\n<script type=\"application\/ld+json\" class=\"yoast-schema-graph\">{\"@context\":\"https:\/\/schema.org\",\"@graph\":[{\"@type\":\"WebPage\",\"@id\":\"https:\/\/modernteh.md\/catalog\/adapatoare-cu-capac-pentru-sticla\/\",\"url\":\"https:\/\/modernteh.md\/catalog\/adapatoare-cu-capac-pentru-sticla\/\",\"name\":\"Ad\u0103p\u0103toare cu capac pentru sticl\u0103 - Modernteh\",\"isPartOf\":{\"@id\":\"https:\/\/modernteh.md\/#website\"},\"datePublished\":\"2022-06-25T17:08:35+00:00\",\"dateModified\":\"2023-12-14T14:17:31+00:00\",\"breadcrumb\":{\"@id\":\"https:\/\/modernteh.md\/catalog\/adapatoare-cu-capac-pentru-sticla\/#breadcrumb\"},\"inLanguage\":\"ru-RU\",\"potentialAction\":[{\"@type\":\"ReadAction\",\"target\":[\"https:\/\/modernteh.md\/catalog\/adapatoare-cu-capac-pentru-sticla\/\"]}]},{\"@type\":\"BreadcrumbList\",\"@id\":\"https:\/\/modernteh.md\/catalog\/adapatoare-cu-capac-pentru-sticla\/#breadcrumb\",\"itemListElement\":[{\"@type\":\"ListItem\",\"position\":1,\"name\":\"Prima pagin\u0103\",\"item\":\"https:\/\/modernteh.md\/\"},{\"@type\":\"ListItem\",\"position\":2,\"name\":\"Catalog\",\"item\":\"https:\/\/modernteh.md\/catalog\/\"},{\"@type\":\"ListItem\",\"position\":3,\"name\":\"Ad\u0103p\u0103toare cu capac pentru sticl\u0103\"}]},{\"@type\":\"WebSite\",\"@id\":\"https:\/\/modernteh.md\/#website\",\"url\":\"https:\/\/modernteh.md\/\",\"name\":\"Modernteh\",\"description\":\"Modernteh\",\"publisher\":{\"@id\":\"https:\/\/modernteh.md\/#organization\"},\"potentialAction\":[{\"@type\":\"SearchAction\",\"target\":{\"@type\":\"EntryPoint\",\"urlTemplate\":\"https:\/\/modernteh.md\/?s={search_term_string}\"},\"query-input\":\"required name=search_term_string\"}],\"inLanguage\":\"ru-RU\"},{\"@type\":\"Organization\",\"@id\":\"https:\/\/modernteh.md\/#organization\",\"name\":\"Modernteh\",\"url\":\"https:\/\/modernteh.md\/\",\"logo\":{\"@type\":\"ImageObject\",\"inLanguage\":\"ru-RU\",\"@id\":\"https:\/\/modernteh.md\/#\/schema\/logo\/image\/\",\"url\":\"https:\/\/modernteh.md\/wp-content\/uploads\/2022\/06\/Logo_site-2.png\",\"contentUrl\":\"https:\/\/modernteh.md\/wp-content\/uploads\/2022\/06\/Logo_site-2.png\",\"width\":500,\"height\":487,\"caption\":\"Modernteh\"},\"image\":{\"@id\":\"https:\/\/modernteh.md\/#\/schema\/logo\/image\/\"},\"sameAs\":[\"https:\/\/www.facebook.com\/profile.php?id=100082695620019\"]}]}<\/script>\n<!-- \/ Yoast SEO plugin. -->","yoast_head_json":{"title":"Ad\u0103p\u0103toare cu capac pentru sticl\u0103 - Modernteh","robots":{"index":"index","follow":"follow","max-snippet":"max-snippet:-1","max-image-preview":"max-image-preview:large","max-video-preview":"max-video-preview:-1"},"canonical":"https:\/\/modernteh.md\/ru\/catalog\/adapatoare-cu-capac-pentru-sticla\/","og_locale":"ru_RU","og_type":"article","og_title":"Ad\u0103p\u0103toare cu capac pentru sticl\u0103 - Modernteh","og_description":"Ad\u0103p\u0103toare cu capac pentru sticl\u0103\u00a0 Ad\u0103p\u0103toarea\u00a0pentru pui cu capac pentru sticl\u0103 este ideal\u0103 pentru ad\u0103parea puilor de pas\u0103re, fiind u\u0219or","og_url":"https:\/\/modernteh.md\/ru\/catalog\/adapatoare-cu-capac-pentru-sticla\/","og_site_name":"Modernteh","article_publisher":"https:\/\/www.facebook.com\/profile.php?id=100082695620019","article_modified_time":"2023-12-14T14:17:31+00:00","og_image":[{"width":500,"height":500,"url":"https:\/\/modernteh.md\/wp-content\/uploads\/2022\/06\/6-17.jpg","type":"image\/jpeg"}],"twitter_card":"summary_large_image","twitter_misc":{"\u041f\u0440\u0438\u043c\u0435\u0440\u043d\u043e\u0435 \u0432\u0440\u0435\u043c\u044f \u0434\u043b\u044f \u0447\u0442\u0435\u043d\u0438\u044f":"1 \u043c\u0438\u043d\u0443\u0442\u0430"},"schema":{"@context":"https:\/\/schema.org","@graph":[{"@type":"WebPage","@id":"https:\/\/modernteh.md\/catalog\/adapatoare-cu-capac-pentru-sticla\/","url":"https:\/\/modernteh.md\/catalog\/adapatoare-cu-capac-pentru-sticla\/","name":"Ad\u0103p\u0103toare cu capac pentru sticl\u0103 - Modernteh","isPartOf":{"@id":"https:\/\/modernteh.md\/#website"},"datePublished":"2022-06-25T17:08:35+00:00","dateModified":"2023-12-14T14:17:31+00:00","breadcrumb":{"@id":"https:\/\/modernteh.md\/catalog\/adapatoare-cu-capac-pentru-sticla\/#breadcrumb"},"inLanguage":"ru-RU","potentialAction":[{"@type":"ReadAction","target":["https:\/\/modernteh.md\/catalog\/adapatoare-cu-capac-pentru-sticla\/"]}]},{"@type":"BreadcrumbList","@id":"https:\/\/modernteh.md\/catalog\/adapatoare-cu-capac-pentru-sticla\/#breadcrumb","itemListElement":[{"@type":"ListItem","position":1,"name":"Prima pagin\u0103","item":"https:\/\/modernteh.md\/"},{"@type":"ListItem","position":2,"name":"Catalog","item":"https:\/\/modernteh.md\/catalog\/"},{"@type":"ListItem","position":3,"name":"Ad\u0103p\u0103toare cu capac pentru sticl\u0103"}]},{"@type":"WebSite","@id":"https:\/\/modernteh.md\/#website","url":"https:\/\/modernteh.md\/","name":"Modernteh","description":"Modernteh","publisher":{"@id":"https:\/\/modernteh.md\/#organization"},"potentialAction":[{"@type":"SearchAction","target":{"@type":"EntryPoint","urlTemplate":"https:\/\/modernteh.md\/?s={search_term_string}"},"query-input":"required name=search_term_string"}],"inLanguage":"ru-RU"},{"@type":"Organization","@id":"https:\/\/modernteh.md\/#organization","name":"Modernteh","url":"https:\/\/modernteh.md\/","logo":{"@type":"ImageObject","inLanguage":"ru-RU","@id":"https:\/\/modernteh.md\/#\/schema\/logo\/image\/","url":"https:\/\/modernteh.md\/wp-content\/uploads\/2022\/06\/Logo_site-2.png","contentUrl":"https:\/\/modernteh.md\/wp-content\/uploads\/2022\/06\/Logo_site-2.png","width":500,"height":487,"caption":"Modernteh"},"image":{"@id":"https:\/\/modernteh.md\/#\/schema\/logo\/image\/"},"sameAs":["https:\/\/www.facebook.com\/profile.php?id=100082695620019"]}]}},"_links":{"self":[{"href":"https:\/\/modernteh.md\/ru\/wp-json\/wp\/v2\/product\/1860","targetHints":{"allow":["GET"]}}],"collection":[{"href":"https:\/\/modernteh.md\/ru\/wp-json\/wp\/v2\/product"}],"about":[{"href":"https:\/\/modernteh.md\/ru\/wp-json\/wp\/v2\/types\/product"}],"wp:featuredmedia":[{"embeddable":true,"href":"https:\/\/modernteh.md\/ru\/wp-json\/wp\/v2\/media\/1861"}],"wp:attachment":[{"href":"https:\/\/modernteh.md\/ru\/wp-json\/wp\/v2\/media?parent=1860"}],"wp:term":[{"taxonomy":"product_cat","embeddable":true,"href":"https:\/\/modernteh.md\/ru\/wp-json\/wp\/v2\/product_cat?post=1860"},{"taxonomy":"product_tag","embeddable":true,"href":"https:\/\/modernteh.md\/ru\/wp-json\/wp\/v2\/product_tag?post=1860"}],"curies":[{"name":"wp","href":"https:\/\/api.w.org\/{rel}","templated":true}]}}