{"id":1903,"date":"2022-06-25T17:26:54","date_gmt":"2022-06-25T17:26:54","guid":{"rendered":"https:\/\/modernteh.md\/?post_type=product&#038;p=1903"},"modified":"2023-12-14T14:13:57","modified_gmt":"2023-12-14T14:13:57","slug":"adapatoare-w1-5","status":"publish","type":"product","link":"https:\/\/modernteh.md\/ru\/catalog\/adapatoare-w1-5\/","title":{"rendered":"Ad\u0103p\u0103toare W1.5"},"content":{"rendered":"<h1 style=\"font-weight: 600;\"><b><strong>Ad\u0103p\u0103tori W1.5<\/strong><\/b><\/h1>\n<p style=\"font-weight: 400;\">Ad\u0103p\u0103toarea de p\u0103s\u0103ri este ideal\u0103 pentru ad\u0103parea p\u0103s\u0103rilor mature \u0219i a puilor, este u\u0219or de umplut \u0219i amplasat \u0219i se recomand\u0103 pentru g\u0103ini, ra\u021be, g\u00e2\u0219te etc.<\/p>\n<p style=\"font-weight: 400;\">\n<p style=\"font-weight: 400;\">Ad\u0103p\u0103toarea pentru p\u0103s\u0103ri W1,5 este foarte comod\u0103 datorit\u0103 faptului c\u0103 nu mai trebuie s\u0103 o \u021bine\u021bi \u00een m\u00e2ini pentru a o umple cu ap\u0103, ci doar o \u00eentoarce\u021bi pe picioru\u0219e \u0219i turna\u021bi apa. Fiind dotat\u0103 \u0219i cu m\u00e2ner, poate fi u\u0219or mutat\u0103 dintr-un loc \u00een altul sau poate fi suspendat\u0103. Culoarea transparent\u0103 a bazinului ad\u0103p\u0103torii permite s\u0103 vedem cantitatea de ap\u0103 din ea,\u00a0 \u0219tiind astfel c\u00e2nd e nevoie de a o umple.<\/p>\n<p style=\"font-weight: 400;\">\n<p style=\"font-weight: 400;\">Volum: 1,5 l<\/p>\n<p style=\"font-weight: 400;\">\n<p style=\"font-weight: 400;\">Ad\u0103p\u0103toarea pentru p\u0103s\u0103ri W1,5 reprezint\u0103 una dintre cele mai calitative produse de pe pia\u021ba european\u0103. Se caracterizeaz\u0103 printr-o rezistenten\u021b\u0103 \u00eendelungat\u0103, av\u00eend o perioad\u0103 lung\u0103 de exploatare, acest fapt fiind demonstrat de grosimea ei considerabil\u0103. Este u\u0219or de utilizat \u0219i cur\u0103\u021bat, \u0219i este necesar\u0103 \u00een orice gospod\u0103rie.<\/p>","protected":false},"excerpt":{"rendered":"<p>Ad\u0103p\u0103tori W1.5 Ad\u0103p\u0103toarea de p\u0103s\u0103ri este ideal\u0103 pentru ad\u0103parea p\u0103s\u0103rilor mature \u0219i a puilor, este u\u0219or de umplut \u0219i amplasat<\/p>","protected":false},"featured_media":1904,"template":"","meta":[],"product_cat":[126],"product_tag":[],"class_list":{"0":"post-1903","1":"product","2":"type-product","3":"status-publish","4":"has-post-thumbnail","6":"product_cat-adapatori-si-hranitori-pasari","8":"first","9":"outofstock","10":"shipping-taxable","11":"purchasable","12":"product-type-simple"},"yoast_head":"<!-- This site is optimized with the Yoast SEO plugin v20.12 - https:\/\/yoast.com\/wordpress\/plugins\/seo\/ -->\n<title>Ad\u0103p\u0103toare W1.5 - Modernteh<\/title>\n<meta name=\"robots\" content=\"index, follow, max-snippet:-1, max-image-preview:large, max-video-preview:-1\" \/>\n<link rel=\"canonical\" href=\"https:\/\/modernteh.md\/ru\/catalog\/adapatoare-w1-5\/\" \/>\n<meta property=\"og:locale\" content=\"ru_RU\" \/>\n<meta property=\"og:type\" content=\"article\" \/>\n<meta property=\"og:title\" content=\"Ad\u0103p\u0103toare W1.5 - Modernteh\" \/>\n<meta property=\"og:description\" content=\"Ad\u0103p\u0103tori W1.5 Ad\u0103p\u0103toarea de p\u0103s\u0103ri este ideal\u0103 pentru ad\u0103parea p\u0103s\u0103rilor mature \u0219i a puilor, este u\u0219or de umplut \u0219i amplasat\" \/>\n<meta property=\"og:url\" content=\"https:\/\/modernteh.md\/ru\/catalog\/adapatoare-w1-5\/\" \/>\n<meta property=\"og:site_name\" content=\"Modernteh\" \/>\n<meta property=\"article:publisher\" content=\"https:\/\/www.facebook.com\/profile.php?id=100082695620019\" \/>\n<meta property=\"article:modified_time\" content=\"2023-12-14T14:13:57+00:00\" \/>\n<meta property=\"og:image\" content=\"https:\/\/modernteh.md\/wp-content\/uploads\/2022\/06\/20-1.png\" \/>\n\t<meta property=\"og:image:width\" content=\"500\" \/>\n\t<meta property=\"og:image:height\" content=\"500\" \/>\n\t<meta property=\"og:image:type\" content=\"image\/png\" \/>\n<meta name=\"twitter:card\" content=\"summary_large_image\" \/>\n<meta name=\"twitter:label1\" content=\"\u041f\u0440\u0438\u043c\u0435\u0440\u043d\u043e\u0435 \u0432\u0440\u0435\u043c\u044f \u0434\u043b\u044f \u0447\u0442\u0435\u043d\u0438\u044f\" \/>\n\t<meta name=\"twitter:data1\" content=\"1 \u043c\u0438\u043d\u0443\u0442\u0430\" \/>\n<script type=\"application\/ld+json\" class=\"yoast-schema-graph\">{\"@context\":\"https:\/\/schema.org\",\"@graph\":[{\"@type\":\"WebPage\",\"@id\":\"https:\/\/modernteh.md\/catalog\/adapatoare-w1-5\/\",\"url\":\"https:\/\/modernteh.md\/catalog\/adapatoare-w1-5\/\",\"name\":\"Ad\u0103p\u0103toare W1.5 - Modernteh\",\"isPartOf\":{\"@id\":\"https:\/\/modernteh.md\/#website\"},\"datePublished\":\"2022-06-25T17:26:54+00:00\",\"dateModified\":\"2023-12-14T14:13:57+00:00\",\"breadcrumb\":{\"@id\":\"https:\/\/modernteh.md\/catalog\/adapatoare-w1-5\/#breadcrumb\"},\"inLanguage\":\"ru-RU\",\"potentialAction\":[{\"@type\":\"ReadAction\",\"target\":[\"https:\/\/modernteh.md\/catalog\/adapatoare-w1-5\/\"]}]},{\"@type\":\"BreadcrumbList\",\"@id\":\"https:\/\/modernteh.md\/catalog\/adapatoare-w1-5\/#breadcrumb\",\"itemListElement\":[{\"@type\":\"ListItem\",\"position\":1,\"name\":\"Prima pagin\u0103\",\"item\":\"https:\/\/modernteh.md\/\"},{\"@type\":\"ListItem\",\"position\":2,\"name\":\"Catalog\",\"item\":\"https:\/\/modernteh.md\/catalog\/\"},{\"@type\":\"ListItem\",\"position\":3,\"name\":\"Ad\u0103p\u0103toare W1.5\"}]},{\"@type\":\"WebSite\",\"@id\":\"https:\/\/modernteh.md\/#website\",\"url\":\"https:\/\/modernteh.md\/\",\"name\":\"Modernteh\",\"description\":\"Modernteh\",\"publisher\":{\"@id\":\"https:\/\/modernteh.md\/#organization\"},\"potentialAction\":[{\"@type\":\"SearchAction\",\"target\":{\"@type\":\"EntryPoint\",\"urlTemplate\":\"https:\/\/modernteh.md\/?s={search_term_string}\"},\"query-input\":\"required name=search_term_string\"}],\"inLanguage\":\"ru-RU\"},{\"@type\":\"Organization\",\"@id\":\"https:\/\/modernteh.md\/#organization\",\"name\":\"Modernteh\",\"url\":\"https:\/\/modernteh.md\/\",\"logo\":{\"@type\":\"ImageObject\",\"inLanguage\":\"ru-RU\",\"@id\":\"https:\/\/modernteh.md\/#\/schema\/logo\/image\/\",\"url\":\"https:\/\/modernteh.md\/wp-content\/uploads\/2022\/06\/Logo_site-2.png\",\"contentUrl\":\"https:\/\/modernteh.md\/wp-content\/uploads\/2022\/06\/Logo_site-2.png\",\"width\":500,\"height\":487,\"caption\":\"Modernteh\"},\"image\":{\"@id\":\"https:\/\/modernteh.md\/#\/schema\/logo\/image\/\"},\"sameAs\":[\"https:\/\/www.facebook.com\/profile.php?id=100082695620019\"]}]}<\/script>\n<!-- \/ Yoast SEO plugin. -->","yoast_head_json":{"title":"Ad\u0103p\u0103toare W1.5 - Modernteh","robots":{"index":"index","follow":"follow","max-snippet":"max-snippet:-1","max-image-preview":"max-image-preview:large","max-video-preview":"max-video-preview:-1"},"canonical":"https:\/\/modernteh.md\/ru\/catalog\/adapatoare-w1-5\/","og_locale":"ru_RU","og_type":"article","og_title":"Ad\u0103p\u0103toare W1.5 - Modernteh","og_description":"Ad\u0103p\u0103tori W1.5 Ad\u0103p\u0103toarea de p\u0103s\u0103ri este ideal\u0103 pentru ad\u0103parea p\u0103s\u0103rilor mature \u0219i a puilor, este u\u0219or de umplut \u0219i amplasat","og_url":"https:\/\/modernteh.md\/ru\/catalog\/adapatoare-w1-5\/","og_site_name":"Modernteh","article_publisher":"https:\/\/www.facebook.com\/profile.php?id=100082695620019","article_modified_time":"2023-12-14T14:13:57+00:00","og_image":[{"width":500,"height":500,"url":"https:\/\/modernteh.md\/wp-content\/uploads\/2022\/06\/20-1.png","type":"image\/png"}],"twitter_card":"summary_large_image","twitter_misc":{"\u041f\u0440\u0438\u043c\u0435\u0440\u043d\u043e\u0435 \u0432\u0440\u0435\u043c\u044f \u0434\u043b\u044f \u0447\u0442\u0435\u043d\u0438\u044f":"1 \u043c\u0438\u043d\u0443\u0442\u0430"},"schema":{"@context":"https:\/\/schema.org","@graph":[{"@type":"WebPage","@id":"https:\/\/modernteh.md\/catalog\/adapatoare-w1-5\/","url":"https:\/\/modernteh.md\/catalog\/adapatoare-w1-5\/","name":"Ad\u0103p\u0103toare W1.5 - Modernteh","isPartOf":{"@id":"https:\/\/modernteh.md\/#website"},"datePublished":"2022-06-25T17:26:54+00:00","dateModified":"2023-12-14T14:13:57+00:00","breadcrumb":{"@id":"https:\/\/modernteh.md\/catalog\/adapatoare-w1-5\/#breadcrumb"},"inLanguage":"ru-RU","potentialAction":[{"@type":"ReadAction","target":["https:\/\/modernteh.md\/catalog\/adapatoare-w1-5\/"]}]},{"@type":"BreadcrumbList","@id":"https:\/\/modernteh.md\/catalog\/adapatoare-w1-5\/#breadcrumb","itemListElement":[{"@type":"ListItem","position":1,"name":"Prima pagin\u0103","item":"https:\/\/modernteh.md\/"},{"@type":"ListItem","position":2,"name":"Catalog","item":"https:\/\/modernteh.md\/catalog\/"},{"@type":"ListItem","position":3,"name":"Ad\u0103p\u0103toare W1.5"}]},{"@type":"WebSite","@id":"https:\/\/modernteh.md\/#website","url":"https:\/\/modernteh.md\/","name":"Modernteh","description":"Modernteh","publisher":{"@id":"https:\/\/modernteh.md\/#organization"},"potentialAction":[{"@type":"SearchAction","target":{"@type":"EntryPoint","urlTemplate":"https:\/\/modernteh.md\/?s={search_term_string}"},"query-input":"required name=search_term_string"}],"inLanguage":"ru-RU"},{"@type":"Organization","@id":"https:\/\/modernteh.md\/#organization","name":"Modernteh","url":"https:\/\/modernteh.md\/","logo":{"@type":"ImageObject","inLanguage":"ru-RU","@id":"https:\/\/modernteh.md\/#\/schema\/logo\/image\/","url":"https:\/\/modernteh.md\/wp-content\/uploads\/2022\/06\/Logo_site-2.png","contentUrl":"https:\/\/modernteh.md\/wp-content\/uploads\/2022\/06\/Logo_site-2.png","width":500,"height":487,"caption":"Modernteh"},"image":{"@id":"https:\/\/modernteh.md\/#\/schema\/logo\/image\/"},"sameAs":["https:\/\/www.facebook.com\/profile.php?id=100082695620019"]}]}},"_links":{"self":[{"href":"https:\/\/modernteh.md\/ru\/wp-json\/wp\/v2\/product\/1903","targetHints":{"allow":["GET"]}}],"collection":[{"href":"https:\/\/modernteh.md\/ru\/wp-json\/wp\/v2\/product"}],"about":[{"href":"https:\/\/modernteh.md\/ru\/wp-json\/wp\/v2\/types\/product"}],"wp:featuredmedia":[{"embeddable":true,"href":"https:\/\/modernteh.md\/ru\/wp-json\/wp\/v2\/media\/1904"}],"wp:attachment":[{"href":"https:\/\/modernteh.md\/ru\/wp-json\/wp\/v2\/media?parent=1903"}],"wp:term":[{"taxonomy":"product_cat","embeddable":true,"href":"https:\/\/modernteh.md\/ru\/wp-json\/wp\/v2\/product_cat?post=1903"},{"taxonomy":"product_tag","embeddable":true,"href":"https:\/\/modernteh.md\/ru\/wp-json\/wp\/v2\/product_tag?post=1903"}],"curies":[{"name":"wp","href":"https:\/\/api.w.org\/{rel}","templated":true}]}}