{"id":2040,"date":"2022-06-27T16:51:18","date_gmt":"2022-06-27T16:51:18","guid":{"rendered":"https:\/\/modernteh.md\/?post_type=product&#038;p=2040"},"modified":"2026-03-04T08:01:24","modified_gmt":"2026-03-04T08:01:24","slug":"hranitoare-pasari-c6","status":"publish","type":"product","link":"https:\/\/modernteh.md\/ru\/catalog\/hranitoare-pasari-c6\/","title":{"rendered":"Hr\u0103nitoare pentru p\u0103s\u0103ri Demetra W6"},"content":{"rendered":"<h1>Hr\u0103nitoare pentru p\u0103s\u0103ri Demetra W6<\/h1>\n<p><strong>Hr\u0103nitoarea W6<\/strong>\u00a0este solu\u021bia ideal\u0103 pentru alimentarea p\u0103s\u0103rilor \u00een orice tip de gospod\u0103rie sau ferm\u0103. Fiabil\u0103, u\u0219or de folosit \u0219i durabil\u0103, aceast\u0103 hr\u0103nitoare contribuie la o hr\u0103nire igienic\u0103, eficient\u0103 \u0219i f\u0103r\u0103 risip\u0103.<\/p>\n<p><strong>Avantaje:<\/strong><\/p>\n<ol>\n<li>Realizat\u0103 din\u00a0<strong>plastic rezistent \u0219i calitativ<\/strong>, potrivit pentru utilizare \u00eendelungat\u0103 \u0219i igienizare repetat\u0103<\/li>\n<li><strong>Rezistent\u0103 la substan\u021be de cur\u0103\u021bare<\/strong>\u00a0alcaline sau acide (biocide, detergen\u021bi)<\/li>\n<li>Se poate a\u0219eza\u00a0<strong>direct pe sol<\/strong>\u00a0sau\u00a0<strong>ag\u0103\u021ba cu ajutorul inelului gros \u0219i stabil<\/strong>\u00a0de deasupra<\/li>\n<li>Designul previne\u00a0<strong>risipa de furaje<\/strong>, fiind mai eficient\u0103 dec\u00e2t alimentarea \u00een vase deschise sau jgheaburi<\/li>\n<li>Potrivit\u0103 pentru o varietate larg\u0103 de p\u0103s\u0103ri:\u00a0<strong>prepeli\u021be, porumbei, pui, g\u0103ini, curcani<\/strong><\/li>\n<li><strong>Montaj simplu<\/strong>, u\u0219or de cur\u0103\u021bat \u0219i dezinfectat<\/li>\n<li><strong>Plasticul rezistent<\/strong>\u00a0previne deterior\u0103rile accidentale<\/li>\n<li>Ideal\u0103 pentru\u00a0<strong>interior \u0219i exterior<\/strong><\/li>\n<li>Culoarea (ro\u0219u \u0219i galben) este\u00a0<strong>atractiv\u0103 pentru p\u0103s\u0103ri<\/strong><\/li>\n<li>Asigur\u0103 un\u00a0<strong>flux continuu, igienic \u0219i constant de hran\u0103<\/strong>, cu minim efort de \u00eentre\u021binere<\/li>\n<\/ol>\n<p><strong>&#8211; Capacitate<\/strong>: 6 kg<\/p>","protected":false},"excerpt":{"rendered":"<p>Hr\u0103nitoare pentru p\u0103s\u0103ri Demetra W6 Hr\u0103nitoarea W6\u00a0este solu\u021bia ideal\u0103 pentru alimentarea p\u0103s\u0103rilor \u00een orice tip de gospod\u0103rie sau ferm\u0103. Fiabil\u0103,<\/p>","protected":false},"featured_media":4497,"template":"","meta":[],"product_cat":[126],"product_tag":[],"class_list":{"0":"post-2040","1":"product","2":"type-product","3":"status-publish","4":"has-post-thumbnail","6":"product_cat-adapatori-si-hranitori-pasari","8":"first","9":"instock","10":"shipping-taxable","11":"purchasable","12":"product-type-simple"},"yoast_head":"<!-- This site is optimized with the Yoast SEO plugin v20.12 - https:\/\/yoast.com\/wordpress\/plugins\/seo\/ -->\n<title>Hr\u0103nitoare pentru p\u0103s\u0103ri Demetra W6 - Modernteh<\/title>\n<meta name=\"description\" content=\"Hr\u0103nitoare pentru p\u0103s\u0103ri Demetra W6\" \/>\n<meta name=\"robots\" content=\"index, follow, max-snippet:-1, max-image-preview:large, max-video-preview:-1\" \/>\n<link rel=\"canonical\" href=\"https:\/\/modernteh.md\/ru\/catalog\/hranitoare-pasari-c6\/\" \/>\n<meta property=\"og:locale\" content=\"ru_RU\" \/>\n<meta property=\"og:type\" content=\"article\" \/>\n<meta property=\"og:title\" content=\"Hr\u0103nitoare pentru p\u0103s\u0103ri Demetra W6 - Modernteh\" \/>\n<meta property=\"og:description\" content=\"Hr\u0103nitoare pentru p\u0103s\u0103ri Demetra W6\" \/>\n<meta property=\"og:url\" content=\"https:\/\/modernteh.md\/ru\/catalog\/hranitoare-pasari-c6\/\" \/>\n<meta property=\"og:site_name\" content=\"Modernteh\" \/>\n<meta property=\"article:publisher\" content=\"https:\/\/www.facebook.com\/profile.php?id=100082695620019\" \/>\n<meta property=\"article:modified_time\" content=\"2026-03-04T08:01:24+00:00\" \/>\n<meta property=\"og:image\" content=\"https:\/\/modernteh.md\/wp-content\/uploads\/2022\/06\/ximg_67e1d7fb3081a.jpg.pagespeed.ic_.bfuZVzk17m.webp\" \/>\n\t<meta property=\"og:image:width\" content=\"736\" \/>\n\t<meta property=\"og:image:height\" content=\"735\" \/>\n\t<meta property=\"og:image:type\" content=\"image\/webp\" \/>\n<meta name=\"twitter:card\" content=\"summary_large_image\" \/>\n<meta name=\"twitter:label1\" content=\"\u041f\u0440\u0438\u043c\u0435\u0440\u043d\u043e\u0435 \u0432\u0440\u0435\u043c\u044f \u0434\u043b\u044f \u0447\u0442\u0435\u043d\u0438\u044f\" \/>\n\t<meta name=\"twitter:data1\" content=\"1 \u043c\u0438\u043d\u0443\u0442\u0430\" \/>\n<script type=\"application\/ld+json\" class=\"yoast-schema-graph\">{\"@context\":\"https:\/\/schema.org\",\"@graph\":[{\"@type\":\"WebPage\",\"@id\":\"https:\/\/modernteh.md\/catalog\/hranitoare-pasari-c6\/\",\"url\":\"https:\/\/modernteh.md\/catalog\/hranitoare-pasari-c6\/\",\"name\":\"Hr\u0103nitoare pentru p\u0103s\u0103ri Demetra W6 - Modernteh\",\"isPartOf\":{\"@id\":\"https:\/\/modernteh.md\/#website\"},\"datePublished\":\"2022-06-27T16:51:18+00:00\",\"dateModified\":\"2026-03-04T08:01:24+00:00\",\"description\":\"Hr\u0103nitoare pentru p\u0103s\u0103ri Demetra W6\",\"breadcrumb\":{\"@id\":\"https:\/\/modernteh.md\/catalog\/hranitoare-pasari-c6\/#breadcrumb\"},\"inLanguage\":\"ru-RU\",\"potentialAction\":[{\"@type\":\"ReadAction\",\"target\":[\"https:\/\/modernteh.md\/catalog\/hranitoare-pasari-c6\/\"]}]},{\"@type\":\"BreadcrumbList\",\"@id\":\"https:\/\/modernteh.md\/catalog\/hranitoare-pasari-c6\/#breadcrumb\",\"itemListElement\":[{\"@type\":\"ListItem\",\"position\":1,\"name\":\"Prima pagin\u0103\",\"item\":\"https:\/\/modernteh.md\/\"},{\"@type\":\"ListItem\",\"position\":2,\"name\":\"Catalog\",\"item\":\"https:\/\/modernteh.md\/catalog\/\"},{\"@type\":\"ListItem\",\"position\":3,\"name\":\"Hr\u0103nitoare pentru p\u0103s\u0103ri Demetra W6\"}]},{\"@type\":\"WebSite\",\"@id\":\"https:\/\/modernteh.md\/#website\",\"url\":\"https:\/\/modernteh.md\/\",\"name\":\"Modernteh\",\"description\":\"Modernteh\",\"publisher\":{\"@id\":\"https:\/\/modernteh.md\/#organization\"},\"potentialAction\":[{\"@type\":\"SearchAction\",\"target\":{\"@type\":\"EntryPoint\",\"urlTemplate\":\"https:\/\/modernteh.md\/?s={search_term_string}\"},\"query-input\":\"required name=search_term_string\"}],\"inLanguage\":\"ru-RU\"},{\"@type\":\"Organization\",\"@id\":\"https:\/\/modernteh.md\/#organization\",\"name\":\"Modernteh\",\"url\":\"https:\/\/modernteh.md\/\",\"logo\":{\"@type\":\"ImageObject\",\"inLanguage\":\"ru-RU\",\"@id\":\"https:\/\/modernteh.md\/#\/schema\/logo\/image\/\",\"url\":\"https:\/\/modernteh.md\/wp-content\/uploads\/2022\/06\/Logo_site-2.png\",\"contentUrl\":\"https:\/\/modernteh.md\/wp-content\/uploads\/2022\/06\/Logo_site-2.png\",\"width\":500,\"height\":487,\"caption\":\"Modernteh\"},\"image\":{\"@id\":\"https:\/\/modernteh.md\/#\/schema\/logo\/image\/\"},\"sameAs\":[\"https:\/\/www.facebook.com\/profile.php?id=100082695620019\"]}]}<\/script>\n<!-- \/ Yoast SEO plugin. -->","yoast_head_json":{"title":"Hr\u0103nitoare pentru p\u0103s\u0103ri Demetra W6 - Modernteh","description":"Hr\u0103nitoare pentru p\u0103s\u0103ri Demetra W6","robots":{"index":"index","follow":"follow","max-snippet":"max-snippet:-1","max-image-preview":"max-image-preview:large","max-video-preview":"max-video-preview:-1"},"canonical":"https:\/\/modernteh.md\/ru\/catalog\/hranitoare-pasari-c6\/","og_locale":"ru_RU","og_type":"article","og_title":"Hr\u0103nitoare pentru p\u0103s\u0103ri Demetra W6 - Modernteh","og_description":"Hr\u0103nitoare pentru p\u0103s\u0103ri Demetra W6","og_url":"https:\/\/modernteh.md\/ru\/catalog\/hranitoare-pasari-c6\/","og_site_name":"Modernteh","article_publisher":"https:\/\/www.facebook.com\/profile.php?id=100082695620019","article_modified_time":"2026-03-04T08:01:24+00:00","og_image":[{"width":736,"height":735,"url":"https:\/\/modernteh.md\/wp-content\/uploads\/2022\/06\/ximg_67e1d7fb3081a.jpg.pagespeed.ic_.bfuZVzk17m.webp","type":"image\/webp"}],"twitter_card":"summary_large_image","twitter_misc":{"\u041f\u0440\u0438\u043c\u0435\u0440\u043d\u043e\u0435 \u0432\u0440\u0435\u043c\u044f \u0434\u043b\u044f \u0447\u0442\u0435\u043d\u0438\u044f":"1 \u043c\u0438\u043d\u0443\u0442\u0430"},"schema":{"@context":"https:\/\/schema.org","@graph":[{"@type":"WebPage","@id":"https:\/\/modernteh.md\/catalog\/hranitoare-pasari-c6\/","url":"https:\/\/modernteh.md\/catalog\/hranitoare-pasari-c6\/","name":"Hr\u0103nitoare pentru p\u0103s\u0103ri Demetra W6 - Modernteh","isPartOf":{"@id":"https:\/\/modernteh.md\/#website"},"datePublished":"2022-06-27T16:51:18+00:00","dateModified":"2026-03-04T08:01:24+00:00","description":"Hr\u0103nitoare pentru p\u0103s\u0103ri Demetra W6","breadcrumb":{"@id":"https:\/\/modernteh.md\/catalog\/hranitoare-pasari-c6\/#breadcrumb"},"inLanguage":"ru-RU","potentialAction":[{"@type":"ReadAction","target":["https:\/\/modernteh.md\/catalog\/hranitoare-pasari-c6\/"]}]},{"@type":"BreadcrumbList","@id":"https:\/\/modernteh.md\/catalog\/hranitoare-pasari-c6\/#breadcrumb","itemListElement":[{"@type":"ListItem","position":1,"name":"Prima pagin\u0103","item":"https:\/\/modernteh.md\/"},{"@type":"ListItem","position":2,"name":"Catalog","item":"https:\/\/modernteh.md\/catalog\/"},{"@type":"ListItem","position":3,"name":"Hr\u0103nitoare pentru p\u0103s\u0103ri Demetra W6"}]},{"@type":"WebSite","@id":"https:\/\/modernteh.md\/#website","url":"https:\/\/modernteh.md\/","name":"Modernteh","description":"Modernteh","publisher":{"@id":"https:\/\/modernteh.md\/#organization"},"potentialAction":[{"@type":"SearchAction","target":{"@type":"EntryPoint","urlTemplate":"https:\/\/modernteh.md\/?s={search_term_string}"},"query-input":"required name=search_term_string"}],"inLanguage":"ru-RU"},{"@type":"Organization","@id":"https:\/\/modernteh.md\/#organization","name":"Modernteh","url":"https:\/\/modernteh.md\/","logo":{"@type":"ImageObject","inLanguage":"ru-RU","@id":"https:\/\/modernteh.md\/#\/schema\/logo\/image\/","url":"https:\/\/modernteh.md\/wp-content\/uploads\/2022\/06\/Logo_site-2.png","contentUrl":"https:\/\/modernteh.md\/wp-content\/uploads\/2022\/06\/Logo_site-2.png","width":500,"height":487,"caption":"Modernteh"},"image":{"@id":"https:\/\/modernteh.md\/#\/schema\/logo\/image\/"},"sameAs":["https:\/\/www.facebook.com\/profile.php?id=100082695620019"]}]}},"_links":{"self":[{"href":"https:\/\/modernteh.md\/ru\/wp-json\/wp\/v2\/product\/2040","targetHints":{"allow":["GET"]}}],"collection":[{"href":"https:\/\/modernteh.md\/ru\/wp-json\/wp\/v2\/product"}],"about":[{"href":"https:\/\/modernteh.md\/ru\/wp-json\/wp\/v2\/types\/product"}],"wp:featuredmedia":[{"embeddable":true,"href":"https:\/\/modernteh.md\/ru\/wp-json\/wp\/v2\/media\/4497"}],"wp:attachment":[{"href":"https:\/\/modernteh.md\/ru\/wp-json\/wp\/v2\/media?parent=2040"}],"wp:term":[{"taxonomy":"product_cat","embeddable":true,"href":"https:\/\/modernteh.md\/ru\/wp-json\/wp\/v2\/product_cat?post=2040"},{"taxonomy":"product_tag","embeddable":true,"href":"https:\/\/modernteh.md\/ru\/wp-json\/wp\/v2\/product_tag?post=2040"}],"curies":[{"name":"wp","href":"https:\/\/api.w.org\/{rel}","templated":true}]}}