{"id":2043,"date":"2022-06-27T16:54:04","date_gmt":"2022-06-27T16:54:04","guid":{"rendered":"https:\/\/modernteh.md\/?post_type=product&#038;p=2043"},"modified":"2026-03-04T08:01:05","modified_gmt":"2026-03-04T08:01:05","slug":"hranitoare-pasari-20kg-2","status":"publish","type":"product","link":"https:\/\/modernteh.md\/ru\/catalog\/hranitoare-pasari-20kg-2\/","title":{"rendered":"Hr\u0103nitoare p\u0103s\u0103ri 20kg"},"content":{"rendered":"<h1 style=\"font-weight: 600;\"><b><strong>Hr\u0103nitoarele 20kg pentru p\u0103s\u0103ri sunt foarte utile \u00een orice gospod\u0103rie sau ferm\u0103 \u0219i pot fi manipulate foarte u\u0219or de oricine.<\/strong><\/b><\/h1>\n<h2 style=\"font-weight: 600;\"><b><strong>Avantaje hr\u0103nitoare p\u0103s\u0103ri\u00a0<\/strong><\/b><b><strong>20kg<\/strong><\/b><b><strong>:<\/strong><\/b><\/h2>\n<p style=\"font-weight: 400;\"><span style=\"font-weight: 400;\">\u2713<\/span>fabricate din plastic calitativ \u0219i durabil, care permite utilizarea sa pe termen lung f\u0103r\u0103 a v\u0103 face griji c\u0103 poate fi u\u0219or deteriorat; acest tip de plastic permite igiena regulat\u0103 \u0219i dezinfectarea f\u0103r\u0103 deteriorare (rezistent\u0103 la ac\u021biunea solu\u021biilor bazice sau acide de solu\u021bii de cur\u0103\u021bare \u0219i solu\u021bii biocide);<\/p>\n<p style=\"font-weight: 400;\"><span style=\"font-weight: 400;\">\u2713<\/span>hr\u0103nitoarea poate fi plasat\u0103 fie direct pe sol, prin ag\u0103\u021barea unui inel foarte gros \u0219i stabil deasupra. Modul \u00een care este conceput\u0103 hr\u0103nitoarea \u00eempiedic\u0103 risipa de furaje administrate, astfel \u00eenc\u00e2t acest model de alimentator minimizeaz\u0103 pierderile de furaje, fiind mult mai eficient \u0219i mai rentabil dec\u00e2t alimentarea \u00een jgheab, \u00een \u200b\u200bvase deschise sau la sol.<\/p>\n<p style=\"font-weight: 400;\"><span style=\"font-weight: 400;\">\u2713<\/span>poate fi folosit pentru p\u0103s\u0103ri de diferite specii \u0219i dimensiuni, de la prepeli\u021be, porumbei, la pui, g\u0103ini de carne sau curcani mari;<\/p>\n<p style=\"font-weight: 400;\"><span style=\"font-weight: 400;\">\u2713<\/span>asamblarea este rapid\u0103, cur\u0103\u021barea este u\u0219oar\u0103;<\/p>\n<p style=\"font-weight: 400;\"><span style=\"font-weight: 400;\">\u2713<\/span>u\u0219or de \u00eendep\u0103rtat pentru a facilita igienizarea \u0219i dezinfectarea regulat\u0103;<\/p>\n<p style=\"font-weight: 400;\"><span style=\"font-weight: 400;\">\u2713<\/span>duritatea acestui tip de plastic \u00eei ofer\u0103 o protec\u021bie foarte bun\u0103 \u00eempotriva ruperii accidentale;<\/p>\n<p style=\"font-weight: 400;\"><span style=\"font-weight: 400;\">\u2713<\/span>reduce risipa de alimente;<\/p>\n<p style=\"font-weight: 400;\"><span style=\"font-weight: 400;\">\u2713<\/span>este pentru uz interior sau pentru uz exterior.<\/p>\n<p style=\"font-weight: 400;\"><span style=\"font-weight: 400;\">\u2713<\/span>culoarea sa este deosebit de atractiv\u0103 pentru p\u0103s\u0103ri, deoarece acestea au o percep\u021bie special\u0103 despre galben \u0219i ro\u0219u;<\/p>\n<p style=\"font-weight: 400;\"><span style=\"font-weight: 400;\">\u2713<\/span>asigur\u0103 un flux igienic continuu \u0219i uniform pentru alimente, cu un efort minim de \u00eentre\u021binere;<\/p>\n<p style=\"font-weight: 400;\"><b><strong>Capacitate: 20 kg<\/strong><\/b><\/p>\n<p style=\"font-weight: 400;\">","protected":false},"excerpt":{"rendered":"<p>Hr\u0103nitoarele 20kg pentru p\u0103s\u0103ri sunt foarte utile \u00een orice gospod\u0103rie sau ferm\u0103 \u0219i pot fi manipulate foarte u\u0219or de oricine.<\/p>","protected":false},"featured_media":2044,"template":"","meta":[],"product_cat":[126],"product_tag":[],"class_list":{"0":"post-2043","1":"product","2":"type-product","3":"status-publish","4":"has-post-thumbnail","6":"product_cat-adapatori-si-hranitori-pasari","8":"first","9":"outofstock","10":"shipping-taxable","11":"purchasable","12":"product-type-simple"},"yoast_head":"<!-- This site is optimized with the Yoast SEO plugin v20.12 - https:\/\/yoast.com\/wordpress\/plugins\/seo\/ -->\n<title>Hr\u0103nitoare p\u0103s\u0103ri 20kg - Modernteh<\/title>\n<meta name=\"robots\" content=\"index, follow, max-snippet:-1, max-image-preview:large, max-video-preview:-1\" \/>\n<link rel=\"canonical\" href=\"https:\/\/modernteh.md\/ru\/catalog\/hranitoare-pasari-20kg-2\/\" \/>\n<meta property=\"og:locale\" content=\"ru_RU\" \/>\n<meta property=\"og:type\" content=\"article\" \/>\n<meta property=\"og:title\" content=\"Hr\u0103nitoare p\u0103s\u0103ri 20kg - Modernteh\" \/>\n<meta property=\"og:description\" content=\"Hr\u0103nitoarele 20kg pentru p\u0103s\u0103ri sunt foarte utile \u00een orice gospod\u0103rie sau ferm\u0103 \u0219i pot fi manipulate foarte u\u0219or de oricine.\" \/>\n<meta property=\"og:url\" content=\"https:\/\/modernteh.md\/ru\/catalog\/hranitoare-pasari-20kg-2\/\" \/>\n<meta property=\"og:site_name\" content=\"Modernteh\" \/>\n<meta property=\"article:publisher\" content=\"https:\/\/www.facebook.com\/profile.php?id=100082695620019\" \/>\n<meta property=\"article:modified_time\" content=\"2026-03-04T08:01:05+00:00\" \/>\n<meta property=\"og:image\" content=\"https:\/\/modernteh.md\/wp-content\/uploads\/2022\/06\/7-21.jpg\" \/>\n\t<meta property=\"og:image:width\" content=\"500\" \/>\n\t<meta property=\"og:image:height\" content=\"500\" \/>\n\t<meta property=\"og:image:type\" content=\"image\/jpeg\" \/>\n<meta name=\"twitter:card\" content=\"summary_large_image\" \/>\n<meta name=\"twitter:label1\" content=\"\u041f\u0440\u0438\u043c\u0435\u0440\u043d\u043e\u0435 \u0432\u0440\u0435\u043c\u044f \u0434\u043b\u044f \u0447\u0442\u0435\u043d\u0438\u044f\" \/>\n\t<meta name=\"twitter:data1\" content=\"1 \u043c\u0438\u043d\u0443\u0442\u0430\" \/>\n<script type=\"application\/ld+json\" class=\"yoast-schema-graph\">{\"@context\":\"https:\/\/schema.org\",\"@graph\":[{\"@type\":\"WebPage\",\"@id\":\"https:\/\/modernteh.md\/catalog\/hranitoare-pasari-20kg-2\/\",\"url\":\"https:\/\/modernteh.md\/catalog\/hranitoare-pasari-20kg-2\/\",\"name\":\"Hr\u0103nitoare p\u0103s\u0103ri 20kg - Modernteh\",\"isPartOf\":{\"@id\":\"https:\/\/modernteh.md\/#website\"},\"datePublished\":\"2022-06-27T16:54:04+00:00\",\"dateModified\":\"2026-03-04T08:01:05+00:00\",\"breadcrumb\":{\"@id\":\"https:\/\/modernteh.md\/catalog\/hranitoare-pasari-20kg-2\/#breadcrumb\"},\"inLanguage\":\"ru-RU\",\"potentialAction\":[{\"@type\":\"ReadAction\",\"target\":[\"https:\/\/modernteh.md\/catalog\/hranitoare-pasari-20kg-2\/\"]}]},{\"@type\":\"BreadcrumbList\",\"@id\":\"https:\/\/modernteh.md\/catalog\/hranitoare-pasari-20kg-2\/#breadcrumb\",\"itemListElement\":[{\"@type\":\"ListItem\",\"position\":1,\"name\":\"Prima pagin\u0103\",\"item\":\"https:\/\/modernteh.md\/\"},{\"@type\":\"ListItem\",\"position\":2,\"name\":\"Catalog\",\"item\":\"https:\/\/modernteh.md\/catalog\/\"},{\"@type\":\"ListItem\",\"position\":3,\"name\":\"Hr\u0103nitoare p\u0103s\u0103ri 20kg\"}]},{\"@type\":\"WebSite\",\"@id\":\"https:\/\/modernteh.md\/#website\",\"url\":\"https:\/\/modernteh.md\/\",\"name\":\"Modernteh\",\"description\":\"Modernteh\",\"publisher\":{\"@id\":\"https:\/\/modernteh.md\/#organization\"},\"potentialAction\":[{\"@type\":\"SearchAction\",\"target\":{\"@type\":\"EntryPoint\",\"urlTemplate\":\"https:\/\/modernteh.md\/?s={search_term_string}\"},\"query-input\":\"required name=search_term_string\"}],\"inLanguage\":\"ru-RU\"},{\"@type\":\"Organization\",\"@id\":\"https:\/\/modernteh.md\/#organization\",\"name\":\"Modernteh\",\"url\":\"https:\/\/modernteh.md\/\",\"logo\":{\"@type\":\"ImageObject\",\"inLanguage\":\"ru-RU\",\"@id\":\"https:\/\/modernteh.md\/#\/schema\/logo\/image\/\",\"url\":\"https:\/\/modernteh.md\/wp-content\/uploads\/2022\/06\/Logo_site-2.png\",\"contentUrl\":\"https:\/\/modernteh.md\/wp-content\/uploads\/2022\/06\/Logo_site-2.png\",\"width\":500,\"height\":487,\"caption\":\"Modernteh\"},\"image\":{\"@id\":\"https:\/\/modernteh.md\/#\/schema\/logo\/image\/\"},\"sameAs\":[\"https:\/\/www.facebook.com\/profile.php?id=100082695620019\"]}]}<\/script>\n<!-- \/ Yoast SEO plugin. -->","yoast_head_json":{"title":"Hr\u0103nitoare p\u0103s\u0103ri 20kg - Modernteh","robots":{"index":"index","follow":"follow","max-snippet":"max-snippet:-1","max-image-preview":"max-image-preview:large","max-video-preview":"max-video-preview:-1"},"canonical":"https:\/\/modernteh.md\/ru\/catalog\/hranitoare-pasari-20kg-2\/","og_locale":"ru_RU","og_type":"article","og_title":"Hr\u0103nitoare p\u0103s\u0103ri 20kg - Modernteh","og_description":"Hr\u0103nitoarele 20kg pentru p\u0103s\u0103ri sunt foarte utile \u00een orice gospod\u0103rie sau ferm\u0103 \u0219i pot fi manipulate foarte u\u0219or de oricine.","og_url":"https:\/\/modernteh.md\/ru\/catalog\/hranitoare-pasari-20kg-2\/","og_site_name":"Modernteh","article_publisher":"https:\/\/www.facebook.com\/profile.php?id=100082695620019","article_modified_time":"2026-03-04T08:01:05+00:00","og_image":[{"width":500,"height":500,"url":"https:\/\/modernteh.md\/wp-content\/uploads\/2022\/06\/7-21.jpg","type":"image\/jpeg"}],"twitter_card":"summary_large_image","twitter_misc":{"\u041f\u0440\u0438\u043c\u0435\u0440\u043d\u043e\u0435 \u0432\u0440\u0435\u043c\u044f \u0434\u043b\u044f \u0447\u0442\u0435\u043d\u0438\u044f":"1 \u043c\u0438\u043d\u0443\u0442\u0430"},"schema":{"@context":"https:\/\/schema.org","@graph":[{"@type":"WebPage","@id":"https:\/\/modernteh.md\/catalog\/hranitoare-pasari-20kg-2\/","url":"https:\/\/modernteh.md\/catalog\/hranitoare-pasari-20kg-2\/","name":"Hr\u0103nitoare p\u0103s\u0103ri 20kg - Modernteh","isPartOf":{"@id":"https:\/\/modernteh.md\/#website"},"datePublished":"2022-06-27T16:54:04+00:00","dateModified":"2026-03-04T08:01:05+00:00","breadcrumb":{"@id":"https:\/\/modernteh.md\/catalog\/hranitoare-pasari-20kg-2\/#breadcrumb"},"inLanguage":"ru-RU","potentialAction":[{"@type":"ReadAction","target":["https:\/\/modernteh.md\/catalog\/hranitoare-pasari-20kg-2\/"]}]},{"@type":"BreadcrumbList","@id":"https:\/\/modernteh.md\/catalog\/hranitoare-pasari-20kg-2\/#breadcrumb","itemListElement":[{"@type":"ListItem","position":1,"name":"Prima pagin\u0103","item":"https:\/\/modernteh.md\/"},{"@type":"ListItem","position":2,"name":"Catalog","item":"https:\/\/modernteh.md\/catalog\/"},{"@type":"ListItem","position":3,"name":"Hr\u0103nitoare p\u0103s\u0103ri 20kg"}]},{"@type":"WebSite","@id":"https:\/\/modernteh.md\/#website","url":"https:\/\/modernteh.md\/","name":"Modernteh","description":"Modernteh","publisher":{"@id":"https:\/\/modernteh.md\/#organization"},"potentialAction":[{"@type":"SearchAction","target":{"@type":"EntryPoint","urlTemplate":"https:\/\/modernteh.md\/?s={search_term_string}"},"query-input":"required name=search_term_string"}],"inLanguage":"ru-RU"},{"@type":"Organization","@id":"https:\/\/modernteh.md\/#organization","name":"Modernteh","url":"https:\/\/modernteh.md\/","logo":{"@type":"ImageObject","inLanguage":"ru-RU","@id":"https:\/\/modernteh.md\/#\/schema\/logo\/image\/","url":"https:\/\/modernteh.md\/wp-content\/uploads\/2022\/06\/Logo_site-2.png","contentUrl":"https:\/\/modernteh.md\/wp-content\/uploads\/2022\/06\/Logo_site-2.png","width":500,"height":487,"caption":"Modernteh"},"image":{"@id":"https:\/\/modernteh.md\/#\/schema\/logo\/image\/"},"sameAs":["https:\/\/www.facebook.com\/profile.php?id=100082695620019"]}]}},"_links":{"self":[{"href":"https:\/\/modernteh.md\/ru\/wp-json\/wp\/v2\/product\/2043","targetHints":{"allow":["GET"]}}],"collection":[{"href":"https:\/\/modernteh.md\/ru\/wp-json\/wp\/v2\/product"}],"about":[{"href":"https:\/\/modernteh.md\/ru\/wp-json\/wp\/v2\/types\/product"}],"wp:featuredmedia":[{"embeddable":true,"href":"https:\/\/modernteh.md\/ru\/wp-json\/wp\/v2\/media\/2044"}],"wp:attachment":[{"href":"https:\/\/modernteh.md\/ru\/wp-json\/wp\/v2\/media?parent=2043"}],"wp:term":[{"taxonomy":"product_cat","embeddable":true,"href":"https:\/\/modernteh.md\/ru\/wp-json\/wp\/v2\/product_cat?post=2043"},{"taxonomy":"product_tag","embeddable":true,"href":"https:\/\/modernteh.md\/ru\/wp-json\/wp\/v2\/product_tag?post=2043"}],"curies":[{"name":"wp","href":"https:\/\/api.w.org\/{rel}","templated":true}]}}