{"id":2063,"date":"2022-06-27T17:08:35","date_gmt":"2022-06-27T17:08:35","guid":{"rendered":"https:\/\/modernteh.md\/?post_type=product&#038;p=2063"},"modified":"2025-11-01T07:55:25","modified_gmt":"2025-11-01T07:55:25","slug":"batoza-h1","status":"publish","type":"product","link":"https:\/\/modernteh.md\/ru\/catalog\/batoza-h1\/","title":{"rendered":"Batoz\u0103 de porumb S1"},"content":{"rendered":"<h1>Batoz\u0103 de porumb S1<\/h1>\n<div class=\"table-row\">\n<div class=\"table-box\">\n<div class=\"table-title\">\n<div class=\"tag-h3\">Model: S1<\/div>\n<\/div>\n<\/div>\n<\/div>\n<div class=\"table-row\">\n<div class=\"table-box\">\n<div class=\"table-title\">\n<div class=\"tag-h3\">Putere: 3.2 kW<\/div>\n<\/div>\n<\/div>\n<div class=\"table-box\">\n<div class=\"table-title\">\n<div class=\"tag-h3\">Productivitate maxim\u0103: 2500 kg\/ora<\/div>\n<\/div>\n<\/div>\n<\/div>\n<div class=\"table-row\">\n<div class=\"table-box\">\n<div class=\"table-title\">\n<div class=\"tag-h3\">Turatii motor: 2800 rpm<\/div>\n<\/div>\n<\/div>\n<div class=\"table-box\">\n<div class=\"table-title\">\n<div class=\"tag-h3\">Numar taietoare: 1<\/div>\n<\/div>\n<\/div>\n<\/div>\n<div class=\"table-row\">\n<div class=\"table-box\">\n<div class=\"table-title\">\n<div class=\"tag-h3\">Dimensiuni: 73 x 38 x 28 cm<\/div>\n<\/div>\n<\/div>\n<div class=\"table-box\">\n<div class=\"table-title\">\n<div class=\"tag-h3\">Greutate: 28 kg<\/div>\n<\/div>\n<\/div>\n<\/div>\n<div class=\"table-row\">\n<div class=\"table-box\">\n<div class=\"table-title\">\n<div class=\"tag-h3\">Motor inclus: Da<\/div>\n<\/div>\n<\/div>\n<div class=\"table-box\">\n<div class=\"table-title\">\n<div class=\"tag-h3\">Alimentare: 220 V ~ 50 Hz<\/div>\n<div>\n<p>Batoza pentru porumb\u00a0<strong>Demetra S1<\/strong>\u00a0este un echipament puternic, fiabil \u0219i eficient, conceput pentru procesarea rapid\u0103 a porumbului. Ideal\u0103 pentru utilizare domestic\u0103 sau profesional\u0103, aceasta asigur\u0103 o separare eficient\u0103 a boabelor de pe \u0219tiule\u021bi.<\/p>\n<p><strong>Caracteristici principale:<\/strong><\/p>\n<ol>\n<li><strong>\u2713<\/strong>\u00a0<strong>\u041c\u043e\u0449\u043d\u043e\u0441\u0442\u044c \u0434\u0432\u0438\u0433\u0430\u0442\u0435\u043b\u044f -<\/strong>: 3.2 kW<\/li>\n<li><strong>\u2713<\/strong>\u00a0<strong>Capacitate de procesare maxim\u0103<\/strong>: p\u00e2n\u0103 la\u00a0<strong>2500 kg\/or\u0103<\/strong><\/li>\n<li><strong>\u2713<\/strong>\u00a0<strong>Tura\u021bie<\/strong>: 2800 rpm \u2013 performan\u021b\u0103 ridicat\u0103 \u0219i vitez\u0103 optim\u0103 de lucru<\/li>\n<li><strong>\u2713<\/strong>\u00a0<strong>Frez\u0103 unic\u0103<\/strong>\u00a0\u2013 asigur\u0103 func\u021bionare stabil\u0103 \u0219i fiabil\u0103<\/li>\n<li><strong>\u2713<\/strong>\u00a0<strong>Dimensiuni compacte<\/strong>: 73 x 38 x 28 cm<\/li>\n<li><strong>\u2713<\/strong>\u00a0<strong>\u0412\u0435\u0441 \u2013 45 \u043a\u0433<\/strong>: 28 kg \u2013 u\u0219or de transportat \u0219i de depozitat<\/li>\n<li><strong>\u2713<\/strong>\u00a0<strong>Utilizare facil\u0103<\/strong>\u00a0\u2013 ideal\u0103 pentru gospod\u0103rii \u0219i ferme mici<\/li>\n<li><strong>\u2713 Cur\u0103\u021barea de pe \u0219tiule\u021bi<\/strong>&#8211; \u00een medie 80-95%<\/li>\n<\/ol>\n<\/div>\n<\/div>\n<\/div>\n<\/div>","protected":false},"excerpt":{"rendered":"<p>Batoz\u0103 de porumb S1 Model: S1 Putere: 3.2 kW Productivitate maxim\u0103: 2500 kg\/ora Turatii motor: 2800 rpm Numar taietoare: 1<\/p>","protected":false},"featured_media":4886,"template":"","meta":[],"product_cat":[132],"product_tag":[],"class_list":{"0":"post-2063","1":"product","2":"type-product","3":"status-publish","4":"has-post-thumbnail","6":"product_cat-batoze-de-porumb","8":"first","9":"instock","10":"sale","11":"shipping-taxable","12":"purchasable","13":"product-type-simple"},"yoast_head":"<!-- This site is optimized with the Yoast SEO plugin v20.12 - https:\/\/yoast.com\/wordpress\/plugins\/seo\/ -->\n<title>Batoz\u0103 de porumb S1 - Modernteh<\/title>\n<meta name=\"description\" content=\"Batoz\u0103 de porumb S1\" \/>\n<meta name=\"robots\" content=\"index, follow, max-snippet:-1, max-image-preview:large, max-video-preview:-1\" \/>\n<link rel=\"canonical\" href=\"https:\/\/modernteh.md\/ru\/catalog\/batoza-h1\/\" \/>\n<meta property=\"og:locale\" content=\"ru_RU\" \/>\n<meta property=\"og:type\" content=\"article\" \/>\n<meta property=\"og:title\" content=\"Batoz\u0103 de porumb S1 - Modernteh\" \/>\n<meta property=\"og:description\" content=\"Batoz\u0103 de porumb S1\" \/>\n<meta property=\"og:url\" content=\"https:\/\/modernteh.md\/ru\/catalog\/batoza-h1\/\" \/>\n<meta property=\"og:site_name\" content=\"Modernteh\" \/>\n<meta property=\"article:publisher\" content=\"https:\/\/www.facebook.com\/profile.php?id=100082695620019\" \/>\n<meta property=\"article:modified_time\" content=\"2025-11-01T07:55:25+00:00\" \/>\n<meta property=\"og:image\" content=\"https:\/\/modernteh.md\/wp-content\/uploads\/2022\/06\/xBatozaP20deP20porumbP20DemetraP20S1P20new.png.pagespeed.ic_.DWy0o5gTsN.png\" \/>\n\t<meta property=\"og:image:width\" content=\"700\" \/>\n\t<meta property=\"og:image:height\" content=\"700\" \/>\n\t<meta property=\"og:image:type\" content=\"image\/png\" \/>\n<meta name=\"twitter:card\" content=\"summary_large_image\" \/>\n<meta name=\"twitter:label1\" content=\"\u041f\u0440\u0438\u043c\u0435\u0440\u043d\u043e\u0435 \u0432\u0440\u0435\u043c\u044f \u0434\u043b\u044f \u0447\u0442\u0435\u043d\u0438\u044f\" \/>\n\t<meta name=\"twitter:data1\" content=\"1 \u043c\u0438\u043d\u0443\u0442\u0430\" \/>\n<script type=\"application\/ld+json\" class=\"yoast-schema-graph\">{\"@context\":\"https:\/\/schema.org\",\"@graph\":[{\"@type\":\"WebPage\",\"@id\":\"https:\/\/modernteh.md\/catalog\/batoza-h1\/\",\"url\":\"https:\/\/modernteh.md\/catalog\/batoza-h1\/\",\"name\":\"Batoz\u0103 de porumb S1 - Modernteh\",\"isPartOf\":{\"@id\":\"https:\/\/modernteh.md\/#website\"},\"datePublished\":\"2022-06-27T17:08:35+00:00\",\"dateModified\":\"2025-11-01T07:55:25+00:00\",\"description\":\"Batoz\u0103 de porumb S1\",\"breadcrumb\":{\"@id\":\"https:\/\/modernteh.md\/catalog\/batoza-h1\/#breadcrumb\"},\"inLanguage\":\"ru-RU\",\"potentialAction\":[{\"@type\":\"ReadAction\",\"target\":[\"https:\/\/modernteh.md\/catalog\/batoza-h1\/\"]}]},{\"@type\":\"BreadcrumbList\",\"@id\":\"https:\/\/modernteh.md\/catalog\/batoza-h1\/#breadcrumb\",\"itemListElement\":[{\"@type\":\"ListItem\",\"position\":1,\"name\":\"Prima pagin\u0103\",\"item\":\"https:\/\/modernteh.md\/\"},{\"@type\":\"ListItem\",\"position\":2,\"name\":\"Catalog\",\"item\":\"https:\/\/modernteh.md\/catalog\/\"},{\"@type\":\"ListItem\",\"position\":3,\"name\":\"Batoz\u0103 de porumb S1\"}]},{\"@type\":\"WebSite\",\"@id\":\"https:\/\/modernteh.md\/#website\",\"url\":\"https:\/\/modernteh.md\/\",\"name\":\"Modernteh\",\"description\":\"Modernteh\",\"publisher\":{\"@id\":\"https:\/\/modernteh.md\/#organization\"},\"potentialAction\":[{\"@type\":\"SearchAction\",\"target\":{\"@type\":\"EntryPoint\",\"urlTemplate\":\"https:\/\/modernteh.md\/?s={search_term_string}\"},\"query-input\":\"required name=search_term_string\"}],\"inLanguage\":\"ru-RU\"},{\"@type\":\"Organization\",\"@id\":\"https:\/\/modernteh.md\/#organization\",\"name\":\"Modernteh\",\"url\":\"https:\/\/modernteh.md\/\",\"logo\":{\"@type\":\"ImageObject\",\"inLanguage\":\"ru-RU\",\"@id\":\"https:\/\/modernteh.md\/#\/schema\/logo\/image\/\",\"url\":\"https:\/\/modernteh.md\/wp-content\/uploads\/2022\/06\/Logo_site-2.png\",\"contentUrl\":\"https:\/\/modernteh.md\/wp-content\/uploads\/2022\/06\/Logo_site-2.png\",\"width\":500,\"height\":487,\"caption\":\"Modernteh\"},\"image\":{\"@id\":\"https:\/\/modernteh.md\/#\/schema\/logo\/image\/\"},\"sameAs\":[\"https:\/\/www.facebook.com\/profile.php?id=100082695620019\"]}]}<\/script>\n<!-- \/ Yoast SEO plugin. -->","yoast_head_json":{"title":"Batoz\u0103 de porumb S1 - Modernteh","description":"Batoz\u0103 de porumb S1","robots":{"index":"index","follow":"follow","max-snippet":"max-snippet:-1","max-image-preview":"max-image-preview:large","max-video-preview":"max-video-preview:-1"},"canonical":"https:\/\/modernteh.md\/ru\/catalog\/batoza-h1\/","og_locale":"ru_RU","og_type":"article","og_title":"Batoz\u0103 de porumb S1 - Modernteh","og_description":"Batoz\u0103 de porumb S1","og_url":"https:\/\/modernteh.md\/ru\/catalog\/batoza-h1\/","og_site_name":"Modernteh","article_publisher":"https:\/\/www.facebook.com\/profile.php?id=100082695620019","article_modified_time":"2025-11-01T07:55:25+00:00","og_image":[{"width":700,"height":700,"url":"https:\/\/modernteh.md\/wp-content\/uploads\/2022\/06\/xBatozaP20deP20porumbP20DemetraP20S1P20new.png.pagespeed.ic_.DWy0o5gTsN.png","type":"image\/png"}],"twitter_card":"summary_large_image","twitter_misc":{"\u041f\u0440\u0438\u043c\u0435\u0440\u043d\u043e\u0435 \u0432\u0440\u0435\u043c\u044f \u0434\u043b\u044f \u0447\u0442\u0435\u043d\u0438\u044f":"1 \u043c\u0438\u043d\u0443\u0442\u0430"},"schema":{"@context":"https:\/\/schema.org","@graph":[{"@type":"WebPage","@id":"https:\/\/modernteh.md\/catalog\/batoza-h1\/","url":"https:\/\/modernteh.md\/catalog\/batoza-h1\/","name":"Batoz\u0103 de porumb S1 - Modernteh","isPartOf":{"@id":"https:\/\/modernteh.md\/#website"},"datePublished":"2022-06-27T17:08:35+00:00","dateModified":"2025-11-01T07:55:25+00:00","description":"Batoz\u0103 de porumb S1","breadcrumb":{"@id":"https:\/\/modernteh.md\/catalog\/batoza-h1\/#breadcrumb"},"inLanguage":"ru-RU","potentialAction":[{"@type":"ReadAction","target":["https:\/\/modernteh.md\/catalog\/batoza-h1\/"]}]},{"@type":"BreadcrumbList","@id":"https:\/\/modernteh.md\/catalog\/batoza-h1\/#breadcrumb","itemListElement":[{"@type":"ListItem","position":1,"name":"Prima pagin\u0103","item":"https:\/\/modernteh.md\/"},{"@type":"ListItem","position":2,"name":"Catalog","item":"https:\/\/modernteh.md\/catalog\/"},{"@type":"ListItem","position":3,"name":"Batoz\u0103 de porumb S1"}]},{"@type":"WebSite","@id":"https:\/\/modernteh.md\/#website","url":"https:\/\/modernteh.md\/","name":"Modernteh","description":"Modernteh","publisher":{"@id":"https:\/\/modernteh.md\/#organization"},"potentialAction":[{"@type":"SearchAction","target":{"@type":"EntryPoint","urlTemplate":"https:\/\/modernteh.md\/?s={search_term_string}"},"query-input":"required name=search_term_string"}],"inLanguage":"ru-RU"},{"@type":"Organization","@id":"https:\/\/modernteh.md\/#organization","name":"Modernteh","url":"https:\/\/modernteh.md\/","logo":{"@type":"ImageObject","inLanguage":"ru-RU","@id":"https:\/\/modernteh.md\/#\/schema\/logo\/image\/","url":"https:\/\/modernteh.md\/wp-content\/uploads\/2022\/06\/Logo_site-2.png","contentUrl":"https:\/\/modernteh.md\/wp-content\/uploads\/2022\/06\/Logo_site-2.png","width":500,"height":487,"caption":"Modernteh"},"image":{"@id":"https:\/\/modernteh.md\/#\/schema\/logo\/image\/"},"sameAs":["https:\/\/www.facebook.com\/profile.php?id=100082695620019"]}]}},"_links":{"self":[{"href":"https:\/\/modernteh.md\/ru\/wp-json\/wp\/v2\/product\/2063","targetHints":{"allow":["GET"]}}],"collection":[{"href":"https:\/\/modernteh.md\/ru\/wp-json\/wp\/v2\/product"}],"about":[{"href":"https:\/\/modernteh.md\/ru\/wp-json\/wp\/v2\/types\/product"}],"wp:featuredmedia":[{"embeddable":true,"href":"https:\/\/modernteh.md\/ru\/wp-json\/wp\/v2\/media\/4886"}],"wp:attachment":[{"href":"https:\/\/modernteh.md\/ru\/wp-json\/wp\/v2\/media?parent=2063"}],"wp:term":[{"taxonomy":"product_cat","embeddable":true,"href":"https:\/\/modernteh.md\/ru\/wp-json\/wp\/v2\/product_cat?post=2063"},{"taxonomy":"product_tag","embeddable":true,"href":"https:\/\/modernteh.md\/ru\/wp-json\/wp\/v2\/product_tag?post=2063"}],"curies":[{"name":"wp","href":"https:\/\/api.w.org\/{rel}","templated":true}]}}