{"id":2068,"date":"2022-06-27T17:10:06","date_gmt":"2022-06-27T17:10:06","guid":{"rendered":"https:\/\/modernteh.md\/?post_type=product&#038;p=2068"},"modified":"2024-01-02T12:33:39","modified_gmt":"2024-01-02T12:33:39","slug":"batoza-de-porumb-s1","status":"publish","type":"product","link":"https:\/\/modernteh.md\/ru\/catalog\/batoza-de-porumb-s1\/","title":{"rendered":"Batoza de Porumb CTC 1500"},"content":{"rendered":"<p>Batoza de Porumb CTC 1500<br \/>\ntip alimentare: motor electric<br \/>\nputere: 1.5 KW<br \/>\ntensiune: 220 V<br \/>\ncapacitate de produc\u021bie: max. 3500 kg\/or\u0103<br \/>\ngreutate: 40 KG<br \/>\nt\u0103ietoare -2<br \/>\n-batoza porumb ctc1500 este conceput\u0103 pentru a facilita \u0219i accelera procesul de separare a boabelor de porumb<br \/>\n        -este un utilaj necesar \u0219i binevenit \u00een gospod\u0103ria fiec\u0103ruia, cu at\u00e2t mai mult \u00een fermele de p\u0103s\u0103ri \u0219i animale<br \/>\n        -este conceput\u0103 din fier, ceea ce ofer\u0103 o rezisten\u021b\u0103 deosebit\u0103 tuturor componentelor dar \u0219i o bun\u0103 stabilitate<br \/>\n        -este construit\u0103 \u00een baza urm\u0103toarelor principii: calitate \u00eenalt\u0103, econom\u0103 \u00een ceea ce prive\u0219te consumul de curent \u0219i foarte u\u0219or de manevrat <\/p>\n<p>Pentru o func\u021bionare eficienta a batozei \u0219i f\u0103r\u0103 pierderi de porumb, v\u0103 recomandam ca \u0219tiule\u021bii s\u0103 fie \u00een prealabil foarte bine usca\u021bi, \u00een caz contrar puterea de lucru a utilajului va sc\u0103dea.<\/p>\n<p>Batoza porumb ctc1500 motor inclus trebuie instalata pe o suprafa\u021b\u0103 stabil\u0103 \u0219i neted\u0103 \u00eentr-un loc deschis \u0219i uscat. Acest produs vine echipat cu: m\u00e2ner ajustare a distantei de prelucrare, cuva de evacuare coceni, cadru din o\u021bel galvanizat, gura de evacuarea boabe de porumb, motor, curele de transmisie, brida sus\u021binere motor \u0219i cuva de alimentare.<\/p>\n<p>Acorda\u021bi o aten\u021bie sporit\u0103 elementelor de str\u00e2ngere (\u0219uruburi, \u0219aibe, piuli\u021be) ale utilajului \u0219i verifica\u021bi periodic ca acestea s\u0103 nu se sl\u0103beasc\u0103. \u00cen ceea ce prive\u0219te motorul fi\u021bi foarte aten\u021bi la pozi\u021bionarea sa \u0219i a curelelor. \u00cen cazul \u00een care acestea nu sunt perfect pozi\u021bionate \u00een timpul utiliz\u0103rii, batoza, va provoca vibra\u021bii puternice care pot duce la daune at\u00e2t pentru utilaj c\u00e2t \u0219i pentru utilizator.<\/p>\n<p>Un alt aspect foarte important pentru ca acest utilaj s\u0103 func\u021bioneze la capacitatea sa maxim\u0103 este ca dumneavoastr\u0103 s\u0103 cur\u0103\u021ba\u021bi rulmen\u021bii \u00een mod regulat.<\/p>\n<p>Modul de func\u021bionare al batozei ctc1500<br \/>\nPentru \u00eenceput maneta de distan\u021bare trebuie s\u0103 fie fixat\u0103 la cea mai \u00eenalt\u0103 pozi\u021bie. Dup\u0103 pornirea batozei \u0219i introducerea primilor \u0219tiule\u021bi \u00een cuva de alimentare va trebui s\u0103 cobor\u00e2\u021bi maneta de distan\u021bare cu c\u00e2te o treapt\u0103 p\u00e2n\u0103 ce cocenii vor ie\u0219i cura\u021bi (f\u0103r\u0103 boabe de porumb).  Dac\u0103 sesiza\u021bi o cur\u0103\u021bare exagerat\u0103 a cocenilor sau cre\u0219terea vibra\u021biilor emise de batoza \u00een timpul utiliz\u0103rii v\u0103 recomand\u0103m s\u0103 ajusta\u021bi m\u00e2nerul de distan\u021bare urc\u00e2nd cu c\u00e2te o treapt\u0103 p\u00e2n\u0103 ce modul de func\u021bionare este \u00een parametrii normali.<\/p>","protected":false},"excerpt":{"rendered":"<p>Batoza de Porumb CTC 1500 tip alimentare: motor electric putere: 1.5 KW tensiune: 220 V capacitate de produc\u021bie: max. 3500<\/p>","protected":false},"featured_media":2069,"template":"","meta":[],"product_cat":[132],"product_tag":[],"class_list":{"0":"post-2068","1":"product","2":"type-product","3":"status-publish","4":"has-post-thumbnail","6":"product_cat-batoze-de-porumb","8":"first","9":"instock","10":"shipping-taxable","11":"purchasable","12":"product-type-simple"},"yoast_head":"<!-- This site is optimized with the Yoast SEO plugin v20.12 - https:\/\/yoast.com\/wordpress\/plugins\/seo\/ -->\n<title>Batoza de Porumb CTC 1500 - Modernteh<\/title>\n<meta name=\"description\" content=\"batoza de porumb S1 sau moara de desfacat porumb este conceput\u0103 pentru a facilita \u0219i accelera procesul de separare a boabelor de porumb\" \/>\n<meta name=\"robots\" content=\"index, follow, max-snippet:-1, max-image-preview:large, max-video-preview:-1\" \/>\n<link rel=\"canonical\" href=\"https:\/\/modernteh.md\/ru\/catalog\/batoza-de-porumb-s1\/\" \/>\n<meta property=\"og:locale\" content=\"ru_RU\" \/>\n<meta property=\"og:type\" content=\"article\" \/>\n<meta property=\"og:title\" content=\"Batoza de Porumb CTC 1500 - Modernteh\" \/>\n<meta property=\"og:description\" content=\"batoza de porumb S1 sau moara de desfacat porumb este conceput\u0103 pentru a facilita \u0219i accelera procesul de separare a boabelor de porumb\" \/>\n<meta property=\"og:url\" content=\"https:\/\/modernteh.md\/ru\/catalog\/batoza-de-porumb-s1\/\" \/>\n<meta property=\"og:site_name\" content=\"Modernteh\" \/>\n<meta property=\"article:publisher\" content=\"https:\/\/www.facebook.com\/profile.php?id=100082695620019\" \/>\n<meta property=\"article:modified_time\" content=\"2024-01-02T12:33:39+00:00\" \/>\n<meta property=\"og:image\" content=\"https:\/\/modernteh.md\/wp-content\/uploads\/2022\/06\/4-27.jpg\" \/>\n\t<meta property=\"og:image:width\" content=\"500\" \/>\n\t<meta property=\"og:image:height\" content=\"500\" \/>\n\t<meta property=\"og:image:type\" content=\"image\/jpeg\" \/>\n<meta name=\"twitter:card\" content=\"summary_large_image\" \/>\n<meta name=\"twitter:label1\" content=\"\u041f\u0440\u0438\u043c\u0435\u0440\u043d\u043e\u0435 \u0432\u0440\u0435\u043c\u044f \u0434\u043b\u044f \u0447\u0442\u0435\u043d\u0438\u044f\" \/>\n\t<meta name=\"twitter:data1\" content=\"1 \u043c\u0438\u043d\u0443\u0442\u0430\" \/>\n<script type=\"application\/ld+json\" class=\"yoast-schema-graph\">{\"@context\":\"https:\/\/schema.org\",\"@graph\":[{\"@type\":\"WebPage\",\"@id\":\"https:\/\/modernteh.md\/catalog\/batoza-de-porumb-s1\/\",\"url\":\"https:\/\/modernteh.md\/catalog\/batoza-de-porumb-s1\/\",\"name\":\"Batoza de Porumb CTC 1500 - Modernteh\",\"isPartOf\":{\"@id\":\"https:\/\/modernteh.md\/#website\"},\"datePublished\":\"2022-06-27T17:10:06+00:00\",\"dateModified\":\"2024-01-02T12:33:39+00:00\",\"description\":\"batoza de porumb S1 sau moara de desfacat porumb este conceput\u0103 pentru a facilita \u0219i accelera procesul de separare a boabelor de porumb\",\"breadcrumb\":{\"@id\":\"https:\/\/modernteh.md\/catalog\/batoza-de-porumb-s1\/#breadcrumb\"},\"inLanguage\":\"ru-RU\",\"potentialAction\":[{\"@type\":\"ReadAction\",\"target\":[\"https:\/\/modernteh.md\/catalog\/batoza-de-porumb-s1\/\"]}]},{\"@type\":\"BreadcrumbList\",\"@id\":\"https:\/\/modernteh.md\/catalog\/batoza-de-porumb-s1\/#breadcrumb\",\"itemListElement\":[{\"@type\":\"ListItem\",\"position\":1,\"name\":\"Prima pagin\u0103\",\"item\":\"https:\/\/modernteh.md\/\"},{\"@type\":\"ListItem\",\"position\":2,\"name\":\"Catalog\",\"item\":\"https:\/\/modernteh.md\/catalog\/\"},{\"@type\":\"ListItem\",\"position\":3,\"name\":\"Batoza de Porumb CTC 1500\"}]},{\"@type\":\"WebSite\",\"@id\":\"https:\/\/modernteh.md\/#website\",\"url\":\"https:\/\/modernteh.md\/\",\"name\":\"Modernteh\",\"description\":\"Modernteh\",\"publisher\":{\"@id\":\"https:\/\/modernteh.md\/#organization\"},\"potentialAction\":[{\"@type\":\"SearchAction\",\"target\":{\"@type\":\"EntryPoint\",\"urlTemplate\":\"https:\/\/modernteh.md\/?s={search_term_string}\"},\"query-input\":\"required name=search_term_string\"}],\"inLanguage\":\"ru-RU\"},{\"@type\":\"Organization\",\"@id\":\"https:\/\/modernteh.md\/#organization\",\"name\":\"Modernteh\",\"url\":\"https:\/\/modernteh.md\/\",\"logo\":{\"@type\":\"ImageObject\",\"inLanguage\":\"ru-RU\",\"@id\":\"https:\/\/modernteh.md\/#\/schema\/logo\/image\/\",\"url\":\"https:\/\/modernteh.md\/wp-content\/uploads\/2022\/06\/Logo_site-2.png\",\"contentUrl\":\"https:\/\/modernteh.md\/wp-content\/uploads\/2022\/06\/Logo_site-2.png\",\"width\":500,\"height\":487,\"caption\":\"Modernteh\"},\"image\":{\"@id\":\"https:\/\/modernteh.md\/#\/schema\/logo\/image\/\"},\"sameAs\":[\"https:\/\/www.facebook.com\/profile.php?id=100082695620019\"]}]}<\/script>\n<!-- \/ Yoast SEO plugin. -->","yoast_head_json":{"title":"Batoza de Porumb CTC 1500 - Modernteh","description":"batoza de porumb S1 sau moara de desfacat porumb este conceput\u0103 pentru a facilita \u0219i accelera procesul de separare a boabelor de porumb","robots":{"index":"index","follow":"follow","max-snippet":"max-snippet:-1","max-image-preview":"max-image-preview:large","max-video-preview":"max-video-preview:-1"},"canonical":"https:\/\/modernteh.md\/ru\/catalog\/batoza-de-porumb-s1\/","og_locale":"ru_RU","og_type":"article","og_title":"Batoza de Porumb CTC 1500 - Modernteh","og_description":"batoza de porumb S1 sau moara de desfacat porumb este conceput\u0103 pentru a facilita \u0219i accelera procesul de separare a boabelor de porumb","og_url":"https:\/\/modernteh.md\/ru\/catalog\/batoza-de-porumb-s1\/","og_site_name":"Modernteh","article_publisher":"https:\/\/www.facebook.com\/profile.php?id=100082695620019","article_modified_time":"2024-01-02T12:33:39+00:00","og_image":[{"width":500,"height":500,"url":"https:\/\/modernteh.md\/wp-content\/uploads\/2022\/06\/4-27.jpg","type":"image\/jpeg"}],"twitter_card":"summary_large_image","twitter_misc":{"\u041f\u0440\u0438\u043c\u0435\u0440\u043d\u043e\u0435 \u0432\u0440\u0435\u043c\u044f \u0434\u043b\u044f \u0447\u0442\u0435\u043d\u0438\u044f":"1 \u043c\u0438\u043d\u0443\u0442\u0430"},"schema":{"@context":"https:\/\/schema.org","@graph":[{"@type":"WebPage","@id":"https:\/\/modernteh.md\/catalog\/batoza-de-porumb-s1\/","url":"https:\/\/modernteh.md\/catalog\/batoza-de-porumb-s1\/","name":"Batoza de Porumb CTC 1500 - Modernteh","isPartOf":{"@id":"https:\/\/modernteh.md\/#website"},"datePublished":"2022-06-27T17:10:06+00:00","dateModified":"2024-01-02T12:33:39+00:00","description":"batoza de porumb S1 sau moara de desfacat porumb este conceput\u0103 pentru a facilita \u0219i accelera procesul de separare a boabelor de porumb","breadcrumb":{"@id":"https:\/\/modernteh.md\/catalog\/batoza-de-porumb-s1\/#breadcrumb"},"inLanguage":"ru-RU","potentialAction":[{"@type":"ReadAction","target":["https:\/\/modernteh.md\/catalog\/batoza-de-porumb-s1\/"]}]},{"@type":"BreadcrumbList","@id":"https:\/\/modernteh.md\/catalog\/batoza-de-porumb-s1\/#breadcrumb","itemListElement":[{"@type":"ListItem","position":1,"name":"Prima pagin\u0103","item":"https:\/\/modernteh.md\/"},{"@type":"ListItem","position":2,"name":"Catalog","item":"https:\/\/modernteh.md\/catalog\/"},{"@type":"ListItem","position":3,"name":"Batoza de Porumb CTC 1500"}]},{"@type":"WebSite","@id":"https:\/\/modernteh.md\/#website","url":"https:\/\/modernteh.md\/","name":"Modernteh","description":"Modernteh","publisher":{"@id":"https:\/\/modernteh.md\/#organization"},"potentialAction":[{"@type":"SearchAction","target":{"@type":"EntryPoint","urlTemplate":"https:\/\/modernteh.md\/?s={search_term_string}"},"query-input":"required name=search_term_string"}],"inLanguage":"ru-RU"},{"@type":"Organization","@id":"https:\/\/modernteh.md\/#organization","name":"Modernteh","url":"https:\/\/modernteh.md\/","logo":{"@type":"ImageObject","inLanguage":"ru-RU","@id":"https:\/\/modernteh.md\/#\/schema\/logo\/image\/","url":"https:\/\/modernteh.md\/wp-content\/uploads\/2022\/06\/Logo_site-2.png","contentUrl":"https:\/\/modernteh.md\/wp-content\/uploads\/2022\/06\/Logo_site-2.png","width":500,"height":487,"caption":"Modernteh"},"image":{"@id":"https:\/\/modernteh.md\/#\/schema\/logo\/image\/"},"sameAs":["https:\/\/www.facebook.com\/profile.php?id=100082695620019"]}]}},"_links":{"self":[{"href":"https:\/\/modernteh.md\/ru\/wp-json\/wp\/v2\/product\/2068","targetHints":{"allow":["GET"]}}],"collection":[{"href":"https:\/\/modernteh.md\/ru\/wp-json\/wp\/v2\/product"}],"about":[{"href":"https:\/\/modernteh.md\/ru\/wp-json\/wp\/v2\/types\/product"}],"wp:featuredmedia":[{"embeddable":true,"href":"https:\/\/modernteh.md\/ru\/wp-json\/wp\/v2\/media\/2069"}],"wp:attachment":[{"href":"https:\/\/modernteh.md\/ru\/wp-json\/wp\/v2\/media?parent=2068"}],"wp:term":[{"taxonomy":"product_cat","embeddable":true,"href":"https:\/\/modernteh.md\/ru\/wp-json\/wp\/v2\/product_cat?post=2068"},{"taxonomy":"product_tag","embeddable":true,"href":"https:\/\/modernteh.md\/ru\/wp-json\/wp\/v2\/product_tag?post=2068"}],"curies":[{"name":"wp","href":"https:\/\/api.w.org\/{rel}","templated":true}]}}