{"id":2082,"date":"2022-06-27T17:14:30","date_gmt":"2022-06-27T17:14:30","guid":{"rendered":"https:\/\/modernteh.md\/?post_type=product&#038;p=2082"},"modified":"2025-10-03T09:43:31","modified_gmt":"2025-10-03T09:43:31","slug":"batoza-de-porumb-ms-700","status":"publish","type":"product","link":"https:\/\/modernteh.md\/ru\/catalog\/batoza-de-porumb-ms-700\/","title":{"rendered":"Batoza de Porumb 700 CA"},"content":{"rendered":"<p><b><strong>Batoza de Porumb 700 sau <\/strong><\/b>Moara de Desfacat Porumb este conceput\u0103 pentru a facilita \u0219i accelera procesul de separare a boabelor de porumb;<\/p>\n<p style=\"font-weight: 400;\">- \u044d\u0442\u043e \u043d\u0435\u043e\u0431\u0445\u043e\u0434\u0438\u043c\u044b\u0439 \u0438 \u0436\u0435\u043b\u0430\u043d\u043d\u044b\u0439 \u0438\u043d\u0441\u0442\u0440\u0443\u043c\u0435\u043d\u0442 \u0432 \u043a\u0430\u0436\u0434\u043e\u043c \u0434\u043e\u043c\u0435, \u043e\u0441\u043e\u0431\u0435\u043d\u043d\u043e \u0432 \u043f\u0442\u0438\u0446\u0435\u0432\u043e\u0434\u0447\u0435\u0441\u043a\u0438\u0445 \u0438 \u0436\u0438\u0432\u043e\u0442\u043d\u043e\u0432\u043e\u0434\u0447\u0435\u0441\u043a\u0438\u0445 \u0445\u043e\u0437\u044f\u0439\u0441\u0442\u0432\u0430\u0445;<\/p>\n<p style=\"font-weight: 400;\">- \u043c\u043e\u043b\u043e\u0442\u0438\u043b\u043a\u0430 \u0434\u043b\u044f \u043a\u0443\u043a\u0443\u0440\u0443\u0437\u044b \u0438\u0437\u0433\u043e\u0442\u043e\u0432\u043b\u0435\u043d\u0430 \u200b\u200b\u0438\u0437 \u0436\u0435\u043b\u0435\u0437\u0430, \u0447\u0442\u043e \u043e\u0431\u0435\u0441\u043f\u0435\u0447\u0438\u0432\u0430\u0435\u0442 \u0432\u044b\u0441\u043e\u043a\u0443\u044e \u0443\u0441\u0442\u043e\u0439\u0447\u0438\u0432\u043e\u0441\u0442\u044c \u043a\u043e \u0432\u0441\u0435\u043c \u043a\u043e\u043c\u043f\u043e\u043d\u0435\u043d\u0442\u0430\u043c, \u0430 \u0442\u0430\u043a\u0436\u0435 \u0445\u043e\u0440\u043e\u0448\u0443\u044e \u0441\u0442\u0430\u0431\u0438\u043b\u044c\u043d\u043e\u0441\u0442\u044c;<\/p>\n<p style=\"font-weight: 400;\">-batoza de porumb este construit\u0103 \u00een baza urm\u0103toarelor principii: calitate \u00eenalt\u0103, econom\u0103 \u00een ceea ce prive\u0219te consumul de curent \u0219i foarte u\u0219or de manevrat.<\/p>\n<h2 style=\"font-weight: 600;\"><b><strong>SPECIFICA\u021aII TEHNICE &#8211; Moara de desfacat porumb<\/strong><\/b><\/h2>\n<p style=\"font-weight: 400;\"><span style=\"font-weight: 400;\">\u00a0 \u00a0\u00a0<\/span><\/p>\n<div class=\"table-row\">\n<div class=\"table-box\">\n<div class=\"table-title\">\n<div class=\"tag-h3\">Model: DM-700CA<\/div>\n<\/div>\n<\/div>\n<\/div>\n<div class=\"table-row\">\n<div class=\"table-box\">\n<div class=\"table-title\">\n<div class=\"tag-h3\">Motor inclus: Da<\/div>\n<\/div>\n<\/div>\n<div class=\"table-box\">\n<div class=\"table-title\">\n<div class=\"tag-h3\">Productivitate maxim\u0103: 1500-3000 kg\/ora<\/div>\n<\/div>\n<\/div>\n<\/div>\n<div class=\"table-row\">\n<div class=\"table-box\">\n<div class=\"table-title\">\n<div class=\"tag-h3\">Putere: 3.5 kW<\/div>\n<\/div>\n<\/div>\n<div class=\"table-box\">\n<div class=\"table-title\">\n<div class=\"tag-h3\">Alimentare: 220 V ~ 50 Hz<\/div>\n<\/div>\n<\/div>\n<\/div>\n<div class=\"table-row\">\n<div class=\"table-box\">\n<div class=\"table-title\">\n<div class=\"tag-h3\">Greutate: 39 kg<\/div>\n<\/div>\n<\/div>\n<div class=\"table-box\">\n<div class=\"table-title\">\n<div class=\"tag-h3\">Dimensiuni: 103x36x65 cm<\/div>\n<\/div>\n<\/div>\n<\/div>\n<p style=\"font-weight: 400;\">Batoza de porumb Demetra DM-700CA este o solu\u021bie eficient\u0103 \u0219i de \u00eencredere pentru agricultorii care doresc s\u0103 optimizeze procesul de recoltare a porumbului. Fabricat\u0103 de renumitul produc\u0103tor Demetra, acest model este echipat cu un motor puternic de 3,5 kW, care \u00eei confer\u0103 o productivitate maxim\u0103 cuprins\u0103 \u00eentre 1500 \u0219i 3000 kg pe or\u0103. Batoza are dimensiuni de 103x36x65 cm \u0219i c\u00e2nt\u0103re\u0219te 39 kg, f\u0103c\u00e2nd-o u\u0219or de manevrat \u0219i transportat. Alimentarea se face la o tensiune standard de 220 V ~ 50 Hz, ceea ce permite utilizarea sa \u00een diverse condi\u021bii de lucru. Avantaje: Printre avantajele majore ale batozei Demetra DM-700CA se num\u0103r\u0103 eficien\u021ba ridicat\u0103 \u0219i sesizarea rapid\u0103 a porumbului, ceea ce reduce considerabil timpul necesar pentru recoltare. De asemenea, motorul inclus asigur\u0103 o func\u021bionare constant\u0103 \u0219i fiabil\u0103, reduc\u00e2nd riscul de defec\u021biuni. Designul compact \u0219i greutatea optim\u0103 permit utilizarea u\u0219oar\u0103, chiar \u0219i \u00een terenuri mai dificile.<\/p>\n<p style=\"font-weight: 400;\">","protected":false},"excerpt":{"rendered":"<p>Batoza de Porumb 700 sau Moara de Desfacat Porumb este conceput\u0103 pentru a facilita \u0219i accelera procesul de separare a<\/p>","protected":false},"featured_media":2083,"template":"","meta":[],"product_cat":[132],"product_tag":[],"class_list":{"0":"post-2082","1":"product","2":"type-product","3":"status-publish","4":"has-post-thumbnail","6":"product_cat-batoze-de-porumb","8":"first","9":"instock","10":"sale","11":"shipping-taxable","12":"purchasable","13":"product-type-simple"},"yoast_head":"<!-- This site is optimized with the Yoast SEO plugin v20.12 - https:\/\/yoast.com\/wordpress\/plugins\/seo\/ -->\n<title>Batoza de Porumb 700 CA - Modernteh<\/title>\n<meta name=\"description\" content=\"batoza de porumb MS-700 este conceput\u0103 pentru a facilita \u0219i accelera procesul de separare a boabelor de porumb(desfacat porumb)\" \/>\n<meta name=\"robots\" content=\"index, follow, max-snippet:-1, max-image-preview:large, max-video-preview:-1\" \/>\n<link rel=\"canonical\" href=\"https:\/\/modernteh.md\/ru\/catalog\/batoza-de-porumb-ms-700\/\" \/>\n<meta property=\"og:locale\" content=\"ru_RU\" \/>\n<meta property=\"og:type\" content=\"article\" \/>\n<meta property=\"og:title\" content=\"Batoza de Porumb 700 CA - Modernteh\" \/>\n<meta property=\"og:description\" content=\"batoza de porumb MS-700 este conceput\u0103 pentru a facilita \u0219i accelera procesul de separare a boabelor de porumb(desfacat porumb)\" \/>\n<meta property=\"og:url\" content=\"https:\/\/modernteh.md\/ru\/catalog\/batoza-de-porumb-ms-700\/\" \/>\n<meta property=\"og:site_name\" content=\"Modernteh\" \/>\n<meta property=\"article:publisher\" content=\"https:\/\/www.facebook.com\/profile.php?id=100082695620019\" \/>\n<meta property=\"article:modified_time\" content=\"2025-10-03T09:43:31+00:00\" \/>\n<meta property=\"og:image\" content=\"https:\/\/modernteh.md\/wp-content\/uploads\/2022\/06\/7-22.jpg\" \/>\n\t<meta property=\"og:image:width\" content=\"500\" \/>\n\t<meta property=\"og:image:height\" content=\"500\" \/>\n\t<meta property=\"og:image:type\" content=\"image\/jpeg\" \/>\n<meta name=\"twitter:card\" content=\"summary_large_image\" \/>\n<meta name=\"twitter:label1\" content=\"\u041f\u0440\u0438\u043c\u0435\u0440\u043d\u043e\u0435 \u0432\u0440\u0435\u043c\u044f \u0434\u043b\u044f \u0447\u0442\u0435\u043d\u0438\u044f\" \/>\n\t<meta name=\"twitter:data1\" content=\"2 \u043c\u0438\u043d\u0443\u0442\u044b\" \/>\n<script type=\"application\/ld+json\" class=\"yoast-schema-graph\">{\"@context\":\"https:\/\/schema.org\",\"@graph\":[{\"@type\":\"WebPage\",\"@id\":\"https:\/\/modernteh.md\/catalog\/batoza-de-porumb-ms-700\/\",\"url\":\"https:\/\/modernteh.md\/catalog\/batoza-de-porumb-ms-700\/\",\"name\":\"Batoza de Porumb 700 CA - Modernteh\",\"isPartOf\":{\"@id\":\"https:\/\/modernteh.md\/#website\"},\"datePublished\":\"2022-06-27T17:14:30+00:00\",\"dateModified\":\"2025-10-03T09:43:31+00:00\",\"description\":\"batoza de porumb MS-700 este conceput\u0103 pentru a facilita \u0219i accelera procesul de separare a boabelor de porumb(desfacat porumb)\",\"breadcrumb\":{\"@id\":\"https:\/\/modernteh.md\/catalog\/batoza-de-porumb-ms-700\/#breadcrumb\"},\"inLanguage\":\"ru-RU\",\"potentialAction\":[{\"@type\":\"ReadAction\",\"target\":[\"https:\/\/modernteh.md\/catalog\/batoza-de-porumb-ms-700\/\"]}]},{\"@type\":\"BreadcrumbList\",\"@id\":\"https:\/\/modernteh.md\/catalog\/batoza-de-porumb-ms-700\/#breadcrumb\",\"itemListElement\":[{\"@type\":\"ListItem\",\"position\":1,\"name\":\"Prima pagin\u0103\",\"item\":\"https:\/\/modernteh.md\/\"},{\"@type\":\"ListItem\",\"position\":2,\"name\":\"Catalog\",\"item\":\"https:\/\/modernteh.md\/catalog\/\"},{\"@type\":\"ListItem\",\"position\":3,\"name\":\"Batoza de Porumb 700 CA\"}]},{\"@type\":\"WebSite\",\"@id\":\"https:\/\/modernteh.md\/#website\",\"url\":\"https:\/\/modernteh.md\/\",\"name\":\"Modernteh\",\"description\":\"Modernteh\",\"publisher\":{\"@id\":\"https:\/\/modernteh.md\/#organization\"},\"potentialAction\":[{\"@type\":\"SearchAction\",\"target\":{\"@type\":\"EntryPoint\",\"urlTemplate\":\"https:\/\/modernteh.md\/?s={search_term_string}\"},\"query-input\":\"required name=search_term_string\"}],\"inLanguage\":\"ru-RU\"},{\"@type\":\"Organization\",\"@id\":\"https:\/\/modernteh.md\/#organization\",\"name\":\"Modernteh\",\"url\":\"https:\/\/modernteh.md\/\",\"logo\":{\"@type\":\"ImageObject\",\"inLanguage\":\"ru-RU\",\"@id\":\"https:\/\/modernteh.md\/#\/schema\/logo\/image\/\",\"url\":\"https:\/\/modernteh.md\/wp-content\/uploads\/2022\/06\/Logo_site-2.png\",\"contentUrl\":\"https:\/\/modernteh.md\/wp-content\/uploads\/2022\/06\/Logo_site-2.png\",\"width\":500,\"height\":487,\"caption\":\"Modernteh\"},\"image\":{\"@id\":\"https:\/\/modernteh.md\/#\/schema\/logo\/image\/\"},\"sameAs\":[\"https:\/\/www.facebook.com\/profile.php?id=100082695620019\"]}]}<\/script>\n<!-- \/ Yoast SEO plugin. -->","yoast_head_json":{"title":"Batoza de Porumb 700 CA - Modernteh","description":"batoza de porumb MS-700 este conceput\u0103 pentru a facilita \u0219i accelera procesul de separare a boabelor de porumb(desfacat porumb)","robots":{"index":"index","follow":"follow","max-snippet":"max-snippet:-1","max-image-preview":"max-image-preview:large","max-video-preview":"max-video-preview:-1"},"canonical":"https:\/\/modernteh.md\/ru\/catalog\/batoza-de-porumb-ms-700\/","og_locale":"ru_RU","og_type":"article","og_title":"Batoza de Porumb 700 CA - Modernteh","og_description":"batoza de porumb MS-700 este conceput\u0103 pentru a facilita \u0219i accelera procesul de separare a boabelor de porumb(desfacat porumb)","og_url":"https:\/\/modernteh.md\/ru\/catalog\/batoza-de-porumb-ms-700\/","og_site_name":"Modernteh","article_publisher":"https:\/\/www.facebook.com\/profile.php?id=100082695620019","article_modified_time":"2025-10-03T09:43:31+00:00","og_image":[{"width":500,"height":500,"url":"https:\/\/modernteh.md\/wp-content\/uploads\/2022\/06\/7-22.jpg","type":"image\/jpeg"}],"twitter_card":"summary_large_image","twitter_misc":{"\u041f\u0440\u0438\u043c\u0435\u0440\u043d\u043e\u0435 \u0432\u0440\u0435\u043c\u044f \u0434\u043b\u044f \u0447\u0442\u0435\u043d\u0438\u044f":"2 \u043c\u0438\u043d\u0443\u0442\u044b"},"schema":{"@context":"https:\/\/schema.org","@graph":[{"@type":"WebPage","@id":"https:\/\/modernteh.md\/catalog\/batoza-de-porumb-ms-700\/","url":"https:\/\/modernteh.md\/catalog\/batoza-de-porumb-ms-700\/","name":"Batoza de Porumb 700 CA - Modernteh","isPartOf":{"@id":"https:\/\/modernteh.md\/#website"},"datePublished":"2022-06-27T17:14:30+00:00","dateModified":"2025-10-03T09:43:31+00:00","description":"batoza de porumb MS-700 este conceput\u0103 pentru a facilita \u0219i accelera procesul de separare a boabelor de porumb(desfacat porumb)","breadcrumb":{"@id":"https:\/\/modernteh.md\/catalog\/batoza-de-porumb-ms-700\/#breadcrumb"},"inLanguage":"ru-RU","potentialAction":[{"@type":"ReadAction","target":["https:\/\/modernteh.md\/catalog\/batoza-de-porumb-ms-700\/"]}]},{"@type":"BreadcrumbList","@id":"https:\/\/modernteh.md\/catalog\/batoza-de-porumb-ms-700\/#breadcrumb","itemListElement":[{"@type":"ListItem","position":1,"name":"Prima pagin\u0103","item":"https:\/\/modernteh.md\/"},{"@type":"ListItem","position":2,"name":"Catalog","item":"https:\/\/modernteh.md\/catalog\/"},{"@type":"ListItem","position":3,"name":"Batoza de Porumb 700 CA"}]},{"@type":"WebSite","@id":"https:\/\/modernteh.md\/#website","url":"https:\/\/modernteh.md\/","name":"Modernteh","description":"Modernteh","publisher":{"@id":"https:\/\/modernteh.md\/#organization"},"potentialAction":[{"@type":"SearchAction","target":{"@type":"EntryPoint","urlTemplate":"https:\/\/modernteh.md\/?s={search_term_string}"},"query-input":"required name=search_term_string"}],"inLanguage":"ru-RU"},{"@type":"Organization","@id":"https:\/\/modernteh.md\/#organization","name":"Modernteh","url":"https:\/\/modernteh.md\/","logo":{"@type":"ImageObject","inLanguage":"ru-RU","@id":"https:\/\/modernteh.md\/#\/schema\/logo\/image\/","url":"https:\/\/modernteh.md\/wp-content\/uploads\/2022\/06\/Logo_site-2.png","contentUrl":"https:\/\/modernteh.md\/wp-content\/uploads\/2022\/06\/Logo_site-2.png","width":500,"height":487,"caption":"Modernteh"},"image":{"@id":"https:\/\/modernteh.md\/#\/schema\/logo\/image\/"},"sameAs":["https:\/\/www.facebook.com\/profile.php?id=100082695620019"]}]}},"_links":{"self":[{"href":"https:\/\/modernteh.md\/ru\/wp-json\/wp\/v2\/product\/2082","targetHints":{"allow":["GET"]}}],"collection":[{"href":"https:\/\/modernteh.md\/ru\/wp-json\/wp\/v2\/product"}],"about":[{"href":"https:\/\/modernteh.md\/ru\/wp-json\/wp\/v2\/types\/product"}],"wp:featuredmedia":[{"embeddable":true,"href":"https:\/\/modernteh.md\/ru\/wp-json\/wp\/v2\/media\/2083"}],"wp:attachment":[{"href":"https:\/\/modernteh.md\/ru\/wp-json\/wp\/v2\/media?parent=2082"}],"wp:term":[{"taxonomy":"product_cat","embeddable":true,"href":"https:\/\/modernteh.md\/ru\/wp-json\/wp\/v2\/product_cat?post=2082"},{"taxonomy":"product_tag","embeddable":true,"href":"https:\/\/modernteh.md\/ru\/wp-json\/wp\/v2\/product_tag?post=2082"}],"curies":[{"name":"wp","href":"https:\/\/api.w.org\/{rel}","templated":true}]}}