{"id":2086,"date":"2022-06-27T17:16:01","date_gmt":"2022-06-27T17:16:01","guid":{"rendered":"https:\/\/modernteh.md\/?post_type=product&#038;p=2086"},"modified":"2025-10-28T08:10:40","modified_gmt":"2025-10-28T08:10:40","slug":"batoza-ms-900","status":"publish","type":"product","link":"https:\/\/modernteh.md\/ru\/catalog\/batoza-ms-900\/","title":{"rendered":"Batoza de porumb DE 900"},"content":{"rendered":"<h1 style=\"font-weight: 600;\"><b><strong>DESCRIERE PRODUS BATOZA :<\/strong><\/b><\/h1>\n<p style=\"font-weight: 400;\"><span style=\"font-weight: 400;\">-m<\/span>\u043c\u043e\u043b\u043e\u0442\u0438\u043b\u043a\u0430 \u0434\u043b\u044f \u043a\u0443\u043a\u0443\u0440\u0443\u0437\u044b \u0441\u043e\u0441\u0442\u043e\u0438\u0442 \u0438\u0437 \u0433\u043b\u0430\u0432\u043d\u043e\u0439 \u043e\u0441\u0438, \u0432\u043e\u043a\u0440\u0443\u0433 \u043a\u043e\u0442\u043e\u0440\u043e\u0439 \u0437\u0430\u043a\u0440\u0435\u043f\u043b\u0435\u043d\u044b 4 \u0434\u0440\u0443\u0433\u0438\u0435 \u043e\u0441\u0438, \u043d\u0435\u0441\u0443\u0449\u0438\u0435 \u043c\u043e\u043b\u043e\u0442\u043a\u0438 (\u043a\u043d\u0443\u0442\u044b);<\/p>\n<p style=\"font-weight: 400;\"><span style=\"font-weight: 400;\">-b<\/span>\u043c\u043e\u043b\u043e\u0442\u0438\u043b\u043a\u0430 \u0434\u043b\u044f \u043a\u0443\u043a\u0443\u0440\u0443\u0437\u044b \u0442\u0430\u043a\u0436\u0435 \u043e\u0441\u043d\u0430\u0449\u0435\u043d\u0430 \u0432\u0435\u043d\u0442\u0438\u043b\u044f\u0442\u043e\u0440\u043e\u043c, \u0432\u0441\u0430\u0441\u044b\u0432\u0430\u044e\u0449\u0438\u043c \u043c\u044f\u043a\u0438\u043d\u0443 \u0438 \u043f\u044b\u043b\u044c, \u043f\u043e\u044f\u0432\u043b\u044f\u044e\u0449\u0438\u0435\u0441\u044f \u0432 \u043f\u0440\u043e\u0446\u0435\u0441\u0441\u0435 \u043e\u0447\u0438\u0441\u0442\u043a\u0438 \u043a\u0443\u043a\u0443\u0440\u0443\u0437\u044b;<\/p>\n<p style=\"font-weight: 400;\"><span style=\"font-weight: 400;\">-m<\/span>\u043a\u0443\u043a\u0443\u0440\u0443\u0437\u043e\u043e\u0447\u0438\u0441\u0442\u0438\u0442\u0435\u043b\u044c\u043d\u0430\u044f \u043c\u0430\u0448\u0438\u043d\u0430 \u043f\u0440\u0438\u0432\u043e\u0434\u0438\u0442\u0441\u044f \u0432 \u0434\u0432\u0438\u0436\u0435\u043d\u0438\u0435 \u043c\u043e\u0449\u043d\u044b\u043c \u043e\u0434\u043d\u043e\u0444\u0430\u0437\u043d\u044b\u043c \u044d\u043b\u0435\u043a\u0442\u0440\u043e\u0434\u0432\u0438\u0433\u0430\u0442\u0435\u043b\u0435\u043c \u043c\u043e\u0449\u043d\u043e\u0441\u0442\u044c\u044e 2,2 \u043a\u0412\u0442;<\/p>\n<p style=\"font-weight: 400;\">-\u043a\u0443\u043a\u0443\u0440\u0443\u0437\u043d\u044b\u0439 \u0441\u043e\u0448\u043d\u0438\u043a \u043f\u0440\u0435\u0434\u043d\u0430\u0437\u043d\u0430\u0447\u0435\u043d \u0434\u043b\u044f \u043e\u0431\u043b\u0435\u0433\u0447\u0435\u043d\u0438\u044f \u0438 \u0443\u0441\u043a\u043e\u0440\u0435\u043d\u0438\u044f \u043f\u0440\u043e\u0446\u0435\u0441\u0441\u0430 \u043e\u0442\u0434\u0435\u043b\u0435\u043d\u0438\u044f \u0437\u0435\u0440\u0435\u043d \u043a\u0443\u043a\u0443\u0440\u0443\u0437\u044b;<\/p>\n<p style=\"font-weight: 400;\">- \u044d\u0442\u043e \u043d\u0435\u043e\u0431\u0445\u043e\u0434\u0438\u043c\u044b\u0439 \u0438 \u0436\u0435\u043b\u0430\u043d\u043d\u044b\u0439 \u0438\u043d\u0441\u0442\u0440\u0443\u043c\u0435\u043d\u0442 \u0432 \u043a\u0430\u0436\u0434\u043e\u043c \u0434\u043e\u043c\u0435, \u043e\u0441\u043e\u0431\u0435\u043d\u043d\u043e \u0432 \u043f\u0442\u0438\u0446\u0435\u0432\u043e\u0434\u0447\u0435\u0441\u043a\u0438\u0445 \u0438 \u0436\u0438\u0432\u043e\u0442\u043d\u043e\u0432\u043e\u0434\u0447\u0435\u0441\u043a\u0438\u0445 \u0445\u043e\u0437\u044f\u0439\u0441\u0442\u0432\u0430\u0445;<\/p>\n<p style=\"font-weight: 400;\">- \u043c\u043e\u043b\u043e\u0442\u0438\u043b\u043a\u0430 \u0434\u043b\u044f \u043a\u0443\u043a\u0443\u0440\u0443\u0437\u044b \u0438\u0437\u0433\u043e\u0442\u043e\u0432\u043b\u0435\u043d\u0430 \u200b\u200b\u0438\u0437 \u0436\u0435\u043b\u0435\u0437\u0430, \u0447\u0442\u043e \u043e\u0431\u0435\u0441\u043f\u0435\u0447\u0438\u0432\u0430\u0435\u0442 \u0432\u044b\u0441\u043e\u043a\u0443\u044e \u0443\u0441\u0442\u043e\u0439\u0447\u0438\u0432\u043e\u0441\u0442\u044c \u043a\u043e \u0432\u0441\u0435\u043c \u043a\u043e\u043c\u043f\u043e\u043d\u0435\u043d\u0442\u0430\u043c, \u0430 \u0442\u0430\u043a\u0436\u0435 \u0445\u043e\u0440\u043e\u0448\u0443\u044e \u0441\u0442\u0430\u0431\u0438\u043b\u044c\u043d\u043e\u0441\u0442\u044c;<\/p>\n<p style=\"font-weight: 400;\">- \u043a\u0443\u043a\u0443\u0440\u0443\u0437\u043e\u0443\u0431\u043e\u0440\u043e\u0447\u043d\u0430\u044f \u043c\u0430\u0448\u0438\u043d\u0430 \u043f\u043e\u0441\u0442\u0440\u043e\u0435\u043d\u0430 \u043f\u043e \u0441\u043b\u0435\u0434\u0443\u044e\u0449\u0438\u043c \u043f\u0440\u0438\u043d\u0446\u0438\u043f\u0430\u043c: \u043a\u0430\u0447\u0435\u0441\u0442\u0432\u0435\u043d\u043d\u0430\u044f, \u044d\u043a\u043e\u043d\u043e\u043c\u0438\u0447\u043d\u0430\u044f \u043f\u043e \u044d\u043d\u0435\u0440\u0433\u043e\u043f\u043e\u0442\u0440\u0435\u0431\u043b\u0435\u043d\u0438\u044e \u0438 \u043e\u0447\u0435\u043d\u044c \u043f\u0440\u043e\u0441\u0442\u0430\u044f \u0432 \u043e\u0431\u0440\u0430\u0449\u0435\u043d\u0438\u0438.<\/p>\n<h2 style=\"font-weight: 600;\"><b><strong>\u0422\u0415\u0425\u041d\u0418\u0427\u0415\u0421\u041a\u0418\u0415 \u0425\u0410\u0420\u0410\u041a\u0422\u0415\u0420\u0418\u0421\u0422\u0418\u041a\u0418:<\/strong><\/b><\/h2>\n<p style=\"font-weight: 400;\"><span style=\"font-weight: 400;\">\u00a0 \u00a0 \u00a0 \u00a0- \u043c\u043e\u0449\u043d\u043e\u0441\u0442\u044c \u0434\u0432\u0438\u0433\u0430\u0442\u0435\u043b\u044f: 2,2 \u043a\u0412\u0442<\/span><br \/>\n<span style=\"font-weight: 400;\">\u00a0\u00a0\u00a0\u00a0\u00a0\u00a0 - \u043d\u0430\u043f\u0440\u044f\u0436\u0435\u043d\u0438\u0435: 220 \u0412<\/span><br \/>\n<span style=\"font-weight: 400;\">\u00a0\u00a0\u00a0\u00a0\u00a0\u00a0 - \u043c\u0430\u043a\u0441\u0438\u043c\u0430\u043b\u044c\u043d\u0430\u044f \u043f\u0440\u043e\u0438\u0437\u0432\u043e\u0434\u0438\u0442\u0435\u043b\u044c\u043d\u043e\u0441\u0442\u044c: 5000 \u043a\u0433\/\u0447<\/span><br \/>\n<span style=\"font-weight: 400;\">\u00a0\u00a0\u00a0\u00a0\u00a0\u00a0 - \u0432\u0435\u0441: 65 \u043a\u0433<\/span><br \/>\n<span style=\"font-weight: 400;\">\u00a0 \u00a0 \u00a0 \u00a0-\u043e\u0441\u0438: 1<\/span><\/p>\n<h3 style=\"font-weight: 600;\"><b><strong>BENEFICII\u00a0 PENTRU CLIEN\u021aI:<\/strong><\/b><\/h3>\n<p style=\"font-weight: 400;\">- \u043f\u0440\u0435\u0432\u043e\u0441\u0445\u043e\u0434\u043d\u043e\u0435 \u043a\u0430\u0447\u0435\u0441\u0442\u0432\u043e \u043f\u043e \u0446\u0435\u043d\u0435 \u043f\u0440\u043e\u0438\u0437\u0432\u043e\u0434\u0438\u0442\u0435\u043b\u044f<br \/>\n-\u043f\u043e\u043a\u0443\u043f\u043a\u0430 \u0442\u0430\u043a\u0436\u0435 \u0440\u0430\u0432\u043d\u044b\u043c\u0438 \u0447\u0430\u0441\u0442\u044f\u043c\u0438 \u043f\u043e\u0434 0% \u0433\u043e\u0434\u043e\u0432\u044b\u0445;<br \/>\n- \u0434\u043e\u0441\u0442\u0430\u0432\u043a\u0430 \u0431\u0435\u0441\u043f\u043b\u0430\u0442\u043d\u0430\u044f \u043f\u043e \u0432\u0441\u0435\u0439 \u0441\u0442\u0440\u0430\u043d\u0435;<br \/>\n- \u043f\u0440\u0435\u0434\u043e\u0441\u0442\u0430\u0432\u043b\u044f\u0435\u0442\u0441\u044f 12-\u043c\u0435\u0441\u044f\u0447\u043d\u0430\u044f \u0433\u0430\u0440\u0430\u043d\u0442\u0438\u044f \u0438 \u0431\u0435\u0441\u043f\u043b\u0430\u0442\u043d\u043e\u0435 \u043e\u0431\u0441\u043b\u0443\u0436\u0438\u0432\u0430\u043d\u0438\u0435.<\/p>","protected":false},"excerpt":{"rendered":"<p>DESCRIERE PRODUS BATOZA : -ma\u0219ina de b\u0103tut porumb este format\u0103 dintr-un ax principal, \u00een jurul c\u0103ruia sunt fixate alte 4<\/p>","protected":false},"featured_media":2087,"template":"","meta":[],"product_cat":[132],"product_tag":[],"class_list":{"0":"post-2086","1":"product","2":"type-product","3":"status-publish","4":"has-post-thumbnail","6":"product_cat-batoze-de-porumb","8":"first","9":"instock","10":"sale","11":"shipping-taxable","12":"purchasable","13":"product-type-simple"},"yoast_head":"<!-- This site is optimized with the Yoast SEO plugin v20.12 - https:\/\/yoast.com\/wordpress\/plugins\/seo\/ -->\n<title>Batoza de porumb DE 900 - Modernteh<\/title>\n<meta name=\"description\" content=\"Batoza de porumb cu capacitate inalta de producere 5000kg\/ora, are ventilator care absoarbe pleava \u0219i praful ce apar \u00een procesul cur\u0103\u021b\u0103rii porumbului.\" \/>\n<meta name=\"robots\" content=\"index, follow, max-snippet:-1, max-image-preview:large, max-video-preview:-1\" \/>\n<link rel=\"canonical\" href=\"https:\/\/modernteh.md\/ru\/catalog\/batoza-ms-900\/\" \/>\n<meta property=\"og:locale\" content=\"ru_RU\" \/>\n<meta property=\"og:type\" content=\"article\" \/>\n<meta property=\"og:title\" content=\"Batoza de porumb DE 900 - Modernteh\" \/>\n<meta property=\"og:description\" content=\"Batoza de porumb cu capacitate inalta de producere 5000kg\/ora, are ventilator care absoarbe pleava \u0219i praful ce apar \u00een procesul cur\u0103\u021b\u0103rii porumbului.\" \/>\n<meta property=\"og:url\" content=\"https:\/\/modernteh.md\/ru\/catalog\/batoza-ms-900\/\" \/>\n<meta property=\"og:site_name\" content=\"Modernteh\" \/>\n<meta property=\"article:publisher\" content=\"https:\/\/www.facebook.com\/profile.php?id=100082695620019\" \/>\n<meta property=\"article:modified_time\" content=\"2025-10-28T08:10:40+00:00\" \/>\n<meta property=\"og:image\" content=\"https:\/\/modernteh.md\/wp-content\/uploads\/2022\/06\/8-17.jpg\" \/>\n\t<meta property=\"og:image:width\" content=\"500\" \/>\n\t<meta property=\"og:image:height\" content=\"500\" \/>\n\t<meta property=\"og:image:type\" content=\"image\/jpeg\" \/>\n<meta name=\"twitter:card\" content=\"summary_large_image\" \/>\n<meta name=\"twitter:label1\" content=\"\u041f\u0440\u0438\u043c\u0435\u0440\u043d\u043e\u0435 \u0432\u0440\u0435\u043c\u044f \u0434\u043b\u044f \u0447\u0442\u0435\u043d\u0438\u044f\" \/>\n\t<meta name=\"twitter:data1\" content=\"2 \u043c\u0438\u043d\u0443\u0442\u044b\" \/>\n<script type=\"application\/ld+json\" class=\"yoast-schema-graph\">{\"@context\":\"https:\/\/schema.org\",\"@graph\":[{\"@type\":\"WebPage\",\"@id\":\"https:\/\/modernteh.md\/catalog\/batoza-ms-900\/\",\"url\":\"https:\/\/modernteh.md\/catalog\/batoza-ms-900\/\",\"name\":\"Batoza de porumb DE 900 - Modernteh\",\"isPartOf\":{\"@id\":\"https:\/\/modernteh.md\/#website\"},\"datePublished\":\"2022-06-27T17:16:01+00:00\",\"dateModified\":\"2025-10-28T08:10:40+00:00\",\"description\":\"Batoza de porumb cu capacitate inalta de producere 5000kg\/ora, are ventilator care absoarbe pleava \u0219i praful ce apar \u00een procesul cur\u0103\u021b\u0103rii porumbului.\",\"breadcrumb\":{\"@id\":\"https:\/\/modernteh.md\/catalog\/batoza-ms-900\/#breadcrumb\"},\"inLanguage\":\"ru-RU\",\"potentialAction\":[{\"@type\":\"ReadAction\",\"target\":[\"https:\/\/modernteh.md\/catalog\/batoza-ms-900\/\"]}]},{\"@type\":\"BreadcrumbList\",\"@id\":\"https:\/\/modernteh.md\/catalog\/batoza-ms-900\/#breadcrumb\",\"itemListElement\":[{\"@type\":\"ListItem\",\"position\":1,\"name\":\"Prima pagin\u0103\",\"item\":\"https:\/\/modernteh.md\/\"},{\"@type\":\"ListItem\",\"position\":2,\"name\":\"Catalog\",\"item\":\"https:\/\/modernteh.md\/catalog\/\"},{\"@type\":\"ListItem\",\"position\":3,\"name\":\"Batoza de porumb DE 900\"}]},{\"@type\":\"WebSite\",\"@id\":\"https:\/\/modernteh.md\/#website\",\"url\":\"https:\/\/modernteh.md\/\",\"name\":\"Modernteh\",\"description\":\"Modernteh\",\"publisher\":{\"@id\":\"https:\/\/modernteh.md\/#organization\"},\"potentialAction\":[{\"@type\":\"SearchAction\",\"target\":{\"@type\":\"EntryPoint\",\"urlTemplate\":\"https:\/\/modernteh.md\/?s={search_term_string}\"},\"query-input\":\"required name=search_term_string\"}],\"inLanguage\":\"ru-RU\"},{\"@type\":\"Organization\",\"@id\":\"https:\/\/modernteh.md\/#organization\",\"name\":\"Modernteh\",\"url\":\"https:\/\/modernteh.md\/\",\"logo\":{\"@type\":\"ImageObject\",\"inLanguage\":\"ru-RU\",\"@id\":\"https:\/\/modernteh.md\/#\/schema\/logo\/image\/\",\"url\":\"https:\/\/modernteh.md\/wp-content\/uploads\/2022\/06\/Logo_site-2.png\",\"contentUrl\":\"https:\/\/modernteh.md\/wp-content\/uploads\/2022\/06\/Logo_site-2.png\",\"width\":500,\"height\":487,\"caption\":\"Modernteh\"},\"image\":{\"@id\":\"https:\/\/modernteh.md\/#\/schema\/logo\/image\/\"},\"sameAs\":[\"https:\/\/www.facebook.com\/profile.php?id=100082695620019\"]}]}<\/script>\n<!-- \/ Yoast SEO plugin. -->","yoast_head_json":{"title":"Batoza de porumb DE 900 - Modernteh","description":"Batoza de porumb cu capacitate inalta de producere 5000kg\/ora, are ventilator care absoarbe pleava \u0219i praful ce apar \u00een procesul cur\u0103\u021b\u0103rii porumbului.","robots":{"index":"index","follow":"follow","max-snippet":"max-snippet:-1","max-image-preview":"max-image-preview:large","max-video-preview":"max-video-preview:-1"},"canonical":"https:\/\/modernteh.md\/ru\/catalog\/batoza-ms-900\/","og_locale":"ru_RU","og_type":"article","og_title":"Batoza de porumb DE 900 - Modernteh","og_description":"Batoza de porumb cu capacitate inalta de producere 5000kg\/ora, are ventilator care absoarbe pleava \u0219i praful ce apar \u00een procesul cur\u0103\u021b\u0103rii porumbului.","og_url":"https:\/\/modernteh.md\/ru\/catalog\/batoza-ms-900\/","og_site_name":"Modernteh","article_publisher":"https:\/\/www.facebook.com\/profile.php?id=100082695620019","article_modified_time":"2025-10-28T08:10:40+00:00","og_image":[{"width":500,"height":500,"url":"https:\/\/modernteh.md\/wp-content\/uploads\/2022\/06\/8-17.jpg","type":"image\/jpeg"}],"twitter_card":"summary_large_image","twitter_misc":{"\u041f\u0440\u0438\u043c\u0435\u0440\u043d\u043e\u0435 \u0432\u0440\u0435\u043c\u044f \u0434\u043b\u044f \u0447\u0442\u0435\u043d\u0438\u044f":"2 \u043c\u0438\u043d\u0443\u0442\u044b"},"schema":{"@context":"https:\/\/schema.org","@graph":[{"@type":"WebPage","@id":"https:\/\/modernteh.md\/catalog\/batoza-ms-900\/","url":"https:\/\/modernteh.md\/catalog\/batoza-ms-900\/","name":"Batoza de porumb DE 900 - Modernteh","isPartOf":{"@id":"https:\/\/modernteh.md\/#website"},"datePublished":"2022-06-27T17:16:01+00:00","dateModified":"2025-10-28T08:10:40+00:00","description":"Batoza de porumb cu capacitate inalta de producere 5000kg\/ora, are ventilator care absoarbe pleava \u0219i praful ce apar \u00een procesul cur\u0103\u021b\u0103rii porumbului.","breadcrumb":{"@id":"https:\/\/modernteh.md\/catalog\/batoza-ms-900\/#breadcrumb"},"inLanguage":"ru-RU","potentialAction":[{"@type":"ReadAction","target":["https:\/\/modernteh.md\/catalog\/batoza-ms-900\/"]}]},{"@type":"BreadcrumbList","@id":"https:\/\/modernteh.md\/catalog\/batoza-ms-900\/#breadcrumb","itemListElement":[{"@type":"ListItem","position":1,"name":"Prima pagin\u0103","item":"https:\/\/modernteh.md\/"},{"@type":"ListItem","position":2,"name":"Catalog","item":"https:\/\/modernteh.md\/catalog\/"},{"@type":"ListItem","position":3,"name":"Batoza de porumb DE 900"}]},{"@type":"WebSite","@id":"https:\/\/modernteh.md\/#website","url":"https:\/\/modernteh.md\/","name":"Modernteh","description":"Modernteh","publisher":{"@id":"https:\/\/modernteh.md\/#organization"},"potentialAction":[{"@type":"SearchAction","target":{"@type":"EntryPoint","urlTemplate":"https:\/\/modernteh.md\/?s={search_term_string}"},"query-input":"required name=search_term_string"}],"inLanguage":"ru-RU"},{"@type":"Organization","@id":"https:\/\/modernteh.md\/#organization","name":"Modernteh","url":"https:\/\/modernteh.md\/","logo":{"@type":"ImageObject","inLanguage":"ru-RU","@id":"https:\/\/modernteh.md\/#\/schema\/logo\/image\/","url":"https:\/\/modernteh.md\/wp-content\/uploads\/2022\/06\/Logo_site-2.png","contentUrl":"https:\/\/modernteh.md\/wp-content\/uploads\/2022\/06\/Logo_site-2.png","width":500,"height":487,"caption":"Modernteh"},"image":{"@id":"https:\/\/modernteh.md\/#\/schema\/logo\/image\/"},"sameAs":["https:\/\/www.facebook.com\/profile.php?id=100082695620019"]}]}},"_links":{"self":[{"href":"https:\/\/modernteh.md\/ru\/wp-json\/wp\/v2\/product\/2086","targetHints":{"allow":["GET"]}}],"collection":[{"href":"https:\/\/modernteh.md\/ru\/wp-json\/wp\/v2\/product"}],"about":[{"href":"https:\/\/modernteh.md\/ru\/wp-json\/wp\/v2\/types\/product"}],"wp:featuredmedia":[{"embeddable":true,"href":"https:\/\/modernteh.md\/ru\/wp-json\/wp\/v2\/media\/2087"}],"wp:attachment":[{"href":"https:\/\/modernteh.md\/ru\/wp-json\/wp\/v2\/media?parent=2086"}],"wp:term":[{"taxonomy":"product_cat","embeddable":true,"href":"https:\/\/modernteh.md\/ru\/wp-json\/wp\/v2\/product_cat?post=2086"},{"taxonomy":"product_tag","embeddable":true,"href":"https:\/\/modernteh.md\/ru\/wp-json\/wp\/v2\/product_tag?post=2086"}],"curies":[{"name":"wp","href":"https:\/\/api.w.org\/{rel}","templated":true}]}}