{"id":2558,"date":"2022-06-29T16:51:41","date_gmt":"2022-06-29T16:51:41","guid":{"rendered":"https:\/\/modernteh.md\/?post_type=product&#038;p=2558"},"modified":"2025-06-06T08:46:46","modified_gmt":"2025-06-06T08:46:46","slug":"sera-45x4x2-5m","status":"publish","type":"product","link":"https:\/\/modernteh.md\/ru\/catalog\/sera-45x4x2-5m\/","title":{"rendered":"Ser\u0103 de gr\u0103din\u0103 profesional\u0103 Italia, 18m2, 4-4.5-2.5m"},"content":{"rendered":"<div class=\"table-row\">\n<div class=\"table-box\">\n<div class=\"table-title\">\n<h3>Ser\u0103 de gr\u0103din\u0103 profesional\u0103 Italia, 18m2, 4-4.5-2.5m<\/h3>\n<h3>Lungime: <span style=\"color: #333333; font-size: 16px;\">4 m<\/span><\/h3>\n<\/div>\n<\/div>\n<\/div>\n<div class=\"table-row\">\n<div class=\"table-box\">\n<div class=\"table-title\">\n<h3>Latime: <span style=\"color: #333333; font-size: 16px;\">4.5 m<\/span><\/h3>\n<\/div>\n<\/div>\n<div class=\"table-box\">\n<div class=\"table-title\">\n<h3>Inaltime: <span style=\"color: #333333; font-size: 16px;\">2.5 m<\/span><\/h3>\n<\/div>\n<\/div>\n<\/div>\n<div class=\"table-row\">\n<div class=\"table-box\">\n<div class=\"table-title\">\n<h3>Numar intrari: <span style=\"color: #333333; font-size: 16px;\">1 usa<\/span><\/h3>\n<\/div>\n<\/div>\n<div class=\"table-box\">\n<div class=\"table-title\">\n<h3>Model: <span style=\"color: #333333; font-size: 16px;\">4-4.5-2.5m<\/span><\/h3>\n<\/div>\n<\/div>\n<\/div>\n<div class=\"table-row\">\n<div class=\"table-box\">\n<div class=\"table-title\">\n<h3>Suprafata: <span style=\"color: #333333; font-size: 16px;\">18 m2<\/span><\/h3>\n<\/div>\n<\/div>\n<div class=\"table-box\">\n<div class=\"table-title\">\n<h3>Material tevi: <span style=\"color: #333333; font-size: 16px;\">Otel galvanizat pe interior si exterior<\/span><\/h3>\n<\/div>\n<\/div>\n<\/div>\n<div class=\"table-row\">\n<div class=\"table-box\">\n<div class=\"table-title\">\n<h3>Grosime metal tevi: <span style=\"color: #333333; font-size: 16px;\">2 mm<\/span><\/h3>\n<\/div>\n<\/div>\n<div class=\"table-box\">\n<div class=\"table-title\">\n<h3>Distanta intre arcuri:<span style=\"color: #333333; font-size: 16px;\">2 m<\/span><\/h3>\n<\/div>\n<\/div>\n<\/div>\n<div class=\"table-row\">\n<div class=\"table-box\">\n<div class=\"table-title\">\n<h3>Diametru tevi de baza: <span style=\"color: #333333; font-size: 16px;\">32 mm<\/span><\/h3>\n<\/div>\n<\/div>\n<div class=\"table-box\">\n<div class=\"table-title\">\n<h3>Diametru tevi secundare: <span style=\"color: #333333; font-size: 16px;\">28 mm<\/span><\/h3>\n<\/div>\n<\/div>\n<\/div>\n<div class=\"table-row\">\n<div class=\"table-box\">\n<div class=\"table-title\">\n<h3>Grosime pelicula: <span style=\"color: #333333; font-size: 16px;\">150 mcr<\/span><\/h3>\n<\/div>\n<\/div>\n<div class=\"table-box\">\n<div class=\"table-title\">\n<h3>Material pelicula: <span style=\"color: #333333; font-size: 16px;\">Protectie UV<\/span><\/h3>\n<\/div>\n<\/div>\n<\/div>\n<div class=\"table-row\">\n<div class=\"table-box\">\n<div class=\"table-title\">\n<h3>Dimensiuni usa: <span style=\"color: #333333; font-size: 16px;\">Inaltime: 180 cm; Latime: 80 cm<\/span><\/h3>\n<\/div>\n<\/div>\n<div class=\"table-box\">\n<div class=\"table-title\">\n<h3>Livrare si montare: <span style=\"color: #333333; font-size: 16px;\">Nu este inclusa in pret, concretizati la consultant!<\/span><\/h3>\n<\/div>\n<\/div>\n<\/div>\n<div class=\"table-row\">\n<div class=\"table-box\">\n<div class=\"table-title\">\n<h3>Tara de origine: <span style=\"color: #333333; font-size: 16px;\">Italia<\/span><\/h3>\n<\/div>\n<\/div>\n<\/div>","protected":false},"excerpt":{"rendered":"<p>Ser\u0103 de gr\u0103din\u0103 profesional\u0103 Italia, 18m2, 4-4.5-2.5m Lungime: 4 m Latime: 4.5 m Inaltime: 2.5 m Numar intrari: 1 usa<\/p>","protected":false},"featured_media":4425,"template":"","meta":[],"product_cat":[144],"product_tag":[],"class_list":{"0":"post-2558","1":"product","2":"type-product","3":"status-publish","4":"has-post-thumbnail","6":"product_cat-sere-de-tip-tunel","8":"first","9":"instock","10":"shipping-taxable","11":"purchasable","12":"product-type-simple"},"yoast_head":"<!-- This site is optimized with the Yoast SEO plugin v20.12 - https:\/\/yoast.com\/wordpress\/plugins\/seo\/ -->\n<title>Ser\u0103 de gr\u0103din\u0103 profesional\u0103 Italia, 18m2, 4-4.5-2.5m - Modernteh<\/title>\n<meta name=\"description\" content=\"Ser\u0103 de gr\u0103din\u0103 profesional\u0103 Italia, 18m2, 4-4.5-2.5m\" \/>\n<meta name=\"robots\" content=\"index, follow, max-snippet:-1, max-image-preview:large, max-video-preview:-1\" \/>\n<link rel=\"canonical\" href=\"https:\/\/modernteh.md\/ru\/catalog\/sera-45x4x2-5m\/\" \/>\n<meta property=\"og:locale\" content=\"ru_RU\" \/>\n<meta property=\"og:type\" content=\"article\" \/>\n<meta property=\"og:title\" content=\"Ser\u0103 de gr\u0103din\u0103 profesional\u0103 Italia, 18m2, 4-4.5-2.5m - Modernteh\" \/>\n<meta property=\"og:description\" content=\"Ser\u0103 de gr\u0103din\u0103 profesional\u0103 Italia, 18m2, 4-4.5-2.5m\" \/>\n<meta property=\"og:url\" content=\"https:\/\/modernteh.md\/ru\/catalog\/sera-45x4x2-5m\/\" \/>\n<meta property=\"og:site_name\" content=\"Modernteh\" \/>\n<meta property=\"article:publisher\" content=\"https:\/\/www.facebook.com\/profile.php?id=100082695620019\" \/>\n<meta property=\"article:modified_time\" content=\"2025-06-06T08:46:46+00:00\" \/>\n<meta property=\"og:image\" content=\"https:\/\/modernteh.md\/wp-content\/uploads\/2022\/06\/xSeraP20gradinaP20profesionalaP20DemetraP20ItaliaP2018m2P204-4.5-2.5m.jpg.pagespeed.ic_.vIO1LaEQDq.jpeg\" \/>\n\t<meta property=\"og:image:width\" content=\"800\" \/>\n\t<meta property=\"og:image:height\" content=\"800\" \/>\n\t<meta property=\"og:image:type\" content=\"image\/jpeg\" \/>\n<meta name=\"twitter:card\" content=\"summary_large_image\" \/>\n<meta name=\"twitter:label1\" content=\"\u041f\u0440\u0438\u043c\u0435\u0440\u043d\u043e\u0435 \u0432\u0440\u0435\u043c\u044f \u0434\u043b\u044f \u0447\u0442\u0435\u043d\u0438\u044f\" \/>\n\t<meta name=\"twitter:data1\" content=\"1 \u043c\u0438\u043d\u0443\u0442\u0430\" \/>\n<script type=\"application\/ld+json\" class=\"yoast-schema-graph\">{\"@context\":\"https:\/\/schema.org\",\"@graph\":[{\"@type\":\"WebPage\",\"@id\":\"https:\/\/modernteh.md\/catalog\/sera-45x4x2-5m\/\",\"url\":\"https:\/\/modernteh.md\/catalog\/sera-45x4x2-5m\/\",\"name\":\"Ser\u0103 de gr\u0103din\u0103 profesional\u0103 Italia, 18m2, 4-4.5-2.5m - Modernteh\",\"isPartOf\":{\"@id\":\"https:\/\/modernteh.md\/#website\"},\"datePublished\":\"2022-06-29T16:51:41+00:00\",\"dateModified\":\"2025-06-06T08:46:46+00:00\",\"description\":\"Ser\u0103 de gr\u0103din\u0103 profesional\u0103 Italia, 18m2, 4-4.5-2.5m\",\"breadcrumb\":{\"@id\":\"https:\/\/modernteh.md\/catalog\/sera-45x4x2-5m\/#breadcrumb\"},\"inLanguage\":\"ru-RU\",\"potentialAction\":[{\"@type\":\"ReadAction\",\"target\":[\"https:\/\/modernteh.md\/catalog\/sera-45x4x2-5m\/\"]}]},{\"@type\":\"BreadcrumbList\",\"@id\":\"https:\/\/modernteh.md\/catalog\/sera-45x4x2-5m\/#breadcrumb\",\"itemListElement\":[{\"@type\":\"ListItem\",\"position\":1,\"name\":\"Prima pagin\u0103\",\"item\":\"https:\/\/modernteh.md\/\"},{\"@type\":\"ListItem\",\"position\":2,\"name\":\"Catalog\",\"item\":\"https:\/\/modernteh.md\/catalog\/\"},{\"@type\":\"ListItem\",\"position\":3,\"name\":\"Ser\u0103 de gr\u0103din\u0103 profesional\u0103 Italia, 18m2, 4-4.5-2.5m\"}]},{\"@type\":\"WebSite\",\"@id\":\"https:\/\/modernteh.md\/#website\",\"url\":\"https:\/\/modernteh.md\/\",\"name\":\"Modernteh\",\"description\":\"Modernteh\",\"publisher\":{\"@id\":\"https:\/\/modernteh.md\/#organization\"},\"potentialAction\":[{\"@type\":\"SearchAction\",\"target\":{\"@type\":\"EntryPoint\",\"urlTemplate\":\"https:\/\/modernteh.md\/?s={search_term_string}\"},\"query-input\":\"required name=search_term_string\"}],\"inLanguage\":\"ru-RU\"},{\"@type\":\"Organization\",\"@id\":\"https:\/\/modernteh.md\/#organization\",\"name\":\"Modernteh\",\"url\":\"https:\/\/modernteh.md\/\",\"logo\":{\"@type\":\"ImageObject\",\"inLanguage\":\"ru-RU\",\"@id\":\"https:\/\/modernteh.md\/#\/schema\/logo\/image\/\",\"url\":\"https:\/\/modernteh.md\/wp-content\/uploads\/2022\/06\/Logo_site-2.png\",\"contentUrl\":\"https:\/\/modernteh.md\/wp-content\/uploads\/2022\/06\/Logo_site-2.png\",\"width\":500,\"height\":487,\"caption\":\"Modernteh\"},\"image\":{\"@id\":\"https:\/\/modernteh.md\/#\/schema\/logo\/image\/\"},\"sameAs\":[\"https:\/\/www.facebook.com\/profile.php?id=100082695620019\"]}]}<\/script>\n<!-- \/ Yoast SEO plugin. -->","yoast_head_json":{"title":"Ser\u0103 de gr\u0103din\u0103 profesional\u0103 Italia, 18m2, 4-4.5-2.5m - Modernteh","description":"Ser\u0103 de gr\u0103din\u0103 profesional\u0103 Italia, 18m2, 4-4.5-2.5m","robots":{"index":"index","follow":"follow","max-snippet":"max-snippet:-1","max-image-preview":"max-image-preview:large","max-video-preview":"max-video-preview:-1"},"canonical":"https:\/\/modernteh.md\/ru\/catalog\/sera-45x4x2-5m\/","og_locale":"ru_RU","og_type":"article","og_title":"Ser\u0103 de gr\u0103din\u0103 profesional\u0103 Italia, 18m2, 4-4.5-2.5m - Modernteh","og_description":"Ser\u0103 de gr\u0103din\u0103 profesional\u0103 Italia, 18m2, 4-4.5-2.5m","og_url":"https:\/\/modernteh.md\/ru\/catalog\/sera-45x4x2-5m\/","og_site_name":"Modernteh","article_publisher":"https:\/\/www.facebook.com\/profile.php?id=100082695620019","article_modified_time":"2025-06-06T08:46:46+00:00","og_image":[{"width":800,"height":800,"url":"https:\/\/modernteh.md\/wp-content\/uploads\/2022\/06\/xSeraP20gradinaP20profesionalaP20DemetraP20ItaliaP2018m2P204-4.5-2.5m.jpg.pagespeed.ic_.vIO1LaEQDq.jpeg","type":"image\/jpeg"}],"twitter_card":"summary_large_image","twitter_misc":{"\u041f\u0440\u0438\u043c\u0435\u0440\u043d\u043e\u0435 \u0432\u0440\u0435\u043c\u044f \u0434\u043b\u044f \u0447\u0442\u0435\u043d\u0438\u044f":"1 \u043c\u0438\u043d\u0443\u0442\u0430"},"schema":{"@context":"https:\/\/schema.org","@graph":[{"@type":"WebPage","@id":"https:\/\/modernteh.md\/catalog\/sera-45x4x2-5m\/","url":"https:\/\/modernteh.md\/catalog\/sera-45x4x2-5m\/","name":"Ser\u0103 de gr\u0103din\u0103 profesional\u0103 Italia, 18m2, 4-4.5-2.5m - Modernteh","isPartOf":{"@id":"https:\/\/modernteh.md\/#website"},"datePublished":"2022-06-29T16:51:41+00:00","dateModified":"2025-06-06T08:46:46+00:00","description":"Ser\u0103 de gr\u0103din\u0103 profesional\u0103 Italia, 18m2, 4-4.5-2.5m","breadcrumb":{"@id":"https:\/\/modernteh.md\/catalog\/sera-45x4x2-5m\/#breadcrumb"},"inLanguage":"ru-RU","potentialAction":[{"@type":"ReadAction","target":["https:\/\/modernteh.md\/catalog\/sera-45x4x2-5m\/"]}]},{"@type":"BreadcrumbList","@id":"https:\/\/modernteh.md\/catalog\/sera-45x4x2-5m\/#breadcrumb","itemListElement":[{"@type":"ListItem","position":1,"name":"Prima pagin\u0103","item":"https:\/\/modernteh.md\/"},{"@type":"ListItem","position":2,"name":"Catalog","item":"https:\/\/modernteh.md\/catalog\/"},{"@type":"ListItem","position":3,"name":"Ser\u0103 de gr\u0103din\u0103 profesional\u0103 Italia, 18m2, 4-4.5-2.5m"}]},{"@type":"WebSite","@id":"https:\/\/modernteh.md\/#website","url":"https:\/\/modernteh.md\/","name":"Modernteh","description":"Modernteh","publisher":{"@id":"https:\/\/modernteh.md\/#organization"},"potentialAction":[{"@type":"SearchAction","target":{"@type":"EntryPoint","urlTemplate":"https:\/\/modernteh.md\/?s={search_term_string}"},"query-input":"required name=search_term_string"}],"inLanguage":"ru-RU"},{"@type":"Organization","@id":"https:\/\/modernteh.md\/#organization","name":"Modernteh","url":"https:\/\/modernteh.md\/","logo":{"@type":"ImageObject","inLanguage":"ru-RU","@id":"https:\/\/modernteh.md\/#\/schema\/logo\/image\/","url":"https:\/\/modernteh.md\/wp-content\/uploads\/2022\/06\/Logo_site-2.png","contentUrl":"https:\/\/modernteh.md\/wp-content\/uploads\/2022\/06\/Logo_site-2.png","width":500,"height":487,"caption":"Modernteh"},"image":{"@id":"https:\/\/modernteh.md\/#\/schema\/logo\/image\/"},"sameAs":["https:\/\/www.facebook.com\/profile.php?id=100082695620019"]}]}},"_links":{"self":[{"href":"https:\/\/modernteh.md\/ru\/wp-json\/wp\/v2\/product\/2558","targetHints":{"allow":["GET"]}}],"collection":[{"href":"https:\/\/modernteh.md\/ru\/wp-json\/wp\/v2\/product"}],"about":[{"href":"https:\/\/modernteh.md\/ru\/wp-json\/wp\/v2\/types\/product"}],"wp:featuredmedia":[{"embeddable":true,"href":"https:\/\/modernteh.md\/ru\/wp-json\/wp\/v2\/media\/4425"}],"wp:attachment":[{"href":"https:\/\/modernteh.md\/ru\/wp-json\/wp\/v2\/media?parent=2558"}],"wp:term":[{"taxonomy":"product_cat","embeddable":true,"href":"https:\/\/modernteh.md\/ru\/wp-json\/wp\/v2\/product_cat?post=2558"},{"taxonomy":"product_tag","embeddable":true,"href":"https:\/\/modernteh.md\/ru\/wp-json\/wp\/v2\/product_tag?post=2558"}],"curies":[{"name":"wp","href":"https:\/\/api.w.org\/{rel}","templated":true}]}}