{"id":2618,"date":"2022-06-29T17:18:36","date_gmt":"2022-06-29T17:18:36","guid":{"rendered":"https:\/\/modernteh.md\/?post_type=product&#038;p=2618"},"modified":"2026-03-11T07:54:46","modified_gmt":"2026-03-11T07:54:46","slug":"sera-12x4x2-5m","status":"publish","type":"product","link":"https:\/\/modernteh.md\/ru\/catalog\/sera-12x4x2-5m\/","title":{"rendered":"Ser\u0103 12x4x2.5m"},"content":{"rendered":"<h1><strong>Ser\u0103 de gr\u0103din\u0103\u00a0 12x4x2,5m, \u021beav\u0103 galvanizat\u0103<\/strong><\/h1>\n<p>Sera 12x4x2,5m cu cadru galvanizat la baz\u0103 (carcas\u0103 din metal zincat), folie din polietilen\u0103 armat\u0103 180g\/m\u00b2, \u021bevi galvanizate 26&#215;0,9mm. Acest solar este ideal pentru \u00eenfiin\u021barea culturilor de prim\u0103var\u0103, pentru culturile de var\u0103, toamn\u0103 \u0219i iarn\u0103. Cu cei 48m\u00b2 se asigur\u0103 spa\u021biu suficient pentru \u00eens\u0103m\u00e2n\u021barea, r\u0103s\u0103direa \u0219i cre\u0219terea legumelor \u0219i plantelor. Plantele vor fi protejate adecvat de v\u00e2nt, ploaie, grindin\u0103, z\u0103pad\u0103, lumina puternic\u0103 a soarelui \u0219i de daunele provocate de p\u0103s\u0103ri. Pelicula armat\u0103, special\u0103, ajut\u0103 la cre\u0219terea optim\u0103 a plantelor.<\/p>\n<p>&nbsp;<\/p>\n<p><strong>Important:<\/strong><\/p>\n<ul>\n<li><strong>distan\u021ba \u00eentre arcuri 1 m<\/strong><\/li>\n<li><strong>2 u\u0219i mari rulabile<\/strong><\/li>\n<li><strong>24 geamuri cu plasa pentru insecte<\/strong><\/li>\n<\/ul>\n<p>&nbsp;<\/p>\n<h2><strong>Utiliz\u0103ri solar:<\/strong><\/h2>\n<p>Pentru produc\u021bia de legume \u0219i plante pe tot parcursul anului:<\/p>\n<ul>\n<li>Cre\u0219terea r\u0103sadurilor<\/li>\n<li>Culturi de prim\u0103var\u0103: spanac, salat\u0103, ridichi \u0219i gulii<\/li>\n<li>Culturi de var\u0103: ro\u0219ii, castrave\u021bi, ardei, fasole, vinete \u0219i pepeni<\/li>\n<li>Culturi de toamn\u0103: spanac, salat\u0103, ridichi, varz\u0103 \u0219i castrave\u021bi<\/li>\n<li>Culturi de iarn\u0103: gulii, spanac, salat\u0103<\/li>\n<li>Iernarea florilor \u0219i plantelor perene<\/li>\n<li>Depozitarea sigur\u0103 a plantelor sensibile<\/li>\n<li>Crearea unui spa\u021biu de depozitare uscat \u0219i a unei zone de lucru acoperite<\/li>\n<\/ul>\n<div><\/div>\n<p><img loading=\"lazy\" decoding=\"async\" src=\"https:\/\/tehno-ms.md\/storage\/photos\/2\/sera\/Sera-gradina-6x3x2m-1.png\" alt=\"Sera de gradina\" width=\"500\" height=\"500\" \/><\/p>\n<h3><strong>Structura serei:<\/strong><\/h3>\n<div>\n<p>Stabilitate foarte ridicat\u0103 datorit\u0103 construc\u021biei tip tunel<\/p>\n<ul>\n<li>\u021aevi din o\u021bel galvanizat:\n<ul>\n<li>Diametrul\u00a026 mm<\/li>\n<li>Grosime\u00a00,9 mm<\/li>\n<\/ul>\n<\/li>\n<li>Testat \u0219i aprobat de ingineri pentru structuri din Germania:\n<ul>\n<li>DIN EN ISO 1990<\/li>\n<li>DIN EN ISO 1991<\/li>\n<li>DIN EN ISO 1993<\/li>\n<\/ul>\n<\/li>\n<li>Protec\u021bie \u00eempotriva coroziunii conform DIN EN ISO 4042- rezisten\u0163\u0103 la \u0219ocuri \u0219i la ac\u0163iunea mecanic\u0103 extern\u0103<\/li>\n<li>Contrav\u00e2ntuiri orizontale<\/li>\n<li>Fixare suplimentar\u0103 prin contrav\u00e2ntuiri diagonale<\/li>\n<li>Cadru de la baz\u0103 este din o\u021bel zincat cu 4 ancore \u0219i cleme pentru prelat\u0103<\/li>\n<li>Toate \u00eembin\u0103rile se \u00een\u0219urubeaz\u0103<\/li>\n<li>Fixare pe p\u0103m\u00e2nt cu \u021b\u0103ru\u0219i sau fixare cu dibluri+ \u0219uruburi pe suprafe\u021be dure (beton)<\/li>\n<\/ul>\n<\/div>\n<h3><strong>Pelicula:<\/strong><\/h3>\n<div>\n<ul>\n<li>Folie din\u00a0polietilen\u0103 armat\u0103 180 g\/m\u00b2, grosime 2000\u00b5m\/0,20mm, rezistent\u0103 UV, difuzie 30%,\u00a070\u00a0DaN\/5cm, 400 Kly, UV Euro 4<\/li>\n<li>2 u\u0219i mari 150 x 200 cm rulabile<\/li>\n<li>Ferestre de aerisire\u00a0mari de 40x40cm cu plas\u0103 pentru insecte<\/li>\n<li>Folia prelungit\u0103 la baz\u0103 aprox. 20 cm cre\u0219te rezisten\u021ba \u0219i stabilitatea \u00een caz de v\u00e2nt (poate fi acoperit\u0103 cu p\u0103m\u00e2nt).<\/li>\n<\/ul>\n<\/div>\n<h3><strong>Dimensiuni ser\u0103:<\/strong><\/h3>\n<ul>\n<li>Suprafa\u021ba: 12x4x2,5m- 48,00 m\u00b2<\/li>\n<li>Distan\u021ba \u00eentre arce:\u00a0aprox. 1,0 m<\/li>\n<li>\u00cen\u0103l\u021bime: aprox. 2,5 m<\/li>\n<li>Dimensiuni u\u0219\u0103: aprox. 150 x 200 cm<\/li>\n<\/ul>","protected":false},"excerpt":{"rendered":"<p>Ser\u0103 de gr\u0103din\u0103\u00a0 12x4x2,5m, \u021beav\u0103 galvanizat\u0103 Sera 12x4x2,5m cu cadru galvanizat la baz\u0103 (carcas\u0103 din metal zincat), folie din polietilen\u0103<\/p>","protected":false},"featured_media":5146,"template":"","meta":[],"product_cat":[144],"product_tag":[],"class_list":{"0":"post-2618","1":"product","2":"type-product","3":"status-publish","4":"has-post-thumbnail","6":"product_cat-sere-de-tip-tunel","8":"first","9":"instock","10":"sale","11":"shipping-taxable","12":"purchasable","13":"product-type-simple"},"yoast_head":"<!-- This site is optimized with the Yoast SEO plugin v20.12 - https:\/\/yoast.com\/wordpress\/plugins\/seo\/ -->\n<title>Ser\u0103 12x4x2.5m - Modernteh<\/title>\n<meta name=\"description\" content=\"Ser\u0103 de gr\u0103din\u0103\u00a0 12x4x2,5m, \u021beav\u0103 galvanizat\u0103\" \/>\n<meta name=\"robots\" content=\"index, follow, max-snippet:-1, max-image-preview:large, max-video-preview:-1\" \/>\n<link rel=\"canonical\" href=\"https:\/\/modernteh.md\/ru\/catalog\/sera-12x4x2-5m\/\" \/>\n<meta property=\"og:locale\" content=\"ru_RU\" \/>\n<meta property=\"og:type\" content=\"article\" \/>\n<meta property=\"og:title\" content=\"Ser\u0103 12x4x2.5m - Modernteh\" \/>\n<meta property=\"og:description\" content=\"Ser\u0103 de gr\u0103din\u0103\u00a0 12x4x2,5m, \u021beav\u0103 galvanizat\u0103\" \/>\n<meta property=\"og:url\" content=\"https:\/\/modernteh.md\/ru\/catalog\/sera-12x4x2-5m\/\" \/>\n<meta property=\"og:site_name\" content=\"Modernteh\" \/>\n<meta property=\"article:publisher\" content=\"https:\/\/www.facebook.com\/profile.php?id=100082695620019\" \/>\n<meta property=\"article:modified_time\" content=\"2026-03-11T07:54:46+00:00\" \/>\n<meta property=\"og:image\" content=\"https:\/\/modernteh.md\/wp-content\/uploads\/2022\/06\/12x4x2.5.jpg\" \/>\n\t<meta property=\"og:image:width\" content=\"800\" \/>\n\t<meta property=\"og:image:height\" content=\"800\" \/>\n\t<meta property=\"og:image:type\" content=\"image\/jpeg\" \/>\n<meta name=\"twitter:card\" content=\"summary_large_image\" \/>\n<meta name=\"twitter:label1\" content=\"\u041f\u0440\u0438\u043c\u0435\u0440\u043d\u043e\u0435 \u0432\u0440\u0435\u043c\u044f \u0434\u043b\u044f \u0447\u0442\u0435\u043d\u0438\u044f\" \/>\n\t<meta name=\"twitter:data1\" content=\"3 \u043c\u0438\u043d\u0443\u0442\u044b\" \/>\n<script type=\"application\/ld+json\" class=\"yoast-schema-graph\">{\"@context\":\"https:\/\/schema.org\",\"@graph\":[{\"@type\":\"WebPage\",\"@id\":\"https:\/\/modernteh.md\/catalog\/sera-12x4x2-5m\/\",\"url\":\"https:\/\/modernteh.md\/catalog\/sera-12x4x2-5m\/\",\"name\":\"Ser\u0103 12x4x2.5m - Modernteh\",\"isPartOf\":{\"@id\":\"https:\/\/modernteh.md\/#website\"},\"datePublished\":\"2022-06-29T17:18:36+00:00\",\"dateModified\":\"2026-03-11T07:54:46+00:00\",\"description\":\"Ser\u0103 de gr\u0103din\u0103\u00a0 12x4x2,5m, \u021beav\u0103 galvanizat\u0103\",\"breadcrumb\":{\"@id\":\"https:\/\/modernteh.md\/catalog\/sera-12x4x2-5m\/#breadcrumb\"},\"inLanguage\":\"ru-RU\",\"potentialAction\":[{\"@type\":\"ReadAction\",\"target\":[\"https:\/\/modernteh.md\/catalog\/sera-12x4x2-5m\/\"]}]},{\"@type\":\"BreadcrumbList\",\"@id\":\"https:\/\/modernteh.md\/catalog\/sera-12x4x2-5m\/#breadcrumb\",\"itemListElement\":[{\"@type\":\"ListItem\",\"position\":1,\"name\":\"Prima pagin\u0103\",\"item\":\"https:\/\/modernteh.md\/\"},{\"@type\":\"ListItem\",\"position\":2,\"name\":\"Catalog\",\"item\":\"https:\/\/modernteh.md\/catalog\/\"},{\"@type\":\"ListItem\",\"position\":3,\"name\":\"Ser\u0103 12x4x2.5m\"}]},{\"@type\":\"WebSite\",\"@id\":\"https:\/\/modernteh.md\/#website\",\"url\":\"https:\/\/modernteh.md\/\",\"name\":\"Modernteh\",\"description\":\"Modernteh\",\"publisher\":{\"@id\":\"https:\/\/modernteh.md\/#organization\"},\"potentialAction\":[{\"@type\":\"SearchAction\",\"target\":{\"@type\":\"EntryPoint\",\"urlTemplate\":\"https:\/\/modernteh.md\/?s={search_term_string}\"},\"query-input\":\"required name=search_term_string\"}],\"inLanguage\":\"ru-RU\"},{\"@type\":\"Organization\",\"@id\":\"https:\/\/modernteh.md\/#organization\",\"name\":\"Modernteh\",\"url\":\"https:\/\/modernteh.md\/\",\"logo\":{\"@type\":\"ImageObject\",\"inLanguage\":\"ru-RU\",\"@id\":\"https:\/\/modernteh.md\/#\/schema\/logo\/image\/\",\"url\":\"https:\/\/modernteh.md\/wp-content\/uploads\/2022\/06\/Logo_site-2.png\",\"contentUrl\":\"https:\/\/modernteh.md\/wp-content\/uploads\/2022\/06\/Logo_site-2.png\",\"width\":500,\"height\":487,\"caption\":\"Modernteh\"},\"image\":{\"@id\":\"https:\/\/modernteh.md\/#\/schema\/logo\/image\/\"},\"sameAs\":[\"https:\/\/www.facebook.com\/profile.php?id=100082695620019\"]}]}<\/script>\n<!-- \/ Yoast SEO plugin. -->","yoast_head_json":{"title":"Ser\u0103 12x4x2.5m - Modernteh","description":"Ser\u0103 de gr\u0103din\u0103\u00a0 12x4x2,5m, \u021beav\u0103 galvanizat\u0103","robots":{"index":"index","follow":"follow","max-snippet":"max-snippet:-1","max-image-preview":"max-image-preview:large","max-video-preview":"max-video-preview:-1"},"canonical":"https:\/\/modernteh.md\/ru\/catalog\/sera-12x4x2-5m\/","og_locale":"ru_RU","og_type":"article","og_title":"Ser\u0103 12x4x2.5m - Modernteh","og_description":"Ser\u0103 de gr\u0103din\u0103\u00a0 12x4x2,5m, \u021beav\u0103 galvanizat\u0103","og_url":"https:\/\/modernteh.md\/ru\/catalog\/sera-12x4x2-5m\/","og_site_name":"Modernteh","article_publisher":"https:\/\/www.facebook.com\/profile.php?id=100082695620019","article_modified_time":"2026-03-11T07:54:46+00:00","og_image":[{"width":800,"height":800,"url":"https:\/\/modernteh.md\/wp-content\/uploads\/2022\/06\/12x4x2.5.jpg","type":"image\/jpeg"}],"twitter_card":"summary_large_image","twitter_misc":{"\u041f\u0440\u0438\u043c\u0435\u0440\u043d\u043e\u0435 \u0432\u0440\u0435\u043c\u044f \u0434\u043b\u044f \u0447\u0442\u0435\u043d\u0438\u044f":"3 \u043c\u0438\u043d\u0443\u0442\u044b"},"schema":{"@context":"https:\/\/schema.org","@graph":[{"@type":"WebPage","@id":"https:\/\/modernteh.md\/catalog\/sera-12x4x2-5m\/","url":"https:\/\/modernteh.md\/catalog\/sera-12x4x2-5m\/","name":"Ser\u0103 12x4x2.5m - Modernteh","isPartOf":{"@id":"https:\/\/modernteh.md\/#website"},"datePublished":"2022-06-29T17:18:36+00:00","dateModified":"2026-03-11T07:54:46+00:00","description":"Ser\u0103 de gr\u0103din\u0103\u00a0 12x4x2,5m, \u021beav\u0103 galvanizat\u0103","breadcrumb":{"@id":"https:\/\/modernteh.md\/catalog\/sera-12x4x2-5m\/#breadcrumb"},"inLanguage":"ru-RU","potentialAction":[{"@type":"ReadAction","target":["https:\/\/modernteh.md\/catalog\/sera-12x4x2-5m\/"]}]},{"@type":"BreadcrumbList","@id":"https:\/\/modernteh.md\/catalog\/sera-12x4x2-5m\/#breadcrumb","itemListElement":[{"@type":"ListItem","position":1,"name":"Prima pagin\u0103","item":"https:\/\/modernteh.md\/"},{"@type":"ListItem","position":2,"name":"Catalog","item":"https:\/\/modernteh.md\/catalog\/"},{"@type":"ListItem","position":3,"name":"Ser\u0103 12x4x2.5m"}]},{"@type":"WebSite","@id":"https:\/\/modernteh.md\/#website","url":"https:\/\/modernteh.md\/","name":"Modernteh","description":"Modernteh","publisher":{"@id":"https:\/\/modernteh.md\/#organization"},"potentialAction":[{"@type":"SearchAction","target":{"@type":"EntryPoint","urlTemplate":"https:\/\/modernteh.md\/?s={search_term_string}"},"query-input":"required name=search_term_string"}],"inLanguage":"ru-RU"},{"@type":"Organization","@id":"https:\/\/modernteh.md\/#organization","name":"Modernteh","url":"https:\/\/modernteh.md\/","logo":{"@type":"ImageObject","inLanguage":"ru-RU","@id":"https:\/\/modernteh.md\/#\/schema\/logo\/image\/","url":"https:\/\/modernteh.md\/wp-content\/uploads\/2022\/06\/Logo_site-2.png","contentUrl":"https:\/\/modernteh.md\/wp-content\/uploads\/2022\/06\/Logo_site-2.png","width":500,"height":487,"caption":"Modernteh"},"image":{"@id":"https:\/\/modernteh.md\/#\/schema\/logo\/image\/"},"sameAs":["https:\/\/www.facebook.com\/profile.php?id=100082695620019"]}]}},"_links":{"self":[{"href":"https:\/\/modernteh.md\/ru\/wp-json\/wp\/v2\/product\/2618","targetHints":{"allow":["GET"]}}],"collection":[{"href":"https:\/\/modernteh.md\/ru\/wp-json\/wp\/v2\/product"}],"about":[{"href":"https:\/\/modernteh.md\/ru\/wp-json\/wp\/v2\/types\/product"}],"wp:featuredmedia":[{"embeddable":true,"href":"https:\/\/modernteh.md\/ru\/wp-json\/wp\/v2\/media\/5146"}],"wp:attachment":[{"href":"https:\/\/modernteh.md\/ru\/wp-json\/wp\/v2\/media?parent=2618"}],"wp:term":[{"taxonomy":"product_cat","embeddable":true,"href":"https:\/\/modernteh.md\/ru\/wp-json\/wp\/v2\/product_cat?post=2618"},{"taxonomy":"product_tag","embeddable":true,"href":"https:\/\/modernteh.md\/ru\/wp-json\/wp\/v2\/product_tag?post=2618"}],"curies":[{"name":"wp","href":"https:\/\/api.w.org\/{rel}","templated":true}]}}