{"id":2759,"date":"2022-06-29T19:34:51","date_gmt":"2022-06-29T19:34:51","guid":{"rendered":"https:\/\/modernteh.md\/?post_type=product&#038;p=2759"},"modified":"2023-12-14T15:01:35","modified_gmt":"2023-12-14T15:01:35","slug":"hecht-324-masina-de-spalat-sub-presiune","status":"publish","type":"product","link":"https:\/\/modernteh.md\/ru\/catalog\/hecht-324-masina-de-spalat-sub-presiune\/","title":{"rendered":"MASINA DE SPALAT SUB PRESIUNE hecht 324"},"content":{"rendered":"<div class=\"product-tabs-container\">\n<div class=\"tab-content pr-tab-content\">\n<section id=\"descriptionTab\" class=\"page-product-box tab-pane fade in active\">\n<div class=\"rte\">\n<p>Hecht 324 Masina de spalat sub presiune,se foloseste pentru spalat autoturisme,motociclete, biciclete, rulote, dale, fa\u021bade, ferestre exterioare \u0219i u\u0219i, acoperi\u0219uri, bazin \u0219i mobilier de gr\u0103din\u0103.<\/p>\n<p>Are puterea de 2300 W, realizeaz\u0103 astfel presiunea de p\u00e2n\u0103 la 150 bari si debitul este de 420 l \/ h.<\/p>\n<p>Hecht 324 are cablu de alimentare de 5 metri si dispune de sistem de oprire \u00a0totala ce se face prin eliberarea manerului pistolului.<\/p>\n<p>Aparatul este proiectat pentru conectarea simpl\u0103 la re\u021beaua de alimentare cu ap\u0103, folosind un adaptor standard pentru furtun de gradina.Pute\u021bi seta cu u\u0219urin\u021b\u0103 debitul dorit de ap\u0103 pentru ca este echipata cu variojet.<\/p>\n<p>Pentru rezultate chiar mai bune este de asemenea\u00a0echipata cu rezervor de detergent duza de spum\u0103 si functioneaza cu apa sub presiune.<\/p>\n<p>Pentru a fi transportata mai usor este \u00a0echipata cu un m\u00e2ner ergonomic, ro\u021bi \u0219i bobina de pe furtunul de presiune.<\/p>\n<p>Hecht 324 este echipat cu flacon pentru curatat cu jet de spuma,furtun de presiune de 8m cu pistol si cablu de alimentare de 5 m<\/p>\n<p>&nbsp;<\/p>\n<p>\u0422\u0435\u0445\u043d\u0438\u0447\u0435\u0441\u043a\u0438\u0435 \u0445\u0430\u0440\u0430\u043a\u0442\u0435\u0440\u0438\u0441\u0442\u0438\u043a\u0438<\/p>\n<p>Brand:HECHT<\/p>\n<p>\u0422\u0438\u043f \u0434\u0432\u0438\u0433\u0430\u0442\u0435\u043b\u044f: \u044d\u043b\u0435\u043a\u0442\u0440\u0438\u0447\u0435\u0441\u043a\u0438\u0439<\/p>\n<p>Putere:2300 W<\/p>\n<p>Tensiune de alimentare:230 V\/50 Hz<\/p>\n<p>Presiune maxima: 150 bar<\/p>\n<p>Debit de apa: 420 l\/h<\/p>\n<p>Presiunea nominal\u0103 :12 MPa<\/p>\n<p>Presiunea permis\u0103 :15 MPa<\/p>\n<p>Debit maxim nominal :7 l \/ min<\/p>\n<p>Temperatura maxim\u0103 a apei la admisie :40 oC<\/p>\n<p>Presiunea maxim\u0103 la admisie: 0,6 MPa<\/p>\n<p>Clasa de protectie :IPX5<\/p>\n<p>Clasa de protectie II<\/p>\n<p>Greutate:12.5 kg<\/p>\n<p>Dimensiune cutie: 520 x 410 x 640 mm<\/p>\n<\/div>\n<\/section>\n<\/div>\n<\/div>\n<section class=\"page-product-box flexslider_carousel_block blockproductscategory\">\n<h3 class=\"productscategory_h3 page-product-heading\"><\/h3>\n<\/section>","protected":false},"excerpt":{"rendered":"<p>Hecht 324 Masina de spalat sub presiune,se foloseste pentru spalat autoturisme,motociclete, biciclete, rulote, dale, fa\u021bade, ferestre exterioare \u0219i u\u0219i, acoperi\u0219uri,<\/p>","protected":false},"featured_media":2760,"template":"","meta":[],"product_cat":[152],"product_tag":[],"class_list":{"0":"post-2759","1":"product","2":"type-product","3":"status-publish","4":"has-post-thumbnail","6":"product_cat-masini-de-spalat-cu-presiune","8":"first","9":"outofstock","10":"shipping-taxable","11":"purchasable","12":"product-type-simple"},"yoast_head":"<!-- This site is optimized with the Yoast SEO plugin v20.12 - https:\/\/yoast.com\/wordpress\/plugins\/seo\/ -->\n<title>MASINA DE SPALAT SUB PRESIUNE hecht 324 - Modernteh<\/title>\n<meta name=\"description\" content=\"Masina de spalat sub presiune,se foloseste pentru spalat autoturisme,motociclete, biciclete, rulote, dale, fa\u021bade, ferestre exterioare \u0219i u\u0219i, acoperi\u0219uri.\" \/>\n<meta name=\"robots\" content=\"index, follow, max-snippet:-1, max-image-preview:large, max-video-preview:-1\" \/>\n<link rel=\"canonical\" href=\"https:\/\/modernteh.md\/ru\/catalog\/hecht-324-masina-de-spalat-sub-presiune\/\" \/>\n<meta property=\"og:locale\" content=\"ru_RU\" \/>\n<meta property=\"og:type\" content=\"article\" \/>\n<meta property=\"og:title\" content=\"MASINA DE SPALAT SUB PRESIUNE hecht 324 - Modernteh\" \/>\n<meta property=\"og:description\" content=\"Masina de spalat sub presiune,se foloseste pentru spalat autoturisme,motociclete, biciclete, rulote, dale, fa\u021bade, ferestre exterioare \u0219i u\u0219i, acoperi\u0219uri.\" \/>\n<meta property=\"og:url\" content=\"https:\/\/modernteh.md\/ru\/catalog\/hecht-324-masina-de-spalat-sub-presiune\/\" \/>\n<meta property=\"og:site_name\" content=\"Modernteh\" \/>\n<meta property=\"article:publisher\" content=\"https:\/\/www.facebook.com\/profile.php?id=100082695620019\" \/>\n<meta property=\"article:modified_time\" content=\"2023-12-14T15:01:35+00:00\" \/>\n<meta property=\"og:image\" content=\"https:\/\/modernteh.md\/wp-content\/uploads\/2022\/06\/4-39.jpg\" \/>\n\t<meta property=\"og:image:width\" content=\"600\" \/>\n\t<meta property=\"og:image:height\" content=\"600\" \/>\n\t<meta property=\"og:image:type\" content=\"image\/jpeg\" \/>\n<meta name=\"twitter:card\" content=\"summary_large_image\" \/>\n<meta name=\"twitter:label1\" content=\"\u041f\u0440\u0438\u043c\u0435\u0440\u043d\u043e\u0435 \u0432\u0440\u0435\u043c\u044f \u0434\u043b\u044f \u0447\u0442\u0435\u043d\u0438\u044f\" \/>\n\t<meta name=\"twitter:data1\" content=\"2 \u043c\u0438\u043d\u0443\u0442\u044b\" \/>\n<script type=\"application\/ld+json\" class=\"yoast-schema-graph\">{\"@context\":\"https:\/\/schema.org\",\"@graph\":[{\"@type\":\"WebPage\",\"@id\":\"https:\/\/modernteh.md\/catalog\/hecht-324-masina-de-spalat-sub-presiune\/\",\"url\":\"https:\/\/modernteh.md\/catalog\/hecht-324-masina-de-spalat-sub-presiune\/\",\"name\":\"MASINA DE SPALAT SUB PRESIUNE hecht 324 - Modernteh\",\"isPartOf\":{\"@id\":\"https:\/\/modernteh.md\/#website\"},\"datePublished\":\"2022-06-29T19:34:51+00:00\",\"dateModified\":\"2023-12-14T15:01:35+00:00\",\"description\":\"Masina de spalat sub presiune,se foloseste pentru spalat autoturisme,motociclete, biciclete, rulote, dale, fa\u021bade, ferestre exterioare \u0219i u\u0219i, acoperi\u0219uri.\",\"breadcrumb\":{\"@id\":\"https:\/\/modernteh.md\/catalog\/hecht-324-masina-de-spalat-sub-presiune\/#breadcrumb\"},\"inLanguage\":\"ru-RU\",\"potentialAction\":[{\"@type\":\"ReadAction\",\"target\":[\"https:\/\/modernteh.md\/catalog\/hecht-324-masina-de-spalat-sub-presiune\/\"]}]},{\"@type\":\"BreadcrumbList\",\"@id\":\"https:\/\/modernteh.md\/catalog\/hecht-324-masina-de-spalat-sub-presiune\/#breadcrumb\",\"itemListElement\":[{\"@type\":\"ListItem\",\"position\":1,\"name\":\"Prima pagin\u0103\",\"item\":\"https:\/\/modernteh.md\/\"},{\"@type\":\"ListItem\",\"position\":2,\"name\":\"Catalog\",\"item\":\"https:\/\/modernteh.md\/catalog\/\"},{\"@type\":\"ListItem\",\"position\":3,\"name\":\"MASINA DE SPALAT SUB PRESIUNE hecht 324\"}]},{\"@type\":\"WebSite\",\"@id\":\"https:\/\/modernteh.md\/#website\",\"url\":\"https:\/\/modernteh.md\/\",\"name\":\"Modernteh\",\"description\":\"Modernteh\",\"publisher\":{\"@id\":\"https:\/\/modernteh.md\/#organization\"},\"potentialAction\":[{\"@type\":\"SearchAction\",\"target\":{\"@type\":\"EntryPoint\",\"urlTemplate\":\"https:\/\/modernteh.md\/?s={search_term_string}\"},\"query-input\":\"required name=search_term_string\"}],\"inLanguage\":\"ru-RU\"},{\"@type\":\"Organization\",\"@id\":\"https:\/\/modernteh.md\/#organization\",\"name\":\"Modernteh\",\"url\":\"https:\/\/modernteh.md\/\",\"logo\":{\"@type\":\"ImageObject\",\"inLanguage\":\"ru-RU\",\"@id\":\"https:\/\/modernteh.md\/#\/schema\/logo\/image\/\",\"url\":\"https:\/\/modernteh.md\/wp-content\/uploads\/2022\/06\/Logo_site-2.png\",\"contentUrl\":\"https:\/\/modernteh.md\/wp-content\/uploads\/2022\/06\/Logo_site-2.png\",\"width\":500,\"height\":487,\"caption\":\"Modernteh\"},\"image\":{\"@id\":\"https:\/\/modernteh.md\/#\/schema\/logo\/image\/\"},\"sameAs\":[\"https:\/\/www.facebook.com\/profile.php?id=100082695620019\"]}]}<\/script>\n<!-- \/ Yoast SEO plugin. -->","yoast_head_json":{"title":"MASINA DE SPALAT SUB PRESIUNE hecht 324 - Modernteh","description":"Masina de spalat sub presiune,se foloseste pentru spalat autoturisme,motociclete, biciclete, rulote, dale, fa\u021bade, ferestre exterioare \u0219i u\u0219i, acoperi\u0219uri.","robots":{"index":"index","follow":"follow","max-snippet":"max-snippet:-1","max-image-preview":"max-image-preview:large","max-video-preview":"max-video-preview:-1"},"canonical":"https:\/\/modernteh.md\/ru\/catalog\/hecht-324-masina-de-spalat-sub-presiune\/","og_locale":"ru_RU","og_type":"article","og_title":"MASINA DE SPALAT SUB PRESIUNE hecht 324 - Modernteh","og_description":"Masina de spalat sub presiune,se foloseste pentru spalat autoturisme,motociclete, biciclete, rulote, dale, fa\u021bade, ferestre exterioare \u0219i u\u0219i, acoperi\u0219uri.","og_url":"https:\/\/modernteh.md\/ru\/catalog\/hecht-324-masina-de-spalat-sub-presiune\/","og_site_name":"Modernteh","article_publisher":"https:\/\/www.facebook.com\/profile.php?id=100082695620019","article_modified_time":"2023-12-14T15:01:35+00:00","og_image":[{"width":600,"height":600,"url":"https:\/\/modernteh.md\/wp-content\/uploads\/2022\/06\/4-39.jpg","type":"image\/jpeg"}],"twitter_card":"summary_large_image","twitter_misc":{"\u041f\u0440\u0438\u043c\u0435\u0440\u043d\u043e\u0435 \u0432\u0440\u0435\u043c\u044f \u0434\u043b\u044f \u0447\u0442\u0435\u043d\u0438\u044f":"2 \u043c\u0438\u043d\u0443\u0442\u044b"},"schema":{"@context":"https:\/\/schema.org","@graph":[{"@type":"WebPage","@id":"https:\/\/modernteh.md\/catalog\/hecht-324-masina-de-spalat-sub-presiune\/","url":"https:\/\/modernteh.md\/catalog\/hecht-324-masina-de-spalat-sub-presiune\/","name":"MASINA DE SPALAT SUB PRESIUNE hecht 324 - Modernteh","isPartOf":{"@id":"https:\/\/modernteh.md\/#website"},"datePublished":"2022-06-29T19:34:51+00:00","dateModified":"2023-12-14T15:01:35+00:00","description":"Masina de spalat sub presiune,se foloseste pentru spalat autoturisme,motociclete, biciclete, rulote, dale, fa\u021bade, ferestre exterioare \u0219i u\u0219i, acoperi\u0219uri.","breadcrumb":{"@id":"https:\/\/modernteh.md\/catalog\/hecht-324-masina-de-spalat-sub-presiune\/#breadcrumb"},"inLanguage":"ru-RU","potentialAction":[{"@type":"ReadAction","target":["https:\/\/modernteh.md\/catalog\/hecht-324-masina-de-spalat-sub-presiune\/"]}]},{"@type":"BreadcrumbList","@id":"https:\/\/modernteh.md\/catalog\/hecht-324-masina-de-spalat-sub-presiune\/#breadcrumb","itemListElement":[{"@type":"ListItem","position":1,"name":"Prima pagin\u0103","item":"https:\/\/modernteh.md\/"},{"@type":"ListItem","position":2,"name":"Catalog","item":"https:\/\/modernteh.md\/catalog\/"},{"@type":"ListItem","position":3,"name":"MASINA DE SPALAT SUB PRESIUNE hecht 324"}]},{"@type":"WebSite","@id":"https:\/\/modernteh.md\/#website","url":"https:\/\/modernteh.md\/","name":"Modernteh","description":"Modernteh","publisher":{"@id":"https:\/\/modernteh.md\/#organization"},"potentialAction":[{"@type":"SearchAction","target":{"@type":"EntryPoint","urlTemplate":"https:\/\/modernteh.md\/?s={search_term_string}"},"query-input":"required name=search_term_string"}],"inLanguage":"ru-RU"},{"@type":"Organization","@id":"https:\/\/modernteh.md\/#organization","name":"Modernteh","url":"https:\/\/modernteh.md\/","logo":{"@type":"ImageObject","inLanguage":"ru-RU","@id":"https:\/\/modernteh.md\/#\/schema\/logo\/image\/","url":"https:\/\/modernteh.md\/wp-content\/uploads\/2022\/06\/Logo_site-2.png","contentUrl":"https:\/\/modernteh.md\/wp-content\/uploads\/2022\/06\/Logo_site-2.png","width":500,"height":487,"caption":"Modernteh"},"image":{"@id":"https:\/\/modernteh.md\/#\/schema\/logo\/image\/"},"sameAs":["https:\/\/www.facebook.com\/profile.php?id=100082695620019"]}]}},"_links":{"self":[{"href":"https:\/\/modernteh.md\/ru\/wp-json\/wp\/v2\/product\/2759","targetHints":{"allow":["GET"]}}],"collection":[{"href":"https:\/\/modernteh.md\/ru\/wp-json\/wp\/v2\/product"}],"about":[{"href":"https:\/\/modernteh.md\/ru\/wp-json\/wp\/v2\/types\/product"}],"wp:featuredmedia":[{"embeddable":true,"href":"https:\/\/modernteh.md\/ru\/wp-json\/wp\/v2\/media\/2760"}],"wp:attachment":[{"href":"https:\/\/modernteh.md\/ru\/wp-json\/wp\/v2\/media?parent=2759"}],"wp:term":[{"taxonomy":"product_cat","embeddable":true,"href":"https:\/\/modernteh.md\/ru\/wp-json\/wp\/v2\/product_cat?post=2759"},{"taxonomy":"product_tag","embeddable":true,"href":"https:\/\/modernteh.md\/ru\/wp-json\/wp\/v2\/product_tag?post=2759"}],"curies":[{"name":"wp","href":"https:\/\/api.w.org\/{rel}","templated":true}]}}