{"id":2801,"date":"2022-06-30T11:43:23","date_gmt":"2022-06-30T11:43:23","guid":{"rendered":"https:\/\/modernteh.md\/?post_type=product&#038;p=2801"},"modified":"2023-12-14T15:01:56","modified_gmt":"2023-12-14T15:01:56","slug":"hidrofor-hecht-3331","status":"publish","type":"product","link":"https:\/\/modernteh.md\/ru\/catalog\/hidrofor-hecht-3331\/","title":{"rendered":"HIDROFOR HECHT 3331"},"content":{"rendered":"<p>Informa\u021bii despre produs<br \/>\nPompa de suprafa\u021b\u0103 3331 de la Hecht este un adev\u0103rat profesionist \u00een transportul apei curate la domiciliu. Apa de la robinet a casei tale este alimentat\u0103 dintr-un rezervor sau f\u00e2nt\u00e2n\u0103 la aparatele de uz casnic, cum ar fi o ma\u0219in\u0103 de sp\u0103lat, ma\u0219in\u0103 de sp\u0103lat vase, du\u0219, toalet\u0103, chiuvet\u0103 sau udarea gr\u0103dinii \u0219i asigur\u0103 presiune constant\u0103 conductei de ap\u0103.<br \/>\n\u00cen\u0103l\u021bimea aliment\u0103rii cu ap\u0103. Motorul electric de 1100 W ofer\u0103 o performan\u021b\u0103 corespunz\u0103toare. La o presiune de 4,5 bari, productivitatea este de 4600 l\/h. Pompa 3331 are un rezervor de ap\u0103 de 24 de litri.<\/p>\n<p>Pompa este fiabil\u0103 \u0219i durabil\u0103, cu o manoper\u0103 de \u00eenalt\u0103 calitate. Pentru robo\u021bi, este suficient s\u0103 folosi\u021bi o priz\u0103 obi\u0219nuit\u0103. Presostatoarele din acest aparat modern sunt bine protejate de o carcas\u0103. Presostatul diferen\u0163ial controleaz\u0103 automat alimentarea cu ap\u0103.<br \/>\nBrand: Hecht<br \/>\n\u0422\u0438\u043f \u0434\u0432\u0438\u0433\u0430\u0442\u0435\u043b\u044f: \u044d\u043b\u0435\u043a\u0442\u0440\u0438\u0447\u0435\u0441\u043a\u0438\u0439<br \/>\nTensiune de alimentare:230V\/ 50Hz<br \/>\nPutere: 1100 W<br \/>\nPresiune maxima: 4.5 bar<br \/>\nInaltimea maxima:45 m<br \/>\nDebit de apa:4600 l\/h<br \/>\nInaltimea de aspirare: 8 m<br \/>\nDimensiuni colet: 565 x 330 x 660 mm<\/p>","protected":false},"excerpt":{"rendered":"<p>Informa\u021bii despre produs Pompa de suprafa\u021b\u0103 3331 de la Hecht este un adev\u0103rat profesionist \u00een transportul apei curate la domiciliu.<\/p>","protected":false},"featured_media":2802,"template":"","meta":[],"product_cat":[162],"product_tag":[],"class_list":{"0":"post-2801","1":"product","2":"type-product","3":"status-publish","4":"has-post-thumbnail","6":"product_cat-fara-categorie","8":"first","9":"outofstock","10":"shipping-taxable","11":"purchasable","12":"product-type-simple"},"yoast_head":"<!-- This site is optimized with the Yoast SEO plugin v20.12 - https:\/\/yoast.com\/wordpress\/plugins\/seo\/ -->\n<title>HIDROFOR HECHT 3331 - Modernteh<\/title>\n<meta name=\"robots\" content=\"index, follow, max-snippet:-1, max-image-preview:large, max-video-preview:-1\" \/>\n<link rel=\"canonical\" href=\"https:\/\/modernteh.md\/ru\/catalog\/hidrofor-hecht-3331\/\" \/>\n<meta property=\"og:locale\" content=\"ru_RU\" \/>\n<meta property=\"og:type\" content=\"article\" \/>\n<meta property=\"og:title\" content=\"HIDROFOR HECHT 3331 - Modernteh\" \/>\n<meta property=\"og:description\" content=\"Informa\u021bii despre produs Pompa de suprafa\u021b\u0103 3331 de la Hecht este un adev\u0103rat profesionist \u00een transportul apei curate la domiciliu.\" \/>\n<meta property=\"og:url\" content=\"https:\/\/modernteh.md\/ru\/catalog\/hidrofor-hecht-3331\/\" \/>\n<meta property=\"og:site_name\" content=\"Modernteh\" \/>\n<meta property=\"article:publisher\" content=\"https:\/\/www.facebook.com\/profile.php?id=100082695620019\" \/>\n<meta property=\"article:modified_time\" content=\"2023-12-14T15:01:56+00:00\" \/>\n<meta property=\"og:image\" content=\"https:\/\/modernteh.md\/wp-content\/uploads\/2022\/06\/hecht_3331_7.1900x1200.jpg\" \/>\n\t<meta property=\"og:image:width\" content=\"1182\" \/>\n\t<meta property=\"og:image:height\" content=\"1200\" \/>\n\t<meta property=\"og:image:type\" content=\"image\/jpeg\" \/>\n<meta name=\"twitter:card\" content=\"summary_large_image\" \/>\n<meta name=\"twitter:label1\" content=\"\u041f\u0440\u0438\u043c\u0435\u0440\u043d\u043e\u0435 \u0432\u0440\u0435\u043c\u044f \u0434\u043b\u044f \u0447\u0442\u0435\u043d\u0438\u044f\" \/>\n\t<meta name=\"twitter:data1\" content=\"1 \u043c\u0438\u043d\u0443\u0442\u0430\" \/>\n<script type=\"application\/ld+json\" class=\"yoast-schema-graph\">{\"@context\":\"https:\/\/schema.org\",\"@graph\":[{\"@type\":\"WebPage\",\"@id\":\"https:\/\/modernteh.md\/catalog\/hidrofor-hecht-3331\/\",\"url\":\"https:\/\/modernteh.md\/catalog\/hidrofor-hecht-3331\/\",\"name\":\"HIDROFOR HECHT 3331 - Modernteh\",\"isPartOf\":{\"@id\":\"https:\/\/modernteh.md\/#website\"},\"datePublished\":\"2022-06-30T11:43:23+00:00\",\"dateModified\":\"2023-12-14T15:01:56+00:00\",\"breadcrumb\":{\"@id\":\"https:\/\/modernteh.md\/catalog\/hidrofor-hecht-3331\/#breadcrumb\"},\"inLanguage\":\"ru-RU\",\"potentialAction\":[{\"@type\":\"ReadAction\",\"target\":[\"https:\/\/modernteh.md\/catalog\/hidrofor-hecht-3331\/\"]}]},{\"@type\":\"BreadcrumbList\",\"@id\":\"https:\/\/modernteh.md\/catalog\/hidrofor-hecht-3331\/#breadcrumb\",\"itemListElement\":[{\"@type\":\"ListItem\",\"position\":1,\"name\":\"Prima pagin\u0103\",\"item\":\"https:\/\/modernteh.md\/\"},{\"@type\":\"ListItem\",\"position\":2,\"name\":\"Catalog\",\"item\":\"https:\/\/modernteh.md\/catalog\/\"},{\"@type\":\"ListItem\",\"position\":3,\"name\":\"HIDROFOR HECHT 3331\"}]},{\"@type\":\"WebSite\",\"@id\":\"https:\/\/modernteh.md\/#website\",\"url\":\"https:\/\/modernteh.md\/\",\"name\":\"Modernteh\",\"description\":\"Modernteh\",\"publisher\":{\"@id\":\"https:\/\/modernteh.md\/#organization\"},\"potentialAction\":[{\"@type\":\"SearchAction\",\"target\":{\"@type\":\"EntryPoint\",\"urlTemplate\":\"https:\/\/modernteh.md\/?s={search_term_string}\"},\"query-input\":\"required name=search_term_string\"}],\"inLanguage\":\"ru-RU\"},{\"@type\":\"Organization\",\"@id\":\"https:\/\/modernteh.md\/#organization\",\"name\":\"Modernteh\",\"url\":\"https:\/\/modernteh.md\/\",\"logo\":{\"@type\":\"ImageObject\",\"inLanguage\":\"ru-RU\",\"@id\":\"https:\/\/modernteh.md\/#\/schema\/logo\/image\/\",\"url\":\"https:\/\/modernteh.md\/wp-content\/uploads\/2022\/06\/Logo_site-2.png\",\"contentUrl\":\"https:\/\/modernteh.md\/wp-content\/uploads\/2022\/06\/Logo_site-2.png\",\"width\":500,\"height\":487,\"caption\":\"Modernteh\"},\"image\":{\"@id\":\"https:\/\/modernteh.md\/#\/schema\/logo\/image\/\"},\"sameAs\":[\"https:\/\/www.facebook.com\/profile.php?id=100082695620019\"]}]}<\/script>\n<!-- \/ Yoast SEO plugin. -->","yoast_head_json":{"title":"HIDROFOR HECHT 3331 - Modernteh","robots":{"index":"index","follow":"follow","max-snippet":"max-snippet:-1","max-image-preview":"max-image-preview:large","max-video-preview":"max-video-preview:-1"},"canonical":"https:\/\/modernteh.md\/ru\/catalog\/hidrofor-hecht-3331\/","og_locale":"ru_RU","og_type":"article","og_title":"HIDROFOR HECHT 3331 - Modernteh","og_description":"Informa\u021bii despre produs Pompa de suprafa\u021b\u0103 3331 de la Hecht este un adev\u0103rat profesionist \u00een transportul apei curate la domiciliu.","og_url":"https:\/\/modernteh.md\/ru\/catalog\/hidrofor-hecht-3331\/","og_site_name":"Modernteh","article_publisher":"https:\/\/www.facebook.com\/profile.php?id=100082695620019","article_modified_time":"2023-12-14T15:01:56+00:00","og_image":[{"width":1182,"height":1200,"url":"https:\/\/modernteh.md\/wp-content\/uploads\/2022\/06\/hecht_3331_7.1900x1200.jpg","type":"image\/jpeg"}],"twitter_card":"summary_large_image","twitter_misc":{"\u041f\u0440\u0438\u043c\u0435\u0440\u043d\u043e\u0435 \u0432\u0440\u0435\u043c\u044f \u0434\u043b\u044f \u0447\u0442\u0435\u043d\u0438\u044f":"1 \u043c\u0438\u043d\u0443\u0442\u0430"},"schema":{"@context":"https:\/\/schema.org","@graph":[{"@type":"WebPage","@id":"https:\/\/modernteh.md\/catalog\/hidrofor-hecht-3331\/","url":"https:\/\/modernteh.md\/catalog\/hidrofor-hecht-3331\/","name":"HIDROFOR HECHT 3331 - Modernteh","isPartOf":{"@id":"https:\/\/modernteh.md\/#website"},"datePublished":"2022-06-30T11:43:23+00:00","dateModified":"2023-12-14T15:01:56+00:00","breadcrumb":{"@id":"https:\/\/modernteh.md\/catalog\/hidrofor-hecht-3331\/#breadcrumb"},"inLanguage":"ru-RU","potentialAction":[{"@type":"ReadAction","target":["https:\/\/modernteh.md\/catalog\/hidrofor-hecht-3331\/"]}]},{"@type":"BreadcrumbList","@id":"https:\/\/modernteh.md\/catalog\/hidrofor-hecht-3331\/#breadcrumb","itemListElement":[{"@type":"ListItem","position":1,"name":"Prima pagin\u0103","item":"https:\/\/modernteh.md\/"},{"@type":"ListItem","position":2,"name":"Catalog","item":"https:\/\/modernteh.md\/catalog\/"},{"@type":"ListItem","position":3,"name":"HIDROFOR HECHT 3331"}]},{"@type":"WebSite","@id":"https:\/\/modernteh.md\/#website","url":"https:\/\/modernteh.md\/","name":"Modernteh","description":"Modernteh","publisher":{"@id":"https:\/\/modernteh.md\/#organization"},"potentialAction":[{"@type":"SearchAction","target":{"@type":"EntryPoint","urlTemplate":"https:\/\/modernteh.md\/?s={search_term_string}"},"query-input":"required name=search_term_string"}],"inLanguage":"ru-RU"},{"@type":"Organization","@id":"https:\/\/modernteh.md\/#organization","name":"Modernteh","url":"https:\/\/modernteh.md\/","logo":{"@type":"ImageObject","inLanguage":"ru-RU","@id":"https:\/\/modernteh.md\/#\/schema\/logo\/image\/","url":"https:\/\/modernteh.md\/wp-content\/uploads\/2022\/06\/Logo_site-2.png","contentUrl":"https:\/\/modernteh.md\/wp-content\/uploads\/2022\/06\/Logo_site-2.png","width":500,"height":487,"caption":"Modernteh"},"image":{"@id":"https:\/\/modernteh.md\/#\/schema\/logo\/image\/"},"sameAs":["https:\/\/www.facebook.com\/profile.php?id=100082695620019"]}]}},"_links":{"self":[{"href":"https:\/\/modernteh.md\/ru\/wp-json\/wp\/v2\/product\/2801","targetHints":{"allow":["GET"]}}],"collection":[{"href":"https:\/\/modernteh.md\/ru\/wp-json\/wp\/v2\/product"}],"about":[{"href":"https:\/\/modernteh.md\/ru\/wp-json\/wp\/v2\/types\/product"}],"wp:featuredmedia":[{"embeddable":true,"href":"https:\/\/modernteh.md\/ru\/wp-json\/wp\/v2\/media\/2802"}],"wp:attachment":[{"href":"https:\/\/modernteh.md\/ru\/wp-json\/wp\/v2\/media?parent=2801"}],"wp:term":[{"taxonomy":"product_cat","embeddable":true,"href":"https:\/\/modernteh.md\/ru\/wp-json\/wp\/v2\/product_cat?post=2801"},{"taxonomy":"product_tag","embeddable":true,"href":"https:\/\/modernteh.md\/ru\/wp-json\/wp\/v2\/product_tag?post=2801"}],"curies":[{"name":"wp","href":"https:\/\/api.w.org\/{rel}","templated":true}]}}