{"id":2832,"date":"2022-06-30T13:04:58","date_gmt":"2022-06-30T13:04:58","guid":{"rendered":"https:\/\/modernteh.md\/?post_type=product&#038;p=2832"},"modified":"2025-11-12T12:59:17","modified_gmt":"2025-11-12T12:59:17","slug":"adapatoare-bovine-fonta","status":"publish","type":"product","link":"https:\/\/modernteh.md\/ru\/catalog\/adapatoare-bovine-fonta\/","title":{"rendered":"Ad\u0103p\u0103toare bovine font\u0103 1.5L"},"content":{"rendered":"<p>Ad\u0103p\u0103toare bovine font\u0103 1.5L<br \/>\nconfec\u021bionat\u0103 din font\u0103 emailat\u0103 cu clapet\u0103 din inox;<br \/>\ncapacitate 1.5 litri;<br \/>\nsistem de prindere pe perete sau pe \u021beava<br \/>\nAd\u0103p\u0103toare bovine font\u0103 1.5L i\u021bi va permite s\u0103 economise\u0219ti aproximativ 30% ap\u0103 \u00een compara\u021bie cu rezervorul de ap\u0103 tradi\u021bional. Aceasta permite s\u0103 p\u0103trund\u0103 cantitatea potrivit\u0103 de ap\u0103, asigur\u00e2nd o utilizare u\u0219oar\u0103, sigur\u0103 \u0219i convenabil\u0103 pentru vaci, oi, capre \u0219i cai, este perfect\u0103 pentru hidratarea zilnic\u0103 a animalelor. \u00cen cazul \u00een care medicul veterinar recomand\u0103 anumite medicamente solubile \u00een ap\u0103 pentru animalele tale, po\u021bi la fel de bine s\u0103 dizolvi medicamentul \u00een recipientul cu ap\u0103 (ad\u0103p\u0103toare).<\/p>\n<p>Beneficii ad\u0103p\u0103toare bovine font\u0103:<\/p>\n<p>&#8211; ad\u0103p\u0103toare din fonta pentru vaci, oi, capre \u0219i cai se bucur\u0103 de instalare u\u0219oar\u0103;<br \/>\n&#8211; nu necesit\u0103 verificarea continu\u0103 a apei;<br \/>\n&#8211; se bucur\u0103 de un design unic \u0219i v\u0103 va ajuta s\u0103 salvezi for\u021ba de munc\u0103 (timpul de lucru);<br \/>\n&#8211; tot ceea ce trebuie s\u0103 face\u021bi este s\u0103 v\u0103 asigura\u021bi c\u0103 \u021bevile se conecteaz\u0103 la ap\u0103 sau dac\u0103 rezervorul are ap\u0103.<\/p>\n<p>Avantaje ad\u0103p\u0103toare bovine font\u0103:<\/p>\n<p>&#8211; se economise\u0219te aproximativ 30% ap\u0103 \u00een compara\u021bie cu rezervorul de ap\u0103 tradi\u021bional;<br \/>\n&#8211; se poate dizolva medicamentul animalelor \u00een recipientul cu ap\u0103 (ad\u0103patoare);<br \/>\n&#8211; utilizare u\u0219oar\u0103, sigur\u0103 \u0219i convenabil\u0103 ce nu necesit\u0103 verificarea continu\u0103 a apei.<\/p>","protected":false},"excerpt":{"rendered":"<p>Ad\u0103p\u0103toare bovine font\u0103 1.5L confec\u021bionat\u0103 din font\u0103 emailat\u0103 cu clapet\u0103 din inox; capacitate 1.5 litri; sistem de prindere pe perete<\/p>","protected":false},"featured_media":2833,"template":"","meta":[],"product_cat":[125],"product_tag":[],"class_list":{"0":"post-2832","1":"product","2":"type-product","3":"status-publish","4":"has-post-thumbnail","6":"product_cat-adapatori-vaci-oi-porci","8":"first","9":"instock","10":"shipping-taxable","11":"purchasable","12":"product-type-simple"},"yoast_head":"<!-- This site is optimized with the Yoast SEO plugin v20.12 - https:\/\/yoast.com\/wordpress\/plugins\/seo\/ -->\n<title>Ad\u0103p\u0103toare bovine font\u0103 1.5L - Modernteh<\/title>\n<meta name=\"description\" content=\"Ad\u0103p\u0103toare bovine font\u0103 1.5L i\u021bi va permite s\u0103 economise\u0219ti aproximativ 30% ap\u0103 \u00een compara\u021bie cu rezervorul de ap\u0103 tradi\u021bional\" \/>\n<meta name=\"robots\" content=\"index, follow, max-snippet:-1, max-image-preview:large, max-video-preview:-1\" \/>\n<link rel=\"canonical\" href=\"https:\/\/modernteh.md\/ru\/catalog\/adapatoare-bovine-fonta\/\" \/>\n<meta property=\"og:locale\" content=\"ru_RU\" \/>\n<meta property=\"og:type\" content=\"article\" \/>\n<meta property=\"og:title\" content=\"Ad\u0103p\u0103toare bovine font\u0103 1.5L - Modernteh\" \/>\n<meta property=\"og:description\" content=\"Ad\u0103p\u0103toare bovine font\u0103 1.5L i\u021bi va permite s\u0103 economise\u0219ti aproximativ 30% ap\u0103 \u00een compara\u021bie cu rezervorul de ap\u0103 tradi\u021bional\" \/>\n<meta property=\"og:url\" content=\"https:\/\/modernteh.md\/ru\/catalog\/adapatoare-bovine-fonta\/\" \/>\n<meta property=\"og:site_name\" content=\"Modernteh\" \/>\n<meta property=\"article:publisher\" content=\"https:\/\/www.facebook.com\/profile.php?id=100082695620019\" \/>\n<meta property=\"article:modified_time\" content=\"2025-11-12T12:59:17+00:00\" \/>\n<meta property=\"og:image\" content=\"https:\/\/modernteh.md\/wp-content\/uploads\/2022\/06\/adapatoare-bovine-fonta-WB705-500-500-500-500-500-500-500-500-500-500-500-500-500-500-500-500-500-500-500-500-500-500.jpg\" \/>\n\t<meta property=\"og:image:width\" content=\"500\" \/>\n\t<meta property=\"og:image:height\" content=\"500\" \/>\n\t<meta property=\"og:image:type\" content=\"image\/jpeg\" \/>\n<meta name=\"twitter:card\" content=\"summary_large_image\" \/>\n<meta name=\"twitter:label1\" content=\"\u041f\u0440\u0438\u043c\u0435\u0440\u043d\u043e\u0435 \u0432\u0440\u0435\u043c\u044f \u0434\u043b\u044f \u0447\u0442\u0435\u043d\u0438\u044f\" \/>\n\t<meta name=\"twitter:data1\" content=\"2 \u043c\u0438\u043d\u0443\u0442\u044b\" \/>\n<script type=\"application\/ld+json\" class=\"yoast-schema-graph\">{\"@context\":\"https:\/\/schema.org\",\"@graph\":[{\"@type\":\"WebPage\",\"@id\":\"https:\/\/modernteh.md\/catalog\/adapatoare-bovine-fonta\/\",\"url\":\"https:\/\/modernteh.md\/catalog\/adapatoare-bovine-fonta\/\",\"name\":\"Ad\u0103p\u0103toare bovine font\u0103 1.5L - Modernteh\",\"isPartOf\":{\"@id\":\"https:\/\/modernteh.md\/#website\"},\"datePublished\":\"2022-06-30T13:04:58+00:00\",\"dateModified\":\"2025-11-12T12:59:17+00:00\",\"description\":\"Ad\u0103p\u0103toare bovine font\u0103 1.5L i\u021bi va permite s\u0103 economise\u0219ti aproximativ 30% ap\u0103 \u00een compara\u021bie cu rezervorul de ap\u0103 tradi\u021bional\",\"breadcrumb\":{\"@id\":\"https:\/\/modernteh.md\/catalog\/adapatoare-bovine-fonta\/#breadcrumb\"},\"inLanguage\":\"ru-RU\",\"potentialAction\":[{\"@type\":\"ReadAction\",\"target\":[\"https:\/\/modernteh.md\/catalog\/adapatoare-bovine-fonta\/\"]}]},{\"@type\":\"BreadcrumbList\",\"@id\":\"https:\/\/modernteh.md\/catalog\/adapatoare-bovine-fonta\/#breadcrumb\",\"itemListElement\":[{\"@type\":\"ListItem\",\"position\":1,\"name\":\"Prima pagin\u0103\",\"item\":\"https:\/\/modernteh.md\/\"},{\"@type\":\"ListItem\",\"position\":2,\"name\":\"Catalog\",\"item\":\"https:\/\/modernteh.md\/catalog\/\"},{\"@type\":\"ListItem\",\"position\":3,\"name\":\"Ad\u0103p\u0103toare bovine font\u0103 1.5L\"}]},{\"@type\":\"WebSite\",\"@id\":\"https:\/\/modernteh.md\/#website\",\"url\":\"https:\/\/modernteh.md\/\",\"name\":\"Modernteh\",\"description\":\"Modernteh\",\"publisher\":{\"@id\":\"https:\/\/modernteh.md\/#organization\"},\"potentialAction\":[{\"@type\":\"SearchAction\",\"target\":{\"@type\":\"EntryPoint\",\"urlTemplate\":\"https:\/\/modernteh.md\/?s={search_term_string}\"},\"query-input\":\"required name=search_term_string\"}],\"inLanguage\":\"ru-RU\"},{\"@type\":\"Organization\",\"@id\":\"https:\/\/modernteh.md\/#organization\",\"name\":\"Modernteh\",\"url\":\"https:\/\/modernteh.md\/\",\"logo\":{\"@type\":\"ImageObject\",\"inLanguage\":\"ru-RU\",\"@id\":\"https:\/\/modernteh.md\/#\/schema\/logo\/image\/\",\"url\":\"https:\/\/modernteh.md\/wp-content\/uploads\/2022\/06\/Logo_site-2.png\",\"contentUrl\":\"https:\/\/modernteh.md\/wp-content\/uploads\/2022\/06\/Logo_site-2.png\",\"width\":500,\"height\":487,\"caption\":\"Modernteh\"},\"image\":{\"@id\":\"https:\/\/modernteh.md\/#\/schema\/logo\/image\/\"},\"sameAs\":[\"https:\/\/www.facebook.com\/profile.php?id=100082695620019\"]}]}<\/script>\n<!-- \/ Yoast SEO plugin. -->","yoast_head_json":{"title":"Ad\u0103p\u0103toare bovine font\u0103 1.5L - Modernteh","description":"Ad\u0103p\u0103toare bovine font\u0103 1.5L i\u021bi va permite s\u0103 economise\u0219ti aproximativ 30% ap\u0103 \u00een compara\u021bie cu rezervorul de ap\u0103 tradi\u021bional","robots":{"index":"index","follow":"follow","max-snippet":"max-snippet:-1","max-image-preview":"max-image-preview:large","max-video-preview":"max-video-preview:-1"},"canonical":"https:\/\/modernteh.md\/ru\/catalog\/adapatoare-bovine-fonta\/","og_locale":"ru_RU","og_type":"article","og_title":"Ad\u0103p\u0103toare bovine font\u0103 1.5L - Modernteh","og_description":"Ad\u0103p\u0103toare bovine font\u0103 1.5L i\u021bi va permite s\u0103 economise\u0219ti aproximativ 30% ap\u0103 \u00een compara\u021bie cu rezervorul de ap\u0103 tradi\u021bional","og_url":"https:\/\/modernteh.md\/ru\/catalog\/adapatoare-bovine-fonta\/","og_site_name":"Modernteh","article_publisher":"https:\/\/www.facebook.com\/profile.php?id=100082695620019","article_modified_time":"2025-11-12T12:59:17+00:00","og_image":[{"width":500,"height":500,"url":"https:\/\/modernteh.md\/wp-content\/uploads\/2022\/06\/adapatoare-bovine-fonta-WB705-500-500-500-500-500-500-500-500-500-500-500-500-500-500-500-500-500-500-500-500-500-500.jpg","type":"image\/jpeg"}],"twitter_card":"summary_large_image","twitter_misc":{"\u041f\u0440\u0438\u043c\u0435\u0440\u043d\u043e\u0435 \u0432\u0440\u0435\u043c\u044f \u0434\u043b\u044f \u0447\u0442\u0435\u043d\u0438\u044f":"2 \u043c\u0438\u043d\u0443\u0442\u044b"},"schema":{"@context":"https:\/\/schema.org","@graph":[{"@type":"WebPage","@id":"https:\/\/modernteh.md\/catalog\/adapatoare-bovine-fonta\/","url":"https:\/\/modernteh.md\/catalog\/adapatoare-bovine-fonta\/","name":"Ad\u0103p\u0103toare bovine font\u0103 1.5L - Modernteh","isPartOf":{"@id":"https:\/\/modernteh.md\/#website"},"datePublished":"2022-06-30T13:04:58+00:00","dateModified":"2025-11-12T12:59:17+00:00","description":"Ad\u0103p\u0103toare bovine font\u0103 1.5L i\u021bi va permite s\u0103 economise\u0219ti aproximativ 30% ap\u0103 \u00een compara\u021bie cu rezervorul de ap\u0103 tradi\u021bional","breadcrumb":{"@id":"https:\/\/modernteh.md\/catalog\/adapatoare-bovine-fonta\/#breadcrumb"},"inLanguage":"ru-RU","potentialAction":[{"@type":"ReadAction","target":["https:\/\/modernteh.md\/catalog\/adapatoare-bovine-fonta\/"]}]},{"@type":"BreadcrumbList","@id":"https:\/\/modernteh.md\/catalog\/adapatoare-bovine-fonta\/#breadcrumb","itemListElement":[{"@type":"ListItem","position":1,"name":"Prima pagin\u0103","item":"https:\/\/modernteh.md\/"},{"@type":"ListItem","position":2,"name":"Catalog","item":"https:\/\/modernteh.md\/catalog\/"},{"@type":"ListItem","position":3,"name":"Ad\u0103p\u0103toare bovine font\u0103 1.5L"}]},{"@type":"WebSite","@id":"https:\/\/modernteh.md\/#website","url":"https:\/\/modernteh.md\/","name":"Modernteh","description":"Modernteh","publisher":{"@id":"https:\/\/modernteh.md\/#organization"},"potentialAction":[{"@type":"SearchAction","target":{"@type":"EntryPoint","urlTemplate":"https:\/\/modernteh.md\/?s={search_term_string}"},"query-input":"required name=search_term_string"}],"inLanguage":"ru-RU"},{"@type":"Organization","@id":"https:\/\/modernteh.md\/#organization","name":"Modernteh","url":"https:\/\/modernteh.md\/","logo":{"@type":"ImageObject","inLanguage":"ru-RU","@id":"https:\/\/modernteh.md\/#\/schema\/logo\/image\/","url":"https:\/\/modernteh.md\/wp-content\/uploads\/2022\/06\/Logo_site-2.png","contentUrl":"https:\/\/modernteh.md\/wp-content\/uploads\/2022\/06\/Logo_site-2.png","width":500,"height":487,"caption":"Modernteh"},"image":{"@id":"https:\/\/modernteh.md\/#\/schema\/logo\/image\/"},"sameAs":["https:\/\/www.facebook.com\/profile.php?id=100082695620019"]}]}},"_links":{"self":[{"href":"https:\/\/modernteh.md\/ru\/wp-json\/wp\/v2\/product\/2832","targetHints":{"allow":["GET"]}}],"collection":[{"href":"https:\/\/modernteh.md\/ru\/wp-json\/wp\/v2\/product"}],"about":[{"href":"https:\/\/modernteh.md\/ru\/wp-json\/wp\/v2\/types\/product"}],"wp:featuredmedia":[{"embeddable":true,"href":"https:\/\/modernteh.md\/ru\/wp-json\/wp\/v2\/media\/2833"}],"wp:attachment":[{"href":"https:\/\/modernteh.md\/ru\/wp-json\/wp\/v2\/media?parent=2832"}],"wp:term":[{"taxonomy":"product_cat","embeddable":true,"href":"https:\/\/modernteh.md\/ru\/wp-json\/wp\/v2\/product_cat?post=2832"},{"taxonomy":"product_tag","embeddable":true,"href":"https:\/\/modernteh.md\/ru\/wp-json\/wp\/v2\/product_tag?post=2832"}],"curies":[{"name":"wp","href":"https:\/\/api.w.org\/{rel}","templated":true}]}}