{"id":2914,"date":"2022-08-01T08:41:05","date_gmt":"2022-08-01T08:41:05","guid":{"rendered":"https:\/\/modernteh.md\/?post_type=product&#038;p=2914"},"modified":"2023-12-14T14:06:09","modified_gmt":"2023-12-14T14:06:09","slug":"adapatoare-cu-niplu-cot-a101-2","status":"publish","type":"product","link":"https:\/\/modernteh.md\/ru\/catalog\/adapatoare-cu-niplu-cot-a101-2\/","title":{"rendered":"Ad\u0103p\u0103toare cu niplu Cot + A101"},"content":{"rendered":"<p>Specifica\u021bii ad\u0103p\u0103tori cu niplu Cot + A101<\/p>\n<p>Ad\u0103p\u0103toarea pentru iepuri \u0219i p\u0103s\u0103ri este format\u0103 dintr-un niplu  metalic cu filet exterior, mecanism format din cui declan\u015fator \u015fi greutate pentru auto-\u00eenchidere, corp din ABS (plastic rezistent) \u00eembr\u0103cat \u00een inox protector \u015fi sistem de fixare prin infiletare.<\/p>\n<p>Niplul  metalic \u00eempiedic\u0103 distrugerea ad\u0103p\u0103torii de c\u0103tre iepuri, iar sistemul de infiletare permite o fixare foarte facil\u0103 \u00een recipient.<\/p>\n<p>Niplurile sunt metalice, cu \u00eenchidere prin c\u0103dere (f\u0103r\u0103 arc).<\/p>","protected":false},"excerpt":{"rendered":"<p>Specifica\u021bii ad\u0103p\u0103tori cu niplu Cot + A101 Ad\u0103p\u0103toarea pentru iepuri \u0219i p\u0103s\u0103ri este format\u0103 dintr-un niplu metalic cu filet exterior,<\/p>","protected":false},"featured_media":2915,"template":"","meta":[],"product_cat":[127],"product_tag":[],"class_list":{"0":"post-2914","1":"product","2":"type-product","3":"status-publish","4":"has-post-thumbnail","6":"product_cat-adapatori-si-hranitori-iepuri","8":"first","9":"outofstock","10":"shipping-taxable","11":"purchasable","12":"product-type-simple"},"yoast_head":"<!-- This site is optimized with the Yoast SEO plugin v20.12 - https:\/\/yoast.com\/wordpress\/plugins\/seo\/ -->\n<title>Ad\u0103p\u0103toare cu niplu Cot + A101 - Modernteh<\/title>\n<meta name=\"robots\" content=\"index, follow, max-snippet:-1, max-image-preview:large, max-video-preview:-1\" \/>\n<link rel=\"canonical\" href=\"https:\/\/modernteh.md\/ru\/catalog\/adapatoare-cu-niplu-cot-a101-2\/\" \/>\n<meta property=\"og:locale\" content=\"ru_RU\" \/>\n<meta property=\"og:type\" content=\"article\" \/>\n<meta property=\"og:title\" content=\"Ad\u0103p\u0103toare cu niplu Cot + A101 - Modernteh\" \/>\n<meta property=\"og:description\" content=\"Specifica\u021bii ad\u0103p\u0103tori cu niplu Cot + A101 Ad\u0103p\u0103toarea pentru iepuri \u0219i p\u0103s\u0103ri este format\u0103 dintr-un niplu metalic cu filet exterior,\" \/>\n<meta property=\"og:url\" content=\"https:\/\/modernteh.md\/ru\/catalog\/adapatoare-cu-niplu-cot-a101-2\/\" \/>\n<meta property=\"og:site_name\" content=\"Modernteh\" \/>\n<meta property=\"article:publisher\" content=\"https:\/\/www.facebook.com\/profile.php?id=100082695620019\" \/>\n<meta property=\"article:modified_time\" content=\"2023-12-14T14:06:09+00:00\" \/>\n<meta property=\"og:image\" content=\"https:\/\/modernteh.md\/wp-content\/uploads\/2022\/08\/adapatoare-niplu-cot-A101-1-500-500-500-500-500-500.jpg\" \/>\n\t<meta property=\"og:image:width\" content=\"500\" \/>\n\t<meta property=\"og:image:height\" content=\"500\" \/>\n\t<meta property=\"og:image:type\" content=\"image\/jpeg\" \/>\n<meta name=\"twitter:card\" content=\"summary_large_image\" \/>\n<script type=\"application\/ld+json\" class=\"yoast-schema-graph\">{\"@context\":\"https:\/\/schema.org\",\"@graph\":[{\"@type\":\"WebPage\",\"@id\":\"https:\/\/modernteh.md\/catalog\/adapatoare-cu-niplu-cot-a101-2\/\",\"url\":\"https:\/\/modernteh.md\/catalog\/adapatoare-cu-niplu-cot-a101-2\/\",\"name\":\"Ad\u0103p\u0103toare cu niplu Cot + A101 - Modernteh\",\"isPartOf\":{\"@id\":\"https:\/\/modernteh.md\/#website\"},\"datePublished\":\"2022-08-01T08:41:05+00:00\",\"dateModified\":\"2023-12-14T14:06:09+00:00\",\"breadcrumb\":{\"@id\":\"https:\/\/modernteh.md\/catalog\/adapatoare-cu-niplu-cot-a101-2\/#breadcrumb\"},\"inLanguage\":\"ru-RU\",\"potentialAction\":[{\"@type\":\"ReadAction\",\"target\":[\"https:\/\/modernteh.md\/catalog\/adapatoare-cu-niplu-cot-a101-2\/\"]}]},{\"@type\":\"BreadcrumbList\",\"@id\":\"https:\/\/modernteh.md\/catalog\/adapatoare-cu-niplu-cot-a101-2\/#breadcrumb\",\"itemListElement\":[{\"@type\":\"ListItem\",\"position\":1,\"name\":\"Prima pagin\u0103\",\"item\":\"https:\/\/modernteh.md\/\"},{\"@type\":\"ListItem\",\"position\":2,\"name\":\"Catalog\",\"item\":\"https:\/\/modernteh.md\/catalog\/\"},{\"@type\":\"ListItem\",\"position\":3,\"name\":\"Ad\u0103p\u0103toare cu niplu Cot + A101\"}]},{\"@type\":\"WebSite\",\"@id\":\"https:\/\/modernteh.md\/#website\",\"url\":\"https:\/\/modernteh.md\/\",\"name\":\"Modernteh\",\"description\":\"Modernteh\",\"publisher\":{\"@id\":\"https:\/\/modernteh.md\/#organization\"},\"potentialAction\":[{\"@type\":\"SearchAction\",\"target\":{\"@type\":\"EntryPoint\",\"urlTemplate\":\"https:\/\/modernteh.md\/?s={search_term_string}\"},\"query-input\":\"required name=search_term_string\"}],\"inLanguage\":\"ru-RU\"},{\"@type\":\"Organization\",\"@id\":\"https:\/\/modernteh.md\/#organization\",\"name\":\"Modernteh\",\"url\":\"https:\/\/modernteh.md\/\",\"logo\":{\"@type\":\"ImageObject\",\"inLanguage\":\"ru-RU\",\"@id\":\"https:\/\/modernteh.md\/#\/schema\/logo\/image\/\",\"url\":\"https:\/\/modernteh.md\/wp-content\/uploads\/2022\/06\/Logo_site-2.png\",\"contentUrl\":\"https:\/\/modernteh.md\/wp-content\/uploads\/2022\/06\/Logo_site-2.png\",\"width\":500,\"height\":487,\"caption\":\"Modernteh\"},\"image\":{\"@id\":\"https:\/\/modernteh.md\/#\/schema\/logo\/image\/\"},\"sameAs\":[\"https:\/\/www.facebook.com\/profile.php?id=100082695620019\"]}]}<\/script>\n<!-- \/ Yoast SEO plugin. -->","yoast_head_json":{"title":"Ad\u0103p\u0103toare cu niplu Cot + A101 - Modernteh","robots":{"index":"index","follow":"follow","max-snippet":"max-snippet:-1","max-image-preview":"max-image-preview:large","max-video-preview":"max-video-preview:-1"},"canonical":"https:\/\/modernteh.md\/ru\/catalog\/adapatoare-cu-niplu-cot-a101-2\/","og_locale":"ru_RU","og_type":"article","og_title":"Ad\u0103p\u0103toare cu niplu Cot + A101 - Modernteh","og_description":"Specifica\u021bii ad\u0103p\u0103tori cu niplu Cot + A101 Ad\u0103p\u0103toarea pentru iepuri \u0219i p\u0103s\u0103ri este format\u0103 dintr-un niplu metalic cu filet exterior,","og_url":"https:\/\/modernteh.md\/ru\/catalog\/adapatoare-cu-niplu-cot-a101-2\/","og_site_name":"Modernteh","article_publisher":"https:\/\/www.facebook.com\/profile.php?id=100082695620019","article_modified_time":"2023-12-14T14:06:09+00:00","og_image":[{"width":500,"height":500,"url":"https:\/\/modernteh.md\/wp-content\/uploads\/2022\/08\/adapatoare-niplu-cot-A101-1-500-500-500-500-500-500.jpg","type":"image\/jpeg"}],"twitter_card":"summary_large_image","schema":{"@context":"https:\/\/schema.org","@graph":[{"@type":"WebPage","@id":"https:\/\/modernteh.md\/catalog\/adapatoare-cu-niplu-cot-a101-2\/","url":"https:\/\/modernteh.md\/catalog\/adapatoare-cu-niplu-cot-a101-2\/","name":"Ad\u0103p\u0103toare cu niplu Cot + A101 - Modernteh","isPartOf":{"@id":"https:\/\/modernteh.md\/#website"},"datePublished":"2022-08-01T08:41:05+00:00","dateModified":"2023-12-14T14:06:09+00:00","breadcrumb":{"@id":"https:\/\/modernteh.md\/catalog\/adapatoare-cu-niplu-cot-a101-2\/#breadcrumb"},"inLanguage":"ru-RU","potentialAction":[{"@type":"ReadAction","target":["https:\/\/modernteh.md\/catalog\/adapatoare-cu-niplu-cot-a101-2\/"]}]},{"@type":"BreadcrumbList","@id":"https:\/\/modernteh.md\/catalog\/adapatoare-cu-niplu-cot-a101-2\/#breadcrumb","itemListElement":[{"@type":"ListItem","position":1,"name":"Prima pagin\u0103","item":"https:\/\/modernteh.md\/"},{"@type":"ListItem","position":2,"name":"Catalog","item":"https:\/\/modernteh.md\/catalog\/"},{"@type":"ListItem","position":3,"name":"Ad\u0103p\u0103toare cu niplu Cot + A101"}]},{"@type":"WebSite","@id":"https:\/\/modernteh.md\/#website","url":"https:\/\/modernteh.md\/","name":"Modernteh","description":"Modernteh","publisher":{"@id":"https:\/\/modernteh.md\/#organization"},"potentialAction":[{"@type":"SearchAction","target":{"@type":"EntryPoint","urlTemplate":"https:\/\/modernteh.md\/?s={search_term_string}"},"query-input":"required name=search_term_string"}],"inLanguage":"ru-RU"},{"@type":"Organization","@id":"https:\/\/modernteh.md\/#organization","name":"Modernteh","url":"https:\/\/modernteh.md\/","logo":{"@type":"ImageObject","inLanguage":"ru-RU","@id":"https:\/\/modernteh.md\/#\/schema\/logo\/image\/","url":"https:\/\/modernteh.md\/wp-content\/uploads\/2022\/06\/Logo_site-2.png","contentUrl":"https:\/\/modernteh.md\/wp-content\/uploads\/2022\/06\/Logo_site-2.png","width":500,"height":487,"caption":"Modernteh"},"image":{"@id":"https:\/\/modernteh.md\/#\/schema\/logo\/image\/"},"sameAs":["https:\/\/www.facebook.com\/profile.php?id=100082695620019"]}]}},"_links":{"self":[{"href":"https:\/\/modernteh.md\/ru\/wp-json\/wp\/v2\/product\/2914","targetHints":{"allow":["GET"]}}],"collection":[{"href":"https:\/\/modernteh.md\/ru\/wp-json\/wp\/v2\/product"}],"about":[{"href":"https:\/\/modernteh.md\/ru\/wp-json\/wp\/v2\/types\/product"}],"wp:featuredmedia":[{"embeddable":true,"href":"https:\/\/modernteh.md\/ru\/wp-json\/wp\/v2\/media\/2915"}],"wp:attachment":[{"href":"https:\/\/modernteh.md\/ru\/wp-json\/wp\/v2\/media?parent=2914"}],"wp:term":[{"taxonomy":"product_cat","embeddable":true,"href":"https:\/\/modernteh.md\/ru\/wp-json\/wp\/v2\/product_cat?post=2914"},{"taxonomy":"product_tag","embeddable":true,"href":"https:\/\/modernteh.md\/ru\/wp-json\/wp\/v2\/product_tag?post=2914"}],"curies":[{"name":"wp","href":"https:\/\/api.w.org\/{rel}","templated":true}]}}