{"id":2927,"date":"2022-08-01T08:55:03","date_gmt":"2022-08-01T08:55:03","guid":{"rendered":"https:\/\/modernteh.md\/?post_type=product&#038;p=2927"},"modified":"2023-12-14T14:02:57","modified_gmt":"2023-12-14T14:02:57","slug":"adapatoare-cu-niplu-a44","status":"publish","type":"product","link":"https:\/\/modernteh.md\/ru\/catalog\/adapatoare-cu-niplu-a44\/","title":{"rendered":"Ad\u0103p\u0103toare cu niplu A44"},"content":{"rendered":"<p>Adapatorile pentru iepuri au o utilitate foarte mare \u00een orice gospodarie sau ferma put\u00e2nd fi manevrate cu foarte mare u\u0219urin\u021b\u0103 de c\u0103tre oricine.<\/p>\n<p>Avantaje ad\u0103p\u0103toare iepuri A44:<br \/>\n\u2713este fabricat\u0103 din mas\u0103 plastic\u0103 rezistent\u0103, ceea ce permite utilizarea lor pe termen lung, f\u0103r\u0103 grija c\u0103 poate fi u\u0219or defectat\u0103;<\/p>\n<p>\u2713 principiul de func\u0163ionare: \u2013 \u201ccui c\u0103zut\u201d, similar unui dop de cad\u0103. Un dop de cad\u0103 permanent \u00een pozi\u0163ia \u00eenchis, ce are dedesubt o mic\u0103 tij\u0103 care prin ac\u0163ionare \u201csalt\u0103\u201d u\u015for l\u0103s\u00e2nd unul-doi picuri de ap\u0103 s\u0103 treac\u0103. \u00cen momentul \u00een care iepurele mi\u015fc\u0103 cuiul, trec unul-doi picuri direct \u00een gura acestuia. Iepurii repet\u0103 opera\u0163iunea de atingere a cuiului p\u00e2n\u0103 bea cantitatea dorit\u0103 de ap\u0103.<\/p>\n<p>\u2713poate fi folosit\u0103 pentru iepuri de diferite tipuri, dimensiuni \u0219i rase;<\/p>\n<p>\u2713montajul se face rapid, cur\u0103\u021barea este facil\u0103;<\/p>\n<p>\u2713reduce risipa de apa;<\/p>\n<p>\u2713este pentru uzul interior, fiind utilizate cu montaj \u00een cu\u015fti;<\/p>\n<p>\u2713\u00eempiedic\u0103 amestecarea fecalelor cu apa;<\/p>\n<p>\u2713alimentarea cu ap\u0103 este foarte u\u0219oar\u0103;<\/p>\n<p>\u2713poate fi suspendat\u0103;<\/p>\n<p>\u2713asigura un flux continuu igienic \u015fi uniform de ap\u0103, cu eforturi minime de mentenan\u0163\u0103;<\/p>\n<p>\u2713niplul (suzeta) ad\u0103p\u0103torii este deta\u015fabil\u0103 de pe ad\u0103p\u0103toare, pentru a permite o igienizare \u015fi o dezinfec\u0163ie calitativ\u0103 oric\u00e2nd este necesar;<\/p>\n<p>\u2713 este un produs inovativ \u0219i u\u0219or de utilizat;<\/p>","protected":false},"excerpt":{"rendered":"<p>Adapatorile pentru iepuri au o utilitate foarte mare \u00een orice gospodarie sau ferma put\u00e2nd fi manevrate cu foarte mare u\u0219urin\u021b\u0103<\/p>","protected":false},"featured_media":2928,"template":"","meta":[],"product_cat":[127],"product_tag":[],"class_list":{"0":"post-2927","1":"product","2":"type-product","3":"status-publish","4":"has-post-thumbnail","6":"product_cat-adapatori-si-hranitori-iepuri","8":"first","9":"outofstock","10":"shipping-taxable","11":"purchasable","12":"product-type-simple"},"yoast_head":"<!-- This site is optimized with the Yoast SEO plugin v20.12 - https:\/\/yoast.com\/wordpress\/plugins\/seo\/ -->\n<title>Ad\u0103p\u0103toare cu niplu A44 - Modernteh<\/title>\n<meta name=\"robots\" content=\"index, follow, max-snippet:-1, max-image-preview:large, max-video-preview:-1\" \/>\n<link rel=\"canonical\" href=\"https:\/\/modernteh.md\/ru\/catalog\/adapatoare-cu-niplu-a44\/\" \/>\n<meta property=\"og:locale\" content=\"ru_RU\" \/>\n<meta property=\"og:type\" content=\"article\" \/>\n<meta property=\"og:title\" content=\"Ad\u0103p\u0103toare cu niplu A44 - Modernteh\" \/>\n<meta property=\"og:description\" content=\"Adapatorile pentru iepuri au o utilitate foarte mare \u00een orice gospodarie sau ferma put\u00e2nd fi manevrate cu foarte mare u\u0219urin\u021b\u0103\" \/>\n<meta property=\"og:url\" content=\"https:\/\/modernteh.md\/ru\/catalog\/adapatoare-cu-niplu-a44\/\" \/>\n<meta property=\"og:site_name\" content=\"Modernteh\" \/>\n<meta property=\"article:publisher\" content=\"https:\/\/www.facebook.com\/profile.php?id=100082695620019\" \/>\n<meta property=\"article:modified_time\" content=\"2023-12-14T14:02:57+00:00\" \/>\n<meta property=\"og:image\" content=\"https:\/\/modernteh.md\/wp-content\/uploads\/2022\/08\/adapatoare-cu-niplu-a44-500-500-500-500.jpg\" \/>\n\t<meta property=\"og:image:width\" content=\"500\" \/>\n\t<meta property=\"og:image:height\" content=\"500\" \/>\n\t<meta property=\"og:image:type\" content=\"image\/jpeg\" \/>\n<meta name=\"twitter:card\" content=\"summary_large_image\" \/>\n<meta name=\"twitter:label1\" content=\"\u041f\u0440\u0438\u043c\u0435\u0440\u043d\u043e\u0435 \u0432\u0440\u0435\u043c\u044f \u0434\u043b\u044f \u0447\u0442\u0435\u043d\u0438\u044f\" \/>\n\t<meta name=\"twitter:data1\" content=\"1 \u043c\u0438\u043d\u0443\u0442\u0430\" \/>\n<script type=\"application\/ld+json\" class=\"yoast-schema-graph\">{\"@context\":\"https:\/\/schema.org\",\"@graph\":[{\"@type\":\"WebPage\",\"@id\":\"https:\/\/modernteh.md\/catalog\/adapatoare-cu-niplu-a44\/\",\"url\":\"https:\/\/modernteh.md\/catalog\/adapatoare-cu-niplu-a44\/\",\"name\":\"Ad\u0103p\u0103toare cu niplu A44 - Modernteh\",\"isPartOf\":{\"@id\":\"https:\/\/modernteh.md\/#website\"},\"datePublished\":\"2022-08-01T08:55:03+00:00\",\"dateModified\":\"2023-12-14T14:02:57+00:00\",\"breadcrumb\":{\"@id\":\"https:\/\/modernteh.md\/catalog\/adapatoare-cu-niplu-a44\/#breadcrumb\"},\"inLanguage\":\"ru-RU\",\"potentialAction\":[{\"@type\":\"ReadAction\",\"target\":[\"https:\/\/modernteh.md\/catalog\/adapatoare-cu-niplu-a44\/\"]}]},{\"@type\":\"BreadcrumbList\",\"@id\":\"https:\/\/modernteh.md\/catalog\/adapatoare-cu-niplu-a44\/#breadcrumb\",\"itemListElement\":[{\"@type\":\"ListItem\",\"position\":1,\"name\":\"Prima pagin\u0103\",\"item\":\"https:\/\/modernteh.md\/\"},{\"@type\":\"ListItem\",\"position\":2,\"name\":\"Catalog\",\"item\":\"https:\/\/modernteh.md\/catalog\/\"},{\"@type\":\"ListItem\",\"position\":3,\"name\":\"Ad\u0103p\u0103toare cu niplu A44\"}]},{\"@type\":\"WebSite\",\"@id\":\"https:\/\/modernteh.md\/#website\",\"url\":\"https:\/\/modernteh.md\/\",\"name\":\"Modernteh\",\"description\":\"Modernteh\",\"publisher\":{\"@id\":\"https:\/\/modernteh.md\/#organization\"},\"potentialAction\":[{\"@type\":\"SearchAction\",\"target\":{\"@type\":\"EntryPoint\",\"urlTemplate\":\"https:\/\/modernteh.md\/?s={search_term_string}\"},\"query-input\":\"required name=search_term_string\"}],\"inLanguage\":\"ru-RU\"},{\"@type\":\"Organization\",\"@id\":\"https:\/\/modernteh.md\/#organization\",\"name\":\"Modernteh\",\"url\":\"https:\/\/modernteh.md\/\",\"logo\":{\"@type\":\"ImageObject\",\"inLanguage\":\"ru-RU\",\"@id\":\"https:\/\/modernteh.md\/#\/schema\/logo\/image\/\",\"url\":\"https:\/\/modernteh.md\/wp-content\/uploads\/2022\/06\/Logo_site-2.png\",\"contentUrl\":\"https:\/\/modernteh.md\/wp-content\/uploads\/2022\/06\/Logo_site-2.png\",\"width\":500,\"height\":487,\"caption\":\"Modernteh\"},\"image\":{\"@id\":\"https:\/\/modernteh.md\/#\/schema\/logo\/image\/\"},\"sameAs\":[\"https:\/\/www.facebook.com\/profile.php?id=100082695620019\"]}]}<\/script>\n<!-- \/ Yoast SEO plugin. -->","yoast_head_json":{"title":"Ad\u0103p\u0103toare cu niplu A44 - Modernteh","robots":{"index":"index","follow":"follow","max-snippet":"max-snippet:-1","max-image-preview":"max-image-preview:large","max-video-preview":"max-video-preview:-1"},"canonical":"https:\/\/modernteh.md\/ru\/catalog\/adapatoare-cu-niplu-a44\/","og_locale":"ru_RU","og_type":"article","og_title":"Ad\u0103p\u0103toare cu niplu A44 - Modernteh","og_description":"Adapatorile pentru iepuri au o utilitate foarte mare \u00een orice gospodarie sau ferma put\u00e2nd fi manevrate cu foarte mare u\u0219urin\u021b\u0103","og_url":"https:\/\/modernteh.md\/ru\/catalog\/adapatoare-cu-niplu-a44\/","og_site_name":"Modernteh","article_publisher":"https:\/\/www.facebook.com\/profile.php?id=100082695620019","article_modified_time":"2023-12-14T14:02:57+00:00","og_image":[{"width":500,"height":500,"url":"https:\/\/modernteh.md\/wp-content\/uploads\/2022\/08\/adapatoare-cu-niplu-a44-500-500-500-500.jpg","type":"image\/jpeg"}],"twitter_card":"summary_large_image","twitter_misc":{"\u041f\u0440\u0438\u043c\u0435\u0440\u043d\u043e\u0435 \u0432\u0440\u0435\u043c\u044f \u0434\u043b\u044f \u0447\u0442\u0435\u043d\u0438\u044f":"1 \u043c\u0438\u043d\u0443\u0442\u0430"},"schema":{"@context":"https:\/\/schema.org","@graph":[{"@type":"WebPage","@id":"https:\/\/modernteh.md\/catalog\/adapatoare-cu-niplu-a44\/","url":"https:\/\/modernteh.md\/catalog\/adapatoare-cu-niplu-a44\/","name":"Ad\u0103p\u0103toare cu niplu A44 - Modernteh","isPartOf":{"@id":"https:\/\/modernteh.md\/#website"},"datePublished":"2022-08-01T08:55:03+00:00","dateModified":"2023-12-14T14:02:57+00:00","breadcrumb":{"@id":"https:\/\/modernteh.md\/catalog\/adapatoare-cu-niplu-a44\/#breadcrumb"},"inLanguage":"ru-RU","potentialAction":[{"@type":"ReadAction","target":["https:\/\/modernteh.md\/catalog\/adapatoare-cu-niplu-a44\/"]}]},{"@type":"BreadcrumbList","@id":"https:\/\/modernteh.md\/catalog\/adapatoare-cu-niplu-a44\/#breadcrumb","itemListElement":[{"@type":"ListItem","position":1,"name":"Prima pagin\u0103","item":"https:\/\/modernteh.md\/"},{"@type":"ListItem","position":2,"name":"Catalog","item":"https:\/\/modernteh.md\/catalog\/"},{"@type":"ListItem","position":3,"name":"Ad\u0103p\u0103toare cu niplu A44"}]},{"@type":"WebSite","@id":"https:\/\/modernteh.md\/#website","url":"https:\/\/modernteh.md\/","name":"Modernteh","description":"Modernteh","publisher":{"@id":"https:\/\/modernteh.md\/#organization"},"potentialAction":[{"@type":"SearchAction","target":{"@type":"EntryPoint","urlTemplate":"https:\/\/modernteh.md\/?s={search_term_string}"},"query-input":"required name=search_term_string"}],"inLanguage":"ru-RU"},{"@type":"Organization","@id":"https:\/\/modernteh.md\/#organization","name":"Modernteh","url":"https:\/\/modernteh.md\/","logo":{"@type":"ImageObject","inLanguage":"ru-RU","@id":"https:\/\/modernteh.md\/#\/schema\/logo\/image\/","url":"https:\/\/modernteh.md\/wp-content\/uploads\/2022\/06\/Logo_site-2.png","contentUrl":"https:\/\/modernteh.md\/wp-content\/uploads\/2022\/06\/Logo_site-2.png","width":500,"height":487,"caption":"Modernteh"},"image":{"@id":"https:\/\/modernteh.md\/#\/schema\/logo\/image\/"},"sameAs":["https:\/\/www.facebook.com\/profile.php?id=100082695620019"]}]}},"_links":{"self":[{"href":"https:\/\/modernteh.md\/ru\/wp-json\/wp\/v2\/product\/2927","targetHints":{"allow":["GET"]}}],"collection":[{"href":"https:\/\/modernteh.md\/ru\/wp-json\/wp\/v2\/product"}],"about":[{"href":"https:\/\/modernteh.md\/ru\/wp-json\/wp\/v2\/types\/product"}],"wp:featuredmedia":[{"embeddable":true,"href":"https:\/\/modernteh.md\/ru\/wp-json\/wp\/v2\/media\/2928"}],"wp:attachment":[{"href":"https:\/\/modernteh.md\/ru\/wp-json\/wp\/v2\/media?parent=2927"}],"wp:term":[{"taxonomy":"product_cat","embeddable":true,"href":"https:\/\/modernteh.md\/ru\/wp-json\/wp\/v2\/product_cat?post=2927"},{"taxonomy":"product_tag","embeddable":true,"href":"https:\/\/modernteh.md\/ru\/wp-json\/wp\/v2\/product_tag?post=2927"}],"curies":[{"name":"wp","href":"https:\/\/api.w.org\/{rel}","templated":true}]}}