{"id":2958,"date":"2022-08-10T12:09:37","date_gmt":"2022-08-10T12:09:37","guid":{"rendered":"https:\/\/modernteh.md\/?post_type=product&#038;p=2958"},"modified":"2025-01-02T12:28:34","modified_gmt":"2025-01-02T12:28:34","slug":"tocator-de-crengi-am-120bd-arpal","status":"publish","type":"product","link":"https:\/\/modernteh.md\/ru\/catalog\/tocator-de-crengi-am-120bd-arpal\/","title":{"rendered":"\u0418\u0437\u043c\u0435\u043b\u044c\u0447\u0438\u0442\u0435\u043b\u044c \u0432\u0435\u0442\u043e\u043a \u0410\u041c-120\u0411\u0414 \u0410\u0440\u043f\u0430\u043b"},"content":{"rendered":"<p>\u0418\u0437\u043c\u0435\u043b\u044c\u0447\u0438\u0442\u0435\u043b\u044c \u0432\u0435\u0442\u043e\u043a \u0410\u041c-120\u0411\u0414 \u041c\u0410\u0425 \u0438\u0437\u043c\u0435\u043b\u044c\u0447\u0430\u0435\u0442 \u0432\u0435\u0442\u043a\u0438 \u0438 \u0434\u0440\u0443\u0433\u0438\u0435 \u0434\u0440\u0435\u0432\u0435\u0441\u043d\u044b\u0435 \u043e\u0442\u0445\u043e\u0434\u044b \u043d\u0430 \u043a\u0443\u0441\u043a\u0438 \u0434\u043b\u0438\u043d\u043e\u0439 90...180 \u043c\u043c. \u041c\u0430\u043a\u0441\u0438\u043c\u0430\u043b\u044c\u043d\u044b\u0439 \u0434\u0438\u0430\u043c\u0435\u0442\u0440 \u0432\u0435\u0442\u0432\u0435\u0439 120 \u043c\u043c. \u0413\u043e\u0442\u043e\u0432\u044b\u0435 \u0434\u0440\u043e\u0432\u0430 \u043f\u043e\u0441\u0442\u0443\u043f\u0430\u044e\u0442 \u0432 \u0431\u0443\u043d\u043a\u0435\u0440, \u043a\u043e\u0442\u043e\u0440\u044b\u0439 \u0438\u043c\u0435\u0435\u0442 \u0432\u043e\u0437\u043c\u043e\u0436\u043d\u043e\u0441\u0442\u044c \u0443\u043f\u0430\u043a\u043e\u0432\u0430\u0442\u044c \u043f\u0440\u043e\u0434\u0443\u043a\u0442 \u0432 \u0440\u0435\u0448\u0435\u0442\u043a\u0438 \u0440\u0430\u0437\u043c\u0435\u0440\u043e\u043c 500\u0445800 \u043c\u043c. \u0414\u043b\u044f \u0432\u044b\u0433\u0440\u0443\u0437\u043a\u0438 \u0438\u0437\u043c\u0435\u043b\u044c\u0447\u0435\u043d\u043d\u043e\u0433\u043e \u0441\u044b\u0440\u044c\u044f \u043d\u0430\u0432\u0430\u043b\u043e\u043c \u043c\u043e\u0436\u043d\u043e \u0437\u0430\u043a\u0430\u0437\u0430\u0442\u044c \u043a\u043e\u043c\u043f\u043b\u0435\u043a\u0442\u0430\u0446\u0438\u044e \u0441 \u043f\u0440\u044f\u043c\u044b\u043c \u0431\u0443\u043d\u043a\u0435\u0440\u043e\u043c. \u0418\u0437\u043c\u0435\u043b\u044c\u0447\u0438\u0442\u0435\u043b\u044c \u043e\u0441\u043d\u0430\u0449\u0435\u043d \u0431\u0435\u043d\u0437\u0438\u043d\u043e\u0432\u044b\u043c \u0434\u0432\u0438\u0433\u0430\u0442\u0435\u043b\u0435\u043c \u043c\u043e\u0449\u043d\u043e\u0441\u0442\u044c\u044e 16 \u043b.\u0441. \u0438 \u043a\u043e\u0440\u043e\u0431\u043a\u0430 \u043f\u0435\u0440\u0435\u0434\u0430\u0447, \u0443\u0432\u0435\u043b\u0438\u0447\u0438\u0432\u0430\u044e\u0449\u0430\u044f \u043a\u0440\u0443\u0442\u044f\u0449\u0438\u0439 \u043c\u043e\u043c\u0435\u043d\u0442 \u0432 1,6 \u0440\u0430\u0437\u0430.<\/p>\n<p>\u0413\u0410\u0411\u0410\u0420\u0418\u0422\u041d\u042b\u0415 \u0420\u0410\u0417\u041c\u0415\u0420\u042b \u0418 \u0425\u0410\u0420\u0410\u041a\u0422\u0415\u0420\u0418\u0421\u0422\u0418\u041a\u0418 \u0412\u0415\u0421<br \/>\nLungime: 1730 \u043c\u043c<br \/>\nL\u0103\u0163ime: 950 mm<br \/>\n\u00cen\u0103l\u0163ime: 1450 \u043c\u043c<br \/>\nGreutate: 350 kg<br \/>\nDimensiuni admisie: 160\u0445180 \u043c\u043c<br \/>\n\u041e\u0421\u041d\u041e\u0412\u041d\u042b\u0415 \u0425\u0410\u0420\u0410\u041a\u0422\u0415\u0420\u0418\u0421\u0422\u0418\u041a\u0418<br \/>\nMax. performan\u0163\u0103: 6 \u043c3\/\u0447\u0430\u0441<br \/>\nMax. diametru lemn moale: 120 \u043c\u043c<br \/>\nLungimea piesei de prelucrat primite: 90\u2026180 \u043c\u043c<br \/>\nNum\u0103rul de cu\u021bite: 6 pcs<br \/>\nMax. revolu\u021bii ale cu\u021bitelor de lucru: 250 \u043e\u0431\/\u043c\u0438\u043d<br \/>\n\u0425\u0410\u0420\u0410\u041a\u0422\u0415\u0420\u0418\u0421\u0422\u0418\u041a\u0418 \u0414\u0412\u0418\u0413\u0410\u0422\u0415\u041b\u042f<br \/>\nPuterea motorului: 16 \u043b.\u0441.<br \/>\nMax. rota\u021bii pe arborele motorului: 3600 \u043e\u0431\/\u043c\u0438\u043d<br \/>\nTipul combustibilului: Regular<br \/>\nConsum maxim de combustibil: 230 g\/h.p.*hour<\/p>","protected":false},"excerpt":{"rendered":"<p>Tocatorul de lemn AM-120BD MAX taie crengi, si alte deseuri de lemn in bucati de 90\u2026180 mm lungime. Diametrul maxim<\/p>","protected":false},"featured_media":4257,"template":"","meta":[],"product_cat":[135],"product_tag":[],"class_list":{"0":"post-2958","1":"product","2":"type-product","3":"status-publish","4":"has-post-thumbnail","6":"product_cat-tocatoare-de-crengi","8":"first","9":"instock","10":"shipping-taxable","11":"purchasable","12":"product-type-simple"},"yoast_head":"<!-- This site is optimized with the Yoast SEO plugin v20.12 - https:\/\/yoast.com\/wordpress\/plugins\/seo\/ -->\n<title>Toc\u0103tor de crengi AM-120BD Arpal - Modernteh<\/title>\n<meta name=\"description\" content=\"Tocatorul de lemn AM-120BD MAX taie crengi, si alte deseuri de lemn in bucati de 90\u2026180 mm lungime.Calitate Superioara. Oferte avantajoase de Credit\" \/>\n<meta name=\"robots\" content=\"index, follow, max-snippet:-1, max-image-preview:large, max-video-preview:-1\" \/>\n<link rel=\"canonical\" href=\"https:\/\/modernteh.md\/ru\/catalog\/tocator-de-crengi-am-120bd-arpal\/\" \/>\n<meta property=\"og:locale\" content=\"ru_RU\" \/>\n<meta property=\"og:type\" content=\"article\" \/>\n<meta property=\"og:title\" content=\"Toc\u0103tor de crengi AM-120BD Arpal - Modernteh\" \/>\n<meta property=\"og:description\" content=\"Tocatorul de lemn AM-120BD MAX taie crengi, si alte deseuri de lemn in bucati de 90\u2026180 mm lungime.Calitate Superioara. Oferte avantajoase de Credit\" \/>\n<meta property=\"og:url\" content=\"https:\/\/modernteh.md\/ru\/catalog\/tocator-de-crengi-am-120bd-arpal\/\" \/>\n<meta property=\"og:site_name\" content=\"Modernteh\" \/>\n<meta property=\"article:publisher\" content=\"https:\/\/www.facebook.com\/profile.php?id=100082695620019\" \/>\n<meta property=\"article:modified_time\" content=\"2025-01-02T12:28:34+00:00\" \/>\n<meta property=\"og:image\" content=\"https:\/\/modernteh.md\/wp-content\/uploads\/2022\/08\/am120bd-jpg.webp\" \/>\n\t<meta property=\"og:image:width\" content=\"884\" \/>\n\t<meta property=\"og:image:height\" content=\"737\" \/>\n\t<meta property=\"og:image:type\" content=\"image\/webp\" \/>\n<meta name=\"twitter:card\" content=\"summary_large_image\" \/>\n<meta name=\"twitter:label1\" content=\"\u041f\u0440\u0438\u043c\u0435\u0440\u043d\u043e\u0435 \u0432\u0440\u0435\u043c\u044f \u0434\u043b\u044f \u0447\u0442\u0435\u043d\u0438\u044f\" \/>\n\t<meta name=\"twitter:data1\" content=\"1 \u043c\u0438\u043d\u0443\u0442\u0430\" \/>\n<script type=\"application\/ld+json\" class=\"yoast-schema-graph\">{\"@context\":\"https:\/\/schema.org\",\"@graph\":[{\"@type\":\"WebPage\",\"@id\":\"https:\/\/modernteh.md\/catalog\/tocator-de-crengi-am-120bd-arpal\/\",\"url\":\"https:\/\/modernteh.md\/catalog\/tocator-de-crengi-am-120bd-arpal\/\",\"name\":\"Toc\u0103tor de crengi AM-120BD Arpal - Modernteh\",\"isPartOf\":{\"@id\":\"https:\/\/modernteh.md\/#website\"},\"datePublished\":\"2022-08-10T12:09:37+00:00\",\"dateModified\":\"2025-01-02T12:28:34+00:00\",\"description\":\"Tocatorul de lemn AM-120BD MAX taie crengi, si alte deseuri de lemn in bucati de 90\u2026180 mm lungime.Calitate Superioara. Oferte avantajoase de Credit\",\"breadcrumb\":{\"@id\":\"https:\/\/modernteh.md\/catalog\/tocator-de-crengi-am-120bd-arpal\/#breadcrumb\"},\"inLanguage\":\"ru-RU\",\"potentialAction\":[{\"@type\":\"ReadAction\",\"target\":[\"https:\/\/modernteh.md\/catalog\/tocator-de-crengi-am-120bd-arpal\/\"]}]},{\"@type\":\"BreadcrumbList\",\"@id\":\"https:\/\/modernteh.md\/catalog\/tocator-de-crengi-am-120bd-arpal\/#breadcrumb\",\"itemListElement\":[{\"@type\":\"ListItem\",\"position\":1,\"name\":\"Prima pagin\u0103\",\"item\":\"https:\/\/modernteh.md\/\"},{\"@type\":\"ListItem\",\"position\":2,\"name\":\"Catalog\",\"item\":\"https:\/\/modernteh.md\/catalog\/\"},{\"@type\":\"ListItem\",\"position\":3,\"name\":\"Toc\u0103tor de crengi AM-120BD Arpal\"}]},{\"@type\":\"WebSite\",\"@id\":\"https:\/\/modernteh.md\/#website\",\"url\":\"https:\/\/modernteh.md\/\",\"name\":\"Modernteh\",\"description\":\"Modernteh\",\"publisher\":{\"@id\":\"https:\/\/modernteh.md\/#organization\"},\"potentialAction\":[{\"@type\":\"SearchAction\",\"target\":{\"@type\":\"EntryPoint\",\"urlTemplate\":\"https:\/\/modernteh.md\/?s={search_term_string}\"},\"query-input\":\"required name=search_term_string\"}],\"inLanguage\":\"ru-RU\"},{\"@type\":\"Organization\",\"@id\":\"https:\/\/modernteh.md\/#organization\",\"name\":\"Modernteh\",\"url\":\"https:\/\/modernteh.md\/\",\"logo\":{\"@type\":\"ImageObject\",\"inLanguage\":\"ru-RU\",\"@id\":\"https:\/\/modernteh.md\/#\/schema\/logo\/image\/\",\"url\":\"https:\/\/modernteh.md\/wp-content\/uploads\/2022\/06\/Logo_site-2.png\",\"contentUrl\":\"https:\/\/modernteh.md\/wp-content\/uploads\/2022\/06\/Logo_site-2.png\",\"width\":500,\"height\":487,\"caption\":\"Modernteh\"},\"image\":{\"@id\":\"https:\/\/modernteh.md\/#\/schema\/logo\/image\/\"},\"sameAs\":[\"https:\/\/www.facebook.com\/profile.php?id=100082695620019\"]}]}<\/script>\n<!-- \/ Yoast SEO plugin. -->","yoast_head_json":{"title":"Toc\u0103tor de crengi AM-120BD Arpal - Modernteh","description":"Tocatorul de lemn AM-120BD MAX taie crengi, si alte deseuri de lemn in bucati de 90\u2026180 mm lungime.Calitate Superioara. Oferte avantajoase de Credit","robots":{"index":"index","follow":"follow","max-snippet":"max-snippet:-1","max-image-preview":"max-image-preview:large","max-video-preview":"max-video-preview:-1"},"canonical":"https:\/\/modernteh.md\/ru\/catalog\/tocator-de-crengi-am-120bd-arpal\/","og_locale":"ru_RU","og_type":"article","og_title":"Toc\u0103tor de crengi AM-120BD Arpal - Modernteh","og_description":"Tocatorul de lemn AM-120BD MAX taie crengi, si alte deseuri de lemn in bucati de 90\u2026180 mm lungime.Calitate Superioara. Oferte avantajoase de Credit","og_url":"https:\/\/modernteh.md\/ru\/catalog\/tocator-de-crengi-am-120bd-arpal\/","og_site_name":"Modernteh","article_publisher":"https:\/\/www.facebook.com\/profile.php?id=100082695620019","article_modified_time":"2025-01-02T12:28:34+00:00","og_image":[{"width":884,"height":737,"url":"https:\/\/modernteh.md\/wp-content\/uploads\/2022\/08\/am120bd-jpg.webp","type":"image\/webp"}],"twitter_card":"summary_large_image","twitter_misc":{"\u041f\u0440\u0438\u043c\u0435\u0440\u043d\u043e\u0435 \u0432\u0440\u0435\u043c\u044f \u0434\u043b\u044f \u0447\u0442\u0435\u043d\u0438\u044f":"1 \u043c\u0438\u043d\u0443\u0442\u0430"},"schema":{"@context":"https:\/\/schema.org","@graph":[{"@type":"WebPage","@id":"https:\/\/modernteh.md\/catalog\/tocator-de-crengi-am-120bd-arpal\/","url":"https:\/\/modernteh.md\/catalog\/tocator-de-crengi-am-120bd-arpal\/","name":"Toc\u0103tor de crengi AM-120BD Arpal - Modernteh","isPartOf":{"@id":"https:\/\/modernteh.md\/#website"},"datePublished":"2022-08-10T12:09:37+00:00","dateModified":"2025-01-02T12:28:34+00:00","description":"Tocatorul de lemn AM-120BD MAX taie crengi, si alte deseuri de lemn in bucati de 90\u2026180 mm lungime.Calitate Superioara. Oferte avantajoase de Credit","breadcrumb":{"@id":"https:\/\/modernteh.md\/catalog\/tocator-de-crengi-am-120bd-arpal\/#breadcrumb"},"inLanguage":"ru-RU","potentialAction":[{"@type":"ReadAction","target":["https:\/\/modernteh.md\/catalog\/tocator-de-crengi-am-120bd-arpal\/"]}]},{"@type":"BreadcrumbList","@id":"https:\/\/modernteh.md\/catalog\/tocator-de-crengi-am-120bd-arpal\/#breadcrumb","itemListElement":[{"@type":"ListItem","position":1,"name":"Prima pagin\u0103","item":"https:\/\/modernteh.md\/"},{"@type":"ListItem","position":2,"name":"Catalog","item":"https:\/\/modernteh.md\/catalog\/"},{"@type":"ListItem","position":3,"name":"Toc\u0103tor de crengi AM-120BD Arpal"}]},{"@type":"WebSite","@id":"https:\/\/modernteh.md\/#website","url":"https:\/\/modernteh.md\/","name":"Modernteh","description":"Modernteh","publisher":{"@id":"https:\/\/modernteh.md\/#organization"},"potentialAction":[{"@type":"SearchAction","target":{"@type":"EntryPoint","urlTemplate":"https:\/\/modernteh.md\/?s={search_term_string}"},"query-input":"required name=search_term_string"}],"inLanguage":"ru-RU"},{"@type":"Organization","@id":"https:\/\/modernteh.md\/#organization","name":"Modernteh","url":"https:\/\/modernteh.md\/","logo":{"@type":"ImageObject","inLanguage":"ru-RU","@id":"https:\/\/modernteh.md\/#\/schema\/logo\/image\/","url":"https:\/\/modernteh.md\/wp-content\/uploads\/2022\/06\/Logo_site-2.png","contentUrl":"https:\/\/modernteh.md\/wp-content\/uploads\/2022\/06\/Logo_site-2.png","width":500,"height":487,"caption":"Modernteh"},"image":{"@id":"https:\/\/modernteh.md\/#\/schema\/logo\/image\/"},"sameAs":["https:\/\/www.facebook.com\/profile.php?id=100082695620019"]}]}},"_links":{"self":[{"href":"https:\/\/modernteh.md\/ru\/wp-json\/wp\/v2\/product\/2958","targetHints":{"allow":["GET"]}}],"collection":[{"href":"https:\/\/modernteh.md\/ru\/wp-json\/wp\/v2\/product"}],"about":[{"href":"https:\/\/modernteh.md\/ru\/wp-json\/wp\/v2\/types\/product"}],"wp:featuredmedia":[{"embeddable":true,"href":"https:\/\/modernteh.md\/ru\/wp-json\/wp\/v2\/media\/4257"}],"wp:attachment":[{"href":"https:\/\/modernteh.md\/ru\/wp-json\/wp\/v2\/media?parent=2958"}],"wp:term":[{"taxonomy":"product_cat","embeddable":true,"href":"https:\/\/modernteh.md\/ru\/wp-json\/wp\/v2\/product_cat?post=2958"},{"taxonomy":"product_tag","embeddable":true,"href":"https:\/\/modernteh.md\/ru\/wp-json\/wp\/v2\/product_tag?post=2958"}],"curies":[{"name":"wp","href":"https:\/\/api.w.org\/{rel}","templated":true}]}}