{"id":2990,"date":"2022-09-04T09:28:34","date_gmt":"2022-09-04T09:28:34","guid":{"rendered":"https:\/\/modernteh.md\/?post_type=product&#038;p=2990"},"modified":"2025-10-10T08:53:01","modified_gmt":"2025-10-10T08:53:01","slug":"tocator-crengi-freze-aschii-arpal-mb-100bd","status":"publish","type":"product","link":"https:\/\/modernteh.md\/ru\/catalog\/tocator-crengi-freze-aschii-arpal-mb-100bd\/","title":{"rendered":"\u0418\u0437\u043c\u0435\u043b\u044c\u0447\u0438\u0442\u0435\u043b\u044c \u0432\u0435\u0442\u043e\u043a - \u0421\u0442\u0440\u0443\u0436\u043a\u043e\u0440\u0435\u0437\u044b Arpal MB- 100BD"},"content":{"rendered":"<p>Tocator crengi- Freze aschii Arpal MB- 100BD de tip tambur taie ramuri, \u0219ipci, a\u0219chii de lemn \u0219i alte de\u0219euri de lemn \u00een a\u0219chii tehnologice cu dimensiunea de 5..50 mm. Diametrul maxim al ramurilor este de 100 mm, \u00een func\u021bie de specia \u0219i con\u021binutul de umiditate al copacului. A\u0219chiile de lemn gata sunt alimentate prin priza de ie\u0219ire sub presiune. Tocator crengi- Freze aschii Arpal MB- 100BD poate schimba direc\u021bia fluxului de a\u0219chii cu 360 de grade. Tocatorul de lemne este echipat cu un motor pe benzina de 18 CP<\/p>\n<p>\u0413\u0410\u0411\u0410\u0420\u0418\u0422\u041d\u042b\u0415 \u0420\u0410\u0417\u041c\u0415\u0420\u042b \u0418 \u0425\u0410\u0420\u0410\u041a\u0422\u0415\u0420\u0418\u0421\u0422\u0418\u041a\u0418 \u0412\u0415\u0421<br \/>\nLungime: 1450 \u043c\u043c<br \/>\nL\u0103\u0163ime: 705 \u043c\u043c<br \/>\n\u00cen\u0103l\u0163ime: 1600 \u043c\u043c<br \/>\nGreutate: 240 \u043a\u0433<br \/>\n\u041e\u0421\u041d\u041e\u0412\u041d\u042b\u0415 \u0425\u0410\u0420\u0410\u041a\u0422\u0415\u0420\u0418\u0421\u0422\u0418\u041a\u0418<br \/>\nMax. performan\u0163\u0103: 4 \u043c3\/\u0447\u0430\u0441<br \/>\nMax. diametru lemn moale: 100 \u043c\u043c<br \/>\nMax. diametrul lemnului tare: 80 \u043c\u043c<br \/>\nDimensiunea cipului: 5&#8230;50 \u043c\u043c<br \/>\nNum\u0103rul de cu\u021bite: 2 pcs<br \/>\nMax. revolu\u021bii ale cu\u021bitelor de lucru: 2400 \u043e\u0431\/\u043c\u0438\u043d<br \/>\nPuterea motorului: 18 CP<\/p>","protected":false},"excerpt":{"rendered":"<p>Tocator crengi- Freze aschii Arpal MB- 100BD de tip tambur taie ramuri, \u0219ipci, a\u0219chii de lemn \u0219i alte de\u0219euri de<\/p>","protected":false},"featured_media":2991,"template":"","meta":[],"product_cat":[135],"product_tag":[],"class_list":{"0":"post-2990","1":"product","2":"type-product","3":"status-publish","4":"has-post-thumbnail","6":"product_cat-tocatoare-de-crengi","8":"first","9":"onbackorder","10":"shipping-taxable","11":"purchasable","12":"product-type-simple"},"yoast_head":"<!-- This site is optimized with the Yoast SEO plugin v20.12 - https:\/\/yoast.com\/wordpress\/plugins\/seo\/ -->\n<title>Tocator crengi- Freze aschii Arpal MB- 100BD - Modernteh<\/title>\n<meta name=\"description\" content=\"Tocator crengi- Freze aschii Arpal MB- 100BD de tip tambur taie ramuri, \u0219ipci, a\u0219chii de lemn \u0219i alte de\u0219euri de lemn cu dimensiunea de 5..50 mm\" \/>\n<meta name=\"robots\" content=\"index, follow, max-snippet:-1, max-image-preview:large, max-video-preview:-1\" \/>\n<link rel=\"canonical\" href=\"https:\/\/modernteh.md\/ru\/catalog\/tocator-crengi-freze-aschii-arpal-mb-100bd\/\" \/>\n<meta property=\"og:locale\" content=\"ru_RU\" \/>\n<meta property=\"og:type\" content=\"article\" \/>\n<meta property=\"og:title\" content=\"Tocator crengi- Freze aschii Arpal MB- 100BD - Modernteh\" \/>\n<meta property=\"og:description\" content=\"Tocator crengi- Freze aschii Arpal MB- 100BD de tip tambur taie ramuri, \u0219ipci, a\u0219chii de lemn \u0219i alte de\u0219euri de lemn cu dimensiunea de 5..50 mm\" \/>\n<meta property=\"og:url\" content=\"https:\/\/modernteh.md\/ru\/catalog\/tocator-crengi-freze-aschii-arpal-mb-100bd\/\" \/>\n<meta property=\"og:site_name\" content=\"Modernteh\" \/>\n<meta property=\"article:publisher\" content=\"https:\/\/www.facebook.com\/profile.php?id=100082695620019\" \/>\n<meta property=\"article:modified_time\" content=\"2025-10-10T08:53:01+00:00\" \/>\n<meta property=\"og:image\" content=\"https:\/\/modernteh.md\/wp-content\/uploads\/2022\/09\/Tocataor-crengi-MB-100BD-Arpal.jpg\" \/>\n\t<meta property=\"og:image:width\" content=\"1024\" \/>\n\t<meta property=\"og:image:height\" content=\"768\" \/>\n\t<meta property=\"og:image:type\" content=\"image\/jpeg\" \/>\n<meta name=\"twitter:card\" content=\"summary_large_image\" \/>\n<meta name=\"twitter:label1\" content=\"\u041f\u0440\u0438\u043c\u0435\u0440\u043d\u043e\u0435 \u0432\u0440\u0435\u043c\u044f \u0434\u043b\u044f \u0447\u0442\u0435\u043d\u0438\u044f\" \/>\n\t<meta name=\"twitter:data1\" content=\"1 \u043c\u0438\u043d\u0443\u0442\u0430\" \/>\n<script type=\"application\/ld+json\" class=\"yoast-schema-graph\">{\"@context\":\"https:\/\/schema.org\",\"@graph\":[{\"@type\":\"WebPage\",\"@id\":\"https:\/\/modernteh.md\/catalog\/tocator-crengi-freze-aschii-arpal-mb-100bd\/\",\"url\":\"https:\/\/modernteh.md\/catalog\/tocator-crengi-freze-aschii-arpal-mb-100bd\/\",\"name\":\"Tocator crengi- Freze aschii Arpal MB- 100BD - Modernteh\",\"isPartOf\":{\"@id\":\"https:\/\/modernteh.md\/#website\"},\"datePublished\":\"2022-09-04T09:28:34+00:00\",\"dateModified\":\"2025-10-10T08:53:01+00:00\",\"description\":\"Tocator crengi- Freze aschii Arpal MB- 100BD de tip tambur taie ramuri, \u0219ipci, a\u0219chii de lemn \u0219i alte de\u0219euri de lemn cu dimensiunea de 5..50 mm\",\"breadcrumb\":{\"@id\":\"https:\/\/modernteh.md\/catalog\/tocator-crengi-freze-aschii-arpal-mb-100bd\/#breadcrumb\"},\"inLanguage\":\"ru-RU\",\"potentialAction\":[{\"@type\":\"ReadAction\",\"target\":[\"https:\/\/modernteh.md\/catalog\/tocator-crengi-freze-aschii-arpal-mb-100bd\/\"]}]},{\"@type\":\"BreadcrumbList\",\"@id\":\"https:\/\/modernteh.md\/catalog\/tocator-crengi-freze-aschii-arpal-mb-100bd\/#breadcrumb\",\"itemListElement\":[{\"@type\":\"ListItem\",\"position\":1,\"name\":\"Prima pagin\u0103\",\"item\":\"https:\/\/modernteh.md\/\"},{\"@type\":\"ListItem\",\"position\":2,\"name\":\"Catalog\",\"item\":\"https:\/\/modernteh.md\/catalog\/\"},{\"@type\":\"ListItem\",\"position\":3,\"name\":\"Tocator crengi- Freze aschii Arpal MB- 100BD\"}]},{\"@type\":\"WebSite\",\"@id\":\"https:\/\/modernteh.md\/#website\",\"url\":\"https:\/\/modernteh.md\/\",\"name\":\"Modernteh\",\"description\":\"Modernteh\",\"publisher\":{\"@id\":\"https:\/\/modernteh.md\/#organization\"},\"potentialAction\":[{\"@type\":\"SearchAction\",\"target\":{\"@type\":\"EntryPoint\",\"urlTemplate\":\"https:\/\/modernteh.md\/?s={search_term_string}\"},\"query-input\":\"required name=search_term_string\"}],\"inLanguage\":\"ru-RU\"},{\"@type\":\"Organization\",\"@id\":\"https:\/\/modernteh.md\/#organization\",\"name\":\"Modernteh\",\"url\":\"https:\/\/modernteh.md\/\",\"logo\":{\"@type\":\"ImageObject\",\"inLanguage\":\"ru-RU\",\"@id\":\"https:\/\/modernteh.md\/#\/schema\/logo\/image\/\",\"url\":\"https:\/\/modernteh.md\/wp-content\/uploads\/2022\/06\/Logo_site-2.png\",\"contentUrl\":\"https:\/\/modernteh.md\/wp-content\/uploads\/2022\/06\/Logo_site-2.png\",\"width\":500,\"height\":487,\"caption\":\"Modernteh\"},\"image\":{\"@id\":\"https:\/\/modernteh.md\/#\/schema\/logo\/image\/\"},\"sameAs\":[\"https:\/\/www.facebook.com\/profile.php?id=100082695620019\"]}]}<\/script>\n<!-- \/ Yoast SEO plugin. -->","yoast_head_json":{"title":"Tocator crengi- Freze aschii Arpal MB- 100BD - Modernteh","description":"Tocator crengi- Freze aschii Arpal MB- 100BD de tip tambur taie ramuri, \u0219ipci, a\u0219chii de lemn \u0219i alte de\u0219euri de lemn cu dimensiunea de 5..50 mm","robots":{"index":"index","follow":"follow","max-snippet":"max-snippet:-1","max-image-preview":"max-image-preview:large","max-video-preview":"max-video-preview:-1"},"canonical":"https:\/\/modernteh.md\/ru\/catalog\/tocator-crengi-freze-aschii-arpal-mb-100bd\/","og_locale":"ru_RU","og_type":"article","og_title":"Tocator crengi- Freze aschii Arpal MB- 100BD - Modernteh","og_description":"Tocator crengi- Freze aschii Arpal MB- 100BD de tip tambur taie ramuri, \u0219ipci, a\u0219chii de lemn \u0219i alte de\u0219euri de lemn cu dimensiunea de 5..50 mm","og_url":"https:\/\/modernteh.md\/ru\/catalog\/tocator-crengi-freze-aschii-arpal-mb-100bd\/","og_site_name":"Modernteh","article_publisher":"https:\/\/www.facebook.com\/profile.php?id=100082695620019","article_modified_time":"2025-10-10T08:53:01+00:00","og_image":[{"width":1024,"height":768,"url":"https:\/\/modernteh.md\/wp-content\/uploads\/2022\/09\/Tocataor-crengi-MB-100BD-Arpal.jpg","type":"image\/jpeg"}],"twitter_card":"summary_large_image","twitter_misc":{"\u041f\u0440\u0438\u043c\u0435\u0440\u043d\u043e\u0435 \u0432\u0440\u0435\u043c\u044f \u0434\u043b\u044f \u0447\u0442\u0435\u043d\u0438\u044f":"1 \u043c\u0438\u043d\u0443\u0442\u0430"},"schema":{"@context":"https:\/\/schema.org","@graph":[{"@type":"WebPage","@id":"https:\/\/modernteh.md\/catalog\/tocator-crengi-freze-aschii-arpal-mb-100bd\/","url":"https:\/\/modernteh.md\/catalog\/tocator-crengi-freze-aschii-arpal-mb-100bd\/","name":"Tocator crengi- Freze aschii Arpal MB- 100BD - Modernteh","isPartOf":{"@id":"https:\/\/modernteh.md\/#website"},"datePublished":"2022-09-04T09:28:34+00:00","dateModified":"2025-10-10T08:53:01+00:00","description":"Tocator crengi- Freze aschii Arpal MB- 100BD de tip tambur taie ramuri, \u0219ipci, a\u0219chii de lemn \u0219i alte de\u0219euri de lemn cu dimensiunea de 5..50 mm","breadcrumb":{"@id":"https:\/\/modernteh.md\/catalog\/tocator-crengi-freze-aschii-arpal-mb-100bd\/#breadcrumb"},"inLanguage":"ru-RU","potentialAction":[{"@type":"ReadAction","target":["https:\/\/modernteh.md\/catalog\/tocator-crengi-freze-aschii-arpal-mb-100bd\/"]}]},{"@type":"BreadcrumbList","@id":"https:\/\/modernteh.md\/catalog\/tocator-crengi-freze-aschii-arpal-mb-100bd\/#breadcrumb","itemListElement":[{"@type":"ListItem","position":1,"name":"Prima pagin\u0103","item":"https:\/\/modernteh.md\/"},{"@type":"ListItem","position":2,"name":"Catalog","item":"https:\/\/modernteh.md\/catalog\/"},{"@type":"ListItem","position":3,"name":"Tocator crengi- Freze aschii Arpal MB- 100BD"}]},{"@type":"WebSite","@id":"https:\/\/modernteh.md\/#website","url":"https:\/\/modernteh.md\/","name":"Modernteh","description":"Modernteh","publisher":{"@id":"https:\/\/modernteh.md\/#organization"},"potentialAction":[{"@type":"SearchAction","target":{"@type":"EntryPoint","urlTemplate":"https:\/\/modernteh.md\/?s={search_term_string}"},"query-input":"required name=search_term_string"}],"inLanguage":"ru-RU"},{"@type":"Organization","@id":"https:\/\/modernteh.md\/#organization","name":"Modernteh","url":"https:\/\/modernteh.md\/","logo":{"@type":"ImageObject","inLanguage":"ru-RU","@id":"https:\/\/modernteh.md\/#\/schema\/logo\/image\/","url":"https:\/\/modernteh.md\/wp-content\/uploads\/2022\/06\/Logo_site-2.png","contentUrl":"https:\/\/modernteh.md\/wp-content\/uploads\/2022\/06\/Logo_site-2.png","width":500,"height":487,"caption":"Modernteh"},"image":{"@id":"https:\/\/modernteh.md\/#\/schema\/logo\/image\/"},"sameAs":["https:\/\/www.facebook.com\/profile.php?id=100082695620019"]}]}},"_links":{"self":[{"href":"https:\/\/modernteh.md\/ru\/wp-json\/wp\/v2\/product\/2990","targetHints":{"allow":["GET"]}}],"collection":[{"href":"https:\/\/modernteh.md\/ru\/wp-json\/wp\/v2\/product"}],"about":[{"href":"https:\/\/modernteh.md\/ru\/wp-json\/wp\/v2\/types\/product"}],"wp:featuredmedia":[{"embeddable":true,"href":"https:\/\/modernteh.md\/ru\/wp-json\/wp\/v2\/media\/2991"}],"wp:attachment":[{"href":"https:\/\/modernteh.md\/ru\/wp-json\/wp\/v2\/media?parent=2990"}],"wp:term":[{"taxonomy":"product_cat","embeddable":true,"href":"https:\/\/modernteh.md\/ru\/wp-json\/wp\/v2\/product_cat?post=2990"},{"taxonomy":"product_tag","embeddable":true,"href":"https:\/\/modernteh.md\/ru\/wp-json\/wp\/v2\/product_tag?post=2990"}],"curies":[{"name":"wp","href":"https:\/\/api.w.org\/{rel}","templated":true}]}}