{"id":2995,"date":"2022-09-04T09:45:06","date_gmt":"2022-09-04T09:45:06","guid":{"rendered":"https:\/\/modernteh.md\/?post_type=product&#038;p=2995"},"modified":"2024-03-28T12:58:37","modified_gmt":"2024-03-28T12:58:37","slug":"tocator-crengi-freze-aschii-mk-120tr-arpal","status":"publish","type":"product","link":"https:\/\/modernteh.md\/ru\/catalog\/tocator-crengi-freze-aschii-mk-120tr-arpal\/","title":{"rendered":"\u0418\u0437\u043c\u0435\u043b\u044c\u0447\u0438\u0442\u0435\u043b\u044c \u0432\u0435\u0442\u043e\u043a MK-120TR \u0429\u0435\u043f\u043e\u0440\u0435\u0437\u044b Arpal"},"content":{"rendered":"<p>Tocator crengi- Freze Aschii MK-120TR Arpal de tip disc este proiectat\u0103 pentru prelucrare \u0219i eliminare prin m\u0103run\u021birea crengilor, \u0219ipcilor, be\u021belor, lamelelor \u0219i a altor de\u0219euri lemnoase. Cu\u021bitorul de a\u0219chii transform\u0103 materiile prime \u00een a\u0219chii tehnologice. P\u00e2n\u0103 la 90% din a\u0219chiile ob\u021binute vor avea dimensiunea de 5 &#8230; 50 mm, 10% din dimensiunea liber\u0103; la zdrobirea ramurilor sub\u021biri, este posibil\u0103 o cre\u0219tere sau sc\u0103dere a frac\u021biei. M\u0103rimea a\u0219chiilor nu este reglementat\u0103 \u0219i depinde \u00een principal de tipul de material pentru furaj. Tocator crengi- Freze aschii MK-120TR Arpal este capabil sa taie ramuri cu un diametru de pana la 12 cm, in functie de umiditate si tip de lemn. A\u0219chiile decojite pot fi folosite pentru \u00eenc\u0103lzirea \u00een cazane cu combustibil solid \u0219i piroliz\u0103, \u0219eminee, sobe \u0219i alte aparate de \u00eenc\u0103lzire. A\u0219chii de lemn pot fi, de asemenea, folosi\u021bi ca mulci pentru plante sau \u00eengr\u0103\u0219\u0103m\u00e2nt. Cu prelucrarea ulterioar\u0103 din a\u0219chii de lemn, este posibil s\u0103 se ob\u021bin\u0103 pelete sau granule de combustibil.<\/p>\n<p>\u0413\u0410\u0411\u0410\u0420\u0418\u0422\u041d\u042b\u0415 \u0420\u0410\u0417\u041c\u0415\u0420\u042b \u0418 \u0425\u0410\u0420\u0410\u041a\u0422\u0415\u0420\u0418\u0421\u0422\u0418\u041a\u0418 \u0412\u0415\u0421<br \/>\nLungime: 1280 \u043c\u043c<br \/>\nL\u0103\u0163ime: 1290 \u043c\u043c<br \/>\n\u00cen\u0103l\u0163ime: 1650 \u043c\u043c<br \/>\nGreutate: 180 \u043a\u0433<br \/>\nDiametrul axei tractorului: 22 \u043c\u043c<\/p>\n<p>\u041e\u0421\u041d\u041e\u0412\u041d\u042b\u0415 \u0425\u0410\u0420\u0410\u041a\u0422\u0415\u0420\u0418\u0421\u0422\u0418\u041a\u0418<br \/>\nMax. performan\u0163\u0103: 6 \u043c3\/\u0447\u0430\u0441<br \/>\nMax. diametru lemn moale: 120 \u043c\u043c<br \/>\nMax. diametrul lemnului tare: 100 \u043c\u043c<br \/>\nDimensiunea aschiei: 5&#8230;50 \u043c\u043c<br \/>\nNum\u0103rul de cu\u021bite: 4 pcs<\/p>\n<p>\u0425\u0410\u0420\u0410\u041a\u0422\u0415\u0420\u0418\u0421\u0422\u0418\u041a\u0418 \u0422\u0420\u0410\u041a\u0422\u041e\u0420\u0410<br \/>\nPorne\u0219te PTO: 540 &#8211; 1000 rpm<br \/>\nMotor min. putere: 25 CP<\/p>","protected":false},"excerpt":{"rendered":"<p>Tocator crengi- Freze Aschii MK-120TR Arpal de tip disc este proiectat\u0103 pentru prelucrare \u0219i eliminare prin m\u0103run\u021birea crengilor, \u0219ipcilor, be\u021belor,<\/p>","protected":false},"featured_media":2996,"template":"","meta":[],"product_cat":[135],"product_tag":[],"class_list":{"0":"post-2995","1":"product","2":"type-product","3":"status-publish","4":"has-post-thumbnail","6":"product_cat-tocatoare-de-crengi","8":"first","9":"instock","10":"shipping-taxable","11":"purchasable","12":"product-type-simple"},"yoast_head":"<!-- This site is optimized with the Yoast SEO plugin v20.12 - https:\/\/yoast.com\/wordpress\/plugins\/seo\/ -->\n<title>Tocator crengi- Freze Aschii MK-120TR Arpal - Modernteh<\/title>\n<meta name=\"description\" content=\"Tocator crengi- Freze Aschii MK-120TR Arpal de tip disc este proiectat pentru eliminare prin m\u0103run\u021birea crengilor, be\u021belor \u0219i a altor de\u0219euri lemnoase\" \/>\n<meta name=\"robots\" content=\"index, follow, max-snippet:-1, max-image-preview:large, max-video-preview:-1\" \/>\n<link rel=\"canonical\" href=\"https:\/\/modernteh.md\/ru\/catalog\/tocator-crengi-freze-aschii-mk-120tr-arpal\/\" \/>\n<meta property=\"og:locale\" content=\"ru_RU\" \/>\n<meta property=\"og:type\" content=\"article\" \/>\n<meta property=\"og:title\" content=\"Tocator crengi- Freze Aschii MK-120TR Arpal - Modernteh\" \/>\n<meta property=\"og:description\" content=\"Tocator crengi- Freze Aschii MK-120TR Arpal de tip disc este proiectat pentru eliminare prin m\u0103run\u021birea crengilor, be\u021belor \u0219i a altor de\u0219euri lemnoase\" \/>\n<meta property=\"og:url\" content=\"https:\/\/modernteh.md\/ru\/catalog\/tocator-crengi-freze-aschii-mk-120tr-arpal\/\" \/>\n<meta property=\"og:site_name\" content=\"Modernteh\" \/>\n<meta property=\"article:publisher\" content=\"https:\/\/www.facebook.com\/profile.php?id=100082695620019\" \/>\n<meta property=\"article:modified_time\" content=\"2024-03-28T12:58:37+00:00\" \/>\n<meta property=\"og:image\" content=\"https:\/\/modernteh.md\/wp-content\/uploads\/2022\/09\/tocator-crengi-mk-120TR.jpg\" \/>\n\t<meta property=\"og:image:width\" content=\"1024\" \/>\n\t<meta property=\"og:image:height\" content=\"683\" \/>\n\t<meta property=\"og:image:type\" content=\"image\/jpeg\" \/>\n<meta name=\"twitter:card\" content=\"summary_large_image\" \/>\n<meta name=\"twitter:label1\" content=\"\u041f\u0440\u0438\u043c\u0435\u0440\u043d\u043e\u0435 \u0432\u0440\u0435\u043c\u044f \u0434\u043b\u044f \u0447\u0442\u0435\u043d\u0438\u044f\" \/>\n\t<meta name=\"twitter:data1\" content=\"2 \u043c\u0438\u043d\u0443\u0442\u044b\" \/>\n<script type=\"application\/ld+json\" class=\"yoast-schema-graph\">{\"@context\":\"https:\/\/schema.org\",\"@graph\":[{\"@type\":\"WebPage\",\"@id\":\"https:\/\/modernteh.md\/catalog\/tocator-crengi-freze-aschii-mk-120tr-arpal\/\",\"url\":\"https:\/\/modernteh.md\/catalog\/tocator-crengi-freze-aschii-mk-120tr-arpal\/\",\"name\":\"Tocator crengi- Freze Aschii MK-120TR Arpal - Modernteh\",\"isPartOf\":{\"@id\":\"https:\/\/modernteh.md\/#website\"},\"datePublished\":\"2022-09-04T09:45:06+00:00\",\"dateModified\":\"2024-03-28T12:58:37+00:00\",\"description\":\"Tocator crengi- Freze Aschii MK-120TR Arpal de tip disc este proiectat pentru eliminare prin m\u0103run\u021birea crengilor, be\u021belor \u0219i a altor de\u0219euri lemnoase\",\"breadcrumb\":{\"@id\":\"https:\/\/modernteh.md\/catalog\/tocator-crengi-freze-aschii-mk-120tr-arpal\/#breadcrumb\"},\"inLanguage\":\"ru-RU\",\"potentialAction\":[{\"@type\":\"ReadAction\",\"target\":[\"https:\/\/modernteh.md\/catalog\/tocator-crengi-freze-aschii-mk-120tr-arpal\/\"]}]},{\"@type\":\"BreadcrumbList\",\"@id\":\"https:\/\/modernteh.md\/catalog\/tocator-crengi-freze-aschii-mk-120tr-arpal\/#breadcrumb\",\"itemListElement\":[{\"@type\":\"ListItem\",\"position\":1,\"name\":\"Prima pagin\u0103\",\"item\":\"https:\/\/modernteh.md\/\"},{\"@type\":\"ListItem\",\"position\":2,\"name\":\"Catalog\",\"item\":\"https:\/\/modernteh.md\/catalog\/\"},{\"@type\":\"ListItem\",\"position\":3,\"name\":\"Tocator crengi- Freze Aschii MK-120TR Arpal\"}]},{\"@type\":\"WebSite\",\"@id\":\"https:\/\/modernteh.md\/#website\",\"url\":\"https:\/\/modernteh.md\/\",\"name\":\"Modernteh\",\"description\":\"Modernteh\",\"publisher\":{\"@id\":\"https:\/\/modernteh.md\/#organization\"},\"potentialAction\":[{\"@type\":\"SearchAction\",\"target\":{\"@type\":\"EntryPoint\",\"urlTemplate\":\"https:\/\/modernteh.md\/?s={search_term_string}\"},\"query-input\":\"required name=search_term_string\"}],\"inLanguage\":\"ru-RU\"},{\"@type\":\"Organization\",\"@id\":\"https:\/\/modernteh.md\/#organization\",\"name\":\"Modernteh\",\"url\":\"https:\/\/modernteh.md\/\",\"logo\":{\"@type\":\"ImageObject\",\"inLanguage\":\"ru-RU\",\"@id\":\"https:\/\/modernteh.md\/#\/schema\/logo\/image\/\",\"url\":\"https:\/\/modernteh.md\/wp-content\/uploads\/2022\/06\/Logo_site-2.png\",\"contentUrl\":\"https:\/\/modernteh.md\/wp-content\/uploads\/2022\/06\/Logo_site-2.png\",\"width\":500,\"height\":487,\"caption\":\"Modernteh\"},\"image\":{\"@id\":\"https:\/\/modernteh.md\/#\/schema\/logo\/image\/\"},\"sameAs\":[\"https:\/\/www.facebook.com\/profile.php?id=100082695620019\"]}]}<\/script>\n<!-- \/ Yoast SEO plugin. -->","yoast_head_json":{"title":"Tocator crengi- Freze Aschii MK-120TR Arpal - Modernteh","description":"Tocator crengi- Freze Aschii MK-120TR Arpal de tip disc este proiectat pentru eliminare prin m\u0103run\u021birea crengilor, be\u021belor \u0219i a altor de\u0219euri lemnoase","robots":{"index":"index","follow":"follow","max-snippet":"max-snippet:-1","max-image-preview":"max-image-preview:large","max-video-preview":"max-video-preview:-1"},"canonical":"https:\/\/modernteh.md\/ru\/catalog\/tocator-crengi-freze-aschii-mk-120tr-arpal\/","og_locale":"ru_RU","og_type":"article","og_title":"Tocator crengi- Freze Aschii MK-120TR Arpal - Modernteh","og_description":"Tocator crengi- Freze Aschii MK-120TR Arpal de tip disc este proiectat pentru eliminare prin m\u0103run\u021birea crengilor, be\u021belor \u0219i a altor de\u0219euri lemnoase","og_url":"https:\/\/modernteh.md\/ru\/catalog\/tocator-crengi-freze-aschii-mk-120tr-arpal\/","og_site_name":"Modernteh","article_publisher":"https:\/\/www.facebook.com\/profile.php?id=100082695620019","article_modified_time":"2024-03-28T12:58:37+00:00","og_image":[{"width":1024,"height":683,"url":"https:\/\/modernteh.md\/wp-content\/uploads\/2022\/09\/tocator-crengi-mk-120TR.jpg","type":"image\/jpeg"}],"twitter_card":"summary_large_image","twitter_misc":{"\u041f\u0440\u0438\u043c\u0435\u0440\u043d\u043e\u0435 \u0432\u0440\u0435\u043c\u044f \u0434\u043b\u044f \u0447\u0442\u0435\u043d\u0438\u044f":"2 \u043c\u0438\u043d\u0443\u0442\u044b"},"schema":{"@context":"https:\/\/schema.org","@graph":[{"@type":"WebPage","@id":"https:\/\/modernteh.md\/catalog\/tocator-crengi-freze-aschii-mk-120tr-arpal\/","url":"https:\/\/modernteh.md\/catalog\/tocator-crengi-freze-aschii-mk-120tr-arpal\/","name":"Tocator crengi- Freze Aschii MK-120TR Arpal - Modernteh","isPartOf":{"@id":"https:\/\/modernteh.md\/#website"},"datePublished":"2022-09-04T09:45:06+00:00","dateModified":"2024-03-28T12:58:37+00:00","description":"Tocator crengi- Freze Aschii MK-120TR Arpal de tip disc este proiectat pentru eliminare prin m\u0103run\u021birea crengilor, be\u021belor \u0219i a altor de\u0219euri lemnoase","breadcrumb":{"@id":"https:\/\/modernteh.md\/catalog\/tocator-crengi-freze-aschii-mk-120tr-arpal\/#breadcrumb"},"inLanguage":"ru-RU","potentialAction":[{"@type":"ReadAction","target":["https:\/\/modernteh.md\/catalog\/tocator-crengi-freze-aschii-mk-120tr-arpal\/"]}]},{"@type":"BreadcrumbList","@id":"https:\/\/modernteh.md\/catalog\/tocator-crengi-freze-aschii-mk-120tr-arpal\/#breadcrumb","itemListElement":[{"@type":"ListItem","position":1,"name":"Prima pagin\u0103","item":"https:\/\/modernteh.md\/"},{"@type":"ListItem","position":2,"name":"Catalog","item":"https:\/\/modernteh.md\/catalog\/"},{"@type":"ListItem","position":3,"name":"Tocator crengi- Freze Aschii MK-120TR Arpal"}]},{"@type":"WebSite","@id":"https:\/\/modernteh.md\/#website","url":"https:\/\/modernteh.md\/","name":"Modernteh","description":"Modernteh","publisher":{"@id":"https:\/\/modernteh.md\/#organization"},"potentialAction":[{"@type":"SearchAction","target":{"@type":"EntryPoint","urlTemplate":"https:\/\/modernteh.md\/?s={search_term_string}"},"query-input":"required name=search_term_string"}],"inLanguage":"ru-RU"},{"@type":"Organization","@id":"https:\/\/modernteh.md\/#organization","name":"Modernteh","url":"https:\/\/modernteh.md\/","logo":{"@type":"ImageObject","inLanguage":"ru-RU","@id":"https:\/\/modernteh.md\/#\/schema\/logo\/image\/","url":"https:\/\/modernteh.md\/wp-content\/uploads\/2022\/06\/Logo_site-2.png","contentUrl":"https:\/\/modernteh.md\/wp-content\/uploads\/2022\/06\/Logo_site-2.png","width":500,"height":487,"caption":"Modernteh"},"image":{"@id":"https:\/\/modernteh.md\/#\/schema\/logo\/image\/"},"sameAs":["https:\/\/www.facebook.com\/profile.php?id=100082695620019"]}]}},"_links":{"self":[{"href":"https:\/\/modernteh.md\/ru\/wp-json\/wp\/v2\/product\/2995","targetHints":{"allow":["GET"]}}],"collection":[{"href":"https:\/\/modernteh.md\/ru\/wp-json\/wp\/v2\/product"}],"about":[{"href":"https:\/\/modernteh.md\/ru\/wp-json\/wp\/v2\/types\/product"}],"wp:featuredmedia":[{"embeddable":true,"href":"https:\/\/modernteh.md\/ru\/wp-json\/wp\/v2\/media\/2996"}],"wp:attachment":[{"href":"https:\/\/modernteh.md\/ru\/wp-json\/wp\/v2\/media?parent=2995"}],"wp:term":[{"taxonomy":"product_cat","embeddable":true,"href":"https:\/\/modernteh.md\/ru\/wp-json\/wp\/v2\/product_cat?post=2995"},{"taxonomy":"product_tag","embeddable":true,"href":"https:\/\/modernteh.md\/ru\/wp-json\/wp\/v2\/product_tag?post=2995"}],"curies":[{"name":"wp","href":"https:\/\/api.w.org\/{rel}","templated":true}]}}