{"id":3010,"date":"2022-09-20T06:17:31","date_gmt":"2022-09-20T06:17:31","guid":{"rendered":"https:\/\/modernteh.md\/?post_type=product&#038;p=3010"},"modified":"2024-08-20T08:27:50","modified_gmt":"2024-08-20T08:27:50","slug":"deplumator-masina-de-penit","status":"publish","type":"product","link":"https:\/\/modernteh.md\/ru\/catalog\/deplumator-masina-de-penit\/","title":{"rendered":"Deplumator-masina de penit DM-60"},"content":{"rendered":"<p>Deplumator-masina de penit profesional MS-60 este folosit cu succes pentru \u00eendep\u0103rtarea penelor p\u0103s\u0103rilor de curte cum ar fi: g\u0103ini, ra\u021be, g\u00e2\u0219te, curcani, prepeli\u021be etc.<br \/>\n\u2713 Deplumator-masina de penit are structura din o\u021bel inoxidabil \u0219i este destinat \u00een special jumulirii p\u0103s\u0103rilor.<\/p>\n<p>\u2713 Degetele deplumatoarelor din cauciuc asigur\u0103 o jumulire uniform\u0103 cu o rat\u0103 de eficien\u021b\u0103 medie de 95%.<\/p>\n<p>\u2713 Jgheabul de evacuare a de\u0219eurilor asigur\u0103 \u00eenl\u0103turarea eficient\u0103 e penelor \u0219i a surplusului de ap\u0103.<\/p>\n<p>\u2713 Cu ajutorul deplumator-masina de penit MS-60 \u00eentregul proces de jumulire dureaz\u0103 aproximativ 30 de secunde.<\/p>\n<p>\u2713 Puterea motorului este de 2200 w.<\/p>\n<p>\u2713 Echipat cu 119 buc\u0103\u021bi de degete deplumatoare.<\/p>\n<p>\u2713 Dimensiunea cuvei este de 60 cm.<\/p>\n<p>\u2713 Capacitate de aproximativ 10 kg simultan.<br \/>\nProcesul de lucru a deplumatorului MS-60:<br \/>\nPentru \u00eenceput va trebui sa op\u0103ri\u021bi pas\u0103rile sacrificate cu apa cald\u0103 la o temperatura cuprins\u0103 \u00eentre 65-80 de grade Celsius;<br \/>\nApoi porni\u021bi deplumatorul \u0219i introduce\u021bi pas\u0103rile \u00een cuva ma\u0219inii de jumulit;<br \/>\nDup\u0103 10 secunde de lucru turna\u021bi ap\u0103 pentru a sp\u0103la penele \u00eendep\u0103rtate;<br \/>\nScoate\u021bi p\u0103s\u0103rile din cuva deplumatorului.<\/p>\n<p> Procesul de verificare a deplumatorului MS-60:<br \/>\n1. Porni\u021bi ma\u0219ina de penit \u0219i verifica\u021bi daca aparatul ruleaz\u0103 normal, \u00eenainte de fiecare utilizare;<\/p>\n<p>2. Cuva ma\u0219inii de jumulit p\u0103s\u0103ri se cur\u0103\u021b\u0103 complet de pene \u0219i alte resturi dup\u0103 fiecare utilizare.<\/p>\n<p>3. Dup\u0103 ce folosi\u021bi un timp \u00eendelungat ma\u0219ina electric\u0103 de scos pene , este indicat sa schimba\u021bi degetele de cauciuc \u00een cazul in care acestea se uzeaz\u0103, astfel \u00eenc\u00e2t sa fie asigurat\u0103 eficien\u021ba maxim\u0103 de lucru.<\/p>\n<p>4. Dup\u0103 o perioad\u0103 \u00eendelungata de utilizare a deplumatorului, cureaua de transmisie se poate slabi ceea ce va face ca discul de rulare sa devin\u0103 mai lent. \u00cen acest caz va rugam sa regla\u021bi piuli\u021ba de la baza ma\u0219inii. Aceasta va retensiona cureaua \u0219i func\u021bionarea va fi din nou optim\u0103.<\/p>","protected":false},"excerpt":{"rendered":"<p>Deplumator-masina de penit profesional MS-60 este folosit cu succes pentru \u00eendep\u0103rtarea penelor p\u0103s\u0103rilor de curte cum ar fi: g\u0103ini, ra\u021be,<\/p>","protected":false},"featured_media":3011,"template":"","meta":[],"product_cat":[177],"product_tag":[],"class_list":{"0":"post-3010","1":"product","2":"type-product","3":"status-publish","4":"has-post-thumbnail","6":"product_cat-masini-de-penit-oparit","8":"first","9":"instock","10":"shipping-taxable","11":"purchasable","12":"product-type-simple"},"yoast_head":"<!-- This site is optimized with the Yoast SEO plugin v20.12 - https:\/\/yoast.com\/wordpress\/plugins\/seo\/ -->\n<title>Deplumator-masina de penit DM-60 - Modernteh<\/title>\n<meta name=\"description\" content=\"Deplumator-masina de penit profesional este folosit cu succes pentru \u00eendep\u0103rtarea penelor p\u0103s\u0103rilor de curte: g\u0103ini, ra\u021be, g\u00e2\u0219te, curcani, prepeli\u021be\" \/>\n<meta name=\"robots\" content=\"index, follow, max-snippet:-1, max-image-preview:large, max-video-preview:-1\" \/>\n<link rel=\"canonical\" href=\"https:\/\/modernteh.md\/ru\/catalog\/deplumator-masina-de-penit\/\" \/>\n<meta property=\"og:locale\" content=\"ru_RU\" \/>\n<meta property=\"og:type\" content=\"article\" \/>\n<meta property=\"og:title\" content=\"Deplumator-masina de penit DM-60 - Modernteh\" \/>\n<meta property=\"og:description\" content=\"Deplumator-masina de penit profesional este folosit cu succes pentru \u00eendep\u0103rtarea penelor p\u0103s\u0103rilor de curte: g\u0103ini, ra\u021be, g\u00e2\u0219te, curcani, prepeli\u021be\" \/>\n<meta property=\"og:url\" content=\"https:\/\/modernteh.md\/ru\/catalog\/deplumator-masina-de-penit\/\" \/>\n<meta property=\"og:site_name\" content=\"Modernteh\" \/>\n<meta property=\"article:publisher\" content=\"https:\/\/www.facebook.com\/profile.php?id=100082695620019\" \/>\n<meta property=\"article:modified_time\" content=\"2024-08-20T08:27:50+00:00\" \/>\n<meta property=\"og:image\" content=\"https:\/\/modernteh.md\/wp-content\/uploads\/2022\/09\/masini-penit-ms-60-500-500-500-500-500-500-500-500.jpg\" \/>\n\t<meta property=\"og:image:width\" content=\"500\" \/>\n\t<meta property=\"og:image:height\" content=\"500\" \/>\n\t<meta property=\"og:image:type\" content=\"image\/jpeg\" \/>\n<meta name=\"twitter:card\" content=\"summary_large_image\" \/>\n<meta name=\"twitter:label1\" content=\"\u041f\u0440\u0438\u043c\u0435\u0440\u043d\u043e\u0435 \u0432\u0440\u0435\u043c\u044f \u0434\u043b\u044f \u0447\u0442\u0435\u043d\u0438\u044f\" \/>\n\t<meta name=\"twitter:data1\" content=\"2 \u043c\u0438\u043d\u0443\u0442\u044b\" \/>\n<script type=\"application\/ld+json\" class=\"yoast-schema-graph\">{\"@context\":\"https:\/\/schema.org\",\"@graph\":[{\"@type\":\"WebPage\",\"@id\":\"https:\/\/modernteh.md\/catalog\/deplumator-masina-de-penit\/\",\"url\":\"https:\/\/modernteh.md\/catalog\/deplumator-masina-de-penit\/\",\"name\":\"Deplumator-masina de penit DM-60 - Modernteh\",\"isPartOf\":{\"@id\":\"https:\/\/modernteh.md\/#website\"},\"datePublished\":\"2022-09-20T06:17:31+00:00\",\"dateModified\":\"2024-08-20T08:27:50+00:00\",\"description\":\"Deplumator-masina de penit profesional este folosit cu succes pentru \u00eendep\u0103rtarea penelor p\u0103s\u0103rilor de curte: g\u0103ini, ra\u021be, g\u00e2\u0219te, curcani, prepeli\u021be\",\"breadcrumb\":{\"@id\":\"https:\/\/modernteh.md\/catalog\/deplumator-masina-de-penit\/#breadcrumb\"},\"inLanguage\":\"ru-RU\",\"potentialAction\":[{\"@type\":\"ReadAction\",\"target\":[\"https:\/\/modernteh.md\/catalog\/deplumator-masina-de-penit\/\"]}]},{\"@type\":\"BreadcrumbList\",\"@id\":\"https:\/\/modernteh.md\/catalog\/deplumator-masina-de-penit\/#breadcrumb\",\"itemListElement\":[{\"@type\":\"ListItem\",\"position\":1,\"name\":\"Prima pagin\u0103\",\"item\":\"https:\/\/modernteh.md\/\"},{\"@type\":\"ListItem\",\"position\":2,\"name\":\"Catalog\",\"item\":\"https:\/\/modernteh.md\/catalog\/\"},{\"@type\":\"ListItem\",\"position\":3,\"name\":\"Deplumator-masina de penit DM-60\"}]},{\"@type\":\"WebSite\",\"@id\":\"https:\/\/modernteh.md\/#website\",\"url\":\"https:\/\/modernteh.md\/\",\"name\":\"Modernteh\",\"description\":\"Modernteh\",\"publisher\":{\"@id\":\"https:\/\/modernteh.md\/#organization\"},\"potentialAction\":[{\"@type\":\"SearchAction\",\"target\":{\"@type\":\"EntryPoint\",\"urlTemplate\":\"https:\/\/modernteh.md\/?s={search_term_string}\"},\"query-input\":\"required name=search_term_string\"}],\"inLanguage\":\"ru-RU\"},{\"@type\":\"Organization\",\"@id\":\"https:\/\/modernteh.md\/#organization\",\"name\":\"Modernteh\",\"url\":\"https:\/\/modernteh.md\/\",\"logo\":{\"@type\":\"ImageObject\",\"inLanguage\":\"ru-RU\",\"@id\":\"https:\/\/modernteh.md\/#\/schema\/logo\/image\/\",\"url\":\"https:\/\/modernteh.md\/wp-content\/uploads\/2022\/06\/Logo_site-2.png\",\"contentUrl\":\"https:\/\/modernteh.md\/wp-content\/uploads\/2022\/06\/Logo_site-2.png\",\"width\":500,\"height\":487,\"caption\":\"Modernteh\"},\"image\":{\"@id\":\"https:\/\/modernteh.md\/#\/schema\/logo\/image\/\"},\"sameAs\":[\"https:\/\/www.facebook.com\/profile.php?id=100082695620019\"]}]}<\/script>\n<!-- \/ Yoast SEO plugin. -->","yoast_head_json":{"title":"Deplumator-masina de penit DM-60 - Modernteh","description":"Deplumator-masina de penit profesional este folosit cu succes pentru \u00eendep\u0103rtarea penelor p\u0103s\u0103rilor de curte: g\u0103ini, ra\u021be, g\u00e2\u0219te, curcani, prepeli\u021be","robots":{"index":"index","follow":"follow","max-snippet":"max-snippet:-1","max-image-preview":"max-image-preview:large","max-video-preview":"max-video-preview:-1"},"canonical":"https:\/\/modernteh.md\/ru\/catalog\/deplumator-masina-de-penit\/","og_locale":"ru_RU","og_type":"article","og_title":"Deplumator-masina de penit DM-60 - Modernteh","og_description":"Deplumator-masina de penit profesional este folosit cu succes pentru \u00eendep\u0103rtarea penelor p\u0103s\u0103rilor de curte: g\u0103ini, ra\u021be, g\u00e2\u0219te, curcani, prepeli\u021be","og_url":"https:\/\/modernteh.md\/ru\/catalog\/deplumator-masina-de-penit\/","og_site_name":"Modernteh","article_publisher":"https:\/\/www.facebook.com\/profile.php?id=100082695620019","article_modified_time":"2024-08-20T08:27:50+00:00","og_image":[{"width":500,"height":500,"url":"https:\/\/modernteh.md\/wp-content\/uploads\/2022\/09\/masini-penit-ms-60-500-500-500-500-500-500-500-500.jpg","type":"image\/jpeg"}],"twitter_card":"summary_large_image","twitter_misc":{"\u041f\u0440\u0438\u043c\u0435\u0440\u043d\u043e\u0435 \u0432\u0440\u0435\u043c\u044f \u0434\u043b\u044f \u0447\u0442\u0435\u043d\u0438\u044f":"2 \u043c\u0438\u043d\u0443\u0442\u044b"},"schema":{"@context":"https:\/\/schema.org","@graph":[{"@type":"WebPage","@id":"https:\/\/modernteh.md\/catalog\/deplumator-masina-de-penit\/","url":"https:\/\/modernteh.md\/catalog\/deplumator-masina-de-penit\/","name":"Deplumator-masina de penit DM-60 - Modernteh","isPartOf":{"@id":"https:\/\/modernteh.md\/#website"},"datePublished":"2022-09-20T06:17:31+00:00","dateModified":"2024-08-20T08:27:50+00:00","description":"Deplumator-masina de penit profesional este folosit cu succes pentru \u00eendep\u0103rtarea penelor p\u0103s\u0103rilor de curte: g\u0103ini, ra\u021be, g\u00e2\u0219te, curcani, prepeli\u021be","breadcrumb":{"@id":"https:\/\/modernteh.md\/catalog\/deplumator-masina-de-penit\/#breadcrumb"},"inLanguage":"ru-RU","potentialAction":[{"@type":"ReadAction","target":["https:\/\/modernteh.md\/catalog\/deplumator-masina-de-penit\/"]}]},{"@type":"BreadcrumbList","@id":"https:\/\/modernteh.md\/catalog\/deplumator-masina-de-penit\/#breadcrumb","itemListElement":[{"@type":"ListItem","position":1,"name":"Prima pagin\u0103","item":"https:\/\/modernteh.md\/"},{"@type":"ListItem","position":2,"name":"Catalog","item":"https:\/\/modernteh.md\/catalog\/"},{"@type":"ListItem","position":3,"name":"Deplumator-masina de penit DM-60"}]},{"@type":"WebSite","@id":"https:\/\/modernteh.md\/#website","url":"https:\/\/modernteh.md\/","name":"Modernteh","description":"Modernteh","publisher":{"@id":"https:\/\/modernteh.md\/#organization"},"potentialAction":[{"@type":"SearchAction","target":{"@type":"EntryPoint","urlTemplate":"https:\/\/modernteh.md\/?s={search_term_string}"},"query-input":"required name=search_term_string"}],"inLanguage":"ru-RU"},{"@type":"Organization","@id":"https:\/\/modernteh.md\/#organization","name":"Modernteh","url":"https:\/\/modernteh.md\/","logo":{"@type":"ImageObject","inLanguage":"ru-RU","@id":"https:\/\/modernteh.md\/#\/schema\/logo\/image\/","url":"https:\/\/modernteh.md\/wp-content\/uploads\/2022\/06\/Logo_site-2.png","contentUrl":"https:\/\/modernteh.md\/wp-content\/uploads\/2022\/06\/Logo_site-2.png","width":500,"height":487,"caption":"Modernteh"},"image":{"@id":"https:\/\/modernteh.md\/#\/schema\/logo\/image\/"},"sameAs":["https:\/\/www.facebook.com\/profile.php?id=100082695620019"]}]}},"_links":{"self":[{"href":"https:\/\/modernteh.md\/ru\/wp-json\/wp\/v2\/product\/3010","targetHints":{"allow":["GET"]}}],"collection":[{"href":"https:\/\/modernteh.md\/ru\/wp-json\/wp\/v2\/product"}],"about":[{"href":"https:\/\/modernteh.md\/ru\/wp-json\/wp\/v2\/types\/product"}],"wp:featuredmedia":[{"embeddable":true,"href":"https:\/\/modernteh.md\/ru\/wp-json\/wp\/v2\/media\/3011"}],"wp:attachment":[{"href":"https:\/\/modernteh.md\/ru\/wp-json\/wp\/v2\/media?parent=3010"}],"wp:term":[{"taxonomy":"product_cat","embeddable":true,"href":"https:\/\/modernteh.md\/ru\/wp-json\/wp\/v2\/product_cat?post=3010"},{"taxonomy":"product_tag","embeddable":true,"href":"https:\/\/modernteh.md\/ru\/wp-json\/wp\/v2\/product_tag?post=3010"}],"curies":[{"name":"wp","href":"https:\/\/api.w.org\/{rel}","templated":true}]}}