{"id":3017,"date":"2022-09-20T06:32:10","date_gmt":"2022-09-20T06:32:10","guid":{"rendered":"https:\/\/modernteh.md\/?post_type=product&#038;p=3017"},"modified":"2023-11-17T10:04:39","modified_gmt":"2023-11-17T10:04:39","slug":"masina-de-oparit-pasari-ms-70","status":"publish","type":"product","link":"https:\/\/modernteh.md\/ru\/catalog\/masina-de-oparit-pasari-ms-70\/","title":{"rendered":"Ma\u0219ina de op\u0103rit p\u0103s\u0103ri MS-70"},"content":{"rendered":"<p>Ma\u0219ina de op\u0103rit p\u0103s\u0103ri u\u0219ureaz\u0103 procesul de op\u0103rire, fiind un proces ce necesit\u0103 aten\u021bie pentru a putea trece la penit pas\u0103rile \u00eentr-un mod corect.<br \/>\nAvantaje masina de oparit p\u0103s\u0103ri MS-70<br \/>\n\u2713 Dispune de panou de comand\u0103 pentru controlul temperaturii.<\/p>\n<p>\u2713 Robinetul de scurgere ajut\u0103 la eliminarea rapid\u0103 a apei din cazan.<\/p>\n<p>\u2713 Co\u0219ul este deta\u0219abil \u0219i se poate scoate cu u\u0219urin\u021b\u0103.<\/p>\n<p> Op\u0103rirea are scop final s\u0103 \u00eenc\u0103lzeasc\u0103 suprafa\u021ba pielii \u00een urma c\u0103reia se realizeaz\u0103 o sl\u0103bire a structurii proteinelor din epiderma care \u021bin aderent bulbul pilos (derma), pentru ca penele sa se poat\u0103 \u00eendep\u0103rta u\u0219or, mecanizat cu ajutorul deplumatorului.<\/p>\n<p> Pentru ob\u021binerea unor produse congelate, la pui, se efectueaz\u0103 o op\u0103rire mai intens\u0103 la temperatura de 58 \u2013 60\u00b0C timp de 120 \u2013 140 de secunde, iar pentru produse refrigerate se urm\u0103re\u0219te o op\u0103rire mai slaba la temperatura de 52 \u2013 54\u00b0C timp de un minut si jum\u0103tate.<\/p>\n<p> Caracteristicile aparatului de op\u0103rit p\u0103s\u0103ri:<br \/>\n Volum &#8211; 70 l<\/p>\n<p> \u00cenal\u021bime &#8211;  65cm<\/p>\n<p> Lungime &#8211; 35cm<\/p>\n<p> L\u0103\u021bime &#8211; 45 cm<\/p>","protected":false},"excerpt":{"rendered":"<p>Ma\u0219ina de op\u0103rit p\u0103s\u0103ri u\u0219ureaz\u0103 procesul de op\u0103rire, fiind un proces ce necesit\u0103 aten\u021bie pentru a putea trece la penit<\/p>","protected":false},"featured_media":3018,"template":"","meta":[],"product_cat":[177],"product_tag":[],"class_list":{"0":"post-3017","1":"product","2":"type-product","3":"status-publish","4":"has-post-thumbnail","6":"product_cat-masini-de-penit-oparit","8":"first","9":"outofstock","10":"shipping-taxable","11":"purchasable","12":"product-type-simple"},"yoast_head":"<!-- This site is optimized with the Yoast SEO plugin v20.12 - https:\/\/yoast.com\/wordpress\/plugins\/seo\/ -->\n<title>Ma\u0219ina de op\u0103rit p\u0103s\u0103ri MS-70 - Modernteh<\/title>\n<meta name=\"description\" content=\"Masina de op\u0103rit p\u0103s\u0103ri u\u0219ureaz\u0103 procesul de op\u0103rire, fiind un proces ce necesit\u0103 aten\u021bie pentru a putea trece la penit pas\u0103rile \u00eentr-un mod corect.\" \/>\n<meta name=\"robots\" content=\"index, follow, max-snippet:-1, max-image-preview:large, max-video-preview:-1\" \/>\n<link rel=\"canonical\" href=\"https:\/\/modernteh.md\/ru\/catalog\/masina-de-oparit-pasari-ms-70\/\" \/>\n<meta property=\"og:locale\" content=\"ru_RU\" \/>\n<meta property=\"og:type\" content=\"article\" \/>\n<meta property=\"og:title\" content=\"Ma\u0219ina de op\u0103rit p\u0103s\u0103ri MS-70 - Modernteh\" \/>\n<meta property=\"og:description\" content=\"Masina de op\u0103rit p\u0103s\u0103ri u\u0219ureaz\u0103 procesul de op\u0103rire, fiind un proces ce necesit\u0103 aten\u021bie pentru a putea trece la penit pas\u0103rile \u00eentr-un mod corect.\" \/>\n<meta property=\"og:url\" content=\"https:\/\/modernteh.md\/ru\/catalog\/masina-de-oparit-pasari-ms-70\/\" \/>\n<meta property=\"og:site_name\" content=\"Modernteh\" \/>\n<meta property=\"article:publisher\" content=\"https:\/\/www.facebook.com\/profile.php?id=100082695620019\" \/>\n<meta property=\"article:modified_time\" content=\"2023-11-17T10:04:39+00:00\" \/>\n<meta property=\"og:image\" content=\"https:\/\/modernteh.md\/wp-content\/uploads\/2022\/09\/oparitor-pasari-70l-500-500.jpg\" \/>\n\t<meta property=\"og:image:width\" content=\"500\" \/>\n\t<meta property=\"og:image:height\" content=\"500\" \/>\n\t<meta property=\"og:image:type\" content=\"image\/jpeg\" \/>\n<meta name=\"twitter:card\" content=\"summary_large_image\" \/>\n<meta name=\"twitter:label1\" content=\"\u041f\u0440\u0438\u043c\u0435\u0440\u043d\u043e\u0435 \u0432\u0440\u0435\u043c\u044f \u0434\u043b\u044f \u0447\u0442\u0435\u043d\u0438\u044f\" \/>\n\t<meta name=\"twitter:data1\" content=\"1 \u043c\u0438\u043d\u0443\u0442\u0430\" \/>\n<script type=\"application\/ld+json\" class=\"yoast-schema-graph\">{\"@context\":\"https:\/\/schema.org\",\"@graph\":[{\"@type\":\"WebPage\",\"@id\":\"https:\/\/modernteh.md\/catalog\/masina-de-oparit-pasari-ms-70\/\",\"url\":\"https:\/\/modernteh.md\/catalog\/masina-de-oparit-pasari-ms-70\/\",\"name\":\"Ma\u0219ina de op\u0103rit p\u0103s\u0103ri MS-70 - Modernteh\",\"isPartOf\":{\"@id\":\"https:\/\/modernteh.md\/#website\"},\"datePublished\":\"2022-09-20T06:32:10+00:00\",\"dateModified\":\"2023-11-17T10:04:39+00:00\",\"description\":\"Masina de op\u0103rit p\u0103s\u0103ri u\u0219ureaz\u0103 procesul de op\u0103rire, fiind un proces ce necesit\u0103 aten\u021bie pentru a putea trece la penit pas\u0103rile \u00eentr-un mod corect.\",\"breadcrumb\":{\"@id\":\"https:\/\/modernteh.md\/catalog\/masina-de-oparit-pasari-ms-70\/#breadcrumb\"},\"inLanguage\":\"ru-RU\",\"potentialAction\":[{\"@type\":\"ReadAction\",\"target\":[\"https:\/\/modernteh.md\/catalog\/masina-de-oparit-pasari-ms-70\/\"]}]},{\"@type\":\"BreadcrumbList\",\"@id\":\"https:\/\/modernteh.md\/catalog\/masina-de-oparit-pasari-ms-70\/#breadcrumb\",\"itemListElement\":[{\"@type\":\"ListItem\",\"position\":1,\"name\":\"Prima pagin\u0103\",\"item\":\"https:\/\/modernteh.md\/\"},{\"@type\":\"ListItem\",\"position\":2,\"name\":\"Catalog\",\"item\":\"https:\/\/modernteh.md\/catalog\/\"},{\"@type\":\"ListItem\",\"position\":3,\"name\":\"Ma\u0219ina de op\u0103rit p\u0103s\u0103ri MS-70\"}]},{\"@type\":\"WebSite\",\"@id\":\"https:\/\/modernteh.md\/#website\",\"url\":\"https:\/\/modernteh.md\/\",\"name\":\"Modernteh\",\"description\":\"Modernteh\",\"publisher\":{\"@id\":\"https:\/\/modernteh.md\/#organization\"},\"potentialAction\":[{\"@type\":\"SearchAction\",\"target\":{\"@type\":\"EntryPoint\",\"urlTemplate\":\"https:\/\/modernteh.md\/?s={search_term_string}\"},\"query-input\":\"required name=search_term_string\"}],\"inLanguage\":\"ru-RU\"},{\"@type\":\"Organization\",\"@id\":\"https:\/\/modernteh.md\/#organization\",\"name\":\"Modernteh\",\"url\":\"https:\/\/modernteh.md\/\",\"logo\":{\"@type\":\"ImageObject\",\"inLanguage\":\"ru-RU\",\"@id\":\"https:\/\/modernteh.md\/#\/schema\/logo\/image\/\",\"url\":\"https:\/\/modernteh.md\/wp-content\/uploads\/2022\/06\/Logo_site-2.png\",\"contentUrl\":\"https:\/\/modernteh.md\/wp-content\/uploads\/2022\/06\/Logo_site-2.png\",\"width\":500,\"height\":487,\"caption\":\"Modernteh\"},\"image\":{\"@id\":\"https:\/\/modernteh.md\/#\/schema\/logo\/image\/\"},\"sameAs\":[\"https:\/\/www.facebook.com\/profile.php?id=100082695620019\"]}]}<\/script>\n<!-- \/ Yoast SEO plugin. -->","yoast_head_json":{"title":"Ma\u0219ina de op\u0103rit p\u0103s\u0103ri MS-70 - Modernteh","description":"Masina de op\u0103rit p\u0103s\u0103ri u\u0219ureaz\u0103 procesul de op\u0103rire, fiind un proces ce necesit\u0103 aten\u021bie pentru a putea trece la penit pas\u0103rile \u00eentr-un mod corect.","robots":{"index":"index","follow":"follow","max-snippet":"max-snippet:-1","max-image-preview":"max-image-preview:large","max-video-preview":"max-video-preview:-1"},"canonical":"https:\/\/modernteh.md\/ru\/catalog\/masina-de-oparit-pasari-ms-70\/","og_locale":"ru_RU","og_type":"article","og_title":"Ma\u0219ina de op\u0103rit p\u0103s\u0103ri MS-70 - Modernteh","og_description":"Masina de op\u0103rit p\u0103s\u0103ri u\u0219ureaz\u0103 procesul de op\u0103rire, fiind un proces ce necesit\u0103 aten\u021bie pentru a putea trece la penit pas\u0103rile \u00eentr-un mod corect.","og_url":"https:\/\/modernteh.md\/ru\/catalog\/masina-de-oparit-pasari-ms-70\/","og_site_name":"Modernteh","article_publisher":"https:\/\/www.facebook.com\/profile.php?id=100082695620019","article_modified_time":"2023-11-17T10:04:39+00:00","og_image":[{"width":500,"height":500,"url":"https:\/\/modernteh.md\/wp-content\/uploads\/2022\/09\/oparitor-pasari-70l-500-500.jpg","type":"image\/jpeg"}],"twitter_card":"summary_large_image","twitter_misc":{"\u041f\u0440\u0438\u043c\u0435\u0440\u043d\u043e\u0435 \u0432\u0440\u0435\u043c\u044f \u0434\u043b\u044f \u0447\u0442\u0435\u043d\u0438\u044f":"1 \u043c\u0438\u043d\u0443\u0442\u0430"},"schema":{"@context":"https:\/\/schema.org","@graph":[{"@type":"WebPage","@id":"https:\/\/modernteh.md\/catalog\/masina-de-oparit-pasari-ms-70\/","url":"https:\/\/modernteh.md\/catalog\/masina-de-oparit-pasari-ms-70\/","name":"Ma\u0219ina de op\u0103rit p\u0103s\u0103ri MS-70 - Modernteh","isPartOf":{"@id":"https:\/\/modernteh.md\/#website"},"datePublished":"2022-09-20T06:32:10+00:00","dateModified":"2023-11-17T10:04:39+00:00","description":"Masina de op\u0103rit p\u0103s\u0103ri u\u0219ureaz\u0103 procesul de op\u0103rire, fiind un proces ce necesit\u0103 aten\u021bie pentru a putea trece la penit pas\u0103rile \u00eentr-un mod corect.","breadcrumb":{"@id":"https:\/\/modernteh.md\/catalog\/masina-de-oparit-pasari-ms-70\/#breadcrumb"},"inLanguage":"ru-RU","potentialAction":[{"@type":"ReadAction","target":["https:\/\/modernteh.md\/catalog\/masina-de-oparit-pasari-ms-70\/"]}]},{"@type":"BreadcrumbList","@id":"https:\/\/modernteh.md\/catalog\/masina-de-oparit-pasari-ms-70\/#breadcrumb","itemListElement":[{"@type":"ListItem","position":1,"name":"Prima pagin\u0103","item":"https:\/\/modernteh.md\/"},{"@type":"ListItem","position":2,"name":"Catalog","item":"https:\/\/modernteh.md\/catalog\/"},{"@type":"ListItem","position":3,"name":"Ma\u0219ina de op\u0103rit p\u0103s\u0103ri MS-70"}]},{"@type":"WebSite","@id":"https:\/\/modernteh.md\/#website","url":"https:\/\/modernteh.md\/","name":"Modernteh","description":"Modernteh","publisher":{"@id":"https:\/\/modernteh.md\/#organization"},"potentialAction":[{"@type":"SearchAction","target":{"@type":"EntryPoint","urlTemplate":"https:\/\/modernteh.md\/?s={search_term_string}"},"query-input":"required name=search_term_string"}],"inLanguage":"ru-RU"},{"@type":"Organization","@id":"https:\/\/modernteh.md\/#organization","name":"Modernteh","url":"https:\/\/modernteh.md\/","logo":{"@type":"ImageObject","inLanguage":"ru-RU","@id":"https:\/\/modernteh.md\/#\/schema\/logo\/image\/","url":"https:\/\/modernteh.md\/wp-content\/uploads\/2022\/06\/Logo_site-2.png","contentUrl":"https:\/\/modernteh.md\/wp-content\/uploads\/2022\/06\/Logo_site-2.png","width":500,"height":487,"caption":"Modernteh"},"image":{"@id":"https:\/\/modernteh.md\/#\/schema\/logo\/image\/"},"sameAs":["https:\/\/www.facebook.com\/profile.php?id=100082695620019"]}]}},"_links":{"self":[{"href":"https:\/\/modernteh.md\/ru\/wp-json\/wp\/v2\/product\/3017","targetHints":{"allow":["GET"]}}],"collection":[{"href":"https:\/\/modernteh.md\/ru\/wp-json\/wp\/v2\/product"}],"about":[{"href":"https:\/\/modernteh.md\/ru\/wp-json\/wp\/v2\/types\/product"}],"wp:featuredmedia":[{"embeddable":true,"href":"https:\/\/modernteh.md\/ru\/wp-json\/wp\/v2\/media\/3018"}],"wp:attachment":[{"href":"https:\/\/modernteh.md\/ru\/wp-json\/wp\/v2\/media?parent=3017"}],"wp:term":[{"taxonomy":"product_cat","embeddable":true,"href":"https:\/\/modernteh.md\/ru\/wp-json\/wp\/v2\/product_cat?post=3017"},{"taxonomy":"product_tag","embeddable":true,"href":"https:\/\/modernteh.md\/ru\/wp-json\/wp\/v2\/product_tag?post=3017"}],"curies":[{"name":"wp","href":"https:\/\/api.w.org\/{rel}","templated":true}]}}