{"id":3023,"date":"2022-09-20T06:41:15","date_gmt":"2022-09-20T06:41:15","guid":{"rendered":"https:\/\/modernteh.md\/?post_type=product&#038;p=3023"},"modified":"2026-03-12T11:49:13","modified_gmt":"2026-03-12T11:49:13","slug":"deplumator-masina-de-penit-ms-50","status":"publish","type":"product","link":"https:\/\/modernteh.md\/ru\/catalog\/deplumator-masina-de-penit-ms-50\/","title":{"rendered":"Deplumator-masina de penit diametru 50 cm"},"content":{"rendered":"<p>Deplumarea p\u0103s\u0103rilor este o opera\u021biune care consum\u0103 foarte mult timp. Deplumatorul\u00a0<strong>EU PRO C\u00a0<\/strong>simplific\u0103 acest proces, economisind timp \u0219i energie.<br \/>\nP\u0103s\u0103rile sunt procesate \u00eentr-un tambur cilindric larg, echipat cu un disc rotativ. Pe disc \u0219i pe pere\u021bii tamburului sunt instalate mai multe r\u00e2nduri de degete de cauciuc (<strong>EU PROFI A)<\/strong>, care asigur\u0103 o \u00eendep\u0103rtare rapid\u0103 \u0219i eficient\u0103 a penelor.De asemenea, ma\u0219ina este dotat\u0103 cu un sistem de evacuare a penelor printr-un orificiu special.<\/p>\n<p>Func\u021bii principale:<br \/>\n&#8211; Electric<br \/>\nMotor electric de 1500 W pentru performan\u021be de top.<br \/>\n&#8211; Material de calitate<br \/>\nFabricat din o\u021bel inoxidabil, oferind durabilitate \u0219i rezisten\u021b\u0103 la coroziune.<br \/>\n&#8211; Mobilitate<br \/>\nDotat cu ro\u021bi pentru a fi u\u0219or de deplasat oriunde este nevoie<br \/>\n&#8211; Degete premium<br \/>\nEchipat cu\u00a0<strong>164 de degete\u00a0<\/strong>de cauciuc\u00a0<strong>EU PROFI C<\/strong>, pentru o deplumare rapid\u0103 \u0219i eficient\u0103.<br \/>\n&#8211; Rezistent la ap\u0103<br \/>\nComutator pornire\/oprire impermeabil pentru siguran\u021b\u0103 \u00een utilizare.<br \/>\nConceput pentru un confort maxim, asigur\u0103 \u00eendep\u0103rtarea penelor \u00een doar 15 secunde !<br \/>\nDeplumatorul EU PRO C este alegerea perfect\u0103 pentru orice fermier sau gospod\u0103rie care dore\u0219te s\u0103 \u00eembun\u0103t\u0103\u021beasc\u0103 eficien\u021ba procesului de deplumare!<\/p>","protected":false},"excerpt":{"rendered":"<p>Deplumarea p\u0103s\u0103rilor este o opera\u021biune care consum\u0103 foarte mult timp. Deplumatorul\u00a0EU PRO C\u00a0simplific\u0103 acest proces, economisind timp \u0219i energie. P\u0103s\u0103rile<\/p>","protected":false},"featured_media":5016,"template":"","meta":[],"product_cat":[177],"product_tag":[],"class_list":{"0":"post-3023","1":"product","2":"type-product","3":"status-publish","4":"has-post-thumbnail","6":"product_cat-masini-de-penit-oparit","8":"first","9":"instock","10":"shipping-taxable","11":"purchasable","12":"product-type-simple"},"yoast_head":"<!-- This site is optimized with the Yoast SEO plugin v20.12 - https:\/\/yoast.com\/wordpress\/plugins\/seo\/ -->\n<title>Deplumator-masina de penit diametru 50 cm - Modernteh<\/title>\n<meta name=\"description\" content=\"Deplumator-masina de penit MS-50 profesional este folosit cu succes pentru \u00eendep\u0103rtarea penelor p\u0103s\u0103rilor de curte: g\u0103ini, ra\u021be, g\u00e2\u0219te, curcani, prepeli\u021be\" \/>\n<meta name=\"robots\" content=\"index, follow, max-snippet:-1, max-image-preview:large, max-video-preview:-1\" \/>\n<link rel=\"canonical\" href=\"https:\/\/modernteh.md\/ru\/catalog\/deplumator-masina-de-penit-ms-50\/\" \/>\n<meta property=\"og:locale\" content=\"ru_RU\" \/>\n<meta property=\"og:type\" content=\"article\" \/>\n<meta property=\"og:title\" content=\"Deplumator-masina de penit diametru 50 cm - Modernteh\" \/>\n<meta property=\"og:description\" content=\"Deplumator-masina de penit MS-50 profesional este folosit cu succes pentru \u00eendep\u0103rtarea penelor p\u0103s\u0103rilor de curte: g\u0103ini, ra\u021be, g\u00e2\u0219te, curcani, prepeli\u021be\" \/>\n<meta property=\"og:url\" content=\"https:\/\/modernteh.md\/ru\/catalog\/deplumator-masina-de-penit-ms-50\/\" \/>\n<meta property=\"og:site_name\" content=\"Modernteh\" \/>\n<meta property=\"article:publisher\" content=\"https:\/\/www.facebook.com\/profile.php?id=100082695620019\" \/>\n<meta property=\"article:modified_time\" content=\"2026-03-12T11:49:13+00:00\" \/>\n<meta property=\"og:image\" content=\"https:\/\/modernteh.md\/wp-content\/uploads\/2022\/09\/poultry-plucker-machine-eu-pro-c-sec-1-6794a7a2ea70d.webp\" \/>\n\t<meta property=\"og:image:width\" content=\"1500\" \/>\n\t<meta property=\"og:image:height\" content=\"1500\" \/>\n\t<meta property=\"og:image:type\" content=\"image\/webp\" \/>\n<meta name=\"twitter:card\" content=\"summary_large_image\" \/>\n<meta name=\"twitter:label1\" content=\"\u041f\u0440\u0438\u043c\u0435\u0440\u043d\u043e\u0435 \u0432\u0440\u0435\u043c\u044f \u0434\u043b\u044f \u0447\u0442\u0435\u043d\u0438\u044f\" \/>\n\t<meta name=\"twitter:data1\" content=\"1 \u043c\u0438\u043d\u0443\u0442\u0430\" \/>\n<script type=\"application\/ld+json\" class=\"yoast-schema-graph\">{\"@context\":\"https:\/\/schema.org\",\"@graph\":[{\"@type\":\"WebPage\",\"@id\":\"https:\/\/modernteh.md\/catalog\/deplumator-masina-de-penit-ms-50\/\",\"url\":\"https:\/\/modernteh.md\/catalog\/deplumator-masina-de-penit-ms-50\/\",\"name\":\"Deplumator-masina de penit diametru 50 cm - Modernteh\",\"isPartOf\":{\"@id\":\"https:\/\/modernteh.md\/#website\"},\"datePublished\":\"2022-09-20T06:41:15+00:00\",\"dateModified\":\"2026-03-12T11:49:13+00:00\",\"description\":\"Deplumator-masina de penit MS-50 profesional este folosit cu succes pentru \u00eendep\u0103rtarea penelor p\u0103s\u0103rilor de curte: g\u0103ini, ra\u021be, g\u00e2\u0219te, curcani, prepeli\u021be\",\"breadcrumb\":{\"@id\":\"https:\/\/modernteh.md\/catalog\/deplumator-masina-de-penit-ms-50\/#breadcrumb\"},\"inLanguage\":\"ru-RU\",\"potentialAction\":[{\"@type\":\"ReadAction\",\"target\":[\"https:\/\/modernteh.md\/catalog\/deplumator-masina-de-penit-ms-50\/\"]}]},{\"@type\":\"BreadcrumbList\",\"@id\":\"https:\/\/modernteh.md\/catalog\/deplumator-masina-de-penit-ms-50\/#breadcrumb\",\"itemListElement\":[{\"@type\":\"ListItem\",\"position\":1,\"name\":\"Prima pagin\u0103\",\"item\":\"https:\/\/modernteh.md\/\"},{\"@type\":\"ListItem\",\"position\":2,\"name\":\"Catalog\",\"item\":\"https:\/\/modernteh.md\/catalog\/\"},{\"@type\":\"ListItem\",\"position\":3,\"name\":\"Deplumator-masina de penit diametru 50 cm\"}]},{\"@type\":\"WebSite\",\"@id\":\"https:\/\/modernteh.md\/#website\",\"url\":\"https:\/\/modernteh.md\/\",\"name\":\"Modernteh\",\"description\":\"Modernteh\",\"publisher\":{\"@id\":\"https:\/\/modernteh.md\/#organization\"},\"potentialAction\":[{\"@type\":\"SearchAction\",\"target\":{\"@type\":\"EntryPoint\",\"urlTemplate\":\"https:\/\/modernteh.md\/?s={search_term_string}\"},\"query-input\":\"required name=search_term_string\"}],\"inLanguage\":\"ru-RU\"},{\"@type\":\"Organization\",\"@id\":\"https:\/\/modernteh.md\/#organization\",\"name\":\"Modernteh\",\"url\":\"https:\/\/modernteh.md\/\",\"logo\":{\"@type\":\"ImageObject\",\"inLanguage\":\"ru-RU\",\"@id\":\"https:\/\/modernteh.md\/#\/schema\/logo\/image\/\",\"url\":\"https:\/\/modernteh.md\/wp-content\/uploads\/2022\/06\/Logo_site-2.png\",\"contentUrl\":\"https:\/\/modernteh.md\/wp-content\/uploads\/2022\/06\/Logo_site-2.png\",\"width\":500,\"height\":487,\"caption\":\"Modernteh\"},\"image\":{\"@id\":\"https:\/\/modernteh.md\/#\/schema\/logo\/image\/\"},\"sameAs\":[\"https:\/\/www.facebook.com\/profile.php?id=100082695620019\"]}]}<\/script>\n<!-- \/ Yoast SEO plugin. -->","yoast_head_json":{"title":"Deplumator-masina de penit diametru 50 cm - Modernteh","description":"Deplumator-masina de penit MS-50 profesional este folosit cu succes pentru \u00eendep\u0103rtarea penelor p\u0103s\u0103rilor de curte: g\u0103ini, ra\u021be, g\u00e2\u0219te, curcani, prepeli\u021be","robots":{"index":"index","follow":"follow","max-snippet":"max-snippet:-1","max-image-preview":"max-image-preview:large","max-video-preview":"max-video-preview:-1"},"canonical":"https:\/\/modernteh.md\/ru\/catalog\/deplumator-masina-de-penit-ms-50\/","og_locale":"ru_RU","og_type":"article","og_title":"Deplumator-masina de penit diametru 50 cm - Modernteh","og_description":"Deplumator-masina de penit MS-50 profesional este folosit cu succes pentru \u00eendep\u0103rtarea penelor p\u0103s\u0103rilor de curte: g\u0103ini, ra\u021be, g\u00e2\u0219te, curcani, prepeli\u021be","og_url":"https:\/\/modernteh.md\/ru\/catalog\/deplumator-masina-de-penit-ms-50\/","og_site_name":"Modernteh","article_publisher":"https:\/\/www.facebook.com\/profile.php?id=100082695620019","article_modified_time":"2026-03-12T11:49:13+00:00","og_image":[{"width":1500,"height":1500,"url":"https:\/\/modernteh.md\/wp-content\/uploads\/2022\/09\/poultry-plucker-machine-eu-pro-c-sec-1-6794a7a2ea70d.webp","type":"image\/webp"}],"twitter_card":"summary_large_image","twitter_misc":{"\u041f\u0440\u0438\u043c\u0435\u0440\u043d\u043e\u0435 \u0432\u0440\u0435\u043c\u044f \u0434\u043b\u044f \u0447\u0442\u0435\u043d\u0438\u044f":"1 \u043c\u0438\u043d\u0443\u0442\u0430"},"schema":{"@context":"https:\/\/schema.org","@graph":[{"@type":"WebPage","@id":"https:\/\/modernteh.md\/catalog\/deplumator-masina-de-penit-ms-50\/","url":"https:\/\/modernteh.md\/catalog\/deplumator-masina-de-penit-ms-50\/","name":"Deplumator-masina de penit diametru 50 cm - Modernteh","isPartOf":{"@id":"https:\/\/modernteh.md\/#website"},"datePublished":"2022-09-20T06:41:15+00:00","dateModified":"2026-03-12T11:49:13+00:00","description":"Deplumator-masina de penit MS-50 profesional este folosit cu succes pentru \u00eendep\u0103rtarea penelor p\u0103s\u0103rilor de curte: g\u0103ini, ra\u021be, g\u00e2\u0219te, curcani, prepeli\u021be","breadcrumb":{"@id":"https:\/\/modernteh.md\/catalog\/deplumator-masina-de-penit-ms-50\/#breadcrumb"},"inLanguage":"ru-RU","potentialAction":[{"@type":"ReadAction","target":["https:\/\/modernteh.md\/catalog\/deplumator-masina-de-penit-ms-50\/"]}]},{"@type":"BreadcrumbList","@id":"https:\/\/modernteh.md\/catalog\/deplumator-masina-de-penit-ms-50\/#breadcrumb","itemListElement":[{"@type":"ListItem","position":1,"name":"Prima pagin\u0103","item":"https:\/\/modernteh.md\/"},{"@type":"ListItem","position":2,"name":"Catalog","item":"https:\/\/modernteh.md\/catalog\/"},{"@type":"ListItem","position":3,"name":"Deplumator-masina de penit diametru 50 cm"}]},{"@type":"WebSite","@id":"https:\/\/modernteh.md\/#website","url":"https:\/\/modernteh.md\/","name":"Modernteh","description":"Modernteh","publisher":{"@id":"https:\/\/modernteh.md\/#organization"},"potentialAction":[{"@type":"SearchAction","target":{"@type":"EntryPoint","urlTemplate":"https:\/\/modernteh.md\/?s={search_term_string}"},"query-input":"required name=search_term_string"}],"inLanguage":"ru-RU"},{"@type":"Organization","@id":"https:\/\/modernteh.md\/#organization","name":"Modernteh","url":"https:\/\/modernteh.md\/","logo":{"@type":"ImageObject","inLanguage":"ru-RU","@id":"https:\/\/modernteh.md\/#\/schema\/logo\/image\/","url":"https:\/\/modernteh.md\/wp-content\/uploads\/2022\/06\/Logo_site-2.png","contentUrl":"https:\/\/modernteh.md\/wp-content\/uploads\/2022\/06\/Logo_site-2.png","width":500,"height":487,"caption":"Modernteh"},"image":{"@id":"https:\/\/modernteh.md\/#\/schema\/logo\/image\/"},"sameAs":["https:\/\/www.facebook.com\/profile.php?id=100082695620019"]}]}},"_links":{"self":[{"href":"https:\/\/modernteh.md\/ru\/wp-json\/wp\/v2\/product\/3023","targetHints":{"allow":["GET"]}}],"collection":[{"href":"https:\/\/modernteh.md\/ru\/wp-json\/wp\/v2\/product"}],"about":[{"href":"https:\/\/modernteh.md\/ru\/wp-json\/wp\/v2\/types\/product"}],"wp:featuredmedia":[{"embeddable":true,"href":"https:\/\/modernteh.md\/ru\/wp-json\/wp\/v2\/media\/5016"}],"wp:attachment":[{"href":"https:\/\/modernteh.md\/ru\/wp-json\/wp\/v2\/media?parent=3023"}],"wp:term":[{"taxonomy":"product_cat","embeddable":true,"href":"https:\/\/modernteh.md\/ru\/wp-json\/wp\/v2\/product_cat?post=3023"},{"taxonomy":"product_tag","embeddable":true,"href":"https:\/\/modernteh.md\/ru\/wp-json\/wp\/v2\/product_tag?post=3023"}],"curies":[{"name":"wp","href":"https:\/\/api.w.org\/{rel}","templated":true}]}}