{"id":3056,"date":"2022-10-11T07:28:17","date_gmt":"2022-10-11T07:28:17","guid":{"rendered":"https:\/\/modernteh.md\/?post_type=product&#038;p=3056"},"modified":"2025-04-03T07:51:51","modified_gmt":"2025-04-03T07:51:51","slug":"separator-smantana-140","status":"publish","type":"product","link":"https:\/\/modernteh.md\/ru\/catalog\/separator-smantana-140\/","title":{"rendered":"Separator sm\u00e2nt\u00e2n\u0103 140"},"content":{"rendered":"<p>Separator sm\u00e2nt\u00e2n\u0103 140 este ideal pentru afacerile mici \u00een domeniul prelucr\u0103rii laptelui.<\/p>\n<p>Capacitatea maxim\u0103 de produc\u021bie: 140 L\/or\u0103<\/p>\n<p>Volum rezervor lapte: 12L<\/p>\n<p>Cuv\u0103 din inox<\/p>\n<p>Discurile sunt din aluminiu.<\/p>\n<p>Putere motor: 70W \/ 220V-230V; 50-60Hz<\/p>\n<p>Reglajul consisten\u021bei sm\u00e2nt\u00e2nii se realizeaz\u0103 simplu, prin rotirea spre st\u00e2nga sau dreapta a \u0219urubului de reglaj.<\/p>\n<p>Masa: 5 kg<\/p>\n<p>Piese de schimb disponibile.<\/p>","protected":false},"excerpt":{"rendered":"<p>Separator sm\u00e2nt\u00e2n\u0103 140 este ideal pentru afacerile mici \u00een domeniul prelucr\u0103rii laptelui. Capacitatea maxim\u0103 de produc\u021bie: 140 L\/or\u0103 Volum rezervor<\/p>","protected":false},"featured_media":3057,"template":"","meta":[],"product_cat":[178],"product_tag":[],"class_list":{"0":"post-3056","1":"product","2":"type-product","3":"status-publish","4":"has-post-thumbnail","6":"product_cat-utilaje-prelucrare-lapte","8":"first","9":"outofstock","10":"sale","11":"shipping-taxable","12":"purchasable","13":"product-type-simple"},"yoast_head":"<!-- This site is optimized with the Yoast SEO plugin v20.12 - https:\/\/yoast.com\/wordpress\/plugins\/seo\/ -->\n<title>Separator sm\u00e2nt\u00e2n\u0103 140 - Modernteh<\/title>\n<meta name=\"description\" content=\"Separator sm\u00e2nt\u00e2n\u0103 140 este ideal pentru afacerile mici \u00een domeniul prelucr\u0103rii laptelui si a produselor lactate ca frisca si degresarea laptelui\" \/>\n<meta name=\"robots\" content=\"index, follow, max-snippet:-1, max-image-preview:large, max-video-preview:-1\" \/>\n<link rel=\"canonical\" href=\"https:\/\/modernteh.md\/ru\/catalog\/separator-smantana-140\/\" \/>\n<meta property=\"og:locale\" content=\"ru_RU\" \/>\n<meta property=\"og:type\" content=\"article\" \/>\n<meta property=\"og:title\" content=\"Separator sm\u00e2nt\u00e2n\u0103 140 - Modernteh\" \/>\n<meta property=\"og:description\" content=\"Separator sm\u00e2nt\u00e2n\u0103 140 este ideal pentru afacerile mici \u00een domeniul prelucr\u0103rii laptelui si a produselor lactate ca frisca si degresarea laptelui\" \/>\n<meta property=\"og:url\" content=\"https:\/\/modernteh.md\/ru\/catalog\/separator-smantana-140\/\" \/>\n<meta property=\"og:site_name\" content=\"Modernteh\" \/>\n<meta property=\"article:publisher\" content=\"https:\/\/www.facebook.com\/profile.php?id=100082695620019\" \/>\n<meta property=\"article:modified_time\" content=\"2025-04-03T07:51:51+00:00\" \/>\n<meta property=\"og:image\" content=\"https:\/\/modernteh.md\/wp-content\/uploads\/2022\/10\/separator_sm_nt_n_140.jpg\" \/>\n\t<meta property=\"og:image:width\" content=\"869\" \/>\n\t<meta property=\"og:image:height\" content=\"1280\" \/>\n\t<meta property=\"og:image:type\" content=\"image\/jpeg\" \/>\n<meta name=\"twitter:card\" content=\"summary_large_image\" \/>\n<script type=\"application\/ld+json\" class=\"yoast-schema-graph\">{\"@context\":\"https:\/\/schema.org\",\"@graph\":[{\"@type\":\"WebPage\",\"@id\":\"https:\/\/modernteh.md\/catalog\/separator-smantana-140\/\",\"url\":\"https:\/\/modernteh.md\/catalog\/separator-smantana-140\/\",\"name\":\"Separator sm\u00e2nt\u00e2n\u0103 140 - Modernteh\",\"isPartOf\":{\"@id\":\"https:\/\/modernteh.md\/#website\"},\"datePublished\":\"2022-10-11T07:28:17+00:00\",\"dateModified\":\"2025-04-03T07:51:51+00:00\",\"description\":\"Separator sm\u00e2nt\u00e2n\u0103 140 este ideal pentru afacerile mici \u00een domeniul prelucr\u0103rii laptelui si a produselor lactate ca frisca si degresarea laptelui\",\"breadcrumb\":{\"@id\":\"https:\/\/modernteh.md\/catalog\/separator-smantana-140\/#breadcrumb\"},\"inLanguage\":\"ru-RU\",\"potentialAction\":[{\"@type\":\"ReadAction\",\"target\":[\"https:\/\/modernteh.md\/catalog\/separator-smantana-140\/\"]}]},{\"@type\":\"BreadcrumbList\",\"@id\":\"https:\/\/modernteh.md\/catalog\/separator-smantana-140\/#breadcrumb\",\"itemListElement\":[{\"@type\":\"ListItem\",\"position\":1,\"name\":\"Prima pagin\u0103\",\"item\":\"https:\/\/modernteh.md\/\"},{\"@type\":\"ListItem\",\"position\":2,\"name\":\"Catalog\",\"item\":\"https:\/\/modernteh.md\/catalog\/\"},{\"@type\":\"ListItem\",\"position\":3,\"name\":\"Separator sm\u00e2nt\u00e2n\u0103 140\"}]},{\"@type\":\"WebSite\",\"@id\":\"https:\/\/modernteh.md\/#website\",\"url\":\"https:\/\/modernteh.md\/\",\"name\":\"Modernteh\",\"description\":\"Modernteh\",\"publisher\":{\"@id\":\"https:\/\/modernteh.md\/#organization\"},\"potentialAction\":[{\"@type\":\"SearchAction\",\"target\":{\"@type\":\"EntryPoint\",\"urlTemplate\":\"https:\/\/modernteh.md\/?s={search_term_string}\"},\"query-input\":\"required name=search_term_string\"}],\"inLanguage\":\"ru-RU\"},{\"@type\":\"Organization\",\"@id\":\"https:\/\/modernteh.md\/#organization\",\"name\":\"Modernteh\",\"url\":\"https:\/\/modernteh.md\/\",\"logo\":{\"@type\":\"ImageObject\",\"inLanguage\":\"ru-RU\",\"@id\":\"https:\/\/modernteh.md\/#\/schema\/logo\/image\/\",\"url\":\"https:\/\/modernteh.md\/wp-content\/uploads\/2022\/06\/Logo_site-2.png\",\"contentUrl\":\"https:\/\/modernteh.md\/wp-content\/uploads\/2022\/06\/Logo_site-2.png\",\"width\":500,\"height\":487,\"caption\":\"Modernteh\"},\"image\":{\"@id\":\"https:\/\/modernteh.md\/#\/schema\/logo\/image\/\"},\"sameAs\":[\"https:\/\/www.facebook.com\/profile.php?id=100082695620019\"]}]}<\/script>\n<!-- \/ Yoast SEO plugin. -->","yoast_head_json":{"title":"Separator sm\u00e2nt\u00e2n\u0103 140 - Modernteh","description":"Separator sm\u00e2nt\u00e2n\u0103 140 este ideal pentru afacerile mici \u00een domeniul prelucr\u0103rii laptelui si a produselor lactate ca frisca si degresarea laptelui","robots":{"index":"index","follow":"follow","max-snippet":"max-snippet:-1","max-image-preview":"max-image-preview:large","max-video-preview":"max-video-preview:-1"},"canonical":"https:\/\/modernteh.md\/ru\/catalog\/separator-smantana-140\/","og_locale":"ru_RU","og_type":"article","og_title":"Separator sm\u00e2nt\u00e2n\u0103 140 - Modernteh","og_description":"Separator sm\u00e2nt\u00e2n\u0103 140 este ideal pentru afacerile mici \u00een domeniul prelucr\u0103rii laptelui si a produselor lactate ca frisca si degresarea laptelui","og_url":"https:\/\/modernteh.md\/ru\/catalog\/separator-smantana-140\/","og_site_name":"Modernteh","article_publisher":"https:\/\/www.facebook.com\/profile.php?id=100082695620019","article_modified_time":"2025-04-03T07:51:51+00:00","og_image":[{"width":869,"height":1280,"url":"https:\/\/modernteh.md\/wp-content\/uploads\/2022\/10\/separator_sm_nt_n_140.jpg","type":"image\/jpeg"}],"twitter_card":"summary_large_image","schema":{"@context":"https:\/\/schema.org","@graph":[{"@type":"WebPage","@id":"https:\/\/modernteh.md\/catalog\/separator-smantana-140\/","url":"https:\/\/modernteh.md\/catalog\/separator-smantana-140\/","name":"Separator sm\u00e2nt\u00e2n\u0103 140 - Modernteh","isPartOf":{"@id":"https:\/\/modernteh.md\/#website"},"datePublished":"2022-10-11T07:28:17+00:00","dateModified":"2025-04-03T07:51:51+00:00","description":"Separator sm\u00e2nt\u00e2n\u0103 140 este ideal pentru afacerile mici \u00een domeniul prelucr\u0103rii laptelui si a produselor lactate ca frisca si degresarea laptelui","breadcrumb":{"@id":"https:\/\/modernteh.md\/catalog\/separator-smantana-140\/#breadcrumb"},"inLanguage":"ru-RU","potentialAction":[{"@type":"ReadAction","target":["https:\/\/modernteh.md\/catalog\/separator-smantana-140\/"]}]},{"@type":"BreadcrumbList","@id":"https:\/\/modernteh.md\/catalog\/separator-smantana-140\/#breadcrumb","itemListElement":[{"@type":"ListItem","position":1,"name":"Prima pagin\u0103","item":"https:\/\/modernteh.md\/"},{"@type":"ListItem","position":2,"name":"Catalog","item":"https:\/\/modernteh.md\/catalog\/"},{"@type":"ListItem","position":3,"name":"Separator sm\u00e2nt\u00e2n\u0103 140"}]},{"@type":"WebSite","@id":"https:\/\/modernteh.md\/#website","url":"https:\/\/modernteh.md\/","name":"Modernteh","description":"Modernteh","publisher":{"@id":"https:\/\/modernteh.md\/#organization"},"potentialAction":[{"@type":"SearchAction","target":{"@type":"EntryPoint","urlTemplate":"https:\/\/modernteh.md\/?s={search_term_string}"},"query-input":"required name=search_term_string"}],"inLanguage":"ru-RU"},{"@type":"Organization","@id":"https:\/\/modernteh.md\/#organization","name":"Modernteh","url":"https:\/\/modernteh.md\/","logo":{"@type":"ImageObject","inLanguage":"ru-RU","@id":"https:\/\/modernteh.md\/#\/schema\/logo\/image\/","url":"https:\/\/modernteh.md\/wp-content\/uploads\/2022\/06\/Logo_site-2.png","contentUrl":"https:\/\/modernteh.md\/wp-content\/uploads\/2022\/06\/Logo_site-2.png","width":500,"height":487,"caption":"Modernteh"},"image":{"@id":"https:\/\/modernteh.md\/#\/schema\/logo\/image\/"},"sameAs":["https:\/\/www.facebook.com\/profile.php?id=100082695620019"]}]}},"_links":{"self":[{"href":"https:\/\/modernteh.md\/ru\/wp-json\/wp\/v2\/product\/3056","targetHints":{"allow":["GET"]}}],"collection":[{"href":"https:\/\/modernteh.md\/ru\/wp-json\/wp\/v2\/product"}],"about":[{"href":"https:\/\/modernteh.md\/ru\/wp-json\/wp\/v2\/types\/product"}],"wp:featuredmedia":[{"embeddable":true,"href":"https:\/\/modernteh.md\/ru\/wp-json\/wp\/v2\/media\/3057"}],"wp:attachment":[{"href":"https:\/\/modernteh.md\/ru\/wp-json\/wp\/v2\/media?parent=3056"}],"wp:term":[{"taxonomy":"product_cat","embeddable":true,"href":"https:\/\/modernteh.md\/ru\/wp-json\/wp\/v2\/product_cat?post=3056"},{"taxonomy":"product_tag","embeddable":true,"href":"https:\/\/modernteh.md\/ru\/wp-json\/wp\/v2\/product_tag?post=3056"}],"curies":[{"name":"wp","href":"https:\/\/api.w.org\/{rel}","templated":true}]}}