{"id":3139,"date":"2022-11-16T12:24:40","date_gmt":"2022-11-16T12:24:40","guid":{"rendered":"https:\/\/modernteh.md\/?post_type=product&#038;p=3139"},"modified":"2024-11-11T12:37:50","modified_gmt":"2024-11-11T12:37:50","slug":"sistem-de-taiere-am-60-arpal","status":"publish","type":"product","link":"https:\/\/modernteh.md\/ru\/catalog\/sistem-de-taiere-am-60-arpal\/","title":{"rendered":"\u0421\u0438\u0441\u0442\u0435\u043c\u0430 \u0440\u0435\u0437\u043a\u0438 \u0410\u041c-60, \u0410\u0420\u041f\u0410\u041b, \u0423\u043a\u0440\u0430\u0438\u043d\u0430, \u00d8 \u043c\u0430\u043a\u0441. 60 \u043c\u043c"},"content":{"rendered":"<p>Sistem de taiere AM-60 ARPAL<br \/>\n Caracteristici modul de t\u0103iere AM-60:<br \/>\ncapacitate de produc\u021bie: 2 m\u00b3\/or\u0103<br \/>\ndiametru maxim de tocare lemn de esen\u021b\u0103 moale: 60 mm<br \/>\ndiametru maxim de tocare lemn tare: 50 mm<br \/>\nlungimea buc\u0103\u021bilor de crengi tocate: 50-80 mm<br \/>\nNum\u0103r de cu\u021bite: 6 buc. ( c\u00e2te 3 pe fiecare ax)<br \/>\nRPM: maxim 360 rota\u021bii\/min.<br \/>\n     Dimensiuni: <\/p>\n<p>lungime: 278 mm<br \/>\nl\u0103\u021bime: 270 mm<br \/>\n\u00een\u0103l\u021bime: 364 mm<br \/>\ngreutate: 36 kg<br \/>\nSistem de taiere AM-60 ARPAL are capacitatea de a t\u0103ia ramuri cu un diametru de p\u00e2n\u0103 la 60 mm \u00een buc\u0103\u021bi de 50 \u2013 80 mm lungime. Diametrul maxim al materiei prime depinde de esen\u021ba lemnului tocat \u0219i de con\u021binutul de umiditate al materialului. Cadru tocator de crengi model  AM-60 poate fi ac\u021bionat de motoare termice pe benzin\u0103, motorin\u0103 sau electrice  precum \u0219i la priza tractorului. <\/p>\n<p>Modulul de t\u0103iere AM-60 este elementul principal de lucru al unui tocator de crengi. Poate fi utilizat pentru tocarea \u0219i folosirea ulterioar\u0103 a ramurilor, crengilor, resturi vegetale \u0219i a altor de\u0219euri de lemn. Modulul de t\u0103iere transform\u0103 materialul brut \u00een buc\u0103\u021bi cu o lungime de 5 \u2013 8 cm. Aceast\u0103 dimensiune nu este reglabil\u0103, ci depinde de diametrul (grosimea) materiei prime. Modulul de t\u0103iere AM-60 poate t\u0103ia ramuri cu un diametru de p\u00e2n\u0103 la 6 cm, \u00een func\u021bie de umiditate \u0219i tipul de lemn. Buc\u0103\u021bile tocate sunt combustibilul ideal pentru cazane cu combustibil solid de piroliz\u0103, seminee, sobe \u0219i alte dispozitive de \u00eenc\u0103lzire, precum \u0219i pentru producerea c\u0103rbunelui.<\/p>\n<p>    Modulul de taiere AM-60 poate fi alimentat de la orice surs\u0103 generatoare de putere. Motoare electrice sau pe benzin\u0103, motocultor \u0219i, de asemenea, la priza tractorului. \u00cen func\u021bie de tipul ac\u021bion\u0103rii, atunci c\u00e2nd comanda\u021bi, pute\u021bi alege designul arborelui de antrenare: cu pan\u0103 sau din\u021bat. .<\/p>\n<p>    Elementul de lucru al modulului de t\u0103iere AM-60 sunt cu\u021bitele. Sunt 6 cu\u021bite pe modulul de t\u0103iere. Cu\u021bitele sunt realizate din o\u021bel 40X \u0219i au un unghi dublu de ascu\u021bire.  De asemenea, sunt supuse unui proces de tratare termic\u0103 pe o instala\u021bie modern\u0103. Cu\u021bitele modulului de t\u0103iere sunt introduse \u00een canelura frezat\u0103 a arborelui de lucru. Aceast\u0103 tehnologie permite reducerea semnificativ\u0103 a sarcinii pe \u0219uruburile de fixare ale cu\u021bitelor.<\/p>\n<p>     Modulul de t\u0103iere AM-60 are picioare de fixare prin intermediul c\u0103ruia este posibil\u0103 fixarea modulului de t\u0103iere pe un cadru sau pe alt\u0103 suprafa\u021b\u0103 necesar\u0103. \u00cen pl\u0103cile modulului de t\u0103iere sunt prev\u0103zute g\u0103uri cu filet pentru a fixa compartimentele de \u00eenc\u0103rcare \u0219i desc\u0103rcare ale materialului. <\/p>\n<p>     Prin achizi\u021bionarea modulului de t\u0103iere AM-60 ve\u021bi ob\u021bine un asistent de \u00eencredere pe drumul spre independen\u021ba dvs. energetic\u0103!<\/p>","protected":false},"excerpt":{"rendered":"<p>Sistem de taiere AM-60 ARPAL Caracteristici modul de t\u0103iere AM-60: capacitate de produc\u021bie: 2 m\u00b3\/or\u0103 diametru maxim de tocare lemn<\/p>","protected":false},"featured_media":3140,"template":"","meta":[],"product_cat":[135],"product_tag":[],"class_list":{"0":"post-3139","1":"product","2":"type-product","3":"status-publish","4":"has-post-thumbnail","6":"product_cat-tocatoare-de-crengi","8":"first","9":"instock","10":"shipping-taxable","11":"purchasable","12":"product-type-simple"},"yoast_head":"<!-- This site is optimized with the Yoast SEO plugin v20.12 - https:\/\/yoast.com\/wordpress\/plugins\/seo\/ -->\n<title>Sistem de taiere AM-60 ARPAL - Modernteh<\/title>\n<meta name=\"description\" content=\"Sistem de taiere AM-60 ARPAL Modulul de t\u0103iere are capacitatea de a t\u0103ia ramuri cu un diametru de p\u00e2n\u0103 la 60 mm \u00een buc\u0103\u021bi de 50 \u2013 80 mm lungime\" \/>\n<meta name=\"robots\" content=\"index, follow, max-snippet:-1, max-image-preview:large, max-video-preview:-1\" \/>\n<link rel=\"canonical\" href=\"https:\/\/modernteh.md\/ru\/catalog\/sistem-de-taiere-am-60-arpal\/\" \/>\n<meta property=\"og:locale\" content=\"ru_RU\" \/>\n<meta property=\"og:type\" content=\"article\" \/>\n<meta property=\"og:title\" content=\"Sistem de taiere AM-60 ARPAL - Modernteh\" \/>\n<meta property=\"og:description\" content=\"Sistem de taiere AM-60 ARPAL Modulul de t\u0103iere are capacitatea de a t\u0103ia ramuri cu un diametru de p\u00e2n\u0103 la 60 mm \u00een buc\u0103\u021bi de 50 \u2013 80 mm lungime\" \/>\n<meta property=\"og:url\" content=\"https:\/\/modernteh.md\/ru\/catalog\/sistem-de-taiere-am-60-arpal\/\" \/>\n<meta property=\"og:site_name\" content=\"Modernteh\" \/>\n<meta property=\"article:publisher\" content=\"https:\/\/www.facebook.com\/profile.php?id=100082695620019\" \/>\n<meta property=\"article:modified_time\" content=\"2024-11-11T12:37:50+00:00\" \/>\n<meta property=\"og:image\" content=\"https:\/\/modernteh.md\/wp-content\/uploads\/2022\/11\/sistem-de-taiere-am60.png\" \/>\n\t<meta property=\"og:image:width\" content=\"500\" \/>\n\t<meta property=\"og:image:height\" content=\"500\" \/>\n\t<meta property=\"og:image:type\" content=\"image\/png\" \/>\n<meta name=\"twitter:card\" content=\"summary_large_image\" \/>\n<meta name=\"twitter:label1\" content=\"\u041f\u0440\u0438\u043c\u0435\u0440\u043d\u043e\u0435 \u0432\u0440\u0435\u043c\u044f \u0434\u043b\u044f \u0447\u0442\u0435\u043d\u0438\u044f\" \/>\n\t<meta name=\"twitter:data1\" content=\"3 \u043c\u0438\u043d\u0443\u0442\u044b\" \/>\n<script type=\"application\/ld+json\" class=\"yoast-schema-graph\">{\"@context\":\"https:\/\/schema.org\",\"@graph\":[{\"@type\":\"WebPage\",\"@id\":\"https:\/\/modernteh.md\/catalog\/sistem-de-taiere-am-60-arpal\/\",\"url\":\"https:\/\/modernteh.md\/catalog\/sistem-de-taiere-am-60-arpal\/\",\"name\":\"Sistem de taiere AM-60 ARPAL - Modernteh\",\"isPartOf\":{\"@id\":\"https:\/\/modernteh.md\/#website\"},\"datePublished\":\"2022-11-16T12:24:40+00:00\",\"dateModified\":\"2024-11-11T12:37:50+00:00\",\"description\":\"Sistem de taiere AM-60 ARPAL Modulul de t\u0103iere are capacitatea de a t\u0103ia ramuri cu un diametru de p\u00e2n\u0103 la 60 mm \u00een buc\u0103\u021bi de 50 \u2013 80 mm lungime\",\"breadcrumb\":{\"@id\":\"https:\/\/modernteh.md\/catalog\/sistem-de-taiere-am-60-arpal\/#breadcrumb\"},\"inLanguage\":\"ru-RU\",\"potentialAction\":[{\"@type\":\"ReadAction\",\"target\":[\"https:\/\/modernteh.md\/catalog\/sistem-de-taiere-am-60-arpal\/\"]}]},{\"@type\":\"BreadcrumbList\",\"@id\":\"https:\/\/modernteh.md\/catalog\/sistem-de-taiere-am-60-arpal\/#breadcrumb\",\"itemListElement\":[{\"@type\":\"ListItem\",\"position\":1,\"name\":\"Prima pagin\u0103\",\"item\":\"https:\/\/modernteh.md\/\"},{\"@type\":\"ListItem\",\"position\":2,\"name\":\"Catalog\",\"item\":\"https:\/\/modernteh.md\/catalog\/\"},{\"@type\":\"ListItem\",\"position\":3,\"name\":\"Sistem de taiere AM-60, ARPAL, Ucraina, \u00d8 max. 60 mm\"}]},{\"@type\":\"WebSite\",\"@id\":\"https:\/\/modernteh.md\/#website\",\"url\":\"https:\/\/modernteh.md\/\",\"name\":\"Modernteh\",\"description\":\"Modernteh\",\"publisher\":{\"@id\":\"https:\/\/modernteh.md\/#organization\"},\"potentialAction\":[{\"@type\":\"SearchAction\",\"target\":{\"@type\":\"EntryPoint\",\"urlTemplate\":\"https:\/\/modernteh.md\/?s={search_term_string}\"},\"query-input\":\"required name=search_term_string\"}],\"inLanguage\":\"ru-RU\"},{\"@type\":\"Organization\",\"@id\":\"https:\/\/modernteh.md\/#organization\",\"name\":\"Modernteh\",\"url\":\"https:\/\/modernteh.md\/\",\"logo\":{\"@type\":\"ImageObject\",\"inLanguage\":\"ru-RU\",\"@id\":\"https:\/\/modernteh.md\/#\/schema\/logo\/image\/\",\"url\":\"https:\/\/modernteh.md\/wp-content\/uploads\/2022\/06\/Logo_site-2.png\",\"contentUrl\":\"https:\/\/modernteh.md\/wp-content\/uploads\/2022\/06\/Logo_site-2.png\",\"width\":500,\"height\":487,\"caption\":\"Modernteh\"},\"image\":{\"@id\":\"https:\/\/modernteh.md\/#\/schema\/logo\/image\/\"},\"sameAs\":[\"https:\/\/www.facebook.com\/profile.php?id=100082695620019\"]}]}<\/script>\n<!-- \/ Yoast SEO plugin. -->","yoast_head_json":{"title":"Sistem de taiere AM-60 ARPAL - Modernteh","description":"Sistem de taiere AM-60 ARPAL Modulul de t\u0103iere are capacitatea de a t\u0103ia ramuri cu un diametru de p\u00e2n\u0103 la 60 mm \u00een buc\u0103\u021bi de 50 \u2013 80 mm lungime","robots":{"index":"index","follow":"follow","max-snippet":"max-snippet:-1","max-image-preview":"max-image-preview:large","max-video-preview":"max-video-preview:-1"},"canonical":"https:\/\/modernteh.md\/ru\/catalog\/sistem-de-taiere-am-60-arpal\/","og_locale":"ru_RU","og_type":"article","og_title":"Sistem de taiere AM-60 ARPAL - Modernteh","og_description":"Sistem de taiere AM-60 ARPAL Modulul de t\u0103iere are capacitatea de a t\u0103ia ramuri cu un diametru de p\u00e2n\u0103 la 60 mm \u00een buc\u0103\u021bi de 50 \u2013 80 mm lungime","og_url":"https:\/\/modernteh.md\/ru\/catalog\/sistem-de-taiere-am-60-arpal\/","og_site_name":"Modernteh","article_publisher":"https:\/\/www.facebook.com\/profile.php?id=100082695620019","article_modified_time":"2024-11-11T12:37:50+00:00","og_image":[{"width":500,"height":500,"url":"https:\/\/modernteh.md\/wp-content\/uploads\/2022\/11\/sistem-de-taiere-am60.png","type":"image\/png"}],"twitter_card":"summary_large_image","twitter_misc":{"\u041f\u0440\u0438\u043c\u0435\u0440\u043d\u043e\u0435 \u0432\u0440\u0435\u043c\u044f \u0434\u043b\u044f \u0447\u0442\u0435\u043d\u0438\u044f":"3 \u043c\u0438\u043d\u0443\u0442\u044b"},"schema":{"@context":"https:\/\/schema.org","@graph":[{"@type":"WebPage","@id":"https:\/\/modernteh.md\/catalog\/sistem-de-taiere-am-60-arpal\/","url":"https:\/\/modernteh.md\/catalog\/sistem-de-taiere-am-60-arpal\/","name":"Sistem de taiere AM-60 ARPAL - Modernteh","isPartOf":{"@id":"https:\/\/modernteh.md\/#website"},"datePublished":"2022-11-16T12:24:40+00:00","dateModified":"2024-11-11T12:37:50+00:00","description":"Sistem de taiere AM-60 ARPAL Modulul de t\u0103iere are capacitatea de a t\u0103ia ramuri cu un diametru de p\u00e2n\u0103 la 60 mm \u00een buc\u0103\u021bi de 50 \u2013 80 mm lungime","breadcrumb":{"@id":"https:\/\/modernteh.md\/catalog\/sistem-de-taiere-am-60-arpal\/#breadcrumb"},"inLanguage":"ru-RU","potentialAction":[{"@type":"ReadAction","target":["https:\/\/modernteh.md\/catalog\/sistem-de-taiere-am-60-arpal\/"]}]},{"@type":"BreadcrumbList","@id":"https:\/\/modernteh.md\/catalog\/sistem-de-taiere-am-60-arpal\/#breadcrumb","itemListElement":[{"@type":"ListItem","position":1,"name":"Prima pagin\u0103","item":"https:\/\/modernteh.md\/"},{"@type":"ListItem","position":2,"name":"Catalog","item":"https:\/\/modernteh.md\/catalog\/"},{"@type":"ListItem","position":3,"name":"Sistem de taiere AM-60, ARPAL, Ucraina, \u00d8 max. 60 mm"}]},{"@type":"WebSite","@id":"https:\/\/modernteh.md\/#website","url":"https:\/\/modernteh.md\/","name":"Modernteh","description":"Modernteh","publisher":{"@id":"https:\/\/modernteh.md\/#organization"},"potentialAction":[{"@type":"SearchAction","target":{"@type":"EntryPoint","urlTemplate":"https:\/\/modernteh.md\/?s={search_term_string}"},"query-input":"required name=search_term_string"}],"inLanguage":"ru-RU"},{"@type":"Organization","@id":"https:\/\/modernteh.md\/#organization","name":"Modernteh","url":"https:\/\/modernteh.md\/","logo":{"@type":"ImageObject","inLanguage":"ru-RU","@id":"https:\/\/modernteh.md\/#\/schema\/logo\/image\/","url":"https:\/\/modernteh.md\/wp-content\/uploads\/2022\/06\/Logo_site-2.png","contentUrl":"https:\/\/modernteh.md\/wp-content\/uploads\/2022\/06\/Logo_site-2.png","width":500,"height":487,"caption":"Modernteh"},"image":{"@id":"https:\/\/modernteh.md\/#\/schema\/logo\/image\/"},"sameAs":["https:\/\/www.facebook.com\/profile.php?id=100082695620019"]}]}},"_links":{"self":[{"href":"https:\/\/modernteh.md\/ru\/wp-json\/wp\/v2\/product\/3139","targetHints":{"allow":["GET"]}}],"collection":[{"href":"https:\/\/modernteh.md\/ru\/wp-json\/wp\/v2\/product"}],"about":[{"href":"https:\/\/modernteh.md\/ru\/wp-json\/wp\/v2\/types\/product"}],"wp:featuredmedia":[{"embeddable":true,"href":"https:\/\/modernteh.md\/ru\/wp-json\/wp\/v2\/media\/3140"}],"wp:attachment":[{"href":"https:\/\/modernteh.md\/ru\/wp-json\/wp\/v2\/media?parent=3139"}],"wp:term":[{"taxonomy":"product_cat","embeddable":true,"href":"https:\/\/modernteh.md\/ru\/wp-json\/wp\/v2\/product_cat?post=3139"},{"taxonomy":"product_tag","embeddable":true,"href":"https:\/\/modernteh.md\/ru\/wp-json\/wp\/v2\/product_tag?post=3139"}],"curies":[{"name":"wp","href":"https:\/\/api.w.org\/{rel}","templated":true}]}}