{"id":3151,"date":"2022-11-16T13:09:39","date_gmt":"2022-11-16T13:09:39","guid":{"rendered":"https:\/\/modernteh.md\/?post_type=product&#038;p=3151"},"modified":"2025-10-10T08:52:02","modified_gmt":"2025-10-10T08:52:02","slug":"tocatoare-de-crengi-am-200tr","status":"publish","type":"product","link":"https:\/\/modernteh.md\/ru\/catalog\/tocatoare-de-crengi-am-200tr\/","title":{"rendered":"\u0418\u0437\u043c\u0435\u043b\u044c\u0447\u0438\u0442\u0435\u043b\u044c \u0432\u0435\u0442\u043e\u043a \u0410\u041c-200\u0422\u0420"},"content":{"rendered":"<p>Toc\u0103toare de crengi AM-200TR este cel mai puternic tocator de lemn din gama de modele si este capabil sa prelucreze ramuri, tulpini de copaci mici si deseuri de prelucrare a lemnului cu grosimea de pana la 200 mm, in functie de umiditate si tip de lemn. La ie\u0219irea ma\u0219inii se ob\u021bin buc\u0103\u021bi, de dimensiunea optim\u0103 pentru utilizare \u00een cazane de piroliz\u0103 \u0219i combustibil solid, la produc\u021bia de c\u0103rbune. Lungimea piesei de prelucrat nu este reglabil\u0103 \u0219i depinde de grosimea materiei prime.<\/p>\n<p>\u0413\u0410\u0411\u0410\u0420\u0418\u0422\u041d\u042b\u0415 \u0420\u0410\u0417\u041c\u0415\u0420\u042b \u0418 \u0425\u0410\u0420\u0410\u041a\u0422\u0415\u0420\u0418\u0421\u0422\u0418\u041a\u0418 \u0412\u0415\u0421<br \/>\n\u0418\u0437\u043c\u0435\u043b\u044c\u0447\u0438\u0442\u0435\u043b\u044c \u0432\u0435\u0442\u043e\u043a \u0410\u041c-200\u0422\u0420<br \/>\nLungime:\t1843 mm<br \/>\nL\u0103\u0163ime:\t1290 mm<br \/>\n\u00cen\u0103l\u0163ime:\t1380 mm<br \/>\nGreutate:\t630 kg<br \/>\nDimensiuni admisie:\t285\u0445255 mm<br \/>\nDiametrul axei tractorului:\t28 mm<br \/>\n\u041e\u0421\u041d\u041e\u0412\u041d\u042b\u0415 \u0425\u0410\u0420\u0410\u041a\u0422\u0415\u0420\u0418\u0421\u0422\u0418\u041a\u0418<\/p>\n<p>Max. performan\u0163\u0103:\t14 m3\/ora<br \/>\n\u041a\u043e\u043b\u0438\u0447\u0435\u0441\u0442\u0432\u043e \u043d\u043e\u0436\u0435\u0439: 6 \u0448\u0442.<br \/>\nMax. revolu\u021bii ale cu\u021bitelor de lucru:\t104 rota\u021bii\/min<br \/>\n\u0425\u0410\u0420\u0410\u041a\u0422\u0415\u0420\u0418\u0421\u0422\u0418\u041a\u0418 \u0422\u0420\u0410\u041a\u0422\u041e\u0420\u0410<br \/>\nRec. puterea motorului:\t130 h.p<br \/>\nMotor min. putere:\t80 c.p.<br \/>\nMax. porne\u0219te PTO:\t540 rotatii\/min<\/p>","protected":false},"excerpt":{"rendered":"<p>Toc\u0103toare de crengi AM-200TR este cel mai puternic tocator de lemn din gama de modele si este capabil sa prelucreze<\/p>","protected":false},"featured_media":3152,"template":"","meta":[],"product_cat":[135],"product_tag":[],"class_list":{"0":"post-3151","1":"product","2":"type-product","3":"status-publish","4":"has-post-thumbnail","6":"product_cat-tocatoare-de-crengi","8":"first","9":"onbackorder","10":"shipping-taxable","11":"purchasable","12":"product-type-simple"},"yoast_head":"<!-- This site is optimized with the Yoast SEO plugin v20.12 - https:\/\/yoast.com\/wordpress\/plugins\/seo\/ -->\n<title>Toc\u0103toare de crengi AM-200TR - Modernteh<\/title>\n<meta name=\"description\" content=\"Toc\u0103toare de crengi AM-200TR este cel mai puternic tocator de lemn din gama de modele a lemnului cu grosimea de pana la 200 mm\" \/>\n<meta name=\"robots\" content=\"index, follow, max-snippet:-1, max-image-preview:large, max-video-preview:-1\" \/>\n<link rel=\"canonical\" href=\"https:\/\/modernteh.md\/ru\/catalog\/tocatoare-de-crengi-am-200tr\/\" \/>\n<meta property=\"og:locale\" content=\"ru_RU\" \/>\n<meta property=\"og:type\" content=\"article\" \/>\n<meta property=\"og:title\" content=\"Toc\u0103toare de crengi AM-200TR - Modernteh\" \/>\n<meta property=\"og:description\" content=\"Toc\u0103toare de crengi AM-200TR este cel mai puternic tocator de lemn din gama de modele a lemnului cu grosimea de pana la 200 mm\" \/>\n<meta property=\"og:url\" content=\"https:\/\/modernteh.md\/ru\/catalog\/tocatoare-de-crengi-am-200tr\/\" \/>\n<meta property=\"og:site_name\" content=\"Modernteh\" \/>\n<meta property=\"article:publisher\" content=\"https:\/\/www.facebook.com\/profile.php?id=100082695620019\" \/>\n<meta property=\"article:modified_time\" content=\"2025-10-10T08:52:02+00:00\" \/>\n<meta property=\"og:image\" content=\"https:\/\/modernteh.md\/wp-content\/uploads\/2022\/11\/Tocatoare-de-crengi-AM-200TR.png\" \/>\n\t<meta property=\"og:image:width\" content=\"884\" \/>\n\t<meta property=\"og:image:height\" content=\"737\" \/>\n\t<meta property=\"og:image:type\" content=\"image\/png\" \/>\n<meta name=\"twitter:card\" content=\"summary_large_image\" \/>\n<meta name=\"twitter:label1\" content=\"\u041f\u0440\u0438\u043c\u0435\u0440\u043d\u043e\u0435 \u0432\u0440\u0435\u043c\u044f \u0434\u043b\u044f \u0447\u0442\u0435\u043d\u0438\u044f\" \/>\n\t<meta name=\"twitter:data1\" content=\"1 \u043c\u0438\u043d\u0443\u0442\u0430\" \/>\n<script type=\"application\/ld+json\" class=\"yoast-schema-graph\">{\"@context\":\"https:\/\/schema.org\",\"@graph\":[{\"@type\":\"WebPage\",\"@id\":\"https:\/\/modernteh.md\/catalog\/tocatoare-de-crengi-am-200tr\/\",\"url\":\"https:\/\/modernteh.md\/catalog\/tocatoare-de-crengi-am-200tr\/\",\"name\":\"Toc\u0103toare de crengi AM-200TR - Modernteh\",\"isPartOf\":{\"@id\":\"https:\/\/modernteh.md\/#website\"},\"datePublished\":\"2022-11-16T13:09:39+00:00\",\"dateModified\":\"2025-10-10T08:52:02+00:00\",\"description\":\"Toc\u0103toare de crengi AM-200TR este cel mai puternic tocator de lemn din gama de modele a lemnului cu grosimea de pana la 200 mm\",\"breadcrumb\":{\"@id\":\"https:\/\/modernteh.md\/catalog\/tocatoare-de-crengi-am-200tr\/#breadcrumb\"},\"inLanguage\":\"ru-RU\",\"potentialAction\":[{\"@type\":\"ReadAction\",\"target\":[\"https:\/\/modernteh.md\/catalog\/tocatoare-de-crengi-am-200tr\/\"]}]},{\"@type\":\"BreadcrumbList\",\"@id\":\"https:\/\/modernteh.md\/catalog\/tocatoare-de-crengi-am-200tr\/#breadcrumb\",\"itemListElement\":[{\"@type\":\"ListItem\",\"position\":1,\"name\":\"Prima pagin\u0103\",\"item\":\"https:\/\/modernteh.md\/\"},{\"@type\":\"ListItem\",\"position\":2,\"name\":\"Catalog\",\"item\":\"https:\/\/modernteh.md\/catalog\/\"},{\"@type\":\"ListItem\",\"position\":3,\"name\":\"Toc\u0103toare de crengi AM-200TR\"}]},{\"@type\":\"WebSite\",\"@id\":\"https:\/\/modernteh.md\/#website\",\"url\":\"https:\/\/modernteh.md\/\",\"name\":\"Modernteh\",\"description\":\"Modernteh\",\"publisher\":{\"@id\":\"https:\/\/modernteh.md\/#organization\"},\"potentialAction\":[{\"@type\":\"SearchAction\",\"target\":{\"@type\":\"EntryPoint\",\"urlTemplate\":\"https:\/\/modernteh.md\/?s={search_term_string}\"},\"query-input\":\"required name=search_term_string\"}],\"inLanguage\":\"ru-RU\"},{\"@type\":\"Organization\",\"@id\":\"https:\/\/modernteh.md\/#organization\",\"name\":\"Modernteh\",\"url\":\"https:\/\/modernteh.md\/\",\"logo\":{\"@type\":\"ImageObject\",\"inLanguage\":\"ru-RU\",\"@id\":\"https:\/\/modernteh.md\/#\/schema\/logo\/image\/\",\"url\":\"https:\/\/modernteh.md\/wp-content\/uploads\/2022\/06\/Logo_site-2.png\",\"contentUrl\":\"https:\/\/modernteh.md\/wp-content\/uploads\/2022\/06\/Logo_site-2.png\",\"width\":500,\"height\":487,\"caption\":\"Modernteh\"},\"image\":{\"@id\":\"https:\/\/modernteh.md\/#\/schema\/logo\/image\/\"},\"sameAs\":[\"https:\/\/www.facebook.com\/profile.php?id=100082695620019\"]}]}<\/script>\n<!-- \/ Yoast SEO plugin. -->","yoast_head_json":{"title":"Toc\u0103toare de crengi AM-200TR - Modernteh","description":"Toc\u0103toare de crengi AM-200TR este cel mai puternic tocator de lemn din gama de modele a lemnului cu grosimea de pana la 200 mm","robots":{"index":"index","follow":"follow","max-snippet":"max-snippet:-1","max-image-preview":"max-image-preview:large","max-video-preview":"max-video-preview:-1"},"canonical":"https:\/\/modernteh.md\/ru\/catalog\/tocatoare-de-crengi-am-200tr\/","og_locale":"ru_RU","og_type":"article","og_title":"Toc\u0103toare de crengi AM-200TR - Modernteh","og_description":"Toc\u0103toare de crengi AM-200TR este cel mai puternic tocator de lemn din gama de modele a lemnului cu grosimea de pana la 200 mm","og_url":"https:\/\/modernteh.md\/ru\/catalog\/tocatoare-de-crengi-am-200tr\/","og_site_name":"Modernteh","article_publisher":"https:\/\/www.facebook.com\/profile.php?id=100082695620019","article_modified_time":"2025-10-10T08:52:02+00:00","og_image":[{"width":884,"height":737,"url":"https:\/\/modernteh.md\/wp-content\/uploads\/2022\/11\/Tocatoare-de-crengi-AM-200TR.png","type":"image\/png"}],"twitter_card":"summary_large_image","twitter_misc":{"\u041f\u0440\u0438\u043c\u0435\u0440\u043d\u043e\u0435 \u0432\u0440\u0435\u043c\u044f \u0434\u043b\u044f \u0447\u0442\u0435\u043d\u0438\u044f":"1 \u043c\u0438\u043d\u0443\u0442\u0430"},"schema":{"@context":"https:\/\/schema.org","@graph":[{"@type":"WebPage","@id":"https:\/\/modernteh.md\/catalog\/tocatoare-de-crengi-am-200tr\/","url":"https:\/\/modernteh.md\/catalog\/tocatoare-de-crengi-am-200tr\/","name":"Toc\u0103toare de crengi AM-200TR - Modernteh","isPartOf":{"@id":"https:\/\/modernteh.md\/#website"},"datePublished":"2022-11-16T13:09:39+00:00","dateModified":"2025-10-10T08:52:02+00:00","description":"Toc\u0103toare de crengi AM-200TR este cel mai puternic tocator de lemn din gama de modele a lemnului cu grosimea de pana la 200 mm","breadcrumb":{"@id":"https:\/\/modernteh.md\/catalog\/tocatoare-de-crengi-am-200tr\/#breadcrumb"},"inLanguage":"ru-RU","potentialAction":[{"@type":"ReadAction","target":["https:\/\/modernteh.md\/catalog\/tocatoare-de-crengi-am-200tr\/"]}]},{"@type":"BreadcrumbList","@id":"https:\/\/modernteh.md\/catalog\/tocatoare-de-crengi-am-200tr\/#breadcrumb","itemListElement":[{"@type":"ListItem","position":1,"name":"Prima pagin\u0103","item":"https:\/\/modernteh.md\/"},{"@type":"ListItem","position":2,"name":"Catalog","item":"https:\/\/modernteh.md\/catalog\/"},{"@type":"ListItem","position":3,"name":"Toc\u0103toare de crengi AM-200TR"}]},{"@type":"WebSite","@id":"https:\/\/modernteh.md\/#website","url":"https:\/\/modernteh.md\/","name":"Modernteh","description":"Modernteh","publisher":{"@id":"https:\/\/modernteh.md\/#organization"},"potentialAction":[{"@type":"SearchAction","target":{"@type":"EntryPoint","urlTemplate":"https:\/\/modernteh.md\/?s={search_term_string}"},"query-input":"required name=search_term_string"}],"inLanguage":"ru-RU"},{"@type":"Organization","@id":"https:\/\/modernteh.md\/#organization","name":"Modernteh","url":"https:\/\/modernteh.md\/","logo":{"@type":"ImageObject","inLanguage":"ru-RU","@id":"https:\/\/modernteh.md\/#\/schema\/logo\/image\/","url":"https:\/\/modernteh.md\/wp-content\/uploads\/2022\/06\/Logo_site-2.png","contentUrl":"https:\/\/modernteh.md\/wp-content\/uploads\/2022\/06\/Logo_site-2.png","width":500,"height":487,"caption":"Modernteh"},"image":{"@id":"https:\/\/modernteh.md\/#\/schema\/logo\/image\/"},"sameAs":["https:\/\/www.facebook.com\/profile.php?id=100082695620019"]}]}},"_links":{"self":[{"href":"https:\/\/modernteh.md\/ru\/wp-json\/wp\/v2\/product\/3151","targetHints":{"allow":["GET"]}}],"collection":[{"href":"https:\/\/modernteh.md\/ru\/wp-json\/wp\/v2\/product"}],"about":[{"href":"https:\/\/modernteh.md\/ru\/wp-json\/wp\/v2\/types\/product"}],"wp:featuredmedia":[{"embeddable":true,"href":"https:\/\/modernteh.md\/ru\/wp-json\/wp\/v2\/media\/3152"}],"wp:attachment":[{"href":"https:\/\/modernteh.md\/ru\/wp-json\/wp\/v2\/media?parent=3151"}],"wp:term":[{"taxonomy":"product_cat","embeddable":true,"href":"https:\/\/modernteh.md\/ru\/wp-json\/wp\/v2\/product_cat?post=3151"},{"taxonomy":"product_tag","embeddable":true,"href":"https:\/\/modernteh.md\/ru\/wp-json\/wp\/v2\/product_tag?post=3151"}],"curies":[{"name":"wp","href":"https:\/\/api.w.org\/{rel}","templated":true}]}}