{"id":3161,"date":"2022-11-17T13:50:55","date_gmt":"2022-11-17T13:50:55","guid":{"rendered":"https:\/\/modernteh.md\/?post_type=product&#038;p=3161"},"modified":"2024-11-11T12:49:29","modified_gmt":"2024-11-11T12:49:29","slug":"freza-aschii-ms-80bd","status":"publish","type":"product","link":"https:\/\/modernteh.md\/ru\/catalog\/freza-aschii-ms-80bd\/","title":{"rendered":"\u0421\u0442\u0440\u0443\u0436\u043a\u043e\u0440\u0435\u0437 \u041c\u0421-80\u0411\u0414"},"content":{"rendered":"<p>\u0421\u0442\u0440\u0443\u0436\u043a\u043e\u0440\u0435\u0437 \u041c\u0421-80\u0411\u0414<br \/>\nMa\u0219ina de t\u0103iat a\u0219chii MS-80BD tip combinat cu dou\u0103 recipiente de intrare este proiectat\u0103 pentru prelucrare \u0219i eliminare prin m\u0103run\u021birea ramurilor, vi\u021bei de vie, frunzelor, scoar\u021bei \u0219i a altor de\u0219euri de gr\u0103din\u0103. Cu\u021bitorul de a\u0219chii transform\u0103 materiile prime \u00een a\u0219chii tehnologice. Chipurile rezultate pot avea dimensiuni de 15, 20 \u0219i 25 mm. Echipat cu un motor pe benzin\u0103 marca WEIMA cu o capacitate de 16 CP.<\/p>\n<p>\u0413\u0410\u0411\u0410\u0420\u0418\u0422\u041d\u042b\u0415 \u0420\u0410\u0417\u041c\u0415\u0420\u042b \u0418 \u0425\u0410\u0420\u0410\u041a\u0422\u0415\u0420\u0418\u0421\u0422\u0418\u041a\u0418 \u0412\u0415\u0421<br \/>\n\u0421\u0442\u0440\u0443\u0436\u043a\u043e\u0440\u0435\u0437 \u041c\u0421-80\u0411\u0414<br \/>\nLungime:\t1450 mm<br \/>\nL\u0103\u0163ime:\t787 mm<br \/>\n\u00cen\u0103l\u0163ime:\t1390 mm<br \/>\nGreutate:\t120 \u043a\u0433<br \/>\n\u041e\u0421\u041d\u041e\u0412\u041d\u042b\u0415 \u0425\u0410\u0420\u0410\u041a\u0422\u0415\u0420\u0418\u0421\u0422\u0418\u041a\u0418<br \/>\nMax. performan\u0163\u0103:\t3 m3\/h<br \/>\nMax. diametru lemn moale:\t90 mm<br \/>\nMax. diametrul lemnului tare:\t50 \u043c\u043c<br \/>\nDimensiunea cipului:\t25, 20, 15 mm<br \/>\nNum\u0103rul de cu\u021bite \/ ciocane:\t20 pcs<br \/>\n\u041a\u043e\u043b\u0438\u0447\u0435\u0441\u0442\u0432\u043e \u043d\u043e\u0436\u0435\u0439: 2 \u0448\u0442.<br \/>\n\u0425\u0410\u0420\u0410\u041a\u0422\u0415\u0420\u0418\u0421\u0422\u0418\u041a\u0418 \u0414\u0412\u0418\u0413\u0410\u0422\u0415\u041b\u042f<br \/>\n\u041c\u043e\u0449\u043d\u043e\u0441\u0442\u044c \u0434\u0432\u0438\u0433\u0430\u0442\u0435\u043b\u044f: 16 \u043b.\u0441<br \/>\n\u041c\u0430\u043a\u0441. \u043e\u0431\u043e\u0440\u043e\u0442\u044b \u043d\u0430 \u0432\u0430\u043b\u0443 \u0434\u0432\u0438\u0433\u0430\u0442\u0435\u043b\u044f: 3600 \u043e\u0431\/\u043c\u0438\u043d<br \/>\n\u0422\u0438\u043f \u0442\u043e\u043f\u043b\u0438\u0432\u0430: \u043e\u0431\u044b\u0447\u043d\u044b\u0439<br \/>\n\u041c\u0430\u043a\u0441\u0438\u043c\u0430\u043b\u044c\u043d\u044b\u0439 \u0440\u0430\u0441\u0445\u043e\u0434 \u0442\u043e\u043f\u043b\u0438\u0432\u0430: 230 \u0433\/\u043b.\u0441.*\u0447\u0430\u0441<\/p>","protected":false},"excerpt":{"rendered":"<p>Frez\u0103 a\u0219chii MS-80BD Ma\u0219ina de t\u0103iat a\u0219chii MS-80BD tip combinat cu dou\u0103 recipiente de intrare este proiectat\u0103 pentru prelucrare \u0219i<\/p>","protected":false},"featured_media":3162,"template":"","meta":[],"product_cat":[135],"product_tag":[],"class_list":{"0":"post-3161","1":"product","2":"type-product","3":"status-publish","4":"has-post-thumbnail","6":"product_cat-tocatoare-de-crengi","8":"first","9":"instock","10":"shipping-taxable","11":"purchasable","12":"product-type-simple"},"yoast_head":"<!-- This site is optimized with the Yoast SEO plugin v20.12 - https:\/\/yoast.com\/wordpress\/plugins\/seo\/ -->\n<title>Frez\u0103 a\u0219chii MS-80BD - Modernteh<\/title>\n<meta name=\"description\" content=\"Frez\u0103 a\u0219chii MS-80BD tip combinat cu dou\u0103 recipiente de intrare este proiectat\u0103 pentru prelucrare \u0219i eliminare prin m\u0103run\u021birea ramurilor, vi\u021bei de vie.\" \/>\n<meta name=\"robots\" content=\"index, follow, max-snippet:-1, max-image-preview:large, max-video-preview:-1\" \/>\n<link rel=\"canonical\" href=\"https:\/\/modernteh.md\/ru\/catalog\/freza-aschii-ms-80bd\/\" \/>\n<meta property=\"og:locale\" content=\"ru_RU\" \/>\n<meta property=\"og:type\" content=\"article\" \/>\n<meta property=\"og:title\" content=\"Frez\u0103 a\u0219chii MS-80BD - Modernteh\" \/>\n<meta property=\"og:description\" content=\"Frez\u0103 a\u0219chii MS-80BD tip combinat cu dou\u0103 recipiente de intrare este proiectat\u0103 pentru prelucrare \u0219i eliminare prin m\u0103run\u021birea ramurilor, vi\u021bei de vie.\" \/>\n<meta property=\"og:url\" content=\"https:\/\/modernteh.md\/ru\/catalog\/freza-aschii-ms-80bd\/\" \/>\n<meta property=\"og:site_name\" content=\"Modernteh\" \/>\n<meta property=\"article:publisher\" content=\"https:\/\/www.facebook.com\/profile.php?id=100082695620019\" \/>\n<meta property=\"article:modified_time\" content=\"2024-11-11T12:49:29+00:00\" \/>\n<meta property=\"og:image\" content=\"https:\/\/modernteh.md\/wp-content\/uploads\/2022\/11\/Freza-aschii-MS-80BD.png\" \/>\n\t<meta property=\"og:image:width\" content=\"884\" \/>\n\t<meta property=\"og:image:height\" content=\"737\" \/>\n\t<meta property=\"og:image:type\" content=\"image\/png\" \/>\n<meta name=\"twitter:card\" content=\"summary_large_image\" \/>\n<meta name=\"twitter:label1\" content=\"\u041f\u0440\u0438\u043c\u0435\u0440\u043d\u043e\u0435 \u0432\u0440\u0435\u043c\u044f \u0434\u043b\u044f \u0447\u0442\u0435\u043d\u0438\u044f\" \/>\n\t<meta name=\"twitter:data1\" content=\"1 \u043c\u0438\u043d\u0443\u0442\u0430\" \/>\n<script type=\"application\/ld+json\" class=\"yoast-schema-graph\">{\"@context\":\"https:\/\/schema.org\",\"@graph\":[{\"@type\":\"WebPage\",\"@id\":\"https:\/\/modernteh.md\/catalog\/freza-aschii-ms-80bd\/\",\"url\":\"https:\/\/modernteh.md\/catalog\/freza-aschii-ms-80bd\/\",\"name\":\"Frez\u0103 a\u0219chii MS-80BD - Modernteh\",\"isPartOf\":{\"@id\":\"https:\/\/modernteh.md\/#website\"},\"datePublished\":\"2022-11-17T13:50:55+00:00\",\"dateModified\":\"2024-11-11T12:49:29+00:00\",\"description\":\"Frez\u0103 a\u0219chii MS-80BD tip combinat cu dou\u0103 recipiente de intrare este proiectat\u0103 pentru prelucrare \u0219i eliminare prin m\u0103run\u021birea ramurilor, vi\u021bei de vie.\",\"breadcrumb\":{\"@id\":\"https:\/\/modernteh.md\/catalog\/freza-aschii-ms-80bd\/#breadcrumb\"},\"inLanguage\":\"ru-RU\",\"potentialAction\":[{\"@type\":\"ReadAction\",\"target\":[\"https:\/\/modernteh.md\/catalog\/freza-aschii-ms-80bd\/\"]}]},{\"@type\":\"BreadcrumbList\",\"@id\":\"https:\/\/modernteh.md\/catalog\/freza-aschii-ms-80bd\/#breadcrumb\",\"itemListElement\":[{\"@type\":\"ListItem\",\"position\":1,\"name\":\"Prima pagin\u0103\",\"item\":\"https:\/\/modernteh.md\/\"},{\"@type\":\"ListItem\",\"position\":2,\"name\":\"Catalog\",\"item\":\"https:\/\/modernteh.md\/catalog\/\"},{\"@type\":\"ListItem\",\"position\":3,\"name\":\"Frez\u0103 a\u0219chii MS-80BD\"}]},{\"@type\":\"WebSite\",\"@id\":\"https:\/\/modernteh.md\/#website\",\"url\":\"https:\/\/modernteh.md\/\",\"name\":\"Modernteh\",\"description\":\"Modernteh\",\"publisher\":{\"@id\":\"https:\/\/modernteh.md\/#organization\"},\"potentialAction\":[{\"@type\":\"SearchAction\",\"target\":{\"@type\":\"EntryPoint\",\"urlTemplate\":\"https:\/\/modernteh.md\/?s={search_term_string}\"},\"query-input\":\"required name=search_term_string\"}],\"inLanguage\":\"ru-RU\"},{\"@type\":\"Organization\",\"@id\":\"https:\/\/modernteh.md\/#organization\",\"name\":\"Modernteh\",\"url\":\"https:\/\/modernteh.md\/\",\"logo\":{\"@type\":\"ImageObject\",\"inLanguage\":\"ru-RU\",\"@id\":\"https:\/\/modernteh.md\/#\/schema\/logo\/image\/\",\"url\":\"https:\/\/modernteh.md\/wp-content\/uploads\/2022\/06\/Logo_site-2.png\",\"contentUrl\":\"https:\/\/modernteh.md\/wp-content\/uploads\/2022\/06\/Logo_site-2.png\",\"width\":500,\"height\":487,\"caption\":\"Modernteh\"},\"image\":{\"@id\":\"https:\/\/modernteh.md\/#\/schema\/logo\/image\/\"},\"sameAs\":[\"https:\/\/www.facebook.com\/profile.php?id=100082695620019\"]}]}<\/script>\n<!-- \/ Yoast SEO plugin. -->","yoast_head_json":{"title":"Frez\u0103 a\u0219chii MS-80BD - Modernteh","description":"Frez\u0103 a\u0219chii MS-80BD tip combinat cu dou\u0103 recipiente de intrare este proiectat\u0103 pentru prelucrare \u0219i eliminare prin m\u0103run\u021birea ramurilor, vi\u021bei de vie.","robots":{"index":"index","follow":"follow","max-snippet":"max-snippet:-1","max-image-preview":"max-image-preview:large","max-video-preview":"max-video-preview:-1"},"canonical":"https:\/\/modernteh.md\/ru\/catalog\/freza-aschii-ms-80bd\/","og_locale":"ru_RU","og_type":"article","og_title":"Frez\u0103 a\u0219chii MS-80BD - Modernteh","og_description":"Frez\u0103 a\u0219chii MS-80BD tip combinat cu dou\u0103 recipiente de intrare este proiectat\u0103 pentru prelucrare \u0219i eliminare prin m\u0103run\u021birea ramurilor, vi\u021bei de vie.","og_url":"https:\/\/modernteh.md\/ru\/catalog\/freza-aschii-ms-80bd\/","og_site_name":"Modernteh","article_publisher":"https:\/\/www.facebook.com\/profile.php?id=100082695620019","article_modified_time":"2024-11-11T12:49:29+00:00","og_image":[{"width":884,"height":737,"url":"https:\/\/modernteh.md\/wp-content\/uploads\/2022\/11\/Freza-aschii-MS-80BD.png","type":"image\/png"}],"twitter_card":"summary_large_image","twitter_misc":{"\u041f\u0440\u0438\u043c\u0435\u0440\u043d\u043e\u0435 \u0432\u0440\u0435\u043c\u044f \u0434\u043b\u044f \u0447\u0442\u0435\u043d\u0438\u044f":"1 \u043c\u0438\u043d\u0443\u0442\u0430"},"schema":{"@context":"https:\/\/schema.org","@graph":[{"@type":"WebPage","@id":"https:\/\/modernteh.md\/catalog\/freza-aschii-ms-80bd\/","url":"https:\/\/modernteh.md\/catalog\/freza-aschii-ms-80bd\/","name":"Frez\u0103 a\u0219chii MS-80BD - Modernteh","isPartOf":{"@id":"https:\/\/modernteh.md\/#website"},"datePublished":"2022-11-17T13:50:55+00:00","dateModified":"2024-11-11T12:49:29+00:00","description":"Frez\u0103 a\u0219chii MS-80BD tip combinat cu dou\u0103 recipiente de intrare este proiectat\u0103 pentru prelucrare \u0219i eliminare prin m\u0103run\u021birea ramurilor, vi\u021bei de vie.","breadcrumb":{"@id":"https:\/\/modernteh.md\/catalog\/freza-aschii-ms-80bd\/#breadcrumb"},"inLanguage":"ru-RU","potentialAction":[{"@type":"ReadAction","target":["https:\/\/modernteh.md\/catalog\/freza-aschii-ms-80bd\/"]}]},{"@type":"BreadcrumbList","@id":"https:\/\/modernteh.md\/catalog\/freza-aschii-ms-80bd\/#breadcrumb","itemListElement":[{"@type":"ListItem","position":1,"name":"Prima pagin\u0103","item":"https:\/\/modernteh.md\/"},{"@type":"ListItem","position":2,"name":"Catalog","item":"https:\/\/modernteh.md\/catalog\/"},{"@type":"ListItem","position":3,"name":"Frez\u0103 a\u0219chii MS-80BD"}]},{"@type":"WebSite","@id":"https:\/\/modernteh.md\/#website","url":"https:\/\/modernteh.md\/","name":"Modernteh","description":"Modernteh","publisher":{"@id":"https:\/\/modernteh.md\/#organization"},"potentialAction":[{"@type":"SearchAction","target":{"@type":"EntryPoint","urlTemplate":"https:\/\/modernteh.md\/?s={search_term_string}"},"query-input":"required name=search_term_string"}],"inLanguage":"ru-RU"},{"@type":"Organization","@id":"https:\/\/modernteh.md\/#organization","name":"Modernteh","url":"https:\/\/modernteh.md\/","logo":{"@type":"ImageObject","inLanguage":"ru-RU","@id":"https:\/\/modernteh.md\/#\/schema\/logo\/image\/","url":"https:\/\/modernteh.md\/wp-content\/uploads\/2022\/06\/Logo_site-2.png","contentUrl":"https:\/\/modernteh.md\/wp-content\/uploads\/2022\/06\/Logo_site-2.png","width":500,"height":487,"caption":"Modernteh"},"image":{"@id":"https:\/\/modernteh.md\/#\/schema\/logo\/image\/"},"sameAs":["https:\/\/www.facebook.com\/profile.php?id=100082695620019"]}]}},"_links":{"self":[{"href":"https:\/\/modernteh.md\/ru\/wp-json\/wp\/v2\/product\/3161","targetHints":{"allow":["GET"]}}],"collection":[{"href":"https:\/\/modernteh.md\/ru\/wp-json\/wp\/v2\/product"}],"about":[{"href":"https:\/\/modernteh.md\/ru\/wp-json\/wp\/v2\/types\/product"}],"wp:featuredmedia":[{"embeddable":true,"href":"https:\/\/modernteh.md\/ru\/wp-json\/wp\/v2\/media\/3162"}],"wp:attachment":[{"href":"https:\/\/modernteh.md\/ru\/wp-json\/wp\/v2\/media?parent=3161"}],"wp:term":[{"taxonomy":"product_cat","embeddable":true,"href":"https:\/\/modernteh.md\/ru\/wp-json\/wp\/v2\/product_cat?post=3161"},{"taxonomy":"product_tag","embeddable":true,"href":"https:\/\/modernteh.md\/ru\/wp-json\/wp\/v2\/product_tag?post=3161"}],"curies":[{"name":"wp","href":"https:\/\/api.w.org\/{rel}","templated":true}]}}