{"id":3169,"date":"2022-11-28T09:50:09","date_gmt":"2022-11-28T09:50:09","guid":{"rendered":"https:\/\/modernteh.md\/?post_type=product&#038;p=3169"},"modified":"2026-03-04T07:58:30","modified_gmt":"2026-03-04T07:58:30","slug":"hranitoare-iepuri-15cm","status":"publish","type":"product","link":"https:\/\/modernteh.md\/ru\/catalog\/hranitoare-iepuri-15cm\/","title":{"rendered":"Hr\u0103nitoare iepuri 15cm"},"content":{"rendered":"<p>Hr\u0103nitoare iepuri 15cm; Specifica\u021bii<br \/>\nHr\u0103nitoarea pentru iepuri este confec\u021bionat\u0103 preponderent din tabl\u0103 zincat\u0103 \u0219i dou\u0103 p\u0103r\u021bi laterale din plastic dur. Are un singur compartiment \u0219i se ata\u0219eaz\u0103 pe exteriorului cu\u0219tii, facilit\u00e2nd astfel alimentarea rezervorului. Deasemenea elimin\u0103 risipa de furaj \u0219i nu permite animalelor sa o r\u0103stoarne.<br \/>\nDimensiune: 15 cm.<br \/>\nModelul Hr\u0103nitoare iepuri 15cm este conceput astfel \u00eenc\u00e2t prinderea hr\u0103nitoarei de cu\u0219c\u0103 s\u0103 fie eficient\u0103 iar hrana bine a\u0219ezata, iepurele hr\u0103nindu-se u\u0219or din ea.<\/p>\n<p>Hr\u0103nitoarea se poate folosi cu succes pentru furajarea iepurilor crescu\u021bi \u00een cu\u0219ti, sau rozato\u0103re de companie.<\/p>","protected":false},"excerpt":{"rendered":"<p>Hr\u0103nitoare iepuri 15cm; Specifica\u021bii Hr\u0103nitoarea pentru iepuri este confec\u021bionat\u0103 preponderent din tabl\u0103 zincat\u0103 \u0219i dou\u0103 p\u0103r\u021bi laterale din plastic dur.<\/p>","protected":false},"featured_media":3170,"template":"","meta":[],"product_cat":[127],"product_tag":[],"class_list":{"0":"post-3169","1":"product","2":"type-product","3":"status-publish","4":"has-post-thumbnail","6":"product_cat-adapatori-si-hranitori-iepuri","8":"first","9":"instock","10":"shipping-taxable","11":"purchasable","12":"product-type-simple"},"yoast_head":"<!-- This site is optimized with the Yoast SEO plugin v20.12 - https:\/\/yoast.com\/wordpress\/plugins\/seo\/ -->\n<title>Hr\u0103nitoare iepuri 15cm - Modernteh<\/title>\n<meta name=\"description\" content=\"Hr\u0103nitoare iepuri 15cm este conceput astfel \u00eenc\u00e2t prinderea hr\u0103nitoarei de cu\u0219c\u0103 s\u0103 fie eficient\u0103 iar hrana bine a\u0219ezata, iepurele hr\u0103nindu-se u\u0219or din ea\" \/>\n<meta name=\"robots\" content=\"index, follow, max-snippet:-1, max-image-preview:large, max-video-preview:-1\" \/>\n<link rel=\"canonical\" href=\"https:\/\/modernteh.md\/ru\/catalog\/hranitoare-iepuri-15cm\/\" \/>\n<meta property=\"og:locale\" content=\"ru_RU\" \/>\n<meta property=\"og:type\" content=\"article\" \/>\n<meta property=\"og:title\" content=\"Hr\u0103nitoare iepuri 15cm - Modernteh\" \/>\n<meta property=\"og:description\" content=\"Hr\u0103nitoare iepuri 15cm este conceput astfel \u00eenc\u00e2t prinderea hr\u0103nitoarei de cu\u0219c\u0103 s\u0103 fie eficient\u0103 iar hrana bine a\u0219ezata, iepurele hr\u0103nindu-se u\u0219or din ea\" \/>\n<meta property=\"og:url\" content=\"https:\/\/modernteh.md\/ru\/catalog\/hranitoare-iepuri-15cm\/\" \/>\n<meta property=\"og:site_name\" content=\"Modernteh\" \/>\n<meta property=\"article:publisher\" content=\"https:\/\/www.facebook.com\/profile.php?id=100082695620019\" \/>\n<meta property=\"article:modified_time\" content=\"2026-03-04T07:58:30+00:00\" \/>\n<meta property=\"og:image\" content=\"https:\/\/modernteh.md\/wp-content\/uploads\/2022\/11\/hranitoare-iepuri-12cm-500-500-500-500-500-500-500-500-500-500-500-500-500-500-500-500-500-500.jpg\" \/>\n\t<meta property=\"og:image:width\" content=\"500\" \/>\n\t<meta property=\"og:image:height\" content=\"500\" \/>\n\t<meta property=\"og:image:type\" content=\"image\/jpeg\" \/>\n<meta name=\"twitter:card\" content=\"summary_large_image\" \/>\n<meta name=\"twitter:label1\" content=\"\u041f\u0440\u0438\u043c\u0435\u0440\u043d\u043e\u0435 \u0432\u0440\u0435\u043c\u044f \u0434\u043b\u044f \u0447\u0442\u0435\u043d\u0438\u044f\" \/>\n\t<meta name=\"twitter:data1\" content=\"1 \u043c\u0438\u043d\u0443\u0442\u0430\" \/>\n<script type=\"application\/ld+json\" class=\"yoast-schema-graph\">{\"@context\":\"https:\/\/schema.org\",\"@graph\":[{\"@type\":\"WebPage\",\"@id\":\"https:\/\/modernteh.md\/catalog\/hranitoare-iepuri-15cm\/\",\"url\":\"https:\/\/modernteh.md\/catalog\/hranitoare-iepuri-15cm\/\",\"name\":\"Hr\u0103nitoare iepuri 15cm - Modernteh\",\"isPartOf\":{\"@id\":\"https:\/\/modernteh.md\/#website\"},\"datePublished\":\"2022-11-28T09:50:09+00:00\",\"dateModified\":\"2026-03-04T07:58:30+00:00\",\"description\":\"Hr\u0103nitoare iepuri 15cm este conceput astfel \u00eenc\u00e2t prinderea hr\u0103nitoarei de cu\u0219c\u0103 s\u0103 fie eficient\u0103 iar hrana bine a\u0219ezata, iepurele hr\u0103nindu-se u\u0219or din ea\",\"breadcrumb\":{\"@id\":\"https:\/\/modernteh.md\/catalog\/hranitoare-iepuri-15cm\/#breadcrumb\"},\"inLanguage\":\"ru-RU\",\"potentialAction\":[{\"@type\":\"ReadAction\",\"target\":[\"https:\/\/modernteh.md\/catalog\/hranitoare-iepuri-15cm\/\"]}]},{\"@type\":\"BreadcrumbList\",\"@id\":\"https:\/\/modernteh.md\/catalog\/hranitoare-iepuri-15cm\/#breadcrumb\",\"itemListElement\":[{\"@type\":\"ListItem\",\"position\":1,\"name\":\"Prima pagin\u0103\",\"item\":\"https:\/\/modernteh.md\/\"},{\"@type\":\"ListItem\",\"position\":2,\"name\":\"Catalog\",\"item\":\"https:\/\/modernteh.md\/catalog\/\"},{\"@type\":\"ListItem\",\"position\":3,\"name\":\"Hr\u0103nitoare iepuri 15cm\"}]},{\"@type\":\"WebSite\",\"@id\":\"https:\/\/modernteh.md\/#website\",\"url\":\"https:\/\/modernteh.md\/\",\"name\":\"Modernteh\",\"description\":\"Modernteh\",\"publisher\":{\"@id\":\"https:\/\/modernteh.md\/#organization\"},\"potentialAction\":[{\"@type\":\"SearchAction\",\"target\":{\"@type\":\"EntryPoint\",\"urlTemplate\":\"https:\/\/modernteh.md\/?s={search_term_string}\"},\"query-input\":\"required name=search_term_string\"}],\"inLanguage\":\"ru-RU\"},{\"@type\":\"Organization\",\"@id\":\"https:\/\/modernteh.md\/#organization\",\"name\":\"Modernteh\",\"url\":\"https:\/\/modernteh.md\/\",\"logo\":{\"@type\":\"ImageObject\",\"inLanguage\":\"ru-RU\",\"@id\":\"https:\/\/modernteh.md\/#\/schema\/logo\/image\/\",\"url\":\"https:\/\/modernteh.md\/wp-content\/uploads\/2022\/06\/Logo_site-2.png\",\"contentUrl\":\"https:\/\/modernteh.md\/wp-content\/uploads\/2022\/06\/Logo_site-2.png\",\"width\":500,\"height\":487,\"caption\":\"Modernteh\"},\"image\":{\"@id\":\"https:\/\/modernteh.md\/#\/schema\/logo\/image\/\"},\"sameAs\":[\"https:\/\/www.facebook.com\/profile.php?id=100082695620019\"]}]}<\/script>\n<!-- \/ Yoast SEO plugin. -->","yoast_head_json":{"title":"Hr\u0103nitoare iepuri 15cm - Modernteh","description":"Hr\u0103nitoare iepuri 15cm este conceput astfel \u00eenc\u00e2t prinderea hr\u0103nitoarei de cu\u0219c\u0103 s\u0103 fie eficient\u0103 iar hrana bine a\u0219ezata, iepurele hr\u0103nindu-se u\u0219or din ea","robots":{"index":"index","follow":"follow","max-snippet":"max-snippet:-1","max-image-preview":"max-image-preview:large","max-video-preview":"max-video-preview:-1"},"canonical":"https:\/\/modernteh.md\/ru\/catalog\/hranitoare-iepuri-15cm\/","og_locale":"ru_RU","og_type":"article","og_title":"Hr\u0103nitoare iepuri 15cm - Modernteh","og_description":"Hr\u0103nitoare iepuri 15cm este conceput astfel \u00eenc\u00e2t prinderea hr\u0103nitoarei de cu\u0219c\u0103 s\u0103 fie eficient\u0103 iar hrana bine a\u0219ezata, iepurele hr\u0103nindu-se u\u0219or din ea","og_url":"https:\/\/modernteh.md\/ru\/catalog\/hranitoare-iepuri-15cm\/","og_site_name":"Modernteh","article_publisher":"https:\/\/www.facebook.com\/profile.php?id=100082695620019","article_modified_time":"2026-03-04T07:58:30+00:00","og_image":[{"width":500,"height":500,"url":"https:\/\/modernteh.md\/wp-content\/uploads\/2022\/11\/hranitoare-iepuri-12cm-500-500-500-500-500-500-500-500-500-500-500-500-500-500-500-500-500-500.jpg","type":"image\/jpeg"}],"twitter_card":"summary_large_image","twitter_misc":{"\u041f\u0440\u0438\u043c\u0435\u0440\u043d\u043e\u0435 \u0432\u0440\u0435\u043c\u044f \u0434\u043b\u044f \u0447\u0442\u0435\u043d\u0438\u044f":"1 \u043c\u0438\u043d\u0443\u0442\u0430"},"schema":{"@context":"https:\/\/schema.org","@graph":[{"@type":"WebPage","@id":"https:\/\/modernteh.md\/catalog\/hranitoare-iepuri-15cm\/","url":"https:\/\/modernteh.md\/catalog\/hranitoare-iepuri-15cm\/","name":"Hr\u0103nitoare iepuri 15cm - Modernteh","isPartOf":{"@id":"https:\/\/modernteh.md\/#website"},"datePublished":"2022-11-28T09:50:09+00:00","dateModified":"2026-03-04T07:58:30+00:00","description":"Hr\u0103nitoare iepuri 15cm este conceput astfel \u00eenc\u00e2t prinderea hr\u0103nitoarei de cu\u0219c\u0103 s\u0103 fie eficient\u0103 iar hrana bine a\u0219ezata, iepurele hr\u0103nindu-se u\u0219or din ea","breadcrumb":{"@id":"https:\/\/modernteh.md\/catalog\/hranitoare-iepuri-15cm\/#breadcrumb"},"inLanguage":"ru-RU","potentialAction":[{"@type":"ReadAction","target":["https:\/\/modernteh.md\/catalog\/hranitoare-iepuri-15cm\/"]}]},{"@type":"BreadcrumbList","@id":"https:\/\/modernteh.md\/catalog\/hranitoare-iepuri-15cm\/#breadcrumb","itemListElement":[{"@type":"ListItem","position":1,"name":"Prima pagin\u0103","item":"https:\/\/modernteh.md\/"},{"@type":"ListItem","position":2,"name":"Catalog","item":"https:\/\/modernteh.md\/catalog\/"},{"@type":"ListItem","position":3,"name":"Hr\u0103nitoare iepuri 15cm"}]},{"@type":"WebSite","@id":"https:\/\/modernteh.md\/#website","url":"https:\/\/modernteh.md\/","name":"Modernteh","description":"Modernteh","publisher":{"@id":"https:\/\/modernteh.md\/#organization"},"potentialAction":[{"@type":"SearchAction","target":{"@type":"EntryPoint","urlTemplate":"https:\/\/modernteh.md\/?s={search_term_string}"},"query-input":"required name=search_term_string"}],"inLanguage":"ru-RU"},{"@type":"Organization","@id":"https:\/\/modernteh.md\/#organization","name":"Modernteh","url":"https:\/\/modernteh.md\/","logo":{"@type":"ImageObject","inLanguage":"ru-RU","@id":"https:\/\/modernteh.md\/#\/schema\/logo\/image\/","url":"https:\/\/modernteh.md\/wp-content\/uploads\/2022\/06\/Logo_site-2.png","contentUrl":"https:\/\/modernteh.md\/wp-content\/uploads\/2022\/06\/Logo_site-2.png","width":500,"height":487,"caption":"Modernteh"},"image":{"@id":"https:\/\/modernteh.md\/#\/schema\/logo\/image\/"},"sameAs":["https:\/\/www.facebook.com\/profile.php?id=100082695620019"]}]}},"_links":{"self":[{"href":"https:\/\/modernteh.md\/ru\/wp-json\/wp\/v2\/product\/3169","targetHints":{"allow":["GET"]}}],"collection":[{"href":"https:\/\/modernteh.md\/ru\/wp-json\/wp\/v2\/product"}],"about":[{"href":"https:\/\/modernteh.md\/ru\/wp-json\/wp\/v2\/types\/product"}],"wp:featuredmedia":[{"embeddable":true,"href":"https:\/\/modernteh.md\/ru\/wp-json\/wp\/v2\/media\/3170"}],"wp:attachment":[{"href":"https:\/\/modernteh.md\/ru\/wp-json\/wp\/v2\/media?parent=3169"}],"wp:term":[{"taxonomy":"product_cat","embeddable":true,"href":"https:\/\/modernteh.md\/ru\/wp-json\/wp\/v2\/product_cat?post=3169"},{"taxonomy":"product_tag","embeddable":true,"href":"https:\/\/modernteh.md\/ru\/wp-json\/wp\/v2\/product_tag?post=3169"}],"curies":[{"name":"wp","href":"https:\/\/api.w.org\/{rel}","templated":true}]}}