{"id":3180,"date":"2022-12-06T12:21:52","date_gmt":"2022-12-06T12:21:52","guid":{"rendered":"https:\/\/modernteh.md\/?post_type=product&#038;p=3180"},"modified":"2023-12-14T15:03:28","modified_gmt":"2023-12-14T15:03:28","slug":"transportor-evacuare-dejectii-tch-2b","status":"publish","type":"product","link":"https:\/\/modernteh.md\/ru\/catalog\/transportor-evacuare-dejectii-tch-2b\/","title":{"rendered":"Transportor evacuare dejectii TCH-2B"},"content":{"rendered":"<p>Transportor evacuare dejectii TCH-2B este conceput pentru cur\u0103\u021barea mecanizat\u0103 a spa\u021biilor destinate p\u0103str\u0103rii animalelor. Caracteristicile tehnice ale mecanismului permit efectuarea a p\u00e2n\u0103 la trei cur\u0103\u021b\u0103ri de gunoi de grajd pe schimb. Transportorul este \u00eentre\u021binut de un singur operator. Designul lan\u021bului \u0219i al r\u0103zuitorilor v\u0103 permite s\u0103 \u00eendep\u0103rta\u021bi puroiul de orice grad de umiditate.<br \/>\nTransportor evacuare dejectii TCH-2B:<br \/>\nServeste 100-120 de capete de vite. Partea orizontal\u0103 \u00eendep\u0103rteaz\u0103 gunoiul de grajd direct din cl\u0103direa animalelor. TSN-2B este utilizat \u00een zone pentru \u00eendep\u0103rtarea gunoiului de grajd sub orice form\u0103, cu toate tipurile de a\u0219ternut sub form\u0103 de canale situate de-a lungul tarabelor de animale.<br \/>\nCARACTERISTICI TEHNICE TCH-2B:<br \/>\nIndex Alimentare \u00een mas\u0103 timp de 1 or\u0103 (t \/ h) nu mai pu\u021bin de 5,7<br \/>\nCompletitatea colect\u0103rii (%) nu mai pu\u021bin de 96<br \/>\nCapacitate instalat\u0103 (kW) 5,5 \u2013 6,2<br \/>\nViteza lan\u021bului transportorului (m \/ s):<br \/>\n\u2013 orizontal 0,18<br \/>\n\u2013 oblic 0,72<br \/>\nLungimea lan\u021bului transportorului (m):<br \/>\n\u2013 orizontal\u0103 160<br \/>\n\u2013 oblic 13<br \/>\nGreutate (kg) 2350<br \/>\nLan\u021b tip lamelar<br \/>\nUnghiul instal\u0103rii transportorului \u00eenclinat (grade) Nu mai mult de 30<br \/>\nNum\u0103r de animale (capete) deservite 100 \u2013 120<\/p>","protected":false},"excerpt":{"rendered":"<p>Transportor evacuare dejectii TCH-2B este conceput pentru cur\u0103\u021barea mecanizat\u0103 a spa\u021biilor destinate p\u0103str\u0103rii animalelor. Caracteristicile tehnice ale mecanismului permit efectuarea<\/p>","protected":false},"featured_media":3181,"template":"","meta":[],"product_cat":[180],"product_tag":[],"class_list":{"0":"post-3180","1":"product","2":"type-product","3":"status-publish","4":"has-post-thumbnail","6":"product_cat-transportor-evacuare-dejectii","8":"first","9":"outofstock","10":"shipping-taxable","11":"product-type-simple"},"yoast_head":"<!-- This site is optimized with the Yoast SEO plugin v20.12 - https:\/\/yoast.com\/wordpress\/plugins\/seo\/ -->\n<title>Transportor evacuare dejectii TCH-2B - Modernteh<\/title>\n<meta name=\"description\" content=\"Transportor evacuare dejectii TCH-2B este conceput pentru cur\u0103\u021barea mecanizat\u0103 a spa\u021biilor destinate p\u0103str\u0103rii animalelor.\" \/>\n<meta name=\"robots\" content=\"index, follow, max-snippet:-1, max-image-preview:large, max-video-preview:-1\" \/>\n<link rel=\"canonical\" href=\"https:\/\/modernteh.md\/ru\/catalog\/transportor-evacuare-dejectii-tch-2b\/\" \/>\n<meta property=\"og:locale\" content=\"ru_RU\" \/>\n<meta property=\"og:type\" content=\"article\" \/>\n<meta property=\"og:title\" content=\"Transportor evacuare dejectii TCH-2B - Modernteh\" \/>\n<meta property=\"og:description\" content=\"Transportor evacuare dejectii TCH-2B este conceput pentru cur\u0103\u021barea mecanizat\u0103 a spa\u021biilor destinate p\u0103str\u0103rii animalelor.\" \/>\n<meta property=\"og:url\" content=\"https:\/\/modernteh.md\/ru\/catalog\/transportor-evacuare-dejectii-tch-2b\/\" \/>\n<meta property=\"og:site_name\" content=\"Modernteh\" \/>\n<meta property=\"article:publisher\" content=\"https:\/\/www.facebook.com\/profile.php?id=100082695620019\" \/>\n<meta property=\"article:modified_time\" content=\"2023-12-14T15:03:28+00:00\" \/>\n<meta property=\"og:image\" content=\"https:\/\/modernteh.md\/wp-content\/uploads\/2022\/12\/transportor-evacuare-dejectii-TCH-2B.jpg\" \/>\n\t<meta property=\"og:image:width\" content=\"600\" \/>\n\t<meta property=\"og:image:height\" content=\"450\" \/>\n\t<meta property=\"og:image:type\" content=\"image\/jpeg\" \/>\n<meta name=\"twitter:card\" content=\"summary_large_image\" \/>\n<script type=\"application\/ld+json\" class=\"yoast-schema-graph\">{\"@context\":\"https:\/\/schema.org\",\"@graph\":[{\"@type\":\"WebPage\",\"@id\":\"https:\/\/modernteh.md\/catalog\/transportor-evacuare-dejectii-tch-2b\/\",\"url\":\"https:\/\/modernteh.md\/catalog\/transportor-evacuare-dejectii-tch-2b\/\",\"name\":\"Transportor evacuare dejectii TCH-2B - Modernteh\",\"isPartOf\":{\"@id\":\"https:\/\/modernteh.md\/#website\"},\"datePublished\":\"2022-12-06T12:21:52+00:00\",\"dateModified\":\"2023-12-14T15:03:28+00:00\",\"description\":\"Transportor evacuare dejectii TCH-2B este conceput pentru cur\u0103\u021barea mecanizat\u0103 a spa\u021biilor destinate p\u0103str\u0103rii animalelor.\",\"breadcrumb\":{\"@id\":\"https:\/\/modernteh.md\/catalog\/transportor-evacuare-dejectii-tch-2b\/#breadcrumb\"},\"inLanguage\":\"ru-RU\",\"potentialAction\":[{\"@type\":\"ReadAction\",\"target\":[\"https:\/\/modernteh.md\/catalog\/transportor-evacuare-dejectii-tch-2b\/\"]}]},{\"@type\":\"BreadcrumbList\",\"@id\":\"https:\/\/modernteh.md\/catalog\/transportor-evacuare-dejectii-tch-2b\/#breadcrumb\",\"itemListElement\":[{\"@type\":\"ListItem\",\"position\":1,\"name\":\"Prima pagin\u0103\",\"item\":\"https:\/\/modernteh.md\/\"},{\"@type\":\"ListItem\",\"position\":2,\"name\":\"Catalog\",\"item\":\"https:\/\/modernteh.md\/catalog\/\"},{\"@type\":\"ListItem\",\"position\":3,\"name\":\"Transportor evacuare dejectii TCH-2B\"}]},{\"@type\":\"WebSite\",\"@id\":\"https:\/\/modernteh.md\/#website\",\"url\":\"https:\/\/modernteh.md\/\",\"name\":\"Modernteh\",\"description\":\"Modernteh\",\"publisher\":{\"@id\":\"https:\/\/modernteh.md\/#organization\"},\"potentialAction\":[{\"@type\":\"SearchAction\",\"target\":{\"@type\":\"EntryPoint\",\"urlTemplate\":\"https:\/\/modernteh.md\/?s={search_term_string}\"},\"query-input\":\"required name=search_term_string\"}],\"inLanguage\":\"ru-RU\"},{\"@type\":\"Organization\",\"@id\":\"https:\/\/modernteh.md\/#organization\",\"name\":\"Modernteh\",\"url\":\"https:\/\/modernteh.md\/\",\"logo\":{\"@type\":\"ImageObject\",\"inLanguage\":\"ru-RU\",\"@id\":\"https:\/\/modernteh.md\/#\/schema\/logo\/image\/\",\"url\":\"https:\/\/modernteh.md\/wp-content\/uploads\/2022\/06\/Logo_site-2.png\",\"contentUrl\":\"https:\/\/modernteh.md\/wp-content\/uploads\/2022\/06\/Logo_site-2.png\",\"width\":500,\"height\":487,\"caption\":\"Modernteh\"},\"image\":{\"@id\":\"https:\/\/modernteh.md\/#\/schema\/logo\/image\/\"},\"sameAs\":[\"https:\/\/www.facebook.com\/profile.php?id=100082695620019\"]}]}<\/script>\n<!-- \/ Yoast SEO plugin. -->","yoast_head_json":{"title":"Transportor evacuare dejectii TCH-2B - Modernteh","description":"Transportor evacuare dejectii TCH-2B este conceput pentru cur\u0103\u021barea mecanizat\u0103 a spa\u021biilor destinate p\u0103str\u0103rii animalelor.","robots":{"index":"index","follow":"follow","max-snippet":"max-snippet:-1","max-image-preview":"max-image-preview:large","max-video-preview":"max-video-preview:-1"},"canonical":"https:\/\/modernteh.md\/ru\/catalog\/transportor-evacuare-dejectii-tch-2b\/","og_locale":"ru_RU","og_type":"article","og_title":"Transportor evacuare dejectii TCH-2B - Modernteh","og_description":"Transportor evacuare dejectii TCH-2B este conceput pentru cur\u0103\u021barea mecanizat\u0103 a spa\u021biilor destinate p\u0103str\u0103rii animalelor.","og_url":"https:\/\/modernteh.md\/ru\/catalog\/transportor-evacuare-dejectii-tch-2b\/","og_site_name":"Modernteh","article_publisher":"https:\/\/www.facebook.com\/profile.php?id=100082695620019","article_modified_time":"2023-12-14T15:03:28+00:00","og_image":[{"width":600,"height":450,"url":"https:\/\/modernteh.md\/wp-content\/uploads\/2022\/12\/transportor-evacuare-dejectii-TCH-2B.jpg","type":"image\/jpeg"}],"twitter_card":"summary_large_image","schema":{"@context":"https:\/\/schema.org","@graph":[{"@type":"WebPage","@id":"https:\/\/modernteh.md\/catalog\/transportor-evacuare-dejectii-tch-2b\/","url":"https:\/\/modernteh.md\/catalog\/transportor-evacuare-dejectii-tch-2b\/","name":"Transportor evacuare dejectii TCH-2B - Modernteh","isPartOf":{"@id":"https:\/\/modernteh.md\/#website"},"datePublished":"2022-12-06T12:21:52+00:00","dateModified":"2023-12-14T15:03:28+00:00","description":"Transportor evacuare dejectii TCH-2B este conceput pentru cur\u0103\u021barea mecanizat\u0103 a spa\u021biilor destinate p\u0103str\u0103rii animalelor.","breadcrumb":{"@id":"https:\/\/modernteh.md\/catalog\/transportor-evacuare-dejectii-tch-2b\/#breadcrumb"},"inLanguage":"ru-RU","potentialAction":[{"@type":"ReadAction","target":["https:\/\/modernteh.md\/catalog\/transportor-evacuare-dejectii-tch-2b\/"]}]},{"@type":"BreadcrumbList","@id":"https:\/\/modernteh.md\/catalog\/transportor-evacuare-dejectii-tch-2b\/#breadcrumb","itemListElement":[{"@type":"ListItem","position":1,"name":"Prima pagin\u0103","item":"https:\/\/modernteh.md\/"},{"@type":"ListItem","position":2,"name":"Catalog","item":"https:\/\/modernteh.md\/catalog\/"},{"@type":"ListItem","position":3,"name":"Transportor evacuare dejectii TCH-2B"}]},{"@type":"WebSite","@id":"https:\/\/modernteh.md\/#website","url":"https:\/\/modernteh.md\/","name":"Modernteh","description":"Modernteh","publisher":{"@id":"https:\/\/modernteh.md\/#organization"},"potentialAction":[{"@type":"SearchAction","target":{"@type":"EntryPoint","urlTemplate":"https:\/\/modernteh.md\/?s={search_term_string}"},"query-input":"required name=search_term_string"}],"inLanguage":"ru-RU"},{"@type":"Organization","@id":"https:\/\/modernteh.md\/#organization","name":"Modernteh","url":"https:\/\/modernteh.md\/","logo":{"@type":"ImageObject","inLanguage":"ru-RU","@id":"https:\/\/modernteh.md\/#\/schema\/logo\/image\/","url":"https:\/\/modernteh.md\/wp-content\/uploads\/2022\/06\/Logo_site-2.png","contentUrl":"https:\/\/modernteh.md\/wp-content\/uploads\/2022\/06\/Logo_site-2.png","width":500,"height":487,"caption":"Modernteh"},"image":{"@id":"https:\/\/modernteh.md\/#\/schema\/logo\/image\/"},"sameAs":["https:\/\/www.facebook.com\/profile.php?id=100082695620019"]}]}},"_links":{"self":[{"href":"https:\/\/modernteh.md\/ru\/wp-json\/wp\/v2\/product\/3180","targetHints":{"allow":["GET"]}}],"collection":[{"href":"https:\/\/modernteh.md\/ru\/wp-json\/wp\/v2\/product"}],"about":[{"href":"https:\/\/modernteh.md\/ru\/wp-json\/wp\/v2\/types\/product"}],"wp:featuredmedia":[{"embeddable":true,"href":"https:\/\/modernteh.md\/ru\/wp-json\/wp\/v2\/media\/3181"}],"wp:attachment":[{"href":"https:\/\/modernteh.md\/ru\/wp-json\/wp\/v2\/media?parent=3180"}],"wp:term":[{"taxonomy":"product_cat","embeddable":true,"href":"https:\/\/modernteh.md\/ru\/wp-json\/wp\/v2\/product_cat?post=3180"},{"taxonomy":"product_tag","embeddable":true,"href":"https:\/\/modernteh.md\/ru\/wp-json\/wp\/v2\/product_tag?post=3180"}],"curies":[{"name":"wp","href":"https:\/\/api.w.org\/{rel}","templated":true}]}}