{"id":3186,"date":"2022-12-07T08:23:44","date_gmt":"2022-12-07T08:23:44","guid":{"rendered":"https:\/\/modernteh.md\/?post_type=product&#038;p=3186"},"modified":"2023-12-14T15:03:28","modified_gmt":"2023-12-14T15:03:28","slug":"transportor-evacuare-dejectii-tch-160","status":"publish","type":"product","link":"https:\/\/modernteh.md\/ru\/catalog\/transportor-evacuare-dejectii-tch-160\/","title":{"rendered":"Transportor evacuare dejectii TCH-160"},"content":{"rendered":"<p>Transportor evacuare dejectii TCH-160 Acest tip de transportor cu raclet este conceput pentru a \u00eendep\u0103rta gunoiul de grajd pentru p\u0103strarea vitelor. O astfel de mecanizare a procesului de \u00eendep\u0103rtare a gunoiului de grajd permite cur\u0103\u021barea de dou\u0103 ori \u00een timpul zilei prin eforturile unui singur operator<br \/>\nExist\u0103 dou\u0103 modific\u0103ri ale transportorului cu raclet TCH-160:<br \/>\ntransportor pentru gunoi de grajd TCH-160A \u2013 R\u0103zuitorul este ata\u0219at la lan\u021b de jos sau de sus cu dou\u0103 \u0219uruburi;<br \/>\ntransportor de gunoi de grajd TCH-160B \u2013 R\u0103zuitorul este ata\u0219at la lan\u021b din lateral cu un singur \u0219urub. Aceast\u0103 conexiune se nume\u0219te plutitoare.<\/p>\n<p>BAND\u0102 TRANSPORT\u0102 TCH-160A-B<br \/>\nserve\u0219te 100-110 capete de vite.<br \/>\nCARACTERISTICI TEHNICE TCH-160A-B<br \/>\nIndex Alimentare \u00een mas\u0103 pentru 1 or\u0103 de func\u021bionare, (t \/ h) Nu mai pu\u021bin de 5,7<br \/>\nCompletitatea colec\u021biei (%) Nu mai pu\u021bin de 96<br \/>\nCapacitate instalat\u0103 (kW) 5,5 \u2013 6,2<br \/>\nViteza lan\u021bului transportorului (m \/ s):<br \/>\n\u2013 orizontal 0,18<br \/>\n\u2013 vertical 0,72<br \/>\nLungimea lan\u021bului transportorului (m):<br \/>\n\u2013 orizontal\u0103 160<br \/>\n\u2013 vertical 13<br \/>\nGreutate (kg) 2000<br \/>\nTransportor evacuare dejectii TCH-160<br \/>\nUnghiul instal\u0103rii transportorului \u00eenclinat (grade) nu mai mult de 30<br \/>\nAlimentare \u00een mas\u0103 \u00een 1:00 (t \/ h) Nu mai pu\u021bin de 5,7 Completitatea colect\u0103rii (%) Nu mai pu\u021bin de 96 Putere instalat\u0103 (kW) 5,5 \u2013 6,2 Viteza lan\u021bului transportor (m \/ s) \u2022 orizontal 0,18 \u2022 v\u00e2rstnic 0,72 Lungimea conturului lan\u021bului transportorului (m) \u2022 orizontal 160 \u2022 v\u00e2rstnic 13 Greutate, (kg) 2000 Tipul ancorei lan\u021bului Unghiul de instalare al transportorului \u00eenclinat (grade) nu mai mult de 30 Num\u0103rul de animale (capete) de \u00eentre\u021binere 100 \u2013 110<\/p>","protected":false},"excerpt":{"rendered":"<p>Transportor evacuare dejectii TCH-160 Acest tip de transportor cu raclet este conceput pentru a \u00eendep\u0103rta gunoiul de grajd pentru p\u0103strarea<\/p>","protected":false},"featured_media":3187,"template":"","meta":[],"product_cat":[180],"product_tag":[],"class_list":{"0":"post-3186","1":"product","2":"type-product","3":"status-publish","4":"has-post-thumbnail","6":"product_cat-transportor-evacuare-dejectii","8":"first","9":"outofstock","10":"shipping-taxable","11":"product-type-simple"},"yoast_head":"<!-- This site is optimized with the Yoast SEO plugin v20.12 - https:\/\/yoast.com\/wordpress\/plugins\/seo\/ -->\n<title>Transportor evacuare dejectii TCH-160 - Modernteh<\/title>\n<meta name=\"description\" content=\"Transportor evacuare dejectii TCH-160 Acest tip de transportor cu raclet este conceput pentru a \u00eendep\u0103rta gunoiul de grajd pentru p\u0103strarea vitelor\" \/>\n<meta name=\"robots\" content=\"index, follow, max-snippet:-1, max-image-preview:large, max-video-preview:-1\" \/>\n<link rel=\"canonical\" href=\"https:\/\/modernteh.md\/ru\/catalog\/transportor-evacuare-dejectii-tch-160\/\" \/>\n<meta property=\"og:locale\" content=\"ru_RU\" \/>\n<meta property=\"og:type\" content=\"article\" \/>\n<meta property=\"og:title\" content=\"Transportor evacuare dejectii TCH-160 - Modernteh\" \/>\n<meta property=\"og:description\" content=\"Transportor evacuare dejectii TCH-160 Acest tip de transportor cu raclet este conceput pentru a \u00eendep\u0103rta gunoiul de grajd pentru p\u0103strarea vitelor\" \/>\n<meta property=\"og:url\" content=\"https:\/\/modernteh.md\/ru\/catalog\/transportor-evacuare-dejectii-tch-160\/\" \/>\n<meta property=\"og:site_name\" content=\"Modernteh\" \/>\n<meta property=\"article:publisher\" content=\"https:\/\/www.facebook.com\/profile.php?id=100082695620019\" \/>\n<meta property=\"article:modified_time\" content=\"2023-12-14T15:03:28+00:00\" \/>\n<meta property=\"og:image\" content=\"https:\/\/modernteh.md\/wp-content\/uploads\/2022\/12\/Transportor-evacuare-dejectii-TCH-160.jpg\" \/>\n\t<meta property=\"og:image:width\" content=\"800\" \/>\n\t<meta property=\"og:image:height\" content=\"800\" \/>\n\t<meta property=\"og:image:type\" content=\"image\/jpeg\" \/>\n<meta name=\"twitter:card\" content=\"summary_large_image\" \/>\n<script type=\"application\/ld+json\" class=\"yoast-schema-graph\">{\"@context\":\"https:\/\/schema.org\",\"@graph\":[{\"@type\":\"WebPage\",\"@id\":\"https:\/\/modernteh.md\/catalog\/transportor-evacuare-dejectii-tch-160\/\",\"url\":\"https:\/\/modernteh.md\/catalog\/transportor-evacuare-dejectii-tch-160\/\",\"name\":\"Transportor evacuare dejectii TCH-160 - Modernteh\",\"isPartOf\":{\"@id\":\"https:\/\/modernteh.md\/#website\"},\"datePublished\":\"2022-12-07T08:23:44+00:00\",\"dateModified\":\"2023-12-14T15:03:28+00:00\",\"description\":\"Transportor evacuare dejectii TCH-160 Acest tip de transportor cu raclet este conceput pentru a \u00eendep\u0103rta gunoiul de grajd pentru p\u0103strarea vitelor\",\"breadcrumb\":{\"@id\":\"https:\/\/modernteh.md\/catalog\/transportor-evacuare-dejectii-tch-160\/#breadcrumb\"},\"inLanguage\":\"ru-RU\",\"potentialAction\":[{\"@type\":\"ReadAction\",\"target\":[\"https:\/\/modernteh.md\/catalog\/transportor-evacuare-dejectii-tch-160\/\"]}]},{\"@type\":\"BreadcrumbList\",\"@id\":\"https:\/\/modernteh.md\/catalog\/transportor-evacuare-dejectii-tch-160\/#breadcrumb\",\"itemListElement\":[{\"@type\":\"ListItem\",\"position\":1,\"name\":\"Prima pagin\u0103\",\"item\":\"https:\/\/modernteh.md\/\"},{\"@type\":\"ListItem\",\"position\":2,\"name\":\"Catalog\",\"item\":\"https:\/\/modernteh.md\/catalog\/\"},{\"@type\":\"ListItem\",\"position\":3,\"name\":\"Transportor evacuare dejectii TCH-160\"}]},{\"@type\":\"WebSite\",\"@id\":\"https:\/\/modernteh.md\/#website\",\"url\":\"https:\/\/modernteh.md\/\",\"name\":\"Modernteh\",\"description\":\"Modernteh\",\"publisher\":{\"@id\":\"https:\/\/modernteh.md\/#organization\"},\"potentialAction\":[{\"@type\":\"SearchAction\",\"target\":{\"@type\":\"EntryPoint\",\"urlTemplate\":\"https:\/\/modernteh.md\/?s={search_term_string}\"},\"query-input\":\"required name=search_term_string\"}],\"inLanguage\":\"ru-RU\"},{\"@type\":\"Organization\",\"@id\":\"https:\/\/modernteh.md\/#organization\",\"name\":\"Modernteh\",\"url\":\"https:\/\/modernteh.md\/\",\"logo\":{\"@type\":\"ImageObject\",\"inLanguage\":\"ru-RU\",\"@id\":\"https:\/\/modernteh.md\/#\/schema\/logo\/image\/\",\"url\":\"https:\/\/modernteh.md\/wp-content\/uploads\/2022\/06\/Logo_site-2.png\",\"contentUrl\":\"https:\/\/modernteh.md\/wp-content\/uploads\/2022\/06\/Logo_site-2.png\",\"width\":500,\"height\":487,\"caption\":\"Modernteh\"},\"image\":{\"@id\":\"https:\/\/modernteh.md\/#\/schema\/logo\/image\/\"},\"sameAs\":[\"https:\/\/www.facebook.com\/profile.php?id=100082695620019\"]}]}<\/script>\n<!-- \/ Yoast SEO plugin. -->","yoast_head_json":{"title":"Transportor evacuare dejectii TCH-160 - Modernteh","description":"Transportor evacuare dejectii TCH-160 Acest tip de transportor cu raclet este conceput pentru a \u00eendep\u0103rta gunoiul de grajd pentru p\u0103strarea vitelor","robots":{"index":"index","follow":"follow","max-snippet":"max-snippet:-1","max-image-preview":"max-image-preview:large","max-video-preview":"max-video-preview:-1"},"canonical":"https:\/\/modernteh.md\/ru\/catalog\/transportor-evacuare-dejectii-tch-160\/","og_locale":"ru_RU","og_type":"article","og_title":"Transportor evacuare dejectii TCH-160 - Modernteh","og_description":"Transportor evacuare dejectii TCH-160 Acest tip de transportor cu raclet este conceput pentru a \u00eendep\u0103rta gunoiul de grajd pentru p\u0103strarea vitelor","og_url":"https:\/\/modernteh.md\/ru\/catalog\/transportor-evacuare-dejectii-tch-160\/","og_site_name":"Modernteh","article_publisher":"https:\/\/www.facebook.com\/profile.php?id=100082695620019","article_modified_time":"2023-12-14T15:03:28+00:00","og_image":[{"width":800,"height":800,"url":"https:\/\/modernteh.md\/wp-content\/uploads\/2022\/12\/Transportor-evacuare-dejectii-TCH-160.jpg","type":"image\/jpeg"}],"twitter_card":"summary_large_image","schema":{"@context":"https:\/\/schema.org","@graph":[{"@type":"WebPage","@id":"https:\/\/modernteh.md\/catalog\/transportor-evacuare-dejectii-tch-160\/","url":"https:\/\/modernteh.md\/catalog\/transportor-evacuare-dejectii-tch-160\/","name":"Transportor evacuare dejectii TCH-160 - Modernteh","isPartOf":{"@id":"https:\/\/modernteh.md\/#website"},"datePublished":"2022-12-07T08:23:44+00:00","dateModified":"2023-12-14T15:03:28+00:00","description":"Transportor evacuare dejectii TCH-160 Acest tip de transportor cu raclet este conceput pentru a \u00eendep\u0103rta gunoiul de grajd pentru p\u0103strarea vitelor","breadcrumb":{"@id":"https:\/\/modernteh.md\/catalog\/transportor-evacuare-dejectii-tch-160\/#breadcrumb"},"inLanguage":"ru-RU","potentialAction":[{"@type":"ReadAction","target":["https:\/\/modernteh.md\/catalog\/transportor-evacuare-dejectii-tch-160\/"]}]},{"@type":"BreadcrumbList","@id":"https:\/\/modernteh.md\/catalog\/transportor-evacuare-dejectii-tch-160\/#breadcrumb","itemListElement":[{"@type":"ListItem","position":1,"name":"Prima pagin\u0103","item":"https:\/\/modernteh.md\/"},{"@type":"ListItem","position":2,"name":"Catalog","item":"https:\/\/modernteh.md\/catalog\/"},{"@type":"ListItem","position":3,"name":"Transportor evacuare dejectii TCH-160"}]},{"@type":"WebSite","@id":"https:\/\/modernteh.md\/#website","url":"https:\/\/modernteh.md\/","name":"Modernteh","description":"Modernteh","publisher":{"@id":"https:\/\/modernteh.md\/#organization"},"potentialAction":[{"@type":"SearchAction","target":{"@type":"EntryPoint","urlTemplate":"https:\/\/modernteh.md\/?s={search_term_string}"},"query-input":"required name=search_term_string"}],"inLanguage":"ru-RU"},{"@type":"Organization","@id":"https:\/\/modernteh.md\/#organization","name":"Modernteh","url":"https:\/\/modernteh.md\/","logo":{"@type":"ImageObject","inLanguage":"ru-RU","@id":"https:\/\/modernteh.md\/#\/schema\/logo\/image\/","url":"https:\/\/modernteh.md\/wp-content\/uploads\/2022\/06\/Logo_site-2.png","contentUrl":"https:\/\/modernteh.md\/wp-content\/uploads\/2022\/06\/Logo_site-2.png","width":500,"height":487,"caption":"Modernteh"},"image":{"@id":"https:\/\/modernteh.md\/#\/schema\/logo\/image\/"},"sameAs":["https:\/\/www.facebook.com\/profile.php?id=100082695620019"]}]}},"_links":{"self":[{"href":"https:\/\/modernteh.md\/ru\/wp-json\/wp\/v2\/product\/3186","targetHints":{"allow":["GET"]}}],"collection":[{"href":"https:\/\/modernteh.md\/ru\/wp-json\/wp\/v2\/product"}],"about":[{"href":"https:\/\/modernteh.md\/ru\/wp-json\/wp\/v2\/types\/product"}],"wp:featuredmedia":[{"embeddable":true,"href":"https:\/\/modernteh.md\/ru\/wp-json\/wp\/v2\/media\/3187"}],"wp:attachment":[{"href":"https:\/\/modernteh.md\/ru\/wp-json\/wp\/v2\/media?parent=3186"}],"wp:term":[{"taxonomy":"product_cat","embeddable":true,"href":"https:\/\/modernteh.md\/ru\/wp-json\/wp\/v2\/product_cat?post=3186"},{"taxonomy":"product_tag","embeddable":true,"href":"https:\/\/modernteh.md\/ru\/wp-json\/wp\/v2\/product_tag?post=3186"}],"curies":[{"name":"wp","href":"https:\/\/api.w.org\/{rel}","templated":true}]}}