{"id":3191,"date":"2022-12-07T08:27:08","date_gmt":"2022-12-07T08:27:08","guid":{"rendered":"https:\/\/modernteh.md\/?post_type=product&#038;p=3191"},"modified":"2023-12-14T15:03:28","modified_gmt":"2023-12-14T15:03:28","slug":"transportor-evacuare-dejectii-delta-dsu-170","status":"publish","type":"product","link":"https:\/\/modernteh.md\/ru\/catalog\/transportor-evacuare-dejectii-delta-dsu-170\/","title":{"rendered":"Transportor evacuare dejectii Delta DSU-170"},"content":{"rendered":"<p>Transportor evacuare dejectii Delta DSU-170 este un echipament destul de comun pentru procesul de \u00eendep\u0103rtare a gunoiului de grajd. Spre deosebire de transportoarele de tip TCH, care sunt utilizate \u00een grajduri, unitatea delta-DSU170 este conceput\u0103 pentru cur\u0103\u021barea locurilor \u00een care animalele sunt \u021binute f\u0103r\u0103 les\u0103.<br \/>\nDesignul unit\u0103\u021bii de r\u0103zuire delta DSU-170 este conceput pentru func\u021bionarea \u00een \u00eenc\u0103peri de p\u00e2n\u0103 la 80 de metri lungime. Temperatura camerei trebuie s\u0103 fie pozitiv\u0103 pentru a evita \u00eenghe\u021barea gunoiului de grajd. R\u0103zuitorul delta poate fi montat at\u00e2t pe culoarul central, c\u00e2t \u0219i la capetele fermei. Modurile de func\u021bionare a mi\u0219c\u0103rii elementelor de cur\u0103\u021bare sunt proiectate \u021bin\u00e2nd seama de cea mai \u00eenalt\u0103 siguran\u021b\u0103 a animalelor.<\/p>\n<p>CARACTERISTICI TEHNICE Transportor evacuare dejectii Delta DSU-170<br \/>\nTipul transportorului Delta Ac\u021biune sta\u021bionar\u0103, alternativ\u0103<br \/>\nPutere (kW) 1.5<br \/>\nLungimea conturului (m) 170<br \/>\nAcoperire (m) 1,8 p\u00e2n\u0103 la 3,0<br \/>\nDimensiunea canalului de gunoi de grajd:<br \/>\n\u2013 l\u0103\u021bime (mm) de la 1800 la 3000<br \/>\n\u2013 ad\u00e2ncime (mm) 200<br \/>\nViteza corpului de lucru (m per 1min.) 5.1<br \/>\nDurata de via\u021b\u0103 7 ani<br \/>\nNum\u0103r de animale 80-120<br \/>\nPersonalul de serviciu 1 persoan\u0103<br \/>\nRaportul de transmisie al reductorului 278<br \/>\nGreutate (kg) 1150<br \/>\nDimensiunile echipamentului (m3) 1.5<\/p>","protected":false},"excerpt":{"rendered":"<p>Transportor evacuare dejectii Delta DSU-170 este un echipament destul de comun pentru procesul de \u00eendep\u0103rtare a gunoiului de grajd. Spre<\/p>","protected":false},"featured_media":3192,"template":"","meta":[],"product_cat":[180],"product_tag":[],"class_list":{"0":"post-3191","1":"product","2":"type-product","3":"status-publish","4":"has-post-thumbnail","6":"product_cat-transportor-evacuare-dejectii","8":"first","9":"outofstock","10":"shipping-taxable","11":"product-type-simple"},"yoast_head":"<!-- This site is optimized with the Yoast SEO plugin v20.12 - https:\/\/yoast.com\/wordpress\/plugins\/seo\/ -->\n<title>Transportor evacuare dejectii Delta DSU-170 - Modernteh<\/title>\n<meta name=\"description\" content=\"Transportor evacuare dejectii Delta DSU-170 este un echipament destul de comun pentru procesul de \u00eendep\u0103rtare a gunoiului de grajd\" \/>\n<meta name=\"robots\" content=\"index, follow, max-snippet:-1, max-image-preview:large, max-video-preview:-1\" \/>\n<link rel=\"canonical\" href=\"https:\/\/modernteh.md\/ru\/catalog\/transportor-evacuare-dejectii-delta-dsu-170\/\" \/>\n<meta property=\"og:locale\" content=\"ru_RU\" \/>\n<meta property=\"og:type\" content=\"article\" \/>\n<meta property=\"og:title\" content=\"Transportor evacuare dejectii Delta DSU-170 - Modernteh\" \/>\n<meta property=\"og:description\" content=\"Transportor evacuare dejectii Delta DSU-170 este un echipament destul de comun pentru procesul de \u00eendep\u0103rtare a gunoiului de grajd\" \/>\n<meta property=\"og:url\" content=\"https:\/\/modernteh.md\/ru\/catalog\/transportor-evacuare-dejectii-delta-dsu-170\/\" \/>\n<meta property=\"og:site_name\" content=\"Modernteh\" \/>\n<meta property=\"article:publisher\" content=\"https:\/\/www.facebook.com\/profile.php?id=100082695620019\" \/>\n<meta property=\"article:modified_time\" content=\"2023-12-14T15:03:28+00:00\" \/>\n<meta property=\"og:image\" content=\"https:\/\/modernteh.md\/wp-content\/uploads\/2022\/12\/Transportor-evacuare-dejectii-Delta-DSU-170.jpg\" \/>\n\t<meta property=\"og:image:width\" content=\"1500\" \/>\n\t<meta property=\"og:image:height\" content=\"1125\" \/>\n\t<meta property=\"og:image:type\" content=\"image\/jpeg\" \/>\n<meta name=\"twitter:card\" content=\"summary_large_image\" \/>\n<meta name=\"twitter:label1\" content=\"\u041f\u0440\u0438\u043c\u0435\u0440\u043d\u043e\u0435 \u0432\u0440\u0435\u043c\u044f \u0434\u043b\u044f \u0447\u0442\u0435\u043d\u0438\u044f\" \/>\n\t<meta name=\"twitter:data1\" content=\"2 \u043c\u0438\u043d\u0443\u0442\u044b\" \/>\n<script type=\"application\/ld+json\" class=\"yoast-schema-graph\">{\"@context\":\"https:\/\/schema.org\",\"@graph\":[{\"@type\":\"WebPage\",\"@id\":\"https:\/\/modernteh.md\/catalog\/transportor-evacuare-dejectii-delta-dsu-170\/\",\"url\":\"https:\/\/modernteh.md\/catalog\/transportor-evacuare-dejectii-delta-dsu-170\/\",\"name\":\"Transportor evacuare dejectii Delta DSU-170 - Modernteh\",\"isPartOf\":{\"@id\":\"https:\/\/modernteh.md\/#website\"},\"datePublished\":\"2022-12-07T08:27:08+00:00\",\"dateModified\":\"2023-12-14T15:03:28+00:00\",\"description\":\"Transportor evacuare dejectii Delta DSU-170 este un echipament destul de comun pentru procesul de \u00eendep\u0103rtare a gunoiului de grajd\",\"breadcrumb\":{\"@id\":\"https:\/\/modernteh.md\/catalog\/transportor-evacuare-dejectii-delta-dsu-170\/#breadcrumb\"},\"inLanguage\":\"ru-RU\",\"potentialAction\":[{\"@type\":\"ReadAction\",\"target\":[\"https:\/\/modernteh.md\/catalog\/transportor-evacuare-dejectii-delta-dsu-170\/\"]}]},{\"@type\":\"BreadcrumbList\",\"@id\":\"https:\/\/modernteh.md\/catalog\/transportor-evacuare-dejectii-delta-dsu-170\/#breadcrumb\",\"itemListElement\":[{\"@type\":\"ListItem\",\"position\":1,\"name\":\"Prima pagin\u0103\",\"item\":\"https:\/\/modernteh.md\/\"},{\"@type\":\"ListItem\",\"position\":2,\"name\":\"Catalog\",\"item\":\"https:\/\/modernteh.md\/catalog\/\"},{\"@type\":\"ListItem\",\"position\":3,\"name\":\"Transportor evacuare dejectii Delta DSU-170\"}]},{\"@type\":\"WebSite\",\"@id\":\"https:\/\/modernteh.md\/#website\",\"url\":\"https:\/\/modernteh.md\/\",\"name\":\"Modernteh\",\"description\":\"Modernteh\",\"publisher\":{\"@id\":\"https:\/\/modernteh.md\/#organization\"},\"potentialAction\":[{\"@type\":\"SearchAction\",\"target\":{\"@type\":\"EntryPoint\",\"urlTemplate\":\"https:\/\/modernteh.md\/?s={search_term_string}\"},\"query-input\":\"required name=search_term_string\"}],\"inLanguage\":\"ru-RU\"},{\"@type\":\"Organization\",\"@id\":\"https:\/\/modernteh.md\/#organization\",\"name\":\"Modernteh\",\"url\":\"https:\/\/modernteh.md\/\",\"logo\":{\"@type\":\"ImageObject\",\"inLanguage\":\"ru-RU\",\"@id\":\"https:\/\/modernteh.md\/#\/schema\/logo\/image\/\",\"url\":\"https:\/\/modernteh.md\/wp-content\/uploads\/2022\/06\/Logo_site-2.png\",\"contentUrl\":\"https:\/\/modernteh.md\/wp-content\/uploads\/2022\/06\/Logo_site-2.png\",\"width\":500,\"height\":487,\"caption\":\"Modernteh\"},\"image\":{\"@id\":\"https:\/\/modernteh.md\/#\/schema\/logo\/image\/\"},\"sameAs\":[\"https:\/\/www.facebook.com\/profile.php?id=100082695620019\"]}]}<\/script>\n<!-- \/ Yoast SEO plugin. -->","yoast_head_json":{"title":"Transportor evacuare dejectii Delta DSU-170 - Modernteh","description":"Transportor evacuare dejectii Delta DSU-170 este un echipament destul de comun pentru procesul de \u00eendep\u0103rtare a gunoiului de grajd","robots":{"index":"index","follow":"follow","max-snippet":"max-snippet:-1","max-image-preview":"max-image-preview:large","max-video-preview":"max-video-preview:-1"},"canonical":"https:\/\/modernteh.md\/ru\/catalog\/transportor-evacuare-dejectii-delta-dsu-170\/","og_locale":"ru_RU","og_type":"article","og_title":"Transportor evacuare dejectii Delta DSU-170 - Modernteh","og_description":"Transportor evacuare dejectii Delta DSU-170 este un echipament destul de comun pentru procesul de \u00eendep\u0103rtare a gunoiului de grajd","og_url":"https:\/\/modernteh.md\/ru\/catalog\/transportor-evacuare-dejectii-delta-dsu-170\/","og_site_name":"Modernteh","article_publisher":"https:\/\/www.facebook.com\/profile.php?id=100082695620019","article_modified_time":"2023-12-14T15:03:28+00:00","og_image":[{"width":1500,"height":1125,"url":"https:\/\/modernteh.md\/wp-content\/uploads\/2022\/12\/Transportor-evacuare-dejectii-Delta-DSU-170.jpg","type":"image\/jpeg"}],"twitter_card":"summary_large_image","twitter_misc":{"\u041f\u0440\u0438\u043c\u0435\u0440\u043d\u043e\u0435 \u0432\u0440\u0435\u043c\u044f \u0434\u043b\u044f \u0447\u0442\u0435\u043d\u0438\u044f":"2 \u043c\u0438\u043d\u0443\u0442\u044b"},"schema":{"@context":"https:\/\/schema.org","@graph":[{"@type":"WebPage","@id":"https:\/\/modernteh.md\/catalog\/transportor-evacuare-dejectii-delta-dsu-170\/","url":"https:\/\/modernteh.md\/catalog\/transportor-evacuare-dejectii-delta-dsu-170\/","name":"Transportor evacuare dejectii Delta DSU-170 - Modernteh","isPartOf":{"@id":"https:\/\/modernteh.md\/#website"},"datePublished":"2022-12-07T08:27:08+00:00","dateModified":"2023-12-14T15:03:28+00:00","description":"Transportor evacuare dejectii Delta DSU-170 este un echipament destul de comun pentru procesul de \u00eendep\u0103rtare a gunoiului de grajd","breadcrumb":{"@id":"https:\/\/modernteh.md\/catalog\/transportor-evacuare-dejectii-delta-dsu-170\/#breadcrumb"},"inLanguage":"ru-RU","potentialAction":[{"@type":"ReadAction","target":["https:\/\/modernteh.md\/catalog\/transportor-evacuare-dejectii-delta-dsu-170\/"]}]},{"@type":"BreadcrumbList","@id":"https:\/\/modernteh.md\/catalog\/transportor-evacuare-dejectii-delta-dsu-170\/#breadcrumb","itemListElement":[{"@type":"ListItem","position":1,"name":"Prima pagin\u0103","item":"https:\/\/modernteh.md\/"},{"@type":"ListItem","position":2,"name":"Catalog","item":"https:\/\/modernteh.md\/catalog\/"},{"@type":"ListItem","position":3,"name":"Transportor evacuare dejectii Delta DSU-170"}]},{"@type":"WebSite","@id":"https:\/\/modernteh.md\/#website","url":"https:\/\/modernteh.md\/","name":"Modernteh","description":"Modernteh","publisher":{"@id":"https:\/\/modernteh.md\/#organization"},"potentialAction":[{"@type":"SearchAction","target":{"@type":"EntryPoint","urlTemplate":"https:\/\/modernteh.md\/?s={search_term_string}"},"query-input":"required name=search_term_string"}],"inLanguage":"ru-RU"},{"@type":"Organization","@id":"https:\/\/modernteh.md\/#organization","name":"Modernteh","url":"https:\/\/modernteh.md\/","logo":{"@type":"ImageObject","inLanguage":"ru-RU","@id":"https:\/\/modernteh.md\/#\/schema\/logo\/image\/","url":"https:\/\/modernteh.md\/wp-content\/uploads\/2022\/06\/Logo_site-2.png","contentUrl":"https:\/\/modernteh.md\/wp-content\/uploads\/2022\/06\/Logo_site-2.png","width":500,"height":487,"caption":"Modernteh"},"image":{"@id":"https:\/\/modernteh.md\/#\/schema\/logo\/image\/"},"sameAs":["https:\/\/www.facebook.com\/profile.php?id=100082695620019"]}]}},"_links":{"self":[{"href":"https:\/\/modernteh.md\/ru\/wp-json\/wp\/v2\/product\/3191","targetHints":{"allow":["GET"]}}],"collection":[{"href":"https:\/\/modernteh.md\/ru\/wp-json\/wp\/v2\/product"}],"about":[{"href":"https:\/\/modernteh.md\/ru\/wp-json\/wp\/v2\/types\/product"}],"wp:featuredmedia":[{"embeddable":true,"href":"https:\/\/modernteh.md\/ru\/wp-json\/wp\/v2\/media\/3192"}],"wp:attachment":[{"href":"https:\/\/modernteh.md\/ru\/wp-json\/wp\/v2\/media?parent=3191"}],"wp:term":[{"taxonomy":"product_cat","embeddable":true,"href":"https:\/\/modernteh.md\/ru\/wp-json\/wp\/v2\/product_cat?post=3191"},{"taxonomy":"product_tag","embeddable":true,"href":"https:\/\/modernteh.md\/ru\/wp-json\/wp\/v2\/product_tag?post=3191"}],"curies":[{"name":"wp","href":"https:\/\/api.w.org\/{rel}","templated":true}]}}